{"id":13877,"date":"2020-12-28T02:14:16","date_gmt":"2020-12-28T00:14:16","guid":{"rendered":"http:\/\/127.0.0.1\/?post_type=product&#038;p=13877"},"modified":"2026-04-02T20:31:53","modified_gmt":"2026-04-02T18:31:53","slug":"conjunto-de-anillo-de-agata-musgo-hexagonal-verona-con-alianza-de-boda-de-hoja","status":"publish","type":"product","link":"https:\/\/aureliusjewelry.com\/es\/conjunto-de-anillo-de-agata-musgo-hexagonal-verona-con-alianza-de-boda-de-hoja\/","title":{"rendered":"Conjunto de Anillo de \u00c1gata Musgo Hexagonal Verona con Alianza de Boda de Hoja"},"content":{"rendered":"<p><strong>Piedra principal<\/strong><\/p>\n<ul>\n<li>\u00e1gata musgo hexagonal<\/li>\n<li>aprox. 7mm<\/li>\n<\/ul>\n<p><strong>Piedras laterales<\/strong><\/p>\n<ul>\n<li>diamantes redondos<\/li>\n<li>aprox. 2mm (2)<\/li>\n<li>Color F\/G, claridad VS, libre de conflictos<\/li>\n<\/ul>\n<p><strong>Medidas y material de la banda<\/strong><\/p>\n<ul>\n<li>1.5mm ancho, 1.6mm grueso<\/li>\n<li>disponible en oro amarillo, blanco o rosa de 585\/1000 (14k) o 750\/1000 (18k) y platino 950\/1000<\/li>\n<li>Tama\u00f1o de anillo de EE. UU. 3-9, tama\u00f1os m\u00e1s peque\u00f1os o m\u00e1s grandes disponibles por solicitud<\/li>\n<\/ul>\n","protected":false},"excerpt":{"rendered":"<p><em>Verde que te quiero\u2026 Verona.<\/em> Este anillo de compromiso de \u00e1gata musgo hexagonal y diamante est\u00e1 combinado con una alianza de boda de hoja inspirada en la naturaleza, que enfatiza el \u00fanico patr\u00f3n musgoso en la piedra principal. Cada \u00e1gata musgo es cortado para nuestros dise\u00f1os, \u00a1y podr\u00e1s elegir uno para tu anillo geom\u00e9trico moderno!<\/p>\n","protected":false},"featured_media":13888,"comment_status":"open","ping_status":"closed","template":"","meta":[],"product_brand":[],"product_cat":[1116,1580,535,518,480,486,1612],"product_tag":[1221,1187,736,735],"class_list":{"0":"post-13877","1":"product","2":"type-product","3":"status-publish","4":"has-post-thumbnail","6":"product_cat-anillo-de-bodas-de-agata-musgosa","7":"product_cat-anillo-de-bodas-de-dos-piezas","8":"product_cat-anillos","9":"product_cat-conjuntos-de-anillos-de-boda","10":"product_cat-emparejado","11":"product_cat-hoja-dorada","12":"product_cat-los-mas-vendidos","13":"product_tag-agata-de-musgo","14":"product_tag-hexagono","15":"product_tag-production_time_3_5-es","16":"product_tag-rings-es-tag","18":"first","19":"onbackorder","20":"sold-individually","21":"taxable","22":"shipping-taxable","23":"purchasable","24":"product-type-variable"},"yoast_head":"<title>Conjunto de Anillo de \u00c1gata Musgo Hexagonal Verona con Alianza de Boda de Hoja - Aurelius Jewelry<\/title>\n<meta name=\"robots\" content=\"index, follow, max-snippet:-1, max-image-preview:large, max-video-preview:-1\" \/>\n<link rel=\"canonical\" href=\"https:\/\/aureliusjewelry.com\/es\/conjunto-de-anillo-de-agata-musgo-hexagonal-verona-con-alianza-de-boda-de-hoja\/\" \/>\n<meta property=\"og:locale\" content=\"es_ES\" \/>\n<meta property=\"og:type\" content=\"article\" \/>\n<meta property=\"og:title\" content=\"Conjunto de Anillo de \u00c1gata Musgo Hexagonal Verona con Alianza de Boda de Hoja - Aurelius Jewelry\" \/>\n<meta property=\"og:description\" content=\"%\" \/>\n<meta property=\"og:url\" content=\"https:\/\/aureliusjewelry.com\/es\/conjunto-de-anillo-de-agata-musgo-hexagonal-verona-con-alianza-de-boda-de-hoja\/\" \/>\n<meta property=\"og:site_name\" content=\"Aurelius Jewelry\" \/>\n<meta property=\"article:publisher\" content=\"https:\/\/www.facebook.com\/AureliusJewelry\/\" \/>\n<meta property=\"article:modified_time\" content=\"2026-04-02T18:31:53+00:00\" \/>\n<meta property=\"og:image\" content=\"https:\/\/aureliusjewelry.com\/wp-content\/uploads\/agata-musgo-hexagonal-hoja-anillo-de-boda-conjunto.jpg\" \/>\n\t<meta property=\"og:image:width\" content=\"1920\" \/>\n\t<meta property=\"og:image:height\" content=\"1440\" \/>\n\t<meta property=\"og:image:type\" content=\"image\/jpeg\" \/>\n<meta name=\"twitter:card\" content=\"summary_large_image\" \/>\n<meta name=\"twitter:site\" content=\"@AureliusJewelry\" \/>\n<script type=\"application\/ld+json\" class=\"yoast-schema-graph\">{\"@context\":\"https:\\\/\\\/schema.org\",\"@graph\":[{\"@type\":\"WebPage\",\"@id\":\"https:\\\/\\\/aureliusjewelry.com\\\/es\\\/conjunto-de-anillo-de-agata-musgo-hexagonal-verona-con-alianza-de-boda-de-hoja\\\/\",\"url\":\"https:\\\/\\\/aureliusjewelry.com\\\/es\\\/conjunto-de-anillo-de-agata-musgo-hexagonal-verona-con-alianza-de-boda-de-hoja\\\/\",\"name\":\"Conjunto de Anillo de \u00c1gata Musgo Hexagonal Verona con Alianza de Boda de Hoja - Aurelius Jewelry\",\"isPartOf\":{\"@id\":\"https:\\\/\\\/aureliusjewelry.com\\\/es\\\/#website\"},\"primaryImageOfPage\":{\"@id\":\"https:\\\/\\\/aureliusjewelry.com\\\/es\\\/conjunto-de-anillo-de-agata-musgo-hexagonal-verona-con-alianza-de-boda-de-hoja\\\/#primaryimage\"},\"image\":{\"@id\":\"https:\\\/\\\/aureliusjewelry.com\\\/es\\\/conjunto-de-anillo-de-agata-musgo-hexagonal-verona-con-alianza-de-boda-de-hoja\\\/#primaryimage\"},\"thumbnailUrl\":\"https:\\\/\\\/aureliusjewelry.com\\\/wp-content\\\/uploads\\\/agata-musgo-hexagonal-hoja-anillo-de-boda-conjunto.jpg\",\"datePublished\":\"2020-12-28T00:14:16+00:00\",\"dateModified\":\"2026-04-02T18:31:53+00:00\",\"breadcrumb\":{\"@id\":\"https:\\\/\\\/aureliusjewelry.com\\\/es\\\/conjunto-de-anillo-de-agata-musgo-hexagonal-verona-con-alianza-de-boda-de-hoja\\\/#breadcrumb\"},\"inLanguage\":\"es\",\"potentialAction\":[{\"@type\":\"ReadAction\",\"target\":[\"https:\\\/\\\/aureliusjewelry.com\\\/es\\\/conjunto-de-anillo-de-agata-musgo-hexagonal-verona-con-alianza-de-boda-de-hoja\\\/\"]}]},{\"@type\":\"ImageObject\",\"inLanguage\":\"es\",\"@id\":\"https:\\\/\\\/aureliusjewelry.com\\\/es\\\/conjunto-de-anillo-de-agata-musgo-hexagonal-verona-con-alianza-de-boda-de-hoja\\\/#primaryimage\",\"url\":\"https:\\\/\\\/aureliusjewelry.com\\\/wp-content\\\/uploads\\\/agata-musgo-hexagonal-hoja-anillo-de-boda-conjunto.jpg\",\"contentUrl\":\"https:\\\/\\\/aureliusjewelry.com\\\/wp-content\\\/uploads\\\/agata-musgo-hexagonal-hoja-anillo-de-boda-conjunto.jpg\",\"width\":1920,\"height\":1440,\"caption\":\"\u00e1gata musgo hexagonal hoja anillo de boda conjunto\"},{\"@type\":\"BreadcrumbList\",\"@id\":\"https:\\\/\\\/aureliusjewelry.com\\\/es\\\/conjunto-de-anillo-de-agata-musgo-hexagonal-verona-con-alianza-de-boda-de-hoja\\\/#breadcrumb\",\"itemListElement\":[{\"@type\":\"ListItem\",\"position\":1,\"name\":\"Home\",\"item\":\"https:\\\/\\\/aureliusjewelry.com\\\/es\\\/\"},{\"@type\":\"ListItem\",\"position\":2,\"name\":\"Shop\",\"item\":\"https:\\\/\\\/aureliusjewelry.com\\\/shop\\\/\"},{\"@type\":\"ListItem\",\"position\":3,\"name\":\"Conjunto de Anillo de \u00c1gata Musgo Hexagonal Verona con Alianza de Boda de Hoja\"}]},{\"@type\":\"WebSite\",\"@id\":\"https:\\\/\\\/aureliusjewelry.com\\\/es\\\/#website\",\"url\":\"https:\\\/\\\/aureliusjewelry.com\\\/es\\\/\",\"name\":\"Aurelius Jewelry\",\"description\":\"Handmade Fine Gold Jewelry\",\"publisher\":{\"@id\":\"https:\\\/\\\/aureliusjewelry.com\\\/es\\\/#organization\"},\"potentialAction\":[{\"@type\":\"SearchAction\",\"target\":{\"@type\":\"EntryPoint\",\"urlTemplate\":\"https:\\\/\\\/aureliusjewelry.com\\\/es\\\/?s={search_term_string}\"},\"query-input\":{\"@type\":\"PropertyValueSpecification\",\"valueRequired\":true,\"valueName\":\"search_term_string\"}}],\"inLanguage\":\"es\"},{\"@type\":\"Organization\",\"@id\":\"https:\\\/\\\/aureliusjewelry.com\\\/es\\\/#organization\",\"name\":\"Aurelius Jewelry\",\"url\":\"https:\\\/\\\/aureliusjewelry.com\\\/es\\\/\",\"logo\":{\"@type\":\"ImageObject\",\"inLanguage\":\"es\",\"@id\":\"https:\\\/\\\/aureliusjewelry.com\\\/es\\\/#\\\/schema\\\/logo\\\/image\\\/\",\"url\":\"https:\\\/\\\/aureliusjewelry.com\\\/wp-content\\\/uploads\\\/logo.png\",\"contentUrl\":\"https:\\\/\\\/aureliusjewelry.com\\\/wp-content\\\/uploads\\\/logo.png\",\"width\":400,\"height\":64,\"caption\":\"Aurelius Jewelry\"},\"image\":{\"@id\":\"https:\\\/\\\/aureliusjewelry.com\\\/es\\\/#\\\/schema\\\/logo\\\/image\\\/\"},\"sameAs\":[\"https:\\\/\\\/www.facebook.com\\\/AureliusJewelry\\\/\",\"https:\\\/\\\/x.com\\\/AureliusJewelry\",\"https:\\\/\\\/instagram.com\\\/aureliusjewelry\",\"https:\\\/\\\/www.pinterest.com\\\/AureliusJewelry\\\/\"],\"email\":\"info@aureliusjewelry.com\",\"foundingDate\":\"2018-10-01\",\"vatID\":\"SI10391070\",\"hasMerchantReturnPolicy\":{\"@type\":\"MerchantReturnPolicy\",\"merchantReturnLink\":\"https:\\\/\\\/aureliusjewelry.com\\\/our-policies\\\/terms-conditions\\\/\"}}]}<\/script>\n<meta property=\"og:availability\" content=\"backorder\" \/>\n<meta property=\"product:availability\" content=\"available for order\" \/>\n<meta property=\"product:retailer_item_id\" content=\"13861\" \/>\n<meta property=\"product:condition\" content=\"new\" \/>","yoast_head_json":{"title":"Conjunto de Anillo de \u00c1gata Musgo Hexagonal Verona con Alianza de Boda de Hoja - Aurelius Jewelry","robots":{"index":"index","follow":"follow","max-snippet":"max-snippet:-1","max-image-preview":"max-image-preview:large","max-video-preview":"max-video-preview:-1"},"canonical":"https:\/\/aureliusjewelry.com\/es\/conjunto-de-anillo-de-agata-musgo-hexagonal-verona-con-alianza-de-boda-de-hoja\/","og_locale":"es_ES","og_type":"article","og_title":"Conjunto de Anillo de \u00c1gata Musgo Hexagonal Verona con Alianza de Boda de Hoja - Aurelius Jewelry","og_description":"%","og_url":"https:\/\/aureliusjewelry.com\/es\/conjunto-de-anillo-de-agata-musgo-hexagonal-verona-con-alianza-de-boda-de-hoja\/","og_site_name":"Aurelius Jewelry","article_publisher":"https:\/\/www.facebook.com\/AureliusJewelry\/","article_modified_time":"2026-04-02T18:31:53+00:00","og_image":[{"width":1920,"height":1440,"url":"https:\/\/aureliusjewelry.com\/wp-content\/uploads\/agata-musgo-hexagonal-hoja-anillo-de-boda-conjunto.jpg","type":"image\/jpeg"}],"twitter_card":"summary_large_image","twitter_site":"@AureliusJewelry","schema":{"@context":"https:\/\/schema.org","@graph":[{"@type":"WebPage","@id":"https:\/\/aureliusjewelry.com\/es\/conjunto-de-anillo-de-agata-musgo-hexagonal-verona-con-alianza-de-boda-de-hoja\/","url":"https:\/\/aureliusjewelry.com\/es\/conjunto-de-anillo-de-agata-musgo-hexagonal-verona-con-alianza-de-boda-de-hoja\/","name":"Conjunto de Anillo de \u00c1gata Musgo Hexagonal Verona con Alianza de Boda de Hoja - Aurelius Jewelry","isPartOf":{"@id":"https:\/\/aureliusjewelry.com\/es\/#website"},"primaryImageOfPage":{"@id":"https:\/\/aureliusjewelry.com\/es\/conjunto-de-anillo-de-agata-musgo-hexagonal-verona-con-alianza-de-boda-de-hoja\/#primaryimage"},"image":{"@id":"https:\/\/aureliusjewelry.com\/es\/conjunto-de-anillo-de-agata-musgo-hexagonal-verona-con-alianza-de-boda-de-hoja\/#primaryimage"},"thumbnailUrl":"https:\/\/aureliusjewelry.com\/wp-content\/uploads\/agata-musgo-hexagonal-hoja-anillo-de-boda-conjunto.jpg","datePublished":"2020-12-28T00:14:16+00:00","dateModified":"2026-04-02T18:31:53+00:00","breadcrumb":{"@id":"https:\/\/aureliusjewelry.com\/es\/conjunto-de-anillo-de-agata-musgo-hexagonal-verona-con-alianza-de-boda-de-hoja\/#breadcrumb"},"inLanguage":"es","potentialAction":[{"@type":"ReadAction","target":["https:\/\/aureliusjewelry.com\/es\/conjunto-de-anillo-de-agata-musgo-hexagonal-verona-con-alianza-de-boda-de-hoja\/"]}]},{"@type":"ImageObject","inLanguage":"es","@id":"https:\/\/aureliusjewelry.com\/es\/conjunto-de-anillo-de-agata-musgo-hexagonal-verona-con-alianza-de-boda-de-hoja\/#primaryimage","url":"https:\/\/aureliusjewelry.com\/wp-content\/uploads\/agata-musgo-hexagonal-hoja-anillo-de-boda-conjunto.jpg","contentUrl":"https:\/\/aureliusjewelry.com\/wp-content\/uploads\/agata-musgo-hexagonal-hoja-anillo-de-boda-conjunto.jpg","width":1920,"height":1440,"caption":"\u00e1gata musgo hexagonal hoja anillo de boda conjunto"},{"@type":"BreadcrumbList","@id":"https:\/\/aureliusjewelry.com\/es\/conjunto-de-anillo-de-agata-musgo-hexagonal-verona-con-alianza-de-boda-de-hoja\/#breadcrumb","itemListElement":[{"@type":"ListItem","position":1,"name":"Home","item":"https:\/\/aureliusjewelry.com\/es\/"},{"@type":"ListItem","position":2,"name":"Shop","item":"https:\/\/aureliusjewelry.com\/shop\/"},{"@type":"ListItem","position":3,"name":"Conjunto de Anillo de \u00c1gata Musgo Hexagonal Verona con Alianza de Boda de Hoja"}]},{"@type":"WebSite","@id":"https:\/\/aureliusjewelry.com\/es\/#website","url":"https:\/\/aureliusjewelry.com\/es\/","name":"Aurelius Jewelry","description":"Handmade Fine Gold Jewelry","publisher":{"@id":"https:\/\/aureliusjewelry.com\/es\/#organization"},"potentialAction":[{"@type":"SearchAction","target":{"@type":"EntryPoint","urlTemplate":"https:\/\/aureliusjewelry.com\/es\/?s={search_term_string}"},"query-input":{"@type":"PropertyValueSpecification","valueRequired":true,"valueName":"search_term_string"}}],"inLanguage":"es"},{"@type":"Organization","@id":"https:\/\/aureliusjewelry.com\/es\/#organization","name":"Aurelius Jewelry","url":"https:\/\/aureliusjewelry.com\/es\/","logo":{"@type":"ImageObject","inLanguage":"es","@id":"https:\/\/aureliusjewelry.com\/es\/#\/schema\/logo\/image\/","url":"https:\/\/aureliusjewelry.com\/wp-content\/uploads\/logo.png","contentUrl":"https:\/\/aureliusjewelry.com\/wp-content\/uploads\/logo.png","width":400,"height":64,"caption":"Aurelius Jewelry"},"image":{"@id":"https:\/\/aureliusjewelry.com\/es\/#\/schema\/logo\/image\/"},"sameAs":["https:\/\/www.facebook.com\/AureliusJewelry\/","https:\/\/x.com\/AureliusJewelry","https:\/\/instagram.com\/aureliusjewelry","https:\/\/www.pinterest.com\/AureliusJewelry\/"],"email":"info@aureliusjewelry.com","foundingDate":"2018-10-01","vatID":"SI10391070","hasMerchantReturnPolicy":{"@type":"MerchantReturnPolicy","merchantReturnLink":"https:\/\/aureliusjewelry.com\/our-policies\/terms-conditions\/"}}]},"og_availability":"backorder","product_availability":"available for order","product_retailer_item_id":"13861","product_condition":"new"},"_links":{"self":[{"href":"https:\/\/aureliusjewelry.com\/es\/wp-json\/wp\/v2\/product\/13877","targetHints":{"allow":["GET"]}}],"collection":[{"href":"https:\/\/aureliusjewelry.com\/es\/wp-json\/wp\/v2\/product"}],"about":[{"href":"https:\/\/aureliusjewelry.com\/es\/wp-json\/wp\/v2\/types\/product"}],"replies":[{"embeddable":true,"href":"https:\/\/aureliusjewelry.com\/es\/wp-json\/wp\/v2\/comments?post=13877"}],"wp:featuredmedia":[{"embeddable":true,"href":"https:\/\/aureliusjewelry.com\/es\/wp-json\/wp\/v2\/media\/13888"}],"wp:attachment":[{"href":"https:\/\/aureliusjewelry.com\/es\/wp-json\/wp\/v2\/media?parent=13877"}],"wp:term":[{"taxonomy":"product_brand","embeddable":true,"href":"https:\/\/aureliusjewelry.com\/es\/wp-json\/wp\/v2\/product_brand?post=13877"},{"taxonomy":"product_cat","embeddable":true,"href":"https:\/\/aureliusjewelry.com\/es\/wp-json\/wp\/v2\/product_cat?post=13877"},{"taxonomy":"product_tag","embeddable":true,"href":"https:\/\/aureliusjewelry.com\/es\/wp-json\/wp\/v2\/product_tag?post=13877"}],"curies":[{"name":"wp","href":"https:\/\/api.w.org\/{rel}","templated":true}]}}