{"id":13707,"date":"2020-12-28T00:23:01","date_gmt":"2020-12-27T22:23:01","guid":{"rendered":"http:\/\/127.0.0.1\/?post_type=product&#038;p=13707"},"modified":"2026-04-02T20:32:12","modified_gmt":"2026-04-02T18:32:12","slug":"conjunto-de-anillo-de-agata-musgo-romboidal-con-alianza-de-boda-de-diamante-marquesa-en-forma-de-v","status":"publish","type":"product","link":"https:\/\/aureliusjewelry.com\/es\/conjunto-de-anillo-de-agata-musgo-romboidal-con-alianza-de-boda-de-diamante-marquesa-en-forma-de-v\/","title":{"rendered":"Conjunto de Anillo de \u00c1gata Musgo Romboidal con Alianza de Boda de Diamante Marquesa en forma de V"},"content":{"rendered":"<p><strong>Anillo de compromiso<\/strong><\/p>\n<ul>\n<li>\u00e1gata de musgo en forma de rombo\/cometa<\/li>\n<li>aprox. 10x7mm<\/li>\n<\/ul>\n<p><strong>Alianza de boda<\/strong><\/p>\n<ul>\n<li>diamantes marquesa y redondos<\/li>\n<li>aprox. 3&#215;1.5mm (2), 1.25mm, 1mm (2)<\/li>\n<li>Color F\/G, claridad VS, libre de conflictos<\/li>\n<\/ul>\n<p><strong>Medidas y material de la banda<\/strong><\/p>\n<ul>\n<li>1.5mm ancho, 1.6mm grueso<\/li>\n<li>disponible en oro amarillo, blanco o rosa de 585\/1000 (14k) o 750\/1000 (18k) y platino 950\/1000<\/li>\n<li>Tama\u00f1o de anillo de EE. UU. 3-9, tama\u00f1os m\u00e1s peque\u00f1os o m\u00e1s grandes disponibles por solicitud<\/li>\n<\/ul>\n","protected":false},"excerpt":{"rendered":"<p>Un moderno anillo geom\u00e9trico de \u00e1gata musgo romboidal o con forma de cometa solitario combinado con una alianza de boda de diamante Marquesa en forma de V. Se cree que las \u00e1gatas musgo son piedras de abundancia que tienen propiedades curativas. La piedra principal est\u00e1 fijada en nuestro \u00fanico asim\u00e9trico engastado de garra. Cada piedra \u00e1gata musgo es cortada a la medida para nuestros dise\u00f1os y debido a que son \u00fanicas en su clase, \u00a1podr\u00e1s elegir una para tu conjunto de anillos!<\/p>\n","protected":false},"featured_media":13718,"comment_status":"open","ping_status":"closed","template":"","meta":[],"product_brand":[],"product_cat":[1116,1580,535,518,480],"product_tag":[1221,1201,736,735],"class_list":{"0":"post-13707","1":"product","2":"type-product","3":"status-publish","4":"has-post-thumbnail","6":"product_cat-anillo-de-bodas-de-agata-musgosa","7":"product_cat-anillo-de-bodas-de-dos-piezas","8":"product_cat-anillos","9":"product_cat-conjuntos-de-anillos-de-boda","10":"product_cat-emparejado","11":"product_tag-agata-de-musgo","12":"product_tag-pastilla","13":"product_tag-production_time_3_5-es","14":"product_tag-rings-es-tag","16":"first","17":"onbackorder","18":"sold-individually","19":"taxable","20":"shipping-taxable","21":"purchasable","22":"product-type-variable"},"yoast_head":"<title>Conjunto de Anillo de \u00c1gata Musgo Romboidal con Alianza de Boda de Diamante Marquesa en forma de V - Aurelius Jewelry<\/title>\n<meta name=\"robots\" content=\"index, follow, max-snippet:-1, max-image-preview:large, max-video-preview:-1\" \/>\n<link rel=\"canonical\" href=\"https:\/\/aureliusjewelry.com\/es\/conjunto-de-anillo-de-agata-musgo-romboidal-con-alianza-de-boda-de-diamante-marquesa-en-forma-de-v\/\" \/>\n<meta property=\"og:locale\" content=\"es_ES\" \/>\n<meta property=\"og:type\" content=\"article\" \/>\n<meta property=\"og:title\" content=\"Conjunto de Anillo de \u00c1gata Musgo Romboidal con Alianza de Boda de Diamante Marquesa en forma de V - Aurelius Jewelry\" \/>\n<meta property=\"og:description\" content=\"%\" \/>\n<meta property=\"og:url\" content=\"https:\/\/aureliusjewelry.com\/es\/conjunto-de-anillo-de-agata-musgo-romboidal-con-alianza-de-boda-de-diamante-marquesa-en-forma-de-v\/\" \/>\n<meta property=\"og:site_name\" content=\"Aurelius Jewelry\" \/>\n<meta property=\"article:publisher\" content=\"https:\/\/www.facebook.com\/AureliusJewelry\/\" \/>\n<meta property=\"article:modified_time\" content=\"2026-04-02T18:32:12+00:00\" \/>\n<meta property=\"og:image\" content=\"https:\/\/aureliusjewelry.com\/wp-content\/uploads\/cometa-agata-musgo-diamante-cheuron-conjunto-de-anillos.jpg\" \/>\n\t<meta property=\"og:image:width\" content=\"1920\" \/>\n\t<meta property=\"og:image:height\" content=\"1440\" \/>\n\t<meta property=\"og:image:type\" content=\"image\/jpeg\" \/>\n<meta name=\"twitter:card\" content=\"summary_large_image\" \/>\n<meta name=\"twitter:site\" content=\"@AureliusJewelry\" \/>\n<script type=\"application\/ld+json\" class=\"yoast-schema-graph\">{\"@context\":\"https:\\\/\\\/schema.org\",\"@graph\":[{\"@type\":\"WebPage\",\"@id\":\"https:\\\/\\\/aureliusjewelry.com\\\/es\\\/conjunto-de-anillo-de-agata-musgo-romboidal-con-alianza-de-boda-de-diamante-marquesa-en-forma-de-v\\\/\",\"url\":\"https:\\\/\\\/aureliusjewelry.com\\\/es\\\/conjunto-de-anillo-de-agata-musgo-romboidal-con-alianza-de-boda-de-diamante-marquesa-en-forma-de-v\\\/\",\"name\":\"Conjunto de Anillo de \u00c1gata Musgo Romboidal con Alianza de Boda de Diamante Marquesa en forma de V - Aurelius Jewelry\",\"isPartOf\":{\"@id\":\"https:\\\/\\\/aureliusjewelry.com\\\/es\\\/#website\"},\"primaryImageOfPage\":{\"@id\":\"https:\\\/\\\/aureliusjewelry.com\\\/es\\\/conjunto-de-anillo-de-agata-musgo-romboidal-con-alianza-de-boda-de-diamante-marquesa-en-forma-de-v\\\/#primaryimage\"},\"image\":{\"@id\":\"https:\\\/\\\/aureliusjewelry.com\\\/es\\\/conjunto-de-anillo-de-agata-musgo-romboidal-con-alianza-de-boda-de-diamante-marquesa-en-forma-de-v\\\/#primaryimage\"},\"thumbnailUrl\":\"https:\\\/\\\/aureliusjewelry.com\\\/wp-content\\\/uploads\\\/cometa-agata-musgo-diamante-cheuron-conjunto-de-anillos.jpg\",\"datePublished\":\"2020-12-27T22:23:01+00:00\",\"dateModified\":\"2026-04-02T18:32:12+00:00\",\"breadcrumb\":{\"@id\":\"https:\\\/\\\/aureliusjewelry.com\\\/es\\\/conjunto-de-anillo-de-agata-musgo-romboidal-con-alianza-de-boda-de-diamante-marquesa-en-forma-de-v\\\/#breadcrumb\"},\"inLanguage\":\"es\",\"potentialAction\":[{\"@type\":\"ReadAction\",\"target\":[\"https:\\\/\\\/aureliusjewelry.com\\\/es\\\/conjunto-de-anillo-de-agata-musgo-romboidal-con-alianza-de-boda-de-diamante-marquesa-en-forma-de-v\\\/\"]}]},{\"@type\":\"ImageObject\",\"inLanguage\":\"es\",\"@id\":\"https:\\\/\\\/aureliusjewelry.com\\\/es\\\/conjunto-de-anillo-de-agata-musgo-romboidal-con-alianza-de-boda-de-diamante-marquesa-en-forma-de-v\\\/#primaryimage\",\"url\":\"https:\\\/\\\/aureliusjewelry.com\\\/wp-content\\\/uploads\\\/cometa-agata-musgo-diamante-cheuron-conjunto-de-anillos.jpg\",\"contentUrl\":\"https:\\\/\\\/aureliusjewelry.com\\\/wp-content\\\/uploads\\\/cometa-agata-musgo-diamante-cheuron-conjunto-de-anillos.jpg\",\"width\":1920,\"height\":1440,\"caption\":\"cometa \u00e1gata musgo diamante cheur\u00f3n conjunto de anillos\"},{\"@type\":\"BreadcrumbList\",\"@id\":\"https:\\\/\\\/aureliusjewelry.com\\\/es\\\/conjunto-de-anillo-de-agata-musgo-romboidal-con-alianza-de-boda-de-diamante-marquesa-en-forma-de-v\\\/#breadcrumb\",\"itemListElement\":[{\"@type\":\"ListItem\",\"position\":1,\"name\":\"Home\",\"item\":\"https:\\\/\\\/aureliusjewelry.com\\\/es\\\/\"},{\"@type\":\"ListItem\",\"position\":2,\"name\":\"Shop\",\"item\":\"https:\\\/\\\/aureliusjewelry.com\\\/shop\\\/\"},{\"@type\":\"ListItem\",\"position\":3,\"name\":\"Conjunto de Anillo de \u00c1gata Musgo Romboidal con Alianza de Boda de Diamante Marquesa en forma de V\"}]},{\"@type\":\"WebSite\",\"@id\":\"https:\\\/\\\/aureliusjewelry.com\\\/es\\\/#website\",\"url\":\"https:\\\/\\\/aureliusjewelry.com\\\/es\\\/\",\"name\":\"Aurelius Jewelry\",\"description\":\"Handmade Fine Gold Jewelry\",\"publisher\":{\"@id\":\"https:\\\/\\\/aureliusjewelry.com\\\/es\\\/#organization\"},\"potentialAction\":[{\"@type\":\"SearchAction\",\"target\":{\"@type\":\"EntryPoint\",\"urlTemplate\":\"https:\\\/\\\/aureliusjewelry.com\\\/es\\\/?s={search_term_string}\"},\"query-input\":{\"@type\":\"PropertyValueSpecification\",\"valueRequired\":true,\"valueName\":\"search_term_string\"}}],\"inLanguage\":\"es\"},{\"@type\":\"Organization\",\"@id\":\"https:\\\/\\\/aureliusjewelry.com\\\/es\\\/#organization\",\"name\":\"Aurelius Jewelry\",\"url\":\"https:\\\/\\\/aureliusjewelry.com\\\/es\\\/\",\"logo\":{\"@type\":\"ImageObject\",\"inLanguage\":\"es\",\"@id\":\"https:\\\/\\\/aureliusjewelry.com\\\/es\\\/#\\\/schema\\\/logo\\\/image\\\/\",\"url\":\"https:\\\/\\\/aureliusjewelry.com\\\/wp-content\\\/uploads\\\/logo.png\",\"contentUrl\":\"https:\\\/\\\/aureliusjewelry.com\\\/wp-content\\\/uploads\\\/logo.png\",\"width\":400,\"height\":64,\"caption\":\"Aurelius Jewelry\"},\"image\":{\"@id\":\"https:\\\/\\\/aureliusjewelry.com\\\/es\\\/#\\\/schema\\\/logo\\\/image\\\/\"},\"sameAs\":[\"https:\\\/\\\/www.facebook.com\\\/AureliusJewelry\\\/\",\"https:\\\/\\\/x.com\\\/AureliusJewelry\",\"https:\\\/\\\/instagram.com\\\/aureliusjewelry\",\"https:\\\/\\\/www.pinterest.com\\\/AureliusJewelry\\\/\"],\"email\":\"info@aureliusjewelry.com\",\"foundingDate\":\"2018-10-01\",\"vatID\":\"SI10391070\",\"hasMerchantReturnPolicy\":{\"@type\":\"MerchantReturnPolicy\",\"merchantReturnLink\":\"https:\\\/\\\/aureliusjewelry.com\\\/our-policies\\\/terms-conditions\\\/\"}}]}<\/script>\n<meta property=\"og:availability\" content=\"backorder\" \/>\n<meta property=\"product:availability\" content=\"available for order\" \/>\n<meta property=\"product:retailer_item_id\" content=\"13691\" \/>\n<meta property=\"product:condition\" content=\"new\" \/>","yoast_head_json":{"title":"Conjunto de Anillo de \u00c1gata Musgo Romboidal con Alianza de Boda de Diamante Marquesa en forma de V - Aurelius Jewelry","robots":{"index":"index","follow":"follow","max-snippet":"max-snippet:-1","max-image-preview":"max-image-preview:large","max-video-preview":"max-video-preview:-1"},"canonical":"https:\/\/aureliusjewelry.com\/es\/conjunto-de-anillo-de-agata-musgo-romboidal-con-alianza-de-boda-de-diamante-marquesa-en-forma-de-v\/","og_locale":"es_ES","og_type":"article","og_title":"Conjunto de Anillo de \u00c1gata Musgo Romboidal con Alianza de Boda de Diamante Marquesa en forma de V - Aurelius Jewelry","og_description":"%","og_url":"https:\/\/aureliusjewelry.com\/es\/conjunto-de-anillo-de-agata-musgo-romboidal-con-alianza-de-boda-de-diamante-marquesa-en-forma-de-v\/","og_site_name":"Aurelius Jewelry","article_publisher":"https:\/\/www.facebook.com\/AureliusJewelry\/","article_modified_time":"2026-04-02T18:32:12+00:00","og_image":[{"width":1920,"height":1440,"url":"https:\/\/aureliusjewelry.com\/wp-content\/uploads\/cometa-agata-musgo-diamante-cheuron-conjunto-de-anillos.jpg","type":"image\/jpeg"}],"twitter_card":"summary_large_image","twitter_site":"@AureliusJewelry","schema":{"@context":"https:\/\/schema.org","@graph":[{"@type":"WebPage","@id":"https:\/\/aureliusjewelry.com\/es\/conjunto-de-anillo-de-agata-musgo-romboidal-con-alianza-de-boda-de-diamante-marquesa-en-forma-de-v\/","url":"https:\/\/aureliusjewelry.com\/es\/conjunto-de-anillo-de-agata-musgo-romboidal-con-alianza-de-boda-de-diamante-marquesa-en-forma-de-v\/","name":"Conjunto de Anillo de \u00c1gata Musgo Romboidal con Alianza de Boda de Diamante Marquesa en forma de V - Aurelius Jewelry","isPartOf":{"@id":"https:\/\/aureliusjewelry.com\/es\/#website"},"primaryImageOfPage":{"@id":"https:\/\/aureliusjewelry.com\/es\/conjunto-de-anillo-de-agata-musgo-romboidal-con-alianza-de-boda-de-diamante-marquesa-en-forma-de-v\/#primaryimage"},"image":{"@id":"https:\/\/aureliusjewelry.com\/es\/conjunto-de-anillo-de-agata-musgo-romboidal-con-alianza-de-boda-de-diamante-marquesa-en-forma-de-v\/#primaryimage"},"thumbnailUrl":"https:\/\/aureliusjewelry.com\/wp-content\/uploads\/cometa-agata-musgo-diamante-cheuron-conjunto-de-anillos.jpg","datePublished":"2020-12-27T22:23:01+00:00","dateModified":"2026-04-02T18:32:12+00:00","breadcrumb":{"@id":"https:\/\/aureliusjewelry.com\/es\/conjunto-de-anillo-de-agata-musgo-romboidal-con-alianza-de-boda-de-diamante-marquesa-en-forma-de-v\/#breadcrumb"},"inLanguage":"es","potentialAction":[{"@type":"ReadAction","target":["https:\/\/aureliusjewelry.com\/es\/conjunto-de-anillo-de-agata-musgo-romboidal-con-alianza-de-boda-de-diamante-marquesa-en-forma-de-v\/"]}]},{"@type":"ImageObject","inLanguage":"es","@id":"https:\/\/aureliusjewelry.com\/es\/conjunto-de-anillo-de-agata-musgo-romboidal-con-alianza-de-boda-de-diamante-marquesa-en-forma-de-v\/#primaryimage","url":"https:\/\/aureliusjewelry.com\/wp-content\/uploads\/cometa-agata-musgo-diamante-cheuron-conjunto-de-anillos.jpg","contentUrl":"https:\/\/aureliusjewelry.com\/wp-content\/uploads\/cometa-agata-musgo-diamante-cheuron-conjunto-de-anillos.jpg","width":1920,"height":1440,"caption":"cometa \u00e1gata musgo diamante cheur\u00f3n conjunto de anillos"},{"@type":"BreadcrumbList","@id":"https:\/\/aureliusjewelry.com\/es\/conjunto-de-anillo-de-agata-musgo-romboidal-con-alianza-de-boda-de-diamante-marquesa-en-forma-de-v\/#breadcrumb","itemListElement":[{"@type":"ListItem","position":1,"name":"Home","item":"https:\/\/aureliusjewelry.com\/es\/"},{"@type":"ListItem","position":2,"name":"Shop","item":"https:\/\/aureliusjewelry.com\/shop\/"},{"@type":"ListItem","position":3,"name":"Conjunto de Anillo de \u00c1gata Musgo Romboidal con Alianza de Boda de Diamante Marquesa en forma de V"}]},{"@type":"WebSite","@id":"https:\/\/aureliusjewelry.com\/es\/#website","url":"https:\/\/aureliusjewelry.com\/es\/","name":"Aurelius Jewelry","description":"Handmade Fine Gold Jewelry","publisher":{"@id":"https:\/\/aureliusjewelry.com\/es\/#organization"},"potentialAction":[{"@type":"SearchAction","target":{"@type":"EntryPoint","urlTemplate":"https:\/\/aureliusjewelry.com\/es\/?s={search_term_string}"},"query-input":{"@type":"PropertyValueSpecification","valueRequired":true,"valueName":"search_term_string"}}],"inLanguage":"es"},{"@type":"Organization","@id":"https:\/\/aureliusjewelry.com\/es\/#organization","name":"Aurelius Jewelry","url":"https:\/\/aureliusjewelry.com\/es\/","logo":{"@type":"ImageObject","inLanguage":"es","@id":"https:\/\/aureliusjewelry.com\/es\/#\/schema\/logo\/image\/","url":"https:\/\/aureliusjewelry.com\/wp-content\/uploads\/logo.png","contentUrl":"https:\/\/aureliusjewelry.com\/wp-content\/uploads\/logo.png","width":400,"height":64,"caption":"Aurelius Jewelry"},"image":{"@id":"https:\/\/aureliusjewelry.com\/es\/#\/schema\/logo\/image\/"},"sameAs":["https:\/\/www.facebook.com\/AureliusJewelry\/","https:\/\/x.com\/AureliusJewelry","https:\/\/instagram.com\/aureliusjewelry","https:\/\/www.pinterest.com\/AureliusJewelry\/"],"email":"info@aureliusjewelry.com","foundingDate":"2018-10-01","vatID":"SI10391070","hasMerchantReturnPolicy":{"@type":"MerchantReturnPolicy","merchantReturnLink":"https:\/\/aureliusjewelry.com\/our-policies\/terms-conditions\/"}}]},"og_availability":"backorder","product_availability":"available for order","product_retailer_item_id":"13691","product_condition":"new"},"_links":{"self":[{"href":"https:\/\/aureliusjewelry.com\/es\/wp-json\/wp\/v2\/product\/13707","targetHints":{"allow":["GET"]}}],"collection":[{"href":"https:\/\/aureliusjewelry.com\/es\/wp-json\/wp\/v2\/product"}],"about":[{"href":"https:\/\/aureliusjewelry.com\/es\/wp-json\/wp\/v2\/types\/product"}],"replies":[{"embeddable":true,"href":"https:\/\/aureliusjewelry.com\/es\/wp-json\/wp\/v2\/comments?post=13707"}],"wp:featuredmedia":[{"embeddable":true,"href":"https:\/\/aureliusjewelry.com\/es\/wp-json\/wp\/v2\/media\/13718"}],"wp:attachment":[{"href":"https:\/\/aureliusjewelry.com\/es\/wp-json\/wp\/v2\/media?parent=13707"}],"wp:term":[{"taxonomy":"product_brand","embeddable":true,"href":"https:\/\/aureliusjewelry.com\/es\/wp-json\/wp\/v2\/product_brand?post=13707"},{"taxonomy":"product_cat","embeddable":true,"href":"https:\/\/aureliusjewelry.com\/es\/wp-json\/wp\/v2\/product_cat?post=13707"},{"taxonomy":"product_tag","embeddable":true,"href":"https:\/\/aureliusjewelry.com\/es\/wp-json\/wp\/v2\/product_tag?post=13707"}],"curies":[{"name":"wp","href":"https:\/\/api.w.org\/{rel}","templated":true}]}}