{"id":12458,"date":"2020-12-22T00:15:37","date_gmt":"2020-12-21T22:15:37","guid":{"rendered":"http:\/\/127.0.0.1\/?post_type=product&#038;p=12458"},"modified":"2026-03-24T13:07:36","modified_gmt":"2026-03-24T11:07:36","slug":"anillo-de-compromiso-de-agata-musgo-pera-y-zafiro-marquesa","status":"publish","type":"product","link":"https:\/\/aureliusjewelry.com\/es\/anillo-de-compromiso-de-agata-musgo-pera-y-zafiro-marquesa\/","title":{"rendered":"Anillo de Compromiso de \u00c1gata Musgo en Forma de Pera en Estilo Floral"},"content":{"rendered":"<div class=\"wpb-content-wrapper\"><p>[vc_row][vc_column][vc_column_text css=\u00bb\u00bb]<strong>Piedra Principal<\/strong><br \/>\n&#8211; \u00c1gata Musgo talla pera<br \/>\n&#8211; approx. 7x5mm<\/p>\n<p><strong>Piedras Laterales<\/strong><br \/>\n&#8211; moissanita talla marquesa<br \/>\n&#8211; approx. 4x2mm (2)<\/p>\n<p><strong>Mediciones y Material de la Alianza<\/strong><br \/>\n&#8211; 1.5 mm de ancho, 1.6 mm de espesor<br \/>\n&#8211; disponible en oro amarillo, blanco o rosa de 585\/1000 (14k) o 750\/1000 (18k) y platino 950\/1000<br \/>\n&#8211; tama\u00f1o de anillo de EE. UU. 3-9, tama\u00f1os m\u00e1s peque\u00f1os o m\u00e1s grandes disponibles por solicitud[\/vc_column_text][\/vc_column][\/vc_row]<\/p>\n<\/div>","protected":false},"excerpt":{"rendered":"<p>Un delicado y femenino anillo floral con un \u00e1gata musgo pera y moissanitas de talla marquesa como Piedras laterales, formando los p\u00e9talos. Esta puede ser un gran anillo de compromiso alternativo para una futura novia que ama la naturaleza. Est\u00e1 tambi\u00e9n disponible como un set con un anillo de matrimonio de peridoto pera y diamante. \u00a1Cada piedra de \u00e1gata musgo es \u00fanica en su clase y podr\u00e1s elegir una para tu anillo!<\/p>\n","protected":false},"featured_media":12483,"comment_status":"open","ping_status":"closed","template":"","meta":[],"product_brand":[],"product_cat":[1541,1583,1569,535,489,504,1566,486,474],"product_tag":[1221,1248,1236,736,735],"class_list":{"0":"post-12458","1":"product","2":"type-product","3":"status-publish","4":"has-post-thumbnail","6":"product_cat-anillo-de-compromiso-con-bisel","7":"product_cat-anillo-de-compromiso-de-tres-piedras","8":"product_cat-anillo-de-compromiso-en-forma-de-pera","9":"product_cat-anillos","10":"product_cat-anillos-de-compromiso","11":"product_cat-anillos-de-compromiso-de-agata-musgosa","12":"product_cat-anillos-de-compromiso-inspirados-en-la-naturaleza","13":"product_cat-hoja-dorada","14":"product_cat-singularidad","15":"product_tag-agata-de-musgo","16":"product_tag-anillo","17":"product_tag-pera","18":"product_tag-production_time_3_5-es","19":"product_tag-rings-es-tag","21":"first","22":"onbackorder","23":"sold-individually","24":"taxable","25":"shipping-taxable","26":"purchasable","27":"product-type-variable"},"yoast_head":"<title>Anillo de Compromiso de \u00c1gata Musgo en Forma de Pera en Estilo Floral - Aurelius Jewelry<\/title>\n<meta name=\"robots\" content=\"index, follow, max-snippet:-1, max-image-preview:large, max-video-preview:-1\" \/>\n<link rel=\"canonical\" href=\"https:\/\/aureliusjewelry.com\/es\/anillo-de-compromiso-de-agata-musgo-pera-y-zafiro-marquesa\/\" \/>\n<meta property=\"og:locale\" content=\"es_ES\" \/>\n<meta property=\"og:type\" content=\"article\" \/>\n<meta property=\"og:title\" content=\"Anillo de Compromiso de \u00c1gata Musgo en Forma de Pera en Estilo Floral - Aurelius Jewelry\" \/>\n<meta property=\"og:description\" content=\"%\" \/>\n<meta property=\"og:url\" content=\"https:\/\/aureliusjewelry.com\/es\/anillo-de-compromiso-de-agata-musgo-pera-y-zafiro-marquesa\/\" \/>\n<meta property=\"og:site_name\" content=\"Aurelius Jewelry\" \/>\n<meta property=\"article:publisher\" content=\"https:\/\/www.facebook.com\/AureliusJewelry\/\" \/>\n<meta property=\"article:modified_time\" content=\"2026-03-24T11:07:36+00:00\" \/>\n<meta property=\"og:image\" content=\"https:\/\/aureliusjewelry.com\/wp-content\/uploads\/de-pera-agata-musgo-anillo-de-compromiso.jpg\" \/>\n\t<meta property=\"og:image:width\" content=\"1920\" \/>\n\t<meta property=\"og:image:height\" content=\"1440\" \/>\n\t<meta property=\"og:image:type\" content=\"image\/jpeg\" \/>\n<meta name=\"twitter:card\" content=\"summary_large_image\" \/>\n<meta name=\"twitter:site\" content=\"@AureliusJewelry\" \/>\n<script type=\"application\/ld+json\" class=\"yoast-schema-graph\">{\"@context\":\"https:\\\/\\\/schema.org\",\"@graph\":[{\"@type\":\"WebPage\",\"@id\":\"https:\\\/\\\/aureliusjewelry.com\\\/es\\\/anillo-de-compromiso-de-agata-musgo-pera-y-zafiro-marquesa\\\/\",\"url\":\"https:\\\/\\\/aureliusjewelry.com\\\/es\\\/anillo-de-compromiso-de-agata-musgo-pera-y-zafiro-marquesa\\\/\",\"name\":\"Anillo de Compromiso de \u00c1gata Musgo en Forma de Pera en Estilo Floral - Aurelius Jewelry\",\"isPartOf\":{\"@id\":\"https:\\\/\\\/aureliusjewelry.com\\\/es\\\/#website\"},\"primaryImageOfPage\":{\"@id\":\"https:\\\/\\\/aureliusjewelry.com\\\/es\\\/anillo-de-compromiso-de-agata-musgo-pera-y-zafiro-marquesa\\\/#primaryimage\"},\"image\":{\"@id\":\"https:\\\/\\\/aureliusjewelry.com\\\/es\\\/anillo-de-compromiso-de-agata-musgo-pera-y-zafiro-marquesa\\\/#primaryimage\"},\"thumbnailUrl\":\"https:\\\/\\\/aureliusjewelry.com\\\/wp-content\\\/uploads\\\/de-pera-agata-musgo-anillo-de-compromiso.jpg\",\"datePublished\":\"2020-12-21T22:15:37+00:00\",\"dateModified\":\"2026-03-24T11:07:36+00:00\",\"breadcrumb\":{\"@id\":\"https:\\\/\\\/aureliusjewelry.com\\\/es\\\/anillo-de-compromiso-de-agata-musgo-pera-y-zafiro-marquesa\\\/#breadcrumb\"},\"inLanguage\":\"es\",\"potentialAction\":[{\"@type\":\"ReadAction\",\"target\":[\"https:\\\/\\\/aureliusjewelry.com\\\/es\\\/anillo-de-compromiso-de-agata-musgo-pera-y-zafiro-marquesa\\\/\"]}]},{\"@type\":\"ImageObject\",\"inLanguage\":\"es\",\"@id\":\"https:\\\/\\\/aureliusjewelry.com\\\/es\\\/anillo-de-compromiso-de-agata-musgo-pera-y-zafiro-marquesa\\\/#primaryimage\",\"url\":\"https:\\\/\\\/aureliusjewelry.com\\\/wp-content\\\/uploads\\\/de-pera-agata-musgo-anillo-de-compromiso.jpg\",\"contentUrl\":\"https:\\\/\\\/aureliusjewelry.com\\\/wp-content\\\/uploads\\\/de-pera-agata-musgo-anillo-de-compromiso.jpg\",\"width\":1920,\"height\":1440,\"caption\":\"de pera \u00e1gata musgo anillo de compromiso\"},{\"@type\":\"BreadcrumbList\",\"@id\":\"https:\\\/\\\/aureliusjewelry.com\\\/es\\\/anillo-de-compromiso-de-agata-musgo-pera-y-zafiro-marquesa\\\/#breadcrumb\",\"itemListElement\":[{\"@type\":\"ListItem\",\"position\":1,\"name\":\"Home\",\"item\":\"https:\\\/\\\/aureliusjewelry.com\\\/es\\\/\"},{\"@type\":\"ListItem\",\"position\":2,\"name\":\"Shop\",\"item\":\"https:\\\/\\\/aureliusjewelry.com\\\/shop\\\/\"},{\"@type\":\"ListItem\",\"position\":3,\"name\":\"Anillo de Compromiso de \u00c1gata Musgo en Forma de Pera en Estilo Floral\"}]},{\"@type\":\"WebSite\",\"@id\":\"https:\\\/\\\/aureliusjewelry.com\\\/es\\\/#website\",\"url\":\"https:\\\/\\\/aureliusjewelry.com\\\/es\\\/\",\"name\":\"Aurelius Jewelry\",\"description\":\"Handmade Fine Gold Jewelry\",\"publisher\":{\"@id\":\"https:\\\/\\\/aureliusjewelry.com\\\/es\\\/#organization\"},\"potentialAction\":[{\"@type\":\"SearchAction\",\"target\":{\"@type\":\"EntryPoint\",\"urlTemplate\":\"https:\\\/\\\/aureliusjewelry.com\\\/es\\\/?s={search_term_string}\"},\"query-input\":{\"@type\":\"PropertyValueSpecification\",\"valueRequired\":true,\"valueName\":\"search_term_string\"}}],\"inLanguage\":\"es\"},{\"@type\":\"Organization\",\"@id\":\"https:\\\/\\\/aureliusjewelry.com\\\/es\\\/#organization\",\"name\":\"Aurelius Jewelry\",\"url\":\"https:\\\/\\\/aureliusjewelry.com\\\/es\\\/\",\"logo\":{\"@type\":\"ImageObject\",\"inLanguage\":\"es\",\"@id\":\"https:\\\/\\\/aureliusjewelry.com\\\/es\\\/#\\\/schema\\\/logo\\\/image\\\/\",\"url\":\"https:\\\/\\\/aureliusjewelry.com\\\/wp-content\\\/uploads\\\/logo.png\",\"contentUrl\":\"https:\\\/\\\/aureliusjewelry.com\\\/wp-content\\\/uploads\\\/logo.png\",\"width\":400,\"height\":64,\"caption\":\"Aurelius Jewelry\"},\"image\":{\"@id\":\"https:\\\/\\\/aureliusjewelry.com\\\/es\\\/#\\\/schema\\\/logo\\\/image\\\/\"},\"sameAs\":[\"https:\\\/\\\/www.facebook.com\\\/AureliusJewelry\\\/\",\"https:\\\/\\\/x.com\\\/AureliusJewelry\",\"https:\\\/\\\/instagram.com\\\/aureliusjewelry\",\"https:\\\/\\\/www.pinterest.com\\\/AureliusJewelry\\\/\"],\"email\":\"info@aureliusjewelry.com\",\"foundingDate\":\"2018-10-01\",\"vatID\":\"SI10391070\",\"hasMerchantReturnPolicy\":{\"@type\":\"MerchantReturnPolicy\",\"merchantReturnLink\":\"https:\\\/\\\/aureliusjewelry.com\\\/our-policies\\\/terms-conditions\\\/\"}}]}<\/script>\n<meta property=\"og:availability\" content=\"backorder\" \/>\n<meta property=\"product:availability\" content=\"available for order\" \/>\n<meta property=\"product:retailer_item_id\" content=\"12442\" \/>\n<meta property=\"product:condition\" content=\"new\" \/>","yoast_head_json":{"title":"Anillo de Compromiso de \u00c1gata Musgo en Forma de Pera en Estilo Floral - Aurelius Jewelry","robots":{"index":"index","follow":"follow","max-snippet":"max-snippet:-1","max-image-preview":"max-image-preview:large","max-video-preview":"max-video-preview:-1"},"canonical":"https:\/\/aureliusjewelry.com\/es\/anillo-de-compromiso-de-agata-musgo-pera-y-zafiro-marquesa\/","og_locale":"es_ES","og_type":"article","og_title":"Anillo de Compromiso de \u00c1gata Musgo en Forma de Pera en Estilo Floral - Aurelius Jewelry","og_description":"%","og_url":"https:\/\/aureliusjewelry.com\/es\/anillo-de-compromiso-de-agata-musgo-pera-y-zafiro-marquesa\/","og_site_name":"Aurelius Jewelry","article_publisher":"https:\/\/www.facebook.com\/AureliusJewelry\/","article_modified_time":"2026-03-24T11:07:36+00:00","og_image":[{"width":1920,"height":1440,"url":"https:\/\/aureliusjewelry.com\/wp-content\/uploads\/de-pera-agata-musgo-anillo-de-compromiso.jpg","type":"image\/jpeg"}],"twitter_card":"summary_large_image","twitter_site":"@AureliusJewelry","schema":{"@context":"https:\/\/schema.org","@graph":[{"@type":"WebPage","@id":"https:\/\/aureliusjewelry.com\/es\/anillo-de-compromiso-de-agata-musgo-pera-y-zafiro-marquesa\/","url":"https:\/\/aureliusjewelry.com\/es\/anillo-de-compromiso-de-agata-musgo-pera-y-zafiro-marquesa\/","name":"Anillo de Compromiso de \u00c1gata Musgo en Forma de Pera en Estilo Floral - Aurelius Jewelry","isPartOf":{"@id":"https:\/\/aureliusjewelry.com\/es\/#website"},"primaryImageOfPage":{"@id":"https:\/\/aureliusjewelry.com\/es\/anillo-de-compromiso-de-agata-musgo-pera-y-zafiro-marquesa\/#primaryimage"},"image":{"@id":"https:\/\/aureliusjewelry.com\/es\/anillo-de-compromiso-de-agata-musgo-pera-y-zafiro-marquesa\/#primaryimage"},"thumbnailUrl":"https:\/\/aureliusjewelry.com\/wp-content\/uploads\/de-pera-agata-musgo-anillo-de-compromiso.jpg","datePublished":"2020-12-21T22:15:37+00:00","dateModified":"2026-03-24T11:07:36+00:00","breadcrumb":{"@id":"https:\/\/aureliusjewelry.com\/es\/anillo-de-compromiso-de-agata-musgo-pera-y-zafiro-marquesa\/#breadcrumb"},"inLanguage":"es","potentialAction":[{"@type":"ReadAction","target":["https:\/\/aureliusjewelry.com\/es\/anillo-de-compromiso-de-agata-musgo-pera-y-zafiro-marquesa\/"]}]},{"@type":"ImageObject","inLanguage":"es","@id":"https:\/\/aureliusjewelry.com\/es\/anillo-de-compromiso-de-agata-musgo-pera-y-zafiro-marquesa\/#primaryimage","url":"https:\/\/aureliusjewelry.com\/wp-content\/uploads\/de-pera-agata-musgo-anillo-de-compromiso.jpg","contentUrl":"https:\/\/aureliusjewelry.com\/wp-content\/uploads\/de-pera-agata-musgo-anillo-de-compromiso.jpg","width":1920,"height":1440,"caption":"de pera \u00e1gata musgo anillo de compromiso"},{"@type":"BreadcrumbList","@id":"https:\/\/aureliusjewelry.com\/es\/anillo-de-compromiso-de-agata-musgo-pera-y-zafiro-marquesa\/#breadcrumb","itemListElement":[{"@type":"ListItem","position":1,"name":"Home","item":"https:\/\/aureliusjewelry.com\/es\/"},{"@type":"ListItem","position":2,"name":"Shop","item":"https:\/\/aureliusjewelry.com\/shop\/"},{"@type":"ListItem","position":3,"name":"Anillo de Compromiso de \u00c1gata Musgo en Forma de Pera en Estilo Floral"}]},{"@type":"WebSite","@id":"https:\/\/aureliusjewelry.com\/es\/#website","url":"https:\/\/aureliusjewelry.com\/es\/","name":"Aurelius Jewelry","description":"Handmade Fine Gold Jewelry","publisher":{"@id":"https:\/\/aureliusjewelry.com\/es\/#organization"},"potentialAction":[{"@type":"SearchAction","target":{"@type":"EntryPoint","urlTemplate":"https:\/\/aureliusjewelry.com\/es\/?s={search_term_string}"},"query-input":{"@type":"PropertyValueSpecification","valueRequired":true,"valueName":"search_term_string"}}],"inLanguage":"es"},{"@type":"Organization","@id":"https:\/\/aureliusjewelry.com\/es\/#organization","name":"Aurelius Jewelry","url":"https:\/\/aureliusjewelry.com\/es\/","logo":{"@type":"ImageObject","inLanguage":"es","@id":"https:\/\/aureliusjewelry.com\/es\/#\/schema\/logo\/image\/","url":"https:\/\/aureliusjewelry.com\/wp-content\/uploads\/logo.png","contentUrl":"https:\/\/aureliusjewelry.com\/wp-content\/uploads\/logo.png","width":400,"height":64,"caption":"Aurelius Jewelry"},"image":{"@id":"https:\/\/aureliusjewelry.com\/es\/#\/schema\/logo\/image\/"},"sameAs":["https:\/\/www.facebook.com\/AureliusJewelry\/","https:\/\/x.com\/AureliusJewelry","https:\/\/instagram.com\/aureliusjewelry","https:\/\/www.pinterest.com\/AureliusJewelry\/"],"email":"info@aureliusjewelry.com","foundingDate":"2018-10-01","vatID":"SI10391070","hasMerchantReturnPolicy":{"@type":"MerchantReturnPolicy","merchantReturnLink":"https:\/\/aureliusjewelry.com\/our-policies\/terms-conditions\/"}}]},"og_availability":"backorder","product_availability":"available for order","product_retailer_item_id":"12442","product_condition":"new"},"_links":{"self":[{"href":"https:\/\/aureliusjewelry.com\/es\/wp-json\/wp\/v2\/product\/12458","targetHints":{"allow":["GET"]}}],"collection":[{"href":"https:\/\/aureliusjewelry.com\/es\/wp-json\/wp\/v2\/product"}],"about":[{"href":"https:\/\/aureliusjewelry.com\/es\/wp-json\/wp\/v2\/types\/product"}],"replies":[{"embeddable":true,"href":"https:\/\/aureliusjewelry.com\/es\/wp-json\/wp\/v2\/comments?post=12458"}],"wp:featuredmedia":[{"embeddable":true,"href":"https:\/\/aureliusjewelry.com\/es\/wp-json\/wp\/v2\/media\/12483"}],"wp:attachment":[{"href":"https:\/\/aureliusjewelry.com\/es\/wp-json\/wp\/v2\/media?parent=12458"}],"wp:term":[{"taxonomy":"product_brand","embeddable":true,"href":"https:\/\/aureliusjewelry.com\/es\/wp-json\/wp\/v2\/product_brand?post=12458"},{"taxonomy":"product_cat","embeddable":true,"href":"https:\/\/aureliusjewelry.com\/es\/wp-json\/wp\/v2\/product_cat?post=12458"},{"taxonomy":"product_tag","embeddable":true,"href":"https:\/\/aureliusjewelry.com\/es\/wp-json\/wp\/v2\/product_tag?post=12458"}],"curies":[{"name":"wp","href":"https:\/\/api.w.org\/{rel}","templated":true}]}}