{"id":10966,"date":"2020-04-22T21:34:23","date_gmt":"2020-04-22T21:34:23","guid":{"rendered":"http:\/\/127.0.0.1\/product\/juego-de-alianzas-geometrico-de-diamantes-de-sal-y-pimienta-en-forma-de-cometa-de-color-marron\/"},"modified":"2026-04-14T07:22:22","modified_gmt":"2026-04-14T05:22:22","slug":"juego-de-alianzas-geometrico-de-diamantes-de-sal-y-pimienta-en-forma-de-cometa-de-color-marron","status":"publish","type":"product","link":"https:\/\/aureliusjewelry.com\/es\/juego-de-alianzas-geometrico-de-diamantes-de-sal-y-pimienta-en-forma-de-cometa-de-color-marron\/","title":{"rendered":"Juego de Alianzas Geom\u00e9trico de Diamantes de Sal y Pimienta en Forma de Cometa de Color Marr\u00f3n"},"content":{"rendered":"<div class=\"wpb-content-wrapper\"><p>[vc_row][vc_column][vc_column_text css=\u00bb\u00bb]<strong>Piedra Principal<\/strong><br \/>\n&#8211; diamante de sal y pimienta marr\u00f3n\/champ\u00e1n cortado en rosa en forma de cometa<br \/>\n&#8211; aprox. 9x7mm<\/p>\n<p><strong>Piedras laterales:<\/strong><br \/>\n&#8211; diamantes redondos<br \/>\n&#8211; aprox. 1.25mm, 1mm (6)<br \/>\n&#8211; Color F\/G, claridad VS, libre de conflictos<\/p>\n<p><strong>Mediciones y Material de la Alianza<\/strong><br \/>\n&#8211; aprox. 1.5 mm de ancho, 1.6 mm de espesor<br \/>\n&#8211; disponible en oro amarillo, blanco o rosa de 585\/1000 (14k) o 750\/1000 (18k) y platino 950\/1000<br \/>\n&#8211; tama\u00f1o de anillo de EE. UU. 3-9, tama\u00f1os m\u00e1s peque\u00f1os o m\u00e1s grandes disponibles por solicitud[\/vc_column_text][\/vc_column][\/vc_row]<\/p>\n<\/div>","protected":false},"excerpt":{"rendered":"<p>Un anillo de diamantes de sal y pimienta en forma de cometa con un diamante natural que var\u00eda en tonos de champ\u00e1n a marr\u00f3n, pero tambi\u00e9n viene en diferentes tonos de gris y negro. Est\u00e1 engastado en una montura con garras y puntas en forma de flecha para una comodidad excepcional, y se combina con una alianza a juego en forma de \u201cV\u201d. Cada diamante es \u00fanico y para elegir uno para su anillo, \u00a1cont\u00e1ctenos!<\/p>\n","protected":false},"featured_media":9991,"comment_status":"open","ping_status":"closed","template":"","meta":[],"product_brand":[],"product_cat":[1075,1580,535,518],"product_tag":[1193,1264,1251,736,735],"class_list":{"0":"post-10966","1":"product","2":"type-product","3":"status-publish","4":"has-post-thumbnail","6":"product_cat-anillo-de-bodas-de-diamantes-con-sal-y-pimienta","7":"product_cat-anillo-de-bodas-de-dos-piezas","8":"product_cat-anillos","9":"product_cat-conjuntos-de-anillos-de-boda","10":"product_tag-cometa","11":"product_tag-diamante-de-sal-y-pimienta","12":"product_tag-juego-de-anillos","13":"product_tag-production_time_3_5-es","14":"product_tag-rings-es-tag","16":"first","17":"onbackorder","18":"sold-individually","19":"taxable","20":"shipping-taxable","21":"purchasable","22":"product-type-variable"},"yoast_head":"<title>Juego de Alianzas Geom\u00e9trico de Diamantes de Sal y Pimienta en Forma de Cometa de Color Marr\u00f3n - Aurelius Jewelry<\/title>\n<meta name=\"robots\" content=\"index, follow, max-snippet:-1, max-image-preview:large, max-video-preview:-1\" \/>\n<link rel=\"canonical\" href=\"https:\/\/aureliusjewelry.com\/es\/juego-de-alianzas-geometrico-de-diamantes-de-sal-y-pimienta-en-forma-de-cometa-de-color-marron\/\" \/>\n<meta property=\"og:locale\" content=\"es_ES\" \/>\n<meta property=\"og:type\" content=\"article\" \/>\n<meta property=\"og:title\" content=\"Juego de Alianzas Geom\u00e9trico de Diamantes de Sal y Pimienta en Forma de Cometa de Color Marr\u00f3n - Aurelius Jewelry\" \/>\n<meta property=\"og:description\" content=\"%\" \/>\n<meta property=\"og:url\" content=\"https:\/\/aureliusjewelry.com\/es\/juego-de-alianzas-geometrico-de-diamantes-de-sal-y-pimienta-en-forma-de-cometa-de-color-marron\/\" \/>\n<meta property=\"og:site_name\" content=\"Aurelius Jewelry\" \/>\n<meta property=\"article:publisher\" content=\"https:\/\/www.facebook.com\/AureliusJewelry\/\" \/>\n<meta property=\"article:modified_time\" content=\"2026-04-14T05:22:22+00:00\" \/>\n<meta property=\"og:image\" content=\"https:\/\/aureliusjewelry.com\/wp-content\/uploads\/cometa-champan-anillo-de-compromiso-de-boda-conjunto.jpg\" \/>\n\t<meta property=\"og:image:width\" content=\"1920\" \/>\n\t<meta property=\"og:image:height\" content=\"1440\" \/>\n\t<meta property=\"og:image:type\" content=\"image\/jpeg\" \/>\n<meta name=\"twitter:card\" content=\"summary_large_image\" \/>\n<meta name=\"twitter:site\" content=\"@AureliusJewelry\" \/>\n<script type=\"application\/ld+json\" class=\"yoast-schema-graph\">{\"@context\":\"https:\\\/\\\/schema.org\",\"@graph\":[{\"@type\":\"WebPage\",\"@id\":\"https:\\\/\\\/aureliusjewelry.com\\\/es\\\/juego-de-alianzas-geometrico-de-diamantes-de-sal-y-pimienta-en-forma-de-cometa-de-color-marron\\\/\",\"url\":\"https:\\\/\\\/aureliusjewelry.com\\\/es\\\/juego-de-alianzas-geometrico-de-diamantes-de-sal-y-pimienta-en-forma-de-cometa-de-color-marron\\\/\",\"name\":\"Juego de Alianzas Geom\u00e9trico de Diamantes de Sal y Pimienta en Forma de Cometa de Color Marr\u00f3n - Aurelius Jewelry\",\"isPartOf\":{\"@id\":\"https:\\\/\\\/aureliusjewelry.com\\\/es\\\/#website\"},\"primaryImageOfPage\":{\"@id\":\"https:\\\/\\\/aureliusjewelry.com\\\/es\\\/juego-de-alianzas-geometrico-de-diamantes-de-sal-y-pimienta-en-forma-de-cometa-de-color-marron\\\/#primaryimage\"},\"image\":{\"@id\":\"https:\\\/\\\/aureliusjewelry.com\\\/es\\\/juego-de-alianzas-geometrico-de-diamantes-de-sal-y-pimienta-en-forma-de-cometa-de-color-marron\\\/#primaryimage\"},\"thumbnailUrl\":\"https:\\\/\\\/aureliusjewelry.com\\\/wp-content\\\/uploads\\\/cometa-champan-anillo-de-compromiso-de-boda-conjunto.jpg\",\"datePublished\":\"2020-04-22T21:34:23+00:00\",\"dateModified\":\"2026-04-14T05:22:22+00:00\",\"breadcrumb\":{\"@id\":\"https:\\\/\\\/aureliusjewelry.com\\\/es\\\/juego-de-alianzas-geometrico-de-diamantes-de-sal-y-pimienta-en-forma-de-cometa-de-color-marron\\\/#breadcrumb\"},\"inLanguage\":\"es\",\"potentialAction\":[{\"@type\":\"ReadAction\",\"target\":[\"https:\\\/\\\/aureliusjewelry.com\\\/es\\\/juego-de-alianzas-geometrico-de-diamantes-de-sal-y-pimienta-en-forma-de-cometa-de-color-marron\\\/\"]}]},{\"@type\":\"ImageObject\",\"inLanguage\":\"es\",\"@id\":\"https:\\\/\\\/aureliusjewelry.com\\\/es\\\/juego-de-alianzas-geometrico-de-diamantes-de-sal-y-pimienta-en-forma-de-cometa-de-color-marron\\\/#primaryimage\",\"url\":\"https:\\\/\\\/aureliusjewelry.com\\\/wp-content\\\/uploads\\\/cometa-champan-anillo-de-compromiso-de-boda-conjunto.jpg\",\"contentUrl\":\"https:\\\/\\\/aureliusjewelry.com\\\/wp-content\\\/uploads\\\/cometa-champan-anillo-de-compromiso-de-boda-conjunto.jpg\",\"width\":1920,\"height\":1440,\"caption\":\"cometa champ\u00e1n anillo de compromiso de boda conjunto\"},{\"@type\":\"BreadcrumbList\",\"@id\":\"https:\\\/\\\/aureliusjewelry.com\\\/es\\\/juego-de-alianzas-geometrico-de-diamantes-de-sal-y-pimienta-en-forma-de-cometa-de-color-marron\\\/#breadcrumb\",\"itemListElement\":[{\"@type\":\"ListItem\",\"position\":1,\"name\":\"Home\",\"item\":\"https:\\\/\\\/aureliusjewelry.com\\\/es\\\/\"},{\"@type\":\"ListItem\",\"position\":2,\"name\":\"Shop\",\"item\":\"https:\\\/\\\/aureliusjewelry.com\\\/shop\\\/\"},{\"@type\":\"ListItem\",\"position\":3,\"name\":\"Juego de Alianzas Geom\u00e9trico de Diamantes de Sal y Pimienta en Forma de Cometa de Color Marr\u00f3n\"}]},{\"@type\":\"WebSite\",\"@id\":\"https:\\\/\\\/aureliusjewelry.com\\\/es\\\/#website\",\"url\":\"https:\\\/\\\/aureliusjewelry.com\\\/es\\\/\",\"name\":\"Aurelius Jewelry\",\"description\":\"Handmade Fine Gold Jewelry\",\"publisher\":{\"@id\":\"https:\\\/\\\/aureliusjewelry.com\\\/es\\\/#organization\"},\"potentialAction\":[{\"@type\":\"SearchAction\",\"target\":{\"@type\":\"EntryPoint\",\"urlTemplate\":\"https:\\\/\\\/aureliusjewelry.com\\\/es\\\/?s={search_term_string}\"},\"query-input\":{\"@type\":\"PropertyValueSpecification\",\"valueRequired\":true,\"valueName\":\"search_term_string\"}}],\"inLanguage\":\"es\"},{\"@type\":\"Organization\",\"@id\":\"https:\\\/\\\/aureliusjewelry.com\\\/es\\\/#organization\",\"name\":\"Aurelius Jewelry\",\"url\":\"https:\\\/\\\/aureliusjewelry.com\\\/es\\\/\",\"logo\":{\"@type\":\"ImageObject\",\"inLanguage\":\"es\",\"@id\":\"https:\\\/\\\/aureliusjewelry.com\\\/es\\\/#\\\/schema\\\/logo\\\/image\\\/\",\"url\":\"https:\\\/\\\/aureliusjewelry.com\\\/wp-content\\\/uploads\\\/logo.png\",\"contentUrl\":\"https:\\\/\\\/aureliusjewelry.com\\\/wp-content\\\/uploads\\\/logo.png\",\"width\":400,\"height\":64,\"caption\":\"Aurelius Jewelry\"},\"image\":{\"@id\":\"https:\\\/\\\/aureliusjewelry.com\\\/es\\\/#\\\/schema\\\/logo\\\/image\\\/\"},\"sameAs\":[\"https:\\\/\\\/www.facebook.com\\\/AureliusJewelry\\\/\",\"https:\\\/\\\/x.com\\\/AureliusJewelry\",\"https:\\\/\\\/instagram.com\\\/aureliusjewelry\",\"https:\\\/\\\/www.pinterest.com\\\/AureliusJewelry\\\/\"],\"email\":\"info@aureliusjewelry.com\",\"foundingDate\":\"2018-10-01\",\"vatID\":\"SI10391070\",\"hasMerchantReturnPolicy\":{\"@type\":\"MerchantReturnPolicy\",\"merchantReturnLink\":\"https:\\\/\\\/aureliusjewelry.com\\\/our-policies\\\/terms-conditions\\\/\"}}]}<\/script>\n<meta property=\"og:availability\" content=\"backorder\" \/>\n<meta property=\"product:availability\" content=\"available for order\" \/>\n<meta property=\"product:retailer_item_id\" content=\"9987\" \/>\n<meta property=\"product:condition\" content=\"new\" \/>","yoast_head_json":{"title":"Juego de Alianzas Geom\u00e9trico de Diamantes de Sal y Pimienta en Forma de Cometa de Color Marr\u00f3n - Aurelius Jewelry","robots":{"index":"index","follow":"follow","max-snippet":"max-snippet:-1","max-image-preview":"max-image-preview:large","max-video-preview":"max-video-preview:-1"},"canonical":"https:\/\/aureliusjewelry.com\/es\/juego-de-alianzas-geometrico-de-diamantes-de-sal-y-pimienta-en-forma-de-cometa-de-color-marron\/","og_locale":"es_ES","og_type":"article","og_title":"Juego de Alianzas Geom\u00e9trico de Diamantes de Sal y Pimienta en Forma de Cometa de Color Marr\u00f3n - Aurelius Jewelry","og_description":"%","og_url":"https:\/\/aureliusjewelry.com\/es\/juego-de-alianzas-geometrico-de-diamantes-de-sal-y-pimienta-en-forma-de-cometa-de-color-marron\/","og_site_name":"Aurelius Jewelry","article_publisher":"https:\/\/www.facebook.com\/AureliusJewelry\/","article_modified_time":"2026-04-14T05:22:22+00:00","og_image":[{"width":1920,"height":1440,"url":"https:\/\/aureliusjewelry.com\/wp-content\/uploads\/cometa-champan-anillo-de-compromiso-de-boda-conjunto.jpg","type":"image\/jpeg"}],"twitter_card":"summary_large_image","twitter_site":"@AureliusJewelry","schema":{"@context":"https:\/\/schema.org","@graph":[{"@type":"WebPage","@id":"https:\/\/aureliusjewelry.com\/es\/juego-de-alianzas-geometrico-de-diamantes-de-sal-y-pimienta-en-forma-de-cometa-de-color-marron\/","url":"https:\/\/aureliusjewelry.com\/es\/juego-de-alianzas-geometrico-de-diamantes-de-sal-y-pimienta-en-forma-de-cometa-de-color-marron\/","name":"Juego de Alianzas Geom\u00e9trico de Diamantes de Sal y Pimienta en Forma de Cometa de Color Marr\u00f3n - Aurelius Jewelry","isPartOf":{"@id":"https:\/\/aureliusjewelry.com\/es\/#website"},"primaryImageOfPage":{"@id":"https:\/\/aureliusjewelry.com\/es\/juego-de-alianzas-geometrico-de-diamantes-de-sal-y-pimienta-en-forma-de-cometa-de-color-marron\/#primaryimage"},"image":{"@id":"https:\/\/aureliusjewelry.com\/es\/juego-de-alianzas-geometrico-de-diamantes-de-sal-y-pimienta-en-forma-de-cometa-de-color-marron\/#primaryimage"},"thumbnailUrl":"https:\/\/aureliusjewelry.com\/wp-content\/uploads\/cometa-champan-anillo-de-compromiso-de-boda-conjunto.jpg","datePublished":"2020-04-22T21:34:23+00:00","dateModified":"2026-04-14T05:22:22+00:00","breadcrumb":{"@id":"https:\/\/aureliusjewelry.com\/es\/juego-de-alianzas-geometrico-de-diamantes-de-sal-y-pimienta-en-forma-de-cometa-de-color-marron\/#breadcrumb"},"inLanguage":"es","potentialAction":[{"@type":"ReadAction","target":["https:\/\/aureliusjewelry.com\/es\/juego-de-alianzas-geometrico-de-diamantes-de-sal-y-pimienta-en-forma-de-cometa-de-color-marron\/"]}]},{"@type":"ImageObject","inLanguage":"es","@id":"https:\/\/aureliusjewelry.com\/es\/juego-de-alianzas-geometrico-de-diamantes-de-sal-y-pimienta-en-forma-de-cometa-de-color-marron\/#primaryimage","url":"https:\/\/aureliusjewelry.com\/wp-content\/uploads\/cometa-champan-anillo-de-compromiso-de-boda-conjunto.jpg","contentUrl":"https:\/\/aureliusjewelry.com\/wp-content\/uploads\/cometa-champan-anillo-de-compromiso-de-boda-conjunto.jpg","width":1920,"height":1440,"caption":"cometa champ\u00e1n anillo de compromiso de boda conjunto"},{"@type":"BreadcrumbList","@id":"https:\/\/aureliusjewelry.com\/es\/juego-de-alianzas-geometrico-de-diamantes-de-sal-y-pimienta-en-forma-de-cometa-de-color-marron\/#breadcrumb","itemListElement":[{"@type":"ListItem","position":1,"name":"Home","item":"https:\/\/aureliusjewelry.com\/es\/"},{"@type":"ListItem","position":2,"name":"Shop","item":"https:\/\/aureliusjewelry.com\/shop\/"},{"@type":"ListItem","position":3,"name":"Juego de Alianzas Geom\u00e9trico de Diamantes de Sal y Pimienta en Forma de Cometa de Color Marr\u00f3n"}]},{"@type":"WebSite","@id":"https:\/\/aureliusjewelry.com\/es\/#website","url":"https:\/\/aureliusjewelry.com\/es\/","name":"Aurelius Jewelry","description":"Handmade Fine Gold Jewelry","publisher":{"@id":"https:\/\/aureliusjewelry.com\/es\/#organization"},"potentialAction":[{"@type":"SearchAction","target":{"@type":"EntryPoint","urlTemplate":"https:\/\/aureliusjewelry.com\/es\/?s={search_term_string}"},"query-input":{"@type":"PropertyValueSpecification","valueRequired":true,"valueName":"search_term_string"}}],"inLanguage":"es"},{"@type":"Organization","@id":"https:\/\/aureliusjewelry.com\/es\/#organization","name":"Aurelius Jewelry","url":"https:\/\/aureliusjewelry.com\/es\/","logo":{"@type":"ImageObject","inLanguage":"es","@id":"https:\/\/aureliusjewelry.com\/es\/#\/schema\/logo\/image\/","url":"https:\/\/aureliusjewelry.com\/wp-content\/uploads\/logo.png","contentUrl":"https:\/\/aureliusjewelry.com\/wp-content\/uploads\/logo.png","width":400,"height":64,"caption":"Aurelius Jewelry"},"image":{"@id":"https:\/\/aureliusjewelry.com\/es\/#\/schema\/logo\/image\/"},"sameAs":["https:\/\/www.facebook.com\/AureliusJewelry\/","https:\/\/x.com\/AureliusJewelry","https:\/\/instagram.com\/aureliusjewelry","https:\/\/www.pinterest.com\/AureliusJewelry\/"],"email":"info@aureliusjewelry.com","foundingDate":"2018-10-01","vatID":"SI10391070","hasMerchantReturnPolicy":{"@type":"MerchantReturnPolicy","merchantReturnLink":"https:\/\/aureliusjewelry.com\/our-policies\/terms-conditions\/"}}]},"og_availability":"backorder","product_availability":"available for order","product_retailer_item_id":"9987","product_condition":"new"},"_links":{"self":[{"href":"https:\/\/aureliusjewelry.com\/es\/wp-json\/wp\/v2\/product\/10966","targetHints":{"allow":["GET"]}}],"collection":[{"href":"https:\/\/aureliusjewelry.com\/es\/wp-json\/wp\/v2\/product"}],"about":[{"href":"https:\/\/aureliusjewelry.com\/es\/wp-json\/wp\/v2\/types\/product"}],"replies":[{"embeddable":true,"href":"https:\/\/aureliusjewelry.com\/es\/wp-json\/wp\/v2\/comments?post=10966"}],"wp:featuredmedia":[{"embeddable":true,"href":"https:\/\/aureliusjewelry.com\/es\/wp-json\/wp\/v2\/media\/9991"}],"wp:attachment":[{"href":"https:\/\/aureliusjewelry.com\/es\/wp-json\/wp\/v2\/media?parent=10966"}],"wp:term":[{"taxonomy":"product_brand","embeddable":true,"href":"https:\/\/aureliusjewelry.com\/es\/wp-json\/wp\/v2\/product_brand?post=10966"},{"taxonomy":"product_cat","embeddable":true,"href":"https:\/\/aureliusjewelry.com\/es\/wp-json\/wp\/v2\/product_cat?post=10966"},{"taxonomy":"product_tag","embeddable":true,"href":"https:\/\/aureliusjewelry.com\/es\/wp-json\/wp\/v2\/product_tag?post=10966"}],"curies":[{"name":"wp","href":"https:\/\/api.w.org\/{rel}","templated":true}]}}