{"id":10898,"date":"2020-04-18T23:47:00","date_gmt":"2020-04-18T21:47:00","guid":{"rendered":"http:\/\/127.0.0.1\/product\/victoria-anillo-de-compromiso-de-racimo-de-amatista-y-tanzanita-de-hexagono\/"},"modified":"2026-03-19T17:25:16","modified_gmt":"2026-03-19T15:25:16","slug":"victoria-anillo-de-compromiso-de-racimo-de-amatista-y-tanzanita-de-hexagono","status":"publish","type":"product","link":"https:\/\/aureliusjewelry.com\/es\/victoria-anillo-de-compromiso-de-racimo-de-amatista-y-tanzanita-de-hexagono\/","title":{"rendered":"Victoria &#8211; Anillo de Compromiso de Racimo de Amatista y Tanzanita de Hex\u00e1gono"},"content":{"rendered":"<div class=\"wpb-content-wrapper\"><p>[vc_row][vc_column][vc_column_text]<strong>Piedra Principal<\/strong><br \/>\n&#8211; amatista hexagonal<br \/>\n&#8211; aprox. 6mm<\/p>\n<p><strong>Piedras Laterales<\/strong><br \/>\n&#8211; tanzanita de corte trillion<br \/>\n&#8211; aprox. 3x3x3mm<\/p>\n<p>&#8211; amatista y tanzanita redondas<br \/>\n&#8211; aprox. 1.5mm<\/p>\n<p>&#8211; diamantes redondos y en forma de pera<br \/>\n&#8211; aprox. 3&#215;2, 2mm, 1.5mm<br \/>\n&#8211; color F\/G, claridad VS, sin conflictos<\/p>\n<p><strong>Mediciones y Material de la Alianza<\/strong><br \/>\n&#8211; 1.5 mm de ancho, 1.6 mm de espesor<br \/>\n&#8211; disponible en oro amarillo, blanco o rosa de 585\/1000 (14k) o 750\/1000 (18k) y platino 950\/1000<br \/>\n&#8211; tama\u00f1o de anillo de EE. UU. 3-9, tama\u00f1os m\u00e1s peque\u00f1os o m\u00e1s grandes disponibles por solicitud[\/vc_column_text][\/vc_column][\/vc_row]<\/p>\n<\/div>","protected":false},"excerpt":{"rendered":"<p>Victoria es un magn\u00edfico anillo de racimo con una variedad de tipos de piedras y cortes dispuestos en un anillo de compromiso de racimo sim\u00e9trico con una amatista hexagonal como su piedra principal.<br \/>\nDicen que los hex\u00e1gonos se pueden encontrar en todas partes, y aunque no siempre podemos verlos, son parte de nosotros. El componente principal de toda la vida conocida en la Tierra es el carbono, que tambi\u00e9n representa el ejemplo perfecto y m\u00e1s fuerte de estructura hexagonal; los diamantes.<\/p>\n","protected":false},"featured_media":26357,"comment_status":"open","ping_status":"closed","template":"","meta":[],"product_brand":[],"product_cat":[476,1541,1557,1575,1561,535,489,1295,1545,1559,1612],"product_tag":[1158,1187,736,735],"class_list":{"0":"post-10898","1":"product","2":"type-product","3":"status-publish","4":"has-post-thumbnail","6":"product_cat-agrupado","7":"product_cat-anillo-de-compromiso-con-bisel","8":"product_cat-anillo-de-compromiso-con-detalles-de-piedras-preciosas","9":"product_cat-anillo-de-compromiso-de-siete-piedras","10":"product_cat-anillo-de-compromiso-hexagonal","11":"product_cat-anillos","12":"product_cat-anillos-de-compromiso","13":"product_cat-anillos-de-compromiso-de-amatista","14":"product_cat-anillos-de-compromiso-en-racimo","15":"product_cat-anillos-de-compromiso-geometricos","16":"product_cat-los-mas-vendidos","17":"product_tag-amatista","18":"product_tag-hexagono","19":"product_tag-production_time_3_5-es","20":"product_tag-rings-es-tag","22":"first","23":"onbackorder","24":"sold-individually","25":"taxable","26":"shipping-taxable","27":"purchasable","28":"product-type-variable"},"yoast_head":"<title>Victoria - Anillo de Compromiso de Racimo de Amatista y Tanzanita de Hex\u00e1gono - Aurelius Jewelry<\/title>\n<meta name=\"robots\" content=\"index, follow, max-snippet:-1, max-image-preview:large, max-video-preview:-1\" \/>\n<link rel=\"canonical\" href=\"https:\/\/aureliusjewelry.com\/es\/victoria-anillo-de-compromiso-de-racimo-de-amatista-y-tanzanita-de-hexagono\/\" \/>\n<meta property=\"og:locale\" content=\"es_ES\" \/>\n<meta property=\"og:type\" content=\"article\" \/>\n<meta property=\"og:title\" content=\"Victoria - Anillo de Compromiso de Racimo de Amatista y Tanzanita de Hex\u00e1gono - Aurelius Jewelry\" \/>\n<meta property=\"og:description\" content=\"%\" \/>\n<meta property=\"og:url\" content=\"https:\/\/aureliusjewelry.com\/es\/victoria-anillo-de-compromiso-de-racimo-de-amatista-y-tanzanita-de-hexagono\/\" \/>\n<meta property=\"og:site_name\" content=\"Aurelius Jewelry\" \/>\n<meta property=\"article:publisher\" content=\"https:\/\/www.facebook.com\/AureliusJewelry\/\" \/>\n<meta property=\"article:modified_time\" content=\"2026-03-19T15:25:16+00:00\" \/>\n<meta property=\"og:image\" content=\"https:\/\/aureliusjewelry.com\/wp-content\/uploads\/hexagon-amethyst-cluster-engagement-ring.jpg\" \/>\n\t<meta property=\"og:image:width\" content=\"1920\" \/>\n\t<meta property=\"og:image:height\" content=\"1440\" \/>\n\t<meta property=\"og:image:type\" content=\"image\/jpeg\" \/>\n<meta name=\"twitter:card\" content=\"summary_large_image\" \/>\n<meta name=\"twitter:site\" content=\"@AureliusJewelry\" \/>\n<script type=\"application\/ld+json\" class=\"yoast-schema-graph\">{\"@context\":\"https:\\\/\\\/schema.org\",\"@graph\":[{\"@type\":\"WebPage\",\"@id\":\"https:\\\/\\\/aureliusjewelry.com\\\/es\\\/victoria-anillo-de-compromiso-de-racimo-de-amatista-y-tanzanita-de-hexagono\\\/\",\"url\":\"https:\\\/\\\/aureliusjewelry.com\\\/es\\\/victoria-anillo-de-compromiso-de-racimo-de-amatista-y-tanzanita-de-hexagono\\\/\",\"name\":\"Victoria - Anillo de Compromiso de Racimo de Amatista y Tanzanita de Hex\u00e1gono - Aurelius Jewelry\",\"isPartOf\":{\"@id\":\"https:\\\/\\\/aureliusjewelry.com\\\/es\\\/#website\"},\"primaryImageOfPage\":{\"@id\":\"https:\\\/\\\/aureliusjewelry.com\\\/es\\\/victoria-anillo-de-compromiso-de-racimo-de-amatista-y-tanzanita-de-hexagono\\\/#primaryimage\"},\"image\":{\"@id\":\"https:\\\/\\\/aureliusjewelry.com\\\/es\\\/victoria-anillo-de-compromiso-de-racimo-de-amatista-y-tanzanita-de-hexagono\\\/#primaryimage\"},\"thumbnailUrl\":\"https:\\\/\\\/aureliusjewelry.com\\\/wp-content\\\/uploads\\\/hexagon-amethyst-cluster-engagement-ring.jpg\",\"datePublished\":\"2020-04-18T21:47:00+00:00\",\"dateModified\":\"2026-03-19T15:25:16+00:00\",\"breadcrumb\":{\"@id\":\"https:\\\/\\\/aureliusjewelry.com\\\/es\\\/victoria-anillo-de-compromiso-de-racimo-de-amatista-y-tanzanita-de-hexagono\\\/#breadcrumb\"},\"inLanguage\":\"es\",\"potentialAction\":[{\"@type\":\"ReadAction\",\"target\":[\"https:\\\/\\\/aureliusjewelry.com\\\/es\\\/victoria-anillo-de-compromiso-de-racimo-de-amatista-y-tanzanita-de-hexagono\\\/\"]}]},{\"@type\":\"ImageObject\",\"inLanguage\":\"es\",\"@id\":\"https:\\\/\\\/aureliusjewelry.com\\\/es\\\/victoria-anillo-de-compromiso-de-racimo-de-amatista-y-tanzanita-de-hexagono\\\/#primaryimage\",\"url\":\"https:\\\/\\\/aureliusjewelry.com\\\/wp-content\\\/uploads\\\/hexagon-amethyst-cluster-engagement-ring.jpg\",\"contentUrl\":\"https:\\\/\\\/aureliusjewelry.com\\\/wp-content\\\/uploads\\\/hexagon-amethyst-cluster-engagement-ring.jpg\",\"width\":1920,\"height\":1440},{\"@type\":\"BreadcrumbList\",\"@id\":\"https:\\\/\\\/aureliusjewelry.com\\\/es\\\/victoria-anillo-de-compromiso-de-racimo-de-amatista-y-tanzanita-de-hexagono\\\/#breadcrumb\",\"itemListElement\":[{\"@type\":\"ListItem\",\"position\":1,\"name\":\"Home\",\"item\":\"https:\\\/\\\/aureliusjewelry.com\\\/es\\\/\"},{\"@type\":\"ListItem\",\"position\":2,\"name\":\"Shop\",\"item\":\"https:\\\/\\\/aureliusjewelry.com\\\/shop\\\/\"},{\"@type\":\"ListItem\",\"position\":3,\"name\":\"Victoria &#8211; Anillo de Compromiso de Racimo de Amatista y Tanzanita de Hex\u00e1gono\"}]},{\"@type\":\"WebSite\",\"@id\":\"https:\\\/\\\/aureliusjewelry.com\\\/es\\\/#website\",\"url\":\"https:\\\/\\\/aureliusjewelry.com\\\/es\\\/\",\"name\":\"Aurelius Jewelry\",\"description\":\"Handmade Fine Gold Jewelry\",\"publisher\":{\"@id\":\"https:\\\/\\\/aureliusjewelry.com\\\/es\\\/#organization\"},\"potentialAction\":[{\"@type\":\"SearchAction\",\"target\":{\"@type\":\"EntryPoint\",\"urlTemplate\":\"https:\\\/\\\/aureliusjewelry.com\\\/es\\\/?s={search_term_string}\"},\"query-input\":{\"@type\":\"PropertyValueSpecification\",\"valueRequired\":true,\"valueName\":\"search_term_string\"}}],\"inLanguage\":\"es\"},{\"@type\":\"Organization\",\"@id\":\"https:\\\/\\\/aureliusjewelry.com\\\/es\\\/#organization\",\"name\":\"Aurelius Jewelry\",\"url\":\"https:\\\/\\\/aureliusjewelry.com\\\/es\\\/\",\"logo\":{\"@type\":\"ImageObject\",\"inLanguage\":\"es\",\"@id\":\"https:\\\/\\\/aureliusjewelry.com\\\/es\\\/#\\\/schema\\\/logo\\\/image\\\/\",\"url\":\"https:\\\/\\\/aureliusjewelry.com\\\/wp-content\\\/uploads\\\/logo.png\",\"contentUrl\":\"https:\\\/\\\/aureliusjewelry.com\\\/wp-content\\\/uploads\\\/logo.png\",\"width\":400,\"height\":64,\"caption\":\"Aurelius Jewelry\"},\"image\":{\"@id\":\"https:\\\/\\\/aureliusjewelry.com\\\/es\\\/#\\\/schema\\\/logo\\\/image\\\/\"},\"sameAs\":[\"https:\\\/\\\/www.facebook.com\\\/AureliusJewelry\\\/\",\"https:\\\/\\\/x.com\\\/AureliusJewelry\",\"https:\\\/\\\/instagram.com\\\/aureliusjewelry\",\"https:\\\/\\\/www.pinterest.com\\\/AureliusJewelry\\\/\"],\"email\":\"info@aureliusjewelry.com\",\"foundingDate\":\"2018-10-01\",\"vatID\":\"SI10391070\",\"hasMerchantReturnPolicy\":{\"@type\":\"MerchantReturnPolicy\",\"merchantReturnLink\":\"https:\\\/\\\/aureliusjewelry.com\\\/our-policies\\\/terms-conditions\\\/\"}}]}<\/script>\n<meta property=\"og:availability\" content=\"backorder\" \/>\n<meta property=\"product:availability\" content=\"available for order\" \/>\n<meta property=\"product:retailer_item_id\" content=\"9491\" \/>\n<meta property=\"product:condition\" content=\"new\" \/>","yoast_head_json":{"title":"Victoria - Anillo de Compromiso de Racimo de Amatista y Tanzanita de Hex\u00e1gono - Aurelius Jewelry","robots":{"index":"index","follow":"follow","max-snippet":"max-snippet:-1","max-image-preview":"max-image-preview:large","max-video-preview":"max-video-preview:-1"},"canonical":"https:\/\/aureliusjewelry.com\/es\/victoria-anillo-de-compromiso-de-racimo-de-amatista-y-tanzanita-de-hexagono\/","og_locale":"es_ES","og_type":"article","og_title":"Victoria - Anillo de Compromiso de Racimo de Amatista y Tanzanita de Hex\u00e1gono - Aurelius Jewelry","og_description":"%","og_url":"https:\/\/aureliusjewelry.com\/es\/victoria-anillo-de-compromiso-de-racimo-de-amatista-y-tanzanita-de-hexagono\/","og_site_name":"Aurelius Jewelry","article_publisher":"https:\/\/www.facebook.com\/AureliusJewelry\/","article_modified_time":"2026-03-19T15:25:16+00:00","og_image":[{"width":1920,"height":1440,"url":"https:\/\/aureliusjewelry.com\/wp-content\/uploads\/hexagon-amethyst-cluster-engagement-ring.jpg","type":"image\/jpeg"}],"twitter_card":"summary_large_image","twitter_site":"@AureliusJewelry","schema":{"@context":"https:\/\/schema.org","@graph":[{"@type":"WebPage","@id":"https:\/\/aureliusjewelry.com\/es\/victoria-anillo-de-compromiso-de-racimo-de-amatista-y-tanzanita-de-hexagono\/","url":"https:\/\/aureliusjewelry.com\/es\/victoria-anillo-de-compromiso-de-racimo-de-amatista-y-tanzanita-de-hexagono\/","name":"Victoria - Anillo de Compromiso de Racimo de Amatista y Tanzanita de Hex\u00e1gono - Aurelius Jewelry","isPartOf":{"@id":"https:\/\/aureliusjewelry.com\/es\/#website"},"primaryImageOfPage":{"@id":"https:\/\/aureliusjewelry.com\/es\/victoria-anillo-de-compromiso-de-racimo-de-amatista-y-tanzanita-de-hexagono\/#primaryimage"},"image":{"@id":"https:\/\/aureliusjewelry.com\/es\/victoria-anillo-de-compromiso-de-racimo-de-amatista-y-tanzanita-de-hexagono\/#primaryimage"},"thumbnailUrl":"https:\/\/aureliusjewelry.com\/wp-content\/uploads\/hexagon-amethyst-cluster-engagement-ring.jpg","datePublished":"2020-04-18T21:47:00+00:00","dateModified":"2026-03-19T15:25:16+00:00","breadcrumb":{"@id":"https:\/\/aureliusjewelry.com\/es\/victoria-anillo-de-compromiso-de-racimo-de-amatista-y-tanzanita-de-hexagono\/#breadcrumb"},"inLanguage":"es","potentialAction":[{"@type":"ReadAction","target":["https:\/\/aureliusjewelry.com\/es\/victoria-anillo-de-compromiso-de-racimo-de-amatista-y-tanzanita-de-hexagono\/"]}]},{"@type":"ImageObject","inLanguage":"es","@id":"https:\/\/aureliusjewelry.com\/es\/victoria-anillo-de-compromiso-de-racimo-de-amatista-y-tanzanita-de-hexagono\/#primaryimage","url":"https:\/\/aureliusjewelry.com\/wp-content\/uploads\/hexagon-amethyst-cluster-engagement-ring.jpg","contentUrl":"https:\/\/aureliusjewelry.com\/wp-content\/uploads\/hexagon-amethyst-cluster-engagement-ring.jpg","width":1920,"height":1440},{"@type":"BreadcrumbList","@id":"https:\/\/aureliusjewelry.com\/es\/victoria-anillo-de-compromiso-de-racimo-de-amatista-y-tanzanita-de-hexagono\/#breadcrumb","itemListElement":[{"@type":"ListItem","position":1,"name":"Home","item":"https:\/\/aureliusjewelry.com\/es\/"},{"@type":"ListItem","position":2,"name":"Shop","item":"https:\/\/aureliusjewelry.com\/shop\/"},{"@type":"ListItem","position":3,"name":"Victoria &#8211; Anillo de Compromiso de Racimo de Amatista y Tanzanita de Hex\u00e1gono"}]},{"@type":"WebSite","@id":"https:\/\/aureliusjewelry.com\/es\/#website","url":"https:\/\/aureliusjewelry.com\/es\/","name":"Aurelius Jewelry","description":"Handmade Fine Gold Jewelry","publisher":{"@id":"https:\/\/aureliusjewelry.com\/es\/#organization"},"potentialAction":[{"@type":"SearchAction","target":{"@type":"EntryPoint","urlTemplate":"https:\/\/aureliusjewelry.com\/es\/?s={search_term_string}"},"query-input":{"@type":"PropertyValueSpecification","valueRequired":true,"valueName":"search_term_string"}}],"inLanguage":"es"},{"@type":"Organization","@id":"https:\/\/aureliusjewelry.com\/es\/#organization","name":"Aurelius Jewelry","url":"https:\/\/aureliusjewelry.com\/es\/","logo":{"@type":"ImageObject","inLanguage":"es","@id":"https:\/\/aureliusjewelry.com\/es\/#\/schema\/logo\/image\/","url":"https:\/\/aureliusjewelry.com\/wp-content\/uploads\/logo.png","contentUrl":"https:\/\/aureliusjewelry.com\/wp-content\/uploads\/logo.png","width":400,"height":64,"caption":"Aurelius Jewelry"},"image":{"@id":"https:\/\/aureliusjewelry.com\/es\/#\/schema\/logo\/image\/"},"sameAs":["https:\/\/www.facebook.com\/AureliusJewelry\/","https:\/\/x.com\/AureliusJewelry","https:\/\/instagram.com\/aureliusjewelry","https:\/\/www.pinterest.com\/AureliusJewelry\/"],"email":"info@aureliusjewelry.com","foundingDate":"2018-10-01","vatID":"SI10391070","hasMerchantReturnPolicy":{"@type":"MerchantReturnPolicy","merchantReturnLink":"https:\/\/aureliusjewelry.com\/our-policies\/terms-conditions\/"}}]},"og_availability":"backorder","product_availability":"available for order","product_retailer_item_id":"9491","product_condition":"new"},"_links":{"self":[{"href":"https:\/\/aureliusjewelry.com\/es\/wp-json\/wp\/v2\/product\/10898","targetHints":{"allow":["GET"]}}],"collection":[{"href":"https:\/\/aureliusjewelry.com\/es\/wp-json\/wp\/v2\/product"}],"about":[{"href":"https:\/\/aureliusjewelry.com\/es\/wp-json\/wp\/v2\/types\/product"}],"replies":[{"embeddable":true,"href":"https:\/\/aureliusjewelry.com\/es\/wp-json\/wp\/v2\/comments?post=10898"}],"wp:featuredmedia":[{"embeddable":true,"href":"https:\/\/aureliusjewelry.com\/es\/wp-json\/wp\/v2\/media\/26357"}],"wp:attachment":[{"href":"https:\/\/aureliusjewelry.com\/es\/wp-json\/wp\/v2\/media?parent=10898"}],"wp:term":[{"taxonomy":"product_brand","embeddable":true,"href":"https:\/\/aureliusjewelry.com\/es\/wp-json\/wp\/v2\/product_brand?post=10898"},{"taxonomy":"product_cat","embeddable":true,"href":"https:\/\/aureliusjewelry.com\/es\/wp-json\/wp\/v2\/product_cat?post=10898"},{"taxonomy":"product_tag","embeddable":true,"href":"https:\/\/aureliusjewelry.com\/es\/wp-json\/wp\/v2\/product_tag?post=10898"}],"curies":[{"name":"wp","href":"https:\/\/api.w.org\/{rel}","templated":true}]}}