{"id":27855,"date":"2021-05-13T13:52:44","date_gmt":"2021-05-13T11:52:44","guid":{"rendered":"http:\/\/127.0.0.1\/guias\/"},"modified":"2021-05-14T16:49:31","modified_gmt":"2021-05-14T14:49:31","slug":"guias","status":"publish","type":"page","link":"https:\/\/aureliusjewelry.com\/es\/guias\/","title":{"rendered":"Gu\u00edas"},"content":{"rendered":"<div class=\"wpb-content-wrapper\"><p>[vc_row content_placement=\u00bbmiddle\u00bb seperator_enable=\u00bbseperator_enable_value\u00bb seperator_position=\u00bbbottom_seperator\u00bb][vc_column width=\u00bb1\/3&#8243;][vc_single_image image=\u00bb16029&#8243; img_size=\u00bbfull\u00bb][\/vc_column][vc_column width=\u00bb2\/3&#8243;][vc_column_text]<\/p>\n<h2 style=\"margin-top: 0px!important;\">Gu\u00eda de piedras de nacimiento por mes &#8211; Encuentra tu piedra preciosa<\/h2>\n<p>Cada piedra preciosa se clasifica por mes y tambi\u00e9n son llamadas piedra de nacimiento. Las piedras preciosas, con sus fascinantes colores, muestran una conexi\u00f3n eterna y espiritual con el portador.[\/vc_column_text][vc_btn title=\u00bbSeguir leyendo\u00bb align=\u00bbleft\u00bb link=\u00bburl:https%3A%2F%2Faureliusjewelry.com%2Fes%2Fguias%2Fguia-de-piedras-de-nacimiento-por-mes-encuentra-tu-piedra-preciosa%2F|title:Gu%C3%ADa%20de%20piedras%20de%20nacimiento%20por%20mes%20-%20Encuentra%20tu%20piedra%20preciosa\u00bb css=\u00bb.vc_custom_1621003667908{margin-top: 10px !important;}\u00bb][\/vc_column][\/vc_row][vc_row][vc_column][vc_separator css=\u00bb.vc_custom_1611491503128{padding-top: 40px !important;padding-bottom: 40px !important;}\u00bb][\/vc_column][\/vc_row][vc_row content_placement=\u00bbmiddle\u00bb seperator_enable=\u00bbseperator_enable_value\u00bb seperator_position=\u00bbbottom_seperator\u00bb][vc_column width=\u00bb1\/3&#8243;][vc_single_image image=\u00bb15308&#8243; img_size=\u00bbfull\u00bb][\/vc_column][vc_column width=\u00bb2\/3&#8243;][vc_column_text]<\/p>\n<h2 style=\"margin-top: 0px!important;\">Zafiro, la piedra de la realeza &#8211; Todo sobre los zafiros<\/h2>\n<p>\u00bfUsted y su elegido se sienten reales? Para recompensar a su reina con la joya de la corona, considere las joyas con zafiro, que rezuman realeza. Si no est\u00e1 seguro de cu\u00e1l debe elegir, preparamos una gu\u00eda para usted.[\/vc_column_text][vc_btn title=\u00bbSeguir leyendo\u00bb align=\u00bbleft\u00bb link=\u00bburl:https%3A%2F%2Faureliusjewelry.com%2Fes%2Fguias%2Fzafiro-la-piedra-de-la-realeza-todo-sobre-los-zafiros%2F|title:Zafiro%2C%20la%20piedra%20de%20la%20realeza%20-%20Todo%20sobre%20los%20zafiros\u00bb css=\u00bb.vc_custom_1621003678263{margin-top: 10px !important;}\u00bb][\/vc_column][\/vc_row][vc_row][vc_column][vc_separator css=\u00bb.vc_custom_1611491503128{padding-top: 40px !important;padding-bottom: 40px !important;}\u00bb][\/vc_column][\/vc_row][vc_row content_placement=\u00bbmiddle\u00bb seperator_enable=\u00bbseperator_enable_value\u00bb seperator_position=\u00bbbottom_seperator\u00bb][vc_column width=\u00bb1\/3&#8243;][vc_single_image image=\u00bb14291&#8243; img_size=\u00bbfull\u00bb][\/vc_column][vc_column width=\u00bb2\/3&#8243;][vc_column_text]<\/p>\n<h2 style=\"margin-top: 0px!important;\">Piedra de \u00e1gata musgo: La gu\u00eda completa<\/h2>\n<p>La joyer\u00eda con tachuelas de piedra ha sido un accesorio elegante que siempre est\u00e1 de moda. La raz\u00f3n es que resalta la personalidad, el prestigio y el poder. Una de esas piedras que da poder a su portador es el \u00e1gata musgo.[\/vc_column_text][vc_btn title=\u00bbSeguir leyendo\u00bb align=\u00bbleft\u00bb link=\u00bburl:https%3A%2F%2Faureliusjewelry.com%2Fes%2Fguias%2Fpiedra-de-agata-musgo-la-guia-completa%2F|title:Piedra%20de%20%C3%A1gata%20musgo%3A%20La%20gu%C3%ADa%20completa\u00bb css=\u00bb.vc_custom_1621003705853{margin-top: 10px !important;}\u00bb][\/vc_column][\/vc_row][vc_row][vc_column][vc_separator css=\u00bb.vc_custom_1611491503128{padding-top: 40px !important;padding-bottom: 40px !important;}\u00bb][\/vc_column][\/vc_row][vc_row content_placement=\u00bbmiddle\u00bb][vc_column width=\u00bb1\/3&#8243;][vc_single_image image=\u00bb14311&#8243; img_size=\u00bbfull\u00bb][\/vc_column][vc_column width=\u00bb2\/3&#8243;][vc_column_text]<\/p>\n<h2 style=\"margin-top: 0px!important;\">Gu\u00eda de anillos de compromiso de diamantes de sal y pimienta<\/h2>\n<p>Si siempre te gust\u00f3 el brillo de los diamantes pero quer\u00edas algo verdaderamente \u00fanico, entonces los diamantes Salt and Pepper son la respuesta. Para comprender completamente de qu\u00e9 se tratan, preparamos una gu\u00eda para ayudarlo a decidir.[\/vc_column_text][vc_btn title=\u00bbSeguir leyendo\u00bb align=\u00bbleft\u00bb link=\u00bburl:https%3A%2F%2Faureliusjewelry.com%2Fes%2Fguias%2Fguia-de-anillos-de-compromiso-de-diamantes-de-sal-y-pimienta%2F|title:Gu%C3%ADa%20de%20anillos%20de%20compromiso%20de%20diamantes%20de%20sal%20y%20pimienta\u00bb css=\u00bb.vc_custom_1621003736334{margin-top: 10px !important;}\u00bb][\/vc_column][\/vc_row][vc_row][vc_column][vc_separator css=\u00bb.vc_custom_1611491503128{padding-top: 40px !important;padding-bottom: 40px !important;}\u00bb][\/vc_column][\/vc_row][vc_row content_placement=\u00bbmiddle\u00bb css=\u00bb.vc_custom_1611491236826{padding-bottom: 50px !important;}\u00bb][vc_column width=\u00bb1\/3&#8243;][vc_single_image image=\u00bb14316&#8243; img_size=\u00bbfull\u00bb][\/vc_column][vc_column width=\u00bb2\/3&#8243;][vc_column_text]<\/p>\n<h2 style=\"margin-top: 0px!important;\">Gu\u00eda de tallas de anillos &#8211; Encuentra la talla correcta del anillo<\/h2>\n<p>Hemos preparado una gu\u00eda de tallas de anillos porque comprar un anillo ser\u00e1 una de las compras m\u00e1s importantes de tu vida y necesitas encontrar el ajuste perfecto.[\/vc_column_text][vc_btn title=\u00bbSeguir leyendo\u00bb align=\u00bbleft\u00bb link=\u00bburl:https%3A%2F%2Faureliusjewelry.com%2Fes%2Fguias%2Fguia-de-tallas-de-anillos-encuentra-la-talla-correcta-del-anillo%2F|title:Gu%C3%ADa%20de%20tallas%20de%20anillos%20-%20Encuentra%20la%20talla%20correcta%20del%20anillo\u00bb css=\u00bb.vc_custom_1621003762589{margin-top: 10px !important;}\u00bb][\/vc_column][\/vc_row][vc_row][vc_column][vc_separator css=\u00bb.vc_custom_1611491503128{padding-top: 40px !important;padding-bottom: 40px !important;}\u00bb][\/vc_column][\/vc_row]<\/p>\n<\/div>","protected":false},"excerpt":{"rendered":"<p>[vc_row content_placement=\u00bbmiddle\u00bb seperator_enable=\u00bbseperator_enable_value\u00bb seperator_position=\u00bbbottom_seperator\u00bb][vc_column width=\u00bb1\/3&#8243;][vc_single_image image=\u00bb16029&#8243; img_size=\u00bbfull\u00bb][\/vc_column][vc_column width=\u00bb2\/3&#8243;][vc_column_text] Gu\u00eda de piedras de nacimiento por mes &#8211; Encuentra tu piedra preciosa Cada piedra preciosa se clasifica por mes y tambi\u00e9n son llamadas piedra de nacimiento. Las piedras preciosas, con sus fascinantes colores, muestran una conexi\u00f3n eterna y espiritual con el portador.[\/vc_column_text][vc_btn title=\u00bbSeguir leyendo\u00bb align=\u00bbleft\u00bb link=\u00bburl:https%3A%2F%2Faureliusjewelry.com%2Fes%2Fguias%2Fguia-de-piedras-de-nacimiento-por-mes-encuentra-tu-piedra-preciosa%2F|title:Gu%C3%ADa%20de%20piedras%20de%20nacimiento%20por%20mes%20-%20Encuentra%20tu%20piedra%20preciosa\u00bb css=\u00bb.vc_custom_1621003667908{margin-top: [&hellip;]<\/p>\n","protected":false},"author":1,"featured_media":0,"parent":0,"menu_order":40,"comment_status":"closed","ping_status":"closed","template":"template-boxed.php","meta":{"footnotes":""},"class_list":["post-27855","page","type-page","status-publish","hentry"],"yoast_head":"<title>Gu\u00edas - Aurelius Jewelry<\/title>\n<meta name=\"description\" content=\"%\" \/>\n<meta name=\"robots\" content=\"index, follow, max-snippet:-1, max-image-preview:large, max-video-preview:-1\" \/>\n<link rel=\"canonical\" href=\"https:\/\/aureliusjewelry.com\/es\/guias\/\" \/>\n<meta property=\"og:locale\" content=\"es_ES\" \/>\n<meta property=\"og:type\" content=\"article\" \/>\n<meta property=\"og:title\" content=\"Gu\u00edas - Aurelius Jewelry\" \/>\n<meta property=\"og:description\" content=\"%\" \/>\n<meta property=\"og:url\" content=\"https:\/\/aureliusjewelry.com\/es\/guias\/\" \/>\n<meta property=\"og:site_name\" content=\"Aurelius Jewelry\" \/>\n<meta property=\"article:publisher\" content=\"https:\/\/www.facebook.com\/AureliusJewelry\/\" \/>\n<meta property=\"article:modified_time\" content=\"2021-05-14T14:49:31+00:00\" \/>\n<meta name=\"twitter:card\" content=\"summary_large_image\" \/>\n<meta name=\"twitter:site\" content=\"@AureliusJewelry\" \/>\n<script type=\"application\/ld+json\" class=\"yoast-schema-graph\">{\"@context\":\"https:\\\/\\\/schema.org\",\"@graph\":[{\"@type\":\"Article\",\"@id\":\"https:\\\/\\\/aureliusjewelry.com\\\/es\\\/guias\\\/#article\",\"isPartOf\":{\"@id\":\"https:\\\/\\\/aureliusjewelry.com\\\/es\\\/guias\\\/\"},\"author\":{\"name\":\"samko\",\"@id\":\"https:\\\/\\\/aureliusjewelry.com\\\/es\\\/#\\\/schema\\\/person\\\/af7f98ef5ddb3f951e5cfca3be977be5\"},\"headline\":\"Gu\u00edas\",\"datePublished\":\"2021-05-13T11:52:44+00:00\",\"dateModified\":\"2021-05-14T14:49:31+00:00\",\"mainEntityOfPage\":{\"@id\":\"https:\\\/\\\/aureliusjewelry.com\\\/es\\\/guias\\\/\"},\"wordCount\":713,\"publisher\":{\"@id\":\"https:\\\/\\\/aureliusjewelry.com\\\/es\\\/#organization\"},\"inLanguage\":\"es\"},{\"@type\":\"WebPage\",\"@id\":\"https:\\\/\\\/aureliusjewelry.com\\\/es\\\/guias\\\/\",\"url\":\"https:\\\/\\\/aureliusjewelry.com\\\/es\\\/guias\\\/\",\"name\":\"Gu\u00edas - Aurelius Jewelry\",\"isPartOf\":{\"@id\":\"https:\\\/\\\/aureliusjewelry.com\\\/es\\\/#website\"},\"datePublished\":\"2021-05-13T11:52:44+00:00\",\"dateModified\":\"2021-05-14T14:49:31+00:00\",\"description\":\"%\",\"breadcrumb\":{\"@id\":\"https:\\\/\\\/aureliusjewelry.com\\\/es\\\/guias\\\/#breadcrumb\"},\"inLanguage\":\"es\",\"potentialAction\":[{\"@type\":\"ReadAction\",\"target\":[\"https:\\\/\\\/aureliusjewelry.com\\\/es\\\/guias\\\/\"]}]},{\"@type\":\"BreadcrumbList\",\"@id\":\"https:\\\/\\\/aureliusjewelry.com\\\/es\\\/guias\\\/#breadcrumb\",\"itemListElement\":[{\"@type\":\"ListItem\",\"position\":1,\"name\":\"Home\",\"item\":\"https:\\\/\\\/aureliusjewelry.com\\\/es\\\/\"},{\"@type\":\"ListItem\",\"position\":2,\"name\":\"Gu\u00edas\"}]},{\"@type\":\"WebSite\",\"@id\":\"https:\\\/\\\/aureliusjewelry.com\\\/es\\\/#website\",\"url\":\"https:\\\/\\\/aureliusjewelry.com\\\/es\\\/\",\"name\":\"Aurelius Jewelry\",\"description\":\"Handmade Fine Gold Jewelry\",\"publisher\":{\"@id\":\"https:\\\/\\\/aureliusjewelry.com\\\/es\\\/#organization\"},\"potentialAction\":[{\"@type\":\"SearchAction\",\"target\":{\"@type\":\"EntryPoint\",\"urlTemplate\":\"https:\\\/\\\/aureliusjewelry.com\\\/es\\\/?s={search_term_string}\"},\"query-input\":{\"@type\":\"PropertyValueSpecification\",\"valueRequired\":true,\"valueName\":\"search_term_string\"}}],\"inLanguage\":\"es\"},{\"@type\":\"Organization\",\"@id\":\"https:\\\/\\\/aureliusjewelry.com\\\/es\\\/#organization\",\"name\":\"Aurelius Jewelry\",\"url\":\"https:\\\/\\\/aureliusjewelry.com\\\/es\\\/\",\"logo\":{\"@type\":\"ImageObject\",\"inLanguage\":\"es\",\"@id\":\"https:\\\/\\\/aureliusjewelry.com\\\/es\\\/#\\\/schema\\\/logo\\\/image\\\/\",\"url\":\"https:\\\/\\\/aureliusjewelry.com\\\/wp-content\\\/uploads\\\/logo.png\",\"contentUrl\":\"https:\\\/\\\/aureliusjewelry.com\\\/wp-content\\\/uploads\\\/logo.png\",\"width\":400,\"height\":64,\"caption\":\"Aurelius Jewelry\"},\"image\":{\"@id\":\"https:\\\/\\\/aureliusjewelry.com\\\/es\\\/#\\\/schema\\\/logo\\\/image\\\/\"},\"sameAs\":[\"https:\\\/\\\/www.facebook.com\\\/AureliusJewelry\\\/\",\"https:\\\/\\\/x.com\\\/AureliusJewelry\",\"https:\\\/\\\/instagram.com\\\/aureliusjewelry\",\"https:\\\/\\\/www.pinterest.com\\\/AureliusJewelry\\\/\"],\"email\":\"info@aureliusjewelry.com\",\"foundingDate\":\"2018-10-01\",\"vatID\":\"SI10391070\",\"hasMerchantReturnPolicy\":{\"@type\":\"MerchantReturnPolicy\",\"merchantReturnLink\":\"https:\\\/\\\/aureliusjewelry.com\\\/our-policies\\\/terms-conditions\\\/\"}},{\"@type\":\"Person\",\"@id\":\"https:\\\/\\\/aureliusjewelry.com\\\/es\\\/#\\\/schema\\\/person\\\/af7f98ef5ddb3f951e5cfca3be977be5\",\"name\":\"samko\"}]}<\/script>","yoast_head_json":{"title":"Gu\u00edas - Aurelius Jewelry","description":"%","robots":{"index":"index","follow":"follow","max-snippet":"max-snippet:-1","max-image-preview":"max-image-preview:large","max-video-preview":"max-video-preview:-1"},"canonical":"https:\/\/aureliusjewelry.com\/es\/guias\/","og_locale":"es_ES","og_type":"article","og_title":"Gu\u00edas - Aurelius Jewelry","og_description":"%","og_url":"https:\/\/aureliusjewelry.com\/es\/guias\/","og_site_name":"Aurelius Jewelry","article_publisher":"https:\/\/www.facebook.com\/AureliusJewelry\/","article_modified_time":"2021-05-14T14:49:31+00:00","twitter_card":"summary_large_image","twitter_site":"@AureliusJewelry","schema":{"@context":"https:\/\/schema.org","@graph":[{"@type":"Article","@id":"https:\/\/aureliusjewelry.com\/es\/guias\/#article","isPartOf":{"@id":"https:\/\/aureliusjewelry.com\/es\/guias\/"},"author":{"name":"samko","@id":"https:\/\/aureliusjewelry.com\/es\/#\/schema\/person\/af7f98ef5ddb3f951e5cfca3be977be5"},"headline":"Gu\u00edas","datePublished":"2021-05-13T11:52:44+00:00","dateModified":"2021-05-14T14:49:31+00:00","mainEntityOfPage":{"@id":"https:\/\/aureliusjewelry.com\/es\/guias\/"},"wordCount":713,"publisher":{"@id":"https:\/\/aureliusjewelry.com\/es\/#organization"},"inLanguage":"es"},{"@type":"WebPage","@id":"https:\/\/aureliusjewelry.com\/es\/guias\/","url":"https:\/\/aureliusjewelry.com\/es\/guias\/","name":"Gu\u00edas - Aurelius Jewelry","isPartOf":{"@id":"https:\/\/aureliusjewelry.com\/es\/#website"},"datePublished":"2021-05-13T11:52:44+00:00","dateModified":"2021-05-14T14:49:31+00:00","description":"%","breadcrumb":{"@id":"https:\/\/aureliusjewelry.com\/es\/guias\/#breadcrumb"},"inLanguage":"es","potentialAction":[{"@type":"ReadAction","target":["https:\/\/aureliusjewelry.com\/es\/guias\/"]}]},{"@type":"BreadcrumbList","@id":"https:\/\/aureliusjewelry.com\/es\/guias\/#breadcrumb","itemListElement":[{"@type":"ListItem","position":1,"name":"Home","item":"https:\/\/aureliusjewelry.com\/es\/"},{"@type":"ListItem","position":2,"name":"Gu\u00edas"}]},{"@type":"WebSite","@id":"https:\/\/aureliusjewelry.com\/es\/#website","url":"https:\/\/aureliusjewelry.com\/es\/","name":"Aurelius Jewelry","description":"Handmade Fine Gold Jewelry","publisher":{"@id":"https:\/\/aureliusjewelry.com\/es\/#organization"},"potentialAction":[{"@type":"SearchAction","target":{"@type":"EntryPoint","urlTemplate":"https:\/\/aureliusjewelry.com\/es\/?s={search_term_string}"},"query-input":{"@type":"PropertyValueSpecification","valueRequired":true,"valueName":"search_term_string"}}],"inLanguage":"es"},{"@type":"Organization","@id":"https:\/\/aureliusjewelry.com\/es\/#organization","name":"Aurelius Jewelry","url":"https:\/\/aureliusjewelry.com\/es\/","logo":{"@type":"ImageObject","inLanguage":"es","@id":"https:\/\/aureliusjewelry.com\/es\/#\/schema\/logo\/image\/","url":"https:\/\/aureliusjewelry.com\/wp-content\/uploads\/logo.png","contentUrl":"https:\/\/aureliusjewelry.com\/wp-content\/uploads\/logo.png","width":400,"height":64,"caption":"Aurelius Jewelry"},"image":{"@id":"https:\/\/aureliusjewelry.com\/es\/#\/schema\/logo\/image\/"},"sameAs":["https:\/\/www.facebook.com\/AureliusJewelry\/","https:\/\/x.com\/AureliusJewelry","https:\/\/instagram.com\/aureliusjewelry","https:\/\/www.pinterest.com\/AureliusJewelry\/"],"email":"info@aureliusjewelry.com","foundingDate":"2018-10-01","vatID":"SI10391070","hasMerchantReturnPolicy":{"@type":"MerchantReturnPolicy","merchantReturnLink":"https:\/\/aureliusjewelry.com\/our-policies\/terms-conditions\/"}},{"@type":"Person","@id":"https:\/\/aureliusjewelry.com\/es\/#\/schema\/person\/af7f98ef5ddb3f951e5cfca3be977be5","name":"samko"}]}},"_links":{"self":[{"href":"https:\/\/aureliusjewelry.com\/es\/wp-json\/wp\/v2\/pages\/27855","targetHints":{"allow":["GET"]}}],"collection":[{"href":"https:\/\/aureliusjewelry.com\/es\/wp-json\/wp\/v2\/pages"}],"about":[{"href":"https:\/\/aureliusjewelry.com\/es\/wp-json\/wp\/v2\/types\/page"}],"author":[{"embeddable":true,"href":"https:\/\/aureliusjewelry.com\/es\/wp-json\/wp\/v2\/users\/1"}],"replies":[{"embeddable":true,"href":"https:\/\/aureliusjewelry.com\/es\/wp-json\/wp\/v2\/comments?post=27855"}],"version-history":[{"count":0,"href":"https:\/\/aureliusjewelry.com\/es\/wp-json\/wp\/v2\/pages\/27855\/revisions"}],"wp:attachment":[{"href":"https:\/\/aureliusjewelry.com\/es\/wp-json\/wp\/v2\/media?parent=27855"}],"curies":[{"name":"wp","href":"https:\/\/api.w.org\/{rel}","templated":true}]}}