{"id":50129,"date":"2023-10-31T00:02:33","date_gmt":"2023-10-30T22:02:33","guid":{"rendered":"http:\/\/aureliusjewelry.com\/product\/drachenfoermiger-moissanit-verlobungsring-mit-zwei-diamantringen-im-brautring-set\/"},"modified":"2026-03-19T22:00:59","modified_gmt":"2026-03-19T20:00:59","slug":"drachenfoermiger-moissanit-verlobungsring-mit-zwei-diamantringen-im-brautring-set","status":"publish","type":"product","link":"https:\/\/aureliusjewelry.com\/de\/drachenfoermiger-moissanit-verlobungsring-mit-zwei-diamantringen-im-brautring-set\/","title":{"rendered":"Drachenf\u00f6rmiger Moissanit-Verlobungsring mit zwei Diamantringen im Brautring-Set"},"content":{"rendered":"<p><strong>Verlobungsring<\/strong><\/p>\n<ul>\n<li>Drachen-Moissaniten<\/li>\n<li>ca. 10x7mm<\/li>\n<li>Marquiseund runde Diamanten<\/li>\n<li>ca. 3&#215;1.5mm (2), 1.25mm (4)<\/li>\n<li>F\/G-Farbe, VS-Klarheit, konfliktfrei<\/li>\n<li><strong>Hochzeitsband 1<\/strong>\n<ul>\n<li>Marquiseund runde Diamanten<\/li>\n<li>ca. 3&#215;1.5mm (2), 1.25mm (4)<\/li>\n<li>F\/G-Farbe, VS-Klarheit, konfliktfrei<\/li>\n<li><strong>Hochzeitsband 2<\/strong>\n<ul>\n<li>runde Diamanten<\/li>\n<li>ca. 2mm, 1.75mm (2), 1.55mm (2), 1.25mm (2)<\/li>\n<li>F\/G-Farbe, VS-Klarheit, konfliktfrei<\/li>\n<\/ul>\n<p><strong>Bandma\u00dfe und Material<\/strong><\/p>\n<ul>\n<li>1.5mm breit, 1.6mm dick<\/li>\n<li>erh\u00e4ltlich in 14-kar\u00e4tigem\/18-kar\u00e4tigem Gelb-, Wei\u00dfoder Ros\u00e9gold und Platin<\/li>\n<li>US-Ringgr\u00f6\u00dfe 3\u20139, kleinere oder gr\u00f6\u00dfere Gr\u00f6\u00dfen auf Anfrage erh\u00e4ltlich<\/li>\n<\/ul>\n<\/li>\n<\/ul>\n<\/li>\n<\/ul>\n","protected":false},"excerpt":{"rendered":"<p>Stapeln Sie Stapel auf Stapel, dieses 3-Band-Brautring-Set aus Kite-Moissanit und Diamant ist definitiv nichts f\u00fcr schwache Nerven! Der kantige Moissanit, der als Mittelstein ausgew\u00e4hlt wurde, wird durch Marquise- und runde Diamanten erg\u00e4nzt, um seine einzigartige Sch\u00f6nheit zu unterstreichen. Um den Look zu vervollst\u00e4ndigen, haben wir nicht nur ein, sondern zwei passende Armb\u00e4nder hinzugef\u00fcgt \u2013 eines f\u00fcr Ihren Hochzeitstag und eines f\u00fcr Ihren ersten Jahrestag oder die Geburt Ihres ersten B\u00fcndels voller Freude.<\/p>\n","protected":false},"featured_media":41453,"comment_status":"open","ping_status":"closed","template":"","meta":[],"product_brand":[],"product_cat":[1527,519,479,536,471],"product_tag":[1192,1210,728,633,1069],"class_list":{"0":"post-50129","1":"product","2":"type-product","3":"status-publish","4":"has-post-thumbnail","6":"product_cat-3-teiliges-ehering-set","7":"product_cat-ehering-sets","8":"product_cat-gepaart","9":"product_cat-ringe","10":"product_cat-zeitgenossisch","11":"product_tag-drachen","12":"product_tag-moissanite-de","13":"product_tag-production_time_3_5-de","14":"product_tag-ringe-tag","15":"product_tag-ringe-de","17":"first","18":"onbackorder","19":"sold-individually","20":"taxable","21":"shipping-taxable","22":"purchasable","23":"product-type-variable"},"yoast_head":"<title>Drachenf\u00f6rmiger Moissanit-Verlobungsring mit zwei Diamantringen im Brautring-Set - Aurelius Jewelry<\/title>\n<meta name=\"robots\" content=\"index, follow, max-snippet:-1, max-image-preview:large, max-video-preview:-1\" \/>\n<link rel=\"canonical\" href=\"https:\/\/aureliusjewelry.com\/de\/drachenfoermiger-moissanit-verlobungsring-mit-zwei-diamantringen-im-brautring-set\/\" \/>\n<meta property=\"og:locale\" content=\"de_DE\" \/>\n<meta property=\"og:type\" content=\"article\" \/>\n<meta property=\"og:title\" content=\"Drachenf\u00f6rmiger Moissanit-Verlobungsring mit zwei Diamantringen im Brautring-Set - Aurelius Jewelry\" \/>\n<meta property=\"og:description\" content=\"%\" \/>\n<meta property=\"og:url\" content=\"https:\/\/aureliusjewelry.com\/de\/drachenfoermiger-moissanit-verlobungsring-mit-zwei-diamantringen-im-brautring-set\/\" \/>\n<meta property=\"og:site_name\" content=\"Aurelius Jewelry\" \/>\n<meta property=\"article:publisher\" content=\"https:\/\/www.facebook.com\/AureliusJewelry\/\" \/>\n<meta property=\"article:modified_time\" content=\"2026-03-19T20:00:59+00:00\" \/>\n<meta property=\"og:image\" content=\"https:\/\/aureliusjewelry.com\/wp-content\/uploads\/three-band-kite-moissanite-ring-set-marquise-diamond.jpg\" \/>\n\t<meta property=\"og:image:width\" content=\"1920\" \/>\n\t<meta property=\"og:image:height\" content=\"1440\" \/>\n\t<meta property=\"og:image:type\" content=\"image\/jpeg\" \/>\n<meta name=\"twitter:card\" content=\"summary_large_image\" \/>\n<meta name=\"twitter:site\" content=\"@AureliusJewelry\" \/>\n<script type=\"application\/ld+json\" class=\"yoast-schema-graph\">{\"@context\":\"https:\\\/\\\/schema.org\",\"@graph\":[{\"@type\":\"WebPage\",\"@id\":\"https:\\\/\\\/aureliusjewelry.com\\\/de\\\/drachenfoermiger-moissanit-verlobungsring-mit-zwei-diamantringen-im-brautring-set\\\/\",\"url\":\"https:\\\/\\\/aureliusjewelry.com\\\/de\\\/drachenfoermiger-moissanit-verlobungsring-mit-zwei-diamantringen-im-brautring-set\\\/\",\"name\":\"Drachenf\u00f6rmiger Moissanit-Verlobungsring mit zwei Diamantringen im Brautring-Set - Aurelius Jewelry\",\"isPartOf\":{\"@id\":\"https:\\\/\\\/aureliusjewelry.com\\\/de\\\/#website\"},\"primaryImageOfPage\":{\"@id\":\"https:\\\/\\\/aureliusjewelry.com\\\/de\\\/drachenfoermiger-moissanit-verlobungsring-mit-zwei-diamantringen-im-brautring-set\\\/#primaryimage\"},\"image\":{\"@id\":\"https:\\\/\\\/aureliusjewelry.com\\\/de\\\/drachenfoermiger-moissanit-verlobungsring-mit-zwei-diamantringen-im-brautring-set\\\/#primaryimage\"},\"thumbnailUrl\":\"https:\\\/\\\/aureliusjewelry.com\\\/wp-content\\\/uploads\\\/three-band-kite-moissanite-ring-set-marquise-diamond.jpg\",\"datePublished\":\"2023-10-30T22:02:33+00:00\",\"dateModified\":\"2026-03-19T20:00:59+00:00\",\"breadcrumb\":{\"@id\":\"https:\\\/\\\/aureliusjewelry.com\\\/de\\\/drachenfoermiger-moissanit-verlobungsring-mit-zwei-diamantringen-im-brautring-set\\\/#breadcrumb\"},\"inLanguage\":\"de\",\"potentialAction\":[{\"@type\":\"ReadAction\",\"target\":[\"https:\\\/\\\/aureliusjewelry.com\\\/de\\\/drachenfoermiger-moissanit-verlobungsring-mit-zwei-diamantringen-im-brautring-set\\\/\"]}]},{\"@type\":\"ImageObject\",\"inLanguage\":\"de\",\"@id\":\"https:\\\/\\\/aureliusjewelry.com\\\/de\\\/drachenfoermiger-moissanit-verlobungsring-mit-zwei-diamantringen-im-brautring-set\\\/#primaryimage\",\"url\":\"https:\\\/\\\/aureliusjewelry.com\\\/wp-content\\\/uploads\\\/three-band-kite-moissanite-ring-set-marquise-diamond.jpg\",\"contentUrl\":\"https:\\\/\\\/aureliusjewelry.com\\\/wp-content\\\/uploads\\\/three-band-kite-moissanite-ring-set-marquise-diamond.jpg\",\"width\":1920,\"height\":1440},{\"@type\":\"BreadcrumbList\",\"@id\":\"https:\\\/\\\/aureliusjewelry.com\\\/de\\\/drachenfoermiger-moissanit-verlobungsring-mit-zwei-diamantringen-im-brautring-set\\\/#breadcrumb\",\"itemListElement\":[{\"@type\":\"ListItem\",\"position\":1,\"name\":\"Home\",\"item\":\"https:\\\/\\\/aureliusjewelry.com\\\/de\\\/\"},{\"@type\":\"ListItem\",\"position\":2,\"name\":\"Shop\",\"item\":\"https:\\\/\\\/aureliusjewelry.com\\\/de\\\/shop\\\/\"},{\"@type\":\"ListItem\",\"position\":3,\"name\":\"Drachenf\u00f6rmiger Moissanit-Verlobungsring mit zwei Diamantringen im Brautring-Set\"}]},{\"@type\":\"WebSite\",\"@id\":\"https:\\\/\\\/aureliusjewelry.com\\\/de\\\/#website\",\"url\":\"https:\\\/\\\/aureliusjewelry.com\\\/de\\\/\",\"name\":\"Aurelius Jewelry\",\"description\":\"Handmade Fine Gold Jewelry\",\"publisher\":{\"@id\":\"https:\\\/\\\/aureliusjewelry.com\\\/de\\\/#organization\"},\"potentialAction\":[{\"@type\":\"SearchAction\",\"target\":{\"@type\":\"EntryPoint\",\"urlTemplate\":\"https:\\\/\\\/aureliusjewelry.com\\\/de\\\/?s={search_term_string}\"},\"query-input\":{\"@type\":\"PropertyValueSpecification\",\"valueRequired\":true,\"valueName\":\"search_term_string\"}}],\"inLanguage\":\"de\"},{\"@type\":\"Organization\",\"@id\":\"https:\\\/\\\/aureliusjewelry.com\\\/de\\\/#organization\",\"name\":\"Aurelius Jewelry\",\"url\":\"https:\\\/\\\/aureliusjewelry.com\\\/de\\\/\",\"logo\":{\"@type\":\"ImageObject\",\"inLanguage\":\"de\",\"@id\":\"https:\\\/\\\/aureliusjewelry.com\\\/de\\\/#\\\/schema\\\/logo\\\/image\\\/\",\"url\":\"https:\\\/\\\/aureliusjewelry.com\\\/wp-content\\\/uploads\\\/logo.png\",\"contentUrl\":\"https:\\\/\\\/aureliusjewelry.com\\\/wp-content\\\/uploads\\\/logo.png\",\"width\":400,\"height\":64,\"caption\":\"Aurelius Jewelry\"},\"image\":{\"@id\":\"https:\\\/\\\/aureliusjewelry.com\\\/de\\\/#\\\/schema\\\/logo\\\/image\\\/\"},\"sameAs\":[\"https:\\\/\\\/www.facebook.com\\\/AureliusJewelry\\\/\",\"https:\\\/\\\/x.com\\\/AureliusJewelry\",\"https:\\\/\\\/instagram.com\\\/aureliusjewelry\",\"https:\\\/\\\/www.pinterest.com\\\/AureliusJewelry\\\/\"],\"email\":\"info@aureliusjewelry.com\",\"foundingDate\":\"2018-10-01\",\"vatID\":\"SI10391070\",\"hasMerchantReturnPolicy\":{\"@type\":\"MerchantReturnPolicy\",\"merchantReturnLink\":\"https:\\\/\\\/aureliusjewelry.com\\\/our-policies\\\/terms-conditions\\\/\"}}]}<\/script>\n<meta property=\"og:availability\" content=\"backorder\" \/>\n<meta property=\"product:availability\" content=\"available for order\" \/>\n<meta property=\"product:retailer_item_id\" content=\"41448\" \/>\n<meta property=\"product:condition\" content=\"new\" \/>","yoast_head_json":{"title":"Drachenf\u00f6rmiger Moissanit-Verlobungsring mit zwei Diamantringen im Brautring-Set - Aurelius Jewelry","robots":{"index":"index","follow":"follow","max-snippet":"max-snippet:-1","max-image-preview":"max-image-preview:large","max-video-preview":"max-video-preview:-1"},"canonical":"https:\/\/aureliusjewelry.com\/de\/drachenfoermiger-moissanit-verlobungsring-mit-zwei-diamantringen-im-brautring-set\/","og_locale":"de_DE","og_type":"article","og_title":"Drachenf\u00f6rmiger Moissanit-Verlobungsring mit zwei Diamantringen im Brautring-Set - Aurelius Jewelry","og_description":"%","og_url":"https:\/\/aureliusjewelry.com\/de\/drachenfoermiger-moissanit-verlobungsring-mit-zwei-diamantringen-im-brautring-set\/","og_site_name":"Aurelius Jewelry","article_publisher":"https:\/\/www.facebook.com\/AureliusJewelry\/","article_modified_time":"2026-03-19T20:00:59+00:00","og_image":[{"width":1920,"height":1440,"url":"https:\/\/aureliusjewelry.com\/wp-content\/uploads\/three-band-kite-moissanite-ring-set-marquise-diamond.jpg","type":"image\/jpeg"}],"twitter_card":"summary_large_image","twitter_site":"@AureliusJewelry","schema":{"@context":"https:\/\/schema.org","@graph":[{"@type":"WebPage","@id":"https:\/\/aureliusjewelry.com\/de\/drachenfoermiger-moissanit-verlobungsring-mit-zwei-diamantringen-im-brautring-set\/","url":"https:\/\/aureliusjewelry.com\/de\/drachenfoermiger-moissanit-verlobungsring-mit-zwei-diamantringen-im-brautring-set\/","name":"Drachenf\u00f6rmiger Moissanit-Verlobungsring mit zwei Diamantringen im Brautring-Set - Aurelius Jewelry","isPartOf":{"@id":"https:\/\/aureliusjewelry.com\/de\/#website"},"primaryImageOfPage":{"@id":"https:\/\/aureliusjewelry.com\/de\/drachenfoermiger-moissanit-verlobungsring-mit-zwei-diamantringen-im-brautring-set\/#primaryimage"},"image":{"@id":"https:\/\/aureliusjewelry.com\/de\/drachenfoermiger-moissanit-verlobungsring-mit-zwei-diamantringen-im-brautring-set\/#primaryimage"},"thumbnailUrl":"https:\/\/aureliusjewelry.com\/wp-content\/uploads\/three-band-kite-moissanite-ring-set-marquise-diamond.jpg","datePublished":"2023-10-30T22:02:33+00:00","dateModified":"2026-03-19T20:00:59+00:00","breadcrumb":{"@id":"https:\/\/aureliusjewelry.com\/de\/drachenfoermiger-moissanit-verlobungsring-mit-zwei-diamantringen-im-brautring-set\/#breadcrumb"},"inLanguage":"de","potentialAction":[{"@type":"ReadAction","target":["https:\/\/aureliusjewelry.com\/de\/drachenfoermiger-moissanit-verlobungsring-mit-zwei-diamantringen-im-brautring-set\/"]}]},{"@type":"ImageObject","inLanguage":"de","@id":"https:\/\/aureliusjewelry.com\/de\/drachenfoermiger-moissanit-verlobungsring-mit-zwei-diamantringen-im-brautring-set\/#primaryimage","url":"https:\/\/aureliusjewelry.com\/wp-content\/uploads\/three-band-kite-moissanite-ring-set-marquise-diamond.jpg","contentUrl":"https:\/\/aureliusjewelry.com\/wp-content\/uploads\/three-band-kite-moissanite-ring-set-marquise-diamond.jpg","width":1920,"height":1440},{"@type":"BreadcrumbList","@id":"https:\/\/aureliusjewelry.com\/de\/drachenfoermiger-moissanit-verlobungsring-mit-zwei-diamantringen-im-brautring-set\/#breadcrumb","itemListElement":[{"@type":"ListItem","position":1,"name":"Home","item":"https:\/\/aureliusjewelry.com\/de\/"},{"@type":"ListItem","position":2,"name":"Shop","item":"https:\/\/aureliusjewelry.com\/de\/shop\/"},{"@type":"ListItem","position":3,"name":"Drachenf\u00f6rmiger Moissanit-Verlobungsring mit zwei Diamantringen im Brautring-Set"}]},{"@type":"WebSite","@id":"https:\/\/aureliusjewelry.com\/de\/#website","url":"https:\/\/aureliusjewelry.com\/de\/","name":"Aurelius Jewelry","description":"Handmade Fine Gold Jewelry","publisher":{"@id":"https:\/\/aureliusjewelry.com\/de\/#organization"},"potentialAction":[{"@type":"SearchAction","target":{"@type":"EntryPoint","urlTemplate":"https:\/\/aureliusjewelry.com\/de\/?s={search_term_string}"},"query-input":{"@type":"PropertyValueSpecification","valueRequired":true,"valueName":"search_term_string"}}],"inLanguage":"de"},{"@type":"Organization","@id":"https:\/\/aureliusjewelry.com\/de\/#organization","name":"Aurelius Jewelry","url":"https:\/\/aureliusjewelry.com\/de\/","logo":{"@type":"ImageObject","inLanguage":"de","@id":"https:\/\/aureliusjewelry.com\/de\/#\/schema\/logo\/image\/","url":"https:\/\/aureliusjewelry.com\/wp-content\/uploads\/logo.png","contentUrl":"https:\/\/aureliusjewelry.com\/wp-content\/uploads\/logo.png","width":400,"height":64,"caption":"Aurelius Jewelry"},"image":{"@id":"https:\/\/aureliusjewelry.com\/de\/#\/schema\/logo\/image\/"},"sameAs":["https:\/\/www.facebook.com\/AureliusJewelry\/","https:\/\/x.com\/AureliusJewelry","https:\/\/instagram.com\/aureliusjewelry","https:\/\/www.pinterest.com\/AureliusJewelry\/"],"email":"info@aureliusjewelry.com","foundingDate":"2018-10-01","vatID":"SI10391070","hasMerchantReturnPolicy":{"@type":"MerchantReturnPolicy","merchantReturnLink":"https:\/\/aureliusjewelry.com\/our-policies\/terms-conditions\/"}}]},"og_availability":"backorder","product_availability":"available for order","product_retailer_item_id":"41448","product_condition":"new"},"_links":{"self":[{"href":"https:\/\/aureliusjewelry.com\/de\/wp-json\/wp\/v2\/product\/50129","targetHints":{"allow":["GET"]}}],"collection":[{"href":"https:\/\/aureliusjewelry.com\/de\/wp-json\/wp\/v2\/product"}],"about":[{"href":"https:\/\/aureliusjewelry.com\/de\/wp-json\/wp\/v2\/types\/product"}],"replies":[{"embeddable":true,"href":"https:\/\/aureliusjewelry.com\/de\/wp-json\/wp\/v2\/comments?post=50129"}],"wp:featuredmedia":[{"embeddable":true,"href":"https:\/\/aureliusjewelry.com\/de\/wp-json\/wp\/v2\/media\/41453"}],"wp:attachment":[{"href":"https:\/\/aureliusjewelry.com\/de\/wp-json\/wp\/v2\/media?parent=50129"}],"wp:term":[{"taxonomy":"product_brand","embeddable":true,"href":"https:\/\/aureliusjewelry.com\/de\/wp-json\/wp\/v2\/product_brand?post=50129"},{"taxonomy":"product_cat","embeddable":true,"href":"https:\/\/aureliusjewelry.com\/de\/wp-json\/wp\/v2\/product_cat?post=50129"},{"taxonomy":"product_tag","embeddable":true,"href":"https:\/\/aureliusjewelry.com\/de\/wp-json\/wp\/v2\/product_tag?post=50129"}],"curies":[{"name":"wp","href":"https:\/\/api.w.org\/{rel}","templated":true}]}}