{"id":50105,"date":"2023-10-26T13:24:52","date_gmt":"2023-10-26T11:24:52","guid":{"rendered":"http:\/\/aureliusjewelry.com\/product\/drachenfoermiger-blaugruener-solitaer-verlobungsring-aus-moissanit\/"},"modified":"2026-03-19T22:27:51","modified_gmt":"2026-03-19T20:27:51","slug":"drachenfoermiger-blaugruener-solitaer-verlobungsring-aus-moissanit","status":"publish","type":"product","link":"https:\/\/aureliusjewelry.com\/de\/drachenfoermiger-blaugruener-solitaer-verlobungsring-aus-moissanit\/","title":{"rendered":"Drachenf\u00f6rmiger, blaugr\u00fcner Solit\u00e4r-Verlobungsring aus Moissanit"},"content":{"rendered":"<p><strong>Stein<\/strong><\/p>\n<ul>\n<li>kite teal moissanite<\/li>\n<li>ca. 10x7mm<\/li>\n<\/ul>\n<p><strong>Bandma\u00dfe und Material<\/strong><\/p>\n<ul>\n<li>1.5mm breit, 1.6mm dick<\/li>\n<li>erh\u00e4ltlich in 14-kar\u00e4tigem\/18-kar\u00e4tigem Gelb-, Wei\u00dfoder Ros\u00e9gold und Platin<\/li>\n<li>US-Ringgr\u00f6\u00dfe 3\u20139, kleinere oder gr\u00f6\u00dfere Gr\u00f6\u00dfen auf Anfrage erh\u00e4ltlich<\/li>\n<\/ul>\n","protected":false},"excerpt":{"rendered":"<p>Alle Augen sind auf diesen Kite Teal Moissanit Solit\u00e4r-Verlobungsring gerichtet, der Eleganz in der festen Struktur seiner Struktur verk\u00f6rpert. Da es in einer Rahmenfassung befestigt ist, bleibt es niemals an Ihrer Kleidung h\u00e4ngen. Seine Farbt\u00f6ne reichen von gelbgr\u00fcn bis blaugr\u00fcn, je nach Blickwinkel und Beleuchtung. Kombinieren Sie Ihren Drachen mit einem passenden Ehering oder tragen Sie ihn allein, so oder so ist dieses gr\u00fcne Juwel etwas Besonderes.<\/p>\n","protected":false},"featured_media":41300,"comment_status":"open","ping_status":"closed","template":"","meta":[],"product_brand":[],"product_cat":[1510,1507,536,1526,1491,488,498,471],"product_tag":[1192,1210,728,1069,633],"class_list":{"0":"post-50105","1":"product","2":"type-product","3":"status-publish","4":"has-post-thumbnail","6":"product_cat-drachen-verlobungsring","7":"product_cat-geometrische-verlobungsringe","8":"product_cat-ringe","9":"product_cat-solitar-verlobungsring","10":"product_cat-verlobungsring-luenettenset","11":"product_cat-verlobungsringe","12":"product_cat-verlobungsringe-mit-moissanit","13":"product_cat-zeitgenossisch","14":"product_tag-drachen","15":"product_tag-moissanite-de","16":"product_tag-production_time_3_5-de","17":"product_tag-ringe-de","18":"product_tag-ringe-tag","20":"first","21":"onbackorder","22":"sold-individually","23":"taxable","24":"shipping-taxable","25":"purchasable","26":"product-type-variable"},"yoast_head":"<title>Drachenf\u00f6rmiger, blaugr\u00fcner Solit\u00e4r-Verlobungsring aus Moissanit - Aurelius Jewelry<\/title>\n<meta name=\"robots\" content=\"index, follow, max-snippet:-1, max-image-preview:large, max-video-preview:-1\" \/>\n<link rel=\"canonical\" href=\"https:\/\/aureliusjewelry.com\/de\/drachenfoermiger-blaugruener-solitaer-verlobungsring-aus-moissanit\/\" \/>\n<meta property=\"og:locale\" content=\"de_DE\" \/>\n<meta property=\"og:type\" content=\"article\" \/>\n<meta property=\"og:title\" content=\"Drachenf\u00f6rmiger, blaugr\u00fcner Solit\u00e4r-Verlobungsring aus Moissanit - Aurelius Jewelry\" \/>\n<meta property=\"og:description\" content=\"%\" \/>\n<meta property=\"og:url\" content=\"https:\/\/aureliusjewelry.com\/de\/drachenfoermiger-blaugruener-solitaer-verlobungsring-aus-moissanit\/\" \/>\n<meta property=\"og:site_name\" content=\"Aurelius Jewelry\" \/>\n<meta property=\"article:publisher\" content=\"https:\/\/www.facebook.com\/AureliusJewelry\/\" \/>\n<meta property=\"article:modified_time\" content=\"2026-03-19T20:27:51+00:00\" \/>\n<meta property=\"og:image\" content=\"https:\/\/aureliusjewelry.com\/wp-content\/uploads\/kite-teal-moissanite-bezel-ring-white-gold.jpg\" \/>\n\t<meta property=\"og:image:width\" content=\"1920\" \/>\n\t<meta property=\"og:image:height\" content=\"1440\" \/>\n\t<meta property=\"og:image:type\" content=\"image\/jpeg\" \/>\n<meta name=\"twitter:card\" content=\"summary_large_image\" \/>\n<meta name=\"twitter:site\" content=\"@AureliusJewelry\" \/>\n<script type=\"application\/ld+json\" class=\"yoast-schema-graph\">{\"@context\":\"https:\\\/\\\/schema.org\",\"@graph\":[{\"@type\":\"WebPage\",\"@id\":\"https:\\\/\\\/aureliusjewelry.com\\\/de\\\/drachenfoermiger-blaugruener-solitaer-verlobungsring-aus-moissanit\\\/\",\"url\":\"https:\\\/\\\/aureliusjewelry.com\\\/de\\\/drachenfoermiger-blaugruener-solitaer-verlobungsring-aus-moissanit\\\/\",\"name\":\"Drachenf\u00f6rmiger, blaugr\u00fcner Solit\u00e4r-Verlobungsring aus Moissanit - Aurelius Jewelry\",\"isPartOf\":{\"@id\":\"https:\\\/\\\/aureliusjewelry.com\\\/de\\\/#website\"},\"primaryImageOfPage\":{\"@id\":\"https:\\\/\\\/aureliusjewelry.com\\\/de\\\/drachenfoermiger-blaugruener-solitaer-verlobungsring-aus-moissanit\\\/#primaryimage\"},\"image\":{\"@id\":\"https:\\\/\\\/aureliusjewelry.com\\\/de\\\/drachenfoermiger-blaugruener-solitaer-verlobungsring-aus-moissanit\\\/#primaryimage\"},\"thumbnailUrl\":\"https:\\\/\\\/aureliusjewelry.com\\\/wp-content\\\/uploads\\\/kite-teal-moissanite-bezel-ring-white-gold.jpg\",\"datePublished\":\"2023-10-26T11:24:52+00:00\",\"dateModified\":\"2026-03-19T20:27:51+00:00\",\"breadcrumb\":{\"@id\":\"https:\\\/\\\/aureliusjewelry.com\\\/de\\\/drachenfoermiger-blaugruener-solitaer-verlobungsring-aus-moissanit\\\/#breadcrumb\"},\"inLanguage\":\"de\",\"potentialAction\":[{\"@type\":\"ReadAction\",\"target\":[\"https:\\\/\\\/aureliusjewelry.com\\\/de\\\/drachenfoermiger-blaugruener-solitaer-verlobungsring-aus-moissanit\\\/\"]}]},{\"@type\":\"ImageObject\",\"inLanguage\":\"de\",\"@id\":\"https:\\\/\\\/aureliusjewelry.com\\\/de\\\/drachenfoermiger-blaugruener-solitaer-verlobungsring-aus-moissanit\\\/#primaryimage\",\"url\":\"https:\\\/\\\/aureliusjewelry.com\\\/wp-content\\\/uploads\\\/kite-teal-moissanite-bezel-ring-white-gold.jpg\",\"contentUrl\":\"https:\\\/\\\/aureliusjewelry.com\\\/wp-content\\\/uploads\\\/kite-teal-moissanite-bezel-ring-white-gold.jpg\",\"width\":1920,\"height\":1440},{\"@type\":\"BreadcrumbList\",\"@id\":\"https:\\\/\\\/aureliusjewelry.com\\\/de\\\/drachenfoermiger-blaugruener-solitaer-verlobungsring-aus-moissanit\\\/#breadcrumb\",\"itemListElement\":[{\"@type\":\"ListItem\",\"position\":1,\"name\":\"Home\",\"item\":\"https:\\\/\\\/aureliusjewelry.com\\\/de\\\/\"},{\"@type\":\"ListItem\",\"position\":2,\"name\":\"Shop\",\"item\":\"https:\\\/\\\/aureliusjewelry.com\\\/de\\\/shop\\\/\"},{\"@type\":\"ListItem\",\"position\":3,\"name\":\"Drachenf\u00f6rmiger, blaugr\u00fcner Solit\u00e4r-Verlobungsring aus Moissanit\"}]},{\"@type\":\"WebSite\",\"@id\":\"https:\\\/\\\/aureliusjewelry.com\\\/de\\\/#website\",\"url\":\"https:\\\/\\\/aureliusjewelry.com\\\/de\\\/\",\"name\":\"Aurelius Jewelry\",\"description\":\"Handmade Fine Gold Jewelry\",\"publisher\":{\"@id\":\"https:\\\/\\\/aureliusjewelry.com\\\/de\\\/#organization\"},\"potentialAction\":[{\"@type\":\"SearchAction\",\"target\":{\"@type\":\"EntryPoint\",\"urlTemplate\":\"https:\\\/\\\/aureliusjewelry.com\\\/de\\\/?s={search_term_string}\"},\"query-input\":{\"@type\":\"PropertyValueSpecification\",\"valueRequired\":true,\"valueName\":\"search_term_string\"}}],\"inLanguage\":\"de\"},{\"@type\":\"Organization\",\"@id\":\"https:\\\/\\\/aureliusjewelry.com\\\/de\\\/#organization\",\"name\":\"Aurelius Jewelry\",\"url\":\"https:\\\/\\\/aureliusjewelry.com\\\/de\\\/\",\"logo\":{\"@type\":\"ImageObject\",\"inLanguage\":\"de\",\"@id\":\"https:\\\/\\\/aureliusjewelry.com\\\/de\\\/#\\\/schema\\\/logo\\\/image\\\/\",\"url\":\"https:\\\/\\\/aureliusjewelry.com\\\/wp-content\\\/uploads\\\/logo.png\",\"contentUrl\":\"https:\\\/\\\/aureliusjewelry.com\\\/wp-content\\\/uploads\\\/logo.png\",\"width\":400,\"height\":64,\"caption\":\"Aurelius Jewelry\"},\"image\":{\"@id\":\"https:\\\/\\\/aureliusjewelry.com\\\/de\\\/#\\\/schema\\\/logo\\\/image\\\/\"},\"sameAs\":[\"https:\\\/\\\/www.facebook.com\\\/AureliusJewelry\\\/\",\"https:\\\/\\\/x.com\\\/AureliusJewelry\",\"https:\\\/\\\/instagram.com\\\/aureliusjewelry\",\"https:\\\/\\\/www.pinterest.com\\\/AureliusJewelry\\\/\"],\"email\":\"info@aureliusjewelry.com\",\"foundingDate\":\"2018-10-01\",\"vatID\":\"SI10391070\",\"hasMerchantReturnPolicy\":{\"@type\":\"MerchantReturnPolicy\",\"merchantReturnLink\":\"https:\\\/\\\/aureliusjewelry.com\\\/our-policies\\\/terms-conditions\\\/\"}}]}<\/script>\n<meta property=\"og:availability\" content=\"backorder\" \/>\n<meta property=\"product:availability\" content=\"available for order\" \/>\n<meta property=\"product:retailer_item_id\" content=\"41295\" \/>\n<meta property=\"product:condition\" content=\"new\" \/>","yoast_head_json":{"title":"Drachenf\u00f6rmiger, blaugr\u00fcner Solit\u00e4r-Verlobungsring aus Moissanit - Aurelius Jewelry","robots":{"index":"index","follow":"follow","max-snippet":"max-snippet:-1","max-image-preview":"max-image-preview:large","max-video-preview":"max-video-preview:-1"},"canonical":"https:\/\/aureliusjewelry.com\/de\/drachenfoermiger-blaugruener-solitaer-verlobungsring-aus-moissanit\/","og_locale":"de_DE","og_type":"article","og_title":"Drachenf\u00f6rmiger, blaugr\u00fcner Solit\u00e4r-Verlobungsring aus Moissanit - Aurelius Jewelry","og_description":"%","og_url":"https:\/\/aureliusjewelry.com\/de\/drachenfoermiger-blaugruener-solitaer-verlobungsring-aus-moissanit\/","og_site_name":"Aurelius Jewelry","article_publisher":"https:\/\/www.facebook.com\/AureliusJewelry\/","article_modified_time":"2026-03-19T20:27:51+00:00","og_image":[{"width":1920,"height":1440,"url":"https:\/\/aureliusjewelry.com\/wp-content\/uploads\/kite-teal-moissanite-bezel-ring-white-gold.jpg","type":"image\/jpeg"}],"twitter_card":"summary_large_image","twitter_site":"@AureliusJewelry","schema":{"@context":"https:\/\/schema.org","@graph":[{"@type":"WebPage","@id":"https:\/\/aureliusjewelry.com\/de\/drachenfoermiger-blaugruener-solitaer-verlobungsring-aus-moissanit\/","url":"https:\/\/aureliusjewelry.com\/de\/drachenfoermiger-blaugruener-solitaer-verlobungsring-aus-moissanit\/","name":"Drachenf\u00f6rmiger, blaugr\u00fcner Solit\u00e4r-Verlobungsring aus Moissanit - Aurelius Jewelry","isPartOf":{"@id":"https:\/\/aureliusjewelry.com\/de\/#website"},"primaryImageOfPage":{"@id":"https:\/\/aureliusjewelry.com\/de\/drachenfoermiger-blaugruener-solitaer-verlobungsring-aus-moissanit\/#primaryimage"},"image":{"@id":"https:\/\/aureliusjewelry.com\/de\/drachenfoermiger-blaugruener-solitaer-verlobungsring-aus-moissanit\/#primaryimage"},"thumbnailUrl":"https:\/\/aureliusjewelry.com\/wp-content\/uploads\/kite-teal-moissanite-bezel-ring-white-gold.jpg","datePublished":"2023-10-26T11:24:52+00:00","dateModified":"2026-03-19T20:27:51+00:00","breadcrumb":{"@id":"https:\/\/aureliusjewelry.com\/de\/drachenfoermiger-blaugruener-solitaer-verlobungsring-aus-moissanit\/#breadcrumb"},"inLanguage":"de","potentialAction":[{"@type":"ReadAction","target":["https:\/\/aureliusjewelry.com\/de\/drachenfoermiger-blaugruener-solitaer-verlobungsring-aus-moissanit\/"]}]},{"@type":"ImageObject","inLanguage":"de","@id":"https:\/\/aureliusjewelry.com\/de\/drachenfoermiger-blaugruener-solitaer-verlobungsring-aus-moissanit\/#primaryimage","url":"https:\/\/aureliusjewelry.com\/wp-content\/uploads\/kite-teal-moissanite-bezel-ring-white-gold.jpg","contentUrl":"https:\/\/aureliusjewelry.com\/wp-content\/uploads\/kite-teal-moissanite-bezel-ring-white-gold.jpg","width":1920,"height":1440},{"@type":"BreadcrumbList","@id":"https:\/\/aureliusjewelry.com\/de\/drachenfoermiger-blaugruener-solitaer-verlobungsring-aus-moissanit\/#breadcrumb","itemListElement":[{"@type":"ListItem","position":1,"name":"Home","item":"https:\/\/aureliusjewelry.com\/de\/"},{"@type":"ListItem","position":2,"name":"Shop","item":"https:\/\/aureliusjewelry.com\/de\/shop\/"},{"@type":"ListItem","position":3,"name":"Drachenf\u00f6rmiger, blaugr\u00fcner Solit\u00e4r-Verlobungsring aus Moissanit"}]},{"@type":"WebSite","@id":"https:\/\/aureliusjewelry.com\/de\/#website","url":"https:\/\/aureliusjewelry.com\/de\/","name":"Aurelius Jewelry","description":"Handmade Fine Gold Jewelry","publisher":{"@id":"https:\/\/aureliusjewelry.com\/de\/#organization"},"potentialAction":[{"@type":"SearchAction","target":{"@type":"EntryPoint","urlTemplate":"https:\/\/aureliusjewelry.com\/de\/?s={search_term_string}"},"query-input":{"@type":"PropertyValueSpecification","valueRequired":true,"valueName":"search_term_string"}}],"inLanguage":"de"},{"@type":"Organization","@id":"https:\/\/aureliusjewelry.com\/de\/#organization","name":"Aurelius Jewelry","url":"https:\/\/aureliusjewelry.com\/de\/","logo":{"@type":"ImageObject","inLanguage":"de","@id":"https:\/\/aureliusjewelry.com\/de\/#\/schema\/logo\/image\/","url":"https:\/\/aureliusjewelry.com\/wp-content\/uploads\/logo.png","contentUrl":"https:\/\/aureliusjewelry.com\/wp-content\/uploads\/logo.png","width":400,"height":64,"caption":"Aurelius Jewelry"},"image":{"@id":"https:\/\/aureliusjewelry.com\/de\/#\/schema\/logo\/image\/"},"sameAs":["https:\/\/www.facebook.com\/AureliusJewelry\/","https:\/\/x.com\/AureliusJewelry","https:\/\/instagram.com\/aureliusjewelry","https:\/\/www.pinterest.com\/AureliusJewelry\/"],"email":"info@aureliusjewelry.com","foundingDate":"2018-10-01","vatID":"SI10391070","hasMerchantReturnPolicy":{"@type":"MerchantReturnPolicy","merchantReturnLink":"https:\/\/aureliusjewelry.com\/our-policies\/terms-conditions\/"}}]},"og_availability":"backorder","product_availability":"available for order","product_retailer_item_id":"41295","product_condition":"new"},"_links":{"self":[{"href":"https:\/\/aureliusjewelry.com\/de\/wp-json\/wp\/v2\/product\/50105","targetHints":{"allow":["GET"]}}],"collection":[{"href":"https:\/\/aureliusjewelry.com\/de\/wp-json\/wp\/v2\/product"}],"about":[{"href":"https:\/\/aureliusjewelry.com\/de\/wp-json\/wp\/v2\/types\/product"}],"replies":[{"embeddable":true,"href":"https:\/\/aureliusjewelry.com\/de\/wp-json\/wp\/v2\/comments?post=50105"}],"wp:featuredmedia":[{"embeddable":true,"href":"https:\/\/aureliusjewelry.com\/de\/wp-json\/wp\/v2\/media\/41300"}],"wp:attachment":[{"href":"https:\/\/aureliusjewelry.com\/de\/wp-json\/wp\/v2\/media?parent=50105"}],"wp:term":[{"taxonomy":"product_brand","embeddable":true,"href":"https:\/\/aureliusjewelry.com\/de\/wp-json\/wp\/v2\/product_brand?post=50105"},{"taxonomy":"product_cat","embeddable":true,"href":"https:\/\/aureliusjewelry.com\/de\/wp-json\/wp\/v2\/product_cat?post=50105"},{"taxonomy":"product_tag","embeddable":true,"href":"https:\/\/aureliusjewelry.com\/de\/wp-json\/wp\/v2\/product_tag?post=50105"}],"curies":[{"name":"wp","href":"https:\/\/api.w.org\/{rel}","templated":true}]}}