{"id":49785,"date":"2023-10-12T13:34:46","date_gmt":"2023-10-12T11:34:46","guid":{"rendered":"http:\/\/aureliusjewelry.com\/product\/eheringe-fuer-paare-eternity-ehering-mit-halbdiamanten-fuer-sie-und-einfacher-ehering-fuer-maenner\/"},"modified":"2026-03-19T23:52:34","modified_gmt":"2026-03-19T21:52:34","slug":"eheringe-fuer-paare-eternity-ehering-mit-halbdiamanten-fuer-sie-und-einfacher-ehering-fuer-maenner","status":"publish","type":"product","link":"https:\/\/aureliusjewelry.com\/de\/eheringe-fuer-paare-eternity-ehering-mit-halbdiamanten-fuer-sie-und-einfacher-ehering-fuer-maenner\/","title":{"rendered":"Eheringe f\u00fcr Paare \u2013 Eternity-Ehering mit Halbdiamanten f\u00fcr Sie und einfacher Ehering f\u00fcr M\u00e4nner"},"content":{"rendered":"<p><strong>Steine<\/strong><\/p>\n<ul>\n<li>runde Diamanten<\/li>\n<li>ca. 1.75mm (17)<\/li>\n<li>F\/G-Farbe, VS-Klarheit, konfliktfrei<\/li>\n<\/ul>\n<p><strong>Bandma\u00dfe und Material<\/strong><\/p>\n<ul>\n<li>1.7mm breit, 1.6mm dick (woman\u2019s band)<\/li>\n<li>3mm breit, 1.5mm dick (man\u2019s band)<\/li>\n<li>erh\u00e4ltlich in 14-kar\u00e4tigem\/18-kar\u00e4tigem Gelb-, Wei\u00dfoder Ros\u00e9gold und Platin<\/li>\n<li>US-Ringgr\u00f6\u00dfe 3\u20139, kleinere oder gr\u00f6\u00dfere Gr\u00f6\u00dfen auf Anfrage erh\u00e4ltlich<\/li>\n<\/ul>\n","protected":false},"excerpt":{"rendered":"<p>Eines f\u00fcr sie und eines f\u00fcr ihn! Ein Paar klassischer Eheringe aus Diamant und Gold wird Ihre Verbindung f\u00fcr den Rest Ihres Lebens symbolisieren. Kombinieren Sie den Verlobungsring mit dem Diamond Half Eternity Ehering oder tragen Sie ihn allein. Die bequeme Passform des Herrenbandes sorgt f\u00fcr ein angenehmes und sanftes Gef\u00fchl am Finger und ist je nach Wunsch in jeder Ausf\u00fchrung erh\u00e4ltlich.<\/p>\n","protected":false},"featured_media":40555,"comment_status":"open","ping_status":"closed","template":"","meta":[],"product_brand":[],"product_cat":[478,516,524,536],"product_tag":[1172,1223,728,633,1069,1254],"class_list":{"0":"post-49785","1":"product","2":"type-product","3":"status-publish","4":"has-post-thumbnail","6":"product_cat-die-klassiker","7":"product_cat-eheringe","8":"product_cat-eheringe-fur-paare","9":"product_cat-ringe","10":"product_tag-diamant-de","11":"product_tag-ohne-stein","12":"product_tag-production_time_3_5-de","13":"product_tag-ringe-tag","14":"product_tag-ringe-de","15":"product_tag-runden","17":"first","18":"onbackorder","19":"sold-individually","20":"taxable","21":"shipping-taxable","22":"purchasable","23":"product-type-variable"},"yoast_head":"<title>Eheringe f\u00fcr Paare \u2013 Eternity-Ehering mit Halbdiamanten f\u00fcr Sie und einfacher Ehering f\u00fcr M\u00e4nner - Aurelius Jewelry<\/title>\n<meta name=\"robots\" content=\"index, follow, max-snippet:-1, max-image-preview:large, max-video-preview:-1\" \/>\n<link rel=\"canonical\" href=\"https:\/\/aureliusjewelry.com\/de\/eheringe-fuer-paare-eternity-ehering-mit-halbdiamanten-fuer-sie-und-einfacher-ehering-fuer-maenner\/\" \/>\n<meta property=\"og:locale\" content=\"de_DE\" \/>\n<meta property=\"og:type\" content=\"article\" \/>\n<meta property=\"og:title\" content=\"Eheringe f\u00fcr Paare \u2013 Eternity-Ehering mit Halbdiamanten f\u00fcr Sie und einfacher Ehering f\u00fcr M\u00e4nner - Aurelius Jewelry\" \/>\n<meta property=\"og:description\" content=\"%\" \/>\n<meta property=\"og:url\" content=\"https:\/\/aureliusjewelry.com\/de\/eheringe-fuer-paare-eternity-ehering-mit-halbdiamanten-fuer-sie-und-einfacher-ehering-fuer-maenner\/\" \/>\n<meta property=\"og:site_name\" content=\"Aurelius Jewelry\" \/>\n<meta property=\"article:publisher\" content=\"https:\/\/www.facebook.com\/AureliusJewelry\/\" \/>\n<meta property=\"article:modified_time\" content=\"2026-03-19T21:52:34+00:00\" \/>\n<meta property=\"og:image\" content=\"https:\/\/aureliusjewelry.com\/wp-content\/uploads\/couples-ring-set-white-gold.jpg\" \/>\n\t<meta property=\"og:image:width\" content=\"1920\" \/>\n\t<meta property=\"og:image:height\" content=\"1440\" \/>\n\t<meta property=\"og:image:type\" content=\"image\/jpeg\" \/>\n<meta name=\"twitter:card\" content=\"summary_large_image\" \/>\n<meta name=\"twitter:site\" content=\"@AureliusJewelry\" \/>\n<script type=\"application\/ld+json\" class=\"yoast-schema-graph\">{\"@context\":\"https:\\\/\\\/schema.org\",\"@graph\":[{\"@type\":\"WebPage\",\"@id\":\"https:\\\/\\\/aureliusjewelry.com\\\/de\\\/eheringe-fuer-paare-eternity-ehering-mit-halbdiamanten-fuer-sie-und-einfacher-ehering-fuer-maenner\\\/\",\"url\":\"https:\\\/\\\/aureliusjewelry.com\\\/de\\\/eheringe-fuer-paare-eternity-ehering-mit-halbdiamanten-fuer-sie-und-einfacher-ehering-fuer-maenner\\\/\",\"name\":\"Eheringe f\u00fcr Paare \u2013 Eternity-Ehering mit Halbdiamanten f\u00fcr Sie und einfacher Ehering f\u00fcr M\u00e4nner - Aurelius Jewelry\",\"isPartOf\":{\"@id\":\"https:\\\/\\\/aureliusjewelry.com\\\/de\\\/#website\"},\"primaryImageOfPage\":{\"@id\":\"https:\\\/\\\/aureliusjewelry.com\\\/de\\\/eheringe-fuer-paare-eternity-ehering-mit-halbdiamanten-fuer-sie-und-einfacher-ehering-fuer-maenner\\\/#primaryimage\"},\"image\":{\"@id\":\"https:\\\/\\\/aureliusjewelry.com\\\/de\\\/eheringe-fuer-paare-eternity-ehering-mit-halbdiamanten-fuer-sie-und-einfacher-ehering-fuer-maenner\\\/#primaryimage\"},\"thumbnailUrl\":\"https:\\\/\\\/aureliusjewelry.com\\\/wp-content\\\/uploads\\\/couples-ring-set-white-gold.jpg\",\"datePublished\":\"2023-10-12T11:34:46+00:00\",\"dateModified\":\"2026-03-19T21:52:34+00:00\",\"breadcrumb\":{\"@id\":\"https:\\\/\\\/aureliusjewelry.com\\\/de\\\/eheringe-fuer-paare-eternity-ehering-mit-halbdiamanten-fuer-sie-und-einfacher-ehering-fuer-maenner\\\/#breadcrumb\"},\"inLanguage\":\"de\",\"potentialAction\":[{\"@type\":\"ReadAction\",\"target\":[\"https:\\\/\\\/aureliusjewelry.com\\\/de\\\/eheringe-fuer-paare-eternity-ehering-mit-halbdiamanten-fuer-sie-und-einfacher-ehering-fuer-maenner\\\/\"]}]},{\"@type\":\"ImageObject\",\"inLanguage\":\"de\",\"@id\":\"https:\\\/\\\/aureliusjewelry.com\\\/de\\\/eheringe-fuer-paare-eternity-ehering-mit-halbdiamanten-fuer-sie-und-einfacher-ehering-fuer-maenner\\\/#primaryimage\",\"url\":\"https:\\\/\\\/aureliusjewelry.com\\\/wp-content\\\/uploads\\\/couples-ring-set-white-gold.jpg\",\"contentUrl\":\"https:\\\/\\\/aureliusjewelry.com\\\/wp-content\\\/uploads\\\/couples-ring-set-white-gold.jpg\",\"width\":1920,\"height\":1440},{\"@type\":\"BreadcrumbList\",\"@id\":\"https:\\\/\\\/aureliusjewelry.com\\\/de\\\/eheringe-fuer-paare-eternity-ehering-mit-halbdiamanten-fuer-sie-und-einfacher-ehering-fuer-maenner\\\/#breadcrumb\",\"itemListElement\":[{\"@type\":\"ListItem\",\"position\":1,\"name\":\"Home\",\"item\":\"https:\\\/\\\/aureliusjewelry.com\\\/de\\\/\"},{\"@type\":\"ListItem\",\"position\":2,\"name\":\"Shop\",\"item\":\"https:\\\/\\\/aureliusjewelry.com\\\/de\\\/shop\\\/\"},{\"@type\":\"ListItem\",\"position\":3,\"name\":\"Eheringe f\u00fcr Paare \u2013 Eternity-Ehering mit Halbdiamanten f\u00fcr Sie und einfacher Ehering f\u00fcr M\u00e4nner\"}]},{\"@type\":\"WebSite\",\"@id\":\"https:\\\/\\\/aureliusjewelry.com\\\/de\\\/#website\",\"url\":\"https:\\\/\\\/aureliusjewelry.com\\\/de\\\/\",\"name\":\"Aurelius Jewelry\",\"description\":\"Handmade Fine Gold Jewelry\",\"publisher\":{\"@id\":\"https:\\\/\\\/aureliusjewelry.com\\\/de\\\/#organization\"},\"potentialAction\":[{\"@type\":\"SearchAction\",\"target\":{\"@type\":\"EntryPoint\",\"urlTemplate\":\"https:\\\/\\\/aureliusjewelry.com\\\/de\\\/?s={search_term_string}\"},\"query-input\":{\"@type\":\"PropertyValueSpecification\",\"valueRequired\":true,\"valueName\":\"search_term_string\"}}],\"inLanguage\":\"de\"},{\"@type\":\"Organization\",\"@id\":\"https:\\\/\\\/aureliusjewelry.com\\\/de\\\/#organization\",\"name\":\"Aurelius Jewelry\",\"url\":\"https:\\\/\\\/aureliusjewelry.com\\\/de\\\/\",\"logo\":{\"@type\":\"ImageObject\",\"inLanguage\":\"de\",\"@id\":\"https:\\\/\\\/aureliusjewelry.com\\\/de\\\/#\\\/schema\\\/logo\\\/image\\\/\",\"url\":\"https:\\\/\\\/aureliusjewelry.com\\\/wp-content\\\/uploads\\\/logo.png\",\"contentUrl\":\"https:\\\/\\\/aureliusjewelry.com\\\/wp-content\\\/uploads\\\/logo.png\",\"width\":400,\"height\":64,\"caption\":\"Aurelius Jewelry\"},\"image\":{\"@id\":\"https:\\\/\\\/aureliusjewelry.com\\\/de\\\/#\\\/schema\\\/logo\\\/image\\\/\"},\"sameAs\":[\"https:\\\/\\\/www.facebook.com\\\/AureliusJewelry\\\/\",\"https:\\\/\\\/x.com\\\/AureliusJewelry\",\"https:\\\/\\\/instagram.com\\\/aureliusjewelry\",\"https:\\\/\\\/www.pinterest.com\\\/AureliusJewelry\\\/\"],\"email\":\"info@aureliusjewelry.com\",\"foundingDate\":\"2018-10-01\",\"vatID\":\"SI10391070\",\"hasMerchantReturnPolicy\":{\"@type\":\"MerchantReturnPolicy\",\"merchantReturnLink\":\"https:\\\/\\\/aureliusjewelry.com\\\/our-policies\\\/terms-conditions\\\/\"}}]}<\/script>\n<meta property=\"og:availability\" content=\"backorder\" \/>\n<meta property=\"product:availability\" content=\"available for order\" \/>\n<meta property=\"product:retailer_item_id\" content=\"40550\" \/>\n<meta property=\"product:condition\" content=\"new\" \/>","yoast_head_json":{"title":"Eheringe f\u00fcr Paare \u2013 Eternity-Ehering mit Halbdiamanten f\u00fcr Sie und einfacher Ehering f\u00fcr M\u00e4nner - Aurelius Jewelry","robots":{"index":"index","follow":"follow","max-snippet":"max-snippet:-1","max-image-preview":"max-image-preview:large","max-video-preview":"max-video-preview:-1"},"canonical":"https:\/\/aureliusjewelry.com\/de\/eheringe-fuer-paare-eternity-ehering-mit-halbdiamanten-fuer-sie-und-einfacher-ehering-fuer-maenner\/","og_locale":"de_DE","og_type":"article","og_title":"Eheringe f\u00fcr Paare \u2013 Eternity-Ehering mit Halbdiamanten f\u00fcr Sie und einfacher Ehering f\u00fcr M\u00e4nner - Aurelius Jewelry","og_description":"%","og_url":"https:\/\/aureliusjewelry.com\/de\/eheringe-fuer-paare-eternity-ehering-mit-halbdiamanten-fuer-sie-und-einfacher-ehering-fuer-maenner\/","og_site_name":"Aurelius Jewelry","article_publisher":"https:\/\/www.facebook.com\/AureliusJewelry\/","article_modified_time":"2026-03-19T21:52:34+00:00","og_image":[{"width":1920,"height":1440,"url":"https:\/\/aureliusjewelry.com\/wp-content\/uploads\/couples-ring-set-white-gold.jpg","type":"image\/jpeg"}],"twitter_card":"summary_large_image","twitter_site":"@AureliusJewelry","schema":{"@context":"https:\/\/schema.org","@graph":[{"@type":"WebPage","@id":"https:\/\/aureliusjewelry.com\/de\/eheringe-fuer-paare-eternity-ehering-mit-halbdiamanten-fuer-sie-und-einfacher-ehering-fuer-maenner\/","url":"https:\/\/aureliusjewelry.com\/de\/eheringe-fuer-paare-eternity-ehering-mit-halbdiamanten-fuer-sie-und-einfacher-ehering-fuer-maenner\/","name":"Eheringe f\u00fcr Paare \u2013 Eternity-Ehering mit Halbdiamanten f\u00fcr Sie und einfacher Ehering f\u00fcr M\u00e4nner - Aurelius Jewelry","isPartOf":{"@id":"https:\/\/aureliusjewelry.com\/de\/#website"},"primaryImageOfPage":{"@id":"https:\/\/aureliusjewelry.com\/de\/eheringe-fuer-paare-eternity-ehering-mit-halbdiamanten-fuer-sie-und-einfacher-ehering-fuer-maenner\/#primaryimage"},"image":{"@id":"https:\/\/aureliusjewelry.com\/de\/eheringe-fuer-paare-eternity-ehering-mit-halbdiamanten-fuer-sie-und-einfacher-ehering-fuer-maenner\/#primaryimage"},"thumbnailUrl":"https:\/\/aureliusjewelry.com\/wp-content\/uploads\/couples-ring-set-white-gold.jpg","datePublished":"2023-10-12T11:34:46+00:00","dateModified":"2026-03-19T21:52:34+00:00","breadcrumb":{"@id":"https:\/\/aureliusjewelry.com\/de\/eheringe-fuer-paare-eternity-ehering-mit-halbdiamanten-fuer-sie-und-einfacher-ehering-fuer-maenner\/#breadcrumb"},"inLanguage":"de","potentialAction":[{"@type":"ReadAction","target":["https:\/\/aureliusjewelry.com\/de\/eheringe-fuer-paare-eternity-ehering-mit-halbdiamanten-fuer-sie-und-einfacher-ehering-fuer-maenner\/"]}]},{"@type":"ImageObject","inLanguage":"de","@id":"https:\/\/aureliusjewelry.com\/de\/eheringe-fuer-paare-eternity-ehering-mit-halbdiamanten-fuer-sie-und-einfacher-ehering-fuer-maenner\/#primaryimage","url":"https:\/\/aureliusjewelry.com\/wp-content\/uploads\/couples-ring-set-white-gold.jpg","contentUrl":"https:\/\/aureliusjewelry.com\/wp-content\/uploads\/couples-ring-set-white-gold.jpg","width":1920,"height":1440},{"@type":"BreadcrumbList","@id":"https:\/\/aureliusjewelry.com\/de\/eheringe-fuer-paare-eternity-ehering-mit-halbdiamanten-fuer-sie-und-einfacher-ehering-fuer-maenner\/#breadcrumb","itemListElement":[{"@type":"ListItem","position":1,"name":"Home","item":"https:\/\/aureliusjewelry.com\/de\/"},{"@type":"ListItem","position":2,"name":"Shop","item":"https:\/\/aureliusjewelry.com\/de\/shop\/"},{"@type":"ListItem","position":3,"name":"Eheringe f\u00fcr Paare \u2013 Eternity-Ehering mit Halbdiamanten f\u00fcr Sie und einfacher Ehering f\u00fcr M\u00e4nner"}]},{"@type":"WebSite","@id":"https:\/\/aureliusjewelry.com\/de\/#website","url":"https:\/\/aureliusjewelry.com\/de\/","name":"Aurelius Jewelry","description":"Handmade Fine Gold Jewelry","publisher":{"@id":"https:\/\/aureliusjewelry.com\/de\/#organization"},"potentialAction":[{"@type":"SearchAction","target":{"@type":"EntryPoint","urlTemplate":"https:\/\/aureliusjewelry.com\/de\/?s={search_term_string}"},"query-input":{"@type":"PropertyValueSpecification","valueRequired":true,"valueName":"search_term_string"}}],"inLanguage":"de"},{"@type":"Organization","@id":"https:\/\/aureliusjewelry.com\/de\/#organization","name":"Aurelius Jewelry","url":"https:\/\/aureliusjewelry.com\/de\/","logo":{"@type":"ImageObject","inLanguage":"de","@id":"https:\/\/aureliusjewelry.com\/de\/#\/schema\/logo\/image\/","url":"https:\/\/aureliusjewelry.com\/wp-content\/uploads\/logo.png","contentUrl":"https:\/\/aureliusjewelry.com\/wp-content\/uploads\/logo.png","width":400,"height":64,"caption":"Aurelius Jewelry"},"image":{"@id":"https:\/\/aureliusjewelry.com\/de\/#\/schema\/logo\/image\/"},"sameAs":["https:\/\/www.facebook.com\/AureliusJewelry\/","https:\/\/x.com\/AureliusJewelry","https:\/\/instagram.com\/aureliusjewelry","https:\/\/www.pinterest.com\/AureliusJewelry\/"],"email":"info@aureliusjewelry.com","foundingDate":"2018-10-01","vatID":"SI10391070","hasMerchantReturnPolicy":{"@type":"MerchantReturnPolicy","merchantReturnLink":"https:\/\/aureliusjewelry.com\/our-policies\/terms-conditions\/"}}]},"og_availability":"backorder","product_availability":"available for order","product_retailer_item_id":"40550","product_condition":"new"},"_links":{"self":[{"href":"https:\/\/aureliusjewelry.com\/de\/wp-json\/wp\/v2\/product\/49785","targetHints":{"allow":["GET"]}}],"collection":[{"href":"https:\/\/aureliusjewelry.com\/de\/wp-json\/wp\/v2\/product"}],"about":[{"href":"https:\/\/aureliusjewelry.com\/de\/wp-json\/wp\/v2\/types\/product"}],"replies":[{"embeddable":true,"href":"https:\/\/aureliusjewelry.com\/de\/wp-json\/wp\/v2\/comments?post=49785"}],"wp:featuredmedia":[{"embeddable":true,"href":"https:\/\/aureliusjewelry.com\/de\/wp-json\/wp\/v2\/media\/40555"}],"wp:attachment":[{"href":"https:\/\/aureliusjewelry.com\/de\/wp-json\/wp\/v2\/media?parent=49785"}],"wp:term":[{"taxonomy":"product_brand","embeddable":true,"href":"https:\/\/aureliusjewelry.com\/de\/wp-json\/wp\/v2\/product_brand?post=49785"},{"taxonomy":"product_cat","embeddable":true,"href":"https:\/\/aureliusjewelry.com\/de\/wp-json\/wp\/v2\/product_cat?post=49785"},{"taxonomy":"product_tag","embeddable":true,"href":"https:\/\/aureliusjewelry.com\/de\/wp-json\/wp\/v2\/product_tag?post=49785"}],"curies":[{"name":"wp","href":"https:\/\/api.w.org\/{rel}","templated":true}]}}