{"id":49611,"date":"2023-11-15T12:31:56","date_gmt":"2023-11-15T10:31:56","guid":{"rendered":"http:\/\/aureliusjewelry.com\/product\/verlobungsring-aus-moosachat-im-prinzessschliff\/"},"modified":"2026-04-14T07:22:06","modified_gmt":"2026-04-14T05:22:06","slug":"verlobungsring-aus-moosachat-im-prinzessschliff","status":"publish","type":"product","link":"https:\/\/aureliusjewelry.com\/de\/verlobungsring-aus-moosachat-im-prinzessschliff\/","title":{"rendered":"Verlobungsring aus Moosachat im Prinzessschliff"},"content":{"rendered":"<p><strong>Steine<\/strong><\/p>\n<ul>\n<li>Moosachat im Prinzessinnenschliff<\/li>\n<li>ca. 7x7mm<\/li>\n<li>Dreieck-Moissanit<\/li>\n<li>ca. 3x3x3mm (2)<\/li>\n<li>runde Diamanten<\/li>\n<li>ca. 2mm (2), 1.5mm (2)<\/li>\n<li>F\/G-Farbe, VS-Klarheit, konfliktfrei<\/li>\n<\/ul>\n<p><strong>Bandma\u00dfe und Material<\/strong><\/p>\n<ul>\n<li>1.5mm breit, 1.6mm dick<\/li>\n<li>erh\u00e4ltlich in 14-kar\u00e4tigem\/18-kar\u00e4tigem Gelb-, Wei\u00dfoder Ros\u00e9gold und Platin<\/li>\n<li>US-Ringgr\u00f6\u00dfe 3\u20139, kleinere oder gr\u00f6\u00dfere Gr\u00f6\u00dfen auf Anfrage erh\u00e4ltlich<\/li>\n<\/ul>\n","protected":false},"excerpt":{"rendered":"<p>Unser Verlobungsring aus Moosachat im Princess-Schliff ist ein wahres Symbol f\u00fcr Nachhaltigkeit und Eleganz. Der atemberaubende quadratische Moosachat steht im Mittelpunkt, w\u00e4hrend die Kombination aus dreieckigem Moissanit und nat\u00fcrlichen runden wei\u00dfen Diamanten auf jeder Seite seine faszinierende Sch\u00f6nheit unterstreicht. Es kann mit einem passenden Ehering kombiniert oder einzeln getragen werden, so oder so wird es ein gl\u00fcckliches M\u00e4dchen sehr gl\u00fccklich machen!<\/p>\n","protected":false},"featured_media":42101,"comment_status":"open","ping_status":"closed","template":"","meta":[],"product_brand":[],"product_cat":[473,536,1520,1523,488,503,471],"product_tag":[1220,1244,728,633,1069],"class_list":{"0":"post-49611","1":"product","2":"type-product","3":"status-publish","4":"has-post-thumbnail","6":"product_cat-ausergewohnlich","7":"product_cat-ringe","8":"product_cat-verlobungsring-im-prinzessinnenschliff","9":"product_cat-verlobungsring-mit-sieben-steinen","10":"product_cat-verlobungsringe","11":"product_cat-verlobungsringe-mit-moosachat","12":"product_cat-zeitgenossisch","13":"product_tag-moosachat","14":"product_tag-prinzessin","15":"product_tag-production_time_3_5-de","16":"product_tag-ringe-tag","17":"product_tag-ringe-de","19":"first","20":"onbackorder","21":"sold-individually","22":"taxable","23":"shipping-taxable","24":"purchasable","25":"product-type-variable"},"yoast_head":"<title>Verlobungsring aus Moosachat im Prinzessschliff - Aurelius Jewelry<\/title>\n<meta name=\"robots\" content=\"index, follow, max-snippet:-1, max-image-preview:large, max-video-preview:-1\" \/>\n<link rel=\"canonical\" href=\"https:\/\/aureliusjewelry.com\/de\/verlobungsring-aus-moosachat-im-prinzessschliff\/\" \/>\n<meta property=\"og:locale\" content=\"de_DE\" \/>\n<meta property=\"og:type\" content=\"article\" \/>\n<meta property=\"og:title\" content=\"Verlobungsring aus Moosachat im Prinzessschliff - Aurelius Jewelry\" \/>\n<meta property=\"og:description\" content=\"%\" \/>\n<meta property=\"og:url\" content=\"https:\/\/aureliusjewelry.com\/de\/verlobungsring-aus-moosachat-im-prinzessschliff\/\" \/>\n<meta property=\"og:site_name\" content=\"Aurelius Jewelry\" \/>\n<meta property=\"article:publisher\" content=\"https:\/\/www.facebook.com\/AureliusJewelry\/\" \/>\n<meta property=\"article:modified_time\" content=\"2026-04-14T05:22:06+00:00\" \/>\n<meta property=\"og:image\" content=\"https:\/\/aureliusjewelry.com\/wp-content\/uploads\/princess-cut-moss-agate-engagement-ring.jpg\" \/>\n\t<meta property=\"og:image:width\" content=\"1920\" \/>\n\t<meta property=\"og:image:height\" content=\"1440\" \/>\n\t<meta property=\"og:image:type\" content=\"image\/jpeg\" \/>\n<meta name=\"twitter:card\" content=\"summary_large_image\" \/>\n<meta name=\"twitter:site\" content=\"@AureliusJewelry\" \/>\n<script type=\"application\/ld+json\" class=\"yoast-schema-graph\">{\"@context\":\"https:\\\/\\\/schema.org\",\"@graph\":[{\"@type\":\"WebPage\",\"@id\":\"https:\\\/\\\/aureliusjewelry.com\\\/de\\\/verlobungsring-aus-moosachat-im-prinzessschliff\\\/\",\"url\":\"https:\\\/\\\/aureliusjewelry.com\\\/de\\\/verlobungsring-aus-moosachat-im-prinzessschliff\\\/\",\"name\":\"Verlobungsring aus Moosachat im Prinzessschliff - Aurelius Jewelry\",\"isPartOf\":{\"@id\":\"https:\\\/\\\/aureliusjewelry.com\\\/de\\\/#website\"},\"primaryImageOfPage\":{\"@id\":\"https:\\\/\\\/aureliusjewelry.com\\\/de\\\/verlobungsring-aus-moosachat-im-prinzessschliff\\\/#primaryimage\"},\"image\":{\"@id\":\"https:\\\/\\\/aureliusjewelry.com\\\/de\\\/verlobungsring-aus-moosachat-im-prinzessschliff\\\/#primaryimage\"},\"thumbnailUrl\":\"https:\\\/\\\/aureliusjewelry.com\\\/wp-content\\\/uploads\\\/princess-cut-moss-agate-engagement-ring.jpg\",\"datePublished\":\"2023-11-15T10:31:56+00:00\",\"dateModified\":\"2026-04-14T05:22:06+00:00\",\"breadcrumb\":{\"@id\":\"https:\\\/\\\/aureliusjewelry.com\\\/de\\\/verlobungsring-aus-moosachat-im-prinzessschliff\\\/#breadcrumb\"},\"inLanguage\":\"de\",\"potentialAction\":[{\"@type\":\"ReadAction\",\"target\":[\"https:\\\/\\\/aureliusjewelry.com\\\/de\\\/verlobungsring-aus-moosachat-im-prinzessschliff\\\/\"]}]},{\"@type\":\"ImageObject\",\"inLanguage\":\"de\",\"@id\":\"https:\\\/\\\/aureliusjewelry.com\\\/de\\\/verlobungsring-aus-moosachat-im-prinzessschliff\\\/#primaryimage\",\"url\":\"https:\\\/\\\/aureliusjewelry.com\\\/wp-content\\\/uploads\\\/princess-cut-moss-agate-engagement-ring.jpg\",\"contentUrl\":\"https:\\\/\\\/aureliusjewelry.com\\\/wp-content\\\/uploads\\\/princess-cut-moss-agate-engagement-ring.jpg\",\"width\":1920,\"height\":1440},{\"@type\":\"BreadcrumbList\",\"@id\":\"https:\\\/\\\/aureliusjewelry.com\\\/de\\\/verlobungsring-aus-moosachat-im-prinzessschliff\\\/#breadcrumb\",\"itemListElement\":[{\"@type\":\"ListItem\",\"position\":1,\"name\":\"Home\",\"item\":\"https:\\\/\\\/aureliusjewelry.com\\\/de\\\/\"},{\"@type\":\"ListItem\",\"position\":2,\"name\":\"Shop\",\"item\":\"https:\\\/\\\/aureliusjewelry.com\\\/de\\\/shop\\\/\"},{\"@type\":\"ListItem\",\"position\":3,\"name\":\"Verlobungsring aus Moosachat im Prinzessschliff\"}]},{\"@type\":\"WebSite\",\"@id\":\"https:\\\/\\\/aureliusjewelry.com\\\/de\\\/#website\",\"url\":\"https:\\\/\\\/aureliusjewelry.com\\\/de\\\/\",\"name\":\"Aurelius Jewelry\",\"description\":\"Handmade Fine Gold Jewelry\",\"publisher\":{\"@id\":\"https:\\\/\\\/aureliusjewelry.com\\\/de\\\/#organization\"},\"potentialAction\":[{\"@type\":\"SearchAction\",\"target\":{\"@type\":\"EntryPoint\",\"urlTemplate\":\"https:\\\/\\\/aureliusjewelry.com\\\/de\\\/?s={search_term_string}\"},\"query-input\":{\"@type\":\"PropertyValueSpecification\",\"valueRequired\":true,\"valueName\":\"search_term_string\"}}],\"inLanguage\":\"de\"},{\"@type\":\"Organization\",\"@id\":\"https:\\\/\\\/aureliusjewelry.com\\\/de\\\/#organization\",\"name\":\"Aurelius Jewelry\",\"url\":\"https:\\\/\\\/aureliusjewelry.com\\\/de\\\/\",\"logo\":{\"@type\":\"ImageObject\",\"inLanguage\":\"de\",\"@id\":\"https:\\\/\\\/aureliusjewelry.com\\\/de\\\/#\\\/schema\\\/logo\\\/image\\\/\",\"url\":\"https:\\\/\\\/aureliusjewelry.com\\\/wp-content\\\/uploads\\\/logo.png\",\"contentUrl\":\"https:\\\/\\\/aureliusjewelry.com\\\/wp-content\\\/uploads\\\/logo.png\",\"width\":400,\"height\":64,\"caption\":\"Aurelius Jewelry\"},\"image\":{\"@id\":\"https:\\\/\\\/aureliusjewelry.com\\\/de\\\/#\\\/schema\\\/logo\\\/image\\\/\"},\"sameAs\":[\"https:\\\/\\\/www.facebook.com\\\/AureliusJewelry\\\/\",\"https:\\\/\\\/x.com\\\/AureliusJewelry\",\"https:\\\/\\\/instagram.com\\\/aureliusjewelry\",\"https:\\\/\\\/www.pinterest.com\\\/AureliusJewelry\\\/\"],\"email\":\"info@aureliusjewelry.com\",\"foundingDate\":\"2018-10-01\",\"vatID\":\"SI10391070\",\"hasMerchantReturnPolicy\":{\"@type\":\"MerchantReturnPolicy\",\"merchantReturnLink\":\"https:\\\/\\\/aureliusjewelry.com\\\/our-policies\\\/terms-conditions\\\/\"}}]}<\/script>\n<meta property=\"og:availability\" content=\"backorder\" \/>\n<meta property=\"product:availability\" content=\"available for order\" \/>\n<meta property=\"product:retailer_item_id\" content=\"42096\" \/>\n<meta property=\"product:condition\" content=\"new\" \/>","yoast_head_json":{"title":"Verlobungsring aus Moosachat im Prinzessschliff - Aurelius Jewelry","robots":{"index":"index","follow":"follow","max-snippet":"max-snippet:-1","max-image-preview":"max-image-preview:large","max-video-preview":"max-video-preview:-1"},"canonical":"https:\/\/aureliusjewelry.com\/de\/verlobungsring-aus-moosachat-im-prinzessschliff\/","og_locale":"de_DE","og_type":"article","og_title":"Verlobungsring aus Moosachat im Prinzessschliff - Aurelius Jewelry","og_description":"%","og_url":"https:\/\/aureliusjewelry.com\/de\/verlobungsring-aus-moosachat-im-prinzessschliff\/","og_site_name":"Aurelius Jewelry","article_publisher":"https:\/\/www.facebook.com\/AureliusJewelry\/","article_modified_time":"2026-04-14T05:22:06+00:00","og_image":[{"width":1920,"height":1440,"url":"https:\/\/aureliusjewelry.com\/wp-content\/uploads\/princess-cut-moss-agate-engagement-ring.jpg","type":"image\/jpeg"}],"twitter_card":"summary_large_image","twitter_site":"@AureliusJewelry","schema":{"@context":"https:\/\/schema.org","@graph":[{"@type":"WebPage","@id":"https:\/\/aureliusjewelry.com\/de\/verlobungsring-aus-moosachat-im-prinzessschliff\/","url":"https:\/\/aureliusjewelry.com\/de\/verlobungsring-aus-moosachat-im-prinzessschliff\/","name":"Verlobungsring aus Moosachat im Prinzessschliff - Aurelius Jewelry","isPartOf":{"@id":"https:\/\/aureliusjewelry.com\/de\/#website"},"primaryImageOfPage":{"@id":"https:\/\/aureliusjewelry.com\/de\/verlobungsring-aus-moosachat-im-prinzessschliff\/#primaryimage"},"image":{"@id":"https:\/\/aureliusjewelry.com\/de\/verlobungsring-aus-moosachat-im-prinzessschliff\/#primaryimage"},"thumbnailUrl":"https:\/\/aureliusjewelry.com\/wp-content\/uploads\/princess-cut-moss-agate-engagement-ring.jpg","datePublished":"2023-11-15T10:31:56+00:00","dateModified":"2026-04-14T05:22:06+00:00","breadcrumb":{"@id":"https:\/\/aureliusjewelry.com\/de\/verlobungsring-aus-moosachat-im-prinzessschliff\/#breadcrumb"},"inLanguage":"de","potentialAction":[{"@type":"ReadAction","target":["https:\/\/aureliusjewelry.com\/de\/verlobungsring-aus-moosachat-im-prinzessschliff\/"]}]},{"@type":"ImageObject","inLanguage":"de","@id":"https:\/\/aureliusjewelry.com\/de\/verlobungsring-aus-moosachat-im-prinzessschliff\/#primaryimage","url":"https:\/\/aureliusjewelry.com\/wp-content\/uploads\/princess-cut-moss-agate-engagement-ring.jpg","contentUrl":"https:\/\/aureliusjewelry.com\/wp-content\/uploads\/princess-cut-moss-agate-engagement-ring.jpg","width":1920,"height":1440},{"@type":"BreadcrumbList","@id":"https:\/\/aureliusjewelry.com\/de\/verlobungsring-aus-moosachat-im-prinzessschliff\/#breadcrumb","itemListElement":[{"@type":"ListItem","position":1,"name":"Home","item":"https:\/\/aureliusjewelry.com\/de\/"},{"@type":"ListItem","position":2,"name":"Shop","item":"https:\/\/aureliusjewelry.com\/de\/shop\/"},{"@type":"ListItem","position":3,"name":"Verlobungsring aus Moosachat im Prinzessschliff"}]},{"@type":"WebSite","@id":"https:\/\/aureliusjewelry.com\/de\/#website","url":"https:\/\/aureliusjewelry.com\/de\/","name":"Aurelius Jewelry","description":"Handmade Fine Gold Jewelry","publisher":{"@id":"https:\/\/aureliusjewelry.com\/de\/#organization"},"potentialAction":[{"@type":"SearchAction","target":{"@type":"EntryPoint","urlTemplate":"https:\/\/aureliusjewelry.com\/de\/?s={search_term_string}"},"query-input":{"@type":"PropertyValueSpecification","valueRequired":true,"valueName":"search_term_string"}}],"inLanguage":"de"},{"@type":"Organization","@id":"https:\/\/aureliusjewelry.com\/de\/#organization","name":"Aurelius Jewelry","url":"https:\/\/aureliusjewelry.com\/de\/","logo":{"@type":"ImageObject","inLanguage":"de","@id":"https:\/\/aureliusjewelry.com\/de\/#\/schema\/logo\/image\/","url":"https:\/\/aureliusjewelry.com\/wp-content\/uploads\/logo.png","contentUrl":"https:\/\/aureliusjewelry.com\/wp-content\/uploads\/logo.png","width":400,"height":64,"caption":"Aurelius Jewelry"},"image":{"@id":"https:\/\/aureliusjewelry.com\/de\/#\/schema\/logo\/image\/"},"sameAs":["https:\/\/www.facebook.com\/AureliusJewelry\/","https:\/\/x.com\/AureliusJewelry","https:\/\/instagram.com\/aureliusjewelry","https:\/\/www.pinterest.com\/AureliusJewelry\/"],"email":"info@aureliusjewelry.com","foundingDate":"2018-10-01","vatID":"SI10391070","hasMerchantReturnPolicy":{"@type":"MerchantReturnPolicy","merchantReturnLink":"https:\/\/aureliusjewelry.com\/our-policies\/terms-conditions\/"}}]},"og_availability":"backorder","product_availability":"available for order","product_retailer_item_id":"42096","product_condition":"new"},"_links":{"self":[{"href":"https:\/\/aureliusjewelry.com\/de\/wp-json\/wp\/v2\/product\/49611","targetHints":{"allow":["GET"]}}],"collection":[{"href":"https:\/\/aureliusjewelry.com\/de\/wp-json\/wp\/v2\/product"}],"about":[{"href":"https:\/\/aureliusjewelry.com\/de\/wp-json\/wp\/v2\/types\/product"}],"replies":[{"embeddable":true,"href":"https:\/\/aureliusjewelry.com\/de\/wp-json\/wp\/v2\/comments?post=49611"}],"wp:featuredmedia":[{"embeddable":true,"href":"https:\/\/aureliusjewelry.com\/de\/wp-json\/wp\/v2\/media\/42101"}],"wp:attachment":[{"href":"https:\/\/aureliusjewelry.com\/de\/wp-json\/wp\/v2\/media?parent=49611"}],"wp:term":[{"taxonomy":"product_brand","embeddable":true,"href":"https:\/\/aureliusjewelry.com\/de\/wp-json\/wp\/v2\/product_brand?post=49611"},{"taxonomy":"product_cat","embeddable":true,"href":"https:\/\/aureliusjewelry.com\/de\/wp-json\/wp\/v2\/product_cat?post=49611"},{"taxonomy":"product_tag","embeddable":true,"href":"https:\/\/aureliusjewelry.com\/de\/wp-json\/wp\/v2\/product_tag?post=49611"}],"curies":[{"name":"wp","href":"https:\/\/api.w.org\/{rel}","templated":true}]}}