{"id":49403,"date":"2023-10-24T21:39:13","date_gmt":"2023-10-24T19:39:13","guid":{"rendered":"http:\/\/aureliusjewelry.com\/product\/vera-sechseckiger-verlobungsring-aus-moosachat-mit-seitlichen-smaragdsteinen\/"},"modified":"2026-05-03T08:47:47","modified_gmt":"2026-05-03T06:47:47","slug":"vera-sechseckiger-verlobungsring-aus-moosachat-mit-seitlichen-smaragdsteinen","status":"publish","type":"product","link":"https:\/\/aureliusjewelry.com\/de\/vera-sechseckiger-verlobungsring-aus-moosachat-mit-seitlichen-smaragdsteinen\/","title":{"rendered":"Vera \u2013 Sechseckiger Verlobungsring aus Moosachat mit seitlichen Smaragdsteinen"},"content":{"rendered":"<p><strong>Steine<\/strong><\/p>\n<ul>\n<li>sechseckiger Moosachat<\/li>\n<li>ca. 8x7mm<\/li>\n<li>runde Smaragde<\/li>\n<li>ca. 2mm (2), 1,5mm (2), 1.25mm (2)<\/li>\n<\/ul>\n<p><strong>Bandma\u00dfe und Material<\/strong><\/p>\n<ul>\n<li>1.5mm breit, 1.6mm dick<\/li>\n<li>erh\u00e4ltlich in 14-kar\u00e4tigem\/18-kar\u00e4tigem Gelb-, Wei\u00dfoder Ros\u00e9gold und Platin<\/li>\n<li>US-Ringgr\u00f6\u00dfe 3\u20139, kleinere oder gr\u00f6\u00dfere Gr\u00f6\u00dfen auf Anfrage erh\u00e4ltlich<\/li>\n<\/ul>\n","protected":false},"excerpt":{"rendered":"<p>Der sechseckige Verlobungsring aus Moosachat und Smaragd von Vera ist einer von vielen sechseckigen Verlobungsringen, die wir entworfen haben. Durch die Verwendung von Smaragden anstelle von Diamanten haben wir ein alternatives St\u00fcck f\u00fcr die nicht ganz so konventionelle Braut geschaffen. Kombinieren Sie es mit einem Stapel-Ehering Ihrer Wahl und stellen Sie ein Brautring-Set zusammen.<\/p>\n","protected":false},"featured_media":41180,"comment_status":"open","ping_status":"closed","template":"","meta":[],"product_brand":[],"product_cat":[473,1507,536,1509,1503,1523,488,503,471],"product_tag":[1220,728,1069,633,1070],"class_list":{"0":"post-49403","1":"product","2":"type-product","3":"status-publish","4":"has-post-thumbnail","6":"product_cat-ausergewohnlich","7":"product_cat-geometrische-verlobungsringe","8":"product_cat-ringe","9":"product_cat-sechseckiger-verlobungsring","10":"product_cat-verlobungsring-mit-edelsteinakzenten","11":"product_cat-verlobungsring-mit-sieben-steinen","12":"product_cat-verlobungsringe","13":"product_cat-verlobungsringe-mit-moosachat","14":"product_cat-zeitgenossisch","15":"product_tag-moosachat","16":"product_tag-production_time_3_5-de","17":"product_tag-ringe-de","18":"product_tag-ringe-tag","19":"product_tag-sechseck","21":"first","22":"onbackorder","23":"sold-individually","24":"taxable","25":"shipping-taxable","26":"purchasable","27":"product-type-variable"},"yoast_head":"<title>Vera \u2013 Sechseckiger Verlobungsring aus Moosachat mit seitlichen Smaragdsteinen - Aurelius Jewelry<\/title>\n<meta name=\"robots\" content=\"index, follow, max-snippet:-1, max-image-preview:large, max-video-preview:-1\" \/>\n<link rel=\"canonical\" href=\"https:\/\/aureliusjewelry.com\/de\/vera-sechseckiger-verlobungsring-aus-moosachat-mit-seitlichen-smaragdsteinen\/\" \/>\n<meta property=\"og:locale\" content=\"de_DE\" \/>\n<meta property=\"og:type\" content=\"article\" \/>\n<meta property=\"og:title\" content=\"Vera \u2013 Sechseckiger Verlobungsring aus Moosachat mit seitlichen Smaragdsteinen - Aurelius Jewelry\" \/>\n<meta property=\"og:description\" content=\"%\" \/>\n<meta property=\"og:url\" content=\"https:\/\/aureliusjewelry.com\/de\/vera-sechseckiger-verlobungsring-aus-moosachat-mit-seitlichen-smaragdsteinen\/\" \/>\n<meta property=\"og:site_name\" content=\"Aurelius Jewelry\" \/>\n<meta property=\"article:publisher\" content=\"https:\/\/www.facebook.com\/AureliusJewelry\/\" \/>\n<meta property=\"article:modified_time\" content=\"2026-05-03T06:47:47+00:00\" \/>\n<meta property=\"og:image\" content=\"https:\/\/aureliusjewelry.com\/wp-content\/uploads\/hexagon-moss-agate-emerald-ring-14k-white-gold.jpg\" \/>\n\t<meta property=\"og:image:width\" content=\"1920\" \/>\n\t<meta property=\"og:image:height\" content=\"1440\" \/>\n\t<meta property=\"og:image:type\" content=\"image\/jpeg\" \/>\n<meta name=\"twitter:card\" content=\"summary_large_image\" \/>\n<meta name=\"twitter:site\" content=\"@AureliusJewelry\" \/>\n<script type=\"application\/ld+json\" class=\"yoast-schema-graph\">{\"@context\":\"https:\\\/\\\/schema.org\",\"@graph\":[{\"@type\":\"WebPage\",\"@id\":\"https:\\\/\\\/aureliusjewelry.com\\\/de\\\/vera-sechseckiger-verlobungsring-aus-moosachat-mit-seitlichen-smaragdsteinen\\\/\",\"url\":\"https:\\\/\\\/aureliusjewelry.com\\\/de\\\/vera-sechseckiger-verlobungsring-aus-moosachat-mit-seitlichen-smaragdsteinen\\\/\",\"name\":\"Vera \u2013 Sechseckiger Verlobungsring aus Moosachat mit seitlichen Smaragdsteinen - Aurelius Jewelry\",\"isPartOf\":{\"@id\":\"https:\\\/\\\/aureliusjewelry.com\\\/de\\\/#website\"},\"primaryImageOfPage\":{\"@id\":\"https:\\\/\\\/aureliusjewelry.com\\\/de\\\/vera-sechseckiger-verlobungsring-aus-moosachat-mit-seitlichen-smaragdsteinen\\\/#primaryimage\"},\"image\":{\"@id\":\"https:\\\/\\\/aureliusjewelry.com\\\/de\\\/vera-sechseckiger-verlobungsring-aus-moosachat-mit-seitlichen-smaragdsteinen\\\/#primaryimage\"},\"thumbnailUrl\":\"https:\\\/\\\/aureliusjewelry.com\\\/wp-content\\\/uploads\\\/hexagon-moss-agate-emerald-ring-14k-white-gold.jpg\",\"datePublished\":\"2023-10-24T19:39:13+00:00\",\"dateModified\":\"2026-05-03T06:47:47+00:00\",\"breadcrumb\":{\"@id\":\"https:\\\/\\\/aureliusjewelry.com\\\/de\\\/vera-sechseckiger-verlobungsring-aus-moosachat-mit-seitlichen-smaragdsteinen\\\/#breadcrumb\"},\"inLanguage\":\"de\",\"potentialAction\":[{\"@type\":\"ReadAction\",\"target\":[\"https:\\\/\\\/aureliusjewelry.com\\\/de\\\/vera-sechseckiger-verlobungsring-aus-moosachat-mit-seitlichen-smaragdsteinen\\\/\"]}]},{\"@type\":\"ImageObject\",\"inLanguage\":\"de\",\"@id\":\"https:\\\/\\\/aureliusjewelry.com\\\/de\\\/vera-sechseckiger-verlobungsring-aus-moosachat-mit-seitlichen-smaragdsteinen\\\/#primaryimage\",\"url\":\"https:\\\/\\\/aureliusjewelry.com\\\/wp-content\\\/uploads\\\/hexagon-moss-agate-emerald-ring-14k-white-gold.jpg\",\"contentUrl\":\"https:\\\/\\\/aureliusjewelry.com\\\/wp-content\\\/uploads\\\/hexagon-moss-agate-emerald-ring-14k-white-gold.jpg\",\"width\":1920,\"height\":1440},{\"@type\":\"BreadcrumbList\",\"@id\":\"https:\\\/\\\/aureliusjewelry.com\\\/de\\\/vera-sechseckiger-verlobungsring-aus-moosachat-mit-seitlichen-smaragdsteinen\\\/#breadcrumb\",\"itemListElement\":[{\"@type\":\"ListItem\",\"position\":1,\"name\":\"Home\",\"item\":\"https:\\\/\\\/aureliusjewelry.com\\\/de\\\/\"},{\"@type\":\"ListItem\",\"position\":2,\"name\":\"Shop\",\"item\":\"https:\\\/\\\/aureliusjewelry.com\\\/de\\\/shop\\\/\"},{\"@type\":\"ListItem\",\"position\":3,\"name\":\"Vera \u2013 Sechseckiger Verlobungsring aus Moosachat mit seitlichen Smaragdsteinen\"}]},{\"@type\":\"WebSite\",\"@id\":\"https:\\\/\\\/aureliusjewelry.com\\\/de\\\/#website\",\"url\":\"https:\\\/\\\/aureliusjewelry.com\\\/de\\\/\",\"name\":\"Aurelius Jewelry\",\"description\":\"Handmade Fine Gold Jewelry\",\"publisher\":{\"@id\":\"https:\\\/\\\/aureliusjewelry.com\\\/de\\\/#organization\"},\"potentialAction\":[{\"@type\":\"SearchAction\",\"target\":{\"@type\":\"EntryPoint\",\"urlTemplate\":\"https:\\\/\\\/aureliusjewelry.com\\\/de\\\/?s={search_term_string}\"},\"query-input\":{\"@type\":\"PropertyValueSpecification\",\"valueRequired\":true,\"valueName\":\"search_term_string\"}}],\"inLanguage\":\"de\"},{\"@type\":\"Organization\",\"@id\":\"https:\\\/\\\/aureliusjewelry.com\\\/de\\\/#organization\",\"name\":\"Aurelius Jewelry\",\"url\":\"https:\\\/\\\/aureliusjewelry.com\\\/de\\\/\",\"logo\":{\"@type\":\"ImageObject\",\"inLanguage\":\"de\",\"@id\":\"https:\\\/\\\/aureliusjewelry.com\\\/de\\\/#\\\/schema\\\/logo\\\/image\\\/\",\"url\":\"https:\\\/\\\/aureliusjewelry.com\\\/wp-content\\\/uploads\\\/logo.png\",\"contentUrl\":\"https:\\\/\\\/aureliusjewelry.com\\\/wp-content\\\/uploads\\\/logo.png\",\"width\":400,\"height\":64,\"caption\":\"Aurelius Jewelry\"},\"image\":{\"@id\":\"https:\\\/\\\/aureliusjewelry.com\\\/de\\\/#\\\/schema\\\/logo\\\/image\\\/\"},\"sameAs\":[\"https:\\\/\\\/www.facebook.com\\\/AureliusJewelry\\\/\",\"https:\\\/\\\/x.com\\\/AureliusJewelry\",\"https:\\\/\\\/instagram.com\\\/aureliusjewelry\",\"https:\\\/\\\/www.pinterest.com\\\/AureliusJewelry\\\/\"],\"email\":\"info@aureliusjewelry.com\",\"foundingDate\":\"2018-10-01\",\"vatID\":\"SI10391070\",\"hasMerchantReturnPolicy\":{\"@type\":\"MerchantReturnPolicy\",\"merchantReturnLink\":\"https:\\\/\\\/aureliusjewelry.com\\\/our-policies\\\/terms-conditions\\\/\"}}]}<\/script>\n<meta property=\"og:availability\" content=\"backorder\" \/>\n<meta property=\"product:availability\" content=\"available for order\" \/>\n<meta property=\"product:retailer_item_id\" content=\"41175\" \/>\n<meta property=\"product:condition\" content=\"new\" \/>","yoast_head_json":{"title":"Vera \u2013 Sechseckiger Verlobungsring aus Moosachat mit seitlichen Smaragdsteinen - Aurelius Jewelry","robots":{"index":"index","follow":"follow","max-snippet":"max-snippet:-1","max-image-preview":"max-image-preview:large","max-video-preview":"max-video-preview:-1"},"canonical":"https:\/\/aureliusjewelry.com\/de\/vera-sechseckiger-verlobungsring-aus-moosachat-mit-seitlichen-smaragdsteinen\/","og_locale":"de_DE","og_type":"article","og_title":"Vera \u2013 Sechseckiger Verlobungsring aus Moosachat mit seitlichen Smaragdsteinen - Aurelius Jewelry","og_description":"%","og_url":"https:\/\/aureliusjewelry.com\/de\/vera-sechseckiger-verlobungsring-aus-moosachat-mit-seitlichen-smaragdsteinen\/","og_site_name":"Aurelius Jewelry","article_publisher":"https:\/\/www.facebook.com\/AureliusJewelry\/","article_modified_time":"2026-05-03T06:47:47+00:00","og_image":[{"width":1920,"height":1440,"url":"https:\/\/aureliusjewelry.com\/wp-content\/uploads\/hexagon-moss-agate-emerald-ring-14k-white-gold.jpg","type":"image\/jpeg"}],"twitter_card":"summary_large_image","twitter_site":"@AureliusJewelry","schema":{"@context":"https:\/\/schema.org","@graph":[{"@type":"WebPage","@id":"https:\/\/aureliusjewelry.com\/de\/vera-sechseckiger-verlobungsring-aus-moosachat-mit-seitlichen-smaragdsteinen\/","url":"https:\/\/aureliusjewelry.com\/de\/vera-sechseckiger-verlobungsring-aus-moosachat-mit-seitlichen-smaragdsteinen\/","name":"Vera \u2013 Sechseckiger Verlobungsring aus Moosachat mit seitlichen Smaragdsteinen - Aurelius Jewelry","isPartOf":{"@id":"https:\/\/aureliusjewelry.com\/de\/#website"},"primaryImageOfPage":{"@id":"https:\/\/aureliusjewelry.com\/de\/vera-sechseckiger-verlobungsring-aus-moosachat-mit-seitlichen-smaragdsteinen\/#primaryimage"},"image":{"@id":"https:\/\/aureliusjewelry.com\/de\/vera-sechseckiger-verlobungsring-aus-moosachat-mit-seitlichen-smaragdsteinen\/#primaryimage"},"thumbnailUrl":"https:\/\/aureliusjewelry.com\/wp-content\/uploads\/hexagon-moss-agate-emerald-ring-14k-white-gold.jpg","datePublished":"2023-10-24T19:39:13+00:00","dateModified":"2026-05-03T06:47:47+00:00","breadcrumb":{"@id":"https:\/\/aureliusjewelry.com\/de\/vera-sechseckiger-verlobungsring-aus-moosachat-mit-seitlichen-smaragdsteinen\/#breadcrumb"},"inLanguage":"de","potentialAction":[{"@type":"ReadAction","target":["https:\/\/aureliusjewelry.com\/de\/vera-sechseckiger-verlobungsring-aus-moosachat-mit-seitlichen-smaragdsteinen\/"]}]},{"@type":"ImageObject","inLanguage":"de","@id":"https:\/\/aureliusjewelry.com\/de\/vera-sechseckiger-verlobungsring-aus-moosachat-mit-seitlichen-smaragdsteinen\/#primaryimage","url":"https:\/\/aureliusjewelry.com\/wp-content\/uploads\/hexagon-moss-agate-emerald-ring-14k-white-gold.jpg","contentUrl":"https:\/\/aureliusjewelry.com\/wp-content\/uploads\/hexagon-moss-agate-emerald-ring-14k-white-gold.jpg","width":1920,"height":1440},{"@type":"BreadcrumbList","@id":"https:\/\/aureliusjewelry.com\/de\/vera-sechseckiger-verlobungsring-aus-moosachat-mit-seitlichen-smaragdsteinen\/#breadcrumb","itemListElement":[{"@type":"ListItem","position":1,"name":"Home","item":"https:\/\/aureliusjewelry.com\/de\/"},{"@type":"ListItem","position":2,"name":"Shop","item":"https:\/\/aureliusjewelry.com\/de\/shop\/"},{"@type":"ListItem","position":3,"name":"Vera \u2013 Sechseckiger Verlobungsring aus Moosachat mit seitlichen Smaragdsteinen"}]},{"@type":"WebSite","@id":"https:\/\/aureliusjewelry.com\/de\/#website","url":"https:\/\/aureliusjewelry.com\/de\/","name":"Aurelius Jewelry","description":"Handmade Fine Gold Jewelry","publisher":{"@id":"https:\/\/aureliusjewelry.com\/de\/#organization"},"potentialAction":[{"@type":"SearchAction","target":{"@type":"EntryPoint","urlTemplate":"https:\/\/aureliusjewelry.com\/de\/?s={search_term_string}"},"query-input":{"@type":"PropertyValueSpecification","valueRequired":true,"valueName":"search_term_string"}}],"inLanguage":"de"},{"@type":"Organization","@id":"https:\/\/aureliusjewelry.com\/de\/#organization","name":"Aurelius Jewelry","url":"https:\/\/aureliusjewelry.com\/de\/","logo":{"@type":"ImageObject","inLanguage":"de","@id":"https:\/\/aureliusjewelry.com\/de\/#\/schema\/logo\/image\/","url":"https:\/\/aureliusjewelry.com\/wp-content\/uploads\/logo.png","contentUrl":"https:\/\/aureliusjewelry.com\/wp-content\/uploads\/logo.png","width":400,"height":64,"caption":"Aurelius Jewelry"},"image":{"@id":"https:\/\/aureliusjewelry.com\/de\/#\/schema\/logo\/image\/"},"sameAs":["https:\/\/www.facebook.com\/AureliusJewelry\/","https:\/\/x.com\/AureliusJewelry","https:\/\/instagram.com\/aureliusjewelry","https:\/\/www.pinterest.com\/AureliusJewelry\/"],"email":"info@aureliusjewelry.com","foundingDate":"2018-10-01","vatID":"SI10391070","hasMerchantReturnPolicy":{"@type":"MerchantReturnPolicy","merchantReturnLink":"https:\/\/aureliusjewelry.com\/our-policies\/terms-conditions\/"}}]},"og_availability":"backorder","product_availability":"available for order","product_retailer_item_id":"41175","product_condition":"new"},"_links":{"self":[{"href":"https:\/\/aureliusjewelry.com\/de\/wp-json\/wp\/v2\/product\/49403","targetHints":{"allow":["GET"]}}],"collection":[{"href":"https:\/\/aureliusjewelry.com\/de\/wp-json\/wp\/v2\/product"}],"about":[{"href":"https:\/\/aureliusjewelry.com\/de\/wp-json\/wp\/v2\/types\/product"}],"replies":[{"embeddable":true,"href":"https:\/\/aureliusjewelry.com\/de\/wp-json\/wp\/v2\/comments?post=49403"}],"wp:featuredmedia":[{"embeddable":true,"href":"https:\/\/aureliusjewelry.com\/de\/wp-json\/wp\/v2\/media\/41180"}],"wp:attachment":[{"href":"https:\/\/aureliusjewelry.com\/de\/wp-json\/wp\/v2\/media?parent=49403"}],"wp:term":[{"taxonomy":"product_brand","embeddable":true,"href":"https:\/\/aureliusjewelry.com\/de\/wp-json\/wp\/v2\/product_brand?post=49403"},{"taxonomy":"product_cat","embeddable":true,"href":"https:\/\/aureliusjewelry.com\/de\/wp-json\/wp\/v2\/product_cat?post=49403"},{"taxonomy":"product_tag","embeddable":true,"href":"https:\/\/aureliusjewelry.com\/de\/wp-json\/wp\/v2\/product_tag?post=49403"}],"curies":[{"name":"wp","href":"https:\/\/api.w.org\/{rel}","templated":true}]}}