{"id":48352,"date":"2023-10-26T01:34:01","date_gmt":"2023-10-25T23:34:01","guid":{"rendered":"http:\/\/aureliusjewelry.com\/product\/claddagh-ring-mit-birnenfoermigem-smaragd-edelstein\/"},"modified":"2026-03-19T22:28:17","modified_gmt":"2026-03-19T20:28:17","slug":"claddagh-ring-mit-birnenfoermigem-smaragd-edelstein","status":"publish","type":"product","link":"https:\/\/aureliusjewelry.com\/de\/claddagh-ring-mit-birnenfoermigem-smaragd-edelstein\/","title":{"rendered":"Claddagh-Ring mit birnenf\u00f6rmigem Smaragd-Edelstein"},"content":{"rendered":"<p><strong>Stein<\/strong><\/p>\n<ul>\n<li>nat\u00fcrlicher Smaragd im Birnenschliff<\/li>\n<li>ca. 7x5mm<\/li>\n<\/ul>\n<p><strong>Bandma\u00dfe und Material<\/strong><\/p>\n<ul>\n<li>1.5mm breit, 1.6mm dick<\/li>\n<li>erh\u00e4ltlich in 14-kar\u00e4tigem\/18-kar\u00e4tigem Gelb-, Wei\u00dfoder Ros\u00e9gold und Platin<\/li>\n<li>US-Ringgr\u00f6\u00dfe 3\u20139, kleinere oder gr\u00f6\u00dfere Gr\u00f6\u00dfen auf Anfrage erh\u00e4ltlich<\/li>\n<\/ul>\n","protected":false},"excerpt":{"rendered":"<p>Hergestellt f\u00fcr Smaragdliebhaber und inspiriert vom traditionellen irischen Claddagh-Ring, der typischerweise zwei H\u00e4nde zeigt, die ein Herz mit einer Krone halten. Es ist reich an Symbolen und steht f\u00fcr Loyalit\u00e4t, Freundschaft und Liebe. Wenn ein Claddagh-Ring an der linken Hand getragen wird und das Herz nach au\u00dfen zeigt, symbolisiert er eine Verlobung, und wenn das Herz nach innen zeigt, symbolisiert er die Ehe. Wir haben das Design modernisiert und einen kronenf\u00f6rmigen Ring geschaffen, dessen B\u00f6gen den birnenf\u00f6rmigen Smaragd halten \u2013 das Herz des Rings!<\/p>\n","protected":false},"featured_media":41279,"comment_status":"open","ping_status":"closed","template":"","meta":[],"product_brand":[],"product_cat":[1517,536,1526,488,510,1537,487],"product_tag":[1235,728,633,1069,1175],"class_list":{"0":"post-48352","1":"product","2":"type-product","3":"status-publish","4":"has-post-thumbnail","6":"product_cat-birnenformiger-verlobungsring","7":"product_cat-ringe","8":"product_cat-solitar-verlobungsring","9":"product_cat-verlobungsringe","10":"product_cat-verlobungsringe-mit-smaragd","11":"product_cat-vintage-verlobungsring","12":"product_cat-zeitlos","13":"product_tag-birne","14":"product_tag-production_time_3_5-de","15":"product_tag-ringe-tag","16":"product_tag-ringe-de","17":"product_tag-smaragd-de","19":"first","20":"onbackorder","21":"sold-individually","22":"taxable","23":"shipping-taxable","24":"purchasable","25":"product-type-variable"},"yoast_head":"<title>Claddagh-Ring mit birnenf\u00f6rmigem Smaragd-Edelstein - Aurelius Jewelry<\/title>\n<meta name=\"robots\" content=\"index, follow, max-snippet:-1, max-image-preview:large, max-video-preview:-1\" \/>\n<link rel=\"canonical\" href=\"https:\/\/aureliusjewelry.com\/de\/claddagh-ring-mit-birnenfoermigem-smaragd-edelstein\/\" \/>\n<meta property=\"og:locale\" content=\"de_DE\" \/>\n<meta property=\"og:type\" content=\"article\" \/>\n<meta property=\"og:title\" content=\"Claddagh-Ring mit birnenf\u00f6rmigem Smaragd-Edelstein - Aurelius Jewelry\" \/>\n<meta property=\"og:description\" content=\"%\" \/>\n<meta property=\"og:url\" content=\"https:\/\/aureliusjewelry.com\/de\/claddagh-ring-mit-birnenfoermigem-smaragd-edelstein\/\" \/>\n<meta property=\"og:site_name\" content=\"Aurelius Jewelry\" \/>\n<meta property=\"article:publisher\" content=\"https:\/\/www.facebook.com\/AureliusJewelry\/\" \/>\n<meta property=\"article:modified_time\" content=\"2026-03-19T20:28:17+00:00\" \/>\n<meta property=\"og:image\" content=\"https:\/\/aureliusjewelry.com\/wp-content\/uploads\/pear-emerald-claddagh-engagement-ring-yellow-gold.jpg\" \/>\n\t<meta property=\"og:image:width\" content=\"1920\" \/>\n\t<meta property=\"og:image:height\" content=\"1440\" \/>\n\t<meta property=\"og:image:type\" content=\"image\/jpeg\" \/>\n<meta name=\"twitter:card\" content=\"summary_large_image\" \/>\n<meta name=\"twitter:site\" content=\"@AureliusJewelry\" \/>\n<script type=\"application\/ld+json\" class=\"yoast-schema-graph\">{\"@context\":\"https:\\\/\\\/schema.org\",\"@graph\":[{\"@type\":\"WebPage\",\"@id\":\"https:\\\/\\\/aureliusjewelry.com\\\/de\\\/claddagh-ring-mit-birnenfoermigem-smaragd-edelstein\\\/\",\"url\":\"https:\\\/\\\/aureliusjewelry.com\\\/de\\\/claddagh-ring-mit-birnenfoermigem-smaragd-edelstein\\\/\",\"name\":\"Claddagh-Ring mit birnenf\u00f6rmigem Smaragd-Edelstein - Aurelius Jewelry\",\"isPartOf\":{\"@id\":\"https:\\\/\\\/aureliusjewelry.com\\\/de\\\/#website\"},\"primaryImageOfPage\":{\"@id\":\"https:\\\/\\\/aureliusjewelry.com\\\/de\\\/claddagh-ring-mit-birnenfoermigem-smaragd-edelstein\\\/#primaryimage\"},\"image\":{\"@id\":\"https:\\\/\\\/aureliusjewelry.com\\\/de\\\/claddagh-ring-mit-birnenfoermigem-smaragd-edelstein\\\/#primaryimage\"},\"thumbnailUrl\":\"https:\\\/\\\/aureliusjewelry.com\\\/wp-content\\\/uploads\\\/pear-emerald-claddagh-engagement-ring-yellow-gold.jpg\",\"datePublished\":\"2023-10-25T23:34:01+00:00\",\"dateModified\":\"2026-03-19T20:28:17+00:00\",\"breadcrumb\":{\"@id\":\"https:\\\/\\\/aureliusjewelry.com\\\/de\\\/claddagh-ring-mit-birnenfoermigem-smaragd-edelstein\\\/#breadcrumb\"},\"inLanguage\":\"de\",\"potentialAction\":[{\"@type\":\"ReadAction\",\"target\":[\"https:\\\/\\\/aureliusjewelry.com\\\/de\\\/claddagh-ring-mit-birnenfoermigem-smaragd-edelstein\\\/\"]}]},{\"@type\":\"ImageObject\",\"inLanguage\":\"de\",\"@id\":\"https:\\\/\\\/aureliusjewelry.com\\\/de\\\/claddagh-ring-mit-birnenfoermigem-smaragd-edelstein\\\/#primaryimage\",\"url\":\"https:\\\/\\\/aureliusjewelry.com\\\/wp-content\\\/uploads\\\/pear-emerald-claddagh-engagement-ring-yellow-gold.jpg\",\"contentUrl\":\"https:\\\/\\\/aureliusjewelry.com\\\/wp-content\\\/uploads\\\/pear-emerald-claddagh-engagement-ring-yellow-gold.jpg\",\"width\":1920,\"height\":1440},{\"@type\":\"BreadcrumbList\",\"@id\":\"https:\\\/\\\/aureliusjewelry.com\\\/de\\\/claddagh-ring-mit-birnenfoermigem-smaragd-edelstein\\\/#breadcrumb\",\"itemListElement\":[{\"@type\":\"ListItem\",\"position\":1,\"name\":\"Home\",\"item\":\"https:\\\/\\\/aureliusjewelry.com\\\/de\\\/\"},{\"@type\":\"ListItem\",\"position\":2,\"name\":\"Shop\",\"item\":\"https:\\\/\\\/aureliusjewelry.com\\\/de\\\/shop\\\/\"},{\"@type\":\"ListItem\",\"position\":3,\"name\":\"Claddagh-Ring mit birnenf\u00f6rmigem Smaragd-Edelstein\"}]},{\"@type\":\"WebSite\",\"@id\":\"https:\\\/\\\/aureliusjewelry.com\\\/de\\\/#website\",\"url\":\"https:\\\/\\\/aureliusjewelry.com\\\/de\\\/\",\"name\":\"Aurelius Jewelry\",\"description\":\"Handmade Fine Gold Jewelry\",\"publisher\":{\"@id\":\"https:\\\/\\\/aureliusjewelry.com\\\/de\\\/#organization\"},\"potentialAction\":[{\"@type\":\"SearchAction\",\"target\":{\"@type\":\"EntryPoint\",\"urlTemplate\":\"https:\\\/\\\/aureliusjewelry.com\\\/de\\\/?s={search_term_string}\"},\"query-input\":{\"@type\":\"PropertyValueSpecification\",\"valueRequired\":true,\"valueName\":\"search_term_string\"}}],\"inLanguage\":\"de\"},{\"@type\":\"Organization\",\"@id\":\"https:\\\/\\\/aureliusjewelry.com\\\/de\\\/#organization\",\"name\":\"Aurelius Jewelry\",\"url\":\"https:\\\/\\\/aureliusjewelry.com\\\/de\\\/\",\"logo\":{\"@type\":\"ImageObject\",\"inLanguage\":\"de\",\"@id\":\"https:\\\/\\\/aureliusjewelry.com\\\/de\\\/#\\\/schema\\\/logo\\\/image\\\/\",\"url\":\"https:\\\/\\\/aureliusjewelry.com\\\/wp-content\\\/uploads\\\/logo.png\",\"contentUrl\":\"https:\\\/\\\/aureliusjewelry.com\\\/wp-content\\\/uploads\\\/logo.png\",\"width\":400,\"height\":64,\"caption\":\"Aurelius Jewelry\"},\"image\":{\"@id\":\"https:\\\/\\\/aureliusjewelry.com\\\/de\\\/#\\\/schema\\\/logo\\\/image\\\/\"},\"sameAs\":[\"https:\\\/\\\/www.facebook.com\\\/AureliusJewelry\\\/\",\"https:\\\/\\\/x.com\\\/AureliusJewelry\",\"https:\\\/\\\/instagram.com\\\/aureliusjewelry\",\"https:\\\/\\\/www.pinterest.com\\\/AureliusJewelry\\\/\"],\"email\":\"info@aureliusjewelry.com\",\"foundingDate\":\"2018-10-01\",\"vatID\":\"SI10391070\",\"hasMerchantReturnPolicy\":{\"@type\":\"MerchantReturnPolicy\",\"merchantReturnLink\":\"https:\\\/\\\/aureliusjewelry.com\\\/our-policies\\\/terms-conditions\\\/\"}}]}<\/script>\n<meta property=\"og:availability\" content=\"backorder\" \/>\n<meta property=\"product:availability\" content=\"available for order\" \/>\n<meta property=\"product:retailer_item_id\" content=\"41274\" \/>\n<meta property=\"product:condition\" content=\"new\" \/>","yoast_head_json":{"title":"Claddagh-Ring mit birnenf\u00f6rmigem Smaragd-Edelstein - Aurelius Jewelry","robots":{"index":"index","follow":"follow","max-snippet":"max-snippet:-1","max-image-preview":"max-image-preview:large","max-video-preview":"max-video-preview:-1"},"canonical":"https:\/\/aureliusjewelry.com\/de\/claddagh-ring-mit-birnenfoermigem-smaragd-edelstein\/","og_locale":"de_DE","og_type":"article","og_title":"Claddagh-Ring mit birnenf\u00f6rmigem Smaragd-Edelstein - Aurelius Jewelry","og_description":"%","og_url":"https:\/\/aureliusjewelry.com\/de\/claddagh-ring-mit-birnenfoermigem-smaragd-edelstein\/","og_site_name":"Aurelius Jewelry","article_publisher":"https:\/\/www.facebook.com\/AureliusJewelry\/","article_modified_time":"2026-03-19T20:28:17+00:00","og_image":[{"width":1920,"height":1440,"url":"https:\/\/aureliusjewelry.com\/wp-content\/uploads\/pear-emerald-claddagh-engagement-ring-yellow-gold.jpg","type":"image\/jpeg"}],"twitter_card":"summary_large_image","twitter_site":"@AureliusJewelry","schema":{"@context":"https:\/\/schema.org","@graph":[{"@type":"WebPage","@id":"https:\/\/aureliusjewelry.com\/de\/claddagh-ring-mit-birnenfoermigem-smaragd-edelstein\/","url":"https:\/\/aureliusjewelry.com\/de\/claddagh-ring-mit-birnenfoermigem-smaragd-edelstein\/","name":"Claddagh-Ring mit birnenf\u00f6rmigem Smaragd-Edelstein - Aurelius Jewelry","isPartOf":{"@id":"https:\/\/aureliusjewelry.com\/de\/#website"},"primaryImageOfPage":{"@id":"https:\/\/aureliusjewelry.com\/de\/claddagh-ring-mit-birnenfoermigem-smaragd-edelstein\/#primaryimage"},"image":{"@id":"https:\/\/aureliusjewelry.com\/de\/claddagh-ring-mit-birnenfoermigem-smaragd-edelstein\/#primaryimage"},"thumbnailUrl":"https:\/\/aureliusjewelry.com\/wp-content\/uploads\/pear-emerald-claddagh-engagement-ring-yellow-gold.jpg","datePublished":"2023-10-25T23:34:01+00:00","dateModified":"2026-03-19T20:28:17+00:00","breadcrumb":{"@id":"https:\/\/aureliusjewelry.com\/de\/claddagh-ring-mit-birnenfoermigem-smaragd-edelstein\/#breadcrumb"},"inLanguage":"de","potentialAction":[{"@type":"ReadAction","target":["https:\/\/aureliusjewelry.com\/de\/claddagh-ring-mit-birnenfoermigem-smaragd-edelstein\/"]}]},{"@type":"ImageObject","inLanguage":"de","@id":"https:\/\/aureliusjewelry.com\/de\/claddagh-ring-mit-birnenfoermigem-smaragd-edelstein\/#primaryimage","url":"https:\/\/aureliusjewelry.com\/wp-content\/uploads\/pear-emerald-claddagh-engagement-ring-yellow-gold.jpg","contentUrl":"https:\/\/aureliusjewelry.com\/wp-content\/uploads\/pear-emerald-claddagh-engagement-ring-yellow-gold.jpg","width":1920,"height":1440},{"@type":"BreadcrumbList","@id":"https:\/\/aureliusjewelry.com\/de\/claddagh-ring-mit-birnenfoermigem-smaragd-edelstein\/#breadcrumb","itemListElement":[{"@type":"ListItem","position":1,"name":"Home","item":"https:\/\/aureliusjewelry.com\/de\/"},{"@type":"ListItem","position":2,"name":"Shop","item":"https:\/\/aureliusjewelry.com\/de\/shop\/"},{"@type":"ListItem","position":3,"name":"Claddagh-Ring mit birnenf\u00f6rmigem Smaragd-Edelstein"}]},{"@type":"WebSite","@id":"https:\/\/aureliusjewelry.com\/de\/#website","url":"https:\/\/aureliusjewelry.com\/de\/","name":"Aurelius Jewelry","description":"Handmade Fine Gold Jewelry","publisher":{"@id":"https:\/\/aureliusjewelry.com\/de\/#organization"},"potentialAction":[{"@type":"SearchAction","target":{"@type":"EntryPoint","urlTemplate":"https:\/\/aureliusjewelry.com\/de\/?s={search_term_string}"},"query-input":{"@type":"PropertyValueSpecification","valueRequired":true,"valueName":"search_term_string"}}],"inLanguage":"de"},{"@type":"Organization","@id":"https:\/\/aureliusjewelry.com\/de\/#organization","name":"Aurelius Jewelry","url":"https:\/\/aureliusjewelry.com\/de\/","logo":{"@type":"ImageObject","inLanguage":"de","@id":"https:\/\/aureliusjewelry.com\/de\/#\/schema\/logo\/image\/","url":"https:\/\/aureliusjewelry.com\/wp-content\/uploads\/logo.png","contentUrl":"https:\/\/aureliusjewelry.com\/wp-content\/uploads\/logo.png","width":400,"height":64,"caption":"Aurelius Jewelry"},"image":{"@id":"https:\/\/aureliusjewelry.com\/de\/#\/schema\/logo\/image\/"},"sameAs":["https:\/\/www.facebook.com\/AureliusJewelry\/","https:\/\/x.com\/AureliusJewelry","https:\/\/instagram.com\/aureliusjewelry","https:\/\/www.pinterest.com\/AureliusJewelry\/"],"email":"info@aureliusjewelry.com","foundingDate":"2018-10-01","vatID":"SI10391070","hasMerchantReturnPolicy":{"@type":"MerchantReturnPolicy","merchantReturnLink":"https:\/\/aureliusjewelry.com\/our-policies\/terms-conditions\/"}}]},"og_availability":"backorder","product_availability":"available for order","product_retailer_item_id":"41274","product_condition":"new"},"_links":{"self":[{"href":"https:\/\/aureliusjewelry.com\/de\/wp-json\/wp\/v2\/product\/48352","targetHints":{"allow":["GET"]}}],"collection":[{"href":"https:\/\/aureliusjewelry.com\/de\/wp-json\/wp\/v2\/product"}],"about":[{"href":"https:\/\/aureliusjewelry.com\/de\/wp-json\/wp\/v2\/types\/product"}],"replies":[{"embeddable":true,"href":"https:\/\/aureliusjewelry.com\/de\/wp-json\/wp\/v2\/comments?post=48352"}],"wp:featuredmedia":[{"embeddable":true,"href":"https:\/\/aureliusjewelry.com\/de\/wp-json\/wp\/v2\/media\/41279"}],"wp:attachment":[{"href":"https:\/\/aureliusjewelry.com\/de\/wp-json\/wp\/v2\/media?parent=48352"}],"wp:term":[{"taxonomy":"product_brand","embeddable":true,"href":"https:\/\/aureliusjewelry.com\/de\/wp-json\/wp\/v2\/product_brand?post=48352"},{"taxonomy":"product_cat","embeddable":true,"href":"https:\/\/aureliusjewelry.com\/de\/wp-json\/wp\/v2\/product_cat?post=48352"},{"taxonomy":"product_tag","embeddable":true,"href":"https:\/\/aureliusjewelry.com\/de\/wp-json\/wp\/v2\/product_tag?post=48352"}],"curies":[{"name":"wp","href":"https:\/\/api.w.org\/{rel}","templated":true}]}}