{"id":48312,"date":"2023-10-23T20:54:54","date_gmt":"2023-10-23T18:54:54","guid":{"rendered":"http:\/\/aureliusjewelry.com\/product\/verlobungsring-mit-drachenfoermigem-moosachat-und-diamant-pave\/"},"modified":"2026-03-19T22:52:56","modified_gmt":"2026-03-19T20:52:56","slug":"verlobungsring-mit-drachenfoermigem-moosachat-und-diamant-pave","status":"publish","type":"product","link":"https:\/\/aureliusjewelry.com\/de\/verlobungsring-mit-drachenfoermigem-moosachat-und-diamant-pave\/","title":{"rendered":"Verlobungsring mit drachenf\u00f6rmigem Moosachat und Diamant-Pav\u00e9"},"content":{"rendered":"<p><strong>Steine<\/strong><\/p>\n<ul>\n<li>Drachenmoos-Achat<\/li>\n<li>ca. 11x7mm<\/li>\n<li>runde Diamanten<\/li>\n<li>ca. 1.5mm (16)<\/li>\n<li>F\/G-Farbe, VS-Klarheit, konfliktfrei<\/li>\n<\/ul>\n<p><strong>Bandma\u00dfe und Material<\/strong><\/p>\n<ul>\n<li>1.5mm breit, 1.6mm dick<\/li>\n<li>erh\u00e4ltlich in 14-kar\u00e4tigem\/18-kar\u00e4tigem Gelb-, Wei\u00dfoder Ros\u00e9gold und Platin<\/li>\n<li>US-Ringgr\u00f6\u00dfe 3\u20139, kleinere oder gr\u00f6\u00dfere Gr\u00f6\u00dfen auf Anfrage erh\u00e4ltlich<\/li>\n<\/ul>\n","protected":false},"excerpt":{"rendered":"<p>Dieser Kite Moss Achat-Verlobungsring hat alles: einen einzigartigen Edelstein, ein modernes, geschwungenes Band und ein klassisches Diamantpav\u00e9. Au\u00dferdem hat es mit 11 mm eine tolle Gr\u00f6\u00dfe \u2013 weder zu gro\u00df f\u00fcr den Alltag noch zu klein. Der Edelstein sitzt auf unserer charakteristischen Krappenfassung und ist von zierlichen Diamanten umgeben, die unserem Ring zus\u00e4tzlichen Glanz verleihen! Es passt gut zu unseren passenden Eheringen mit offenen Diamanten und V-Form.<\/p>\n","protected":false},"featured_media":41083,"comment_status":"open","ping_status":"closed","template":"","meta":[],"product_brand":[],"product_cat":[473,1510,1505,1507,536,488,503,471],"product_tag":[1192,1220,728,1069,633],"class_list":{"0":"post-48312","1":"product","2":"type-product","3":"status-publish","4":"has-post-thumbnail","6":"product_cat-ausergewohnlich","7":"product_cat-drachen-verlobungsring","8":"product_cat-eternity-band-verlobungsring","9":"product_cat-geometrische-verlobungsringe","10":"product_cat-ringe","11":"product_cat-verlobungsringe","12":"product_cat-verlobungsringe-mit-moosachat","13":"product_cat-zeitgenossisch","14":"product_tag-drachen","15":"product_tag-moosachat","16":"product_tag-production_time_3_5-de","17":"product_tag-ringe-de","18":"product_tag-ringe-tag","20":"first","21":"onbackorder","22":"sold-individually","23":"taxable","24":"shipping-taxable","25":"purchasable","26":"product-type-variable"},"yoast_head":"<title>Verlobungsring mit drachenf\u00f6rmigem Moosachat und Diamant-Pav\u00e9 - Aurelius Jewelry<\/title>\n<meta name=\"robots\" content=\"index, follow, max-snippet:-1, max-image-preview:large, max-video-preview:-1\" \/>\n<link rel=\"canonical\" href=\"https:\/\/aureliusjewelry.com\/de\/verlobungsring-mit-drachenfoermigem-moosachat-und-diamant-pave\/\" \/>\n<meta property=\"og:locale\" content=\"de_DE\" \/>\n<meta property=\"og:type\" content=\"article\" \/>\n<meta property=\"og:title\" content=\"Verlobungsring mit drachenf\u00f6rmigem Moosachat und Diamant-Pav\u00e9 - Aurelius Jewelry\" \/>\n<meta property=\"og:description\" content=\"%\" \/>\n<meta property=\"og:url\" content=\"https:\/\/aureliusjewelry.com\/de\/verlobungsring-mit-drachenfoermigem-moosachat-und-diamant-pave\/\" \/>\n<meta property=\"og:site_name\" content=\"Aurelius Jewelry\" \/>\n<meta property=\"article:publisher\" content=\"https:\/\/www.facebook.com\/AureliusJewelry\/\" \/>\n<meta property=\"article:modified_time\" content=\"2026-03-19T20:52:56+00:00\" \/>\n<meta property=\"og:image\" content=\"https:\/\/aureliusjewelry.com\/wp-content\/uploads\/kite-moss-agate-half-eternity-engagement-ring-14k.jpg\" \/>\n\t<meta property=\"og:image:width\" content=\"1920\" \/>\n\t<meta property=\"og:image:height\" content=\"1440\" \/>\n\t<meta property=\"og:image:type\" content=\"image\/jpeg\" \/>\n<meta name=\"twitter:card\" content=\"summary_large_image\" \/>\n<meta name=\"twitter:site\" content=\"@AureliusJewelry\" \/>\n<script type=\"application\/ld+json\" class=\"yoast-schema-graph\">{\"@context\":\"https:\\\/\\\/schema.org\",\"@graph\":[{\"@type\":\"WebPage\",\"@id\":\"https:\\\/\\\/aureliusjewelry.com\\\/de\\\/verlobungsring-mit-drachenfoermigem-moosachat-und-diamant-pave\\\/\",\"url\":\"https:\\\/\\\/aureliusjewelry.com\\\/de\\\/verlobungsring-mit-drachenfoermigem-moosachat-und-diamant-pave\\\/\",\"name\":\"Verlobungsring mit drachenf\u00f6rmigem Moosachat und Diamant-Pav\u00e9 - Aurelius Jewelry\",\"isPartOf\":{\"@id\":\"https:\\\/\\\/aureliusjewelry.com\\\/de\\\/#website\"},\"primaryImageOfPage\":{\"@id\":\"https:\\\/\\\/aureliusjewelry.com\\\/de\\\/verlobungsring-mit-drachenfoermigem-moosachat-und-diamant-pave\\\/#primaryimage\"},\"image\":{\"@id\":\"https:\\\/\\\/aureliusjewelry.com\\\/de\\\/verlobungsring-mit-drachenfoermigem-moosachat-und-diamant-pave\\\/#primaryimage\"},\"thumbnailUrl\":\"https:\\\/\\\/aureliusjewelry.com\\\/wp-content\\\/uploads\\\/kite-moss-agate-half-eternity-engagement-ring-14k.jpg\",\"datePublished\":\"2023-10-23T18:54:54+00:00\",\"dateModified\":\"2026-03-19T20:52:56+00:00\",\"breadcrumb\":{\"@id\":\"https:\\\/\\\/aureliusjewelry.com\\\/de\\\/verlobungsring-mit-drachenfoermigem-moosachat-und-diamant-pave\\\/#breadcrumb\"},\"inLanguage\":\"de\",\"potentialAction\":[{\"@type\":\"ReadAction\",\"target\":[\"https:\\\/\\\/aureliusjewelry.com\\\/de\\\/verlobungsring-mit-drachenfoermigem-moosachat-und-diamant-pave\\\/\"]}]},{\"@type\":\"ImageObject\",\"inLanguage\":\"de\",\"@id\":\"https:\\\/\\\/aureliusjewelry.com\\\/de\\\/verlobungsring-mit-drachenfoermigem-moosachat-und-diamant-pave\\\/#primaryimage\",\"url\":\"https:\\\/\\\/aureliusjewelry.com\\\/wp-content\\\/uploads\\\/kite-moss-agate-half-eternity-engagement-ring-14k.jpg\",\"contentUrl\":\"https:\\\/\\\/aureliusjewelry.com\\\/wp-content\\\/uploads\\\/kite-moss-agate-half-eternity-engagement-ring-14k.jpg\",\"width\":1920,\"height\":1440},{\"@type\":\"BreadcrumbList\",\"@id\":\"https:\\\/\\\/aureliusjewelry.com\\\/de\\\/verlobungsring-mit-drachenfoermigem-moosachat-und-diamant-pave\\\/#breadcrumb\",\"itemListElement\":[{\"@type\":\"ListItem\",\"position\":1,\"name\":\"Home\",\"item\":\"https:\\\/\\\/aureliusjewelry.com\\\/de\\\/\"},{\"@type\":\"ListItem\",\"position\":2,\"name\":\"Shop\",\"item\":\"https:\\\/\\\/aureliusjewelry.com\\\/de\\\/shop\\\/\"},{\"@type\":\"ListItem\",\"position\":3,\"name\":\"Verlobungsring mit drachenf\u00f6rmigem Moosachat und Diamant-Pav\u00e9\"}]},{\"@type\":\"WebSite\",\"@id\":\"https:\\\/\\\/aureliusjewelry.com\\\/de\\\/#website\",\"url\":\"https:\\\/\\\/aureliusjewelry.com\\\/de\\\/\",\"name\":\"Aurelius Jewelry\",\"description\":\"Handmade Fine Gold Jewelry\",\"publisher\":{\"@id\":\"https:\\\/\\\/aureliusjewelry.com\\\/de\\\/#organization\"},\"potentialAction\":[{\"@type\":\"SearchAction\",\"target\":{\"@type\":\"EntryPoint\",\"urlTemplate\":\"https:\\\/\\\/aureliusjewelry.com\\\/de\\\/?s={search_term_string}\"},\"query-input\":{\"@type\":\"PropertyValueSpecification\",\"valueRequired\":true,\"valueName\":\"search_term_string\"}}],\"inLanguage\":\"de\"},{\"@type\":\"Organization\",\"@id\":\"https:\\\/\\\/aureliusjewelry.com\\\/de\\\/#organization\",\"name\":\"Aurelius Jewelry\",\"url\":\"https:\\\/\\\/aureliusjewelry.com\\\/de\\\/\",\"logo\":{\"@type\":\"ImageObject\",\"inLanguage\":\"de\",\"@id\":\"https:\\\/\\\/aureliusjewelry.com\\\/de\\\/#\\\/schema\\\/logo\\\/image\\\/\",\"url\":\"https:\\\/\\\/aureliusjewelry.com\\\/wp-content\\\/uploads\\\/logo.png\",\"contentUrl\":\"https:\\\/\\\/aureliusjewelry.com\\\/wp-content\\\/uploads\\\/logo.png\",\"width\":400,\"height\":64,\"caption\":\"Aurelius Jewelry\"},\"image\":{\"@id\":\"https:\\\/\\\/aureliusjewelry.com\\\/de\\\/#\\\/schema\\\/logo\\\/image\\\/\"},\"sameAs\":[\"https:\\\/\\\/www.facebook.com\\\/AureliusJewelry\\\/\",\"https:\\\/\\\/x.com\\\/AureliusJewelry\",\"https:\\\/\\\/instagram.com\\\/aureliusjewelry\",\"https:\\\/\\\/www.pinterest.com\\\/AureliusJewelry\\\/\"],\"email\":\"info@aureliusjewelry.com\",\"foundingDate\":\"2018-10-01\",\"vatID\":\"SI10391070\",\"hasMerchantReturnPolicy\":{\"@type\":\"MerchantReturnPolicy\",\"merchantReturnLink\":\"https:\\\/\\\/aureliusjewelry.com\\\/our-policies\\\/terms-conditions\\\/\"}}]}<\/script>\n<meta property=\"og:availability\" content=\"backorder\" \/>\n<meta property=\"product:availability\" content=\"available for order\" \/>\n<meta property=\"product:retailer_item_id\" content=\"41076\" \/>\n<meta property=\"product:condition\" content=\"new\" \/>","yoast_head_json":{"title":"Verlobungsring mit drachenf\u00f6rmigem Moosachat und Diamant-Pav\u00e9 - Aurelius Jewelry","robots":{"index":"index","follow":"follow","max-snippet":"max-snippet:-1","max-image-preview":"max-image-preview:large","max-video-preview":"max-video-preview:-1"},"canonical":"https:\/\/aureliusjewelry.com\/de\/verlobungsring-mit-drachenfoermigem-moosachat-und-diamant-pave\/","og_locale":"de_DE","og_type":"article","og_title":"Verlobungsring mit drachenf\u00f6rmigem Moosachat und Diamant-Pav\u00e9 - Aurelius Jewelry","og_description":"%","og_url":"https:\/\/aureliusjewelry.com\/de\/verlobungsring-mit-drachenfoermigem-moosachat-und-diamant-pave\/","og_site_name":"Aurelius Jewelry","article_publisher":"https:\/\/www.facebook.com\/AureliusJewelry\/","article_modified_time":"2026-03-19T20:52:56+00:00","og_image":[{"width":1920,"height":1440,"url":"https:\/\/aureliusjewelry.com\/wp-content\/uploads\/kite-moss-agate-half-eternity-engagement-ring-14k.jpg","type":"image\/jpeg"}],"twitter_card":"summary_large_image","twitter_site":"@AureliusJewelry","schema":{"@context":"https:\/\/schema.org","@graph":[{"@type":"WebPage","@id":"https:\/\/aureliusjewelry.com\/de\/verlobungsring-mit-drachenfoermigem-moosachat-und-diamant-pave\/","url":"https:\/\/aureliusjewelry.com\/de\/verlobungsring-mit-drachenfoermigem-moosachat-und-diamant-pave\/","name":"Verlobungsring mit drachenf\u00f6rmigem Moosachat und Diamant-Pav\u00e9 - Aurelius Jewelry","isPartOf":{"@id":"https:\/\/aureliusjewelry.com\/de\/#website"},"primaryImageOfPage":{"@id":"https:\/\/aureliusjewelry.com\/de\/verlobungsring-mit-drachenfoermigem-moosachat-und-diamant-pave\/#primaryimage"},"image":{"@id":"https:\/\/aureliusjewelry.com\/de\/verlobungsring-mit-drachenfoermigem-moosachat-und-diamant-pave\/#primaryimage"},"thumbnailUrl":"https:\/\/aureliusjewelry.com\/wp-content\/uploads\/kite-moss-agate-half-eternity-engagement-ring-14k.jpg","datePublished":"2023-10-23T18:54:54+00:00","dateModified":"2026-03-19T20:52:56+00:00","breadcrumb":{"@id":"https:\/\/aureliusjewelry.com\/de\/verlobungsring-mit-drachenfoermigem-moosachat-und-diamant-pave\/#breadcrumb"},"inLanguage":"de","potentialAction":[{"@type":"ReadAction","target":["https:\/\/aureliusjewelry.com\/de\/verlobungsring-mit-drachenfoermigem-moosachat-und-diamant-pave\/"]}]},{"@type":"ImageObject","inLanguage":"de","@id":"https:\/\/aureliusjewelry.com\/de\/verlobungsring-mit-drachenfoermigem-moosachat-und-diamant-pave\/#primaryimage","url":"https:\/\/aureliusjewelry.com\/wp-content\/uploads\/kite-moss-agate-half-eternity-engagement-ring-14k.jpg","contentUrl":"https:\/\/aureliusjewelry.com\/wp-content\/uploads\/kite-moss-agate-half-eternity-engagement-ring-14k.jpg","width":1920,"height":1440},{"@type":"BreadcrumbList","@id":"https:\/\/aureliusjewelry.com\/de\/verlobungsring-mit-drachenfoermigem-moosachat-und-diamant-pave\/#breadcrumb","itemListElement":[{"@type":"ListItem","position":1,"name":"Home","item":"https:\/\/aureliusjewelry.com\/de\/"},{"@type":"ListItem","position":2,"name":"Shop","item":"https:\/\/aureliusjewelry.com\/de\/shop\/"},{"@type":"ListItem","position":3,"name":"Verlobungsring mit drachenf\u00f6rmigem Moosachat und Diamant-Pav\u00e9"}]},{"@type":"WebSite","@id":"https:\/\/aureliusjewelry.com\/de\/#website","url":"https:\/\/aureliusjewelry.com\/de\/","name":"Aurelius Jewelry","description":"Handmade Fine Gold Jewelry","publisher":{"@id":"https:\/\/aureliusjewelry.com\/de\/#organization"},"potentialAction":[{"@type":"SearchAction","target":{"@type":"EntryPoint","urlTemplate":"https:\/\/aureliusjewelry.com\/de\/?s={search_term_string}"},"query-input":{"@type":"PropertyValueSpecification","valueRequired":true,"valueName":"search_term_string"}}],"inLanguage":"de"},{"@type":"Organization","@id":"https:\/\/aureliusjewelry.com\/de\/#organization","name":"Aurelius Jewelry","url":"https:\/\/aureliusjewelry.com\/de\/","logo":{"@type":"ImageObject","inLanguage":"de","@id":"https:\/\/aureliusjewelry.com\/de\/#\/schema\/logo\/image\/","url":"https:\/\/aureliusjewelry.com\/wp-content\/uploads\/logo.png","contentUrl":"https:\/\/aureliusjewelry.com\/wp-content\/uploads\/logo.png","width":400,"height":64,"caption":"Aurelius Jewelry"},"image":{"@id":"https:\/\/aureliusjewelry.com\/de\/#\/schema\/logo\/image\/"},"sameAs":["https:\/\/www.facebook.com\/AureliusJewelry\/","https:\/\/x.com\/AureliusJewelry","https:\/\/instagram.com\/aureliusjewelry","https:\/\/www.pinterest.com\/AureliusJewelry\/"],"email":"info@aureliusjewelry.com","foundingDate":"2018-10-01","vatID":"SI10391070","hasMerchantReturnPolicy":{"@type":"MerchantReturnPolicy","merchantReturnLink":"https:\/\/aureliusjewelry.com\/our-policies\/terms-conditions\/"}}]},"og_availability":"backorder","product_availability":"available for order","product_retailer_item_id":"41076","product_condition":"new"},"_links":{"self":[{"href":"https:\/\/aureliusjewelry.com\/de\/wp-json\/wp\/v2\/product\/48312","targetHints":{"allow":["GET"]}}],"collection":[{"href":"https:\/\/aureliusjewelry.com\/de\/wp-json\/wp\/v2\/product"}],"about":[{"href":"https:\/\/aureliusjewelry.com\/de\/wp-json\/wp\/v2\/types\/product"}],"replies":[{"embeddable":true,"href":"https:\/\/aureliusjewelry.com\/de\/wp-json\/wp\/v2\/comments?post=48312"}],"wp:featuredmedia":[{"embeddable":true,"href":"https:\/\/aureliusjewelry.com\/de\/wp-json\/wp\/v2\/media\/41083"}],"wp:attachment":[{"href":"https:\/\/aureliusjewelry.com\/de\/wp-json\/wp\/v2\/media?parent=48312"}],"wp:term":[{"taxonomy":"product_brand","embeddable":true,"href":"https:\/\/aureliusjewelry.com\/de\/wp-json\/wp\/v2\/product_brand?post=48312"},{"taxonomy":"product_cat","embeddable":true,"href":"https:\/\/aureliusjewelry.com\/de\/wp-json\/wp\/v2\/product_cat?post=48312"},{"taxonomy":"product_tag","embeddable":true,"href":"https:\/\/aureliusjewelry.com\/de\/wp-json\/wp\/v2\/product_tag?post=48312"}],"curies":[{"name":"wp","href":"https:\/\/api.w.org\/{rel}","templated":true}]}}