{"id":48184,"date":"2023-11-06T15:37:25","date_gmt":"2023-11-06T13:37:25","guid":{"rendered":"http:\/\/aureliusjewelry.com\/product\/verlobungsring-mit-horizontalem-smaragdschliff-moissanit-und-blaugruenem-saphir\/"},"modified":"2026-04-14T07:25:24","modified_gmt":"2026-04-14T05:25:24","slug":"verlobungsring-mit-horizontalem-smaragdschliff-moissanit-und-blaugruenem-saphir","status":"publish","type":"product","link":"https:\/\/aureliusjewelry.com\/de\/verlobungsring-mit-horizontalem-smaragdschliff-moissanit-und-blaugruenem-saphir\/","title":{"rendered":"Verlobungsring mit horizontalem Smaragdschliff-Moissanit und blaugr\u00fcnem Saphir"},"content":{"rendered":"<p><strong>Steine<\/strong><\/p>\n<ul>\n<li>Moissanit im Smaragdschliff<\/li>\n<li>ca. 8x6mm<\/li>\n<li>blaugr\u00fcne Baguette-Saphire<\/li>\n<li>ca. 4&#215;2.5mm (2)<\/li>\n<li>gr\u00fcne Saphire im Prinzessschliff<\/li>\n<li>ca. 2x2mm (2)<\/li>\n<\/ul>\n<p><strong>Bandma\u00dfe und Material<\/strong><\/p>\n<ul>\n<li>1.5mm breit, 1.6mm dick<\/li>\n<li>erh\u00e4ltlich in 14-kar\u00e4tigem\/18-kar\u00e4tigem Gelb-, Wei\u00dfoder Ros\u00e9gold und Platin<\/li>\n<li>US-Ringgr\u00f6\u00dfe 3\u20139, kleinere oder gr\u00f6\u00dfere Gr\u00f6\u00dfen auf Anfrage erh\u00e4ltlich<\/li>\n<\/ul>\n","protected":false},"excerpt":{"rendered":"<p>Wir pr\u00e4sentieren unseren neuesten horizontalen Smaragdschliff-Verlobungsring aus Moissanit und blaugr\u00fcnem Saphir, der eine atemberaubende Alternative zu Diamanten darstellt. Es ist perfekt f\u00fcr eine zuk\u00fcnftige Braut, die sich f\u00fcr einen klassischen, m\u00fchelosen Stil mit einem Hauch von Verspieltheit interessiert. Kombinieren Sie es mit einem geschwungenen Band oder tragen Sie es einzeln \u2013 auf jeden Fall wird es eine gesch\u00e4tzte Erg\u00e4nzung jeder Schmuckkollektion sein.<\/p>\n","protected":false},"featured_media":41742,"comment_status":"open","ping_status":"closed","template":"","meta":[],"product_brand":[],"product_cat":[1498,536,1500,1503,1501,488,498,471],"product_tag":[1210,728,633,1069,1178],"class_list":{"0":"post-48184","1":"product","2":"type-product","3":"status-publish","4":"has-post-thumbnail","6":"product_cat-ost-west-verlobungsring","7":"product_cat-ringe","8":"product_cat-verlobungsring-im-smaragdschliff","9":"product_cat-verlobungsring-mit-edelsteinakzenten","10":"product_cat-verlobungsring-mit-funf-steinen","11":"product_cat-verlobungsringe","12":"product_cat-verlobungsringe-mit-moissanit","13":"product_cat-zeitgenossisch","14":"product_tag-moissanite-de","15":"product_tag-production_time_3_5-de","16":"product_tag-ringe-tag","17":"product_tag-ringe-de","18":"product_tag-smaragdschliff","20":"first","21":"onbackorder","22":"sold-individually","23":"taxable","24":"shipping-taxable","25":"purchasable","26":"product-type-variable"},"yoast_head":"<title>Verlobungsring mit horizontalem Smaragdschliff-Moissanit und blaugr\u00fcnem Saphir - Aurelius Jewelry<\/title>\n<meta name=\"robots\" content=\"index, follow, max-snippet:-1, max-image-preview:large, max-video-preview:-1\" \/>\n<link rel=\"canonical\" href=\"https:\/\/aureliusjewelry.com\/de\/verlobungsring-mit-horizontalem-smaragdschliff-moissanit-und-blaugruenem-saphir\/\" \/>\n<meta property=\"og:locale\" content=\"de_DE\" \/>\n<meta property=\"og:type\" content=\"article\" \/>\n<meta property=\"og:title\" content=\"Verlobungsring mit horizontalem Smaragdschliff-Moissanit und blaugr\u00fcnem Saphir - Aurelius Jewelry\" \/>\n<meta property=\"og:description\" content=\"%\" \/>\n<meta property=\"og:url\" content=\"https:\/\/aureliusjewelry.com\/de\/verlobungsring-mit-horizontalem-smaragdschliff-moissanit-und-blaugruenem-saphir\/\" \/>\n<meta property=\"og:site_name\" content=\"Aurelius Jewelry\" \/>\n<meta property=\"article:publisher\" content=\"https:\/\/www.facebook.com\/AureliusJewelry\/\" \/>\n<meta property=\"article:modified_time\" content=\"2026-04-14T05:25:24+00:00\" \/>\n<meta property=\"og:image\" content=\"https:\/\/aureliusjewelry.com\/wp-content\/uploads\/emerald-cut-moissanite-green-sapphire-engagement-ring.jpg\" \/>\n\t<meta property=\"og:image:width\" content=\"1920\" \/>\n\t<meta property=\"og:image:height\" content=\"1440\" \/>\n\t<meta property=\"og:image:type\" content=\"image\/jpeg\" \/>\n<meta name=\"twitter:card\" content=\"summary_large_image\" \/>\n<meta name=\"twitter:site\" content=\"@AureliusJewelry\" \/>\n<script type=\"application\/ld+json\" class=\"yoast-schema-graph\">{\"@context\":\"https:\\\/\\\/schema.org\",\"@graph\":[{\"@type\":\"WebPage\",\"@id\":\"https:\\\/\\\/aureliusjewelry.com\\\/de\\\/verlobungsring-mit-horizontalem-smaragdschliff-moissanit-und-blaugruenem-saphir\\\/\",\"url\":\"https:\\\/\\\/aureliusjewelry.com\\\/de\\\/verlobungsring-mit-horizontalem-smaragdschliff-moissanit-und-blaugruenem-saphir\\\/\",\"name\":\"Verlobungsring mit horizontalem Smaragdschliff-Moissanit und blaugr\u00fcnem Saphir - Aurelius Jewelry\",\"isPartOf\":{\"@id\":\"https:\\\/\\\/aureliusjewelry.com\\\/de\\\/#website\"},\"primaryImageOfPage\":{\"@id\":\"https:\\\/\\\/aureliusjewelry.com\\\/de\\\/verlobungsring-mit-horizontalem-smaragdschliff-moissanit-und-blaugruenem-saphir\\\/#primaryimage\"},\"image\":{\"@id\":\"https:\\\/\\\/aureliusjewelry.com\\\/de\\\/verlobungsring-mit-horizontalem-smaragdschliff-moissanit-und-blaugruenem-saphir\\\/#primaryimage\"},\"thumbnailUrl\":\"https:\\\/\\\/aureliusjewelry.com\\\/wp-content\\\/uploads\\\/emerald-cut-moissanite-green-sapphire-engagement-ring.jpg\",\"datePublished\":\"2023-11-06T13:37:25+00:00\",\"dateModified\":\"2026-04-14T05:25:24+00:00\",\"breadcrumb\":{\"@id\":\"https:\\\/\\\/aureliusjewelry.com\\\/de\\\/verlobungsring-mit-horizontalem-smaragdschliff-moissanit-und-blaugruenem-saphir\\\/#breadcrumb\"},\"inLanguage\":\"de\",\"potentialAction\":[{\"@type\":\"ReadAction\",\"target\":[\"https:\\\/\\\/aureliusjewelry.com\\\/de\\\/verlobungsring-mit-horizontalem-smaragdschliff-moissanit-und-blaugruenem-saphir\\\/\"]}]},{\"@type\":\"ImageObject\",\"inLanguage\":\"de\",\"@id\":\"https:\\\/\\\/aureliusjewelry.com\\\/de\\\/verlobungsring-mit-horizontalem-smaragdschliff-moissanit-und-blaugruenem-saphir\\\/#primaryimage\",\"url\":\"https:\\\/\\\/aureliusjewelry.com\\\/wp-content\\\/uploads\\\/emerald-cut-moissanite-green-sapphire-engagement-ring.jpg\",\"contentUrl\":\"https:\\\/\\\/aureliusjewelry.com\\\/wp-content\\\/uploads\\\/emerald-cut-moissanite-green-sapphire-engagement-ring.jpg\",\"width\":1920,\"height\":1440},{\"@type\":\"BreadcrumbList\",\"@id\":\"https:\\\/\\\/aureliusjewelry.com\\\/de\\\/verlobungsring-mit-horizontalem-smaragdschliff-moissanit-und-blaugruenem-saphir\\\/#breadcrumb\",\"itemListElement\":[{\"@type\":\"ListItem\",\"position\":1,\"name\":\"Home\",\"item\":\"https:\\\/\\\/aureliusjewelry.com\\\/de\\\/\"},{\"@type\":\"ListItem\",\"position\":2,\"name\":\"Shop\",\"item\":\"https:\\\/\\\/aureliusjewelry.com\\\/de\\\/shop\\\/\"},{\"@type\":\"ListItem\",\"position\":3,\"name\":\"Verlobungsring mit horizontalem Smaragdschliff-Moissanit und blaugr\u00fcnem Saphir\"}]},{\"@type\":\"WebSite\",\"@id\":\"https:\\\/\\\/aureliusjewelry.com\\\/de\\\/#website\",\"url\":\"https:\\\/\\\/aureliusjewelry.com\\\/de\\\/\",\"name\":\"Aurelius Jewelry\",\"description\":\"Handmade Fine Gold Jewelry\",\"publisher\":{\"@id\":\"https:\\\/\\\/aureliusjewelry.com\\\/de\\\/#organization\"},\"potentialAction\":[{\"@type\":\"SearchAction\",\"target\":{\"@type\":\"EntryPoint\",\"urlTemplate\":\"https:\\\/\\\/aureliusjewelry.com\\\/de\\\/?s={search_term_string}\"},\"query-input\":{\"@type\":\"PropertyValueSpecification\",\"valueRequired\":true,\"valueName\":\"search_term_string\"}}],\"inLanguage\":\"de\"},{\"@type\":\"Organization\",\"@id\":\"https:\\\/\\\/aureliusjewelry.com\\\/de\\\/#organization\",\"name\":\"Aurelius Jewelry\",\"url\":\"https:\\\/\\\/aureliusjewelry.com\\\/de\\\/\",\"logo\":{\"@type\":\"ImageObject\",\"inLanguage\":\"de\",\"@id\":\"https:\\\/\\\/aureliusjewelry.com\\\/de\\\/#\\\/schema\\\/logo\\\/image\\\/\",\"url\":\"https:\\\/\\\/aureliusjewelry.com\\\/wp-content\\\/uploads\\\/logo.png\",\"contentUrl\":\"https:\\\/\\\/aureliusjewelry.com\\\/wp-content\\\/uploads\\\/logo.png\",\"width\":400,\"height\":64,\"caption\":\"Aurelius Jewelry\"},\"image\":{\"@id\":\"https:\\\/\\\/aureliusjewelry.com\\\/de\\\/#\\\/schema\\\/logo\\\/image\\\/\"},\"sameAs\":[\"https:\\\/\\\/www.facebook.com\\\/AureliusJewelry\\\/\",\"https:\\\/\\\/x.com\\\/AureliusJewelry\",\"https:\\\/\\\/instagram.com\\\/aureliusjewelry\",\"https:\\\/\\\/www.pinterest.com\\\/AureliusJewelry\\\/\"],\"email\":\"info@aureliusjewelry.com\",\"foundingDate\":\"2018-10-01\",\"vatID\":\"SI10391070\",\"hasMerchantReturnPolicy\":{\"@type\":\"MerchantReturnPolicy\",\"merchantReturnLink\":\"https:\\\/\\\/aureliusjewelry.com\\\/our-policies\\\/terms-conditions\\\/\"}}]}<\/script>\n<meta property=\"og:availability\" content=\"backorder\" \/>\n<meta property=\"product:availability\" content=\"available for order\" \/>\n<meta property=\"product:retailer_item_id\" content=\"41730\" \/>\n<meta property=\"product:condition\" content=\"new\" \/>","yoast_head_json":{"title":"Verlobungsring mit horizontalem Smaragdschliff-Moissanit und blaugr\u00fcnem Saphir - Aurelius Jewelry","robots":{"index":"index","follow":"follow","max-snippet":"max-snippet:-1","max-image-preview":"max-image-preview:large","max-video-preview":"max-video-preview:-1"},"canonical":"https:\/\/aureliusjewelry.com\/de\/verlobungsring-mit-horizontalem-smaragdschliff-moissanit-und-blaugruenem-saphir\/","og_locale":"de_DE","og_type":"article","og_title":"Verlobungsring mit horizontalem Smaragdschliff-Moissanit und blaugr\u00fcnem Saphir - Aurelius Jewelry","og_description":"%","og_url":"https:\/\/aureliusjewelry.com\/de\/verlobungsring-mit-horizontalem-smaragdschliff-moissanit-und-blaugruenem-saphir\/","og_site_name":"Aurelius Jewelry","article_publisher":"https:\/\/www.facebook.com\/AureliusJewelry\/","article_modified_time":"2026-04-14T05:25:24+00:00","og_image":[{"width":1920,"height":1440,"url":"https:\/\/aureliusjewelry.com\/wp-content\/uploads\/emerald-cut-moissanite-green-sapphire-engagement-ring.jpg","type":"image\/jpeg"}],"twitter_card":"summary_large_image","twitter_site":"@AureliusJewelry","schema":{"@context":"https:\/\/schema.org","@graph":[{"@type":"WebPage","@id":"https:\/\/aureliusjewelry.com\/de\/verlobungsring-mit-horizontalem-smaragdschliff-moissanit-und-blaugruenem-saphir\/","url":"https:\/\/aureliusjewelry.com\/de\/verlobungsring-mit-horizontalem-smaragdschliff-moissanit-und-blaugruenem-saphir\/","name":"Verlobungsring mit horizontalem Smaragdschliff-Moissanit und blaugr\u00fcnem Saphir - Aurelius Jewelry","isPartOf":{"@id":"https:\/\/aureliusjewelry.com\/de\/#website"},"primaryImageOfPage":{"@id":"https:\/\/aureliusjewelry.com\/de\/verlobungsring-mit-horizontalem-smaragdschliff-moissanit-und-blaugruenem-saphir\/#primaryimage"},"image":{"@id":"https:\/\/aureliusjewelry.com\/de\/verlobungsring-mit-horizontalem-smaragdschliff-moissanit-und-blaugruenem-saphir\/#primaryimage"},"thumbnailUrl":"https:\/\/aureliusjewelry.com\/wp-content\/uploads\/emerald-cut-moissanite-green-sapphire-engagement-ring.jpg","datePublished":"2023-11-06T13:37:25+00:00","dateModified":"2026-04-14T05:25:24+00:00","breadcrumb":{"@id":"https:\/\/aureliusjewelry.com\/de\/verlobungsring-mit-horizontalem-smaragdschliff-moissanit-und-blaugruenem-saphir\/#breadcrumb"},"inLanguage":"de","potentialAction":[{"@type":"ReadAction","target":["https:\/\/aureliusjewelry.com\/de\/verlobungsring-mit-horizontalem-smaragdschliff-moissanit-und-blaugruenem-saphir\/"]}]},{"@type":"ImageObject","inLanguage":"de","@id":"https:\/\/aureliusjewelry.com\/de\/verlobungsring-mit-horizontalem-smaragdschliff-moissanit-und-blaugruenem-saphir\/#primaryimage","url":"https:\/\/aureliusjewelry.com\/wp-content\/uploads\/emerald-cut-moissanite-green-sapphire-engagement-ring.jpg","contentUrl":"https:\/\/aureliusjewelry.com\/wp-content\/uploads\/emerald-cut-moissanite-green-sapphire-engagement-ring.jpg","width":1920,"height":1440},{"@type":"BreadcrumbList","@id":"https:\/\/aureliusjewelry.com\/de\/verlobungsring-mit-horizontalem-smaragdschliff-moissanit-und-blaugruenem-saphir\/#breadcrumb","itemListElement":[{"@type":"ListItem","position":1,"name":"Home","item":"https:\/\/aureliusjewelry.com\/de\/"},{"@type":"ListItem","position":2,"name":"Shop","item":"https:\/\/aureliusjewelry.com\/de\/shop\/"},{"@type":"ListItem","position":3,"name":"Verlobungsring mit horizontalem Smaragdschliff-Moissanit und blaugr\u00fcnem Saphir"}]},{"@type":"WebSite","@id":"https:\/\/aureliusjewelry.com\/de\/#website","url":"https:\/\/aureliusjewelry.com\/de\/","name":"Aurelius Jewelry","description":"Handmade Fine Gold Jewelry","publisher":{"@id":"https:\/\/aureliusjewelry.com\/de\/#organization"},"potentialAction":[{"@type":"SearchAction","target":{"@type":"EntryPoint","urlTemplate":"https:\/\/aureliusjewelry.com\/de\/?s={search_term_string}"},"query-input":{"@type":"PropertyValueSpecification","valueRequired":true,"valueName":"search_term_string"}}],"inLanguage":"de"},{"@type":"Organization","@id":"https:\/\/aureliusjewelry.com\/de\/#organization","name":"Aurelius Jewelry","url":"https:\/\/aureliusjewelry.com\/de\/","logo":{"@type":"ImageObject","inLanguage":"de","@id":"https:\/\/aureliusjewelry.com\/de\/#\/schema\/logo\/image\/","url":"https:\/\/aureliusjewelry.com\/wp-content\/uploads\/logo.png","contentUrl":"https:\/\/aureliusjewelry.com\/wp-content\/uploads\/logo.png","width":400,"height":64,"caption":"Aurelius Jewelry"},"image":{"@id":"https:\/\/aureliusjewelry.com\/de\/#\/schema\/logo\/image\/"},"sameAs":["https:\/\/www.facebook.com\/AureliusJewelry\/","https:\/\/x.com\/AureliusJewelry","https:\/\/instagram.com\/aureliusjewelry","https:\/\/www.pinterest.com\/AureliusJewelry\/"],"email":"info@aureliusjewelry.com","foundingDate":"2018-10-01","vatID":"SI10391070","hasMerchantReturnPolicy":{"@type":"MerchantReturnPolicy","merchantReturnLink":"https:\/\/aureliusjewelry.com\/our-policies\/terms-conditions\/"}}]},"og_availability":"backorder","product_availability":"available for order","product_retailer_item_id":"41730","product_condition":"new"},"_links":{"self":[{"href":"https:\/\/aureliusjewelry.com\/de\/wp-json\/wp\/v2\/product\/48184","targetHints":{"allow":["GET"]}}],"collection":[{"href":"https:\/\/aureliusjewelry.com\/de\/wp-json\/wp\/v2\/product"}],"about":[{"href":"https:\/\/aureliusjewelry.com\/de\/wp-json\/wp\/v2\/types\/product"}],"replies":[{"embeddable":true,"href":"https:\/\/aureliusjewelry.com\/de\/wp-json\/wp\/v2\/comments?post=48184"}],"wp:featuredmedia":[{"embeddable":true,"href":"https:\/\/aureliusjewelry.com\/de\/wp-json\/wp\/v2\/media\/41742"}],"wp:attachment":[{"href":"https:\/\/aureliusjewelry.com\/de\/wp-json\/wp\/v2\/media?parent=48184"}],"wp:term":[{"taxonomy":"product_brand","embeddable":true,"href":"https:\/\/aureliusjewelry.com\/de\/wp-json\/wp\/v2\/product_brand?post=48184"},{"taxonomy":"product_cat","embeddable":true,"href":"https:\/\/aureliusjewelry.com\/de\/wp-json\/wp\/v2\/product_cat?post=48184"},{"taxonomy":"product_tag","embeddable":true,"href":"https:\/\/aureliusjewelry.com\/de\/wp-json\/wp\/v2\/product_tag?post=48184"}],"curies":[{"name":"wp","href":"https:\/\/api.w.org\/{rel}","templated":true}]}}