{"id":48136,"date":"2023-10-04T16:52:42","date_gmt":"2023-10-04T14:52:42","guid":{"rendered":"http:\/\/aureliusjewelry.com\/product\/sechseckiger-lapislazuli-edelstein-in-ohrsteckern\/"},"modified":"2026-04-02T22:29:11","modified_gmt":"2026-04-02T20:29:11","slug":"sechseckiger-lapislazuli-edelstein-in-ohrsteckern","status":"publish","type":"product","link":"https:\/\/aureliusjewelry.com\/de\/sechseckiger-lapislazuli-edelstein-in-ohrsteckern\/","title":{"rendered":"Sechseckiger Lapislazuli-Edelstein in Ohrsteckern"},"content":{"rendered":"<p><strong>Steine<\/strong><\/p>\n<ul>\n<li>sechseckiger Lapislazuli<\/li>\n<li>ca. 8x7mm (2)<\/li>\n<\/ul>\n<p><strong>Ohrringma\u00dfe und Material<\/strong><\/p>\n<ul>\n<li>ca. 8mm<\/li>\n<li>erh\u00e4ltlich in 14 Karat Gelb-, Wei\u00dfoder Ros\u00e9gold<\/li>\n<\/ul>\n","protected":false},"excerpt":{"rendered":"<p>Unser atemberaubendes Paar sechseckiger Lapislazuli-Ohrstecker verleiht Ihrem Stil eine frische Brise. Lapislazuli wurde von den alten \u00c4gyptern, Mesopotamiern und sp\u00e4ter von den Griechen und R\u00f6mern wegen der Brillanz seiner Farbe verehrt und ist selbst in modernen Schmuckst\u00fccken immer noch eine beliebte Wahl. Die Lapis-Ohrstecker sind ein tolles Jubil\u00e4ums- oder Geburtstagsgeschenk f\u00fcr Sie oder Ihre Liebsten, die einzigartigen Schmuck zu sch\u00e4tzen wissen.<\/p>\n","protected":false},"featured_media":39830,"comment_status":"open","ping_status":"closed","template":"","meta":[],"product_brand":[],"product_cat":[527,1143,534],"product_tag":[1071,728,1070],"class_list":{"0":"post-48136","1":"product","2":"type-product","3":"status-publish","4":"has-post-thumbnail","6":"product_cat-feiner-schmuck","7":"product_cat-lapislazuli-ohrringe","8":"product_cat-ohrringe","9":"product_tag-lapis-lazuli-de","10":"product_tag-production_time_3_5-de","11":"product_tag-sechseck","13":"first","14":"onbackorder","15":"sold-individually","16":"taxable","17":"shipping-taxable","18":"purchasable","19":"product-type-variable"},"yoast_head":"<title>Sechseckiger Lapislazuli-Edelstein in Ohrsteckern - Aurelius Jewelry<\/title>\n<meta name=\"robots\" content=\"index, follow, max-snippet:-1, max-image-preview:large, max-video-preview:-1\" \/>\n<link rel=\"canonical\" href=\"https:\/\/aureliusjewelry.com\/de\/sechseckiger-lapislazuli-edelstein-in-ohrsteckern\/\" \/>\n<meta property=\"og:locale\" content=\"de_DE\" \/>\n<meta property=\"og:type\" content=\"article\" \/>\n<meta property=\"og:title\" content=\"Sechseckiger Lapislazuli-Edelstein in Ohrsteckern - Aurelius Jewelry\" \/>\n<meta property=\"og:description\" content=\"%\" \/>\n<meta property=\"og:url\" content=\"https:\/\/aureliusjewelry.com\/de\/sechseckiger-lapislazuli-edelstein-in-ohrsteckern\/\" \/>\n<meta property=\"og:site_name\" content=\"Aurelius Jewelry\" \/>\n<meta property=\"article:publisher\" content=\"https:\/\/www.facebook.com\/AureliusJewelry\/\" \/>\n<meta property=\"article:modified_time\" content=\"2026-04-02T20:29:11+00:00\" \/>\n<meta property=\"og:image\" content=\"https:\/\/aureliusjewelry.com\/wp-content\/uploads\/hexagon-lapis-lazuli-earrings-14k-gold.jpg\" \/>\n\t<meta property=\"og:image:width\" content=\"1920\" \/>\n\t<meta property=\"og:image:height\" content=\"1440\" \/>\n\t<meta property=\"og:image:type\" content=\"image\/jpeg\" \/>\n<meta name=\"twitter:card\" content=\"summary_large_image\" \/>\n<meta name=\"twitter:site\" content=\"@AureliusJewelry\" \/>\n<script type=\"application\/ld+json\" class=\"yoast-schema-graph\">{\"@context\":\"https:\\\/\\\/schema.org\",\"@graph\":[{\"@type\":\"WebPage\",\"@id\":\"https:\\\/\\\/aureliusjewelry.com\\\/de\\\/sechseckiger-lapislazuli-edelstein-in-ohrsteckern\\\/\",\"url\":\"https:\\\/\\\/aureliusjewelry.com\\\/de\\\/sechseckiger-lapislazuli-edelstein-in-ohrsteckern\\\/\",\"name\":\"Sechseckiger Lapislazuli-Edelstein in Ohrsteckern - Aurelius Jewelry\",\"isPartOf\":{\"@id\":\"https:\\\/\\\/aureliusjewelry.com\\\/de\\\/#website\"},\"primaryImageOfPage\":{\"@id\":\"https:\\\/\\\/aureliusjewelry.com\\\/de\\\/sechseckiger-lapislazuli-edelstein-in-ohrsteckern\\\/#primaryimage\"},\"image\":{\"@id\":\"https:\\\/\\\/aureliusjewelry.com\\\/de\\\/sechseckiger-lapislazuli-edelstein-in-ohrsteckern\\\/#primaryimage\"},\"thumbnailUrl\":\"https:\\\/\\\/aureliusjewelry.com\\\/wp-content\\\/uploads\\\/hexagon-lapis-lazuli-earrings-14k-gold.jpg\",\"datePublished\":\"2023-10-04T14:52:42+00:00\",\"dateModified\":\"2026-04-02T20:29:11+00:00\",\"breadcrumb\":{\"@id\":\"https:\\\/\\\/aureliusjewelry.com\\\/de\\\/sechseckiger-lapislazuli-edelstein-in-ohrsteckern\\\/#breadcrumb\"},\"inLanguage\":\"de\",\"potentialAction\":[{\"@type\":\"ReadAction\",\"target\":[\"https:\\\/\\\/aureliusjewelry.com\\\/de\\\/sechseckiger-lapislazuli-edelstein-in-ohrsteckern\\\/\"]}]},{\"@type\":\"ImageObject\",\"inLanguage\":\"de\",\"@id\":\"https:\\\/\\\/aureliusjewelry.com\\\/de\\\/sechseckiger-lapislazuli-edelstein-in-ohrsteckern\\\/#primaryimage\",\"url\":\"https:\\\/\\\/aureliusjewelry.com\\\/wp-content\\\/uploads\\\/hexagon-lapis-lazuli-earrings-14k-gold.jpg\",\"contentUrl\":\"https:\\\/\\\/aureliusjewelry.com\\\/wp-content\\\/uploads\\\/hexagon-lapis-lazuli-earrings-14k-gold.jpg\",\"width\":1920,\"height\":1440},{\"@type\":\"BreadcrumbList\",\"@id\":\"https:\\\/\\\/aureliusjewelry.com\\\/de\\\/sechseckiger-lapislazuli-edelstein-in-ohrsteckern\\\/#breadcrumb\",\"itemListElement\":[{\"@type\":\"ListItem\",\"position\":1,\"name\":\"Home\",\"item\":\"https:\\\/\\\/aureliusjewelry.com\\\/de\\\/\"},{\"@type\":\"ListItem\",\"position\":2,\"name\":\"Shop\",\"item\":\"https:\\\/\\\/aureliusjewelry.com\\\/de\\\/shop\\\/\"},{\"@type\":\"ListItem\",\"position\":3,\"name\":\"Sechseckiger Lapislazuli-Edelstein in Ohrsteckern\"}]},{\"@type\":\"WebSite\",\"@id\":\"https:\\\/\\\/aureliusjewelry.com\\\/de\\\/#website\",\"url\":\"https:\\\/\\\/aureliusjewelry.com\\\/de\\\/\",\"name\":\"Aurelius Jewelry\",\"description\":\"Handmade Fine Gold Jewelry\",\"publisher\":{\"@id\":\"https:\\\/\\\/aureliusjewelry.com\\\/de\\\/#organization\"},\"potentialAction\":[{\"@type\":\"SearchAction\",\"target\":{\"@type\":\"EntryPoint\",\"urlTemplate\":\"https:\\\/\\\/aureliusjewelry.com\\\/de\\\/?s={search_term_string}\"},\"query-input\":{\"@type\":\"PropertyValueSpecification\",\"valueRequired\":true,\"valueName\":\"search_term_string\"}}],\"inLanguage\":\"de\"},{\"@type\":\"Organization\",\"@id\":\"https:\\\/\\\/aureliusjewelry.com\\\/de\\\/#organization\",\"name\":\"Aurelius Jewelry\",\"url\":\"https:\\\/\\\/aureliusjewelry.com\\\/de\\\/\",\"logo\":{\"@type\":\"ImageObject\",\"inLanguage\":\"de\",\"@id\":\"https:\\\/\\\/aureliusjewelry.com\\\/de\\\/#\\\/schema\\\/logo\\\/image\\\/\",\"url\":\"https:\\\/\\\/aureliusjewelry.com\\\/wp-content\\\/uploads\\\/logo.png\",\"contentUrl\":\"https:\\\/\\\/aureliusjewelry.com\\\/wp-content\\\/uploads\\\/logo.png\",\"width\":400,\"height\":64,\"caption\":\"Aurelius Jewelry\"},\"image\":{\"@id\":\"https:\\\/\\\/aureliusjewelry.com\\\/de\\\/#\\\/schema\\\/logo\\\/image\\\/\"},\"sameAs\":[\"https:\\\/\\\/www.facebook.com\\\/AureliusJewelry\\\/\",\"https:\\\/\\\/x.com\\\/AureliusJewelry\",\"https:\\\/\\\/instagram.com\\\/aureliusjewelry\",\"https:\\\/\\\/www.pinterest.com\\\/AureliusJewelry\\\/\"],\"email\":\"info@aureliusjewelry.com\",\"foundingDate\":\"2018-10-01\",\"vatID\":\"SI10391070\",\"hasMerchantReturnPolicy\":{\"@type\":\"MerchantReturnPolicy\",\"merchantReturnLink\":\"https:\\\/\\\/aureliusjewelry.com\\\/our-policies\\\/terms-conditions\\\/\"}}]}<\/script>\n<meta property=\"og:availability\" content=\"backorder\" \/>\n<meta property=\"product:availability\" content=\"available for order\" \/>\n<meta property=\"product:retailer_item_id\" content=\"39822\" \/>\n<meta property=\"product:condition\" content=\"new\" \/>","yoast_head_json":{"title":"Sechseckiger Lapislazuli-Edelstein in Ohrsteckern - Aurelius Jewelry","robots":{"index":"index","follow":"follow","max-snippet":"max-snippet:-1","max-image-preview":"max-image-preview:large","max-video-preview":"max-video-preview:-1"},"canonical":"https:\/\/aureliusjewelry.com\/de\/sechseckiger-lapislazuli-edelstein-in-ohrsteckern\/","og_locale":"de_DE","og_type":"article","og_title":"Sechseckiger Lapislazuli-Edelstein in Ohrsteckern - Aurelius Jewelry","og_description":"%","og_url":"https:\/\/aureliusjewelry.com\/de\/sechseckiger-lapislazuli-edelstein-in-ohrsteckern\/","og_site_name":"Aurelius Jewelry","article_publisher":"https:\/\/www.facebook.com\/AureliusJewelry\/","article_modified_time":"2026-04-02T20:29:11+00:00","og_image":[{"width":1920,"height":1440,"url":"https:\/\/aureliusjewelry.com\/wp-content\/uploads\/hexagon-lapis-lazuli-earrings-14k-gold.jpg","type":"image\/jpeg"}],"twitter_card":"summary_large_image","twitter_site":"@AureliusJewelry","schema":{"@context":"https:\/\/schema.org","@graph":[{"@type":"WebPage","@id":"https:\/\/aureliusjewelry.com\/de\/sechseckiger-lapislazuli-edelstein-in-ohrsteckern\/","url":"https:\/\/aureliusjewelry.com\/de\/sechseckiger-lapislazuli-edelstein-in-ohrsteckern\/","name":"Sechseckiger Lapislazuli-Edelstein in Ohrsteckern - Aurelius Jewelry","isPartOf":{"@id":"https:\/\/aureliusjewelry.com\/de\/#website"},"primaryImageOfPage":{"@id":"https:\/\/aureliusjewelry.com\/de\/sechseckiger-lapislazuli-edelstein-in-ohrsteckern\/#primaryimage"},"image":{"@id":"https:\/\/aureliusjewelry.com\/de\/sechseckiger-lapislazuli-edelstein-in-ohrsteckern\/#primaryimage"},"thumbnailUrl":"https:\/\/aureliusjewelry.com\/wp-content\/uploads\/hexagon-lapis-lazuli-earrings-14k-gold.jpg","datePublished":"2023-10-04T14:52:42+00:00","dateModified":"2026-04-02T20:29:11+00:00","breadcrumb":{"@id":"https:\/\/aureliusjewelry.com\/de\/sechseckiger-lapislazuli-edelstein-in-ohrsteckern\/#breadcrumb"},"inLanguage":"de","potentialAction":[{"@type":"ReadAction","target":["https:\/\/aureliusjewelry.com\/de\/sechseckiger-lapislazuli-edelstein-in-ohrsteckern\/"]}]},{"@type":"ImageObject","inLanguage":"de","@id":"https:\/\/aureliusjewelry.com\/de\/sechseckiger-lapislazuli-edelstein-in-ohrsteckern\/#primaryimage","url":"https:\/\/aureliusjewelry.com\/wp-content\/uploads\/hexagon-lapis-lazuli-earrings-14k-gold.jpg","contentUrl":"https:\/\/aureliusjewelry.com\/wp-content\/uploads\/hexagon-lapis-lazuli-earrings-14k-gold.jpg","width":1920,"height":1440},{"@type":"BreadcrumbList","@id":"https:\/\/aureliusjewelry.com\/de\/sechseckiger-lapislazuli-edelstein-in-ohrsteckern\/#breadcrumb","itemListElement":[{"@type":"ListItem","position":1,"name":"Home","item":"https:\/\/aureliusjewelry.com\/de\/"},{"@type":"ListItem","position":2,"name":"Shop","item":"https:\/\/aureliusjewelry.com\/de\/shop\/"},{"@type":"ListItem","position":3,"name":"Sechseckiger Lapislazuli-Edelstein in Ohrsteckern"}]},{"@type":"WebSite","@id":"https:\/\/aureliusjewelry.com\/de\/#website","url":"https:\/\/aureliusjewelry.com\/de\/","name":"Aurelius Jewelry","description":"Handmade Fine Gold Jewelry","publisher":{"@id":"https:\/\/aureliusjewelry.com\/de\/#organization"},"potentialAction":[{"@type":"SearchAction","target":{"@type":"EntryPoint","urlTemplate":"https:\/\/aureliusjewelry.com\/de\/?s={search_term_string}"},"query-input":{"@type":"PropertyValueSpecification","valueRequired":true,"valueName":"search_term_string"}}],"inLanguage":"de"},{"@type":"Organization","@id":"https:\/\/aureliusjewelry.com\/de\/#organization","name":"Aurelius Jewelry","url":"https:\/\/aureliusjewelry.com\/de\/","logo":{"@type":"ImageObject","inLanguage":"de","@id":"https:\/\/aureliusjewelry.com\/de\/#\/schema\/logo\/image\/","url":"https:\/\/aureliusjewelry.com\/wp-content\/uploads\/logo.png","contentUrl":"https:\/\/aureliusjewelry.com\/wp-content\/uploads\/logo.png","width":400,"height":64,"caption":"Aurelius Jewelry"},"image":{"@id":"https:\/\/aureliusjewelry.com\/de\/#\/schema\/logo\/image\/"},"sameAs":["https:\/\/www.facebook.com\/AureliusJewelry\/","https:\/\/x.com\/AureliusJewelry","https:\/\/instagram.com\/aureliusjewelry","https:\/\/www.pinterest.com\/AureliusJewelry\/"],"email":"info@aureliusjewelry.com","foundingDate":"2018-10-01","vatID":"SI10391070","hasMerchantReturnPolicy":{"@type":"MerchantReturnPolicy","merchantReturnLink":"https:\/\/aureliusjewelry.com\/our-policies\/terms-conditions\/"}}]},"og_availability":"backorder","product_availability":"available for order","product_retailer_item_id":"39822","product_condition":"new"},"_links":{"self":[{"href":"https:\/\/aureliusjewelry.com\/de\/wp-json\/wp\/v2\/product\/48136","targetHints":{"allow":["GET"]}}],"collection":[{"href":"https:\/\/aureliusjewelry.com\/de\/wp-json\/wp\/v2\/product"}],"about":[{"href":"https:\/\/aureliusjewelry.com\/de\/wp-json\/wp\/v2\/types\/product"}],"replies":[{"embeddable":true,"href":"https:\/\/aureliusjewelry.com\/de\/wp-json\/wp\/v2\/comments?post=48136"}],"wp:featuredmedia":[{"embeddable":true,"href":"https:\/\/aureliusjewelry.com\/de\/wp-json\/wp\/v2\/media\/39830"}],"wp:attachment":[{"href":"https:\/\/aureliusjewelry.com\/de\/wp-json\/wp\/v2\/media?parent=48136"}],"wp:term":[{"taxonomy":"product_brand","embeddable":true,"href":"https:\/\/aureliusjewelry.com\/de\/wp-json\/wp\/v2\/product_brand?post=48136"},{"taxonomy":"product_cat","embeddable":true,"href":"https:\/\/aureliusjewelry.com\/de\/wp-json\/wp\/v2\/product_cat?post=48136"},{"taxonomy":"product_tag","embeddable":true,"href":"https:\/\/aureliusjewelry.com\/de\/wp-json\/wp\/v2\/product_tag?post=48136"}],"curies":[{"name":"wp","href":"https:\/\/api.w.org\/{rel}","templated":true}]}}