{"id":46028,"date":"2023-09-02T08:29:49","date_gmt":"2023-09-02T06:29:49","guid":{"rendered":"http:\/\/aureliusjewelry.com\/product\/kite-halbe-ewigkeit-verlobungsring-mit-alexandriten-und-diamanten\/"},"modified":"2026-03-20T16:56:51","modified_gmt":"2026-03-20T14:56:51","slug":"kite-halbe-ewigkeit-verlobungsring-mit-alexandriten-und-diamanten","status":"publish","type":"product","link":"https:\/\/aureliusjewelry.com\/de\/kite-halbe-ewigkeit-verlobungsring-mit-alexandriten-und-diamanten\/","title":{"rendered":"Kite Halbe-Ewigkeit-Verlobungsring mit Alexandriten und Diamanten"},"content":{"rendered":"<p><strong>Steine<\/strong><\/p>\n<ul>\n<li>Kite Lab-Alexandrit<\/li>\n<li>ca. 8x6mm<\/li>\n<li>runde Diamanten<\/li>\n<li>ca. 1mm (20)<\/li>\n<li>F\/G-Farbe, VS-Klarheit, konfliktfrei<\/li>\n<\/ul>\n<p><strong>Bandma\u00dfe und Material<\/strong><\/p>\n<ul>\n<li>1.5mm breit, 1.6mm dick<\/li>\n<li>erh\u00e4ltlich in 14-kar\u00e4tigem\/18-kar\u00e4tigem Gelb-, Wei\u00dfoder Ros\u00e9gold und Platin<\/li>\n<li>US-Ringgr\u00f6\u00dfe 3\u20139, kleinere oder gr\u00f6\u00dfere Gr\u00f6\u00dfen auf Anfrage erh\u00e4ltlich<\/li>\n<\/ul>\n","protected":false},"excerpt":{"rendered":"<p>Sage &#8222;JA&#8220; zu unserem Kite Halbe-Ewigkeit-Verlobungsring mit Alexandriten und Diamanten. Sein Herzst\u00fcck ist ein faszinierender, farbwechselnder Labor-Alexandrit. Dieser einzigartige Geburtsstein steht f\u00fcr alle, die im Monat Juni feiern. Er wechselt von einem k\u00fchlen Gr\u00fcnton bei Tageslicht zu einem satten Purpurrot bei Gl\u00fchlampenlicht und symbolisiert damit Anpassungsf\u00e4higkeit. Der Alexandrit wird von einem diamantenen Band mit halber Ewigkeit umrahmt, das ihm einen Hauch von Glanz verleiht. Lass ihn ein strahlendes Symbol f\u00fcr deine einzigartige Liebesgeschichte sein!<\/p>\n","protected":false},"featured_media":37221,"comment_status":"open","ping_status":"closed","template":"","meta":[],"product_brand":[],"product_cat":[1611,1510,1536,1505,1507,536,488,840,471],"product_tag":[1154,1192,728,1069,633],"class_list":{"0":"post-46028","1":"product","2":"type-product","3":"status-publish","4":"has-post-thumbnail","6":"product_cat-bestseller","7":"product_cat-drachen-verlobungsring","8":"product_cat-einzigartige-verlobungsringe","9":"product_cat-eternity-band-verlobungsring","10":"product_cat-geometrische-verlobungsringe","11":"product_cat-ringe","12":"product_cat-verlobungsringe","13":"product_cat-verlobungsringe-mit-alexandrit","14":"product_cat-zeitgenossisch","15":"product_tag-alexandrit-de","16":"product_tag-drachen","17":"product_tag-production_time_3_5-de","18":"product_tag-ringe-de","19":"product_tag-ringe-tag","21":"first","22":"onbackorder","23":"sold-individually","24":"taxable","25":"shipping-taxable","26":"purchasable","27":"product-type-variable"},"yoast_head":"<title>Kite Halbe-Ewigkeit-Verlobungsring mit Alexandriten und Diamanten - Aurelius Jewelry<\/title>\n<meta name=\"robots\" content=\"index, follow, max-snippet:-1, max-image-preview:large, max-video-preview:-1\" \/>\n<link rel=\"canonical\" href=\"https:\/\/aureliusjewelry.com\/de\/kite-halbe-ewigkeit-verlobungsring-mit-alexandriten-und-diamanten\/\" \/>\n<meta property=\"og:locale\" content=\"de_DE\" \/>\n<meta property=\"og:type\" content=\"article\" \/>\n<meta property=\"og:title\" content=\"Kite Halbe-Ewigkeit-Verlobungsring mit Alexandriten und Diamanten - Aurelius Jewelry\" \/>\n<meta property=\"og:description\" content=\"%\" \/>\n<meta property=\"og:url\" content=\"https:\/\/aureliusjewelry.com\/de\/kite-halbe-ewigkeit-verlobungsring-mit-alexandriten-und-diamanten\/\" \/>\n<meta property=\"og:site_name\" content=\"Aurelius Jewelry\" \/>\n<meta property=\"article:publisher\" content=\"https:\/\/www.facebook.com\/AureliusJewelry\/\" \/>\n<meta property=\"article:modified_time\" content=\"2026-03-20T14:56:51+00:00\" \/>\n<meta property=\"og:image\" content=\"https:\/\/aureliusjewelry.com\/wp-content\/uploads\/kite-alexandite-engagement-ring-18k-yellow-gold.jpg\" \/>\n\t<meta property=\"og:image:width\" content=\"1920\" \/>\n\t<meta property=\"og:image:height\" content=\"1440\" \/>\n\t<meta property=\"og:image:type\" content=\"image\/jpeg\" \/>\n<meta name=\"twitter:card\" content=\"summary_large_image\" \/>\n<meta name=\"twitter:site\" content=\"@AureliusJewelry\" \/>\n<script type=\"application\/ld+json\" class=\"yoast-schema-graph\">{\"@context\":\"https:\\\/\\\/schema.org\",\"@graph\":[{\"@type\":\"WebPage\",\"@id\":\"https:\\\/\\\/aureliusjewelry.com\\\/de\\\/kite-halbe-ewigkeit-verlobungsring-mit-alexandriten-und-diamanten\\\/\",\"url\":\"https:\\\/\\\/aureliusjewelry.com\\\/de\\\/kite-halbe-ewigkeit-verlobungsring-mit-alexandriten-und-diamanten\\\/\",\"name\":\"Kite Halbe-Ewigkeit-Verlobungsring mit Alexandriten und Diamanten - Aurelius Jewelry\",\"isPartOf\":{\"@id\":\"https:\\\/\\\/aureliusjewelry.com\\\/de\\\/#website\"},\"primaryImageOfPage\":{\"@id\":\"https:\\\/\\\/aureliusjewelry.com\\\/de\\\/kite-halbe-ewigkeit-verlobungsring-mit-alexandriten-und-diamanten\\\/#primaryimage\"},\"image\":{\"@id\":\"https:\\\/\\\/aureliusjewelry.com\\\/de\\\/kite-halbe-ewigkeit-verlobungsring-mit-alexandriten-und-diamanten\\\/#primaryimage\"},\"thumbnailUrl\":\"https:\\\/\\\/aureliusjewelry.com\\\/wp-content\\\/uploads\\\/kite-alexandite-engagement-ring-18k-yellow-gold.jpg\",\"datePublished\":\"2023-09-02T06:29:49+00:00\",\"dateModified\":\"2026-03-20T14:56:51+00:00\",\"breadcrumb\":{\"@id\":\"https:\\\/\\\/aureliusjewelry.com\\\/de\\\/kite-halbe-ewigkeit-verlobungsring-mit-alexandriten-und-diamanten\\\/#breadcrumb\"},\"inLanguage\":\"de\",\"potentialAction\":[{\"@type\":\"ReadAction\",\"target\":[\"https:\\\/\\\/aureliusjewelry.com\\\/de\\\/kite-halbe-ewigkeit-verlobungsring-mit-alexandriten-und-diamanten\\\/\"]}]},{\"@type\":\"ImageObject\",\"inLanguage\":\"de\",\"@id\":\"https:\\\/\\\/aureliusjewelry.com\\\/de\\\/kite-halbe-ewigkeit-verlobungsring-mit-alexandriten-und-diamanten\\\/#primaryimage\",\"url\":\"https:\\\/\\\/aureliusjewelry.com\\\/wp-content\\\/uploads\\\/kite-alexandite-engagement-ring-18k-yellow-gold.jpg\",\"contentUrl\":\"https:\\\/\\\/aureliusjewelry.com\\\/wp-content\\\/uploads\\\/kite-alexandite-engagement-ring-18k-yellow-gold.jpg\",\"width\":1920,\"height\":1440},{\"@type\":\"BreadcrumbList\",\"@id\":\"https:\\\/\\\/aureliusjewelry.com\\\/de\\\/kite-halbe-ewigkeit-verlobungsring-mit-alexandriten-und-diamanten\\\/#breadcrumb\",\"itemListElement\":[{\"@type\":\"ListItem\",\"position\":1,\"name\":\"Home\",\"item\":\"https:\\\/\\\/aureliusjewelry.com\\\/de\\\/\"},{\"@type\":\"ListItem\",\"position\":2,\"name\":\"Shop\",\"item\":\"https:\\\/\\\/aureliusjewelry.com\\\/de\\\/shop\\\/\"},{\"@type\":\"ListItem\",\"position\":3,\"name\":\"Kite Halbe-Ewigkeit-Verlobungsring mit Alexandriten und Diamanten\"}]},{\"@type\":\"WebSite\",\"@id\":\"https:\\\/\\\/aureliusjewelry.com\\\/de\\\/#website\",\"url\":\"https:\\\/\\\/aureliusjewelry.com\\\/de\\\/\",\"name\":\"Aurelius Jewelry\",\"description\":\"Handmade Fine Gold Jewelry\",\"publisher\":{\"@id\":\"https:\\\/\\\/aureliusjewelry.com\\\/de\\\/#organization\"},\"potentialAction\":[{\"@type\":\"SearchAction\",\"target\":{\"@type\":\"EntryPoint\",\"urlTemplate\":\"https:\\\/\\\/aureliusjewelry.com\\\/de\\\/?s={search_term_string}\"},\"query-input\":{\"@type\":\"PropertyValueSpecification\",\"valueRequired\":true,\"valueName\":\"search_term_string\"}}],\"inLanguage\":\"de\"},{\"@type\":\"Organization\",\"@id\":\"https:\\\/\\\/aureliusjewelry.com\\\/de\\\/#organization\",\"name\":\"Aurelius Jewelry\",\"url\":\"https:\\\/\\\/aureliusjewelry.com\\\/de\\\/\",\"logo\":{\"@type\":\"ImageObject\",\"inLanguage\":\"de\",\"@id\":\"https:\\\/\\\/aureliusjewelry.com\\\/de\\\/#\\\/schema\\\/logo\\\/image\\\/\",\"url\":\"https:\\\/\\\/aureliusjewelry.com\\\/wp-content\\\/uploads\\\/logo.png\",\"contentUrl\":\"https:\\\/\\\/aureliusjewelry.com\\\/wp-content\\\/uploads\\\/logo.png\",\"width\":400,\"height\":64,\"caption\":\"Aurelius Jewelry\"},\"image\":{\"@id\":\"https:\\\/\\\/aureliusjewelry.com\\\/de\\\/#\\\/schema\\\/logo\\\/image\\\/\"},\"sameAs\":[\"https:\\\/\\\/www.facebook.com\\\/AureliusJewelry\\\/\",\"https:\\\/\\\/x.com\\\/AureliusJewelry\",\"https:\\\/\\\/instagram.com\\\/aureliusjewelry\",\"https:\\\/\\\/www.pinterest.com\\\/AureliusJewelry\\\/\"],\"email\":\"info@aureliusjewelry.com\",\"foundingDate\":\"2018-10-01\",\"vatID\":\"SI10391070\",\"hasMerchantReturnPolicy\":{\"@type\":\"MerchantReturnPolicy\",\"merchantReturnLink\":\"https:\\\/\\\/aureliusjewelry.com\\\/our-policies\\\/terms-conditions\\\/\"}}]}<\/script>\n<meta property=\"og:availability\" content=\"backorder\" \/>\n<meta property=\"product:availability\" content=\"available for order\" \/>\n<meta property=\"product:retailer_item_id\" content=\"37208\" \/>\n<meta property=\"product:condition\" content=\"new\" \/>","yoast_head_json":{"title":"Kite Halbe-Ewigkeit-Verlobungsring mit Alexandriten und Diamanten - Aurelius Jewelry","robots":{"index":"index","follow":"follow","max-snippet":"max-snippet:-1","max-image-preview":"max-image-preview:large","max-video-preview":"max-video-preview:-1"},"canonical":"https:\/\/aureliusjewelry.com\/de\/kite-halbe-ewigkeit-verlobungsring-mit-alexandriten-und-diamanten\/","og_locale":"de_DE","og_type":"article","og_title":"Kite Halbe-Ewigkeit-Verlobungsring mit Alexandriten und Diamanten - Aurelius Jewelry","og_description":"%","og_url":"https:\/\/aureliusjewelry.com\/de\/kite-halbe-ewigkeit-verlobungsring-mit-alexandriten-und-diamanten\/","og_site_name":"Aurelius Jewelry","article_publisher":"https:\/\/www.facebook.com\/AureliusJewelry\/","article_modified_time":"2026-03-20T14:56:51+00:00","og_image":[{"width":1920,"height":1440,"url":"https:\/\/aureliusjewelry.com\/wp-content\/uploads\/kite-alexandite-engagement-ring-18k-yellow-gold.jpg","type":"image\/jpeg"}],"twitter_card":"summary_large_image","twitter_site":"@AureliusJewelry","schema":{"@context":"https:\/\/schema.org","@graph":[{"@type":"WebPage","@id":"https:\/\/aureliusjewelry.com\/de\/kite-halbe-ewigkeit-verlobungsring-mit-alexandriten-und-diamanten\/","url":"https:\/\/aureliusjewelry.com\/de\/kite-halbe-ewigkeit-verlobungsring-mit-alexandriten-und-diamanten\/","name":"Kite Halbe-Ewigkeit-Verlobungsring mit Alexandriten und Diamanten - Aurelius Jewelry","isPartOf":{"@id":"https:\/\/aureliusjewelry.com\/de\/#website"},"primaryImageOfPage":{"@id":"https:\/\/aureliusjewelry.com\/de\/kite-halbe-ewigkeit-verlobungsring-mit-alexandriten-und-diamanten\/#primaryimage"},"image":{"@id":"https:\/\/aureliusjewelry.com\/de\/kite-halbe-ewigkeit-verlobungsring-mit-alexandriten-und-diamanten\/#primaryimage"},"thumbnailUrl":"https:\/\/aureliusjewelry.com\/wp-content\/uploads\/kite-alexandite-engagement-ring-18k-yellow-gold.jpg","datePublished":"2023-09-02T06:29:49+00:00","dateModified":"2026-03-20T14:56:51+00:00","breadcrumb":{"@id":"https:\/\/aureliusjewelry.com\/de\/kite-halbe-ewigkeit-verlobungsring-mit-alexandriten-und-diamanten\/#breadcrumb"},"inLanguage":"de","potentialAction":[{"@type":"ReadAction","target":["https:\/\/aureliusjewelry.com\/de\/kite-halbe-ewigkeit-verlobungsring-mit-alexandriten-und-diamanten\/"]}]},{"@type":"ImageObject","inLanguage":"de","@id":"https:\/\/aureliusjewelry.com\/de\/kite-halbe-ewigkeit-verlobungsring-mit-alexandriten-und-diamanten\/#primaryimage","url":"https:\/\/aureliusjewelry.com\/wp-content\/uploads\/kite-alexandite-engagement-ring-18k-yellow-gold.jpg","contentUrl":"https:\/\/aureliusjewelry.com\/wp-content\/uploads\/kite-alexandite-engagement-ring-18k-yellow-gold.jpg","width":1920,"height":1440},{"@type":"BreadcrumbList","@id":"https:\/\/aureliusjewelry.com\/de\/kite-halbe-ewigkeit-verlobungsring-mit-alexandriten-und-diamanten\/#breadcrumb","itemListElement":[{"@type":"ListItem","position":1,"name":"Home","item":"https:\/\/aureliusjewelry.com\/de\/"},{"@type":"ListItem","position":2,"name":"Shop","item":"https:\/\/aureliusjewelry.com\/de\/shop\/"},{"@type":"ListItem","position":3,"name":"Kite Halbe-Ewigkeit-Verlobungsring mit Alexandriten und Diamanten"}]},{"@type":"WebSite","@id":"https:\/\/aureliusjewelry.com\/de\/#website","url":"https:\/\/aureliusjewelry.com\/de\/","name":"Aurelius Jewelry","description":"Handmade Fine Gold Jewelry","publisher":{"@id":"https:\/\/aureliusjewelry.com\/de\/#organization"},"potentialAction":[{"@type":"SearchAction","target":{"@type":"EntryPoint","urlTemplate":"https:\/\/aureliusjewelry.com\/de\/?s={search_term_string}"},"query-input":{"@type":"PropertyValueSpecification","valueRequired":true,"valueName":"search_term_string"}}],"inLanguage":"de"},{"@type":"Organization","@id":"https:\/\/aureliusjewelry.com\/de\/#organization","name":"Aurelius Jewelry","url":"https:\/\/aureliusjewelry.com\/de\/","logo":{"@type":"ImageObject","inLanguage":"de","@id":"https:\/\/aureliusjewelry.com\/de\/#\/schema\/logo\/image\/","url":"https:\/\/aureliusjewelry.com\/wp-content\/uploads\/logo.png","contentUrl":"https:\/\/aureliusjewelry.com\/wp-content\/uploads\/logo.png","width":400,"height":64,"caption":"Aurelius Jewelry"},"image":{"@id":"https:\/\/aureliusjewelry.com\/de\/#\/schema\/logo\/image\/"},"sameAs":["https:\/\/www.facebook.com\/AureliusJewelry\/","https:\/\/x.com\/AureliusJewelry","https:\/\/instagram.com\/aureliusjewelry","https:\/\/www.pinterest.com\/AureliusJewelry\/"],"email":"info@aureliusjewelry.com","foundingDate":"2018-10-01","vatID":"SI10391070","hasMerchantReturnPolicy":{"@type":"MerchantReturnPolicy","merchantReturnLink":"https:\/\/aureliusjewelry.com\/our-policies\/terms-conditions\/"}}]},"og_availability":"backorder","product_availability":"available for order","product_retailer_item_id":"37208","product_condition":"new"},"_links":{"self":[{"href":"https:\/\/aureliusjewelry.com\/de\/wp-json\/wp\/v2\/product\/46028","targetHints":{"allow":["GET"]}}],"collection":[{"href":"https:\/\/aureliusjewelry.com\/de\/wp-json\/wp\/v2\/product"}],"about":[{"href":"https:\/\/aureliusjewelry.com\/de\/wp-json\/wp\/v2\/types\/product"}],"replies":[{"embeddable":true,"href":"https:\/\/aureliusjewelry.com\/de\/wp-json\/wp\/v2\/comments?post=46028"}],"wp:featuredmedia":[{"embeddable":true,"href":"https:\/\/aureliusjewelry.com\/de\/wp-json\/wp\/v2\/media\/37221"}],"wp:attachment":[{"href":"https:\/\/aureliusjewelry.com\/de\/wp-json\/wp\/v2\/media?parent=46028"}],"wp:term":[{"taxonomy":"product_brand","embeddable":true,"href":"https:\/\/aureliusjewelry.com\/de\/wp-json\/wp\/v2\/product_brand?post=46028"},{"taxonomy":"product_cat","embeddable":true,"href":"https:\/\/aureliusjewelry.com\/de\/wp-json\/wp\/v2\/product_cat?post=46028"},{"taxonomy":"product_tag","embeddable":true,"href":"https:\/\/aureliusjewelry.com\/de\/wp-json\/wp\/v2\/product_tag?post=46028"}],"curies":[{"name":"wp","href":"https:\/\/api.w.org\/{rel}","templated":true}]}}