{"id":45939,"date":"2023-08-25T16:30:40","date_gmt":"2023-08-25T14:30:40","guid":{"rendered":"http:\/\/aureliusjewelry.com\/product\/wasserelement-verlobungsring-mit-birnenfoermigem-blauem-saphir-und-aquamarin\/"},"modified":"2026-03-22T15:02:34","modified_gmt":"2026-03-22T13:02:34","slug":"wasserelement-verlobungsring-mit-birnenfoermigem-blauem-saphir-und-aquamarin","status":"publish","type":"product","link":"https:\/\/aureliusjewelry.com\/de\/wasserelement-verlobungsring-mit-birnenfoermigem-blauem-saphir-und-aquamarin\/","title":{"rendered":"Wasserelement-Verlobungsring mit birnenf\u00f6rmigem blauem Saphir und Aquamarin"},"content":{"rendered":"<p><strong>Steine<\/strong><\/p>\n<ul>\n<li>birnenblauer Saphir<\/li>\n<li>ca. 7&#215;5-8&#215;5.5mm<\/li>\n<li>Marquise-Aquamarin und birnenf\u00f6rmiger Schweizer Blautopas<\/li>\n<li>ca. 4x2mm, 4\u00d72.5mm<\/li>\n<li>Marquiseund runde Diamanten<\/li>\n<li>ca. 3\u00d71.5mm, 1.5mm<\/li>\n<li>F\/G-Farbe, VS-Klarheit, konfliktfrei<\/li>\n<\/ul>\n<p><strong>Bandma\u00dfe und Material<\/strong><\/p>\n<ul>\n<li>1.5mm breit, 1.6mm dick<\/li>\n<li>erh\u00e4ltlich in 14-kar\u00e4tigem\/18-kar\u00e4tigem Gelb-, Wei\u00dfoder Ros\u00e9gold und Platin<\/li>\n<li>US-Ringgr\u00f6\u00dfe 3\u20139, kleinere oder gr\u00f6\u00dfere Gr\u00f6\u00dfen auf Anfrage erh\u00e4ltlich<\/li>\n<\/ul>\n","protected":false},"excerpt":{"rendered":"<p>Mit unserem Wasserelement-Verlobungsring, der mit einem faszinierenden blauen Saphir in Birnenform neu interpretiert wurde, bekommst du einen Eindruck vom Meer. Erg\u00e4nzt wird er durch Schweizer Blautopase, Aquamarine und Diamanten, die die Farben der Wellen nachahmen, die an die K\u00fcste schlagen. Unser originelles Design wurde f\u00fcr die moderne Braut entworfen, die eine untrennbare Verbindung zum Meer hat. Die Tierkreiszeichen, die mit dem Element Wasser verbunden sind, sind Krebs, Skorpion und Fische.<\/p>\n","protected":false},"featured_media":36841,"comment_status":"open","ping_status":"closed","template":"","meta":[],"product_brand":[],"product_cat":[1517,1494,1536,469,536,475,1503,1501,1491,488,499,1514],"product_tag":[1235,728,633,1266],"class_list":{"0":"post-45939","1":"product","2":"type-product","3":"status-publish","4":"has-post-thumbnail","6":"product_cat-birnenformiger-verlobungsring","7":"product_cat-cluster-verlobungsringe","8":"product_cat-einzigartige-verlobungsringe","9":"product_cat-elemente","10":"product_cat-ringe","11":"product_cat-verbund","12":"product_cat-verlobungsring-mit-edelsteinakzenten","13":"product_cat-verlobungsring-mit-funf-steinen","14":"product_cat-verlobungsring-luenettenset","15":"product_cat-verlobungsringe","16":"product_cat-verlobungsringe-mit-saphir","17":"product_cat-von-der-natur-inspirierte-verlobungsringe","18":"product_tag-birne","19":"product_tag-production_time_3_5-de","20":"product_tag-ringe-tag","21":"product_tag-saphir-de","23":"first","24":"onbackorder","25":"sold-individually","26":"taxable","27":"shipping-taxable","28":"purchasable","29":"product-type-variable"},"yoast_head":"<title>Wasserelement-Verlobungsring mit birnenf\u00f6rmigem blauem Saphir und Aquamarin - Aurelius Jewelry<\/title>\n<meta name=\"robots\" content=\"index, follow, max-snippet:-1, max-image-preview:large, max-video-preview:-1\" \/>\n<link rel=\"canonical\" href=\"https:\/\/aureliusjewelry.com\/de\/wasserelement-verlobungsring-mit-birnenfoermigem-blauem-saphir-und-aquamarin\/\" \/>\n<meta property=\"og:locale\" content=\"de_DE\" \/>\n<meta property=\"og:type\" content=\"article\" \/>\n<meta property=\"og:title\" content=\"Wasserelement-Verlobungsring mit birnenf\u00f6rmigem blauem Saphir und Aquamarin - Aurelius Jewelry\" \/>\n<meta property=\"og:description\" content=\"%\" \/>\n<meta property=\"og:url\" content=\"https:\/\/aureliusjewelry.com\/de\/wasserelement-verlobungsring-mit-birnenfoermigem-blauem-saphir-und-aquamarin\/\" \/>\n<meta property=\"og:site_name\" content=\"Aurelius Jewelry\" \/>\n<meta property=\"article:publisher\" content=\"https:\/\/www.facebook.com\/AureliusJewelry\/\" \/>\n<meta property=\"article:modified_time\" content=\"2026-03-22T13:02:34+00:00\" \/>\n<meta property=\"og:image\" content=\"https:\/\/aureliusjewelry.com\/wp-content\/uploads\/pear-blue-sapphire-engagement-ring-white-gold.jpg\" \/>\n\t<meta property=\"og:image:width\" content=\"1920\" \/>\n\t<meta property=\"og:image:height\" content=\"1440\" \/>\n\t<meta property=\"og:image:type\" content=\"image\/jpeg\" \/>\n<meta name=\"twitter:card\" content=\"summary_large_image\" \/>\n<meta name=\"twitter:site\" content=\"@AureliusJewelry\" \/>\n<script type=\"application\/ld+json\" class=\"yoast-schema-graph\">{\"@context\":\"https:\\\/\\\/schema.org\",\"@graph\":[{\"@type\":\"WebPage\",\"@id\":\"https:\\\/\\\/aureliusjewelry.com\\\/de\\\/wasserelement-verlobungsring-mit-birnenfoermigem-blauem-saphir-und-aquamarin\\\/\",\"url\":\"https:\\\/\\\/aureliusjewelry.com\\\/de\\\/wasserelement-verlobungsring-mit-birnenfoermigem-blauem-saphir-und-aquamarin\\\/\",\"name\":\"Wasserelement-Verlobungsring mit birnenf\u00f6rmigem blauem Saphir und Aquamarin - Aurelius Jewelry\",\"isPartOf\":{\"@id\":\"https:\\\/\\\/aureliusjewelry.com\\\/de\\\/#website\"},\"primaryImageOfPage\":{\"@id\":\"https:\\\/\\\/aureliusjewelry.com\\\/de\\\/wasserelement-verlobungsring-mit-birnenfoermigem-blauem-saphir-und-aquamarin\\\/#primaryimage\"},\"image\":{\"@id\":\"https:\\\/\\\/aureliusjewelry.com\\\/de\\\/wasserelement-verlobungsring-mit-birnenfoermigem-blauem-saphir-und-aquamarin\\\/#primaryimage\"},\"thumbnailUrl\":\"https:\\\/\\\/aureliusjewelry.com\\\/wp-content\\\/uploads\\\/pear-blue-sapphire-engagement-ring-white-gold.jpg\",\"datePublished\":\"2023-08-25T14:30:40+00:00\",\"dateModified\":\"2026-03-22T13:02:34+00:00\",\"breadcrumb\":{\"@id\":\"https:\\\/\\\/aureliusjewelry.com\\\/de\\\/wasserelement-verlobungsring-mit-birnenfoermigem-blauem-saphir-und-aquamarin\\\/#breadcrumb\"},\"inLanguage\":\"de\",\"potentialAction\":[{\"@type\":\"ReadAction\",\"target\":[\"https:\\\/\\\/aureliusjewelry.com\\\/de\\\/wasserelement-verlobungsring-mit-birnenfoermigem-blauem-saphir-und-aquamarin\\\/\"]}]},{\"@type\":\"ImageObject\",\"inLanguage\":\"de\",\"@id\":\"https:\\\/\\\/aureliusjewelry.com\\\/de\\\/wasserelement-verlobungsring-mit-birnenfoermigem-blauem-saphir-und-aquamarin\\\/#primaryimage\",\"url\":\"https:\\\/\\\/aureliusjewelry.com\\\/wp-content\\\/uploads\\\/pear-blue-sapphire-engagement-ring-white-gold.jpg\",\"contentUrl\":\"https:\\\/\\\/aureliusjewelry.com\\\/wp-content\\\/uploads\\\/pear-blue-sapphire-engagement-ring-white-gold.jpg\",\"width\":1920,\"height\":1440},{\"@type\":\"BreadcrumbList\",\"@id\":\"https:\\\/\\\/aureliusjewelry.com\\\/de\\\/wasserelement-verlobungsring-mit-birnenfoermigem-blauem-saphir-und-aquamarin\\\/#breadcrumb\",\"itemListElement\":[{\"@type\":\"ListItem\",\"position\":1,\"name\":\"Home\",\"item\":\"https:\\\/\\\/aureliusjewelry.com\\\/de\\\/\"},{\"@type\":\"ListItem\",\"position\":2,\"name\":\"Shop\",\"item\":\"https:\\\/\\\/aureliusjewelry.com\\\/de\\\/shop\\\/\"},{\"@type\":\"ListItem\",\"position\":3,\"name\":\"Wasserelement-Verlobungsring mit birnenf\u00f6rmigem blauem Saphir und Aquamarin\"}]},{\"@type\":\"WebSite\",\"@id\":\"https:\\\/\\\/aureliusjewelry.com\\\/de\\\/#website\",\"url\":\"https:\\\/\\\/aureliusjewelry.com\\\/de\\\/\",\"name\":\"Aurelius Jewelry\",\"description\":\"Handmade Fine Gold Jewelry\",\"publisher\":{\"@id\":\"https:\\\/\\\/aureliusjewelry.com\\\/de\\\/#organization\"},\"potentialAction\":[{\"@type\":\"SearchAction\",\"target\":{\"@type\":\"EntryPoint\",\"urlTemplate\":\"https:\\\/\\\/aureliusjewelry.com\\\/de\\\/?s={search_term_string}\"},\"query-input\":{\"@type\":\"PropertyValueSpecification\",\"valueRequired\":true,\"valueName\":\"search_term_string\"}}],\"inLanguage\":\"de\"},{\"@type\":\"Organization\",\"@id\":\"https:\\\/\\\/aureliusjewelry.com\\\/de\\\/#organization\",\"name\":\"Aurelius Jewelry\",\"url\":\"https:\\\/\\\/aureliusjewelry.com\\\/de\\\/\",\"logo\":{\"@type\":\"ImageObject\",\"inLanguage\":\"de\",\"@id\":\"https:\\\/\\\/aureliusjewelry.com\\\/de\\\/#\\\/schema\\\/logo\\\/image\\\/\",\"url\":\"https:\\\/\\\/aureliusjewelry.com\\\/wp-content\\\/uploads\\\/logo.png\",\"contentUrl\":\"https:\\\/\\\/aureliusjewelry.com\\\/wp-content\\\/uploads\\\/logo.png\",\"width\":400,\"height\":64,\"caption\":\"Aurelius Jewelry\"},\"image\":{\"@id\":\"https:\\\/\\\/aureliusjewelry.com\\\/de\\\/#\\\/schema\\\/logo\\\/image\\\/\"},\"sameAs\":[\"https:\\\/\\\/www.facebook.com\\\/AureliusJewelry\\\/\",\"https:\\\/\\\/x.com\\\/AureliusJewelry\",\"https:\\\/\\\/instagram.com\\\/aureliusjewelry\",\"https:\\\/\\\/www.pinterest.com\\\/AureliusJewelry\\\/\"],\"email\":\"info@aureliusjewelry.com\",\"foundingDate\":\"2018-10-01\",\"vatID\":\"SI10391070\",\"hasMerchantReturnPolicy\":{\"@type\":\"MerchantReturnPolicy\",\"merchantReturnLink\":\"https:\\\/\\\/aureliusjewelry.com\\\/our-policies\\\/terms-conditions\\\/\"}}]}<\/script>\n<meta property=\"og:availability\" content=\"backorder\" \/>\n<meta property=\"product:availability\" content=\"available for order\" \/>\n<meta property=\"product:retailer_item_id\" content=\"36828\" \/>\n<meta property=\"product:condition\" content=\"new\" \/>","yoast_head_json":{"title":"Wasserelement-Verlobungsring mit birnenf\u00f6rmigem blauem Saphir und Aquamarin - Aurelius Jewelry","robots":{"index":"index","follow":"follow","max-snippet":"max-snippet:-1","max-image-preview":"max-image-preview:large","max-video-preview":"max-video-preview:-1"},"canonical":"https:\/\/aureliusjewelry.com\/de\/wasserelement-verlobungsring-mit-birnenfoermigem-blauem-saphir-und-aquamarin\/","og_locale":"de_DE","og_type":"article","og_title":"Wasserelement-Verlobungsring mit birnenf\u00f6rmigem blauem Saphir und Aquamarin - Aurelius Jewelry","og_description":"%","og_url":"https:\/\/aureliusjewelry.com\/de\/wasserelement-verlobungsring-mit-birnenfoermigem-blauem-saphir-und-aquamarin\/","og_site_name":"Aurelius Jewelry","article_publisher":"https:\/\/www.facebook.com\/AureliusJewelry\/","article_modified_time":"2026-03-22T13:02:34+00:00","og_image":[{"width":1920,"height":1440,"url":"https:\/\/aureliusjewelry.com\/wp-content\/uploads\/pear-blue-sapphire-engagement-ring-white-gold.jpg","type":"image\/jpeg"}],"twitter_card":"summary_large_image","twitter_site":"@AureliusJewelry","schema":{"@context":"https:\/\/schema.org","@graph":[{"@type":"WebPage","@id":"https:\/\/aureliusjewelry.com\/de\/wasserelement-verlobungsring-mit-birnenfoermigem-blauem-saphir-und-aquamarin\/","url":"https:\/\/aureliusjewelry.com\/de\/wasserelement-verlobungsring-mit-birnenfoermigem-blauem-saphir-und-aquamarin\/","name":"Wasserelement-Verlobungsring mit birnenf\u00f6rmigem blauem Saphir und Aquamarin - Aurelius Jewelry","isPartOf":{"@id":"https:\/\/aureliusjewelry.com\/de\/#website"},"primaryImageOfPage":{"@id":"https:\/\/aureliusjewelry.com\/de\/wasserelement-verlobungsring-mit-birnenfoermigem-blauem-saphir-und-aquamarin\/#primaryimage"},"image":{"@id":"https:\/\/aureliusjewelry.com\/de\/wasserelement-verlobungsring-mit-birnenfoermigem-blauem-saphir-und-aquamarin\/#primaryimage"},"thumbnailUrl":"https:\/\/aureliusjewelry.com\/wp-content\/uploads\/pear-blue-sapphire-engagement-ring-white-gold.jpg","datePublished":"2023-08-25T14:30:40+00:00","dateModified":"2026-03-22T13:02:34+00:00","breadcrumb":{"@id":"https:\/\/aureliusjewelry.com\/de\/wasserelement-verlobungsring-mit-birnenfoermigem-blauem-saphir-und-aquamarin\/#breadcrumb"},"inLanguage":"de","potentialAction":[{"@type":"ReadAction","target":["https:\/\/aureliusjewelry.com\/de\/wasserelement-verlobungsring-mit-birnenfoermigem-blauem-saphir-und-aquamarin\/"]}]},{"@type":"ImageObject","inLanguage":"de","@id":"https:\/\/aureliusjewelry.com\/de\/wasserelement-verlobungsring-mit-birnenfoermigem-blauem-saphir-und-aquamarin\/#primaryimage","url":"https:\/\/aureliusjewelry.com\/wp-content\/uploads\/pear-blue-sapphire-engagement-ring-white-gold.jpg","contentUrl":"https:\/\/aureliusjewelry.com\/wp-content\/uploads\/pear-blue-sapphire-engagement-ring-white-gold.jpg","width":1920,"height":1440},{"@type":"BreadcrumbList","@id":"https:\/\/aureliusjewelry.com\/de\/wasserelement-verlobungsring-mit-birnenfoermigem-blauem-saphir-und-aquamarin\/#breadcrumb","itemListElement":[{"@type":"ListItem","position":1,"name":"Home","item":"https:\/\/aureliusjewelry.com\/de\/"},{"@type":"ListItem","position":2,"name":"Shop","item":"https:\/\/aureliusjewelry.com\/de\/shop\/"},{"@type":"ListItem","position":3,"name":"Wasserelement-Verlobungsring mit birnenf\u00f6rmigem blauem Saphir und Aquamarin"}]},{"@type":"WebSite","@id":"https:\/\/aureliusjewelry.com\/de\/#website","url":"https:\/\/aureliusjewelry.com\/de\/","name":"Aurelius Jewelry","description":"Handmade Fine Gold Jewelry","publisher":{"@id":"https:\/\/aureliusjewelry.com\/de\/#organization"},"potentialAction":[{"@type":"SearchAction","target":{"@type":"EntryPoint","urlTemplate":"https:\/\/aureliusjewelry.com\/de\/?s={search_term_string}"},"query-input":{"@type":"PropertyValueSpecification","valueRequired":true,"valueName":"search_term_string"}}],"inLanguage":"de"},{"@type":"Organization","@id":"https:\/\/aureliusjewelry.com\/de\/#organization","name":"Aurelius Jewelry","url":"https:\/\/aureliusjewelry.com\/de\/","logo":{"@type":"ImageObject","inLanguage":"de","@id":"https:\/\/aureliusjewelry.com\/de\/#\/schema\/logo\/image\/","url":"https:\/\/aureliusjewelry.com\/wp-content\/uploads\/logo.png","contentUrl":"https:\/\/aureliusjewelry.com\/wp-content\/uploads\/logo.png","width":400,"height":64,"caption":"Aurelius Jewelry"},"image":{"@id":"https:\/\/aureliusjewelry.com\/de\/#\/schema\/logo\/image\/"},"sameAs":["https:\/\/www.facebook.com\/AureliusJewelry\/","https:\/\/x.com\/AureliusJewelry","https:\/\/instagram.com\/aureliusjewelry","https:\/\/www.pinterest.com\/AureliusJewelry\/"],"email":"info@aureliusjewelry.com","foundingDate":"2018-10-01","vatID":"SI10391070","hasMerchantReturnPolicy":{"@type":"MerchantReturnPolicy","merchantReturnLink":"https:\/\/aureliusjewelry.com\/our-policies\/terms-conditions\/"}}]},"og_availability":"backorder","product_availability":"available for order","product_retailer_item_id":"36828","product_condition":"new"},"_links":{"self":[{"href":"https:\/\/aureliusjewelry.com\/de\/wp-json\/wp\/v2\/product\/45939","targetHints":{"allow":["GET"]}}],"collection":[{"href":"https:\/\/aureliusjewelry.com\/de\/wp-json\/wp\/v2\/product"}],"about":[{"href":"https:\/\/aureliusjewelry.com\/de\/wp-json\/wp\/v2\/types\/product"}],"replies":[{"embeddable":true,"href":"https:\/\/aureliusjewelry.com\/de\/wp-json\/wp\/v2\/comments?post=45939"}],"wp:featuredmedia":[{"embeddable":true,"href":"https:\/\/aureliusjewelry.com\/de\/wp-json\/wp\/v2\/media\/36841"}],"wp:attachment":[{"href":"https:\/\/aureliusjewelry.com\/de\/wp-json\/wp\/v2\/media?parent=45939"}],"wp:term":[{"taxonomy":"product_brand","embeddable":true,"href":"https:\/\/aureliusjewelry.com\/de\/wp-json\/wp\/v2\/product_brand?post=45939"},{"taxonomy":"product_cat","embeddable":true,"href":"https:\/\/aureliusjewelry.com\/de\/wp-json\/wp\/v2\/product_cat?post=45939"},{"taxonomy":"product_tag","embeddable":true,"href":"https:\/\/aureliusjewelry.com\/de\/wp-json\/wp\/v2\/product_tag?post=45939"}],"curies":[{"name":"wp","href":"https:\/\/api.w.org\/{rel}","templated":true}]}}