{"id":45476,"date":"2023-08-22T17:01:54","date_gmt":"2023-08-22T15:01:54","guid":{"rendered":"http:\/\/aureliusjewelry.com\/product\/laenglicher-konischer-hexagon-moissanit-verlobungsring\/"},"modified":"2026-05-03T05:36:34","modified_gmt":"2026-05-03T03:36:34","slug":"laenglicher-konischer-hexagon-moissanit-verlobungsring","status":"publish","type":"product","link":"https:\/\/aureliusjewelry.com\/de\/laenglicher-konischer-hexagon-moissanit-verlobungsring\/","title":{"rendered":"L\u00e4nglicher konischer Hexagon-Moissanit-Verlobungsring"},"content":{"rendered":"<p><strong>Steine<\/strong><\/p>\n<ul>\n<li>l\u00e4nglicher, sich verj\u00fcngender sechseckiger Moissanit<\/li>\n<li>ca. 11x6mm<\/li>\n<li>runde Diamanten<\/li>\n<li>ca. 1.5mm (6)<\/li>\n<li>F\/G-Farbe, VS-Klarheit, konfliktfrei<\/li>\n<li><strong>Bandma\u00dfe und Material<\/strong>\n<ul>\n<li>1.5mm breit, 1.6mm dick<\/li>\n<li>erh\u00e4ltlich in 14-kar\u00e4tigem\/18-kar\u00e4tigem Gelb-, Wei\u00dfoder Ros\u00e9gold und Platin<\/li>\n<li>US-Ringgr\u00f6\u00dfe 3\u20139, kleinere oder gr\u00f6\u00dfere Gr\u00f6\u00dfen auf Anfrage erh\u00e4ltlich<\/li>\n<\/ul>\n<\/li>\n<\/ul>\n","protected":false},"excerpt":{"rendered":"<p>Definiere Eleganz neu mit unserem l\u00e4nglichen, konischen Hexagon-Moissanit-Verlobungsring. Der einzigartige Schliff des Moissanits in der Mitte f\u00e4ngt das Licht ein und bricht es mit fesselnder Brillanz. Das spitz zulaufende Sechseck verj\u00fcngt sich nach oben hin und betont so die langgestreckte Silhouette des Steins. Trage diesen Kite-Moosachat-Ring nicht nur als Accessoire, sondern auch als Symbol f\u00fcr die Reise, die du mit deinem Partner unternommen hast, und als Zeichen eures Engagements.<\/p>\n","protected":false},"featured_media":36567,"comment_status":"open","ping_status":"closed","template":"","meta":[],"product_brand":[],"product_cat":[1507,1499,536,1523,488,498,471],"product_tag":[1184,1210,728,633,1069,1070,1189],"class_list":{"0":"post-45476","1":"product","2":"type-product","3":"status-publish","4":"has-post-thumbnail","6":"product_cat-geometrische-verlobungsringe","7":"product_cat-langlicher-sechseckiger-verlobungsring","8":"product_cat-ringe","9":"product_cat-verlobungsring-mit-sieben-steinen","10":"product_cat-verlobungsringe","11":"product_cat-verlobungsringe-mit-moissanit","12":"product_cat-zeitgenossisch","13":"product_tag-geometrisch","14":"product_tag-moissanite-de","15":"product_tag-production_time_3_5-de","16":"product_tag-ringe-tag","17":"product_tag-ringe-de","18":"product_tag-sechseck","19":"product_tag-sechseck-verlaengert","21":"first","22":"onbackorder","23":"sold-individually","24":"taxable","25":"shipping-taxable","26":"purchasable","27":"product-type-variable"},"yoast_head":"<title>L\u00e4nglicher konischer Hexagon-Moissanit-Verlobungsring - Aurelius Jewelry<\/title>\n<meta name=\"robots\" content=\"index, follow, max-snippet:-1, max-image-preview:large, max-video-preview:-1\" \/>\n<link rel=\"canonical\" href=\"https:\/\/aureliusjewelry.com\/de\/laenglicher-konischer-hexagon-moissanit-verlobungsring\/\" \/>\n<meta property=\"og:locale\" content=\"de_DE\" \/>\n<meta property=\"og:type\" content=\"article\" \/>\n<meta property=\"og:title\" content=\"L\u00e4nglicher konischer Hexagon-Moissanit-Verlobungsring - Aurelius Jewelry\" \/>\n<meta property=\"og:description\" content=\"%\" \/>\n<meta property=\"og:url\" content=\"https:\/\/aureliusjewelry.com\/de\/laenglicher-konischer-hexagon-moissanit-verlobungsring\/\" \/>\n<meta property=\"og:site_name\" content=\"Aurelius Jewelry\" \/>\n<meta property=\"article:publisher\" content=\"https:\/\/www.facebook.com\/AureliusJewelry\/\" \/>\n<meta property=\"article:modified_time\" content=\"2026-05-03T03:36:34+00:00\" \/>\n<meta property=\"og:image\" content=\"https:\/\/aureliusjewelry.com\/wp-content\/uploads\/elongated-hexagon-moissanite-engagement-ring-14k-rose-gold.jpg\" \/>\n\t<meta property=\"og:image:width\" content=\"1920\" \/>\n\t<meta property=\"og:image:height\" content=\"1440\" \/>\n\t<meta property=\"og:image:type\" content=\"image\/jpeg\" \/>\n<meta name=\"twitter:card\" content=\"summary_large_image\" \/>\n<meta name=\"twitter:site\" content=\"@AureliusJewelry\" \/>\n<script type=\"application\/ld+json\" class=\"yoast-schema-graph\">{\"@context\":\"https:\\\/\\\/schema.org\",\"@graph\":[{\"@type\":\"WebPage\",\"@id\":\"https:\\\/\\\/aureliusjewelry.com\\\/de\\\/laenglicher-konischer-hexagon-moissanit-verlobungsring\\\/\",\"url\":\"https:\\\/\\\/aureliusjewelry.com\\\/de\\\/laenglicher-konischer-hexagon-moissanit-verlobungsring\\\/\",\"name\":\"L\u00e4nglicher konischer Hexagon-Moissanit-Verlobungsring - Aurelius Jewelry\",\"isPartOf\":{\"@id\":\"https:\\\/\\\/aureliusjewelry.com\\\/de\\\/#website\"},\"primaryImageOfPage\":{\"@id\":\"https:\\\/\\\/aureliusjewelry.com\\\/de\\\/laenglicher-konischer-hexagon-moissanit-verlobungsring\\\/#primaryimage\"},\"image\":{\"@id\":\"https:\\\/\\\/aureliusjewelry.com\\\/de\\\/laenglicher-konischer-hexagon-moissanit-verlobungsring\\\/#primaryimage\"},\"thumbnailUrl\":\"https:\\\/\\\/aureliusjewelry.com\\\/wp-content\\\/uploads\\\/elongated-hexagon-moissanite-engagement-ring-14k-rose-gold.jpg\",\"datePublished\":\"2023-08-22T15:01:54+00:00\",\"dateModified\":\"2026-05-03T03:36:34+00:00\",\"breadcrumb\":{\"@id\":\"https:\\\/\\\/aureliusjewelry.com\\\/de\\\/laenglicher-konischer-hexagon-moissanit-verlobungsring\\\/#breadcrumb\"},\"inLanguage\":\"de\",\"potentialAction\":[{\"@type\":\"ReadAction\",\"target\":[\"https:\\\/\\\/aureliusjewelry.com\\\/de\\\/laenglicher-konischer-hexagon-moissanit-verlobungsring\\\/\"]}]},{\"@type\":\"ImageObject\",\"inLanguage\":\"de\",\"@id\":\"https:\\\/\\\/aureliusjewelry.com\\\/de\\\/laenglicher-konischer-hexagon-moissanit-verlobungsring\\\/#primaryimage\",\"url\":\"https:\\\/\\\/aureliusjewelry.com\\\/wp-content\\\/uploads\\\/elongated-hexagon-moissanite-engagement-ring-14k-rose-gold.jpg\",\"contentUrl\":\"https:\\\/\\\/aureliusjewelry.com\\\/wp-content\\\/uploads\\\/elongated-hexagon-moissanite-engagement-ring-14k-rose-gold.jpg\",\"width\":1920,\"height\":1440},{\"@type\":\"BreadcrumbList\",\"@id\":\"https:\\\/\\\/aureliusjewelry.com\\\/de\\\/laenglicher-konischer-hexagon-moissanit-verlobungsring\\\/#breadcrumb\",\"itemListElement\":[{\"@type\":\"ListItem\",\"position\":1,\"name\":\"Home\",\"item\":\"https:\\\/\\\/aureliusjewelry.com\\\/de\\\/\"},{\"@type\":\"ListItem\",\"position\":2,\"name\":\"Shop\",\"item\":\"https:\\\/\\\/aureliusjewelry.com\\\/de\\\/shop\\\/\"},{\"@type\":\"ListItem\",\"position\":3,\"name\":\"L\u00e4nglicher konischer Hexagon-Moissanit-Verlobungsring\"}]},{\"@type\":\"WebSite\",\"@id\":\"https:\\\/\\\/aureliusjewelry.com\\\/de\\\/#website\",\"url\":\"https:\\\/\\\/aureliusjewelry.com\\\/de\\\/\",\"name\":\"Aurelius Jewelry\",\"description\":\"Handmade Fine Gold Jewelry\",\"publisher\":{\"@id\":\"https:\\\/\\\/aureliusjewelry.com\\\/de\\\/#organization\"},\"potentialAction\":[{\"@type\":\"SearchAction\",\"target\":{\"@type\":\"EntryPoint\",\"urlTemplate\":\"https:\\\/\\\/aureliusjewelry.com\\\/de\\\/?s={search_term_string}\"},\"query-input\":{\"@type\":\"PropertyValueSpecification\",\"valueRequired\":true,\"valueName\":\"search_term_string\"}}],\"inLanguage\":\"de\"},{\"@type\":\"Organization\",\"@id\":\"https:\\\/\\\/aureliusjewelry.com\\\/de\\\/#organization\",\"name\":\"Aurelius Jewelry\",\"url\":\"https:\\\/\\\/aureliusjewelry.com\\\/de\\\/\",\"logo\":{\"@type\":\"ImageObject\",\"inLanguage\":\"de\",\"@id\":\"https:\\\/\\\/aureliusjewelry.com\\\/de\\\/#\\\/schema\\\/logo\\\/image\\\/\",\"url\":\"https:\\\/\\\/aureliusjewelry.com\\\/wp-content\\\/uploads\\\/logo.png\",\"contentUrl\":\"https:\\\/\\\/aureliusjewelry.com\\\/wp-content\\\/uploads\\\/logo.png\",\"width\":400,\"height\":64,\"caption\":\"Aurelius Jewelry\"},\"image\":{\"@id\":\"https:\\\/\\\/aureliusjewelry.com\\\/de\\\/#\\\/schema\\\/logo\\\/image\\\/\"},\"sameAs\":[\"https:\\\/\\\/www.facebook.com\\\/AureliusJewelry\\\/\",\"https:\\\/\\\/x.com\\\/AureliusJewelry\",\"https:\\\/\\\/instagram.com\\\/aureliusjewelry\",\"https:\\\/\\\/www.pinterest.com\\\/AureliusJewelry\\\/\"],\"email\":\"info@aureliusjewelry.com\",\"foundingDate\":\"2018-10-01\",\"vatID\":\"SI10391070\",\"hasMerchantReturnPolicy\":{\"@type\":\"MerchantReturnPolicy\",\"merchantReturnLink\":\"https:\\\/\\\/aureliusjewelry.com\\\/our-policies\\\/terms-conditions\\\/\"}}]}<\/script>\n<meta property=\"og:availability\" content=\"backorder\" \/>\n<meta property=\"product:availability\" content=\"available for order\" \/>\n<meta property=\"product:retailer_item_id\" content=\"36547\" \/>\n<meta property=\"product:condition\" content=\"new\" \/>","yoast_head_json":{"title":"L\u00e4nglicher konischer Hexagon-Moissanit-Verlobungsring - Aurelius Jewelry","robots":{"index":"index","follow":"follow","max-snippet":"max-snippet:-1","max-image-preview":"max-image-preview:large","max-video-preview":"max-video-preview:-1"},"canonical":"https:\/\/aureliusjewelry.com\/de\/laenglicher-konischer-hexagon-moissanit-verlobungsring\/","og_locale":"de_DE","og_type":"article","og_title":"L\u00e4nglicher konischer Hexagon-Moissanit-Verlobungsring - Aurelius Jewelry","og_description":"%","og_url":"https:\/\/aureliusjewelry.com\/de\/laenglicher-konischer-hexagon-moissanit-verlobungsring\/","og_site_name":"Aurelius Jewelry","article_publisher":"https:\/\/www.facebook.com\/AureliusJewelry\/","article_modified_time":"2026-05-03T03:36:34+00:00","og_image":[{"width":1920,"height":1440,"url":"https:\/\/aureliusjewelry.com\/wp-content\/uploads\/elongated-hexagon-moissanite-engagement-ring-14k-rose-gold.jpg","type":"image\/jpeg"}],"twitter_card":"summary_large_image","twitter_site":"@AureliusJewelry","schema":{"@context":"https:\/\/schema.org","@graph":[{"@type":"WebPage","@id":"https:\/\/aureliusjewelry.com\/de\/laenglicher-konischer-hexagon-moissanit-verlobungsring\/","url":"https:\/\/aureliusjewelry.com\/de\/laenglicher-konischer-hexagon-moissanit-verlobungsring\/","name":"L\u00e4nglicher konischer Hexagon-Moissanit-Verlobungsring - Aurelius Jewelry","isPartOf":{"@id":"https:\/\/aureliusjewelry.com\/de\/#website"},"primaryImageOfPage":{"@id":"https:\/\/aureliusjewelry.com\/de\/laenglicher-konischer-hexagon-moissanit-verlobungsring\/#primaryimage"},"image":{"@id":"https:\/\/aureliusjewelry.com\/de\/laenglicher-konischer-hexagon-moissanit-verlobungsring\/#primaryimage"},"thumbnailUrl":"https:\/\/aureliusjewelry.com\/wp-content\/uploads\/elongated-hexagon-moissanite-engagement-ring-14k-rose-gold.jpg","datePublished":"2023-08-22T15:01:54+00:00","dateModified":"2026-05-03T03:36:34+00:00","breadcrumb":{"@id":"https:\/\/aureliusjewelry.com\/de\/laenglicher-konischer-hexagon-moissanit-verlobungsring\/#breadcrumb"},"inLanguage":"de","potentialAction":[{"@type":"ReadAction","target":["https:\/\/aureliusjewelry.com\/de\/laenglicher-konischer-hexagon-moissanit-verlobungsring\/"]}]},{"@type":"ImageObject","inLanguage":"de","@id":"https:\/\/aureliusjewelry.com\/de\/laenglicher-konischer-hexagon-moissanit-verlobungsring\/#primaryimage","url":"https:\/\/aureliusjewelry.com\/wp-content\/uploads\/elongated-hexagon-moissanite-engagement-ring-14k-rose-gold.jpg","contentUrl":"https:\/\/aureliusjewelry.com\/wp-content\/uploads\/elongated-hexagon-moissanite-engagement-ring-14k-rose-gold.jpg","width":1920,"height":1440},{"@type":"BreadcrumbList","@id":"https:\/\/aureliusjewelry.com\/de\/laenglicher-konischer-hexagon-moissanit-verlobungsring\/#breadcrumb","itemListElement":[{"@type":"ListItem","position":1,"name":"Home","item":"https:\/\/aureliusjewelry.com\/de\/"},{"@type":"ListItem","position":2,"name":"Shop","item":"https:\/\/aureliusjewelry.com\/de\/shop\/"},{"@type":"ListItem","position":3,"name":"L\u00e4nglicher konischer Hexagon-Moissanit-Verlobungsring"}]},{"@type":"WebSite","@id":"https:\/\/aureliusjewelry.com\/de\/#website","url":"https:\/\/aureliusjewelry.com\/de\/","name":"Aurelius Jewelry","description":"Handmade Fine Gold Jewelry","publisher":{"@id":"https:\/\/aureliusjewelry.com\/de\/#organization"},"potentialAction":[{"@type":"SearchAction","target":{"@type":"EntryPoint","urlTemplate":"https:\/\/aureliusjewelry.com\/de\/?s={search_term_string}"},"query-input":{"@type":"PropertyValueSpecification","valueRequired":true,"valueName":"search_term_string"}}],"inLanguage":"de"},{"@type":"Organization","@id":"https:\/\/aureliusjewelry.com\/de\/#organization","name":"Aurelius Jewelry","url":"https:\/\/aureliusjewelry.com\/de\/","logo":{"@type":"ImageObject","inLanguage":"de","@id":"https:\/\/aureliusjewelry.com\/de\/#\/schema\/logo\/image\/","url":"https:\/\/aureliusjewelry.com\/wp-content\/uploads\/logo.png","contentUrl":"https:\/\/aureliusjewelry.com\/wp-content\/uploads\/logo.png","width":400,"height":64,"caption":"Aurelius Jewelry"},"image":{"@id":"https:\/\/aureliusjewelry.com\/de\/#\/schema\/logo\/image\/"},"sameAs":["https:\/\/www.facebook.com\/AureliusJewelry\/","https:\/\/x.com\/AureliusJewelry","https:\/\/instagram.com\/aureliusjewelry","https:\/\/www.pinterest.com\/AureliusJewelry\/"],"email":"info@aureliusjewelry.com","foundingDate":"2018-10-01","vatID":"SI10391070","hasMerchantReturnPolicy":{"@type":"MerchantReturnPolicy","merchantReturnLink":"https:\/\/aureliusjewelry.com\/our-policies\/terms-conditions\/"}}]},"og_availability":"backorder","product_availability":"available for order","product_retailer_item_id":"36547","product_condition":"new"},"_links":{"self":[{"href":"https:\/\/aureliusjewelry.com\/de\/wp-json\/wp\/v2\/product\/45476","targetHints":{"allow":["GET"]}}],"collection":[{"href":"https:\/\/aureliusjewelry.com\/de\/wp-json\/wp\/v2\/product"}],"about":[{"href":"https:\/\/aureliusjewelry.com\/de\/wp-json\/wp\/v2\/types\/product"}],"replies":[{"embeddable":true,"href":"https:\/\/aureliusjewelry.com\/de\/wp-json\/wp\/v2\/comments?post=45476"}],"wp:featuredmedia":[{"embeddable":true,"href":"https:\/\/aureliusjewelry.com\/de\/wp-json\/wp\/v2\/media\/36567"}],"wp:attachment":[{"href":"https:\/\/aureliusjewelry.com\/de\/wp-json\/wp\/v2\/media?parent=45476"}],"wp:term":[{"taxonomy":"product_brand","embeddable":true,"href":"https:\/\/aureliusjewelry.com\/de\/wp-json\/wp\/v2\/product_brand?post=45476"},{"taxonomy":"product_cat","embeddable":true,"href":"https:\/\/aureliusjewelry.com\/de\/wp-json\/wp\/v2\/product_cat?post=45476"},{"taxonomy":"product_tag","embeddable":true,"href":"https:\/\/aureliusjewelry.com\/de\/wp-json\/wp\/v2\/product_tag?post=45476"}],"curies":[{"name":"wp","href":"https:\/\/api.w.org\/{rel}","templated":true}]}}