{"id":45191,"date":"2022-11-06T13:20:51","date_gmt":"2022-11-06T11:20:51","guid":{"rendered":"http:\/\/aureliusjewelry.com\/product\/dreibandiger-kite-salz-und-pfeffer-diamant-ring-set\/"},"modified":"2026-05-02T22:27:27","modified_gmt":"2026-05-02T20:27:27","slug":"dreibandiger-kite-salz-und-pfeffer-diamant-ring-set","status":"publish","type":"product","link":"https:\/\/aureliusjewelry.com\/de\/dreibandiger-kite-salz-und-pfeffer-diamant-ring-set\/","title":{"rendered":"Dreibandiger Kite Salz-und-Pfeffer-Diamant-Ring-Set"},"content":{"rendered":"<p><strong>Verlobungsring<\/strong><\/p>\n<ul>\n<li>Drachensalzund Pfefferdiamant<\/li>\n<li>ca. 9\u00d77 10x8mm<\/li>\n<li>runde Diamanten<\/li>\n<li>ca. 1.5mm (16)<\/li>\n<li>F\/G-Farbe, VS-Klarheit, konfliktfrei<\/li>\n<\/ul>\n<p><strong>Hochzeitsband<\/strong><\/p>\n<ul>\n<li>Marquiseund runde Diamanten<\/li>\n<li>ca. 3\u00d71.5mm (2), 1.25mm (4)<\/li>\n<li>F\/G-Farbe, VS-Klarheit, konfliktfrei<\/li>\n<\/ul>\n<p><strong>Bandma\u00dfe und Material<\/strong><\/p>\n<ul>\n<li>1.7mm breit, 1.6mm dick (Verlobungsring)<\/li>\n<li>1.5mm breit, 1.6mm dick (Hochzeitsband 1)<\/li>\n<li>2.5mm breit, 1.6mm dick (Hochzeitsband 2)<\/li>\n<li>erh\u00e4ltlich in 14-kar\u00e4tigem\/18-kar\u00e4tigem Gelb-, Wei\u00dfoder Ros\u00e9gold und Platin<\/li>\n<li>US-Ringgr\u00f6\u00dfe 3\u20139, kleinere oder gr\u00f6\u00dfere Gr\u00f6\u00dfen auf Anfrage erh\u00e4ltlich<\/li>\n<li><\/li>\n<\/ul>\n","protected":false},"excerpt":{"rendered":"<p>Als Alternative zu den traditionellen wei\u00dfen Brillanten bietet sich ein Salz-und-Pfeffer-Diamant als Verlobungsring an. Der mittlere Kite-Diamant sitzt auf einem V-f\u00f6rmigen Schaft in unserer charakteristischen Sechs-Klauen-Zacken-Fassung. Er ist mit funkelnden Halbdiamanten verziert und wird mit zwei Stapelb\u00e4ndern kombiniert. F\u00fcge einen an deinem Hochzeitstag und einen an deinem Jahrestag hinzu, oder wenn du einen anderen wichtigen Meilenstein in deiner Ehe erreichst. Oder warte nicht und trage sie einfach alle! Jeder Salz-und-Pfeffer-Diamant ist einzigartig und du kannst dir deinen Favoriten f\u00fcr dein Ringset aussuchen.<\/p>\n","protected":false},"featured_media":31827,"comment_status":"open","ping_status":"closed","template":"","meta":[],"product_brand":[],"product_cat":[1527,473,519,479,536,1074,471],"product_tag":[1192,728,1250,633,1263],"class_list":{"0":"post-45191","1":"product","2":"type-product","3":"status-publish","4":"has-post-thumbnail","6":"product_cat-3-teiliges-ehering-set","7":"product_cat-ausergewohnlich","8":"product_cat-ehering-sets","9":"product_cat-gepaart","10":"product_cat-ringe","11":"product_cat-salz-und-pfeffer-diamant-ehering","12":"product_cat-zeitgenossisch","13":"product_tag-drachen","14":"product_tag-production_time_3_5-de","15":"product_tag-ring-paar","16":"product_tag-ringe-tag","17":"product_tag-salz-und-pfefferdiamant","19":"first","20":"onbackorder","21":"sold-individually","22":"taxable","23":"shipping-taxable","24":"purchasable","25":"product-type-variable"},"yoast_head":"<title>Dreibandiger Kite Salz-und-Pfeffer-Diamant-Ring-Set - Aurelius Jewelry<\/title>\n<meta name=\"robots\" content=\"index, follow, max-snippet:-1, max-image-preview:large, max-video-preview:-1\" \/>\n<link rel=\"canonical\" href=\"https:\/\/aureliusjewelry.com\/de\/dreibandiger-kite-salz-und-pfeffer-diamant-ring-set\/\" \/>\n<meta property=\"og:locale\" content=\"de_DE\" \/>\n<meta property=\"og:type\" content=\"article\" \/>\n<meta property=\"og:title\" content=\"Dreibandiger Kite Salz-und-Pfeffer-Diamant-Ring-Set - Aurelius Jewelry\" \/>\n<meta property=\"og:description\" content=\"%\" \/>\n<meta property=\"og:url\" content=\"https:\/\/aureliusjewelry.com\/de\/dreibandiger-kite-salz-und-pfeffer-diamant-ring-set\/\" \/>\n<meta property=\"og:site_name\" content=\"Aurelius Jewelry\" \/>\n<meta property=\"article:publisher\" content=\"https:\/\/www.facebook.com\/AureliusJewelry\/\" \/>\n<meta property=\"article:modified_time\" content=\"2026-05-02T20:27:27+00:00\" \/>\n<meta property=\"og:image\" content=\"https:\/\/aureliusjewelry.com\/wp-content\/uploads\/3-band-ring-set-kite-salt-and-pepper-diamond.jpg\" \/>\n\t<meta property=\"og:image:width\" content=\"1920\" \/>\n\t<meta property=\"og:image:height\" content=\"1440\" \/>\n\t<meta property=\"og:image:type\" content=\"image\/jpeg\" \/>\n<meta name=\"twitter:card\" content=\"summary_large_image\" \/>\n<meta name=\"twitter:site\" content=\"@AureliusJewelry\" \/>\n<script type=\"application\/ld+json\" class=\"yoast-schema-graph\">{\"@context\":\"https:\\\/\\\/schema.org\",\"@graph\":[{\"@type\":\"WebPage\",\"@id\":\"https:\\\/\\\/aureliusjewelry.com\\\/de\\\/dreibandiger-kite-salz-und-pfeffer-diamant-ring-set\\\/\",\"url\":\"https:\\\/\\\/aureliusjewelry.com\\\/de\\\/dreibandiger-kite-salz-und-pfeffer-diamant-ring-set\\\/\",\"name\":\"Dreibandiger Kite Salz-und-Pfeffer-Diamant-Ring-Set - Aurelius Jewelry\",\"isPartOf\":{\"@id\":\"https:\\\/\\\/aureliusjewelry.com\\\/de\\\/#website\"},\"primaryImageOfPage\":{\"@id\":\"https:\\\/\\\/aureliusjewelry.com\\\/de\\\/dreibandiger-kite-salz-und-pfeffer-diamant-ring-set\\\/#primaryimage\"},\"image\":{\"@id\":\"https:\\\/\\\/aureliusjewelry.com\\\/de\\\/dreibandiger-kite-salz-und-pfeffer-diamant-ring-set\\\/#primaryimage\"},\"thumbnailUrl\":\"https:\\\/\\\/aureliusjewelry.com\\\/wp-content\\\/uploads\\\/3-band-ring-set-kite-salt-and-pepper-diamond.jpg\",\"datePublished\":\"2022-11-06T11:20:51+00:00\",\"dateModified\":\"2026-05-02T20:27:27+00:00\",\"breadcrumb\":{\"@id\":\"https:\\\/\\\/aureliusjewelry.com\\\/de\\\/dreibandiger-kite-salz-und-pfeffer-diamant-ring-set\\\/#breadcrumb\"},\"inLanguage\":\"de\",\"potentialAction\":[{\"@type\":\"ReadAction\",\"target\":[\"https:\\\/\\\/aureliusjewelry.com\\\/de\\\/dreibandiger-kite-salz-und-pfeffer-diamant-ring-set\\\/\"]}]},{\"@type\":\"ImageObject\",\"inLanguage\":\"de\",\"@id\":\"https:\\\/\\\/aureliusjewelry.com\\\/de\\\/dreibandiger-kite-salz-und-pfeffer-diamant-ring-set\\\/#primaryimage\",\"url\":\"https:\\\/\\\/aureliusjewelry.com\\\/wp-content\\\/uploads\\\/3-band-ring-set-kite-salt-and-pepper-diamond.jpg\",\"contentUrl\":\"https:\\\/\\\/aureliusjewelry.com\\\/wp-content\\\/uploads\\\/3-band-ring-set-kite-salt-and-pepper-diamond.jpg\",\"width\":1920,\"height\":1440},{\"@type\":\"BreadcrumbList\",\"@id\":\"https:\\\/\\\/aureliusjewelry.com\\\/de\\\/dreibandiger-kite-salz-und-pfeffer-diamant-ring-set\\\/#breadcrumb\",\"itemListElement\":[{\"@type\":\"ListItem\",\"position\":1,\"name\":\"Home\",\"item\":\"https:\\\/\\\/aureliusjewelry.com\\\/de\\\/\"},{\"@type\":\"ListItem\",\"position\":2,\"name\":\"Shop\",\"item\":\"https:\\\/\\\/aureliusjewelry.com\\\/de\\\/shop\\\/\"},{\"@type\":\"ListItem\",\"position\":3,\"name\":\"Dreibandiger Kite Salz-und-Pfeffer-Diamant-Ring-Set\"}]},{\"@type\":\"WebSite\",\"@id\":\"https:\\\/\\\/aureliusjewelry.com\\\/de\\\/#website\",\"url\":\"https:\\\/\\\/aureliusjewelry.com\\\/de\\\/\",\"name\":\"Aurelius Jewelry\",\"description\":\"Handmade Fine Gold Jewelry\",\"publisher\":{\"@id\":\"https:\\\/\\\/aureliusjewelry.com\\\/de\\\/#organization\"},\"potentialAction\":[{\"@type\":\"SearchAction\",\"target\":{\"@type\":\"EntryPoint\",\"urlTemplate\":\"https:\\\/\\\/aureliusjewelry.com\\\/de\\\/?s={search_term_string}\"},\"query-input\":{\"@type\":\"PropertyValueSpecification\",\"valueRequired\":true,\"valueName\":\"search_term_string\"}}],\"inLanguage\":\"de\"},{\"@type\":\"Organization\",\"@id\":\"https:\\\/\\\/aureliusjewelry.com\\\/de\\\/#organization\",\"name\":\"Aurelius Jewelry\",\"url\":\"https:\\\/\\\/aureliusjewelry.com\\\/de\\\/\",\"logo\":{\"@type\":\"ImageObject\",\"inLanguage\":\"de\",\"@id\":\"https:\\\/\\\/aureliusjewelry.com\\\/de\\\/#\\\/schema\\\/logo\\\/image\\\/\",\"url\":\"https:\\\/\\\/aureliusjewelry.com\\\/wp-content\\\/uploads\\\/logo.png\",\"contentUrl\":\"https:\\\/\\\/aureliusjewelry.com\\\/wp-content\\\/uploads\\\/logo.png\",\"width\":400,\"height\":64,\"caption\":\"Aurelius Jewelry\"},\"image\":{\"@id\":\"https:\\\/\\\/aureliusjewelry.com\\\/de\\\/#\\\/schema\\\/logo\\\/image\\\/\"},\"sameAs\":[\"https:\\\/\\\/www.facebook.com\\\/AureliusJewelry\\\/\",\"https:\\\/\\\/x.com\\\/AureliusJewelry\",\"https:\\\/\\\/instagram.com\\\/aureliusjewelry\",\"https:\\\/\\\/www.pinterest.com\\\/AureliusJewelry\\\/\"],\"email\":\"info@aureliusjewelry.com\",\"foundingDate\":\"2018-10-01\",\"vatID\":\"SI10391070\",\"hasMerchantReturnPolicy\":{\"@type\":\"MerchantReturnPolicy\",\"merchantReturnLink\":\"https:\\\/\\\/aureliusjewelry.com\\\/our-policies\\\/terms-conditions\\\/\"}}]}<\/script>\n<meta property=\"og:availability\" content=\"backorder\" \/>\n<meta property=\"product:availability\" content=\"available for order\" \/>\n<meta property=\"product:retailer_item_id\" content=\"31816\" \/>\n<meta property=\"product:condition\" content=\"new\" \/>","yoast_head_json":{"title":"Dreibandiger Kite Salz-und-Pfeffer-Diamant-Ring-Set - Aurelius Jewelry","robots":{"index":"index","follow":"follow","max-snippet":"max-snippet:-1","max-image-preview":"max-image-preview:large","max-video-preview":"max-video-preview:-1"},"canonical":"https:\/\/aureliusjewelry.com\/de\/dreibandiger-kite-salz-und-pfeffer-diamant-ring-set\/","og_locale":"de_DE","og_type":"article","og_title":"Dreibandiger Kite Salz-und-Pfeffer-Diamant-Ring-Set - Aurelius Jewelry","og_description":"%","og_url":"https:\/\/aureliusjewelry.com\/de\/dreibandiger-kite-salz-und-pfeffer-diamant-ring-set\/","og_site_name":"Aurelius Jewelry","article_publisher":"https:\/\/www.facebook.com\/AureliusJewelry\/","article_modified_time":"2026-05-02T20:27:27+00:00","og_image":[{"width":1920,"height":1440,"url":"https:\/\/aureliusjewelry.com\/wp-content\/uploads\/3-band-ring-set-kite-salt-and-pepper-diamond.jpg","type":"image\/jpeg"}],"twitter_card":"summary_large_image","twitter_site":"@AureliusJewelry","schema":{"@context":"https:\/\/schema.org","@graph":[{"@type":"WebPage","@id":"https:\/\/aureliusjewelry.com\/de\/dreibandiger-kite-salz-und-pfeffer-diamant-ring-set\/","url":"https:\/\/aureliusjewelry.com\/de\/dreibandiger-kite-salz-und-pfeffer-diamant-ring-set\/","name":"Dreibandiger Kite Salz-und-Pfeffer-Diamant-Ring-Set - Aurelius Jewelry","isPartOf":{"@id":"https:\/\/aureliusjewelry.com\/de\/#website"},"primaryImageOfPage":{"@id":"https:\/\/aureliusjewelry.com\/de\/dreibandiger-kite-salz-und-pfeffer-diamant-ring-set\/#primaryimage"},"image":{"@id":"https:\/\/aureliusjewelry.com\/de\/dreibandiger-kite-salz-und-pfeffer-diamant-ring-set\/#primaryimage"},"thumbnailUrl":"https:\/\/aureliusjewelry.com\/wp-content\/uploads\/3-band-ring-set-kite-salt-and-pepper-diamond.jpg","datePublished":"2022-11-06T11:20:51+00:00","dateModified":"2026-05-02T20:27:27+00:00","breadcrumb":{"@id":"https:\/\/aureliusjewelry.com\/de\/dreibandiger-kite-salz-und-pfeffer-diamant-ring-set\/#breadcrumb"},"inLanguage":"de","potentialAction":[{"@type":"ReadAction","target":["https:\/\/aureliusjewelry.com\/de\/dreibandiger-kite-salz-und-pfeffer-diamant-ring-set\/"]}]},{"@type":"ImageObject","inLanguage":"de","@id":"https:\/\/aureliusjewelry.com\/de\/dreibandiger-kite-salz-und-pfeffer-diamant-ring-set\/#primaryimage","url":"https:\/\/aureliusjewelry.com\/wp-content\/uploads\/3-band-ring-set-kite-salt-and-pepper-diamond.jpg","contentUrl":"https:\/\/aureliusjewelry.com\/wp-content\/uploads\/3-band-ring-set-kite-salt-and-pepper-diamond.jpg","width":1920,"height":1440},{"@type":"BreadcrumbList","@id":"https:\/\/aureliusjewelry.com\/de\/dreibandiger-kite-salz-und-pfeffer-diamant-ring-set\/#breadcrumb","itemListElement":[{"@type":"ListItem","position":1,"name":"Home","item":"https:\/\/aureliusjewelry.com\/de\/"},{"@type":"ListItem","position":2,"name":"Shop","item":"https:\/\/aureliusjewelry.com\/de\/shop\/"},{"@type":"ListItem","position":3,"name":"Dreibandiger Kite Salz-und-Pfeffer-Diamant-Ring-Set"}]},{"@type":"WebSite","@id":"https:\/\/aureliusjewelry.com\/de\/#website","url":"https:\/\/aureliusjewelry.com\/de\/","name":"Aurelius Jewelry","description":"Handmade Fine Gold Jewelry","publisher":{"@id":"https:\/\/aureliusjewelry.com\/de\/#organization"},"potentialAction":[{"@type":"SearchAction","target":{"@type":"EntryPoint","urlTemplate":"https:\/\/aureliusjewelry.com\/de\/?s={search_term_string}"},"query-input":{"@type":"PropertyValueSpecification","valueRequired":true,"valueName":"search_term_string"}}],"inLanguage":"de"},{"@type":"Organization","@id":"https:\/\/aureliusjewelry.com\/de\/#organization","name":"Aurelius Jewelry","url":"https:\/\/aureliusjewelry.com\/de\/","logo":{"@type":"ImageObject","inLanguage":"de","@id":"https:\/\/aureliusjewelry.com\/de\/#\/schema\/logo\/image\/","url":"https:\/\/aureliusjewelry.com\/wp-content\/uploads\/logo.png","contentUrl":"https:\/\/aureliusjewelry.com\/wp-content\/uploads\/logo.png","width":400,"height":64,"caption":"Aurelius Jewelry"},"image":{"@id":"https:\/\/aureliusjewelry.com\/de\/#\/schema\/logo\/image\/"},"sameAs":["https:\/\/www.facebook.com\/AureliusJewelry\/","https:\/\/x.com\/AureliusJewelry","https:\/\/instagram.com\/aureliusjewelry","https:\/\/www.pinterest.com\/AureliusJewelry\/"],"email":"info@aureliusjewelry.com","foundingDate":"2018-10-01","vatID":"SI10391070","hasMerchantReturnPolicy":{"@type":"MerchantReturnPolicy","merchantReturnLink":"https:\/\/aureliusjewelry.com\/our-policies\/terms-conditions\/"}}]},"og_availability":"backorder","product_availability":"available for order","product_retailer_item_id":"31816","product_condition":"new"},"_links":{"self":[{"href":"https:\/\/aureliusjewelry.com\/de\/wp-json\/wp\/v2\/product\/45191","targetHints":{"allow":["GET"]}}],"collection":[{"href":"https:\/\/aureliusjewelry.com\/de\/wp-json\/wp\/v2\/product"}],"about":[{"href":"https:\/\/aureliusjewelry.com\/de\/wp-json\/wp\/v2\/types\/product"}],"replies":[{"embeddable":true,"href":"https:\/\/aureliusjewelry.com\/de\/wp-json\/wp\/v2\/comments?post=45191"}],"wp:featuredmedia":[{"embeddable":true,"href":"https:\/\/aureliusjewelry.com\/de\/wp-json\/wp\/v2\/media\/31827"}],"wp:attachment":[{"href":"https:\/\/aureliusjewelry.com\/de\/wp-json\/wp\/v2\/media?parent=45191"}],"wp:term":[{"taxonomy":"product_brand","embeddable":true,"href":"https:\/\/aureliusjewelry.com\/de\/wp-json\/wp\/v2\/product_brand?post=45191"},{"taxonomy":"product_cat","embeddable":true,"href":"https:\/\/aureliusjewelry.com\/de\/wp-json\/wp\/v2\/product_cat?post=45191"},{"taxonomy":"product_tag","embeddable":true,"href":"https:\/\/aureliusjewelry.com\/de\/wp-json\/wp\/v2\/product_tag?post=45191"}],"curies":[{"name":"wp","href":"https:\/\/api.w.org\/{rel}","templated":true}]}}