{"id":24496,"date":"2021-03-13T12:21:59","date_gmt":"2021-03-13T10:21:59","guid":{"rendered":"http:\/\/127.0.0.1\/product\/vintage-inspirierte-ovale-alexandrit-halskette\/"},"modified":"2026-03-20T22:57:57","modified_gmt":"2026-03-20T20:57:57","slug":"vintage-inspirierte-ovale-alexandrit-halskette","status":"publish","type":"product","link":"https:\/\/aureliusjewelry.com\/de\/vintage-inspirierte-ovale-alexandrit-halskette\/","title":{"rendered":"Vintage-inspirierte ovale Alexandrit-Halskette"},"content":{"rendered":"<p><strong>Stein<\/strong><br \/>\n&#8211; oval lab alexandrite<br \/>\n&#8211; ca. 10x8mm<\/p>\n<p><strong>Kettentyp und Material<\/strong><br \/>\n&#8211; flache, diamantgeschliffene Rollokette<br \/>\n&#8211; erh\u00e4ltlich in 14k Gelb-, Wei\u00df- oder Ros\u00e9gold<br \/>\n&#8211; 14-18 inches, shorter or longer chain available per request<\/p>\n","protected":false},"excerpt":{"rendered":"<p>Diese farbwechselnde Alexandrit-Edelstein-Halskette bietet eine schneidige Darstellung von lila und gr\u00fcnen T\u00f6nen bei unterschiedlichen Lichtverh\u00e4ltnissen. In massivem Gold gefasst, zeigt dieser Anh\u00e4nger einen oval geschliffenen Alexandrit in einer Solit\u00e4rfassung mit Milgrain-Details f\u00fcr einen Vintage-Look. Alexandrit ist der Geburtsstein des Juni, was diese Halskette zu einer perfekten Option f\u00fcr ein Geburtstagsgeschenk im Juni macht. W\u00e4hlen Sie einen anderen Geburtsstein f\u00fcr sich selbst oder Ihre Liebste und erstellen Sie eine personalisierte Geburtsstein-Halskette!<\/p>\n","protected":false},"featured_media":23646,"comment_status":"open","ping_status":"closed","template":"","meta":[],"product_brand":[],"product_cat":[527,529],"product_tag":[1154,1232,728],"class_list":{"0":"post-24496","1":"product","2":"type-product","3":"status-publish","4":"has-post-thumbnail","6":"product_cat-feiner-schmuck","7":"product_cat-halsketten","8":"product_tag-alexandrit-de","9":"product_tag-oval-de","10":"product_tag-production_time_3_5-de","12":"first","13":"onbackorder","14":"sold-individually","15":"taxable","16":"shipping-taxable","17":"purchasable","18":"product-type-variable"},"yoast_head":"<title>Vintage-inspirierte ovale Alexandrit-Halskette - Aurelius Jewelry<\/title>\n<meta name=\"robots\" content=\"index, follow, max-snippet:-1, max-image-preview:large, max-video-preview:-1\" \/>\n<link rel=\"canonical\" href=\"https:\/\/aureliusjewelry.com\/de\/vintage-inspirierte-ovale-alexandrit-halskette\/\" \/>\n<meta property=\"og:locale\" content=\"de_DE\" \/>\n<meta property=\"og:type\" content=\"article\" \/>\n<meta property=\"og:title\" content=\"Vintage-inspirierte ovale Alexandrit-Halskette - Aurelius Jewelry\" \/>\n<meta property=\"og:description\" content=\"%\" \/>\n<meta property=\"og:url\" content=\"https:\/\/aureliusjewelry.com\/de\/vintage-inspirierte-ovale-alexandrit-halskette\/\" \/>\n<meta property=\"og:site_name\" content=\"Aurelius Jewelry\" \/>\n<meta property=\"article:publisher\" content=\"https:\/\/www.facebook.com\/AureliusJewelry\/\" \/>\n<meta property=\"article:modified_time\" content=\"2026-03-20T20:57:57+00:00\" \/>\n<meta property=\"og:image\" content=\"https:\/\/aureliusjewelry.com\/wp-content\/uploads\/oval-alexandrit-halskette.jpg\" \/>\n\t<meta property=\"og:image:width\" content=\"1920\" \/>\n\t<meta property=\"og:image:height\" content=\"1440\" \/>\n\t<meta property=\"og:image:type\" content=\"image\/jpeg\" \/>\n<meta name=\"twitter:card\" content=\"summary_large_image\" \/>\n<meta name=\"twitter:site\" content=\"@AureliusJewelry\" \/>\n<script type=\"application\/ld+json\" class=\"yoast-schema-graph\">{\"@context\":\"https:\\\/\\\/schema.org\",\"@graph\":[{\"@type\":\"WebPage\",\"@id\":\"https:\\\/\\\/aureliusjewelry.com\\\/de\\\/vintage-inspirierte-ovale-alexandrit-halskette\\\/\",\"url\":\"https:\\\/\\\/aureliusjewelry.com\\\/de\\\/vintage-inspirierte-ovale-alexandrit-halskette\\\/\",\"name\":\"Vintage-inspirierte ovale Alexandrit-Halskette - Aurelius Jewelry\",\"isPartOf\":{\"@id\":\"https:\\\/\\\/aureliusjewelry.com\\\/de\\\/#website\"},\"primaryImageOfPage\":{\"@id\":\"https:\\\/\\\/aureliusjewelry.com\\\/de\\\/vintage-inspirierte-ovale-alexandrit-halskette\\\/#primaryimage\"},\"image\":{\"@id\":\"https:\\\/\\\/aureliusjewelry.com\\\/de\\\/vintage-inspirierte-ovale-alexandrit-halskette\\\/#primaryimage\"},\"thumbnailUrl\":\"https:\\\/\\\/aureliusjewelry.com\\\/wp-content\\\/uploads\\\/oval-alexandrit-halskette.jpg\",\"datePublished\":\"2021-03-13T10:21:59+00:00\",\"dateModified\":\"2026-03-20T20:57:57+00:00\",\"breadcrumb\":{\"@id\":\"https:\\\/\\\/aureliusjewelry.com\\\/de\\\/vintage-inspirierte-ovale-alexandrit-halskette\\\/#breadcrumb\"},\"inLanguage\":\"de\",\"potentialAction\":[{\"@type\":\"ReadAction\",\"target\":[\"https:\\\/\\\/aureliusjewelry.com\\\/de\\\/vintage-inspirierte-ovale-alexandrit-halskette\\\/\"]}]},{\"@type\":\"ImageObject\",\"inLanguage\":\"de\",\"@id\":\"https:\\\/\\\/aureliusjewelry.com\\\/de\\\/vintage-inspirierte-ovale-alexandrit-halskette\\\/#primaryimage\",\"url\":\"https:\\\/\\\/aureliusjewelry.com\\\/wp-content\\\/uploads\\\/oval-alexandrit-halskette.jpg\",\"contentUrl\":\"https:\\\/\\\/aureliusjewelry.com\\\/wp-content\\\/uploads\\\/oval-alexandrit-halskette.jpg\",\"width\":1920,\"height\":1440,\"caption\":\"oval Alexandrit Halskette\"},{\"@type\":\"BreadcrumbList\",\"@id\":\"https:\\\/\\\/aureliusjewelry.com\\\/de\\\/vintage-inspirierte-ovale-alexandrit-halskette\\\/#breadcrumb\",\"itemListElement\":[{\"@type\":\"ListItem\",\"position\":1,\"name\":\"Home\",\"item\":\"https:\\\/\\\/aureliusjewelry.com\\\/de\\\/\"},{\"@type\":\"ListItem\",\"position\":2,\"name\":\"Shop\",\"item\":\"https:\\\/\\\/aureliusjewelry.com\\\/de\\\/shop\\\/\"},{\"@type\":\"ListItem\",\"position\":3,\"name\":\"Vintage-inspirierte ovale Alexandrit-Halskette\"}]},{\"@type\":\"WebSite\",\"@id\":\"https:\\\/\\\/aureliusjewelry.com\\\/de\\\/#website\",\"url\":\"https:\\\/\\\/aureliusjewelry.com\\\/de\\\/\",\"name\":\"Aurelius Jewelry\",\"description\":\"Handmade Fine Gold Jewelry\",\"publisher\":{\"@id\":\"https:\\\/\\\/aureliusjewelry.com\\\/de\\\/#organization\"},\"potentialAction\":[{\"@type\":\"SearchAction\",\"target\":{\"@type\":\"EntryPoint\",\"urlTemplate\":\"https:\\\/\\\/aureliusjewelry.com\\\/de\\\/?s={search_term_string}\"},\"query-input\":{\"@type\":\"PropertyValueSpecification\",\"valueRequired\":true,\"valueName\":\"search_term_string\"}}],\"inLanguage\":\"de\"},{\"@type\":\"Organization\",\"@id\":\"https:\\\/\\\/aureliusjewelry.com\\\/de\\\/#organization\",\"name\":\"Aurelius Jewelry\",\"url\":\"https:\\\/\\\/aureliusjewelry.com\\\/de\\\/\",\"logo\":{\"@type\":\"ImageObject\",\"inLanguage\":\"de\",\"@id\":\"https:\\\/\\\/aureliusjewelry.com\\\/de\\\/#\\\/schema\\\/logo\\\/image\\\/\",\"url\":\"https:\\\/\\\/aureliusjewelry.com\\\/wp-content\\\/uploads\\\/logo.png\",\"contentUrl\":\"https:\\\/\\\/aureliusjewelry.com\\\/wp-content\\\/uploads\\\/logo.png\",\"width\":400,\"height\":64,\"caption\":\"Aurelius Jewelry\"},\"image\":{\"@id\":\"https:\\\/\\\/aureliusjewelry.com\\\/de\\\/#\\\/schema\\\/logo\\\/image\\\/\"},\"sameAs\":[\"https:\\\/\\\/www.facebook.com\\\/AureliusJewelry\\\/\",\"https:\\\/\\\/x.com\\\/AureliusJewelry\",\"https:\\\/\\\/instagram.com\\\/aureliusjewelry\",\"https:\\\/\\\/www.pinterest.com\\\/AureliusJewelry\\\/\"],\"email\":\"info@aureliusjewelry.com\",\"foundingDate\":\"2018-10-01\",\"vatID\":\"SI10391070\",\"hasMerchantReturnPolicy\":{\"@type\":\"MerchantReturnPolicy\",\"merchantReturnLink\":\"https:\\\/\\\/aureliusjewelry.com\\\/our-policies\\\/terms-conditions\\\/\"}}]}<\/script>\n<meta property=\"og:availability\" content=\"backorder\" \/>\n<meta property=\"product:availability\" content=\"available for order\" \/>\n<meta property=\"product:retailer_item_id\" content=\"23640\" \/>\n<meta property=\"product:condition\" content=\"new\" \/>","yoast_head_json":{"title":"Vintage-inspirierte ovale Alexandrit-Halskette - Aurelius Jewelry","robots":{"index":"index","follow":"follow","max-snippet":"max-snippet:-1","max-image-preview":"max-image-preview:large","max-video-preview":"max-video-preview:-1"},"canonical":"https:\/\/aureliusjewelry.com\/de\/vintage-inspirierte-ovale-alexandrit-halskette\/","og_locale":"de_DE","og_type":"article","og_title":"Vintage-inspirierte ovale Alexandrit-Halskette - Aurelius Jewelry","og_description":"%","og_url":"https:\/\/aureliusjewelry.com\/de\/vintage-inspirierte-ovale-alexandrit-halskette\/","og_site_name":"Aurelius Jewelry","article_publisher":"https:\/\/www.facebook.com\/AureliusJewelry\/","article_modified_time":"2026-03-20T20:57:57+00:00","og_image":[{"width":1920,"height":1440,"url":"https:\/\/aureliusjewelry.com\/wp-content\/uploads\/oval-alexandrit-halskette.jpg","type":"image\/jpeg"}],"twitter_card":"summary_large_image","twitter_site":"@AureliusJewelry","schema":{"@context":"https:\/\/schema.org","@graph":[{"@type":"WebPage","@id":"https:\/\/aureliusjewelry.com\/de\/vintage-inspirierte-ovale-alexandrit-halskette\/","url":"https:\/\/aureliusjewelry.com\/de\/vintage-inspirierte-ovale-alexandrit-halskette\/","name":"Vintage-inspirierte ovale Alexandrit-Halskette - Aurelius Jewelry","isPartOf":{"@id":"https:\/\/aureliusjewelry.com\/de\/#website"},"primaryImageOfPage":{"@id":"https:\/\/aureliusjewelry.com\/de\/vintage-inspirierte-ovale-alexandrit-halskette\/#primaryimage"},"image":{"@id":"https:\/\/aureliusjewelry.com\/de\/vintage-inspirierte-ovale-alexandrit-halskette\/#primaryimage"},"thumbnailUrl":"https:\/\/aureliusjewelry.com\/wp-content\/uploads\/oval-alexandrit-halskette.jpg","datePublished":"2021-03-13T10:21:59+00:00","dateModified":"2026-03-20T20:57:57+00:00","breadcrumb":{"@id":"https:\/\/aureliusjewelry.com\/de\/vintage-inspirierte-ovale-alexandrit-halskette\/#breadcrumb"},"inLanguage":"de","potentialAction":[{"@type":"ReadAction","target":["https:\/\/aureliusjewelry.com\/de\/vintage-inspirierte-ovale-alexandrit-halskette\/"]}]},{"@type":"ImageObject","inLanguage":"de","@id":"https:\/\/aureliusjewelry.com\/de\/vintage-inspirierte-ovale-alexandrit-halskette\/#primaryimage","url":"https:\/\/aureliusjewelry.com\/wp-content\/uploads\/oval-alexandrit-halskette.jpg","contentUrl":"https:\/\/aureliusjewelry.com\/wp-content\/uploads\/oval-alexandrit-halskette.jpg","width":1920,"height":1440,"caption":"oval Alexandrit Halskette"},{"@type":"BreadcrumbList","@id":"https:\/\/aureliusjewelry.com\/de\/vintage-inspirierte-ovale-alexandrit-halskette\/#breadcrumb","itemListElement":[{"@type":"ListItem","position":1,"name":"Home","item":"https:\/\/aureliusjewelry.com\/de\/"},{"@type":"ListItem","position":2,"name":"Shop","item":"https:\/\/aureliusjewelry.com\/de\/shop\/"},{"@type":"ListItem","position":3,"name":"Vintage-inspirierte ovale Alexandrit-Halskette"}]},{"@type":"WebSite","@id":"https:\/\/aureliusjewelry.com\/de\/#website","url":"https:\/\/aureliusjewelry.com\/de\/","name":"Aurelius Jewelry","description":"Handmade Fine Gold Jewelry","publisher":{"@id":"https:\/\/aureliusjewelry.com\/de\/#organization"},"potentialAction":[{"@type":"SearchAction","target":{"@type":"EntryPoint","urlTemplate":"https:\/\/aureliusjewelry.com\/de\/?s={search_term_string}"},"query-input":{"@type":"PropertyValueSpecification","valueRequired":true,"valueName":"search_term_string"}}],"inLanguage":"de"},{"@type":"Organization","@id":"https:\/\/aureliusjewelry.com\/de\/#organization","name":"Aurelius Jewelry","url":"https:\/\/aureliusjewelry.com\/de\/","logo":{"@type":"ImageObject","inLanguage":"de","@id":"https:\/\/aureliusjewelry.com\/de\/#\/schema\/logo\/image\/","url":"https:\/\/aureliusjewelry.com\/wp-content\/uploads\/logo.png","contentUrl":"https:\/\/aureliusjewelry.com\/wp-content\/uploads\/logo.png","width":400,"height":64,"caption":"Aurelius Jewelry"},"image":{"@id":"https:\/\/aureliusjewelry.com\/de\/#\/schema\/logo\/image\/"},"sameAs":["https:\/\/www.facebook.com\/AureliusJewelry\/","https:\/\/x.com\/AureliusJewelry","https:\/\/instagram.com\/aureliusjewelry","https:\/\/www.pinterest.com\/AureliusJewelry\/"],"email":"info@aureliusjewelry.com","foundingDate":"2018-10-01","vatID":"SI10391070","hasMerchantReturnPolicy":{"@type":"MerchantReturnPolicy","merchantReturnLink":"https:\/\/aureliusjewelry.com\/our-policies\/terms-conditions\/"}}]},"og_availability":"backorder","product_availability":"available for order","product_retailer_item_id":"23640","product_condition":"new"},"_links":{"self":[{"href":"https:\/\/aureliusjewelry.com\/de\/wp-json\/wp\/v2\/product\/24496","targetHints":{"allow":["GET"]}}],"collection":[{"href":"https:\/\/aureliusjewelry.com\/de\/wp-json\/wp\/v2\/product"}],"about":[{"href":"https:\/\/aureliusjewelry.com\/de\/wp-json\/wp\/v2\/types\/product"}],"replies":[{"embeddable":true,"href":"https:\/\/aureliusjewelry.com\/de\/wp-json\/wp\/v2\/comments?post=24496"}],"wp:featuredmedia":[{"embeddable":true,"href":"https:\/\/aureliusjewelry.com\/de\/wp-json\/wp\/v2\/media\/23646"}],"wp:attachment":[{"href":"https:\/\/aureliusjewelry.com\/de\/wp-json\/wp\/v2\/media?parent=24496"}],"wp:term":[{"taxonomy":"product_brand","embeddable":true,"href":"https:\/\/aureliusjewelry.com\/de\/wp-json\/wp\/v2\/product_brand?post=24496"},{"taxonomy":"product_cat","embeddable":true,"href":"https:\/\/aureliusjewelry.com\/de\/wp-json\/wp\/v2\/product_cat?post=24496"},{"taxonomy":"product_tag","embeddable":true,"href":"https:\/\/aureliusjewelry.com\/de\/wp-json\/wp\/v2\/product_tag?post=24496"}],"curies":[{"name":"wp","href":"https:\/\/api.w.org\/{rel}","templated":true}]}}