{"id":24373,"date":"2021-03-12T13:30:25","date_gmt":"2021-03-12T11:30:25","guid":{"rendered":"http:\/\/127.0.0.1\/product\/kreis-ehering-fur-tiny-finger-tattoos\/"},"modified":"2026-03-23T19:57:22","modified_gmt":"2026-03-23T17:57:22","slug":"kreis-ehering-fur-tiny-finger-tattoos","status":"publish","type":"product","link":"https:\/\/aureliusjewelry.com\/de\/kreis-ehering-fur-tiny-finger-tattoos\/","title":{"rendered":"Kreis Ehering f\u00fcr Tiny Finger Tattoos"},"content":{"rendered":"<p><strong>Ringma\u00dfe und Material<\/strong><br \/>\n&#8211; oval: approx. 14x10mm<br \/>\n&#8211; ca. 1,5mm breit, 1,6mm dick<br \/>\n&#8211; erh\u00e4ltlich in 14K\/18K Gelb-, Wei\u00df- oder Ros\u00e9gold und Platin<br \/>\n&#8211; US-Ringgr\u00f6\u00dfe 3-9, kleinere oder gr\u00f6\u00dfere Gr\u00f6\u00dfen auf Anfrage erh\u00e4ltlich<\/p>\n","protected":false},"excerpt":{"rendered":"<p>Haben Sie ein Fingertattoo, das Sie nicht mit einem klassischen Ehering verdecken wollen? Dann ist dieser minimalistische Kreisring genau die richtige Wahl f\u00fcr Sie, um ihn als Symbol der Verbundenheit zu tragen. Die Hauptform kann auch angepasst werden, um besser zu Ihrem Tattoo zu passen. Um das zu arrangieren, kontaktieren Sie uns bitte mit Ihrem Anpassungswunsch.<\/p>\n","protected":false},"featured_media":22945,"comment_status":"open","ping_status":"closed","template":"","meta":[],"product_brand":[],"product_cat":[516,520,1525,536],"product_tag":[1223],"class_list":{"0":"post-24373","1":"product","2":"type-product","3":"status-publish","4":"has-post-thumbnail","6":"product_cat-eheringe","7":"product_cat-eheringe-fur-frauen","8":"product_cat-einfache-eheringe","9":"product_cat-ringe","10":"product_tag-ohne-stein","12":"first","13":"instock","14":"sold-individually","15":"taxable","16":"shipping-taxable","17":"purchasable","18":"product-type-variable"},"yoast_head":"<title>Kreis Ehering f\u00fcr Tiny Finger Tattoos - Aurelius Jewelry<\/title>\n<meta name=\"robots\" content=\"index, follow, max-snippet:-1, max-image-preview:large, max-video-preview:-1\" \/>\n<link rel=\"canonical\" href=\"https:\/\/aureliusjewelry.com\/de\/kreis-ehering-fur-tiny-finger-tattoos\/\" \/>\n<meta property=\"og:locale\" content=\"de_DE\" \/>\n<meta property=\"og:type\" content=\"article\" \/>\n<meta property=\"og:title\" content=\"Kreis Ehering f\u00fcr Tiny Finger Tattoos - Aurelius Jewelry\" \/>\n<meta property=\"og:description\" content=\"%\" \/>\n<meta property=\"og:url\" content=\"https:\/\/aureliusjewelry.com\/de\/kreis-ehering-fur-tiny-finger-tattoos\/\" \/>\n<meta property=\"og:site_name\" content=\"Aurelius Jewelry\" \/>\n<meta property=\"article:publisher\" content=\"https:\/\/www.facebook.com\/AureliusJewelry\/\" \/>\n<meta property=\"article:modified_time\" content=\"2026-03-23T17:57:22+00:00\" \/>\n<meta property=\"og:image\" content=\"https:\/\/aureliusjewelry.com\/wp-content\/uploads\/offnen-kreis-hochzeitsring.jpg\" \/>\n\t<meta property=\"og:image:width\" content=\"1920\" \/>\n\t<meta property=\"og:image:height\" content=\"1440\" \/>\n\t<meta property=\"og:image:type\" content=\"image\/jpeg\" \/>\n<meta name=\"twitter:card\" content=\"summary_large_image\" \/>\n<meta name=\"twitter:site\" content=\"@AureliusJewelry\" \/>\n<script type=\"application\/ld+json\" class=\"yoast-schema-graph\">{\"@context\":\"https:\\\/\\\/schema.org\",\"@graph\":[{\"@type\":\"WebPage\",\"@id\":\"https:\\\/\\\/aureliusjewelry.com\\\/de\\\/kreis-ehering-fur-tiny-finger-tattoos\\\/\",\"url\":\"https:\\\/\\\/aureliusjewelry.com\\\/de\\\/kreis-ehering-fur-tiny-finger-tattoos\\\/\",\"name\":\"Kreis Ehering f\u00fcr Tiny Finger Tattoos - Aurelius Jewelry\",\"isPartOf\":{\"@id\":\"https:\\\/\\\/aureliusjewelry.com\\\/de\\\/#website\"},\"primaryImageOfPage\":{\"@id\":\"https:\\\/\\\/aureliusjewelry.com\\\/de\\\/kreis-ehering-fur-tiny-finger-tattoos\\\/#primaryimage\"},\"image\":{\"@id\":\"https:\\\/\\\/aureliusjewelry.com\\\/de\\\/kreis-ehering-fur-tiny-finger-tattoos\\\/#primaryimage\"},\"thumbnailUrl\":\"https:\\\/\\\/aureliusjewelry.com\\\/wp-content\\\/uploads\\\/offnen-kreis-hochzeitsring.jpg\",\"datePublished\":\"2021-03-12T11:30:25+00:00\",\"dateModified\":\"2026-03-23T17:57:22+00:00\",\"breadcrumb\":{\"@id\":\"https:\\\/\\\/aureliusjewelry.com\\\/de\\\/kreis-ehering-fur-tiny-finger-tattoos\\\/#breadcrumb\"},\"inLanguage\":\"de\",\"potentialAction\":[{\"@type\":\"ReadAction\",\"target\":[\"https:\\\/\\\/aureliusjewelry.com\\\/de\\\/kreis-ehering-fur-tiny-finger-tattoos\\\/\"]}]},{\"@type\":\"ImageObject\",\"inLanguage\":\"de\",\"@id\":\"https:\\\/\\\/aureliusjewelry.com\\\/de\\\/kreis-ehering-fur-tiny-finger-tattoos\\\/#primaryimage\",\"url\":\"https:\\\/\\\/aureliusjewelry.com\\\/wp-content\\\/uploads\\\/offnen-kreis-hochzeitsring.jpg\",\"contentUrl\":\"https:\\\/\\\/aureliusjewelry.com\\\/wp-content\\\/uploads\\\/offnen-kreis-hochzeitsring.jpg\",\"width\":1920,\"height\":1440,\"caption\":\"\u00f6ffnen Kreis Hochzeitsring\"},{\"@type\":\"BreadcrumbList\",\"@id\":\"https:\\\/\\\/aureliusjewelry.com\\\/de\\\/kreis-ehering-fur-tiny-finger-tattoos\\\/#breadcrumb\",\"itemListElement\":[{\"@type\":\"ListItem\",\"position\":1,\"name\":\"Home\",\"item\":\"https:\\\/\\\/aureliusjewelry.com\\\/de\\\/\"},{\"@type\":\"ListItem\",\"position\":2,\"name\":\"Shop\",\"item\":\"https:\\\/\\\/aureliusjewelry.com\\\/de\\\/shop\\\/\"},{\"@type\":\"ListItem\",\"position\":3,\"name\":\"Kreis Ehering f\u00fcr Tiny Finger Tattoos\"}]},{\"@type\":\"WebSite\",\"@id\":\"https:\\\/\\\/aureliusjewelry.com\\\/de\\\/#website\",\"url\":\"https:\\\/\\\/aureliusjewelry.com\\\/de\\\/\",\"name\":\"Aurelius Jewelry\",\"description\":\"Handmade Fine Gold Jewelry\",\"publisher\":{\"@id\":\"https:\\\/\\\/aureliusjewelry.com\\\/de\\\/#organization\"},\"potentialAction\":[{\"@type\":\"SearchAction\",\"target\":{\"@type\":\"EntryPoint\",\"urlTemplate\":\"https:\\\/\\\/aureliusjewelry.com\\\/de\\\/?s={search_term_string}\"},\"query-input\":{\"@type\":\"PropertyValueSpecification\",\"valueRequired\":true,\"valueName\":\"search_term_string\"}}],\"inLanguage\":\"de\"},{\"@type\":\"Organization\",\"@id\":\"https:\\\/\\\/aureliusjewelry.com\\\/de\\\/#organization\",\"name\":\"Aurelius Jewelry\",\"url\":\"https:\\\/\\\/aureliusjewelry.com\\\/de\\\/\",\"logo\":{\"@type\":\"ImageObject\",\"inLanguage\":\"de\",\"@id\":\"https:\\\/\\\/aureliusjewelry.com\\\/de\\\/#\\\/schema\\\/logo\\\/image\\\/\",\"url\":\"https:\\\/\\\/aureliusjewelry.com\\\/wp-content\\\/uploads\\\/logo.png\",\"contentUrl\":\"https:\\\/\\\/aureliusjewelry.com\\\/wp-content\\\/uploads\\\/logo.png\",\"width\":400,\"height\":64,\"caption\":\"Aurelius Jewelry\"},\"image\":{\"@id\":\"https:\\\/\\\/aureliusjewelry.com\\\/de\\\/#\\\/schema\\\/logo\\\/image\\\/\"},\"sameAs\":[\"https:\\\/\\\/www.facebook.com\\\/AureliusJewelry\\\/\",\"https:\\\/\\\/x.com\\\/AureliusJewelry\",\"https:\\\/\\\/instagram.com\\\/aureliusjewelry\",\"https:\\\/\\\/www.pinterest.com\\\/AureliusJewelry\\\/\"],\"email\":\"info@aureliusjewelry.com\",\"foundingDate\":\"2018-10-01\",\"vatID\":\"SI10391070\",\"hasMerchantReturnPolicy\":{\"@type\":\"MerchantReturnPolicy\",\"merchantReturnLink\":\"https:\\\/\\\/aureliusjewelry.com\\\/our-policies\\\/terms-conditions\\\/\"}}]}<\/script>\n<meta property=\"og:availability\" content=\"instock\" \/>\n<meta property=\"product:availability\" content=\"instock\" \/>\n<meta property=\"product:retailer_item_id\" content=\"22935\" \/>\n<meta property=\"product:condition\" content=\"new\" \/>","yoast_head_json":{"title":"Kreis Ehering f\u00fcr Tiny Finger Tattoos - Aurelius Jewelry","robots":{"index":"index","follow":"follow","max-snippet":"max-snippet:-1","max-image-preview":"max-image-preview:large","max-video-preview":"max-video-preview:-1"},"canonical":"https:\/\/aureliusjewelry.com\/de\/kreis-ehering-fur-tiny-finger-tattoos\/","og_locale":"de_DE","og_type":"article","og_title":"Kreis Ehering f\u00fcr Tiny Finger Tattoos - Aurelius Jewelry","og_description":"%","og_url":"https:\/\/aureliusjewelry.com\/de\/kreis-ehering-fur-tiny-finger-tattoos\/","og_site_name":"Aurelius Jewelry","article_publisher":"https:\/\/www.facebook.com\/AureliusJewelry\/","article_modified_time":"2026-03-23T17:57:22+00:00","og_image":[{"width":1920,"height":1440,"url":"https:\/\/aureliusjewelry.com\/wp-content\/uploads\/offnen-kreis-hochzeitsring.jpg","type":"image\/jpeg"}],"twitter_card":"summary_large_image","twitter_site":"@AureliusJewelry","schema":{"@context":"https:\/\/schema.org","@graph":[{"@type":"WebPage","@id":"https:\/\/aureliusjewelry.com\/de\/kreis-ehering-fur-tiny-finger-tattoos\/","url":"https:\/\/aureliusjewelry.com\/de\/kreis-ehering-fur-tiny-finger-tattoos\/","name":"Kreis Ehering f\u00fcr Tiny Finger Tattoos - Aurelius Jewelry","isPartOf":{"@id":"https:\/\/aureliusjewelry.com\/de\/#website"},"primaryImageOfPage":{"@id":"https:\/\/aureliusjewelry.com\/de\/kreis-ehering-fur-tiny-finger-tattoos\/#primaryimage"},"image":{"@id":"https:\/\/aureliusjewelry.com\/de\/kreis-ehering-fur-tiny-finger-tattoos\/#primaryimage"},"thumbnailUrl":"https:\/\/aureliusjewelry.com\/wp-content\/uploads\/offnen-kreis-hochzeitsring.jpg","datePublished":"2021-03-12T11:30:25+00:00","dateModified":"2026-03-23T17:57:22+00:00","breadcrumb":{"@id":"https:\/\/aureliusjewelry.com\/de\/kreis-ehering-fur-tiny-finger-tattoos\/#breadcrumb"},"inLanguage":"de","potentialAction":[{"@type":"ReadAction","target":["https:\/\/aureliusjewelry.com\/de\/kreis-ehering-fur-tiny-finger-tattoos\/"]}]},{"@type":"ImageObject","inLanguage":"de","@id":"https:\/\/aureliusjewelry.com\/de\/kreis-ehering-fur-tiny-finger-tattoos\/#primaryimage","url":"https:\/\/aureliusjewelry.com\/wp-content\/uploads\/offnen-kreis-hochzeitsring.jpg","contentUrl":"https:\/\/aureliusjewelry.com\/wp-content\/uploads\/offnen-kreis-hochzeitsring.jpg","width":1920,"height":1440,"caption":"\u00f6ffnen Kreis Hochzeitsring"},{"@type":"BreadcrumbList","@id":"https:\/\/aureliusjewelry.com\/de\/kreis-ehering-fur-tiny-finger-tattoos\/#breadcrumb","itemListElement":[{"@type":"ListItem","position":1,"name":"Home","item":"https:\/\/aureliusjewelry.com\/de\/"},{"@type":"ListItem","position":2,"name":"Shop","item":"https:\/\/aureliusjewelry.com\/de\/shop\/"},{"@type":"ListItem","position":3,"name":"Kreis Ehering f\u00fcr Tiny Finger Tattoos"}]},{"@type":"WebSite","@id":"https:\/\/aureliusjewelry.com\/de\/#website","url":"https:\/\/aureliusjewelry.com\/de\/","name":"Aurelius Jewelry","description":"Handmade Fine Gold Jewelry","publisher":{"@id":"https:\/\/aureliusjewelry.com\/de\/#organization"},"potentialAction":[{"@type":"SearchAction","target":{"@type":"EntryPoint","urlTemplate":"https:\/\/aureliusjewelry.com\/de\/?s={search_term_string}"},"query-input":{"@type":"PropertyValueSpecification","valueRequired":true,"valueName":"search_term_string"}}],"inLanguage":"de"},{"@type":"Organization","@id":"https:\/\/aureliusjewelry.com\/de\/#organization","name":"Aurelius Jewelry","url":"https:\/\/aureliusjewelry.com\/de\/","logo":{"@type":"ImageObject","inLanguage":"de","@id":"https:\/\/aureliusjewelry.com\/de\/#\/schema\/logo\/image\/","url":"https:\/\/aureliusjewelry.com\/wp-content\/uploads\/logo.png","contentUrl":"https:\/\/aureliusjewelry.com\/wp-content\/uploads\/logo.png","width":400,"height":64,"caption":"Aurelius Jewelry"},"image":{"@id":"https:\/\/aureliusjewelry.com\/de\/#\/schema\/logo\/image\/"},"sameAs":["https:\/\/www.facebook.com\/AureliusJewelry\/","https:\/\/x.com\/AureliusJewelry","https:\/\/instagram.com\/aureliusjewelry","https:\/\/www.pinterest.com\/AureliusJewelry\/"],"email":"info@aureliusjewelry.com","foundingDate":"2018-10-01","vatID":"SI10391070","hasMerchantReturnPolicy":{"@type":"MerchantReturnPolicy","merchantReturnLink":"https:\/\/aureliusjewelry.com\/our-policies\/terms-conditions\/"}}]},"og_availability":"instock","product_availability":"instock","product_retailer_item_id":"22935","product_condition":"new"},"_links":{"self":[{"href":"https:\/\/aureliusjewelry.com\/de\/wp-json\/wp\/v2\/product\/24373","targetHints":{"allow":["GET"]}}],"collection":[{"href":"https:\/\/aureliusjewelry.com\/de\/wp-json\/wp\/v2\/product"}],"about":[{"href":"https:\/\/aureliusjewelry.com\/de\/wp-json\/wp\/v2\/types\/product"}],"replies":[{"embeddable":true,"href":"https:\/\/aureliusjewelry.com\/de\/wp-json\/wp\/v2\/comments?post=24373"}],"wp:featuredmedia":[{"embeddable":true,"href":"https:\/\/aureliusjewelry.com\/de\/wp-json\/wp\/v2\/media\/22945"}],"wp:attachment":[{"href":"https:\/\/aureliusjewelry.com\/de\/wp-json\/wp\/v2\/media?parent=24373"}],"wp:term":[{"taxonomy":"product_brand","embeddable":true,"href":"https:\/\/aureliusjewelry.com\/de\/wp-json\/wp\/v2\/product_brand?post=24373"},{"taxonomy":"product_cat","embeddable":true,"href":"https:\/\/aureliusjewelry.com\/de\/wp-json\/wp\/v2\/product_cat?post=24373"},{"taxonomy":"product_tag","embeddable":true,"href":"https:\/\/aureliusjewelry.com\/de\/wp-json\/wp\/v2\/product_tag?post=24373"}],"curies":[{"name":"wp","href":"https:\/\/api.w.org\/{rel}","templated":true}]}}