{"id":24205,"date":"2021-03-11T22:24:57","date_gmt":"2021-03-11T20:24:57","guid":{"rendered":"http:\/\/127.0.0.1\/product\/marquise-diamant-chevron-hochzeit-band\/"},"modified":"2026-03-23T20:18:20","modified_gmt":"2026-03-23T18:18:20","slug":"marquise-diamant-chevron-hochzeit-band","status":"publish","type":"product","link":"https:\/\/aureliusjewelry.com\/de\/marquise-diamant-chevron-hochzeit-band\/","title":{"rendered":"Marquise Diamant Chevron Hochzeit Band"},"content":{"rendered":"<p><strong>Steine<\/strong><br \/>\n&#8211; Marquise und runder Diamant<br \/>\n&#8211; ca. 3&#215;1.5mm (2), 1.25mm, 1mm (2)<br \/>\n&#8211; F\/G-Farbe, VS-Klarheit, konfliktfrei<\/p>\n<p><strong>Ringma\u00dfe und Material<\/strong><br \/>\n&#8211; ca. 1.5mm breit, 1.6mm dick<br \/>\n&#8211; erh\u00e4ltlich in 14K\/18K Gelb-, Wei\u00df- oder Ros\u00e9gold und Platin<br \/>\n&#8211; US-Ringgr\u00f6\u00dfe 3-9, kleinere oder gr\u00f6\u00dfere Gr\u00f6\u00dfen auf Anfrage erh\u00e4ltlich<\/p>\n","protected":false},"excerpt":{"rendered":"<p>Immer mehr Br\u00e4ute entscheiden sich, ihren Verlobungsring mit einem gestapelten Ehering zu kombinieren, um ein modernes Brautringset mit einem sch\u00f6nen, geschichteten Look zu kreieren. Eine beliebte Wahl f\u00fcr unsere Kunden ist dieser V-f\u00f6rmige Marquise-Diamant-Ehering, der genau die richtige Menge an Funkeln hat. Das Band kann auch so angepasst werden, dass es zu einem Ihrer Ringe passt. Um das zu arrangieren, kontaktieren Sie uns bitte mit Ihrem Anpassungswunsch.<\/p>\n","protected":false},"featured_media":22214,"comment_status":"open","ping_status":"closed","template":"","meta":[],"product_brand":[],"product_cat":[1490,516,520,1493,536,481,1529],"product_tag":[1172,728,633,1069],"class_list":{"0":"post-24205","1":"product","2":"type-product","3":"status-publish","4":"has-post-thumbnail","6":"product_cat-chevron-ehering","7":"product_cat-eheringe","8":"product_cat-eheringe-fur-frauen","9":"product_cat-kronen-ehering","10":"product_cat-ringe","11":"product_cat-stapelbar","12":"product_cat-stapelbarer-ehering","13":"product_tag-diamant-de","14":"product_tag-production_time_3_5-de","15":"product_tag-ringe-tag","16":"product_tag-ringe-de","18":"first","19":"onbackorder","20":"sold-individually","21":"taxable","22":"shipping-taxable","23":"purchasable","24":"product-type-variable"},"yoast_head":"<title>Marquise Diamant Chevron Hochzeit Band - Aurelius Jewelry<\/title>\n<meta name=\"robots\" content=\"index, follow, max-snippet:-1, max-image-preview:large, max-video-preview:-1\" \/>\n<link rel=\"canonical\" href=\"https:\/\/aureliusjewelry.com\/de\/marquise-diamant-chevron-hochzeit-band\/\" \/>\n<meta property=\"og:locale\" content=\"de_DE\" \/>\n<meta property=\"og:type\" content=\"article\" \/>\n<meta property=\"og:title\" content=\"Marquise Diamant Chevron Hochzeit Band - Aurelius Jewelry\" \/>\n<meta property=\"og:description\" content=\"%\" \/>\n<meta property=\"og:url\" content=\"https:\/\/aureliusjewelry.com\/de\/marquise-diamant-chevron-hochzeit-band\/\" \/>\n<meta property=\"og:site_name\" content=\"Aurelius Jewelry\" \/>\n<meta property=\"article:publisher\" content=\"https:\/\/www.facebook.com\/AureliusJewelry\/\" \/>\n<meta property=\"article:modified_time\" content=\"2026-03-23T18:18:20+00:00\" \/>\n<meta property=\"og:image\" content=\"https:\/\/aureliusjewelry.com\/wp-content\/uploads\/marquise-diamant-chevron-eheringband.jpg\" \/>\n\t<meta property=\"og:image:width\" content=\"1920\" \/>\n\t<meta property=\"og:image:height\" content=\"1440\" \/>\n\t<meta property=\"og:image:type\" content=\"image\/jpeg\" \/>\n<meta name=\"twitter:card\" content=\"summary_large_image\" \/>\n<meta name=\"twitter:site\" content=\"@AureliusJewelry\" \/>\n<script type=\"application\/ld+json\" class=\"yoast-schema-graph\">{\"@context\":\"https:\\\/\\\/schema.org\",\"@graph\":[{\"@type\":\"WebPage\",\"@id\":\"https:\\\/\\\/aureliusjewelry.com\\\/de\\\/marquise-diamant-chevron-hochzeit-band\\\/\",\"url\":\"https:\\\/\\\/aureliusjewelry.com\\\/de\\\/marquise-diamant-chevron-hochzeit-band\\\/\",\"name\":\"Marquise Diamant Chevron Hochzeit Band - Aurelius Jewelry\",\"isPartOf\":{\"@id\":\"https:\\\/\\\/aureliusjewelry.com\\\/de\\\/#website\"},\"primaryImageOfPage\":{\"@id\":\"https:\\\/\\\/aureliusjewelry.com\\\/de\\\/marquise-diamant-chevron-hochzeit-band\\\/#primaryimage\"},\"image\":{\"@id\":\"https:\\\/\\\/aureliusjewelry.com\\\/de\\\/marquise-diamant-chevron-hochzeit-band\\\/#primaryimage\"},\"thumbnailUrl\":\"https:\\\/\\\/aureliusjewelry.com\\\/wp-content\\\/uploads\\\/marquise-diamant-chevron-eheringband.jpg\",\"datePublished\":\"2021-03-11T20:24:57+00:00\",\"dateModified\":\"2026-03-23T18:18:20+00:00\",\"breadcrumb\":{\"@id\":\"https:\\\/\\\/aureliusjewelry.com\\\/de\\\/marquise-diamant-chevron-hochzeit-band\\\/#breadcrumb\"},\"inLanguage\":\"de\",\"potentialAction\":[{\"@type\":\"ReadAction\",\"target\":[\"https:\\\/\\\/aureliusjewelry.com\\\/de\\\/marquise-diamant-chevron-hochzeit-band\\\/\"]}]},{\"@type\":\"ImageObject\",\"inLanguage\":\"de\",\"@id\":\"https:\\\/\\\/aureliusjewelry.com\\\/de\\\/marquise-diamant-chevron-hochzeit-band\\\/#primaryimage\",\"url\":\"https:\\\/\\\/aureliusjewelry.com\\\/wp-content\\\/uploads\\\/marquise-diamant-chevron-eheringband.jpg\",\"contentUrl\":\"https:\\\/\\\/aureliusjewelry.com\\\/wp-content\\\/uploads\\\/marquise-diamant-chevron-eheringband.jpg\",\"width\":1920,\"height\":1440,\"caption\":\"marquise Diamant Chevron Eheringband\"},{\"@type\":\"BreadcrumbList\",\"@id\":\"https:\\\/\\\/aureliusjewelry.com\\\/de\\\/marquise-diamant-chevron-hochzeit-band\\\/#breadcrumb\",\"itemListElement\":[{\"@type\":\"ListItem\",\"position\":1,\"name\":\"Home\",\"item\":\"https:\\\/\\\/aureliusjewelry.com\\\/de\\\/\"},{\"@type\":\"ListItem\",\"position\":2,\"name\":\"Shop\",\"item\":\"https:\\\/\\\/aureliusjewelry.com\\\/de\\\/shop\\\/\"},{\"@type\":\"ListItem\",\"position\":3,\"name\":\"Marquise Diamant Chevron Hochzeit Band\"}]},{\"@type\":\"WebSite\",\"@id\":\"https:\\\/\\\/aureliusjewelry.com\\\/de\\\/#website\",\"url\":\"https:\\\/\\\/aureliusjewelry.com\\\/de\\\/\",\"name\":\"Aurelius Jewelry\",\"description\":\"Handmade Fine Gold Jewelry\",\"publisher\":{\"@id\":\"https:\\\/\\\/aureliusjewelry.com\\\/de\\\/#organization\"},\"potentialAction\":[{\"@type\":\"SearchAction\",\"target\":{\"@type\":\"EntryPoint\",\"urlTemplate\":\"https:\\\/\\\/aureliusjewelry.com\\\/de\\\/?s={search_term_string}\"},\"query-input\":{\"@type\":\"PropertyValueSpecification\",\"valueRequired\":true,\"valueName\":\"search_term_string\"}}],\"inLanguage\":\"de\"},{\"@type\":\"Organization\",\"@id\":\"https:\\\/\\\/aureliusjewelry.com\\\/de\\\/#organization\",\"name\":\"Aurelius Jewelry\",\"url\":\"https:\\\/\\\/aureliusjewelry.com\\\/de\\\/\",\"logo\":{\"@type\":\"ImageObject\",\"inLanguage\":\"de\",\"@id\":\"https:\\\/\\\/aureliusjewelry.com\\\/de\\\/#\\\/schema\\\/logo\\\/image\\\/\",\"url\":\"https:\\\/\\\/aureliusjewelry.com\\\/wp-content\\\/uploads\\\/logo.png\",\"contentUrl\":\"https:\\\/\\\/aureliusjewelry.com\\\/wp-content\\\/uploads\\\/logo.png\",\"width\":400,\"height\":64,\"caption\":\"Aurelius Jewelry\"},\"image\":{\"@id\":\"https:\\\/\\\/aureliusjewelry.com\\\/de\\\/#\\\/schema\\\/logo\\\/image\\\/\"},\"sameAs\":[\"https:\\\/\\\/www.facebook.com\\\/AureliusJewelry\\\/\",\"https:\\\/\\\/x.com\\\/AureliusJewelry\",\"https:\\\/\\\/instagram.com\\\/aureliusjewelry\",\"https:\\\/\\\/www.pinterest.com\\\/AureliusJewelry\\\/\"],\"email\":\"info@aureliusjewelry.com\",\"foundingDate\":\"2018-10-01\",\"vatID\":\"SI10391070\",\"hasMerchantReturnPolicy\":{\"@type\":\"MerchantReturnPolicy\",\"merchantReturnLink\":\"https:\\\/\\\/aureliusjewelry.com\\\/our-policies\\\/terms-conditions\\\/\"}}]}<\/script>\n<meta property=\"og:availability\" content=\"backorder\" \/>\n<meta property=\"product:availability\" content=\"available for order\" \/>\n<meta property=\"product:retailer_item_id\" content=\"22204\" \/>\n<meta property=\"product:condition\" content=\"new\" \/>","yoast_head_json":{"title":"Marquise Diamant Chevron Hochzeit Band - Aurelius Jewelry","robots":{"index":"index","follow":"follow","max-snippet":"max-snippet:-1","max-image-preview":"max-image-preview:large","max-video-preview":"max-video-preview:-1"},"canonical":"https:\/\/aureliusjewelry.com\/de\/marquise-diamant-chevron-hochzeit-band\/","og_locale":"de_DE","og_type":"article","og_title":"Marquise Diamant Chevron Hochzeit Band - Aurelius Jewelry","og_description":"%","og_url":"https:\/\/aureliusjewelry.com\/de\/marquise-diamant-chevron-hochzeit-band\/","og_site_name":"Aurelius Jewelry","article_publisher":"https:\/\/www.facebook.com\/AureliusJewelry\/","article_modified_time":"2026-03-23T18:18:20+00:00","og_image":[{"width":1920,"height":1440,"url":"https:\/\/aureliusjewelry.com\/wp-content\/uploads\/marquise-diamant-chevron-eheringband.jpg","type":"image\/jpeg"}],"twitter_card":"summary_large_image","twitter_site":"@AureliusJewelry","schema":{"@context":"https:\/\/schema.org","@graph":[{"@type":"WebPage","@id":"https:\/\/aureliusjewelry.com\/de\/marquise-diamant-chevron-hochzeit-band\/","url":"https:\/\/aureliusjewelry.com\/de\/marquise-diamant-chevron-hochzeit-band\/","name":"Marquise Diamant Chevron Hochzeit Band - Aurelius Jewelry","isPartOf":{"@id":"https:\/\/aureliusjewelry.com\/de\/#website"},"primaryImageOfPage":{"@id":"https:\/\/aureliusjewelry.com\/de\/marquise-diamant-chevron-hochzeit-band\/#primaryimage"},"image":{"@id":"https:\/\/aureliusjewelry.com\/de\/marquise-diamant-chevron-hochzeit-band\/#primaryimage"},"thumbnailUrl":"https:\/\/aureliusjewelry.com\/wp-content\/uploads\/marquise-diamant-chevron-eheringband.jpg","datePublished":"2021-03-11T20:24:57+00:00","dateModified":"2026-03-23T18:18:20+00:00","breadcrumb":{"@id":"https:\/\/aureliusjewelry.com\/de\/marquise-diamant-chevron-hochzeit-band\/#breadcrumb"},"inLanguage":"de","potentialAction":[{"@type":"ReadAction","target":["https:\/\/aureliusjewelry.com\/de\/marquise-diamant-chevron-hochzeit-band\/"]}]},{"@type":"ImageObject","inLanguage":"de","@id":"https:\/\/aureliusjewelry.com\/de\/marquise-diamant-chevron-hochzeit-band\/#primaryimage","url":"https:\/\/aureliusjewelry.com\/wp-content\/uploads\/marquise-diamant-chevron-eheringband.jpg","contentUrl":"https:\/\/aureliusjewelry.com\/wp-content\/uploads\/marquise-diamant-chevron-eheringband.jpg","width":1920,"height":1440,"caption":"marquise Diamant Chevron Eheringband"},{"@type":"BreadcrumbList","@id":"https:\/\/aureliusjewelry.com\/de\/marquise-diamant-chevron-hochzeit-band\/#breadcrumb","itemListElement":[{"@type":"ListItem","position":1,"name":"Home","item":"https:\/\/aureliusjewelry.com\/de\/"},{"@type":"ListItem","position":2,"name":"Shop","item":"https:\/\/aureliusjewelry.com\/de\/shop\/"},{"@type":"ListItem","position":3,"name":"Marquise Diamant Chevron Hochzeit Band"}]},{"@type":"WebSite","@id":"https:\/\/aureliusjewelry.com\/de\/#website","url":"https:\/\/aureliusjewelry.com\/de\/","name":"Aurelius Jewelry","description":"Handmade Fine Gold Jewelry","publisher":{"@id":"https:\/\/aureliusjewelry.com\/de\/#organization"},"potentialAction":[{"@type":"SearchAction","target":{"@type":"EntryPoint","urlTemplate":"https:\/\/aureliusjewelry.com\/de\/?s={search_term_string}"},"query-input":{"@type":"PropertyValueSpecification","valueRequired":true,"valueName":"search_term_string"}}],"inLanguage":"de"},{"@type":"Organization","@id":"https:\/\/aureliusjewelry.com\/de\/#organization","name":"Aurelius Jewelry","url":"https:\/\/aureliusjewelry.com\/de\/","logo":{"@type":"ImageObject","inLanguage":"de","@id":"https:\/\/aureliusjewelry.com\/de\/#\/schema\/logo\/image\/","url":"https:\/\/aureliusjewelry.com\/wp-content\/uploads\/logo.png","contentUrl":"https:\/\/aureliusjewelry.com\/wp-content\/uploads\/logo.png","width":400,"height":64,"caption":"Aurelius Jewelry"},"image":{"@id":"https:\/\/aureliusjewelry.com\/de\/#\/schema\/logo\/image\/"},"sameAs":["https:\/\/www.facebook.com\/AureliusJewelry\/","https:\/\/x.com\/AureliusJewelry","https:\/\/instagram.com\/aureliusjewelry","https:\/\/www.pinterest.com\/AureliusJewelry\/"],"email":"info@aureliusjewelry.com","foundingDate":"2018-10-01","vatID":"SI10391070","hasMerchantReturnPolicy":{"@type":"MerchantReturnPolicy","merchantReturnLink":"https:\/\/aureliusjewelry.com\/our-policies\/terms-conditions\/"}}]},"og_availability":"backorder","product_availability":"available for order","product_retailer_item_id":"22204","product_condition":"new"},"_links":{"self":[{"href":"https:\/\/aureliusjewelry.com\/de\/wp-json\/wp\/v2\/product\/24205","targetHints":{"allow":["GET"]}}],"collection":[{"href":"https:\/\/aureliusjewelry.com\/de\/wp-json\/wp\/v2\/product"}],"about":[{"href":"https:\/\/aureliusjewelry.com\/de\/wp-json\/wp\/v2\/types\/product"}],"replies":[{"embeddable":true,"href":"https:\/\/aureliusjewelry.com\/de\/wp-json\/wp\/v2\/comments?post=24205"}],"wp:featuredmedia":[{"embeddable":true,"href":"https:\/\/aureliusjewelry.com\/de\/wp-json\/wp\/v2\/media\/22214"}],"wp:attachment":[{"href":"https:\/\/aureliusjewelry.com\/de\/wp-json\/wp\/v2\/media?parent=24205"}],"wp:term":[{"taxonomy":"product_brand","embeddable":true,"href":"https:\/\/aureliusjewelry.com\/de\/wp-json\/wp\/v2\/product_brand?post=24205"},{"taxonomy":"product_cat","embeddable":true,"href":"https:\/\/aureliusjewelry.com\/de\/wp-json\/wp\/v2\/product_cat?post=24205"},{"taxonomy":"product_tag","embeddable":true,"href":"https:\/\/aureliusjewelry.com\/de\/wp-json\/wp\/v2\/product_tag?post=24205"}],"curies":[{"name":"wp","href":"https:\/\/api.w.org\/{rel}","templated":true}]}}