{"id":23957,"date":"2021-02-18T22:52:42","date_gmt":"2021-02-18T20:52:42","guid":{"rendered":"http:\/\/127.0.0.1\/product\/hexagon-mondstein-und-diamant-ehering-set\/"},"modified":"2026-04-14T06:52:36","modified_gmt":"2026-04-14T04:52:36","slug":"hexagon-mondstein-und-diamant-ehering-set","status":"publish","type":"product","link":"https:\/\/aureliusjewelry.com\/de\/hexagon-mondstein-und-diamant-ehering-set\/","title":{"rendered":"Hexagon Mondstein und Diamant Ehering Set"},"content":{"rendered":"<p><strong>Hauptstein<\/strong><br \/>\n&#8211; sechseckiger Mondstein<br \/>\n&#8211; ca. 7mm<\/p>\n<p><strong>Seitensteine<\/strong><br \/>\n&#8211; runde Diamanten<br \/>\n&#8211; ca. 1.5mm (2), 1.25mm (2), 1mm (2)<br \/>\n&#8211; F\/G-Farbe, VS-Klarheit, konfliktfrei<\/p>\n<p><strong>Ringma\u00dfe und Material<\/strong><br \/>\n&#8211; ca. 1.5mm breit, 1.6mm dick<br \/>\n&#8211; erh\u00e4ltlich in 14K\/18K Gelb-, Wei\u00df- oder Ros\u00e9gold und Platin<br \/>\n&#8211; US-Ringgr\u00f6\u00dfe 3-9, kleinere oder gr\u00f6\u00dfere Gr\u00f6\u00dfen auf Anfrage erh\u00e4ltlich<\/p>\n","protected":false},"excerpt":{"rendered":"<p>Die magische Wirkung des Mondsteinscheins unterscheidet diesen Stein von anderen. Auf einer romantischen Note ist der Mondstein ein Edelstein, der an Geheimnis und das Bild von Mondlicht, das sich auf Wasser reflektiert, erinnert. Unser stilvolles und modernes Sechseck-Verlobungsring-Set ist mit einem nat\u00fcrlichen Regenbogen-Mondstein von h\u00f6chster Qualit\u00e4t gefertigt und mit einem zierlichen, stapelbaren Ehering gepaart. Die Popularit\u00e4t des Mondsteins nimmt zu und viele unkonventionelle Paare finden dies eine sch\u00f6ne Alternative zum traditionellen Diamantring.<\/p>\n","protected":false},"featured_media":21167,"comment_status":"open","ping_status":"closed","template":"","meta":[],"product_brand":[],"product_cat":[519,479,536,471,1528],"product_tag":[1214,728,1250,633,1070],"class_list":{"0":"post-23957","1":"product","2":"type-product","3":"status-publish","4":"has-post-thumbnail","6":"product_cat-ehering-sets","7":"product_cat-gepaart","8":"product_cat-ringe","9":"product_cat-zeitgenossisch","10":"product_cat-zweiteiliger-ehering","11":"product_tag-mondstein","12":"product_tag-production_time_3_5-de","13":"product_tag-ring-paar","14":"product_tag-ringe-tag","15":"product_tag-sechseck","17":"first","18":"onbackorder","19":"sold-individually","20":"taxable","21":"shipping-taxable","22":"purchasable","23":"product-type-variable"},"yoast_head":"<title>Hexagon Mondstein und Diamant Ehering Set - Aurelius Jewelry<\/title>\n<meta name=\"robots\" content=\"index, follow, max-snippet:-1, max-image-preview:large, max-video-preview:-1\" \/>\n<link rel=\"canonical\" href=\"https:\/\/aureliusjewelry.com\/de\/hexagon-mondstein-und-diamant-ehering-set\/\" \/>\n<meta property=\"og:locale\" content=\"de_DE\" \/>\n<meta property=\"og:type\" content=\"article\" \/>\n<meta property=\"og:title\" content=\"Hexagon Mondstein und Diamant Ehering Set - Aurelius Jewelry\" \/>\n<meta property=\"og:description\" content=\"%\" \/>\n<meta property=\"og:url\" content=\"https:\/\/aureliusjewelry.com\/de\/hexagon-mondstein-und-diamant-ehering-set\/\" \/>\n<meta property=\"og:site_name\" content=\"Aurelius Jewelry\" \/>\n<meta property=\"article:publisher\" content=\"https:\/\/www.facebook.com\/AureliusJewelry\/\" \/>\n<meta property=\"article:modified_time\" content=\"2026-04-14T04:52:36+00:00\" \/>\n<meta property=\"og:image\" content=\"https:\/\/aureliusjewelry.com\/wp-content\/uploads\/hexagon-mondstein-verlobungsehering-set.jpg\" \/>\n\t<meta property=\"og:image:width\" content=\"1920\" \/>\n\t<meta property=\"og:image:height\" content=\"1440\" \/>\n\t<meta property=\"og:image:type\" content=\"image\/jpeg\" \/>\n<meta name=\"twitter:card\" content=\"summary_large_image\" \/>\n<meta name=\"twitter:site\" content=\"@AureliusJewelry\" \/>\n<script type=\"application\/ld+json\" class=\"yoast-schema-graph\">{\"@context\":\"https:\\\/\\\/schema.org\",\"@graph\":[{\"@type\":\"WebPage\",\"@id\":\"https:\\\/\\\/aureliusjewelry.com\\\/de\\\/hexagon-mondstein-und-diamant-ehering-set\\\/\",\"url\":\"https:\\\/\\\/aureliusjewelry.com\\\/de\\\/hexagon-mondstein-und-diamant-ehering-set\\\/\",\"name\":\"Hexagon Mondstein und Diamant Ehering Set - Aurelius Jewelry\",\"isPartOf\":{\"@id\":\"https:\\\/\\\/aureliusjewelry.com\\\/de\\\/#website\"},\"primaryImageOfPage\":{\"@id\":\"https:\\\/\\\/aureliusjewelry.com\\\/de\\\/hexagon-mondstein-und-diamant-ehering-set\\\/#primaryimage\"},\"image\":{\"@id\":\"https:\\\/\\\/aureliusjewelry.com\\\/de\\\/hexagon-mondstein-und-diamant-ehering-set\\\/#primaryimage\"},\"thumbnailUrl\":\"https:\\\/\\\/aureliusjewelry.com\\\/wp-content\\\/uploads\\\/hexagon-mondstein-verlobungsehering-set.jpg\",\"datePublished\":\"2021-02-18T20:52:42+00:00\",\"dateModified\":\"2026-04-14T04:52:36+00:00\",\"breadcrumb\":{\"@id\":\"https:\\\/\\\/aureliusjewelry.com\\\/de\\\/hexagon-mondstein-und-diamant-ehering-set\\\/#breadcrumb\"},\"inLanguage\":\"de\",\"potentialAction\":[{\"@type\":\"ReadAction\",\"target\":[\"https:\\\/\\\/aureliusjewelry.com\\\/de\\\/hexagon-mondstein-und-diamant-ehering-set\\\/\"]}]},{\"@type\":\"ImageObject\",\"inLanguage\":\"de\",\"@id\":\"https:\\\/\\\/aureliusjewelry.com\\\/de\\\/hexagon-mondstein-und-diamant-ehering-set\\\/#primaryimage\",\"url\":\"https:\\\/\\\/aureliusjewelry.com\\\/wp-content\\\/uploads\\\/hexagon-mondstein-verlobungsehering-set.jpg\",\"contentUrl\":\"https:\\\/\\\/aureliusjewelry.com\\\/wp-content\\\/uploads\\\/hexagon-mondstein-verlobungsehering-set.jpg\",\"width\":1920,\"height\":1440,\"caption\":\"Hexagon Mondstein VerlobungsEhering Set\"},{\"@type\":\"BreadcrumbList\",\"@id\":\"https:\\\/\\\/aureliusjewelry.com\\\/de\\\/hexagon-mondstein-und-diamant-ehering-set\\\/#breadcrumb\",\"itemListElement\":[{\"@type\":\"ListItem\",\"position\":1,\"name\":\"Home\",\"item\":\"https:\\\/\\\/aureliusjewelry.com\\\/de\\\/\"},{\"@type\":\"ListItem\",\"position\":2,\"name\":\"Shop\",\"item\":\"https:\\\/\\\/aureliusjewelry.com\\\/de\\\/shop\\\/\"},{\"@type\":\"ListItem\",\"position\":3,\"name\":\"Hexagon Mondstein und Diamant Ehering Set\"}]},{\"@type\":\"WebSite\",\"@id\":\"https:\\\/\\\/aureliusjewelry.com\\\/de\\\/#website\",\"url\":\"https:\\\/\\\/aureliusjewelry.com\\\/de\\\/\",\"name\":\"Aurelius Jewelry\",\"description\":\"Handmade Fine Gold Jewelry\",\"publisher\":{\"@id\":\"https:\\\/\\\/aureliusjewelry.com\\\/de\\\/#organization\"},\"potentialAction\":[{\"@type\":\"SearchAction\",\"target\":{\"@type\":\"EntryPoint\",\"urlTemplate\":\"https:\\\/\\\/aureliusjewelry.com\\\/de\\\/?s={search_term_string}\"},\"query-input\":{\"@type\":\"PropertyValueSpecification\",\"valueRequired\":true,\"valueName\":\"search_term_string\"}}],\"inLanguage\":\"de\"},{\"@type\":\"Organization\",\"@id\":\"https:\\\/\\\/aureliusjewelry.com\\\/de\\\/#organization\",\"name\":\"Aurelius Jewelry\",\"url\":\"https:\\\/\\\/aureliusjewelry.com\\\/de\\\/\",\"logo\":{\"@type\":\"ImageObject\",\"inLanguage\":\"de\",\"@id\":\"https:\\\/\\\/aureliusjewelry.com\\\/de\\\/#\\\/schema\\\/logo\\\/image\\\/\",\"url\":\"https:\\\/\\\/aureliusjewelry.com\\\/wp-content\\\/uploads\\\/logo.png\",\"contentUrl\":\"https:\\\/\\\/aureliusjewelry.com\\\/wp-content\\\/uploads\\\/logo.png\",\"width\":400,\"height\":64,\"caption\":\"Aurelius Jewelry\"},\"image\":{\"@id\":\"https:\\\/\\\/aureliusjewelry.com\\\/de\\\/#\\\/schema\\\/logo\\\/image\\\/\"},\"sameAs\":[\"https:\\\/\\\/www.facebook.com\\\/AureliusJewelry\\\/\",\"https:\\\/\\\/x.com\\\/AureliusJewelry\",\"https:\\\/\\\/instagram.com\\\/aureliusjewelry\",\"https:\\\/\\\/www.pinterest.com\\\/AureliusJewelry\\\/\"],\"email\":\"info@aureliusjewelry.com\",\"foundingDate\":\"2018-10-01\",\"vatID\":\"SI10391070\",\"hasMerchantReturnPolicy\":{\"@type\":\"MerchantReturnPolicy\",\"merchantReturnLink\":\"https:\\\/\\\/aureliusjewelry.com\\\/our-policies\\\/terms-conditions\\\/\"}}]}<\/script>\n<meta property=\"og:availability\" content=\"backorder\" \/>\n<meta property=\"product:availability\" content=\"available for order\" \/>\n<meta property=\"product:retailer_item_id\" content=\"21157\" \/>\n<meta property=\"product:condition\" content=\"new\" \/>","yoast_head_json":{"title":"Hexagon Mondstein und Diamant Ehering Set - Aurelius Jewelry","robots":{"index":"index","follow":"follow","max-snippet":"max-snippet:-1","max-image-preview":"max-image-preview:large","max-video-preview":"max-video-preview:-1"},"canonical":"https:\/\/aureliusjewelry.com\/de\/hexagon-mondstein-und-diamant-ehering-set\/","og_locale":"de_DE","og_type":"article","og_title":"Hexagon Mondstein und Diamant Ehering Set - Aurelius Jewelry","og_description":"%","og_url":"https:\/\/aureliusjewelry.com\/de\/hexagon-mondstein-und-diamant-ehering-set\/","og_site_name":"Aurelius Jewelry","article_publisher":"https:\/\/www.facebook.com\/AureliusJewelry\/","article_modified_time":"2026-04-14T04:52:36+00:00","og_image":[{"width":1920,"height":1440,"url":"https:\/\/aureliusjewelry.com\/wp-content\/uploads\/hexagon-mondstein-verlobungsehering-set.jpg","type":"image\/jpeg"}],"twitter_card":"summary_large_image","twitter_site":"@AureliusJewelry","schema":{"@context":"https:\/\/schema.org","@graph":[{"@type":"WebPage","@id":"https:\/\/aureliusjewelry.com\/de\/hexagon-mondstein-und-diamant-ehering-set\/","url":"https:\/\/aureliusjewelry.com\/de\/hexagon-mondstein-und-diamant-ehering-set\/","name":"Hexagon Mondstein und Diamant Ehering Set - Aurelius Jewelry","isPartOf":{"@id":"https:\/\/aureliusjewelry.com\/de\/#website"},"primaryImageOfPage":{"@id":"https:\/\/aureliusjewelry.com\/de\/hexagon-mondstein-und-diamant-ehering-set\/#primaryimage"},"image":{"@id":"https:\/\/aureliusjewelry.com\/de\/hexagon-mondstein-und-diamant-ehering-set\/#primaryimage"},"thumbnailUrl":"https:\/\/aureliusjewelry.com\/wp-content\/uploads\/hexagon-mondstein-verlobungsehering-set.jpg","datePublished":"2021-02-18T20:52:42+00:00","dateModified":"2026-04-14T04:52:36+00:00","breadcrumb":{"@id":"https:\/\/aureliusjewelry.com\/de\/hexagon-mondstein-und-diamant-ehering-set\/#breadcrumb"},"inLanguage":"de","potentialAction":[{"@type":"ReadAction","target":["https:\/\/aureliusjewelry.com\/de\/hexagon-mondstein-und-diamant-ehering-set\/"]}]},{"@type":"ImageObject","inLanguage":"de","@id":"https:\/\/aureliusjewelry.com\/de\/hexagon-mondstein-und-diamant-ehering-set\/#primaryimage","url":"https:\/\/aureliusjewelry.com\/wp-content\/uploads\/hexagon-mondstein-verlobungsehering-set.jpg","contentUrl":"https:\/\/aureliusjewelry.com\/wp-content\/uploads\/hexagon-mondstein-verlobungsehering-set.jpg","width":1920,"height":1440,"caption":"Hexagon Mondstein VerlobungsEhering Set"},{"@type":"BreadcrumbList","@id":"https:\/\/aureliusjewelry.com\/de\/hexagon-mondstein-und-diamant-ehering-set\/#breadcrumb","itemListElement":[{"@type":"ListItem","position":1,"name":"Home","item":"https:\/\/aureliusjewelry.com\/de\/"},{"@type":"ListItem","position":2,"name":"Shop","item":"https:\/\/aureliusjewelry.com\/de\/shop\/"},{"@type":"ListItem","position":3,"name":"Hexagon Mondstein und Diamant Ehering Set"}]},{"@type":"WebSite","@id":"https:\/\/aureliusjewelry.com\/de\/#website","url":"https:\/\/aureliusjewelry.com\/de\/","name":"Aurelius Jewelry","description":"Handmade Fine Gold Jewelry","publisher":{"@id":"https:\/\/aureliusjewelry.com\/de\/#organization"},"potentialAction":[{"@type":"SearchAction","target":{"@type":"EntryPoint","urlTemplate":"https:\/\/aureliusjewelry.com\/de\/?s={search_term_string}"},"query-input":{"@type":"PropertyValueSpecification","valueRequired":true,"valueName":"search_term_string"}}],"inLanguage":"de"},{"@type":"Organization","@id":"https:\/\/aureliusjewelry.com\/de\/#organization","name":"Aurelius Jewelry","url":"https:\/\/aureliusjewelry.com\/de\/","logo":{"@type":"ImageObject","inLanguage":"de","@id":"https:\/\/aureliusjewelry.com\/de\/#\/schema\/logo\/image\/","url":"https:\/\/aureliusjewelry.com\/wp-content\/uploads\/logo.png","contentUrl":"https:\/\/aureliusjewelry.com\/wp-content\/uploads\/logo.png","width":400,"height":64,"caption":"Aurelius Jewelry"},"image":{"@id":"https:\/\/aureliusjewelry.com\/de\/#\/schema\/logo\/image\/"},"sameAs":["https:\/\/www.facebook.com\/AureliusJewelry\/","https:\/\/x.com\/AureliusJewelry","https:\/\/instagram.com\/aureliusjewelry","https:\/\/www.pinterest.com\/AureliusJewelry\/"],"email":"info@aureliusjewelry.com","foundingDate":"2018-10-01","vatID":"SI10391070","hasMerchantReturnPolicy":{"@type":"MerchantReturnPolicy","merchantReturnLink":"https:\/\/aureliusjewelry.com\/our-policies\/terms-conditions\/"}}]},"og_availability":"backorder","product_availability":"available for order","product_retailer_item_id":"21157","product_condition":"new"},"_links":{"self":[{"href":"https:\/\/aureliusjewelry.com\/de\/wp-json\/wp\/v2\/product\/23957","targetHints":{"allow":["GET"]}}],"collection":[{"href":"https:\/\/aureliusjewelry.com\/de\/wp-json\/wp\/v2\/product"}],"about":[{"href":"https:\/\/aureliusjewelry.com\/de\/wp-json\/wp\/v2\/types\/product"}],"replies":[{"embeddable":true,"href":"https:\/\/aureliusjewelry.com\/de\/wp-json\/wp\/v2\/comments?post=23957"}],"wp:featuredmedia":[{"embeddable":true,"href":"https:\/\/aureliusjewelry.com\/de\/wp-json\/wp\/v2\/media\/21167"}],"wp:attachment":[{"href":"https:\/\/aureliusjewelry.com\/de\/wp-json\/wp\/v2\/media?parent=23957"}],"wp:term":[{"taxonomy":"product_brand","embeddable":true,"href":"https:\/\/aureliusjewelry.com\/de\/wp-json\/wp\/v2\/product_brand?post=23957"},{"taxonomy":"product_cat","embeddable":true,"href":"https:\/\/aureliusjewelry.com\/de\/wp-json\/wp\/v2\/product_cat?post=23957"},{"taxonomy":"product_tag","embeddable":true,"href":"https:\/\/aureliusjewelry.com\/de\/wp-json\/wp\/v2\/product_tag?post=23957"}],"curies":[{"name":"wp","href":"https:\/\/api.w.org\/{rel}","templated":true}]}}