{"id":19463,"date":"2021-02-03T12:02:57","date_gmt":"2021-02-03T10:02:57","guid":{"rendered":"http:\/\/127.0.0.1\/product\/erde-element-verlobungsring-mit-braunem-salz-und-pfeffer-diamanten-und-peridot-im-rosenschliff\/"},"modified":"2026-03-23T21:55:27","modified_gmt":"2026-03-23T19:55:27","slug":"erde-element-verlobungsring-mit-braunem-salz-und-pfeffer-diamanten-und-peridot-im-rosenschliff","status":"publish","type":"product","link":"https:\/\/aureliusjewelry.com\/de\/product\/erde-element-verlobungsring-mit-braunem-salz-und-pfeffer-diamanten-und-peridot-im-rosenschliff\/","title":{"rendered":"Erde Element &#8211; Verlobungsring mit braunem Salz- und Pfeffer-Diamanten und Peridot im Rosenschliff"},"content":{"rendered":"<p><strong>Hauptstein<\/strong><br \/>\n&#8211; runde Salz-und-Pfeffer-Diamant mit Rosenschliff<br \/>\n&#8211; ca. 6-7mm<\/p>\n<p><strong>Seitensteine<\/strong><br \/>\n&#8211; Marquise und runder Peridot<br \/>\n&#8211; ca. 4x2mm, 1.5mm<\/p>\n<p>&#8211; Marquise Diamant<br \/>\n&#8211; ca. 3&#215;1.5mm<br \/>\n&#8211; F\/G-Farbe, VS-Klarheit, konfliktfrei<\/p>\n<p>&#8211; runde emerald<br \/>\n&#8211; ca. 1.3mm<\/p>\n<p><strong>Ringma\u00dfe und Material<\/strong><br \/>\n&#8211; ca. 1,5 mm breit, 1,6 mm dick<br \/>\n&#8211; erh\u00e4ltlich in 14K\/18K Gelb-, Wei\u00df- oder Ros\u00e9gold und Platin<br \/>\n&#8211; US-Ringgr\u00f6\u00dfe 3-9, kleinere oder gr\u00f6\u00dfere Gr\u00f6\u00dfen auf Anfrage erh\u00e4ltlich<\/p>\n","protected":false},"excerpt":{"rendered":"<p>Erde-Element Verlobungsring mit einem einmaligen runden braunen Salz- und Pfeffer-Diamanten im Rosenschliff in der Mitte und Smaragd, Peridot und Diamant als Seitensteinen als Bl\u00e4tter ist die perfekte Passform f\u00fcr eine moderne zuk\u00fcnftige Braut, die die Natur liebt. Der asymmetrische alternative Cluster-Verlobungsring, der die Erde symbolisiert, ist auch als Ehering-Set erh\u00e4ltlich, gepaart mit einem passenden offenen Stapel-Trauring.<\/p>\n<p>Dieser Ring ist ein Originaldesign von Aurelius und ist Teil unserer Elemental-Kollektion mit vier einzigartigen Ringsets, die von den vier Elementen inspiriert sind &#8211; Feuer, Wasser, Erde und Luft. Die Tierkreiszeichen, die mit dem Element Erde verbunden sind, sind Steinbock, Stier und Jungfrau.<\/p>\n","protected":false},"featured_media":18225,"comment_status":"open","ping_status":"closed","template":"","meta":[],"product_brand":[],"product_cat":[1494,1536,469,536,1522,1503,1501,1491,488,490,1514],"product_tag":[729,633,1069,1263],"class_list":{"0":"post-19463","1":"product","2":"type-product","3":"status-publish","4":"has-post-thumbnail","6":"product_cat-cluster-verlobungsringe","7":"product_cat-einzigartige-verlobungsringe","8":"product_cat-elemente","9":"product_cat-ringe","10":"product_cat-runder-verlobungsring","11":"product_cat-verlobungsring-mit-edelsteinakzenten","12":"product_cat-verlobungsring-mit-funf-steinen","13":"product_cat-verlobungsring-luenettenset","14":"product_cat-verlobungsringe","15":"product_cat-verlobungsringe-mit-salz-und-pfeffer-diamant","16":"product_cat-von-der-natur-inspirierte-verlobungsringe","17":"product_tag-ready_to_ship-de","18":"product_tag-ringe-tag","19":"product_tag-ringe-de","20":"product_tag-salz-und-pfefferdiamant","22":"first","23":"instock","24":"sold-individually","25":"taxable","26":"shipping-taxable","27":"purchasable","28":"product-type-variable"},"yoast_head":"<title>Erde Element - Verlobungsring mit braunem Salz- und Pfeffer-Diamanten und Peridot im Rosenschliff - Aurelius Jewelry<\/title>\n<meta name=\"robots\" content=\"index, follow, max-snippet:-1, max-image-preview:large, max-video-preview:-1\" \/>\n<link rel=\"canonical\" href=\"https:\/\/aureliusjewelry.com\/de\/product\/erde-element-verlobungsring-mit-braunem-salz-und-pfeffer-diamanten-und-peridot-im-rosenschliff\/\" \/>\n<meta property=\"og:locale\" content=\"de_DE\" \/>\n<meta property=\"og:type\" content=\"article\" \/>\n<meta property=\"og:title\" content=\"Erde Element - Verlobungsring mit braunem Salz- und Pfeffer-Diamanten und Peridot im Rosenschliff - Aurelius Jewelry\" \/>\n<meta property=\"og:description\" content=\"%\" \/>\n<meta property=\"og:url\" content=\"https:\/\/aureliusjewelry.com\/de\/product\/erde-element-verlobungsring-mit-braunem-salz-und-pfeffer-diamanten-und-peridot-im-rosenschliff\/\" \/>\n<meta property=\"og:site_name\" content=\"Aurelius Jewelry\" \/>\n<meta property=\"article:publisher\" content=\"https:\/\/www.facebook.com\/AureliusJewelry\/\" \/>\n<meta property=\"article:modified_time\" content=\"2026-03-23T19:55:27+00:00\" \/>\n<meta property=\"og:image\" content=\"https:\/\/aureliusjewelry.com\/wp-content\/uploads\/einzigartig-cluster-diamant-ring-rosegold.jpg\" \/>\n\t<meta property=\"og:image:width\" content=\"1920\" \/>\n\t<meta property=\"og:image:height\" content=\"1440\" \/>\n\t<meta property=\"og:image:type\" content=\"image\/jpeg\" \/>\n<meta name=\"twitter:card\" content=\"summary_large_image\" \/>\n<meta name=\"twitter:site\" content=\"@AureliusJewelry\" \/>\n<script type=\"application\/ld+json\" class=\"yoast-schema-graph\">{\"@context\":\"https:\\\/\\\/schema.org\",\"@graph\":[{\"@type\":\"WebPage\",\"@id\":\"https:\\\/\\\/aureliusjewelry.com\\\/de\\\/product\\\/erde-element-verlobungsring-mit-braunem-salz-und-pfeffer-diamanten-und-peridot-im-rosenschliff\\\/\",\"url\":\"https:\\\/\\\/aureliusjewelry.com\\\/de\\\/product\\\/erde-element-verlobungsring-mit-braunem-salz-und-pfeffer-diamanten-und-peridot-im-rosenschliff\\\/\",\"name\":\"Erde Element - Verlobungsring mit braunem Salz- und Pfeffer-Diamanten und Peridot im Rosenschliff - Aurelius Jewelry\",\"isPartOf\":{\"@id\":\"https:\\\/\\\/aureliusjewelry.com\\\/de\\\/#website\"},\"primaryImageOfPage\":{\"@id\":\"https:\\\/\\\/aureliusjewelry.com\\\/de\\\/product\\\/erde-element-verlobungsring-mit-braunem-salz-und-pfeffer-diamanten-und-peridot-im-rosenschliff\\\/#primaryimage\"},\"image\":{\"@id\":\"https:\\\/\\\/aureliusjewelry.com\\\/de\\\/product\\\/erde-element-verlobungsring-mit-braunem-salz-und-pfeffer-diamanten-und-peridot-im-rosenschliff\\\/#primaryimage\"},\"thumbnailUrl\":\"https:\\\/\\\/aureliusjewelry.com\\\/wp-content\\\/uploads\\\/einzigartig-cluster-diamant-ring-rosegold.jpg\",\"datePublished\":\"2021-02-03T10:02:57+00:00\",\"dateModified\":\"2026-03-23T19:55:27+00:00\",\"breadcrumb\":{\"@id\":\"https:\\\/\\\/aureliusjewelry.com\\\/de\\\/product\\\/erde-element-verlobungsring-mit-braunem-salz-und-pfeffer-diamanten-und-peridot-im-rosenschliff\\\/#breadcrumb\"},\"inLanguage\":\"de\",\"potentialAction\":[{\"@type\":\"ReadAction\",\"target\":[\"https:\\\/\\\/aureliusjewelry.com\\\/de\\\/product\\\/erde-element-verlobungsring-mit-braunem-salz-und-pfeffer-diamanten-und-peridot-im-rosenschliff\\\/\"]}]},{\"@type\":\"ImageObject\",\"inLanguage\":\"de\",\"@id\":\"https:\\\/\\\/aureliusjewelry.com\\\/de\\\/product\\\/erde-element-verlobungsring-mit-braunem-salz-und-pfeffer-diamanten-und-peridot-im-rosenschliff\\\/#primaryimage\",\"url\":\"https:\\\/\\\/aureliusjewelry.com\\\/wp-content\\\/uploads\\\/einzigartig-cluster-diamant-ring-rosegold.jpg\",\"contentUrl\":\"https:\\\/\\\/aureliusjewelry.com\\\/wp-content\\\/uploads\\\/einzigartig-cluster-diamant-ring-rosegold.jpg\",\"width\":1920,\"height\":1440,\"caption\":\"einzigartig Cluster Diamant Ring Ros\u00e9gold\"},{\"@type\":\"BreadcrumbList\",\"@id\":\"https:\\\/\\\/aureliusjewelry.com\\\/de\\\/product\\\/erde-element-verlobungsring-mit-braunem-salz-und-pfeffer-diamanten-und-peridot-im-rosenschliff\\\/#breadcrumb\",\"itemListElement\":[{\"@type\":\"ListItem\",\"position\":1,\"name\":\"Home\",\"item\":\"https:\\\/\\\/aureliusjewelry.com\\\/de\\\/\"},{\"@type\":\"ListItem\",\"position\":2,\"name\":\"Shop\",\"item\":\"https:\\\/\\\/aureliusjewelry.com\\\/de\\\/shop\\\/\"},{\"@type\":\"ListItem\",\"position\":3,\"name\":\"Erde Element &#8211; Verlobungsring mit braunem Salz- und Pfeffer-Diamanten und Peridot im Rosenschliff\"}]},{\"@type\":\"WebSite\",\"@id\":\"https:\\\/\\\/aureliusjewelry.com\\\/de\\\/#website\",\"url\":\"https:\\\/\\\/aureliusjewelry.com\\\/de\\\/\",\"name\":\"Aurelius Jewelry\",\"description\":\"Handmade Fine Gold Jewelry\",\"publisher\":{\"@id\":\"https:\\\/\\\/aureliusjewelry.com\\\/de\\\/#organization\"},\"potentialAction\":[{\"@type\":\"SearchAction\",\"target\":{\"@type\":\"EntryPoint\",\"urlTemplate\":\"https:\\\/\\\/aureliusjewelry.com\\\/de\\\/?s={search_term_string}\"},\"query-input\":{\"@type\":\"PropertyValueSpecification\",\"valueRequired\":true,\"valueName\":\"search_term_string\"}}],\"inLanguage\":\"de\"},{\"@type\":\"Organization\",\"@id\":\"https:\\\/\\\/aureliusjewelry.com\\\/de\\\/#organization\",\"name\":\"Aurelius Jewelry\",\"url\":\"https:\\\/\\\/aureliusjewelry.com\\\/de\\\/\",\"logo\":{\"@type\":\"ImageObject\",\"inLanguage\":\"de\",\"@id\":\"https:\\\/\\\/aureliusjewelry.com\\\/de\\\/#\\\/schema\\\/logo\\\/image\\\/\",\"url\":\"https:\\\/\\\/aureliusjewelry.com\\\/wp-content\\\/uploads\\\/logo.png\",\"contentUrl\":\"https:\\\/\\\/aureliusjewelry.com\\\/wp-content\\\/uploads\\\/logo.png\",\"width\":400,\"height\":64,\"caption\":\"Aurelius Jewelry\"},\"image\":{\"@id\":\"https:\\\/\\\/aureliusjewelry.com\\\/de\\\/#\\\/schema\\\/logo\\\/image\\\/\"},\"sameAs\":[\"https:\\\/\\\/www.facebook.com\\\/AureliusJewelry\\\/\",\"https:\\\/\\\/x.com\\\/AureliusJewelry\",\"https:\\\/\\\/instagram.com\\\/aureliusjewelry\",\"https:\\\/\\\/www.pinterest.com\\\/AureliusJewelry\\\/\"],\"email\":\"info@aureliusjewelry.com\",\"foundingDate\":\"2018-10-01\",\"vatID\":\"SI10391070\",\"hasMerchantReturnPolicy\":{\"@type\":\"MerchantReturnPolicy\",\"merchantReturnLink\":\"https:\\\/\\\/aureliusjewelry.com\\\/our-policies\\\/terms-conditions\\\/\"}}]}<\/script>\n<meta property=\"og:availability\" content=\"instock\" \/>\n<meta property=\"product:availability\" content=\"instock\" \/>\n<meta property=\"product:retailer_item_id\" content=\"18221\" \/>\n<meta property=\"product:condition\" content=\"new\" \/>","yoast_head_json":{"title":"Erde Element - Verlobungsring mit braunem Salz- und Pfeffer-Diamanten und Peridot im Rosenschliff - Aurelius Jewelry","robots":{"index":"index","follow":"follow","max-snippet":"max-snippet:-1","max-image-preview":"max-image-preview:large","max-video-preview":"max-video-preview:-1"},"canonical":"https:\/\/aureliusjewelry.com\/de\/product\/erde-element-verlobungsring-mit-braunem-salz-und-pfeffer-diamanten-und-peridot-im-rosenschliff\/","og_locale":"de_DE","og_type":"article","og_title":"Erde Element - Verlobungsring mit braunem Salz- und Pfeffer-Diamanten und Peridot im Rosenschliff - Aurelius Jewelry","og_description":"%","og_url":"https:\/\/aureliusjewelry.com\/de\/product\/erde-element-verlobungsring-mit-braunem-salz-und-pfeffer-diamanten-und-peridot-im-rosenschliff\/","og_site_name":"Aurelius Jewelry","article_publisher":"https:\/\/www.facebook.com\/AureliusJewelry\/","article_modified_time":"2026-03-23T19:55:27+00:00","og_image":[{"width":1920,"height":1440,"url":"https:\/\/aureliusjewelry.com\/wp-content\/uploads\/einzigartig-cluster-diamant-ring-rosegold.jpg","type":"image\/jpeg"}],"twitter_card":"summary_large_image","twitter_site":"@AureliusJewelry","schema":{"@context":"https:\/\/schema.org","@graph":[{"@type":"WebPage","@id":"https:\/\/aureliusjewelry.com\/de\/product\/erde-element-verlobungsring-mit-braunem-salz-und-pfeffer-diamanten-und-peridot-im-rosenschliff\/","url":"https:\/\/aureliusjewelry.com\/de\/product\/erde-element-verlobungsring-mit-braunem-salz-und-pfeffer-diamanten-und-peridot-im-rosenschliff\/","name":"Erde Element - Verlobungsring mit braunem Salz- und Pfeffer-Diamanten und Peridot im Rosenschliff - Aurelius Jewelry","isPartOf":{"@id":"https:\/\/aureliusjewelry.com\/de\/#website"},"primaryImageOfPage":{"@id":"https:\/\/aureliusjewelry.com\/de\/product\/erde-element-verlobungsring-mit-braunem-salz-und-pfeffer-diamanten-und-peridot-im-rosenschliff\/#primaryimage"},"image":{"@id":"https:\/\/aureliusjewelry.com\/de\/product\/erde-element-verlobungsring-mit-braunem-salz-und-pfeffer-diamanten-und-peridot-im-rosenschliff\/#primaryimage"},"thumbnailUrl":"https:\/\/aureliusjewelry.com\/wp-content\/uploads\/einzigartig-cluster-diamant-ring-rosegold.jpg","datePublished":"2021-02-03T10:02:57+00:00","dateModified":"2026-03-23T19:55:27+00:00","breadcrumb":{"@id":"https:\/\/aureliusjewelry.com\/de\/product\/erde-element-verlobungsring-mit-braunem-salz-und-pfeffer-diamanten-und-peridot-im-rosenschliff\/#breadcrumb"},"inLanguage":"de","potentialAction":[{"@type":"ReadAction","target":["https:\/\/aureliusjewelry.com\/de\/product\/erde-element-verlobungsring-mit-braunem-salz-und-pfeffer-diamanten-und-peridot-im-rosenschliff\/"]}]},{"@type":"ImageObject","inLanguage":"de","@id":"https:\/\/aureliusjewelry.com\/de\/product\/erde-element-verlobungsring-mit-braunem-salz-und-pfeffer-diamanten-und-peridot-im-rosenschliff\/#primaryimage","url":"https:\/\/aureliusjewelry.com\/wp-content\/uploads\/einzigartig-cluster-diamant-ring-rosegold.jpg","contentUrl":"https:\/\/aureliusjewelry.com\/wp-content\/uploads\/einzigartig-cluster-diamant-ring-rosegold.jpg","width":1920,"height":1440,"caption":"einzigartig Cluster Diamant Ring Ros\u00e9gold"},{"@type":"BreadcrumbList","@id":"https:\/\/aureliusjewelry.com\/de\/product\/erde-element-verlobungsring-mit-braunem-salz-und-pfeffer-diamanten-und-peridot-im-rosenschliff\/#breadcrumb","itemListElement":[{"@type":"ListItem","position":1,"name":"Home","item":"https:\/\/aureliusjewelry.com\/de\/"},{"@type":"ListItem","position":2,"name":"Shop","item":"https:\/\/aureliusjewelry.com\/de\/shop\/"},{"@type":"ListItem","position":3,"name":"Erde Element &#8211; Verlobungsring mit braunem Salz- und Pfeffer-Diamanten und Peridot im Rosenschliff"}]},{"@type":"WebSite","@id":"https:\/\/aureliusjewelry.com\/de\/#website","url":"https:\/\/aureliusjewelry.com\/de\/","name":"Aurelius Jewelry","description":"Handmade Fine Gold Jewelry","publisher":{"@id":"https:\/\/aureliusjewelry.com\/de\/#organization"},"potentialAction":[{"@type":"SearchAction","target":{"@type":"EntryPoint","urlTemplate":"https:\/\/aureliusjewelry.com\/de\/?s={search_term_string}"},"query-input":{"@type":"PropertyValueSpecification","valueRequired":true,"valueName":"search_term_string"}}],"inLanguage":"de"},{"@type":"Organization","@id":"https:\/\/aureliusjewelry.com\/de\/#organization","name":"Aurelius Jewelry","url":"https:\/\/aureliusjewelry.com\/de\/","logo":{"@type":"ImageObject","inLanguage":"de","@id":"https:\/\/aureliusjewelry.com\/de\/#\/schema\/logo\/image\/","url":"https:\/\/aureliusjewelry.com\/wp-content\/uploads\/logo.png","contentUrl":"https:\/\/aureliusjewelry.com\/wp-content\/uploads\/logo.png","width":400,"height":64,"caption":"Aurelius Jewelry"},"image":{"@id":"https:\/\/aureliusjewelry.com\/de\/#\/schema\/logo\/image\/"},"sameAs":["https:\/\/www.facebook.com\/AureliusJewelry\/","https:\/\/x.com\/AureliusJewelry","https:\/\/instagram.com\/aureliusjewelry","https:\/\/www.pinterest.com\/AureliusJewelry\/"],"email":"info@aureliusjewelry.com","foundingDate":"2018-10-01","vatID":"SI10391070","hasMerchantReturnPolicy":{"@type":"MerchantReturnPolicy","merchantReturnLink":"https:\/\/aureliusjewelry.com\/our-policies\/terms-conditions\/"}}]},"og_availability":"instock","product_availability":"instock","product_retailer_item_id":"18221","product_condition":"new"},"_links":{"self":[{"href":"https:\/\/aureliusjewelry.com\/de\/wp-json\/wp\/v2\/product\/19463","targetHints":{"allow":["GET"]}}],"collection":[{"href":"https:\/\/aureliusjewelry.com\/de\/wp-json\/wp\/v2\/product"}],"about":[{"href":"https:\/\/aureliusjewelry.com\/de\/wp-json\/wp\/v2\/types\/product"}],"replies":[{"embeddable":true,"href":"https:\/\/aureliusjewelry.com\/de\/wp-json\/wp\/v2\/comments?post=19463"}],"wp:featuredmedia":[{"embeddable":true,"href":"https:\/\/aureliusjewelry.com\/de\/wp-json\/wp\/v2\/media\/18225"}],"wp:attachment":[{"href":"https:\/\/aureliusjewelry.com\/de\/wp-json\/wp\/v2\/media?parent=19463"}],"wp:term":[{"taxonomy":"product_brand","embeddable":true,"href":"https:\/\/aureliusjewelry.com\/de\/wp-json\/wp\/v2\/product_brand?post=19463"},{"taxonomy":"product_cat","embeddable":true,"href":"https:\/\/aureliusjewelry.com\/de\/wp-json\/wp\/v2\/product_cat?post=19463"},{"taxonomy":"product_tag","embeddable":true,"href":"https:\/\/aureliusjewelry.com\/de\/wp-json\/wp\/v2\/product_tag?post=19463"}],"curies":[{"name":"wp","href":"https:\/\/api.w.org\/{rel}","templated":true}]}}