{"id":19459,"date":"2021-02-03T22:50:31","date_gmt":"2021-02-03T20:50:31","guid":{"rendered":"http:\/\/127.0.0.1\/product\/feuer-element-verlobungsring-mit-birnen-cabochon-sonnenstein-und-orangefarbenem-saphir\/"},"modified":"2026-03-23T21:49:36","modified_gmt":"2026-03-23T19:49:36","slug":"feuer-element-verlobungsring-mit-birnen-cabochon-sonnenstein-und-orangefarbenem-saphir","status":"publish","type":"product","link":"https:\/\/aureliusjewelry.com\/de\/product\/feuer-element-verlobungsring-mit-birnen-cabochon-sonnenstein-und-orangefarbenem-saphir\/","title":{"rendered":"Feuer-Element &#8211; Verlobungsring mit Birnen-Cabochon-Sonnenstein und orangefarbenem Saphir"},"content":{"rendered":"<p><strong>Hauptstein<\/strong><br \/>\n&#8211; Birnen-Cabochon-Sonnenstein<br \/>\n&#8211; ca. 8x5mm<\/p>\n<p><strong>Seitensteine<\/strong><br \/>\n&#8211; marquise orangefarbener Saphir<br \/>\n&#8211; ca. 4x2mm<\/p>\n<p>&#8211; Marquise gelber Saphir<br \/>\n&#8211; ca. 4x2mm<\/p>\n<p>&#8211; Marquise Diamant<br \/>\n&#8211; ca. 3&#215;1.5mm<br \/>\n&#8211; F\/G-Farbe, VS-Klarheit, konfliktfrei<\/p>\n<p><strong>Ringma\u00dfe und Material<\/strong><br \/>\n&#8211; ca. 1,5 mm breit, 1,6 mm dick<br \/>\n&#8211; erh\u00e4ltlich in 14K\/18K Gelb-, Wei\u00df- oder Ros\u00e9gold und Platin<br \/>\n&#8211; US-Ringgr\u00f6\u00dfe 3-9, kleinere oder gr\u00f6\u00dfere Gr\u00f6\u00dfen auf Anfrage erh\u00e4ltlich<\/p>\n","protected":false},"excerpt":{"rendered":"<p>Feuer-Element-Verlobungsring mit einem Birnen-Cabochon-Sonnenstein und einem marquisen Saphir<br \/>\nSeitensteine als Flammen, f\u00fcr eine wilde und leidenschaftliche moderne Braut. Der alternative Cluster-Verlobungsring, der die Flamme symbolisiert, ist auch als Ehering mit einem geschwungenen orangefarbenen Saphir-Trauring erh\u00e4ltlich.<\/p>\n<p>Dieser Ring ist ein Originaldesign von Aurelius und ist Teil unserer Elemental-Kollektion mit vier einzigartigen Ringsets, die von den vier Elementen inspiriert sind &#8211; Feuer, Wasser, Erde und Luft. Die Tierkreiszeichen, die mit dem Element Feuer verbunden sind, sind Widder, L\u00f6we und Sch\u00fctze.<\/p>\n","protected":false},"featured_media":18291,"comment_status":"open","ping_status":"closed","template":"","meta":[],"product_brand":[],"product_cat":[1517,1489,1494,1536,469,536,1503,1491,488,514,1514],"product_tag":[1235,1207,729,633,1069],"class_list":{"0":"post-19459","1":"product","2":"type-product","3":"status-publish","4":"has-post-thumbnail","6":"product_cat-birnenformiger-verlobungsring","7":"product_cat-cabochon-verlobungsring","8":"product_cat-cluster-verlobungsringe","9":"product_cat-einzigartige-verlobungsringe","10":"product_cat-elemente","11":"product_cat-ringe","12":"product_cat-verlobungsring-mit-edelsteinakzenten","13":"product_cat-verlobungsring-luenettenset","14":"product_cat-verlobungsringe","15":"product_cat-verlobungsringe-mit-gemischten-edelsteinen","16":"product_cat-von-der-natur-inspirierte-verlobungsringe","17":"product_tag-birne","18":"product_tag-gemischte-steine","19":"product_tag-ready_to_ship-de","20":"product_tag-ringe-tag","21":"product_tag-ringe-de","23":"first","24":"instock","25":"sold-individually","26":"taxable","27":"shipping-taxable","28":"purchasable","29":"product-type-variable"},"yoast_head":"<title>Feuer-Element - Verlobungsring mit Birnen-Cabochon-Sonnenstein und orangefarbenem Saphir - Aurelius Jewelry<\/title>\n<meta name=\"robots\" content=\"index, follow, max-snippet:-1, max-image-preview:large, max-video-preview:-1\" \/>\n<link rel=\"canonical\" href=\"https:\/\/aureliusjewelry.com\/de\/product\/feuer-element-verlobungsring-mit-birnen-cabochon-sonnenstein-und-orangefarbenem-saphir\/\" \/>\n<meta property=\"og:locale\" content=\"de_DE\" \/>\n<meta property=\"og:type\" content=\"article\" \/>\n<meta property=\"og:title\" content=\"Feuer-Element - Verlobungsring mit Birnen-Cabochon-Sonnenstein und orangefarbenem Saphir - Aurelius Jewelry\" \/>\n<meta property=\"og:description\" content=\"%\" \/>\n<meta property=\"og:url\" content=\"https:\/\/aureliusjewelry.com\/de\/product\/feuer-element-verlobungsring-mit-birnen-cabochon-sonnenstein-und-orangefarbenem-saphir\/\" \/>\n<meta property=\"og:site_name\" content=\"Aurelius Jewelry\" \/>\n<meta property=\"article:publisher\" content=\"https:\/\/www.facebook.com\/AureliusJewelry\/\" \/>\n<meta property=\"article:modified_time\" content=\"2026-03-23T19:49:36+00:00\" \/>\n<meta property=\"og:image\" content=\"https:\/\/aureliusjewelry.com\/wp-content\/uploads\/birnen-sonnenstein-cluster-ring-vorder-seitenansicht.jpg\" \/>\n\t<meta property=\"og:image:width\" content=\"1920\" \/>\n\t<meta property=\"og:image:height\" content=\"1440\" \/>\n\t<meta property=\"og:image:type\" content=\"image\/jpeg\" \/>\n<meta name=\"twitter:card\" content=\"summary_large_image\" \/>\n<meta name=\"twitter:site\" content=\"@AureliusJewelry\" \/>\n<script type=\"application\/ld+json\" class=\"yoast-schema-graph\">{\"@context\":\"https:\\\/\\\/schema.org\",\"@graph\":[{\"@type\":\"WebPage\",\"@id\":\"https:\\\/\\\/aureliusjewelry.com\\\/de\\\/product\\\/feuer-element-verlobungsring-mit-birnen-cabochon-sonnenstein-und-orangefarbenem-saphir\\\/\",\"url\":\"https:\\\/\\\/aureliusjewelry.com\\\/de\\\/product\\\/feuer-element-verlobungsring-mit-birnen-cabochon-sonnenstein-und-orangefarbenem-saphir\\\/\",\"name\":\"Feuer-Element - Verlobungsring mit Birnen-Cabochon-Sonnenstein und orangefarbenem Saphir - Aurelius Jewelry\",\"isPartOf\":{\"@id\":\"https:\\\/\\\/aureliusjewelry.com\\\/de\\\/#website\"},\"primaryImageOfPage\":{\"@id\":\"https:\\\/\\\/aureliusjewelry.com\\\/de\\\/product\\\/feuer-element-verlobungsring-mit-birnen-cabochon-sonnenstein-und-orangefarbenem-saphir\\\/#primaryimage\"},\"image\":{\"@id\":\"https:\\\/\\\/aureliusjewelry.com\\\/de\\\/product\\\/feuer-element-verlobungsring-mit-birnen-cabochon-sonnenstein-und-orangefarbenem-saphir\\\/#primaryimage\"},\"thumbnailUrl\":\"https:\\\/\\\/aureliusjewelry.com\\\/wp-content\\\/uploads\\\/birnen-sonnenstein-cluster-ring-vorder-seitenansicht.jpg\",\"datePublished\":\"2021-02-03T20:50:31+00:00\",\"dateModified\":\"2026-03-23T19:49:36+00:00\",\"breadcrumb\":{\"@id\":\"https:\\\/\\\/aureliusjewelry.com\\\/de\\\/product\\\/feuer-element-verlobungsring-mit-birnen-cabochon-sonnenstein-und-orangefarbenem-saphir\\\/#breadcrumb\"},\"inLanguage\":\"de\",\"potentialAction\":[{\"@type\":\"ReadAction\",\"target\":[\"https:\\\/\\\/aureliusjewelry.com\\\/de\\\/product\\\/feuer-element-verlobungsring-mit-birnen-cabochon-sonnenstein-und-orangefarbenem-saphir\\\/\"]}]},{\"@type\":\"ImageObject\",\"inLanguage\":\"de\",\"@id\":\"https:\\\/\\\/aureliusjewelry.com\\\/de\\\/product\\\/feuer-element-verlobungsring-mit-birnen-cabochon-sonnenstein-und-orangefarbenem-saphir\\\/#primaryimage\",\"url\":\"https:\\\/\\\/aureliusjewelry.com\\\/wp-content\\\/uploads\\\/birnen-sonnenstein-cluster-ring-vorder-seitenansicht.jpg\",\"contentUrl\":\"https:\\\/\\\/aureliusjewelry.com\\\/wp-content\\\/uploads\\\/birnen-sonnenstein-cluster-ring-vorder-seitenansicht.jpg\",\"width\":1920,\"height\":1440,\"caption\":\"birnen Sonnenstein Cluster Ring Vorder Seitenansicht\"},{\"@type\":\"BreadcrumbList\",\"@id\":\"https:\\\/\\\/aureliusjewelry.com\\\/de\\\/product\\\/feuer-element-verlobungsring-mit-birnen-cabochon-sonnenstein-und-orangefarbenem-saphir\\\/#breadcrumb\",\"itemListElement\":[{\"@type\":\"ListItem\",\"position\":1,\"name\":\"Home\",\"item\":\"https:\\\/\\\/aureliusjewelry.com\\\/de\\\/\"},{\"@type\":\"ListItem\",\"position\":2,\"name\":\"Shop\",\"item\":\"https:\\\/\\\/aureliusjewelry.com\\\/de\\\/shop\\\/\"},{\"@type\":\"ListItem\",\"position\":3,\"name\":\"Feuer-Element &#8211; Verlobungsring mit Birnen-Cabochon-Sonnenstein und orangefarbenem Saphir\"}]},{\"@type\":\"WebSite\",\"@id\":\"https:\\\/\\\/aureliusjewelry.com\\\/de\\\/#website\",\"url\":\"https:\\\/\\\/aureliusjewelry.com\\\/de\\\/\",\"name\":\"Aurelius Jewelry\",\"description\":\"Handmade Fine Gold Jewelry\",\"publisher\":{\"@id\":\"https:\\\/\\\/aureliusjewelry.com\\\/de\\\/#organization\"},\"potentialAction\":[{\"@type\":\"SearchAction\",\"target\":{\"@type\":\"EntryPoint\",\"urlTemplate\":\"https:\\\/\\\/aureliusjewelry.com\\\/de\\\/?s={search_term_string}\"},\"query-input\":{\"@type\":\"PropertyValueSpecification\",\"valueRequired\":true,\"valueName\":\"search_term_string\"}}],\"inLanguage\":\"de\"},{\"@type\":\"Organization\",\"@id\":\"https:\\\/\\\/aureliusjewelry.com\\\/de\\\/#organization\",\"name\":\"Aurelius Jewelry\",\"url\":\"https:\\\/\\\/aureliusjewelry.com\\\/de\\\/\",\"logo\":{\"@type\":\"ImageObject\",\"inLanguage\":\"de\",\"@id\":\"https:\\\/\\\/aureliusjewelry.com\\\/de\\\/#\\\/schema\\\/logo\\\/image\\\/\",\"url\":\"https:\\\/\\\/aureliusjewelry.com\\\/wp-content\\\/uploads\\\/logo.png\",\"contentUrl\":\"https:\\\/\\\/aureliusjewelry.com\\\/wp-content\\\/uploads\\\/logo.png\",\"width\":400,\"height\":64,\"caption\":\"Aurelius Jewelry\"},\"image\":{\"@id\":\"https:\\\/\\\/aureliusjewelry.com\\\/de\\\/#\\\/schema\\\/logo\\\/image\\\/\"},\"sameAs\":[\"https:\\\/\\\/www.facebook.com\\\/AureliusJewelry\\\/\",\"https:\\\/\\\/x.com\\\/AureliusJewelry\",\"https:\\\/\\\/instagram.com\\\/aureliusjewelry\",\"https:\\\/\\\/www.pinterest.com\\\/AureliusJewelry\\\/\"],\"email\":\"info@aureliusjewelry.com\",\"foundingDate\":\"2018-10-01\",\"vatID\":\"SI10391070\",\"hasMerchantReturnPolicy\":{\"@type\":\"MerchantReturnPolicy\",\"merchantReturnLink\":\"https:\\\/\\\/aureliusjewelry.com\\\/our-policies\\\/terms-conditions\\\/\"}}]}<\/script>\n<meta property=\"og:availability\" content=\"instock\" \/>\n<meta property=\"product:availability\" content=\"instock\" \/>\n<meta property=\"product:retailer_item_id\" content=\"18277\" \/>\n<meta property=\"product:condition\" content=\"new\" \/>","yoast_head_json":{"title":"Feuer-Element - Verlobungsring mit Birnen-Cabochon-Sonnenstein und orangefarbenem Saphir - Aurelius Jewelry","robots":{"index":"index","follow":"follow","max-snippet":"max-snippet:-1","max-image-preview":"max-image-preview:large","max-video-preview":"max-video-preview:-1"},"canonical":"https:\/\/aureliusjewelry.com\/de\/product\/feuer-element-verlobungsring-mit-birnen-cabochon-sonnenstein-und-orangefarbenem-saphir\/","og_locale":"de_DE","og_type":"article","og_title":"Feuer-Element - Verlobungsring mit Birnen-Cabochon-Sonnenstein und orangefarbenem Saphir - Aurelius Jewelry","og_description":"%","og_url":"https:\/\/aureliusjewelry.com\/de\/product\/feuer-element-verlobungsring-mit-birnen-cabochon-sonnenstein-und-orangefarbenem-saphir\/","og_site_name":"Aurelius Jewelry","article_publisher":"https:\/\/www.facebook.com\/AureliusJewelry\/","article_modified_time":"2026-03-23T19:49:36+00:00","og_image":[{"width":1920,"height":1440,"url":"https:\/\/aureliusjewelry.com\/wp-content\/uploads\/birnen-sonnenstein-cluster-ring-vorder-seitenansicht.jpg","type":"image\/jpeg"}],"twitter_card":"summary_large_image","twitter_site":"@AureliusJewelry","schema":{"@context":"https:\/\/schema.org","@graph":[{"@type":"WebPage","@id":"https:\/\/aureliusjewelry.com\/de\/product\/feuer-element-verlobungsring-mit-birnen-cabochon-sonnenstein-und-orangefarbenem-saphir\/","url":"https:\/\/aureliusjewelry.com\/de\/product\/feuer-element-verlobungsring-mit-birnen-cabochon-sonnenstein-und-orangefarbenem-saphir\/","name":"Feuer-Element - Verlobungsring mit Birnen-Cabochon-Sonnenstein und orangefarbenem Saphir - Aurelius Jewelry","isPartOf":{"@id":"https:\/\/aureliusjewelry.com\/de\/#website"},"primaryImageOfPage":{"@id":"https:\/\/aureliusjewelry.com\/de\/product\/feuer-element-verlobungsring-mit-birnen-cabochon-sonnenstein-und-orangefarbenem-saphir\/#primaryimage"},"image":{"@id":"https:\/\/aureliusjewelry.com\/de\/product\/feuer-element-verlobungsring-mit-birnen-cabochon-sonnenstein-und-orangefarbenem-saphir\/#primaryimage"},"thumbnailUrl":"https:\/\/aureliusjewelry.com\/wp-content\/uploads\/birnen-sonnenstein-cluster-ring-vorder-seitenansicht.jpg","datePublished":"2021-02-03T20:50:31+00:00","dateModified":"2026-03-23T19:49:36+00:00","breadcrumb":{"@id":"https:\/\/aureliusjewelry.com\/de\/product\/feuer-element-verlobungsring-mit-birnen-cabochon-sonnenstein-und-orangefarbenem-saphir\/#breadcrumb"},"inLanguage":"de","potentialAction":[{"@type":"ReadAction","target":["https:\/\/aureliusjewelry.com\/de\/product\/feuer-element-verlobungsring-mit-birnen-cabochon-sonnenstein-und-orangefarbenem-saphir\/"]}]},{"@type":"ImageObject","inLanguage":"de","@id":"https:\/\/aureliusjewelry.com\/de\/product\/feuer-element-verlobungsring-mit-birnen-cabochon-sonnenstein-und-orangefarbenem-saphir\/#primaryimage","url":"https:\/\/aureliusjewelry.com\/wp-content\/uploads\/birnen-sonnenstein-cluster-ring-vorder-seitenansicht.jpg","contentUrl":"https:\/\/aureliusjewelry.com\/wp-content\/uploads\/birnen-sonnenstein-cluster-ring-vorder-seitenansicht.jpg","width":1920,"height":1440,"caption":"birnen Sonnenstein Cluster Ring Vorder Seitenansicht"},{"@type":"BreadcrumbList","@id":"https:\/\/aureliusjewelry.com\/de\/product\/feuer-element-verlobungsring-mit-birnen-cabochon-sonnenstein-und-orangefarbenem-saphir\/#breadcrumb","itemListElement":[{"@type":"ListItem","position":1,"name":"Home","item":"https:\/\/aureliusjewelry.com\/de\/"},{"@type":"ListItem","position":2,"name":"Shop","item":"https:\/\/aureliusjewelry.com\/de\/shop\/"},{"@type":"ListItem","position":3,"name":"Feuer-Element &#8211; Verlobungsring mit Birnen-Cabochon-Sonnenstein und orangefarbenem Saphir"}]},{"@type":"WebSite","@id":"https:\/\/aureliusjewelry.com\/de\/#website","url":"https:\/\/aureliusjewelry.com\/de\/","name":"Aurelius Jewelry","description":"Handmade Fine Gold Jewelry","publisher":{"@id":"https:\/\/aureliusjewelry.com\/de\/#organization"},"potentialAction":[{"@type":"SearchAction","target":{"@type":"EntryPoint","urlTemplate":"https:\/\/aureliusjewelry.com\/de\/?s={search_term_string}"},"query-input":{"@type":"PropertyValueSpecification","valueRequired":true,"valueName":"search_term_string"}}],"inLanguage":"de"},{"@type":"Organization","@id":"https:\/\/aureliusjewelry.com\/de\/#organization","name":"Aurelius Jewelry","url":"https:\/\/aureliusjewelry.com\/de\/","logo":{"@type":"ImageObject","inLanguage":"de","@id":"https:\/\/aureliusjewelry.com\/de\/#\/schema\/logo\/image\/","url":"https:\/\/aureliusjewelry.com\/wp-content\/uploads\/logo.png","contentUrl":"https:\/\/aureliusjewelry.com\/wp-content\/uploads\/logo.png","width":400,"height":64,"caption":"Aurelius Jewelry"},"image":{"@id":"https:\/\/aureliusjewelry.com\/de\/#\/schema\/logo\/image\/"},"sameAs":["https:\/\/www.facebook.com\/AureliusJewelry\/","https:\/\/x.com\/AureliusJewelry","https:\/\/instagram.com\/aureliusjewelry","https:\/\/www.pinterest.com\/AureliusJewelry\/"],"email":"info@aureliusjewelry.com","foundingDate":"2018-10-01","vatID":"SI10391070","hasMerchantReturnPolicy":{"@type":"MerchantReturnPolicy","merchantReturnLink":"https:\/\/aureliusjewelry.com\/our-policies\/terms-conditions\/"}}]},"og_availability":"instock","product_availability":"instock","product_retailer_item_id":"18277","product_condition":"new"},"_links":{"self":[{"href":"https:\/\/aureliusjewelry.com\/de\/wp-json\/wp\/v2\/product\/19459","targetHints":{"allow":["GET"]}}],"collection":[{"href":"https:\/\/aureliusjewelry.com\/de\/wp-json\/wp\/v2\/product"}],"about":[{"href":"https:\/\/aureliusjewelry.com\/de\/wp-json\/wp\/v2\/types\/product"}],"replies":[{"embeddable":true,"href":"https:\/\/aureliusjewelry.com\/de\/wp-json\/wp\/v2\/comments?post=19459"}],"wp:featuredmedia":[{"embeddable":true,"href":"https:\/\/aureliusjewelry.com\/de\/wp-json\/wp\/v2\/media\/18291"}],"wp:attachment":[{"href":"https:\/\/aureliusjewelry.com\/de\/wp-json\/wp\/v2\/media?parent=19459"}],"wp:term":[{"taxonomy":"product_brand","embeddable":true,"href":"https:\/\/aureliusjewelry.com\/de\/wp-json\/wp\/v2\/product_brand?post=19459"},{"taxonomy":"product_cat","embeddable":true,"href":"https:\/\/aureliusjewelry.com\/de\/wp-json\/wp\/v2\/product_cat?post=19459"},{"taxonomy":"product_tag","embeddable":true,"href":"https:\/\/aureliusjewelry.com\/de\/wp-json\/wp\/v2\/product_tag?post=19459"}],"curies":[{"name":"wp","href":"https:\/\/api.w.org\/{rel}","templated":true}]}}