{"id":19447,"date":"2021-02-03T23:24:35","date_gmt":"2021-02-03T21:24:35","guid":{"rendered":"http:\/\/127.0.0.1\/product\/erde-element-brauner-salz-und-pfeffer-diamant-im-rosenschliff-und-smaragd-trauring-set\/"},"modified":"2026-03-23T21:50:19","modified_gmt":"2026-03-23T19:50:19","slug":"erde-element-brauner-salz-und-pfeffer-diamant-im-rosenschliff-und-smaragd-trauring-set","status":"publish","type":"product","link":"https:\/\/aureliusjewelry.com\/de\/product\/erde-element-brauner-salz-und-pfeffer-diamant-im-rosenschliff-und-smaragd-trauring-set\/","title":{"rendered":"Erde Element &#8211; Brauner Salz- und Pfeffer-Diamant im Rosenschliff und Smaragd-Trauring-Set"},"content":{"rendered":"<p><strong>Verlobungsringl<\/strong><br \/>\n&#8211; runder brauner Salz- und Pfefferdiamant im Rosenschliff<br \/>\n&#8211; ca. 6-7mm<\/p>\n<p>&#8211; Marquise und runder Peridot<br \/>\n&#8211; ca. 4x2mm, 1.5mm<\/p>\n<p>&#8211; Marquise Diamant<br \/>\n&#8211; ca. 3&#215;1.5mm<br \/>\n&#8211; F\/G-Farbe, VS-Klarheit, konfliktfrei<\/p>\n<p>&#8211; runder Smaragd<br \/>\n&#8211; ca. 1.3mm<\/p>\n<p><strong>Ehering<\/strong><br \/>\n&#8211; Marquise-Diamanten und runde Diamanten<br \/>\n&#8211; ca. 3&#215;1.5mm, 1mm (2)<br \/>\n&#8211; F\/G-Farbe, VS-Klarheit, konfliktfrei<\/p>\n<p>&#8211; runder Smaragd<br \/>\n&#8211; ca. 1.5mm<\/p>\n<p>&#8211; runder Peridot<br \/>\n&#8211; ca. 1.3mm<\/p>\n<p><strong>Ringma\u00dfe und Material<\/strong><br \/>\n&#8211; ca. 1,5 mm breit, 1,6 mm dick<br \/>\n&#8211; erh\u00e4ltlich in 14K\/18K Gelb-, Wei\u00df- oder Ros\u00e9gold und Platin<br \/>\n&#8211; US-Ringgr\u00f6\u00dfe 3-9, kleinere oder gr\u00f6\u00dfere Gr\u00f6\u00dfen auf Anfrage erh\u00e4ltlich<\/p>\n","protected":false},"excerpt":{"rendered":"<p>Erde Element Ehering Set mit einem einmaligen runden braunen Salz- und Pfeffer-Diamanten im Rosenschliff in der Mitte und Smaragd, Peridot und Diamant als Seitensteinen als Bl\u00e4tter ist die perfekte Passform f\u00fcr eine moderne Braut, die die Natur liebt. Der asymmetrische alternative Cluster-Verlobungsring, der die Erde und Bl\u00e4tter symbolisiert, wird mit einem passenden offenen Stapel-Ehering gepaart.<\/p>\n<p>Dieses Set ist ein Originaldesign von Aurelius und ist Teil unserer Elemental-Kollektion mit vier einzigartigen Ringsets, die von den vier Elementen inspiriert sind &#8211; Feuer, Wasser, Erde und Luft. Die Tierkreiszeichen, die mit dem Erdelement verbunden sind, sind Steinbock, Stier und Jungfrau.<\/p>\n","protected":false},"featured_media":18368,"comment_status":"open","ping_status":"closed","template":"","meta":[],"product_brand":[],"product_cat":[519,469,536,1074,1528],"product_tag":[728,1250,633,1263],"class_list":{"0":"post-19447","1":"product","2":"type-product","3":"status-publish","4":"has-post-thumbnail","6":"product_cat-ehering-sets","7":"product_cat-elemente","8":"product_cat-ringe","9":"product_cat-salz-und-pfeffer-diamant-ehering","10":"product_cat-zweiteiliger-ehering","11":"product_tag-production_time_3_5-de","12":"product_tag-ring-paar","13":"product_tag-ringe-tag","14":"product_tag-salz-und-pfefferdiamant","16":"first","17":"onbackorder","18":"sold-individually","19":"taxable","20":"shipping-taxable","21":"purchasable","22":"product-type-variable"},"yoast_head":"<title>Erde Element - Brauner Salz- und Pfeffer-Diamant im Rosenschliff und Smaragd-Trauring-Set - Aurelius Jewelry<\/title>\n<meta name=\"robots\" content=\"index, follow, max-snippet:-1, max-image-preview:large, max-video-preview:-1\" \/>\n<link rel=\"canonical\" href=\"https:\/\/aureliusjewelry.com\/de\/product\/erde-element-brauner-salz-und-pfeffer-diamant-im-rosenschliff-und-smaragd-trauring-set\/\" \/>\n<meta property=\"og:locale\" content=\"de_DE\" \/>\n<meta property=\"og:type\" content=\"article\" \/>\n<meta property=\"og:title\" content=\"Erde Element - Brauner Salz- und Pfeffer-Diamant im Rosenschliff und Smaragd-Trauring-Set - Aurelius Jewelry\" \/>\n<meta property=\"og:description\" content=\"%\" \/>\n<meta property=\"og:url\" content=\"https:\/\/aureliusjewelry.com\/de\/product\/erde-element-brauner-salz-und-pfeffer-diamant-im-rosenschliff-und-smaragd-trauring-set\/\" \/>\n<meta property=\"og:site_name\" content=\"Aurelius Jewelry\" \/>\n<meta property=\"article:publisher\" content=\"https:\/\/www.facebook.com\/AureliusJewelry\/\" \/>\n<meta property=\"article:modified_time\" content=\"2026-03-23T19:50:19+00:00\" \/>\n<meta property=\"og:image\" content=\"https:\/\/aureliusjewelry.com\/wp-content\/uploads\/erde-element-salz-und-pfeffer-diamant-ehering-set.jpg\" \/>\n\t<meta property=\"og:image:width\" content=\"1920\" \/>\n\t<meta property=\"og:image:height\" content=\"1440\" \/>\n\t<meta property=\"og:image:type\" content=\"image\/jpeg\" \/>\n<meta name=\"twitter:card\" content=\"summary_large_image\" \/>\n<meta name=\"twitter:site\" content=\"@AureliusJewelry\" \/>\n<script type=\"application\/ld+json\" class=\"yoast-schema-graph\">{\"@context\":\"https:\\\/\\\/schema.org\",\"@graph\":[{\"@type\":\"WebPage\",\"@id\":\"https:\\\/\\\/aureliusjewelry.com\\\/de\\\/product\\\/erde-element-brauner-salz-und-pfeffer-diamant-im-rosenschliff-und-smaragd-trauring-set\\\/\",\"url\":\"https:\\\/\\\/aureliusjewelry.com\\\/de\\\/product\\\/erde-element-brauner-salz-und-pfeffer-diamant-im-rosenschliff-und-smaragd-trauring-set\\\/\",\"name\":\"Erde Element - Brauner Salz- und Pfeffer-Diamant im Rosenschliff und Smaragd-Trauring-Set - Aurelius Jewelry\",\"isPartOf\":{\"@id\":\"https:\\\/\\\/aureliusjewelry.com\\\/de\\\/#website\"},\"primaryImageOfPage\":{\"@id\":\"https:\\\/\\\/aureliusjewelry.com\\\/de\\\/product\\\/erde-element-brauner-salz-und-pfeffer-diamant-im-rosenschliff-und-smaragd-trauring-set\\\/#primaryimage\"},\"image\":{\"@id\":\"https:\\\/\\\/aureliusjewelry.com\\\/de\\\/product\\\/erde-element-brauner-salz-und-pfeffer-diamant-im-rosenschliff-und-smaragd-trauring-set\\\/#primaryimage\"},\"thumbnailUrl\":\"https:\\\/\\\/aureliusjewelry.com\\\/wp-content\\\/uploads\\\/erde-element-salz-und-pfeffer-diamant-ehering-set.jpg\",\"datePublished\":\"2021-02-03T21:24:35+00:00\",\"dateModified\":\"2026-03-23T19:50:19+00:00\",\"breadcrumb\":{\"@id\":\"https:\\\/\\\/aureliusjewelry.com\\\/de\\\/product\\\/erde-element-brauner-salz-und-pfeffer-diamant-im-rosenschliff-und-smaragd-trauring-set\\\/#breadcrumb\"},\"inLanguage\":\"de\",\"potentialAction\":[{\"@type\":\"ReadAction\",\"target\":[\"https:\\\/\\\/aureliusjewelry.com\\\/de\\\/product\\\/erde-element-brauner-salz-und-pfeffer-diamant-im-rosenschliff-und-smaragd-trauring-set\\\/\"]}]},{\"@type\":\"ImageObject\",\"inLanguage\":\"de\",\"@id\":\"https:\\\/\\\/aureliusjewelry.com\\\/de\\\/product\\\/erde-element-brauner-salz-und-pfeffer-diamant-im-rosenschliff-und-smaragd-trauring-set\\\/#primaryimage\",\"url\":\"https:\\\/\\\/aureliusjewelry.com\\\/wp-content\\\/uploads\\\/erde-element-salz-und-pfeffer-diamant-ehering-set.jpg\",\"contentUrl\":\"https:\\\/\\\/aureliusjewelry.com\\\/wp-content\\\/uploads\\\/erde-element-salz-und-pfeffer-diamant-ehering-set.jpg\",\"width\":1920,\"height\":1440,\"caption\":\"Erde Element Salz und Pfeffer Diamant Ehering Set\"},{\"@type\":\"BreadcrumbList\",\"@id\":\"https:\\\/\\\/aureliusjewelry.com\\\/de\\\/product\\\/erde-element-brauner-salz-und-pfeffer-diamant-im-rosenschliff-und-smaragd-trauring-set\\\/#breadcrumb\",\"itemListElement\":[{\"@type\":\"ListItem\",\"position\":1,\"name\":\"Home\",\"item\":\"https:\\\/\\\/aureliusjewelry.com\\\/de\\\/\"},{\"@type\":\"ListItem\",\"position\":2,\"name\":\"Shop\",\"item\":\"https:\\\/\\\/aureliusjewelry.com\\\/de\\\/shop\\\/\"},{\"@type\":\"ListItem\",\"position\":3,\"name\":\"Erde Element &#8211; Brauner Salz- und Pfeffer-Diamant im Rosenschliff und Smaragd-Trauring-Set\"}]},{\"@type\":\"WebSite\",\"@id\":\"https:\\\/\\\/aureliusjewelry.com\\\/de\\\/#website\",\"url\":\"https:\\\/\\\/aureliusjewelry.com\\\/de\\\/\",\"name\":\"Aurelius Jewelry\",\"description\":\"Handmade Fine Gold Jewelry\",\"publisher\":{\"@id\":\"https:\\\/\\\/aureliusjewelry.com\\\/de\\\/#organization\"},\"potentialAction\":[{\"@type\":\"SearchAction\",\"target\":{\"@type\":\"EntryPoint\",\"urlTemplate\":\"https:\\\/\\\/aureliusjewelry.com\\\/de\\\/?s={search_term_string}\"},\"query-input\":{\"@type\":\"PropertyValueSpecification\",\"valueRequired\":true,\"valueName\":\"search_term_string\"}}],\"inLanguage\":\"de\"},{\"@type\":\"Organization\",\"@id\":\"https:\\\/\\\/aureliusjewelry.com\\\/de\\\/#organization\",\"name\":\"Aurelius Jewelry\",\"url\":\"https:\\\/\\\/aureliusjewelry.com\\\/de\\\/\",\"logo\":{\"@type\":\"ImageObject\",\"inLanguage\":\"de\",\"@id\":\"https:\\\/\\\/aureliusjewelry.com\\\/de\\\/#\\\/schema\\\/logo\\\/image\\\/\",\"url\":\"https:\\\/\\\/aureliusjewelry.com\\\/wp-content\\\/uploads\\\/logo.png\",\"contentUrl\":\"https:\\\/\\\/aureliusjewelry.com\\\/wp-content\\\/uploads\\\/logo.png\",\"width\":400,\"height\":64,\"caption\":\"Aurelius Jewelry\"},\"image\":{\"@id\":\"https:\\\/\\\/aureliusjewelry.com\\\/de\\\/#\\\/schema\\\/logo\\\/image\\\/\"},\"sameAs\":[\"https:\\\/\\\/www.facebook.com\\\/AureliusJewelry\\\/\",\"https:\\\/\\\/x.com\\\/AureliusJewelry\",\"https:\\\/\\\/instagram.com\\\/aureliusjewelry\",\"https:\\\/\\\/www.pinterest.com\\\/AureliusJewelry\\\/\"],\"email\":\"info@aureliusjewelry.com\",\"foundingDate\":\"2018-10-01\",\"vatID\":\"SI10391070\",\"hasMerchantReturnPolicy\":{\"@type\":\"MerchantReturnPolicy\",\"merchantReturnLink\":\"https:\\\/\\\/aureliusjewelry.com\\\/our-policies\\\/terms-conditions\\\/\"}}]}<\/script>\n<meta property=\"og:availability\" content=\"backorder\" \/>\n<meta property=\"product:availability\" content=\"available for order\" \/>\n<meta property=\"product:retailer_item_id\" content=\"18364\" \/>\n<meta property=\"product:condition\" content=\"new\" \/>","yoast_head_json":{"title":"Erde Element - Brauner Salz- und Pfeffer-Diamant im Rosenschliff und Smaragd-Trauring-Set - Aurelius Jewelry","robots":{"index":"index","follow":"follow","max-snippet":"max-snippet:-1","max-image-preview":"max-image-preview:large","max-video-preview":"max-video-preview:-1"},"canonical":"https:\/\/aureliusjewelry.com\/de\/product\/erde-element-brauner-salz-und-pfeffer-diamant-im-rosenschliff-und-smaragd-trauring-set\/","og_locale":"de_DE","og_type":"article","og_title":"Erde Element - Brauner Salz- und Pfeffer-Diamant im Rosenschliff und Smaragd-Trauring-Set - Aurelius Jewelry","og_description":"%","og_url":"https:\/\/aureliusjewelry.com\/de\/product\/erde-element-brauner-salz-und-pfeffer-diamant-im-rosenschliff-und-smaragd-trauring-set\/","og_site_name":"Aurelius Jewelry","article_publisher":"https:\/\/www.facebook.com\/AureliusJewelry\/","article_modified_time":"2026-03-23T19:50:19+00:00","og_image":[{"width":1920,"height":1440,"url":"https:\/\/aureliusjewelry.com\/wp-content\/uploads\/erde-element-salz-und-pfeffer-diamant-ehering-set.jpg","type":"image\/jpeg"}],"twitter_card":"summary_large_image","twitter_site":"@AureliusJewelry","schema":{"@context":"https:\/\/schema.org","@graph":[{"@type":"WebPage","@id":"https:\/\/aureliusjewelry.com\/de\/product\/erde-element-brauner-salz-und-pfeffer-diamant-im-rosenschliff-und-smaragd-trauring-set\/","url":"https:\/\/aureliusjewelry.com\/de\/product\/erde-element-brauner-salz-und-pfeffer-diamant-im-rosenschliff-und-smaragd-trauring-set\/","name":"Erde Element - Brauner Salz- und Pfeffer-Diamant im Rosenschliff und Smaragd-Trauring-Set - Aurelius Jewelry","isPartOf":{"@id":"https:\/\/aureliusjewelry.com\/de\/#website"},"primaryImageOfPage":{"@id":"https:\/\/aureliusjewelry.com\/de\/product\/erde-element-brauner-salz-und-pfeffer-diamant-im-rosenschliff-und-smaragd-trauring-set\/#primaryimage"},"image":{"@id":"https:\/\/aureliusjewelry.com\/de\/product\/erde-element-brauner-salz-und-pfeffer-diamant-im-rosenschliff-und-smaragd-trauring-set\/#primaryimage"},"thumbnailUrl":"https:\/\/aureliusjewelry.com\/wp-content\/uploads\/erde-element-salz-und-pfeffer-diamant-ehering-set.jpg","datePublished":"2021-02-03T21:24:35+00:00","dateModified":"2026-03-23T19:50:19+00:00","breadcrumb":{"@id":"https:\/\/aureliusjewelry.com\/de\/product\/erde-element-brauner-salz-und-pfeffer-diamant-im-rosenschliff-und-smaragd-trauring-set\/#breadcrumb"},"inLanguage":"de","potentialAction":[{"@type":"ReadAction","target":["https:\/\/aureliusjewelry.com\/de\/product\/erde-element-brauner-salz-und-pfeffer-diamant-im-rosenschliff-und-smaragd-trauring-set\/"]}]},{"@type":"ImageObject","inLanguage":"de","@id":"https:\/\/aureliusjewelry.com\/de\/product\/erde-element-brauner-salz-und-pfeffer-diamant-im-rosenschliff-und-smaragd-trauring-set\/#primaryimage","url":"https:\/\/aureliusjewelry.com\/wp-content\/uploads\/erde-element-salz-und-pfeffer-diamant-ehering-set.jpg","contentUrl":"https:\/\/aureliusjewelry.com\/wp-content\/uploads\/erde-element-salz-und-pfeffer-diamant-ehering-set.jpg","width":1920,"height":1440,"caption":"Erde Element Salz und Pfeffer Diamant Ehering Set"},{"@type":"BreadcrumbList","@id":"https:\/\/aureliusjewelry.com\/de\/product\/erde-element-brauner-salz-und-pfeffer-diamant-im-rosenschliff-und-smaragd-trauring-set\/#breadcrumb","itemListElement":[{"@type":"ListItem","position":1,"name":"Home","item":"https:\/\/aureliusjewelry.com\/de\/"},{"@type":"ListItem","position":2,"name":"Shop","item":"https:\/\/aureliusjewelry.com\/de\/shop\/"},{"@type":"ListItem","position":3,"name":"Erde Element &#8211; Brauner Salz- und Pfeffer-Diamant im Rosenschliff und Smaragd-Trauring-Set"}]},{"@type":"WebSite","@id":"https:\/\/aureliusjewelry.com\/de\/#website","url":"https:\/\/aureliusjewelry.com\/de\/","name":"Aurelius Jewelry","description":"Handmade Fine Gold Jewelry","publisher":{"@id":"https:\/\/aureliusjewelry.com\/de\/#organization"},"potentialAction":[{"@type":"SearchAction","target":{"@type":"EntryPoint","urlTemplate":"https:\/\/aureliusjewelry.com\/de\/?s={search_term_string}"},"query-input":{"@type":"PropertyValueSpecification","valueRequired":true,"valueName":"search_term_string"}}],"inLanguage":"de"},{"@type":"Organization","@id":"https:\/\/aureliusjewelry.com\/de\/#organization","name":"Aurelius Jewelry","url":"https:\/\/aureliusjewelry.com\/de\/","logo":{"@type":"ImageObject","inLanguage":"de","@id":"https:\/\/aureliusjewelry.com\/de\/#\/schema\/logo\/image\/","url":"https:\/\/aureliusjewelry.com\/wp-content\/uploads\/logo.png","contentUrl":"https:\/\/aureliusjewelry.com\/wp-content\/uploads\/logo.png","width":400,"height":64,"caption":"Aurelius Jewelry"},"image":{"@id":"https:\/\/aureliusjewelry.com\/de\/#\/schema\/logo\/image\/"},"sameAs":["https:\/\/www.facebook.com\/AureliusJewelry\/","https:\/\/x.com\/AureliusJewelry","https:\/\/instagram.com\/aureliusjewelry","https:\/\/www.pinterest.com\/AureliusJewelry\/"],"email":"info@aureliusjewelry.com","foundingDate":"2018-10-01","vatID":"SI10391070","hasMerchantReturnPolicy":{"@type":"MerchantReturnPolicy","merchantReturnLink":"https:\/\/aureliusjewelry.com\/our-policies\/terms-conditions\/"}}]},"og_availability":"backorder","product_availability":"available for order","product_retailer_item_id":"18364","product_condition":"new"},"_links":{"self":[{"href":"https:\/\/aureliusjewelry.com\/de\/wp-json\/wp\/v2\/product\/19447","targetHints":{"allow":["GET"]}}],"collection":[{"href":"https:\/\/aureliusjewelry.com\/de\/wp-json\/wp\/v2\/product"}],"about":[{"href":"https:\/\/aureliusjewelry.com\/de\/wp-json\/wp\/v2\/types\/product"}],"replies":[{"embeddable":true,"href":"https:\/\/aureliusjewelry.com\/de\/wp-json\/wp\/v2\/comments?post=19447"}],"wp:featuredmedia":[{"embeddable":true,"href":"https:\/\/aureliusjewelry.com\/de\/wp-json\/wp\/v2\/media\/18368"}],"wp:attachment":[{"href":"https:\/\/aureliusjewelry.com\/de\/wp-json\/wp\/v2\/media?parent=19447"}],"wp:term":[{"taxonomy":"product_brand","embeddable":true,"href":"https:\/\/aureliusjewelry.com\/de\/wp-json\/wp\/v2\/product_brand?post=19447"},{"taxonomy":"product_cat","embeddable":true,"href":"https:\/\/aureliusjewelry.com\/de\/wp-json\/wp\/v2\/product_cat?post=19447"},{"taxonomy":"product_tag","embeddable":true,"href":"https:\/\/aureliusjewelry.com\/de\/wp-json\/wp\/v2\/product_tag?post=19447"}],"curies":[{"name":"wp","href":"https:\/\/api.w.org\/{rel}","templated":true}]}}