{"id":19395,"date":"2021-02-02T00:41:07","date_gmt":"2021-02-01T22:41:07","guid":{"rendered":"http:\/\/127.0.0.1\/product\/victoria-sechseck-amethyst-und-tansanit-cluster-ring-set\/"},"modified":"2026-03-23T22:03:07","modified_gmt":"2026-03-23T20:03:07","slug":"victoria-sechseck-amethyst-und-tansanit-cluster-ring-set","status":"publish","type":"product","link":"https:\/\/aureliusjewelry.com\/de\/product\/victoria-sechseck-amethyst-und-tansanit-cluster-ring-set\/","title":{"rendered":"Victoria Sechseck Amethyst und Tansanit Cluster Ring Set"},"content":{"rendered":"<p><strong>Hauptstein<\/strong><br \/>\n&#8211; sechseckiger Amethyst<br \/>\n&#8211; ca. 6mm<\/p>\n<p><strong>Seitensteine<\/strong><br \/>\n&#8211; trillion tanzanite<br \/>\n&#8211; ca. 3x3x3mm<\/p>\n<p>&#8211; runder Amethyst und Tansanit<br \/>\n&#8211; ca. 1.5mm<\/p>\n<p>&#8211; birnenf\u00f6rmige und runde Diamanten<br \/>\n&#8211; ca. 3&#215;2, 2mm, 1.5mm<br \/>\n&#8211; F\/G-Farbe, VS-Klarheit, konfliktfrei<\/p>\n<p><strong>Ringma\u00dfe und Material<\/strong><br \/>\n&#8211; ca. 1,5 mm breit, 1,6 mm dick<br \/>\n&#8211; erh\u00e4ltlich in 14K\/18K Gelb-, Wei\u00df- oder Ros\u00e9gold und Platin<br \/>\n&#8211; US-Ringgr\u00f6\u00dfe 3-9, kleinere oder gr\u00f6\u00dfere Gr\u00f6\u00dfen auf Anfrage erh\u00e4ltlich<\/p>\n","protected":false},"excerpt":{"rendered":"<p>Victoria ist unser einzigartiger Cluster-Ring mit einer Vielzahl von Steintypen und Schliffen, angeordnet in einem symmetrischen Cluster-Verlobungsring mit einem sechseckigen Amethyst als Hauptstein. Der Amethyst ist ein Symbol f\u00fcr Spiritualit\u00e4t, Integrit\u00e4t und Reinheit des Herzens. Seine Farbe ist auch daf\u00fcr bekannt, Stolz, Adel und K\u00f6nigtum zu repr\u00e4sentieren. Wir haben ihn mit einem schlichten Chevron-Ehering gepaart, der auf beiden Seiten passt und die Edelsteine im Zentrum der Aufmerksamkeit h\u00e4lt.<\/p>\n","protected":false},"featured_media":18023,"comment_status":"open","ping_status":"closed","template":"","meta":[],"product_brand":[],"product_cat":[519,479,536,475,1528],"product_tag":[1157,728,1250,633,1070],"class_list":{"0":"post-19395","1":"product","2":"type-product","3":"status-publish","4":"has-post-thumbnail","6":"product_cat-ehering-sets","7":"product_cat-gepaart","8":"product_cat-ringe","9":"product_cat-verbund","10":"product_cat-zweiteiliger-ehering","11":"product_tag-amethyst-de","12":"product_tag-production_time_3_5-de","13":"product_tag-ring-paar","14":"product_tag-ringe-tag","15":"product_tag-sechseck","17":"first","18":"onbackorder","19":"sold-individually","20":"taxable","21":"shipping-taxable","22":"purchasable","23":"product-type-variable"},"yoast_head":"<title>Victoria Sechseck Amethyst und Tansanit Cluster Ring Set - Aurelius Jewelry<\/title>\n<meta name=\"robots\" content=\"index, follow, max-snippet:-1, max-image-preview:large, max-video-preview:-1\" \/>\n<link rel=\"canonical\" href=\"https:\/\/aureliusjewelry.com\/de\/product\/victoria-sechseck-amethyst-und-tansanit-cluster-ring-set\/\" \/>\n<meta property=\"og:locale\" content=\"de_DE\" \/>\n<meta property=\"og:type\" content=\"article\" \/>\n<meta property=\"og:title\" content=\"Victoria Sechseck Amethyst und Tansanit Cluster Ring Set - Aurelius Jewelry\" \/>\n<meta property=\"og:description\" content=\"%\" \/>\n<meta property=\"og:url\" content=\"https:\/\/aureliusjewelry.com\/de\/product\/victoria-sechseck-amethyst-und-tansanit-cluster-ring-set\/\" \/>\n<meta property=\"og:site_name\" content=\"Aurelius Jewelry\" \/>\n<meta property=\"article:publisher\" content=\"https:\/\/www.facebook.com\/AureliusJewelry\/\" \/>\n<meta property=\"article:modified_time\" content=\"2026-03-23T20:03:07+00:00\" \/>\n<meta property=\"og:image\" content=\"https:\/\/aureliusjewelry.com\/wp-content\/uploads\/hexagon-amethyst-verlobungs-cluster-ehering-set.jpg\" \/>\n\t<meta property=\"og:image:width\" content=\"1920\" \/>\n\t<meta property=\"og:image:height\" content=\"1440\" \/>\n\t<meta property=\"og:image:type\" content=\"image\/jpeg\" \/>\n<meta name=\"twitter:card\" content=\"summary_large_image\" \/>\n<meta name=\"twitter:site\" content=\"@AureliusJewelry\" \/>\n<script type=\"application\/ld+json\" class=\"yoast-schema-graph\">{\"@context\":\"https:\\\/\\\/schema.org\",\"@graph\":[{\"@type\":\"WebPage\",\"@id\":\"https:\\\/\\\/aureliusjewelry.com\\\/de\\\/product\\\/victoria-sechseck-amethyst-und-tansanit-cluster-ring-set\\\/\",\"url\":\"https:\\\/\\\/aureliusjewelry.com\\\/de\\\/product\\\/victoria-sechseck-amethyst-und-tansanit-cluster-ring-set\\\/\",\"name\":\"Victoria Sechseck Amethyst und Tansanit Cluster Ring Set - Aurelius Jewelry\",\"isPartOf\":{\"@id\":\"https:\\\/\\\/aureliusjewelry.com\\\/de\\\/#website\"},\"primaryImageOfPage\":{\"@id\":\"https:\\\/\\\/aureliusjewelry.com\\\/de\\\/product\\\/victoria-sechseck-amethyst-und-tansanit-cluster-ring-set\\\/#primaryimage\"},\"image\":{\"@id\":\"https:\\\/\\\/aureliusjewelry.com\\\/de\\\/product\\\/victoria-sechseck-amethyst-und-tansanit-cluster-ring-set\\\/#primaryimage\"},\"thumbnailUrl\":\"https:\\\/\\\/aureliusjewelry.com\\\/wp-content\\\/uploads\\\/hexagon-amethyst-verlobungs-cluster-ehering-set.jpg\",\"datePublished\":\"2021-02-01T22:41:07+00:00\",\"dateModified\":\"2026-03-23T20:03:07+00:00\",\"breadcrumb\":{\"@id\":\"https:\\\/\\\/aureliusjewelry.com\\\/de\\\/product\\\/victoria-sechseck-amethyst-und-tansanit-cluster-ring-set\\\/#breadcrumb\"},\"inLanguage\":\"de\",\"potentialAction\":[{\"@type\":\"ReadAction\",\"target\":[\"https:\\\/\\\/aureliusjewelry.com\\\/de\\\/product\\\/victoria-sechseck-amethyst-und-tansanit-cluster-ring-set\\\/\"]}]},{\"@type\":\"ImageObject\",\"inLanguage\":\"de\",\"@id\":\"https:\\\/\\\/aureliusjewelry.com\\\/de\\\/product\\\/victoria-sechseck-amethyst-und-tansanit-cluster-ring-set\\\/#primaryimage\",\"url\":\"https:\\\/\\\/aureliusjewelry.com\\\/wp-content\\\/uploads\\\/hexagon-amethyst-verlobungs-cluster-ehering-set.jpg\",\"contentUrl\":\"https:\\\/\\\/aureliusjewelry.com\\\/wp-content\\\/uploads\\\/hexagon-amethyst-verlobungs-cluster-ehering-set.jpg\",\"width\":1920,\"height\":1440,\"caption\":\"Hexagon Amethyst Verlobungs Cluster Ehering Set\"},{\"@type\":\"BreadcrumbList\",\"@id\":\"https:\\\/\\\/aureliusjewelry.com\\\/de\\\/product\\\/victoria-sechseck-amethyst-und-tansanit-cluster-ring-set\\\/#breadcrumb\",\"itemListElement\":[{\"@type\":\"ListItem\",\"position\":1,\"name\":\"Home\",\"item\":\"https:\\\/\\\/aureliusjewelry.com\\\/de\\\/\"},{\"@type\":\"ListItem\",\"position\":2,\"name\":\"Shop\",\"item\":\"https:\\\/\\\/aureliusjewelry.com\\\/de\\\/shop\\\/\"},{\"@type\":\"ListItem\",\"position\":3,\"name\":\"Victoria Sechseck Amethyst und Tansanit Cluster Ring Set\"}]},{\"@type\":\"WebSite\",\"@id\":\"https:\\\/\\\/aureliusjewelry.com\\\/de\\\/#website\",\"url\":\"https:\\\/\\\/aureliusjewelry.com\\\/de\\\/\",\"name\":\"Aurelius Jewelry\",\"description\":\"Handmade Fine Gold Jewelry\",\"publisher\":{\"@id\":\"https:\\\/\\\/aureliusjewelry.com\\\/de\\\/#organization\"},\"potentialAction\":[{\"@type\":\"SearchAction\",\"target\":{\"@type\":\"EntryPoint\",\"urlTemplate\":\"https:\\\/\\\/aureliusjewelry.com\\\/de\\\/?s={search_term_string}\"},\"query-input\":{\"@type\":\"PropertyValueSpecification\",\"valueRequired\":true,\"valueName\":\"search_term_string\"}}],\"inLanguage\":\"de\"},{\"@type\":\"Organization\",\"@id\":\"https:\\\/\\\/aureliusjewelry.com\\\/de\\\/#organization\",\"name\":\"Aurelius Jewelry\",\"url\":\"https:\\\/\\\/aureliusjewelry.com\\\/de\\\/\",\"logo\":{\"@type\":\"ImageObject\",\"inLanguage\":\"de\",\"@id\":\"https:\\\/\\\/aureliusjewelry.com\\\/de\\\/#\\\/schema\\\/logo\\\/image\\\/\",\"url\":\"https:\\\/\\\/aureliusjewelry.com\\\/wp-content\\\/uploads\\\/logo.png\",\"contentUrl\":\"https:\\\/\\\/aureliusjewelry.com\\\/wp-content\\\/uploads\\\/logo.png\",\"width\":400,\"height\":64,\"caption\":\"Aurelius Jewelry\"},\"image\":{\"@id\":\"https:\\\/\\\/aureliusjewelry.com\\\/de\\\/#\\\/schema\\\/logo\\\/image\\\/\"},\"sameAs\":[\"https:\\\/\\\/www.facebook.com\\\/AureliusJewelry\\\/\",\"https:\\\/\\\/x.com\\\/AureliusJewelry\",\"https:\\\/\\\/instagram.com\\\/aureliusjewelry\",\"https:\\\/\\\/www.pinterest.com\\\/AureliusJewelry\\\/\"],\"email\":\"info@aureliusjewelry.com\",\"foundingDate\":\"2018-10-01\",\"vatID\":\"SI10391070\",\"hasMerchantReturnPolicy\":{\"@type\":\"MerchantReturnPolicy\",\"merchantReturnLink\":\"https:\\\/\\\/aureliusjewelry.com\\\/our-policies\\\/terms-conditions\\\/\"}}]}<\/script>\n<meta property=\"og:availability\" content=\"backorder\" \/>\n<meta property=\"product:availability\" content=\"available for order\" \/>\n<meta property=\"product:retailer_item_id\" content=\"18013\" \/>\n<meta property=\"product:condition\" content=\"new\" \/>","yoast_head_json":{"title":"Victoria Sechseck Amethyst und Tansanit Cluster Ring Set - Aurelius Jewelry","robots":{"index":"index","follow":"follow","max-snippet":"max-snippet:-1","max-image-preview":"max-image-preview:large","max-video-preview":"max-video-preview:-1"},"canonical":"https:\/\/aureliusjewelry.com\/de\/product\/victoria-sechseck-amethyst-und-tansanit-cluster-ring-set\/","og_locale":"de_DE","og_type":"article","og_title":"Victoria Sechseck Amethyst und Tansanit Cluster Ring Set - Aurelius Jewelry","og_description":"%","og_url":"https:\/\/aureliusjewelry.com\/de\/product\/victoria-sechseck-amethyst-und-tansanit-cluster-ring-set\/","og_site_name":"Aurelius Jewelry","article_publisher":"https:\/\/www.facebook.com\/AureliusJewelry\/","article_modified_time":"2026-03-23T20:03:07+00:00","og_image":[{"width":1920,"height":1440,"url":"https:\/\/aureliusjewelry.com\/wp-content\/uploads\/hexagon-amethyst-verlobungs-cluster-ehering-set.jpg","type":"image\/jpeg"}],"twitter_card":"summary_large_image","twitter_site":"@AureliusJewelry","schema":{"@context":"https:\/\/schema.org","@graph":[{"@type":"WebPage","@id":"https:\/\/aureliusjewelry.com\/de\/product\/victoria-sechseck-amethyst-und-tansanit-cluster-ring-set\/","url":"https:\/\/aureliusjewelry.com\/de\/product\/victoria-sechseck-amethyst-und-tansanit-cluster-ring-set\/","name":"Victoria Sechseck Amethyst und Tansanit Cluster Ring Set - Aurelius Jewelry","isPartOf":{"@id":"https:\/\/aureliusjewelry.com\/de\/#website"},"primaryImageOfPage":{"@id":"https:\/\/aureliusjewelry.com\/de\/product\/victoria-sechseck-amethyst-und-tansanit-cluster-ring-set\/#primaryimage"},"image":{"@id":"https:\/\/aureliusjewelry.com\/de\/product\/victoria-sechseck-amethyst-und-tansanit-cluster-ring-set\/#primaryimage"},"thumbnailUrl":"https:\/\/aureliusjewelry.com\/wp-content\/uploads\/hexagon-amethyst-verlobungs-cluster-ehering-set.jpg","datePublished":"2021-02-01T22:41:07+00:00","dateModified":"2026-03-23T20:03:07+00:00","breadcrumb":{"@id":"https:\/\/aureliusjewelry.com\/de\/product\/victoria-sechseck-amethyst-und-tansanit-cluster-ring-set\/#breadcrumb"},"inLanguage":"de","potentialAction":[{"@type":"ReadAction","target":["https:\/\/aureliusjewelry.com\/de\/product\/victoria-sechseck-amethyst-und-tansanit-cluster-ring-set\/"]}]},{"@type":"ImageObject","inLanguage":"de","@id":"https:\/\/aureliusjewelry.com\/de\/product\/victoria-sechseck-amethyst-und-tansanit-cluster-ring-set\/#primaryimage","url":"https:\/\/aureliusjewelry.com\/wp-content\/uploads\/hexagon-amethyst-verlobungs-cluster-ehering-set.jpg","contentUrl":"https:\/\/aureliusjewelry.com\/wp-content\/uploads\/hexagon-amethyst-verlobungs-cluster-ehering-set.jpg","width":1920,"height":1440,"caption":"Hexagon Amethyst Verlobungs Cluster Ehering Set"},{"@type":"BreadcrumbList","@id":"https:\/\/aureliusjewelry.com\/de\/product\/victoria-sechseck-amethyst-und-tansanit-cluster-ring-set\/#breadcrumb","itemListElement":[{"@type":"ListItem","position":1,"name":"Home","item":"https:\/\/aureliusjewelry.com\/de\/"},{"@type":"ListItem","position":2,"name":"Shop","item":"https:\/\/aureliusjewelry.com\/de\/shop\/"},{"@type":"ListItem","position":3,"name":"Victoria Sechseck Amethyst und Tansanit Cluster Ring Set"}]},{"@type":"WebSite","@id":"https:\/\/aureliusjewelry.com\/de\/#website","url":"https:\/\/aureliusjewelry.com\/de\/","name":"Aurelius Jewelry","description":"Handmade Fine Gold Jewelry","publisher":{"@id":"https:\/\/aureliusjewelry.com\/de\/#organization"},"potentialAction":[{"@type":"SearchAction","target":{"@type":"EntryPoint","urlTemplate":"https:\/\/aureliusjewelry.com\/de\/?s={search_term_string}"},"query-input":{"@type":"PropertyValueSpecification","valueRequired":true,"valueName":"search_term_string"}}],"inLanguage":"de"},{"@type":"Organization","@id":"https:\/\/aureliusjewelry.com\/de\/#organization","name":"Aurelius Jewelry","url":"https:\/\/aureliusjewelry.com\/de\/","logo":{"@type":"ImageObject","inLanguage":"de","@id":"https:\/\/aureliusjewelry.com\/de\/#\/schema\/logo\/image\/","url":"https:\/\/aureliusjewelry.com\/wp-content\/uploads\/logo.png","contentUrl":"https:\/\/aureliusjewelry.com\/wp-content\/uploads\/logo.png","width":400,"height":64,"caption":"Aurelius Jewelry"},"image":{"@id":"https:\/\/aureliusjewelry.com\/de\/#\/schema\/logo\/image\/"},"sameAs":["https:\/\/www.facebook.com\/AureliusJewelry\/","https:\/\/x.com\/AureliusJewelry","https:\/\/instagram.com\/aureliusjewelry","https:\/\/www.pinterest.com\/AureliusJewelry\/"],"email":"info@aureliusjewelry.com","foundingDate":"2018-10-01","vatID":"SI10391070","hasMerchantReturnPolicy":{"@type":"MerchantReturnPolicy","merchantReturnLink":"https:\/\/aureliusjewelry.com\/our-policies\/terms-conditions\/"}}]},"og_availability":"backorder","product_availability":"available for order","product_retailer_item_id":"18013","product_condition":"new"},"_links":{"self":[{"href":"https:\/\/aureliusjewelry.com\/de\/wp-json\/wp\/v2\/product\/19395","targetHints":{"allow":["GET"]}}],"collection":[{"href":"https:\/\/aureliusjewelry.com\/de\/wp-json\/wp\/v2\/product"}],"about":[{"href":"https:\/\/aureliusjewelry.com\/de\/wp-json\/wp\/v2\/types\/product"}],"replies":[{"embeddable":true,"href":"https:\/\/aureliusjewelry.com\/de\/wp-json\/wp\/v2\/comments?post=19395"}],"wp:featuredmedia":[{"embeddable":true,"href":"https:\/\/aureliusjewelry.com\/de\/wp-json\/wp\/v2\/media\/18023"}],"wp:attachment":[{"href":"https:\/\/aureliusjewelry.com\/de\/wp-json\/wp\/v2\/media?parent=19395"}],"wp:term":[{"taxonomy":"product_brand","embeddable":true,"href":"https:\/\/aureliusjewelry.com\/de\/wp-json\/wp\/v2\/product_brand?post=19395"},{"taxonomy":"product_cat","embeddable":true,"href":"https:\/\/aureliusjewelry.com\/de\/wp-json\/wp\/v2\/product_cat?post=19395"},{"taxonomy":"product_tag","embeddable":true,"href":"https:\/\/aureliusjewelry.com\/de\/wp-json\/wp\/v2\/product_tag?post=19395"}],"curies":[{"name":"wp","href":"https:\/\/api.w.org\/{rel}","templated":true}]}}