{"id":19315,"date":"2020-12-21T12:41:45","date_gmt":"2020-12-21T10:41:45","guid":{"rendered":"http:\/\/127.0.0.1\/product\/sein-und-ihr-set-aus-horizontal-gehammerten-eheringen\/"},"modified":"2026-03-24T13:11:22","modified_gmt":"2026-03-24T11:11:22","slug":"sein-und-ihr-set-aus-horizontal-gehammerten-eheringen","status":"publish","type":"product","link":"https:\/\/aureliusjewelry.com\/de\/sein-und-ihr-set-aus-horizontal-gehammerten-eheringen\/","title":{"rendered":"Sein und Ihr Set aus horizontal geh\u00e4mmerten Eheringen"},"content":{"rendered":"<p><strong>Bandma\u00dfe und Material<\/strong><\/p>\n<ul>\n<li>2.5mm breit, 1.5mm dick (woman\u2019s band)<\/li>\n<li>4mm breit, 1.5mm dick (man\u2019s band)<\/li>\n<li>erh\u00e4ltlich in 14-kar\u00e4tigem\/18-kar\u00e4tigem Gelb-, Wei\u00dfoder Ros\u00e9gold und Platin<\/li>\n<li>US-Ringgr\u00f6\u00dfe 3\u20139, kleinere oder gr\u00f6\u00dfere Gr\u00f6\u00dfen auf Anfrage erh\u00e4ltlich<\/li>\n<\/ul>\n","protected":false},"excerpt":{"rendered":"<p>Zeigen Sie der Welt, dass Sie das perfekte Paar sind, mit einem Paar passender Eheringe! Die geh\u00e4mmerten Linien machen diese schlichten Ringe stilvoll und modern. Dieses Design kann auch mit verschiedenen Bandbreiten oder Oberfl\u00e4chen hergestellt werden, je nach Ihren Vorlieben.<\/p>\n","protected":false},"featured_media":12145,"comment_status":"open","ping_status":"closed","template":"","meta":[],"product_brand":[],"product_cat":[516,524,536],"product_tag":[1223,728,633,1069],"class_list":{"0":"post-19315","1":"product","2":"type-product","3":"status-publish","4":"has-post-thumbnail","6":"product_cat-eheringe","7":"product_cat-eheringe-fur-paare","8":"product_cat-ringe","9":"product_tag-ohne-stein","10":"product_tag-production_time_3_5-de","11":"product_tag-ringe-tag","12":"product_tag-ringe-de","14":"first","15":"onbackorder","16":"sold-individually","17":"taxable","18":"shipping-taxable","19":"purchasable","20":"product-type-variable"},"yoast_head":"<title>Sein und Ihr Set aus horizontal geh\u00e4mmerten Eheringen - Aurelius Jewelry<\/title>\n<meta name=\"robots\" content=\"index, follow, max-snippet:-1, max-image-preview:large, max-video-preview:-1\" \/>\n<link rel=\"canonical\" href=\"https:\/\/aureliusjewelry.com\/de\/sein-und-ihr-set-aus-horizontal-gehammerten-eheringen\/\" \/>\n<meta property=\"og:locale\" content=\"de_DE\" \/>\n<meta property=\"og:type\" content=\"article\" \/>\n<meta property=\"og:title\" content=\"Sein und Ihr Set aus horizontal geh\u00e4mmerten Eheringen - Aurelius Jewelry\" \/>\n<meta property=\"og:description\" content=\"%\" \/>\n<meta property=\"og:url\" content=\"https:\/\/aureliusjewelry.com\/de\/sein-und-ihr-set-aus-horizontal-gehammerten-eheringen\/\" \/>\n<meta property=\"og:site_name\" content=\"Aurelius Jewelry\" \/>\n<meta property=\"article:publisher\" content=\"https:\/\/www.facebook.com\/AureliusJewelry\/\" \/>\n<meta property=\"article:modified_time\" content=\"2026-03-24T11:11:22+00:00\" \/>\n<meta property=\"og:image\" content=\"https:\/\/aureliusjewelry.com\/wp-content\/uploads\/paare-hochzeitsringbander-ringe-horizontal-gehammert.jpg\" \/>\n\t<meta property=\"og:image:width\" content=\"1920\" \/>\n\t<meta property=\"og:image:height\" content=\"1440\" \/>\n\t<meta property=\"og:image:type\" content=\"image\/jpeg\" \/>\n<meta name=\"twitter:card\" content=\"summary_large_image\" \/>\n<meta name=\"twitter:site\" content=\"@AureliusJewelry\" \/>\n<script type=\"application\/ld+json\" class=\"yoast-schema-graph\">{\"@context\":\"https:\\\/\\\/schema.org\",\"@graph\":[{\"@type\":\"WebPage\",\"@id\":\"https:\\\/\\\/aureliusjewelry.com\\\/de\\\/sein-und-ihr-set-aus-horizontal-gehammerten-eheringen\\\/\",\"url\":\"https:\\\/\\\/aureliusjewelry.com\\\/de\\\/sein-und-ihr-set-aus-horizontal-gehammerten-eheringen\\\/\",\"name\":\"Sein und Ihr Set aus horizontal geh\u00e4mmerten Eheringen - Aurelius Jewelry\",\"isPartOf\":{\"@id\":\"https:\\\/\\\/aureliusjewelry.com\\\/de\\\/#website\"},\"primaryImageOfPage\":{\"@id\":\"https:\\\/\\\/aureliusjewelry.com\\\/de\\\/sein-und-ihr-set-aus-horizontal-gehammerten-eheringen\\\/#primaryimage\"},\"image\":{\"@id\":\"https:\\\/\\\/aureliusjewelry.com\\\/de\\\/sein-und-ihr-set-aus-horizontal-gehammerten-eheringen\\\/#primaryimage\"},\"thumbnailUrl\":\"https:\\\/\\\/aureliusjewelry.com\\\/wp-content\\\/uploads\\\/paare-hochzeitsringbander-ringe-horizontal-gehammert.jpg\",\"datePublished\":\"2020-12-21T10:41:45+00:00\",\"dateModified\":\"2026-03-24T11:11:22+00:00\",\"breadcrumb\":{\"@id\":\"https:\\\/\\\/aureliusjewelry.com\\\/de\\\/sein-und-ihr-set-aus-horizontal-gehammerten-eheringen\\\/#breadcrumb\"},\"inLanguage\":\"de\",\"potentialAction\":[{\"@type\":\"ReadAction\",\"target\":[\"https:\\\/\\\/aureliusjewelry.com\\\/de\\\/sein-und-ihr-set-aus-horizontal-gehammerten-eheringen\\\/\"]}]},{\"@type\":\"ImageObject\",\"inLanguage\":\"de\",\"@id\":\"https:\\\/\\\/aureliusjewelry.com\\\/de\\\/sein-und-ihr-set-aus-horizontal-gehammerten-eheringen\\\/#primaryimage\",\"url\":\"https:\\\/\\\/aureliusjewelry.com\\\/wp-content\\\/uploads\\\/paare-hochzeitsringbander-ringe-horizontal-gehammert.jpg\",\"contentUrl\":\"https:\\\/\\\/aureliusjewelry.com\\\/wp-content\\\/uploads\\\/paare-hochzeitsringbander-ringe-horizontal-gehammert.jpg\",\"width\":1920,\"height\":1440,\"caption\":\"Paare Hochzeitsringb\u00e4nder Ringe horizontal geh\u00e4mmert\"},{\"@type\":\"BreadcrumbList\",\"@id\":\"https:\\\/\\\/aureliusjewelry.com\\\/de\\\/sein-und-ihr-set-aus-horizontal-gehammerten-eheringen\\\/#breadcrumb\",\"itemListElement\":[{\"@type\":\"ListItem\",\"position\":1,\"name\":\"Home\",\"item\":\"https:\\\/\\\/aureliusjewelry.com\\\/de\\\/\"},{\"@type\":\"ListItem\",\"position\":2,\"name\":\"Shop\",\"item\":\"https:\\\/\\\/aureliusjewelry.com\\\/de\\\/shop\\\/\"},{\"@type\":\"ListItem\",\"position\":3,\"name\":\"Sein und Ihr Set aus horizontal geh\u00e4mmerten Eheringen\"}]},{\"@type\":\"WebSite\",\"@id\":\"https:\\\/\\\/aureliusjewelry.com\\\/de\\\/#website\",\"url\":\"https:\\\/\\\/aureliusjewelry.com\\\/de\\\/\",\"name\":\"Aurelius Jewelry\",\"description\":\"Handmade Fine Gold Jewelry\",\"publisher\":{\"@id\":\"https:\\\/\\\/aureliusjewelry.com\\\/de\\\/#organization\"},\"potentialAction\":[{\"@type\":\"SearchAction\",\"target\":{\"@type\":\"EntryPoint\",\"urlTemplate\":\"https:\\\/\\\/aureliusjewelry.com\\\/de\\\/?s={search_term_string}\"},\"query-input\":{\"@type\":\"PropertyValueSpecification\",\"valueRequired\":true,\"valueName\":\"search_term_string\"}}],\"inLanguage\":\"de\"},{\"@type\":\"Organization\",\"@id\":\"https:\\\/\\\/aureliusjewelry.com\\\/de\\\/#organization\",\"name\":\"Aurelius Jewelry\",\"url\":\"https:\\\/\\\/aureliusjewelry.com\\\/de\\\/\",\"logo\":{\"@type\":\"ImageObject\",\"inLanguage\":\"de\",\"@id\":\"https:\\\/\\\/aureliusjewelry.com\\\/de\\\/#\\\/schema\\\/logo\\\/image\\\/\",\"url\":\"https:\\\/\\\/aureliusjewelry.com\\\/wp-content\\\/uploads\\\/logo.png\",\"contentUrl\":\"https:\\\/\\\/aureliusjewelry.com\\\/wp-content\\\/uploads\\\/logo.png\",\"width\":400,\"height\":64,\"caption\":\"Aurelius Jewelry\"},\"image\":{\"@id\":\"https:\\\/\\\/aureliusjewelry.com\\\/de\\\/#\\\/schema\\\/logo\\\/image\\\/\"},\"sameAs\":[\"https:\\\/\\\/www.facebook.com\\\/AureliusJewelry\\\/\",\"https:\\\/\\\/x.com\\\/AureliusJewelry\",\"https:\\\/\\\/instagram.com\\\/aureliusjewelry\",\"https:\\\/\\\/www.pinterest.com\\\/AureliusJewelry\\\/\"],\"email\":\"info@aureliusjewelry.com\",\"foundingDate\":\"2018-10-01\",\"vatID\":\"SI10391070\",\"hasMerchantReturnPolicy\":{\"@type\":\"MerchantReturnPolicy\",\"merchantReturnLink\":\"https:\\\/\\\/aureliusjewelry.com\\\/our-policies\\\/terms-conditions\\\/\"}}]}<\/script>\n<meta property=\"og:availability\" content=\"backorder\" \/>\n<meta property=\"product:availability\" content=\"available for order\" \/>\n<meta property=\"product:retailer_item_id\" content=\"12135\" \/>\n<meta property=\"product:condition\" content=\"new\" \/>","yoast_head_json":{"title":"Sein und Ihr Set aus horizontal geh\u00e4mmerten Eheringen - Aurelius Jewelry","robots":{"index":"index","follow":"follow","max-snippet":"max-snippet:-1","max-image-preview":"max-image-preview:large","max-video-preview":"max-video-preview:-1"},"canonical":"https:\/\/aureliusjewelry.com\/de\/sein-und-ihr-set-aus-horizontal-gehammerten-eheringen\/","og_locale":"de_DE","og_type":"article","og_title":"Sein und Ihr Set aus horizontal geh\u00e4mmerten Eheringen - Aurelius Jewelry","og_description":"%","og_url":"https:\/\/aureliusjewelry.com\/de\/sein-und-ihr-set-aus-horizontal-gehammerten-eheringen\/","og_site_name":"Aurelius Jewelry","article_publisher":"https:\/\/www.facebook.com\/AureliusJewelry\/","article_modified_time":"2026-03-24T11:11:22+00:00","og_image":[{"width":1920,"height":1440,"url":"https:\/\/aureliusjewelry.com\/wp-content\/uploads\/paare-hochzeitsringbander-ringe-horizontal-gehammert.jpg","type":"image\/jpeg"}],"twitter_card":"summary_large_image","twitter_site":"@AureliusJewelry","schema":{"@context":"https:\/\/schema.org","@graph":[{"@type":"WebPage","@id":"https:\/\/aureliusjewelry.com\/de\/sein-und-ihr-set-aus-horizontal-gehammerten-eheringen\/","url":"https:\/\/aureliusjewelry.com\/de\/sein-und-ihr-set-aus-horizontal-gehammerten-eheringen\/","name":"Sein und Ihr Set aus horizontal geh\u00e4mmerten Eheringen - Aurelius Jewelry","isPartOf":{"@id":"https:\/\/aureliusjewelry.com\/de\/#website"},"primaryImageOfPage":{"@id":"https:\/\/aureliusjewelry.com\/de\/sein-und-ihr-set-aus-horizontal-gehammerten-eheringen\/#primaryimage"},"image":{"@id":"https:\/\/aureliusjewelry.com\/de\/sein-und-ihr-set-aus-horizontal-gehammerten-eheringen\/#primaryimage"},"thumbnailUrl":"https:\/\/aureliusjewelry.com\/wp-content\/uploads\/paare-hochzeitsringbander-ringe-horizontal-gehammert.jpg","datePublished":"2020-12-21T10:41:45+00:00","dateModified":"2026-03-24T11:11:22+00:00","breadcrumb":{"@id":"https:\/\/aureliusjewelry.com\/de\/sein-und-ihr-set-aus-horizontal-gehammerten-eheringen\/#breadcrumb"},"inLanguage":"de","potentialAction":[{"@type":"ReadAction","target":["https:\/\/aureliusjewelry.com\/de\/sein-und-ihr-set-aus-horizontal-gehammerten-eheringen\/"]}]},{"@type":"ImageObject","inLanguage":"de","@id":"https:\/\/aureliusjewelry.com\/de\/sein-und-ihr-set-aus-horizontal-gehammerten-eheringen\/#primaryimage","url":"https:\/\/aureliusjewelry.com\/wp-content\/uploads\/paare-hochzeitsringbander-ringe-horizontal-gehammert.jpg","contentUrl":"https:\/\/aureliusjewelry.com\/wp-content\/uploads\/paare-hochzeitsringbander-ringe-horizontal-gehammert.jpg","width":1920,"height":1440,"caption":"Paare Hochzeitsringb\u00e4nder Ringe horizontal geh\u00e4mmert"},{"@type":"BreadcrumbList","@id":"https:\/\/aureliusjewelry.com\/de\/sein-und-ihr-set-aus-horizontal-gehammerten-eheringen\/#breadcrumb","itemListElement":[{"@type":"ListItem","position":1,"name":"Home","item":"https:\/\/aureliusjewelry.com\/de\/"},{"@type":"ListItem","position":2,"name":"Shop","item":"https:\/\/aureliusjewelry.com\/de\/shop\/"},{"@type":"ListItem","position":3,"name":"Sein und Ihr Set aus horizontal geh\u00e4mmerten Eheringen"}]},{"@type":"WebSite","@id":"https:\/\/aureliusjewelry.com\/de\/#website","url":"https:\/\/aureliusjewelry.com\/de\/","name":"Aurelius Jewelry","description":"Handmade Fine Gold Jewelry","publisher":{"@id":"https:\/\/aureliusjewelry.com\/de\/#organization"},"potentialAction":[{"@type":"SearchAction","target":{"@type":"EntryPoint","urlTemplate":"https:\/\/aureliusjewelry.com\/de\/?s={search_term_string}"},"query-input":{"@type":"PropertyValueSpecification","valueRequired":true,"valueName":"search_term_string"}}],"inLanguage":"de"},{"@type":"Organization","@id":"https:\/\/aureliusjewelry.com\/de\/#organization","name":"Aurelius Jewelry","url":"https:\/\/aureliusjewelry.com\/de\/","logo":{"@type":"ImageObject","inLanguage":"de","@id":"https:\/\/aureliusjewelry.com\/de\/#\/schema\/logo\/image\/","url":"https:\/\/aureliusjewelry.com\/wp-content\/uploads\/logo.png","contentUrl":"https:\/\/aureliusjewelry.com\/wp-content\/uploads\/logo.png","width":400,"height":64,"caption":"Aurelius Jewelry"},"image":{"@id":"https:\/\/aureliusjewelry.com\/de\/#\/schema\/logo\/image\/"},"sameAs":["https:\/\/www.facebook.com\/AureliusJewelry\/","https:\/\/x.com\/AureliusJewelry","https:\/\/instagram.com\/aureliusjewelry","https:\/\/www.pinterest.com\/AureliusJewelry\/"],"email":"info@aureliusjewelry.com","foundingDate":"2018-10-01","vatID":"SI10391070","hasMerchantReturnPolicy":{"@type":"MerchantReturnPolicy","merchantReturnLink":"https:\/\/aureliusjewelry.com\/our-policies\/terms-conditions\/"}}]},"og_availability":"backorder","product_availability":"available for order","product_retailer_item_id":"12135","product_condition":"new"},"_links":{"self":[{"href":"https:\/\/aureliusjewelry.com\/de\/wp-json\/wp\/v2\/product\/19315","targetHints":{"allow":["GET"]}}],"collection":[{"href":"https:\/\/aureliusjewelry.com\/de\/wp-json\/wp\/v2\/product"}],"about":[{"href":"https:\/\/aureliusjewelry.com\/de\/wp-json\/wp\/v2\/types\/product"}],"replies":[{"embeddable":true,"href":"https:\/\/aureliusjewelry.com\/de\/wp-json\/wp\/v2\/comments?post=19315"}],"wp:featuredmedia":[{"embeddable":true,"href":"https:\/\/aureliusjewelry.com\/de\/wp-json\/wp\/v2\/media\/12145"}],"wp:attachment":[{"href":"https:\/\/aureliusjewelry.com\/de\/wp-json\/wp\/v2\/media?parent=19315"}],"wp:term":[{"taxonomy":"product_brand","embeddable":true,"href":"https:\/\/aureliusjewelry.com\/de\/wp-json\/wp\/v2\/product_brand?post=19315"},{"taxonomy":"product_cat","embeddable":true,"href":"https:\/\/aureliusjewelry.com\/de\/wp-json\/wp\/v2\/product_cat?post=19315"},{"taxonomy":"product_tag","embeddable":true,"href":"https:\/\/aureliusjewelry.com\/de\/wp-json\/wp\/v2\/product_tag?post=19315"}],"curies":[{"name":"wp","href":"https:\/\/api.w.org\/{rel}","templated":true}]}}