{"id":19209,"date":"2020-12-21T15:12:31","date_gmt":"2020-12-21T13:12:31","guid":{"rendered":"http:\/\/127.0.0.1\/product\/sechseckiger-schwarzer-diamant-cluster-verlobungsring\/"},"modified":"2026-04-14T06:52:12","modified_gmt":"2026-04-14T04:52:12","slug":"sechseckiger-schwarzer-diamant-cluster-verlobungsring","status":"publish","type":"product","link":"https:\/\/aureliusjewelry.com\/de\/product\/sechseckiger-schwarzer-diamant-cluster-verlobungsring\/","title":{"rendered":"Sechseckiger schwarzer Diamant-Cluster-Verlobungsring"},"content":{"rendered":"<p><strong>Hauptstein<\/strong><\/p>\n<ul>\n<li>sechseckiger schwarzer Diamant im Rosenschliff<\/li>\n<li>ca. 6x5mm<\/li>\n<\/ul>\n<p><strong>Seitensteine<\/strong><\/p>\n<ul>\n<li>trillion salt and pepper diamond<\/li>\n<li>ca. 3x3x3mm<\/li>\n<li>runder Salzund Pfefferdiamant<\/li>\n<li>ca. 1.5mm (2)<\/li>\n<li>Birnenund Runddiamanten<\/li>\n<li>ca. 3&#215;2, 2mm, 1.5mm<\/li>\n<li>F\/G-Farbe, VS-Klarheit, konfliktfrei<\/li>\n<\/ul>\n<p><strong>Bandma\u00dfe und Material<\/strong><\/p>\n<ul>\n<li>1.6mm breit, 1.5mm dick<\/li>\n<li>erh\u00e4ltlich in 14-kar\u00e4tigem\/18-kar\u00e4tigem Gelb-, Wei\u00dfoder Ros\u00e9gold und Platin<\/li>\n<li>US-Ringgr\u00f6\u00dfe 3\u20139, kleinere oder gr\u00f6\u00dfere Gr\u00f6\u00dfen auf Anfrage erh\u00e4ltlich<\/li>\n<\/ul>\n","protected":false},"excerpt":{"rendered":"<p>Ein atemberaubender sechseckiger schwarzer Diamant-Cluster-Ring mit Salt-and-Pepper- und wei\u00dfen Seitendiamanten, die einen Ombre-Effekt erzeugen. Der perfekte geometrische Verlobungsring f\u00fcr eine moderne Braut. Schwarze Diamanten stehen f\u00fcr innere St\u00e4rke und Gerechtigkeit. Sie sind gro\u00dfartig f\u00fcr eine Frau, die sich abheben und in ihrer \u00dcberzeugung stark sein m\u00f6chte.<\/p>\n","protected":false},"featured_media":12180,"comment_status":"open","ping_status":"closed","template":"","meta":[],"product_brand":[],"product_cat":[1494,1507,536,1509,475,1503,1523,1491,488,494],"product_tag":[728,633,1069,1166,1070],"class_list":{"0":"post-19209","1":"product","2":"type-product","3":"status-publish","4":"has-post-thumbnail","6":"product_cat-cluster-verlobungsringe","7":"product_cat-geometrische-verlobungsringe","8":"product_cat-ringe","9":"product_cat-sechseckiger-verlobungsring","10":"product_cat-verbund","11":"product_cat-verlobungsring-mit-edelsteinakzenten","12":"product_cat-verlobungsring-mit-sieben-steinen","13":"product_cat-verlobungsring-luenettenset","14":"product_cat-verlobungsringe","15":"product_cat-verlobungsringe-mit-schwarzen-diamanten","16":"product_tag-production_time_3_5-de","17":"product_tag-ringe-tag","18":"product_tag-ringe-de","19":"product_tag-schwarzer-diamant","20":"product_tag-sechseck","22":"first","23":"onbackorder","24":"sold-individually","25":"taxable","26":"shipping-taxable","27":"purchasable","28":"product-type-variable"},"yoast_head":"<title>Sechseckiger schwarzer Diamant-Cluster-Verlobungsring - Aurelius Jewelry<\/title>\n<meta name=\"robots\" content=\"index, follow, max-snippet:-1, max-image-preview:large, max-video-preview:-1\" \/>\n<link rel=\"canonical\" href=\"https:\/\/aureliusjewelry.com\/de\/product\/sechseckiger-schwarzer-diamant-cluster-verlobungsring\/\" \/>\n<meta property=\"og:locale\" content=\"de_DE\" \/>\n<meta property=\"og:type\" content=\"article\" \/>\n<meta property=\"og:title\" content=\"Sechseckiger schwarzer Diamant-Cluster-Verlobungsring - Aurelius Jewelry\" \/>\n<meta property=\"og:description\" content=\"%\" \/>\n<meta property=\"og:url\" content=\"https:\/\/aureliusjewelry.com\/de\/product\/sechseckiger-schwarzer-diamant-cluster-verlobungsring\/\" \/>\n<meta property=\"og:site_name\" content=\"Aurelius Jewelry\" \/>\n<meta property=\"article:publisher\" content=\"https:\/\/www.facebook.com\/AureliusJewelry\/\" \/>\n<meta property=\"article:modified_time\" content=\"2026-04-14T04:52:12+00:00\" \/>\n<meta property=\"og:image\" content=\"https:\/\/aureliusjewelry.com\/wp-content\/uploads\/hexagon-schwarzer-diamant-verlobungsring.jpg\" \/>\n\t<meta property=\"og:image:width\" content=\"1920\" \/>\n\t<meta property=\"og:image:height\" content=\"1440\" \/>\n\t<meta property=\"og:image:type\" content=\"image\/jpeg\" \/>\n<meta name=\"twitter:card\" content=\"summary_large_image\" \/>\n<meta name=\"twitter:site\" content=\"@AureliusJewelry\" \/>\n<script type=\"application\/ld+json\" class=\"yoast-schema-graph\">{\"@context\":\"https:\\\/\\\/schema.org\",\"@graph\":[{\"@type\":\"WebPage\",\"@id\":\"https:\\\/\\\/aureliusjewelry.com\\\/de\\\/product\\\/sechseckiger-schwarzer-diamant-cluster-verlobungsring\\\/\",\"url\":\"https:\\\/\\\/aureliusjewelry.com\\\/de\\\/product\\\/sechseckiger-schwarzer-diamant-cluster-verlobungsring\\\/\",\"name\":\"Sechseckiger schwarzer Diamant-Cluster-Verlobungsring - Aurelius Jewelry\",\"isPartOf\":{\"@id\":\"https:\\\/\\\/aureliusjewelry.com\\\/de\\\/#website\"},\"primaryImageOfPage\":{\"@id\":\"https:\\\/\\\/aureliusjewelry.com\\\/de\\\/product\\\/sechseckiger-schwarzer-diamant-cluster-verlobungsring\\\/#primaryimage\"},\"image\":{\"@id\":\"https:\\\/\\\/aureliusjewelry.com\\\/de\\\/product\\\/sechseckiger-schwarzer-diamant-cluster-verlobungsring\\\/#primaryimage\"},\"thumbnailUrl\":\"https:\\\/\\\/aureliusjewelry.com\\\/wp-content\\\/uploads\\\/hexagon-schwarzer-diamant-verlobungsring.jpg\",\"datePublished\":\"2020-12-21T13:12:31+00:00\",\"dateModified\":\"2026-04-14T04:52:12+00:00\",\"breadcrumb\":{\"@id\":\"https:\\\/\\\/aureliusjewelry.com\\\/de\\\/product\\\/sechseckiger-schwarzer-diamant-cluster-verlobungsring\\\/#breadcrumb\"},\"inLanguage\":\"de\",\"potentialAction\":[{\"@type\":\"ReadAction\",\"target\":[\"https:\\\/\\\/aureliusjewelry.com\\\/de\\\/product\\\/sechseckiger-schwarzer-diamant-cluster-verlobungsring\\\/\"]}]},{\"@type\":\"ImageObject\",\"inLanguage\":\"de\",\"@id\":\"https:\\\/\\\/aureliusjewelry.com\\\/de\\\/product\\\/sechseckiger-schwarzer-diamant-cluster-verlobungsring\\\/#primaryimage\",\"url\":\"https:\\\/\\\/aureliusjewelry.com\\\/wp-content\\\/uploads\\\/hexagon-schwarzer-diamant-verlobungsring.jpg\",\"contentUrl\":\"https:\\\/\\\/aureliusjewelry.com\\\/wp-content\\\/uploads\\\/hexagon-schwarzer-diamant-verlobungsring.jpg\",\"width\":1920,\"height\":1440,\"caption\":\"Hexagon Schwarzer Diamant Verlobungsring\"},{\"@type\":\"BreadcrumbList\",\"@id\":\"https:\\\/\\\/aureliusjewelry.com\\\/de\\\/product\\\/sechseckiger-schwarzer-diamant-cluster-verlobungsring\\\/#breadcrumb\",\"itemListElement\":[{\"@type\":\"ListItem\",\"position\":1,\"name\":\"Home\",\"item\":\"https:\\\/\\\/aureliusjewelry.com\\\/de\\\/\"},{\"@type\":\"ListItem\",\"position\":2,\"name\":\"Shop\",\"item\":\"https:\\\/\\\/aureliusjewelry.com\\\/de\\\/shop\\\/\"},{\"@type\":\"ListItem\",\"position\":3,\"name\":\"Sechseckiger schwarzer Diamant-Cluster-Verlobungsring\"}]},{\"@type\":\"WebSite\",\"@id\":\"https:\\\/\\\/aureliusjewelry.com\\\/de\\\/#website\",\"url\":\"https:\\\/\\\/aureliusjewelry.com\\\/de\\\/\",\"name\":\"Aurelius Jewelry\",\"description\":\"Handmade Fine Gold Jewelry\",\"publisher\":{\"@id\":\"https:\\\/\\\/aureliusjewelry.com\\\/de\\\/#organization\"},\"potentialAction\":[{\"@type\":\"SearchAction\",\"target\":{\"@type\":\"EntryPoint\",\"urlTemplate\":\"https:\\\/\\\/aureliusjewelry.com\\\/de\\\/?s={search_term_string}\"},\"query-input\":{\"@type\":\"PropertyValueSpecification\",\"valueRequired\":true,\"valueName\":\"search_term_string\"}}],\"inLanguage\":\"de\"},{\"@type\":\"Organization\",\"@id\":\"https:\\\/\\\/aureliusjewelry.com\\\/de\\\/#organization\",\"name\":\"Aurelius Jewelry\",\"url\":\"https:\\\/\\\/aureliusjewelry.com\\\/de\\\/\",\"logo\":{\"@type\":\"ImageObject\",\"inLanguage\":\"de\",\"@id\":\"https:\\\/\\\/aureliusjewelry.com\\\/de\\\/#\\\/schema\\\/logo\\\/image\\\/\",\"url\":\"https:\\\/\\\/aureliusjewelry.com\\\/wp-content\\\/uploads\\\/logo.png\",\"contentUrl\":\"https:\\\/\\\/aureliusjewelry.com\\\/wp-content\\\/uploads\\\/logo.png\",\"width\":400,\"height\":64,\"caption\":\"Aurelius Jewelry\"},\"image\":{\"@id\":\"https:\\\/\\\/aureliusjewelry.com\\\/de\\\/#\\\/schema\\\/logo\\\/image\\\/\"},\"sameAs\":[\"https:\\\/\\\/www.facebook.com\\\/AureliusJewelry\\\/\",\"https:\\\/\\\/x.com\\\/AureliusJewelry\",\"https:\\\/\\\/instagram.com\\\/aureliusjewelry\",\"https:\\\/\\\/www.pinterest.com\\\/AureliusJewelry\\\/\"],\"email\":\"info@aureliusjewelry.com\",\"foundingDate\":\"2018-10-01\",\"vatID\":\"SI10391070\",\"hasMerchantReturnPolicy\":{\"@type\":\"MerchantReturnPolicy\",\"merchantReturnLink\":\"https:\\\/\\\/aureliusjewelry.com\\\/our-policies\\\/terms-conditions\\\/\"}}]}<\/script>\n<meta property=\"og:availability\" content=\"backorder\" \/>\n<meta property=\"product:availability\" content=\"available for order\" \/>\n<meta property=\"product:retailer_item_id\" content=\"12177\" \/>\n<meta property=\"product:condition\" content=\"new\" \/>","yoast_head_json":{"title":"Sechseckiger schwarzer Diamant-Cluster-Verlobungsring - Aurelius Jewelry","robots":{"index":"index","follow":"follow","max-snippet":"max-snippet:-1","max-image-preview":"max-image-preview:large","max-video-preview":"max-video-preview:-1"},"canonical":"https:\/\/aureliusjewelry.com\/de\/product\/sechseckiger-schwarzer-diamant-cluster-verlobungsring\/","og_locale":"de_DE","og_type":"article","og_title":"Sechseckiger schwarzer Diamant-Cluster-Verlobungsring - Aurelius Jewelry","og_description":"%","og_url":"https:\/\/aureliusjewelry.com\/de\/product\/sechseckiger-schwarzer-diamant-cluster-verlobungsring\/","og_site_name":"Aurelius Jewelry","article_publisher":"https:\/\/www.facebook.com\/AureliusJewelry\/","article_modified_time":"2026-04-14T04:52:12+00:00","og_image":[{"width":1920,"height":1440,"url":"https:\/\/aureliusjewelry.com\/wp-content\/uploads\/hexagon-schwarzer-diamant-verlobungsring.jpg","type":"image\/jpeg"}],"twitter_card":"summary_large_image","twitter_site":"@AureliusJewelry","schema":{"@context":"https:\/\/schema.org","@graph":[{"@type":"WebPage","@id":"https:\/\/aureliusjewelry.com\/de\/product\/sechseckiger-schwarzer-diamant-cluster-verlobungsring\/","url":"https:\/\/aureliusjewelry.com\/de\/product\/sechseckiger-schwarzer-diamant-cluster-verlobungsring\/","name":"Sechseckiger schwarzer Diamant-Cluster-Verlobungsring - Aurelius Jewelry","isPartOf":{"@id":"https:\/\/aureliusjewelry.com\/de\/#website"},"primaryImageOfPage":{"@id":"https:\/\/aureliusjewelry.com\/de\/product\/sechseckiger-schwarzer-diamant-cluster-verlobungsring\/#primaryimage"},"image":{"@id":"https:\/\/aureliusjewelry.com\/de\/product\/sechseckiger-schwarzer-diamant-cluster-verlobungsring\/#primaryimage"},"thumbnailUrl":"https:\/\/aureliusjewelry.com\/wp-content\/uploads\/hexagon-schwarzer-diamant-verlobungsring.jpg","datePublished":"2020-12-21T13:12:31+00:00","dateModified":"2026-04-14T04:52:12+00:00","breadcrumb":{"@id":"https:\/\/aureliusjewelry.com\/de\/product\/sechseckiger-schwarzer-diamant-cluster-verlobungsring\/#breadcrumb"},"inLanguage":"de","potentialAction":[{"@type":"ReadAction","target":["https:\/\/aureliusjewelry.com\/de\/product\/sechseckiger-schwarzer-diamant-cluster-verlobungsring\/"]}]},{"@type":"ImageObject","inLanguage":"de","@id":"https:\/\/aureliusjewelry.com\/de\/product\/sechseckiger-schwarzer-diamant-cluster-verlobungsring\/#primaryimage","url":"https:\/\/aureliusjewelry.com\/wp-content\/uploads\/hexagon-schwarzer-diamant-verlobungsring.jpg","contentUrl":"https:\/\/aureliusjewelry.com\/wp-content\/uploads\/hexagon-schwarzer-diamant-verlobungsring.jpg","width":1920,"height":1440,"caption":"Hexagon Schwarzer Diamant Verlobungsring"},{"@type":"BreadcrumbList","@id":"https:\/\/aureliusjewelry.com\/de\/product\/sechseckiger-schwarzer-diamant-cluster-verlobungsring\/#breadcrumb","itemListElement":[{"@type":"ListItem","position":1,"name":"Home","item":"https:\/\/aureliusjewelry.com\/de\/"},{"@type":"ListItem","position":2,"name":"Shop","item":"https:\/\/aureliusjewelry.com\/de\/shop\/"},{"@type":"ListItem","position":3,"name":"Sechseckiger schwarzer Diamant-Cluster-Verlobungsring"}]},{"@type":"WebSite","@id":"https:\/\/aureliusjewelry.com\/de\/#website","url":"https:\/\/aureliusjewelry.com\/de\/","name":"Aurelius Jewelry","description":"Handmade Fine Gold Jewelry","publisher":{"@id":"https:\/\/aureliusjewelry.com\/de\/#organization"},"potentialAction":[{"@type":"SearchAction","target":{"@type":"EntryPoint","urlTemplate":"https:\/\/aureliusjewelry.com\/de\/?s={search_term_string}"},"query-input":{"@type":"PropertyValueSpecification","valueRequired":true,"valueName":"search_term_string"}}],"inLanguage":"de"},{"@type":"Organization","@id":"https:\/\/aureliusjewelry.com\/de\/#organization","name":"Aurelius Jewelry","url":"https:\/\/aureliusjewelry.com\/de\/","logo":{"@type":"ImageObject","inLanguage":"de","@id":"https:\/\/aureliusjewelry.com\/de\/#\/schema\/logo\/image\/","url":"https:\/\/aureliusjewelry.com\/wp-content\/uploads\/logo.png","contentUrl":"https:\/\/aureliusjewelry.com\/wp-content\/uploads\/logo.png","width":400,"height":64,"caption":"Aurelius Jewelry"},"image":{"@id":"https:\/\/aureliusjewelry.com\/de\/#\/schema\/logo\/image\/"},"sameAs":["https:\/\/www.facebook.com\/AureliusJewelry\/","https:\/\/x.com\/AureliusJewelry","https:\/\/instagram.com\/aureliusjewelry","https:\/\/www.pinterest.com\/AureliusJewelry\/"],"email":"info@aureliusjewelry.com","foundingDate":"2018-10-01","vatID":"SI10391070","hasMerchantReturnPolicy":{"@type":"MerchantReturnPolicy","merchantReturnLink":"https:\/\/aureliusjewelry.com\/our-policies\/terms-conditions\/"}}]},"og_availability":"backorder","product_availability":"available for order","product_retailer_item_id":"12177","product_condition":"new"},"_links":{"self":[{"href":"https:\/\/aureliusjewelry.com\/de\/wp-json\/wp\/v2\/product\/19209","targetHints":{"allow":["GET"]}}],"collection":[{"href":"https:\/\/aureliusjewelry.com\/de\/wp-json\/wp\/v2\/product"}],"about":[{"href":"https:\/\/aureliusjewelry.com\/de\/wp-json\/wp\/v2\/types\/product"}],"replies":[{"embeddable":true,"href":"https:\/\/aureliusjewelry.com\/de\/wp-json\/wp\/v2\/comments?post=19209"}],"wp:featuredmedia":[{"embeddable":true,"href":"https:\/\/aureliusjewelry.com\/de\/wp-json\/wp\/v2\/media\/12180"}],"wp:attachment":[{"href":"https:\/\/aureliusjewelry.com\/de\/wp-json\/wp\/v2\/media?parent=19209"}],"wp:term":[{"taxonomy":"product_brand","embeddable":true,"href":"https:\/\/aureliusjewelry.com\/de\/wp-json\/wp\/v2\/product_brand?post=19209"},{"taxonomy":"product_cat","embeddable":true,"href":"https:\/\/aureliusjewelry.com\/de\/wp-json\/wp\/v2\/product_cat?post=19209"},{"taxonomy":"product_tag","embeddable":true,"href":"https:\/\/aureliusjewelry.com\/de\/wp-json\/wp\/v2\/product_tag?post=19209"}],"curies":[{"name":"wp","href":"https:\/\/api.w.org\/{rel}","templated":true}]}}