{"id":19168,"date":"2021-01-30T00:09:21","date_gmt":"2021-01-29T22:09:21","guid":{"rendered":"http:\/\/127.0.0.1\/product\/19168\/"},"modified":"2026-03-23T22:15:52","modified_gmt":"2026-03-23T20:15:52","slug":"19168","status":"publish","type":"product","link":"https:\/\/aureliusjewelry.com\/de\/product\/winziger-schildformiger-salz-und-pfeffer-diamant-brautring-besetzt-mit-breitem-ehering\/","title":{"rendered":"Winziger schildf\u00f6rmiger Salz- und Pfeffer-Diamant-Brautring, besetzt mit breitem Ehering"},"content":{"rendered":"<p><strong>Hauptstein<\/strong><br \/>\n&#8211; Salz- und Pfefferdiamant im Schildrosenschliff<br \/>\n&#8211; ca. 6x5mm<\/p>\n<p><strong>Verlobungsringl<\/strong><br \/>\n&#8211; ca. 4mm wide, 1.6mm thick (Ehering)<\/p>\n<p><strong>Ringma\u00dfe und Material<\/strong><br \/>\n&#8211; ca. 1,5 mm breit, 1,6 mm dick<br \/>\n&#8211; erh\u00e4ltlich in 14K\/18K Gelb-, Wei\u00df- oder Ros\u00e9gold und Platin<br \/>\n&#8211; US-Ringgr\u00f6\u00dfe 3-9, kleinere oder gr\u00f6\u00dfere Gr\u00f6\u00dfen auf Anfrage erh\u00e4ltlich<\/p>\n","protected":false},"excerpt":{"rendered":"<p>Wenn Sie auf der Suche nach einem einzigartigen Ehering-Set sind, ist dies das Richtige f\u00fcr Sie! Dieser schlichte, aber bezaubernde geometrische Verlobungsring mit einem nat\u00fcrlichen Salz-und-Pfeffer-Diamanten im Schildschliff, gefasst in einem massiven Goldband mit asymmetrischen Krallenzacken, wird definitiv einen Eindruck hinterlassen. Er wird mit einem breiten Ehering mit satinierter Oberfl\u00e4che kombiniert. Polierte, matte, geb\u00fcrstete und geh\u00e4mmerte Oberfl\u00e4chen sind ebenfalls erh\u00e4ltlich. Jeder Schilddiamant ist ein Unikat. Um einen f\u00fcr Ihren Ring auszuw\u00e4hlen, kontaktieren Sie uns bitte!<\/p>\n","protected":false},"featured_media":16673,"comment_status":"open","ping_status":"closed","template":"","meta":[],"product_brand":[],"product_cat":[473,1611,519,479,536,1074,1528],"product_tag":[728,633,1263,1269],"class_list":{"0":"post-19168","1":"product","2":"type-product","3":"status-publish","4":"has-post-thumbnail","6":"product_cat-ausergewohnlich","7":"product_cat-bestseller","8":"product_cat-ehering-sets","9":"product_cat-gepaart","10":"product_cat-ringe","11":"product_cat-salz-und-pfeffer-diamant-ehering","12":"product_cat-zweiteiliger-ehering","13":"product_tag-production_time_3_5-de","14":"product_tag-ringe-tag","15":"product_tag-salz-und-pfefferdiamant","16":"product_tag-schild","18":"first","19":"onbackorder","20":"featured","21":"sold-individually","22":"taxable","23":"shipping-taxable","24":"purchasable","25":"product-type-variable"},"yoast_head":"<title>Winziger schildf\u00f6rmiger Salz- und Pfeffer-Diamant-Brautring, besetzt mit breitem Ehering - Aurelius Jewelry<\/title>\n<meta name=\"robots\" content=\"index, follow, max-snippet:-1, max-image-preview:large, max-video-preview:-1\" \/>\n<link rel=\"canonical\" href=\"https:\/\/aureliusjewelry.com\/de\/product\/winziger-schildformiger-salz-und-pfeffer-diamant-brautring-besetzt-mit-breitem-ehering\/\" \/>\n<meta property=\"og:locale\" content=\"de_DE\" \/>\n<meta property=\"og:type\" content=\"article\" \/>\n<meta property=\"og:title\" content=\"Winziger schildf\u00f6rmiger Salz- und Pfeffer-Diamant-Brautring, besetzt mit breitem Ehering - Aurelius Jewelry\" \/>\n<meta property=\"og:description\" content=\"%\" \/>\n<meta property=\"og:url\" content=\"https:\/\/aureliusjewelry.com\/de\/product\/winziger-schildformiger-salz-und-pfeffer-diamant-brautring-besetzt-mit-breitem-ehering\/\" \/>\n<meta property=\"og:site_name\" content=\"Aurelius Jewelry\" \/>\n<meta property=\"article:publisher\" content=\"https:\/\/www.facebook.com\/AureliusJewelry\/\" \/>\n<meta property=\"article:modified_time\" content=\"2026-03-23T20:15:52+00:00\" \/>\n<meta property=\"og:image\" content=\"https:\/\/aureliusjewelry.com\/wp-content\/uploads\/schild-salz-und-pfeffer-diamant-ehering-set-breiter-ringband.jpg\" \/>\n\t<meta property=\"og:image:width\" content=\"1920\" \/>\n\t<meta property=\"og:image:height\" content=\"1440\" \/>\n\t<meta property=\"og:image:type\" content=\"image\/jpeg\" \/>\n<meta name=\"twitter:card\" content=\"summary_large_image\" \/>\n<meta name=\"twitter:site\" content=\"@AureliusJewelry\" \/>\n<script type=\"application\/ld+json\" class=\"yoast-schema-graph\">{\"@context\":\"https:\\\/\\\/schema.org\",\"@graph\":[{\"@type\":\"WebPage\",\"@id\":\"https:\\\/\\\/aureliusjewelry.com\\\/de\\\/product\\\/winziger-schildformiger-salz-und-pfeffer-diamant-brautring-besetzt-mit-breitem-ehering\\\/\",\"url\":\"https:\\\/\\\/aureliusjewelry.com\\\/de\\\/product\\\/winziger-schildformiger-salz-und-pfeffer-diamant-brautring-besetzt-mit-breitem-ehering\\\/\",\"name\":\"Winziger schildf\u00f6rmiger Salz- und Pfeffer-Diamant-Brautring, besetzt mit breitem Ehering - Aurelius Jewelry\",\"isPartOf\":{\"@id\":\"https:\\\/\\\/aureliusjewelry.com\\\/de\\\/#website\"},\"primaryImageOfPage\":{\"@id\":\"https:\\\/\\\/aureliusjewelry.com\\\/de\\\/product\\\/winziger-schildformiger-salz-und-pfeffer-diamant-brautring-besetzt-mit-breitem-ehering\\\/#primaryimage\"},\"image\":{\"@id\":\"https:\\\/\\\/aureliusjewelry.com\\\/de\\\/product\\\/winziger-schildformiger-salz-und-pfeffer-diamant-brautring-besetzt-mit-breitem-ehering\\\/#primaryimage\"},\"thumbnailUrl\":\"https:\\\/\\\/aureliusjewelry.com\\\/wp-content\\\/uploads\\\/schild-salz-und-pfeffer-diamant-ehering-set-breiter-ringband.jpg\",\"datePublished\":\"2021-01-29T22:09:21+00:00\",\"dateModified\":\"2026-03-23T20:15:52+00:00\",\"breadcrumb\":{\"@id\":\"https:\\\/\\\/aureliusjewelry.com\\\/de\\\/product\\\/winziger-schildformiger-salz-und-pfeffer-diamant-brautring-besetzt-mit-breitem-ehering\\\/#breadcrumb\"},\"inLanguage\":\"de\",\"potentialAction\":[{\"@type\":\"ReadAction\",\"target\":[\"https:\\\/\\\/aureliusjewelry.com\\\/de\\\/product\\\/winziger-schildformiger-salz-und-pfeffer-diamant-brautring-besetzt-mit-breitem-ehering\\\/\"]}]},{\"@type\":\"ImageObject\",\"inLanguage\":\"de\",\"@id\":\"https:\\\/\\\/aureliusjewelry.com\\\/de\\\/product\\\/winziger-schildformiger-salz-und-pfeffer-diamant-brautring-besetzt-mit-breitem-ehering\\\/#primaryimage\",\"url\":\"https:\\\/\\\/aureliusjewelry.com\\\/wp-content\\\/uploads\\\/schild-salz-und-pfeffer-diamant-ehering-set-breiter-ringband.jpg\",\"contentUrl\":\"https:\\\/\\\/aureliusjewelry.com\\\/wp-content\\\/uploads\\\/schild-salz-und-pfeffer-diamant-ehering-set-breiter-ringband.jpg\",\"width\":1920,\"height\":1440,\"caption\":\"Schild Salz und Pfeffer Diamant Ehering Set breiter Ringband\"},{\"@type\":\"BreadcrumbList\",\"@id\":\"https:\\\/\\\/aureliusjewelry.com\\\/de\\\/product\\\/winziger-schildformiger-salz-und-pfeffer-diamant-brautring-besetzt-mit-breitem-ehering\\\/#breadcrumb\",\"itemListElement\":[{\"@type\":\"ListItem\",\"position\":1,\"name\":\"Home\",\"item\":\"https:\\\/\\\/aureliusjewelry.com\\\/de\\\/\"},{\"@type\":\"ListItem\",\"position\":2,\"name\":\"Shop\",\"item\":\"https:\\\/\\\/aureliusjewelry.com\\\/de\\\/shop\\\/\"},{\"@type\":\"ListItem\",\"position\":3,\"name\":\"Winziger schildf\u00f6rmiger Salz- und Pfeffer-Diamant-Brautring, besetzt mit breitem Ehering\"}]},{\"@type\":\"WebSite\",\"@id\":\"https:\\\/\\\/aureliusjewelry.com\\\/de\\\/#website\",\"url\":\"https:\\\/\\\/aureliusjewelry.com\\\/de\\\/\",\"name\":\"Aurelius Jewelry\",\"description\":\"Handmade Fine Gold Jewelry\",\"publisher\":{\"@id\":\"https:\\\/\\\/aureliusjewelry.com\\\/de\\\/#organization\"},\"potentialAction\":[{\"@type\":\"SearchAction\",\"target\":{\"@type\":\"EntryPoint\",\"urlTemplate\":\"https:\\\/\\\/aureliusjewelry.com\\\/de\\\/?s={search_term_string}\"},\"query-input\":{\"@type\":\"PropertyValueSpecification\",\"valueRequired\":true,\"valueName\":\"search_term_string\"}}],\"inLanguage\":\"de\"},{\"@type\":\"Organization\",\"@id\":\"https:\\\/\\\/aureliusjewelry.com\\\/de\\\/#organization\",\"name\":\"Aurelius Jewelry\",\"url\":\"https:\\\/\\\/aureliusjewelry.com\\\/de\\\/\",\"logo\":{\"@type\":\"ImageObject\",\"inLanguage\":\"de\",\"@id\":\"https:\\\/\\\/aureliusjewelry.com\\\/de\\\/#\\\/schema\\\/logo\\\/image\\\/\",\"url\":\"https:\\\/\\\/aureliusjewelry.com\\\/wp-content\\\/uploads\\\/logo.png\",\"contentUrl\":\"https:\\\/\\\/aureliusjewelry.com\\\/wp-content\\\/uploads\\\/logo.png\",\"width\":400,\"height\":64,\"caption\":\"Aurelius Jewelry\"},\"image\":{\"@id\":\"https:\\\/\\\/aureliusjewelry.com\\\/de\\\/#\\\/schema\\\/logo\\\/image\\\/\"},\"sameAs\":[\"https:\\\/\\\/www.facebook.com\\\/AureliusJewelry\\\/\",\"https:\\\/\\\/x.com\\\/AureliusJewelry\",\"https:\\\/\\\/instagram.com\\\/aureliusjewelry\",\"https:\\\/\\\/www.pinterest.com\\\/AureliusJewelry\\\/\"],\"email\":\"info@aureliusjewelry.com\",\"foundingDate\":\"2018-10-01\",\"vatID\":\"SI10391070\",\"hasMerchantReturnPolicy\":{\"@type\":\"MerchantReturnPolicy\",\"merchantReturnLink\":\"https:\\\/\\\/aureliusjewelry.com\\\/our-policies\\\/terms-conditions\\\/\"}}]}<\/script>\n<meta property=\"og:availability\" content=\"backorder\" \/>\n<meta property=\"product:availability\" content=\"available for order\" \/>\n<meta property=\"product:retailer_item_id\" content=\"16663\" \/>\n<meta property=\"product:condition\" content=\"new\" \/>","yoast_head_json":{"title":"Winziger schildf\u00f6rmiger Salz- und Pfeffer-Diamant-Brautring, besetzt mit breitem Ehering - Aurelius Jewelry","robots":{"index":"index","follow":"follow","max-snippet":"max-snippet:-1","max-image-preview":"max-image-preview:large","max-video-preview":"max-video-preview:-1"},"canonical":"https:\/\/aureliusjewelry.com\/de\/product\/winziger-schildformiger-salz-und-pfeffer-diamant-brautring-besetzt-mit-breitem-ehering\/","og_locale":"de_DE","og_type":"article","og_title":"Winziger schildf\u00f6rmiger Salz- und Pfeffer-Diamant-Brautring, besetzt mit breitem Ehering - Aurelius Jewelry","og_description":"%","og_url":"https:\/\/aureliusjewelry.com\/de\/product\/winziger-schildformiger-salz-und-pfeffer-diamant-brautring-besetzt-mit-breitem-ehering\/","og_site_name":"Aurelius Jewelry","article_publisher":"https:\/\/www.facebook.com\/AureliusJewelry\/","article_modified_time":"2026-03-23T20:15:52+00:00","og_image":[{"width":1920,"height":1440,"url":"https:\/\/aureliusjewelry.com\/wp-content\/uploads\/schild-salz-und-pfeffer-diamant-ehering-set-breiter-ringband.jpg","type":"image\/jpeg"}],"twitter_card":"summary_large_image","twitter_site":"@AureliusJewelry","schema":{"@context":"https:\/\/schema.org","@graph":[{"@type":"WebPage","@id":"https:\/\/aureliusjewelry.com\/de\/product\/winziger-schildformiger-salz-und-pfeffer-diamant-brautring-besetzt-mit-breitem-ehering\/","url":"https:\/\/aureliusjewelry.com\/de\/product\/winziger-schildformiger-salz-und-pfeffer-diamant-brautring-besetzt-mit-breitem-ehering\/","name":"Winziger schildf\u00f6rmiger Salz- und Pfeffer-Diamant-Brautring, besetzt mit breitem Ehering - Aurelius Jewelry","isPartOf":{"@id":"https:\/\/aureliusjewelry.com\/de\/#website"},"primaryImageOfPage":{"@id":"https:\/\/aureliusjewelry.com\/de\/product\/winziger-schildformiger-salz-und-pfeffer-diamant-brautring-besetzt-mit-breitem-ehering\/#primaryimage"},"image":{"@id":"https:\/\/aureliusjewelry.com\/de\/product\/winziger-schildformiger-salz-und-pfeffer-diamant-brautring-besetzt-mit-breitem-ehering\/#primaryimage"},"thumbnailUrl":"https:\/\/aureliusjewelry.com\/wp-content\/uploads\/schild-salz-und-pfeffer-diamant-ehering-set-breiter-ringband.jpg","datePublished":"2021-01-29T22:09:21+00:00","dateModified":"2026-03-23T20:15:52+00:00","breadcrumb":{"@id":"https:\/\/aureliusjewelry.com\/de\/product\/winziger-schildformiger-salz-und-pfeffer-diamant-brautring-besetzt-mit-breitem-ehering\/#breadcrumb"},"inLanguage":"de","potentialAction":[{"@type":"ReadAction","target":["https:\/\/aureliusjewelry.com\/de\/product\/winziger-schildformiger-salz-und-pfeffer-diamant-brautring-besetzt-mit-breitem-ehering\/"]}]},{"@type":"ImageObject","inLanguage":"de","@id":"https:\/\/aureliusjewelry.com\/de\/product\/winziger-schildformiger-salz-und-pfeffer-diamant-brautring-besetzt-mit-breitem-ehering\/#primaryimage","url":"https:\/\/aureliusjewelry.com\/wp-content\/uploads\/schild-salz-und-pfeffer-diamant-ehering-set-breiter-ringband.jpg","contentUrl":"https:\/\/aureliusjewelry.com\/wp-content\/uploads\/schild-salz-und-pfeffer-diamant-ehering-set-breiter-ringband.jpg","width":1920,"height":1440,"caption":"Schild Salz und Pfeffer Diamant Ehering Set breiter Ringband"},{"@type":"BreadcrumbList","@id":"https:\/\/aureliusjewelry.com\/de\/product\/winziger-schildformiger-salz-und-pfeffer-diamant-brautring-besetzt-mit-breitem-ehering\/#breadcrumb","itemListElement":[{"@type":"ListItem","position":1,"name":"Home","item":"https:\/\/aureliusjewelry.com\/de\/"},{"@type":"ListItem","position":2,"name":"Shop","item":"https:\/\/aureliusjewelry.com\/de\/shop\/"},{"@type":"ListItem","position":3,"name":"Winziger schildf\u00f6rmiger Salz- und Pfeffer-Diamant-Brautring, besetzt mit breitem Ehering"}]},{"@type":"WebSite","@id":"https:\/\/aureliusjewelry.com\/de\/#website","url":"https:\/\/aureliusjewelry.com\/de\/","name":"Aurelius Jewelry","description":"Handmade Fine Gold Jewelry","publisher":{"@id":"https:\/\/aureliusjewelry.com\/de\/#organization"},"potentialAction":[{"@type":"SearchAction","target":{"@type":"EntryPoint","urlTemplate":"https:\/\/aureliusjewelry.com\/de\/?s={search_term_string}"},"query-input":{"@type":"PropertyValueSpecification","valueRequired":true,"valueName":"search_term_string"}}],"inLanguage":"de"},{"@type":"Organization","@id":"https:\/\/aureliusjewelry.com\/de\/#organization","name":"Aurelius Jewelry","url":"https:\/\/aureliusjewelry.com\/de\/","logo":{"@type":"ImageObject","inLanguage":"de","@id":"https:\/\/aureliusjewelry.com\/de\/#\/schema\/logo\/image\/","url":"https:\/\/aureliusjewelry.com\/wp-content\/uploads\/logo.png","contentUrl":"https:\/\/aureliusjewelry.com\/wp-content\/uploads\/logo.png","width":400,"height":64,"caption":"Aurelius Jewelry"},"image":{"@id":"https:\/\/aureliusjewelry.com\/de\/#\/schema\/logo\/image\/"},"sameAs":["https:\/\/www.facebook.com\/AureliusJewelry\/","https:\/\/x.com\/AureliusJewelry","https:\/\/instagram.com\/aureliusjewelry","https:\/\/www.pinterest.com\/AureliusJewelry\/"],"email":"info@aureliusjewelry.com","foundingDate":"2018-10-01","vatID":"SI10391070","hasMerchantReturnPolicy":{"@type":"MerchantReturnPolicy","merchantReturnLink":"https:\/\/aureliusjewelry.com\/our-policies\/terms-conditions\/"}}]},"og_availability":"backorder","product_availability":"available for order","product_retailer_item_id":"16663","product_condition":"new"},"_links":{"self":[{"href":"https:\/\/aureliusjewelry.com\/de\/wp-json\/wp\/v2\/product\/19168","targetHints":{"allow":["GET"]}}],"collection":[{"href":"https:\/\/aureliusjewelry.com\/de\/wp-json\/wp\/v2\/product"}],"about":[{"href":"https:\/\/aureliusjewelry.com\/de\/wp-json\/wp\/v2\/types\/product"}],"replies":[{"embeddable":true,"href":"https:\/\/aureliusjewelry.com\/de\/wp-json\/wp\/v2\/comments?post=19168"}],"wp:featuredmedia":[{"embeddable":true,"href":"https:\/\/aureliusjewelry.com\/de\/wp-json\/wp\/v2\/media\/16673"}],"wp:attachment":[{"href":"https:\/\/aureliusjewelry.com\/de\/wp-json\/wp\/v2\/media?parent=19168"}],"wp:term":[{"taxonomy":"product_brand","embeddable":true,"href":"https:\/\/aureliusjewelry.com\/de\/wp-json\/wp\/v2\/product_brand?post=19168"},{"taxonomy":"product_cat","embeddable":true,"href":"https:\/\/aureliusjewelry.com\/de\/wp-json\/wp\/v2\/product_cat?post=19168"},{"taxonomy":"product_tag","embeddable":true,"href":"https:\/\/aureliusjewelry.com\/de\/wp-json\/wp\/v2\/product_tag?post=19168"}],"curies":[{"name":"wp","href":"https:\/\/api.w.org\/{rel}","templated":true}]}}