{"id":19062,"date":"2021-01-28T16:50:01","date_gmt":"2021-01-28T14:50:01","guid":{"rendered":"http:\/\/127.0.0.1\/product\/groser-kite-salz-und-pfeffer-diamant-verlobungsring-mit-gehammertem-band\/"},"modified":"2026-05-10T05:06:25","modified_gmt":"2026-05-10T03:06:25","slug":"groser-kite-salz-und-pfeffer-diamant-verlobungsring-mit-gehammertem-band","status":"publish","type":"product","link":"https:\/\/aureliusjewelry.com\/de\/product\/groser-kite-salz-und-pfeffer-diamant-verlobungsring-mit-gehammertem-band\/","title":{"rendered":"Gro\u00dfer Kite Salz und Pfeffer Diamant Verlobungsring mit geh\u00e4mmertem Band"},"content":{"rendered":"<p><strong>Hauptstein<\/strong><br \/>\n\u2013 drachenf\u00f6rmig Salz und Pfeffer Diamant<br \/>\n\u2013 ca. 11\u00d76.5mm<\/p>\n<p><strong>Ringma\u00dfe und Material<\/strong><br \/>\n\u2013 ca. 1,5 mm breit, 1,6 mm dick<br \/>\n\u2013 erh\u00e4ltlich in 14K\/18K Gelb-, Wei\u00df- oder Ros\u00e9gold und Platin<br \/>\n\u2013 US-Ringgr\u00f6\u00dfe 3-9, kleinere oder gr\u00f6\u00dfere Gr\u00f6\u00dfen auf Anfrage erh\u00e4ltlich<\/p>\n","protected":false},"excerpt":{"rendered":"<p>Ein moderner Verlobungsring mit einem quadratischen, geh\u00e4mmerten Band und einem drachenf\u00f6rmigen Diamanten, der in einer L\u00fcnette gefasst ist und die geometrischen Merkmale des Steins hervorhebt. Er ist eine sch\u00f6ne Alternative zum traditionellen Verlobungsring. Von komplett undurchsichtig bis halbtransparent mit schwarzen Sprenkeln ist jeder Diamant ein Unikat und um einen f\u00fcr Ihren Ring auszuw\u00e4hlen, kontaktieren Sie uns bitte! Polierte, matte, geb\u00fcrstete und satinierte Ausf\u00fchrungen sind ebenfalls erh\u00e4ltlich.<\/p>\n","protected":false},"featured_media":26385,"comment_status":"open","ping_status":"closed","template":"","meta":[],"product_brand":[],"product_cat":[473,1510,1507,536,1526,1491,488,490],"product_tag":[1192,728,633,1069,1263],"class_list":{"0":"post-19062","1":"product","2":"type-product","3":"status-publish","4":"has-post-thumbnail","6":"product_cat-ausergewohnlich","7":"product_cat-drachen-verlobungsring","8":"product_cat-geometrische-verlobungsringe","9":"product_cat-ringe","10":"product_cat-solitar-verlobungsring","11":"product_cat-verlobungsring-luenettenset","12":"product_cat-verlobungsringe","13":"product_cat-verlobungsringe-mit-salz-und-pfeffer-diamant","14":"product_tag-drachen","15":"product_tag-production_time_3_5-de","16":"product_tag-ringe-tag","17":"product_tag-ringe-de","18":"product_tag-salz-und-pfefferdiamant","20":"first","21":"onbackorder","22":"sold-individually","23":"taxable","24":"shipping-taxable","25":"purchasable","26":"product-type-variable"},"yoast_head":"<title>Gro\u00dfer Kite Salz und Pfeffer Diamant Verlobungsring mit geh\u00e4mmertem Band - Aurelius Jewelry<\/title>\n<meta name=\"robots\" content=\"index, follow, max-snippet:-1, max-image-preview:large, max-video-preview:-1\" \/>\n<link rel=\"canonical\" href=\"https:\/\/aureliusjewelry.com\/de\/product\/groser-kite-salz-und-pfeffer-diamant-verlobungsring-mit-gehammertem-band\/\" \/>\n<meta property=\"og:locale\" content=\"de_DE\" \/>\n<meta property=\"og:type\" content=\"article\" \/>\n<meta property=\"og:title\" content=\"Gro\u00dfer Kite Salz und Pfeffer Diamant Verlobungsring mit geh\u00e4mmertem Band - Aurelius Jewelry\" \/>\n<meta property=\"og:description\" content=\"%\" \/>\n<meta property=\"og:url\" content=\"https:\/\/aureliusjewelry.com\/de\/product\/groser-kite-salz-und-pfeffer-diamant-verlobungsring-mit-gehammertem-band\/\" \/>\n<meta property=\"og:site_name\" content=\"Aurelius Jewelry\" \/>\n<meta property=\"article:publisher\" content=\"https:\/\/www.facebook.com\/AureliusJewelry\/\" \/>\n<meta property=\"article:modified_time\" content=\"2026-05-10T03:06:25+00:00\" \/>\n<meta property=\"og:image\" content=\"https:\/\/aureliusjewelry.com\/wp-content\/uploads\/kite-salt-and-pepper-diamond-engagement-ring-hammered-band.jpg\" \/>\n\t<meta property=\"og:image:width\" content=\"1920\" \/>\n\t<meta property=\"og:image:height\" content=\"1440\" \/>\n\t<meta property=\"og:image:type\" content=\"image\/jpeg\" \/>\n<meta name=\"twitter:card\" content=\"summary_large_image\" \/>\n<meta name=\"twitter:site\" content=\"@AureliusJewelry\" \/>\n<script type=\"application\/ld+json\" class=\"yoast-schema-graph\">{\"@context\":\"https:\\\/\\\/schema.org\",\"@graph\":[{\"@type\":\"WebPage\",\"@id\":\"https:\\\/\\\/aureliusjewelry.com\\\/de\\\/product\\\/groser-kite-salz-und-pfeffer-diamant-verlobungsring-mit-gehammertem-band\\\/\",\"url\":\"https:\\\/\\\/aureliusjewelry.com\\\/de\\\/product\\\/groser-kite-salz-und-pfeffer-diamant-verlobungsring-mit-gehammertem-band\\\/\",\"name\":\"Gro\u00dfer Kite Salz und Pfeffer Diamant Verlobungsring mit geh\u00e4mmertem Band - Aurelius Jewelry\",\"isPartOf\":{\"@id\":\"https:\\\/\\\/aureliusjewelry.com\\\/de\\\/#website\"},\"primaryImageOfPage\":{\"@id\":\"https:\\\/\\\/aureliusjewelry.com\\\/de\\\/product\\\/groser-kite-salz-und-pfeffer-diamant-verlobungsring-mit-gehammertem-band\\\/#primaryimage\"},\"image\":{\"@id\":\"https:\\\/\\\/aureliusjewelry.com\\\/de\\\/product\\\/groser-kite-salz-und-pfeffer-diamant-verlobungsring-mit-gehammertem-band\\\/#primaryimage\"},\"thumbnailUrl\":\"https:\\\/\\\/aureliusjewelry.com\\\/wp-content\\\/uploads\\\/kite-salt-and-pepper-diamond-engagement-ring-hammered-band.jpg\",\"datePublished\":\"2021-01-28T14:50:01+00:00\",\"dateModified\":\"2026-05-10T03:06:25+00:00\",\"breadcrumb\":{\"@id\":\"https:\\\/\\\/aureliusjewelry.com\\\/de\\\/product\\\/groser-kite-salz-und-pfeffer-diamant-verlobungsring-mit-gehammertem-band\\\/#breadcrumb\"},\"inLanguage\":\"de\",\"potentialAction\":[{\"@type\":\"ReadAction\",\"target\":[\"https:\\\/\\\/aureliusjewelry.com\\\/de\\\/product\\\/groser-kite-salz-und-pfeffer-diamant-verlobungsring-mit-gehammertem-band\\\/\"]}]},{\"@type\":\"ImageObject\",\"inLanguage\":\"de\",\"@id\":\"https:\\\/\\\/aureliusjewelry.com\\\/de\\\/product\\\/groser-kite-salz-und-pfeffer-diamant-verlobungsring-mit-gehammertem-band\\\/#primaryimage\",\"url\":\"https:\\\/\\\/aureliusjewelry.com\\\/wp-content\\\/uploads\\\/kite-salt-and-pepper-diamond-engagement-ring-hammered-band.jpg\",\"contentUrl\":\"https:\\\/\\\/aureliusjewelry.com\\\/wp-content\\\/uploads\\\/kite-salt-and-pepper-diamond-engagement-ring-hammered-band.jpg\",\"width\":1920,\"height\":1440},{\"@type\":\"BreadcrumbList\",\"@id\":\"https:\\\/\\\/aureliusjewelry.com\\\/de\\\/product\\\/groser-kite-salz-und-pfeffer-diamant-verlobungsring-mit-gehammertem-band\\\/#breadcrumb\",\"itemListElement\":[{\"@type\":\"ListItem\",\"position\":1,\"name\":\"Home\",\"item\":\"https:\\\/\\\/aureliusjewelry.com\\\/de\\\/\"},{\"@type\":\"ListItem\",\"position\":2,\"name\":\"Shop\",\"item\":\"https:\\\/\\\/aureliusjewelry.com\\\/de\\\/shop\\\/\"},{\"@type\":\"ListItem\",\"position\":3,\"name\":\"Gro\u00dfer Kite Salz und Pfeffer Diamant Verlobungsring mit geh\u00e4mmertem Band\"}]},{\"@type\":\"WebSite\",\"@id\":\"https:\\\/\\\/aureliusjewelry.com\\\/de\\\/#website\",\"url\":\"https:\\\/\\\/aureliusjewelry.com\\\/de\\\/\",\"name\":\"Aurelius Jewelry\",\"description\":\"Handmade Fine Gold Jewelry\",\"publisher\":{\"@id\":\"https:\\\/\\\/aureliusjewelry.com\\\/de\\\/#organization\"},\"potentialAction\":[{\"@type\":\"SearchAction\",\"target\":{\"@type\":\"EntryPoint\",\"urlTemplate\":\"https:\\\/\\\/aureliusjewelry.com\\\/de\\\/?s={search_term_string}\"},\"query-input\":{\"@type\":\"PropertyValueSpecification\",\"valueRequired\":true,\"valueName\":\"search_term_string\"}}],\"inLanguage\":\"de\"},{\"@type\":\"Organization\",\"@id\":\"https:\\\/\\\/aureliusjewelry.com\\\/de\\\/#organization\",\"name\":\"Aurelius Jewelry\",\"url\":\"https:\\\/\\\/aureliusjewelry.com\\\/de\\\/\",\"logo\":{\"@type\":\"ImageObject\",\"inLanguage\":\"de\",\"@id\":\"https:\\\/\\\/aureliusjewelry.com\\\/de\\\/#\\\/schema\\\/logo\\\/image\\\/\",\"url\":\"https:\\\/\\\/aureliusjewelry.com\\\/wp-content\\\/uploads\\\/logo.png\",\"contentUrl\":\"https:\\\/\\\/aureliusjewelry.com\\\/wp-content\\\/uploads\\\/logo.png\",\"width\":400,\"height\":64,\"caption\":\"Aurelius Jewelry\"},\"image\":{\"@id\":\"https:\\\/\\\/aureliusjewelry.com\\\/de\\\/#\\\/schema\\\/logo\\\/image\\\/\"},\"sameAs\":[\"https:\\\/\\\/www.facebook.com\\\/AureliusJewelry\\\/\",\"https:\\\/\\\/x.com\\\/AureliusJewelry\",\"https:\\\/\\\/instagram.com\\\/aureliusjewelry\",\"https:\\\/\\\/www.pinterest.com\\\/AureliusJewelry\\\/\"],\"email\":\"info@aureliusjewelry.com\",\"foundingDate\":\"2018-10-01\",\"vatID\":\"SI10391070\",\"hasMerchantReturnPolicy\":{\"@type\":\"MerchantReturnPolicy\",\"merchantReturnLink\":\"https:\\\/\\\/aureliusjewelry.com\\\/our-policies\\\/terms-conditions\\\/\"}}]}<\/script>\n<meta property=\"og:availability\" content=\"backorder\" \/>\n<meta property=\"product:availability\" content=\"available for order\" \/>\n<meta property=\"product:retailer_item_id\" content=\"15482\" \/>\n<meta property=\"product:condition\" content=\"new\" \/>","yoast_head_json":{"title":"Gro\u00dfer Kite Salz und Pfeffer Diamant Verlobungsring mit geh\u00e4mmertem Band - Aurelius Jewelry","robots":{"index":"index","follow":"follow","max-snippet":"max-snippet:-1","max-image-preview":"max-image-preview:large","max-video-preview":"max-video-preview:-1"},"canonical":"https:\/\/aureliusjewelry.com\/de\/product\/groser-kite-salz-und-pfeffer-diamant-verlobungsring-mit-gehammertem-band\/","og_locale":"de_DE","og_type":"article","og_title":"Gro\u00dfer Kite Salz und Pfeffer Diamant Verlobungsring mit geh\u00e4mmertem Band - Aurelius Jewelry","og_description":"%","og_url":"https:\/\/aureliusjewelry.com\/de\/product\/groser-kite-salz-und-pfeffer-diamant-verlobungsring-mit-gehammertem-band\/","og_site_name":"Aurelius Jewelry","article_publisher":"https:\/\/www.facebook.com\/AureliusJewelry\/","article_modified_time":"2026-05-10T03:06:25+00:00","og_image":[{"width":1920,"height":1440,"url":"https:\/\/aureliusjewelry.com\/wp-content\/uploads\/kite-salt-and-pepper-diamond-engagement-ring-hammered-band.jpg","type":"image\/jpeg"}],"twitter_card":"summary_large_image","twitter_site":"@AureliusJewelry","schema":{"@context":"https:\/\/schema.org","@graph":[{"@type":"WebPage","@id":"https:\/\/aureliusjewelry.com\/de\/product\/groser-kite-salz-und-pfeffer-diamant-verlobungsring-mit-gehammertem-band\/","url":"https:\/\/aureliusjewelry.com\/de\/product\/groser-kite-salz-und-pfeffer-diamant-verlobungsring-mit-gehammertem-band\/","name":"Gro\u00dfer Kite Salz und Pfeffer Diamant Verlobungsring mit geh\u00e4mmertem Band - Aurelius Jewelry","isPartOf":{"@id":"https:\/\/aureliusjewelry.com\/de\/#website"},"primaryImageOfPage":{"@id":"https:\/\/aureliusjewelry.com\/de\/product\/groser-kite-salz-und-pfeffer-diamant-verlobungsring-mit-gehammertem-band\/#primaryimage"},"image":{"@id":"https:\/\/aureliusjewelry.com\/de\/product\/groser-kite-salz-und-pfeffer-diamant-verlobungsring-mit-gehammertem-band\/#primaryimage"},"thumbnailUrl":"https:\/\/aureliusjewelry.com\/wp-content\/uploads\/kite-salt-and-pepper-diamond-engagement-ring-hammered-band.jpg","datePublished":"2021-01-28T14:50:01+00:00","dateModified":"2026-05-10T03:06:25+00:00","breadcrumb":{"@id":"https:\/\/aureliusjewelry.com\/de\/product\/groser-kite-salz-und-pfeffer-diamant-verlobungsring-mit-gehammertem-band\/#breadcrumb"},"inLanguage":"de","potentialAction":[{"@type":"ReadAction","target":["https:\/\/aureliusjewelry.com\/de\/product\/groser-kite-salz-und-pfeffer-diamant-verlobungsring-mit-gehammertem-band\/"]}]},{"@type":"ImageObject","inLanguage":"de","@id":"https:\/\/aureliusjewelry.com\/de\/product\/groser-kite-salz-und-pfeffer-diamant-verlobungsring-mit-gehammertem-band\/#primaryimage","url":"https:\/\/aureliusjewelry.com\/wp-content\/uploads\/kite-salt-and-pepper-diamond-engagement-ring-hammered-band.jpg","contentUrl":"https:\/\/aureliusjewelry.com\/wp-content\/uploads\/kite-salt-and-pepper-diamond-engagement-ring-hammered-band.jpg","width":1920,"height":1440},{"@type":"BreadcrumbList","@id":"https:\/\/aureliusjewelry.com\/de\/product\/groser-kite-salz-und-pfeffer-diamant-verlobungsring-mit-gehammertem-band\/#breadcrumb","itemListElement":[{"@type":"ListItem","position":1,"name":"Home","item":"https:\/\/aureliusjewelry.com\/de\/"},{"@type":"ListItem","position":2,"name":"Shop","item":"https:\/\/aureliusjewelry.com\/de\/shop\/"},{"@type":"ListItem","position":3,"name":"Gro\u00dfer Kite Salz und Pfeffer Diamant Verlobungsring mit geh\u00e4mmertem Band"}]},{"@type":"WebSite","@id":"https:\/\/aureliusjewelry.com\/de\/#website","url":"https:\/\/aureliusjewelry.com\/de\/","name":"Aurelius Jewelry","description":"Handmade Fine Gold Jewelry","publisher":{"@id":"https:\/\/aureliusjewelry.com\/de\/#organization"},"potentialAction":[{"@type":"SearchAction","target":{"@type":"EntryPoint","urlTemplate":"https:\/\/aureliusjewelry.com\/de\/?s={search_term_string}"},"query-input":{"@type":"PropertyValueSpecification","valueRequired":true,"valueName":"search_term_string"}}],"inLanguage":"de"},{"@type":"Organization","@id":"https:\/\/aureliusjewelry.com\/de\/#organization","name":"Aurelius Jewelry","url":"https:\/\/aureliusjewelry.com\/de\/","logo":{"@type":"ImageObject","inLanguage":"de","@id":"https:\/\/aureliusjewelry.com\/de\/#\/schema\/logo\/image\/","url":"https:\/\/aureliusjewelry.com\/wp-content\/uploads\/logo.png","contentUrl":"https:\/\/aureliusjewelry.com\/wp-content\/uploads\/logo.png","width":400,"height":64,"caption":"Aurelius Jewelry"},"image":{"@id":"https:\/\/aureliusjewelry.com\/de\/#\/schema\/logo\/image\/"},"sameAs":["https:\/\/www.facebook.com\/AureliusJewelry\/","https:\/\/x.com\/AureliusJewelry","https:\/\/instagram.com\/aureliusjewelry","https:\/\/www.pinterest.com\/AureliusJewelry\/"],"email":"info@aureliusjewelry.com","foundingDate":"2018-10-01","vatID":"SI10391070","hasMerchantReturnPolicy":{"@type":"MerchantReturnPolicy","merchantReturnLink":"https:\/\/aureliusjewelry.com\/our-policies\/terms-conditions\/"}}]},"og_availability":"backorder","product_availability":"available for order","product_retailer_item_id":"15482","product_condition":"new"},"_links":{"self":[{"href":"https:\/\/aureliusjewelry.com\/de\/wp-json\/wp\/v2\/product\/19062","targetHints":{"allow":["GET"]}}],"collection":[{"href":"https:\/\/aureliusjewelry.com\/de\/wp-json\/wp\/v2\/product"}],"about":[{"href":"https:\/\/aureliusjewelry.com\/de\/wp-json\/wp\/v2\/types\/product"}],"replies":[{"embeddable":true,"href":"https:\/\/aureliusjewelry.com\/de\/wp-json\/wp\/v2\/comments?post=19062"}],"wp:featuredmedia":[{"embeddable":true,"href":"https:\/\/aureliusjewelry.com\/de\/wp-json\/wp\/v2\/media\/26385"}],"wp:attachment":[{"href":"https:\/\/aureliusjewelry.com\/de\/wp-json\/wp\/v2\/media?parent=19062"}],"wp:term":[{"taxonomy":"product_brand","embeddable":true,"href":"https:\/\/aureliusjewelry.com\/de\/wp-json\/wp\/v2\/product_brand?post=19062"},{"taxonomy":"product_cat","embeddable":true,"href":"https:\/\/aureliusjewelry.com\/de\/wp-json\/wp\/v2\/product_cat?post=19062"},{"taxonomy":"product_tag","embeddable":true,"href":"https:\/\/aureliusjewelry.com\/de\/wp-json\/wp\/v2\/product_tag?post=19062"}],"curies":[{"name":"wp","href":"https:\/\/api.w.org\/{rel}","templated":true}]}}