{"id":18974,"date":"2021-01-26T23:30:21","date_gmt":"2021-01-26T21:30:21","guid":{"rendered":"http:\/\/127.0.0.1\/product\/dreisteiniger-kleiner-sechseck-salz-und-pfeffer-diamant-verlobungsring\/"},"modified":"2026-05-03T01:30:30","modified_gmt":"2026-05-02T23:30:30","slug":"dreisteiniger-kleiner-sechseck-salz-und-pfeffer-diamant-verlobungsring","status":"publish","type":"product","link":"https:\/\/aureliusjewelry.com\/de\/dreisteiniger-kleiner-sechseck-salz-und-pfeffer-diamant-verlobungsring\/","title":{"rendered":"Dreisteiniger kleiner Sechseck Salz und Pfeffer Diamant Verlobungsring"},"content":{"rendered":"<p><strong>Hauptstein<\/strong><br \/>\n\u2013 sechseckige Rosenschliff Salz-und-Pfeffer-Diamant<br \/>\n\u2013 ca. 6x5mm<\/p>\n<p><strong>Seitensteine<\/strong><br \/>\n\u2013 runde Diamanten<br \/>\n\u2013 ca. 1.5mm (2)<br \/>\n\u2013 F\/G-Farbe, VS-Klarheit, konfliktfrei<\/p>\n<p><strong>Ringma\u00dfe und Material<\/strong><br \/>\n\u2013 ca. 1,5 mm breit, 1,6 mm dick<br \/>\n\u2013 erh\u00e4ltlich in 14K\/18K Gelb-, Wei\u00df- oder Ros\u00e9gold und Platin<br \/>\n\u2013 US-Ringgr\u00f6\u00dfe 3-9, kleinere oder gr\u00f6\u00dfere Gr\u00f6\u00dfen auf Anfrage erh\u00e4ltlich<\/p>\n","protected":false},"excerpt":{"rendered":"<p>Dies ist eine kleinere Version unseres kontrastreichen Drei-Stein-Designs, das einen fesselnden sechseckigen Salz-und-Pfeffer-Diamanten aufweist, der mit zwei wei\u00dfen Diamanten im Brillantschliff f\u00fcr das zus\u00e4tzliche Funkeln verziert ist. Der sechseckige Diamant im Rosenschliff wird von vier Krallenzacken gehalten, die ihm einen kantigen Look verleihen und ihn zu einem perfekten modernen Verlobungsring machen. Jeder Diamant ist ein Unikat und um einen f\u00fcr Ihren Ring auszuw\u00e4hlen, kontaktieren Sie uns bitte!<\/p>\n","protected":false},"featured_media":26293,"comment_status":"open","ping_status":"closed","template":"","meta":[],"product_brand":[],"product_cat":[473,1507,536,1509,1531,488,490],"product_tag":[728,633,1069,1263,1070],"class_list":{"0":"post-18974","1":"product","2":"type-product","3":"status-publish","4":"has-post-thumbnail","6":"product_cat-ausergewohnlich","7":"product_cat-geometrische-verlobungsringe","8":"product_cat-ringe","9":"product_cat-sechseckiger-verlobungsring","10":"product_cat-verlobungsring-mit-drei-steinen","11":"product_cat-verlobungsringe","12":"product_cat-verlobungsringe-mit-salz-und-pfeffer-diamant","13":"product_tag-production_time_3_5-de","14":"product_tag-ringe-tag","15":"product_tag-ringe-de","16":"product_tag-salz-und-pfefferdiamant","17":"product_tag-sechseck","19":"first","20":"onbackorder","21":"sold-individually","22":"taxable","23":"shipping-taxable","24":"purchasable","25":"product-type-variable"},"yoast_head":"<title>Dreisteiniger kleiner Sechseck Salz und Pfeffer Diamant Verlobungsring - Aurelius Jewelry<\/title>\n<meta name=\"robots\" content=\"index, follow, max-snippet:-1, max-image-preview:large, max-video-preview:-1\" \/>\n<link rel=\"canonical\" href=\"https:\/\/aureliusjewelry.com\/de\/dreisteiniger-kleiner-sechseck-salz-und-pfeffer-diamant-verlobungsring\/\" \/>\n<meta property=\"og:locale\" content=\"de_DE\" \/>\n<meta property=\"og:type\" content=\"article\" \/>\n<meta property=\"og:title\" content=\"Dreisteiniger kleiner Sechseck Salz und Pfeffer Diamant Verlobungsring - Aurelius Jewelry\" \/>\n<meta property=\"og:description\" content=\"%\" \/>\n<meta property=\"og:url\" content=\"https:\/\/aureliusjewelry.com\/de\/dreisteiniger-kleiner-sechseck-salz-und-pfeffer-diamant-verlobungsring\/\" \/>\n<meta property=\"og:site_name\" content=\"Aurelius Jewelry\" \/>\n<meta property=\"article:publisher\" content=\"https:\/\/www.facebook.com\/AureliusJewelry\/\" \/>\n<meta property=\"article:modified_time\" content=\"2026-05-02T23:30:30+00:00\" \/>\n<meta property=\"og:image\" content=\"https:\/\/aureliusjewelry.com\/wp-content\/uploads\/hexagon-diamond-engagement-ring-yellow-gold-14k.jpg\" \/>\n\t<meta property=\"og:image:width\" content=\"1920\" \/>\n\t<meta property=\"og:image:height\" content=\"1440\" \/>\n\t<meta property=\"og:image:type\" content=\"image\/jpeg\" \/>\n<meta name=\"twitter:card\" content=\"summary_large_image\" \/>\n<meta name=\"twitter:site\" content=\"@AureliusJewelry\" \/>\n<script type=\"application\/ld+json\" class=\"yoast-schema-graph\">{\"@context\":\"https:\\\/\\\/schema.org\",\"@graph\":[{\"@type\":\"WebPage\",\"@id\":\"https:\\\/\\\/aureliusjewelry.com\\\/de\\\/dreisteiniger-kleiner-sechseck-salz-und-pfeffer-diamant-verlobungsring\\\/\",\"url\":\"https:\\\/\\\/aureliusjewelry.com\\\/de\\\/dreisteiniger-kleiner-sechseck-salz-und-pfeffer-diamant-verlobungsring\\\/\",\"name\":\"Dreisteiniger kleiner Sechseck Salz und Pfeffer Diamant Verlobungsring - Aurelius Jewelry\",\"isPartOf\":{\"@id\":\"https:\\\/\\\/aureliusjewelry.com\\\/de\\\/#website\"},\"primaryImageOfPage\":{\"@id\":\"https:\\\/\\\/aureliusjewelry.com\\\/de\\\/dreisteiniger-kleiner-sechseck-salz-und-pfeffer-diamant-verlobungsring\\\/#primaryimage\"},\"image\":{\"@id\":\"https:\\\/\\\/aureliusjewelry.com\\\/de\\\/dreisteiniger-kleiner-sechseck-salz-und-pfeffer-diamant-verlobungsring\\\/#primaryimage\"},\"thumbnailUrl\":\"https:\\\/\\\/aureliusjewelry.com\\\/wp-content\\\/uploads\\\/hexagon-diamond-engagement-ring-yellow-gold-14k.jpg\",\"datePublished\":\"2021-01-26T21:30:21+00:00\",\"dateModified\":\"2026-05-02T23:30:30+00:00\",\"breadcrumb\":{\"@id\":\"https:\\\/\\\/aureliusjewelry.com\\\/de\\\/dreisteiniger-kleiner-sechseck-salz-und-pfeffer-diamant-verlobungsring\\\/#breadcrumb\"},\"inLanguage\":\"de\",\"potentialAction\":[{\"@type\":\"ReadAction\",\"target\":[\"https:\\\/\\\/aureliusjewelry.com\\\/de\\\/dreisteiniger-kleiner-sechseck-salz-und-pfeffer-diamant-verlobungsring\\\/\"]}]},{\"@type\":\"ImageObject\",\"inLanguage\":\"de\",\"@id\":\"https:\\\/\\\/aureliusjewelry.com\\\/de\\\/dreisteiniger-kleiner-sechseck-salz-und-pfeffer-diamant-verlobungsring\\\/#primaryimage\",\"url\":\"https:\\\/\\\/aureliusjewelry.com\\\/wp-content\\\/uploads\\\/hexagon-diamond-engagement-ring-yellow-gold-14k.jpg\",\"contentUrl\":\"https:\\\/\\\/aureliusjewelry.com\\\/wp-content\\\/uploads\\\/hexagon-diamond-engagement-ring-yellow-gold-14k.jpg\",\"width\":1920,\"height\":1440},{\"@type\":\"BreadcrumbList\",\"@id\":\"https:\\\/\\\/aureliusjewelry.com\\\/de\\\/dreisteiniger-kleiner-sechseck-salz-und-pfeffer-diamant-verlobungsring\\\/#breadcrumb\",\"itemListElement\":[{\"@type\":\"ListItem\",\"position\":1,\"name\":\"Home\",\"item\":\"https:\\\/\\\/aureliusjewelry.com\\\/de\\\/\"},{\"@type\":\"ListItem\",\"position\":2,\"name\":\"Shop\",\"item\":\"https:\\\/\\\/aureliusjewelry.com\\\/de\\\/shop\\\/\"},{\"@type\":\"ListItem\",\"position\":3,\"name\":\"Dreisteiniger kleiner Sechseck Salz und Pfeffer Diamant Verlobungsring\"}]},{\"@type\":\"WebSite\",\"@id\":\"https:\\\/\\\/aureliusjewelry.com\\\/de\\\/#website\",\"url\":\"https:\\\/\\\/aureliusjewelry.com\\\/de\\\/\",\"name\":\"Aurelius Jewelry\",\"description\":\"Handmade Fine Gold Jewelry\",\"publisher\":{\"@id\":\"https:\\\/\\\/aureliusjewelry.com\\\/de\\\/#organization\"},\"potentialAction\":[{\"@type\":\"SearchAction\",\"target\":{\"@type\":\"EntryPoint\",\"urlTemplate\":\"https:\\\/\\\/aureliusjewelry.com\\\/de\\\/?s={search_term_string}\"},\"query-input\":{\"@type\":\"PropertyValueSpecification\",\"valueRequired\":true,\"valueName\":\"search_term_string\"}}],\"inLanguage\":\"de\"},{\"@type\":\"Organization\",\"@id\":\"https:\\\/\\\/aureliusjewelry.com\\\/de\\\/#organization\",\"name\":\"Aurelius Jewelry\",\"url\":\"https:\\\/\\\/aureliusjewelry.com\\\/de\\\/\",\"logo\":{\"@type\":\"ImageObject\",\"inLanguage\":\"de\",\"@id\":\"https:\\\/\\\/aureliusjewelry.com\\\/de\\\/#\\\/schema\\\/logo\\\/image\\\/\",\"url\":\"https:\\\/\\\/aureliusjewelry.com\\\/wp-content\\\/uploads\\\/logo.png\",\"contentUrl\":\"https:\\\/\\\/aureliusjewelry.com\\\/wp-content\\\/uploads\\\/logo.png\",\"width\":400,\"height\":64,\"caption\":\"Aurelius Jewelry\"},\"image\":{\"@id\":\"https:\\\/\\\/aureliusjewelry.com\\\/de\\\/#\\\/schema\\\/logo\\\/image\\\/\"},\"sameAs\":[\"https:\\\/\\\/www.facebook.com\\\/AureliusJewelry\\\/\",\"https:\\\/\\\/x.com\\\/AureliusJewelry\",\"https:\\\/\\\/instagram.com\\\/aureliusjewelry\",\"https:\\\/\\\/www.pinterest.com\\\/AureliusJewelry\\\/\"],\"email\":\"info@aureliusjewelry.com\",\"foundingDate\":\"2018-10-01\",\"vatID\":\"SI10391070\",\"hasMerchantReturnPolicy\":{\"@type\":\"MerchantReturnPolicy\",\"merchantReturnLink\":\"https:\\\/\\\/aureliusjewelry.com\\\/our-policies\\\/terms-conditions\\\/\"}}]}<\/script>\n<meta property=\"og:availability\" content=\"backorder\" \/>\n<meta property=\"product:availability\" content=\"available for order\" \/>\n<meta property=\"product:retailer_item_id\" content=\"14778\" \/>\n<meta property=\"product:condition\" content=\"new\" \/>","yoast_head_json":{"title":"Dreisteiniger kleiner Sechseck Salz und Pfeffer Diamant Verlobungsring - Aurelius Jewelry","robots":{"index":"index","follow":"follow","max-snippet":"max-snippet:-1","max-image-preview":"max-image-preview:large","max-video-preview":"max-video-preview:-1"},"canonical":"https:\/\/aureliusjewelry.com\/de\/dreisteiniger-kleiner-sechseck-salz-und-pfeffer-diamant-verlobungsring\/","og_locale":"de_DE","og_type":"article","og_title":"Dreisteiniger kleiner Sechseck Salz und Pfeffer Diamant Verlobungsring - Aurelius Jewelry","og_description":"%","og_url":"https:\/\/aureliusjewelry.com\/de\/dreisteiniger-kleiner-sechseck-salz-und-pfeffer-diamant-verlobungsring\/","og_site_name":"Aurelius Jewelry","article_publisher":"https:\/\/www.facebook.com\/AureliusJewelry\/","article_modified_time":"2026-05-02T23:30:30+00:00","og_image":[{"width":1920,"height":1440,"url":"https:\/\/aureliusjewelry.com\/wp-content\/uploads\/hexagon-diamond-engagement-ring-yellow-gold-14k.jpg","type":"image\/jpeg"}],"twitter_card":"summary_large_image","twitter_site":"@AureliusJewelry","schema":{"@context":"https:\/\/schema.org","@graph":[{"@type":"WebPage","@id":"https:\/\/aureliusjewelry.com\/de\/dreisteiniger-kleiner-sechseck-salz-und-pfeffer-diamant-verlobungsring\/","url":"https:\/\/aureliusjewelry.com\/de\/dreisteiniger-kleiner-sechseck-salz-und-pfeffer-diamant-verlobungsring\/","name":"Dreisteiniger kleiner Sechseck Salz und Pfeffer Diamant Verlobungsring - Aurelius Jewelry","isPartOf":{"@id":"https:\/\/aureliusjewelry.com\/de\/#website"},"primaryImageOfPage":{"@id":"https:\/\/aureliusjewelry.com\/de\/dreisteiniger-kleiner-sechseck-salz-und-pfeffer-diamant-verlobungsring\/#primaryimage"},"image":{"@id":"https:\/\/aureliusjewelry.com\/de\/dreisteiniger-kleiner-sechseck-salz-und-pfeffer-diamant-verlobungsring\/#primaryimage"},"thumbnailUrl":"https:\/\/aureliusjewelry.com\/wp-content\/uploads\/hexagon-diamond-engagement-ring-yellow-gold-14k.jpg","datePublished":"2021-01-26T21:30:21+00:00","dateModified":"2026-05-02T23:30:30+00:00","breadcrumb":{"@id":"https:\/\/aureliusjewelry.com\/de\/dreisteiniger-kleiner-sechseck-salz-und-pfeffer-diamant-verlobungsring\/#breadcrumb"},"inLanguage":"de","potentialAction":[{"@type":"ReadAction","target":["https:\/\/aureliusjewelry.com\/de\/dreisteiniger-kleiner-sechseck-salz-und-pfeffer-diamant-verlobungsring\/"]}]},{"@type":"ImageObject","inLanguage":"de","@id":"https:\/\/aureliusjewelry.com\/de\/dreisteiniger-kleiner-sechseck-salz-und-pfeffer-diamant-verlobungsring\/#primaryimage","url":"https:\/\/aureliusjewelry.com\/wp-content\/uploads\/hexagon-diamond-engagement-ring-yellow-gold-14k.jpg","contentUrl":"https:\/\/aureliusjewelry.com\/wp-content\/uploads\/hexagon-diamond-engagement-ring-yellow-gold-14k.jpg","width":1920,"height":1440},{"@type":"BreadcrumbList","@id":"https:\/\/aureliusjewelry.com\/de\/dreisteiniger-kleiner-sechseck-salz-und-pfeffer-diamant-verlobungsring\/#breadcrumb","itemListElement":[{"@type":"ListItem","position":1,"name":"Home","item":"https:\/\/aureliusjewelry.com\/de\/"},{"@type":"ListItem","position":2,"name":"Shop","item":"https:\/\/aureliusjewelry.com\/de\/shop\/"},{"@type":"ListItem","position":3,"name":"Dreisteiniger kleiner Sechseck Salz und Pfeffer Diamant Verlobungsring"}]},{"@type":"WebSite","@id":"https:\/\/aureliusjewelry.com\/de\/#website","url":"https:\/\/aureliusjewelry.com\/de\/","name":"Aurelius Jewelry","description":"Handmade Fine Gold Jewelry","publisher":{"@id":"https:\/\/aureliusjewelry.com\/de\/#organization"},"potentialAction":[{"@type":"SearchAction","target":{"@type":"EntryPoint","urlTemplate":"https:\/\/aureliusjewelry.com\/de\/?s={search_term_string}"},"query-input":{"@type":"PropertyValueSpecification","valueRequired":true,"valueName":"search_term_string"}}],"inLanguage":"de"},{"@type":"Organization","@id":"https:\/\/aureliusjewelry.com\/de\/#organization","name":"Aurelius Jewelry","url":"https:\/\/aureliusjewelry.com\/de\/","logo":{"@type":"ImageObject","inLanguage":"de","@id":"https:\/\/aureliusjewelry.com\/de\/#\/schema\/logo\/image\/","url":"https:\/\/aureliusjewelry.com\/wp-content\/uploads\/logo.png","contentUrl":"https:\/\/aureliusjewelry.com\/wp-content\/uploads\/logo.png","width":400,"height":64,"caption":"Aurelius Jewelry"},"image":{"@id":"https:\/\/aureliusjewelry.com\/de\/#\/schema\/logo\/image\/"},"sameAs":["https:\/\/www.facebook.com\/AureliusJewelry\/","https:\/\/x.com\/AureliusJewelry","https:\/\/instagram.com\/aureliusjewelry","https:\/\/www.pinterest.com\/AureliusJewelry\/"],"email":"info@aureliusjewelry.com","foundingDate":"2018-10-01","vatID":"SI10391070","hasMerchantReturnPolicy":{"@type":"MerchantReturnPolicy","merchantReturnLink":"https:\/\/aureliusjewelry.com\/our-policies\/terms-conditions\/"}}]},"og_availability":"backorder","product_availability":"available for order","product_retailer_item_id":"14778","product_condition":"new"},"_links":{"self":[{"href":"https:\/\/aureliusjewelry.com\/de\/wp-json\/wp\/v2\/product\/18974","targetHints":{"allow":["GET"]}}],"collection":[{"href":"https:\/\/aureliusjewelry.com\/de\/wp-json\/wp\/v2\/product"}],"about":[{"href":"https:\/\/aureliusjewelry.com\/de\/wp-json\/wp\/v2\/types\/product"}],"replies":[{"embeddable":true,"href":"https:\/\/aureliusjewelry.com\/de\/wp-json\/wp\/v2\/comments?post=18974"}],"wp:featuredmedia":[{"embeddable":true,"href":"https:\/\/aureliusjewelry.com\/de\/wp-json\/wp\/v2\/media\/26293"}],"wp:attachment":[{"href":"https:\/\/aureliusjewelry.com\/de\/wp-json\/wp\/v2\/media?parent=18974"}],"wp:term":[{"taxonomy":"product_brand","embeddable":true,"href":"https:\/\/aureliusjewelry.com\/de\/wp-json\/wp\/v2\/product_brand?post=18974"},{"taxonomy":"product_cat","embeddable":true,"href":"https:\/\/aureliusjewelry.com\/de\/wp-json\/wp\/v2\/product_cat?post=18974"},{"taxonomy":"product_tag","embeddable":true,"href":"https:\/\/aureliusjewelry.com\/de\/wp-json\/wp\/v2\/product_tag?post=18974"}],"curies":[{"name":"wp","href":"https:\/\/api.w.org\/{rel}","templated":true}]}}