{"id":18918,"date":"2020-12-23T18:58:00","date_gmt":"2020-12-23T16:58:00","guid":{"rendered":"http:\/\/127.0.0.1\/product\/dark-kite-salt-and-pepper-diamant-verlobungsring-mit-marquise-schliff-akzentdiamanten\/"},"modified":"2026-05-10T07:24:25","modified_gmt":"2026-05-10T05:24:25","slug":"dark-kite-salt-and-pepper-diamant-verlobungsring-mit-marquise-schliff-akzentdiamanten","status":"publish","type":"product","link":"https:\/\/aureliusjewelry.com\/de\/product\/dark-kite-salt-and-pepper-diamant-verlobungsring-mit-marquise-schliff-akzentdiamanten\/","title":{"rendered":"Dark Kite Salt and Pepper Diamant-Verlobungsring mit Marquise-Schliff-Akzentdiamanten"},"content":{"rendered":"<p><strong>Hauptstein<\/strong><\/p>\n<ul>\n<li>schwarzer Diamant im Birnenschliff<\/li>\n<li>ca. 8x6mm\/9x5mm, 0.7-0.8ct<\/li>\n<\/ul>\n<p><strong>Seitensteine<\/strong><\/p>\n<ul>\n<li>Marquiseund runde Diamanten<\/li>\n<li>ca. 3\u00d71.5mm (2), 1.25mm (4)<\/li>\n<li>F\/G-Farbe, VS-Klarheit, konfliktfrei<\/li>\n<\/ul>\n<p><strong>Bandma\u00dfe und Material<\/strong><\/p>\n<ul>\n<li>ca. 1.5mm breit, 1.6mm dick<\/li>\n<li>erh\u00e4ltlich in 14-kar\u00e4tigem\/18-kar\u00e4tigem Gelb-, Wei\u00dfoder Ros\u00e9gold und Platin<\/li>\n<li>US-Ringgr\u00f6\u00dfe 3\u20139, kleinere oder gr\u00f6\u00dfere Gr\u00f6\u00dfen auf Anfrage erh\u00e4ltlich<\/li>\n<\/ul>\n","protected":false},"excerpt":{"rendered":"<p>Dieser wundersch\u00f6ne, flache Verlobungsring zeigt einen undurchsichtigen, nat\u00fcrlichen Kite Salt and Pepper-Diamanten, der in ein messerscharfes Band mit wei\u00dfen Seitendiamanten im Rund- und Marquise-Schliff gefasst ist. Die Pfeilzacke sch\u00fctzt die scharfe Spitze des Diamanten und erm\u00f6glicht ein bequemes Tragen. Jeder Hauptdiamant ist ein Unikat und um einen f\u00fcr Ihren Ring auszuw\u00e4hlen, kontaktieren Sie uns bitte!<\/p>\n","protected":false},"featured_media":12688,"comment_status":"open","ping_status":"closed","template":"","meta":[],"product_brand":[],"product_cat":[473,1510,1507,536,1523,488,490,471],"product_tag":[1192,728,633,1069,1263],"class_list":{"0":"post-18918","1":"product","2":"type-product","3":"status-publish","4":"has-post-thumbnail","6":"product_cat-ausergewohnlich","7":"product_cat-drachen-verlobungsring","8":"product_cat-geometrische-verlobungsringe","9":"product_cat-ringe","10":"product_cat-verlobungsring-mit-sieben-steinen","11":"product_cat-verlobungsringe","12":"product_cat-verlobungsringe-mit-salz-und-pfeffer-diamant","13":"product_cat-zeitgenossisch","14":"product_tag-drachen","15":"product_tag-production_time_3_5-de","16":"product_tag-ringe-tag","17":"product_tag-ringe-de","18":"product_tag-salz-und-pfefferdiamant","20":"first","21":"onbackorder","22":"sold-individually","23":"taxable","24":"shipping-taxable","25":"purchasable","26":"product-type-variable"},"yoast_head":"<title>Dark Kite Salt and Pepper Diamant-Verlobungsring mit Marquise-Schliff-Akzentdiamanten - Aurelius Jewelry<\/title>\n<meta name=\"robots\" content=\"index, follow, max-snippet:-1, max-image-preview:large, max-video-preview:-1\" \/>\n<link rel=\"canonical\" href=\"https:\/\/aureliusjewelry.com\/de\/product\/dark-kite-salt-and-pepper-diamant-verlobungsring-mit-marquise-schliff-akzentdiamanten\/\" \/>\n<meta property=\"og:locale\" content=\"de_DE\" \/>\n<meta property=\"og:type\" content=\"article\" \/>\n<meta property=\"og:title\" content=\"Dark Kite Salt and Pepper Diamant-Verlobungsring mit Marquise-Schliff-Akzentdiamanten - Aurelius Jewelry\" \/>\n<meta property=\"og:description\" content=\"%\" \/>\n<meta property=\"og:url\" content=\"https:\/\/aureliusjewelry.com\/de\/product\/dark-kite-salt-and-pepper-diamant-verlobungsring-mit-marquise-schliff-akzentdiamanten\/\" \/>\n<meta property=\"og:site_name\" content=\"Aurelius Jewelry\" \/>\n<meta property=\"article:publisher\" content=\"https:\/\/www.facebook.com\/AureliusJewelry\/\" \/>\n<meta property=\"article:modified_time\" content=\"2026-05-10T05:24:25+00:00\" \/>\n<meta property=\"og:image\" content=\"https:\/\/aureliusjewelry.com\/wp-content\/uploads\/rosegold-drachen-diamant-verlobungsring-vorder-seitenansicht.jpg\" \/>\n\t<meta property=\"og:image:width\" content=\"1920\" \/>\n\t<meta property=\"og:image:height\" content=\"1440\" \/>\n\t<meta property=\"og:image:type\" content=\"image\/jpeg\" \/>\n<meta name=\"twitter:card\" content=\"summary_large_image\" \/>\n<meta name=\"twitter:site\" content=\"@AureliusJewelry\" \/>\n<script type=\"application\/ld+json\" class=\"yoast-schema-graph\">{\"@context\":\"https:\\\/\\\/schema.org\",\"@graph\":[{\"@type\":\"WebPage\",\"@id\":\"https:\\\/\\\/aureliusjewelry.com\\\/de\\\/product\\\/dark-kite-salt-and-pepper-diamant-verlobungsring-mit-marquise-schliff-akzentdiamanten\\\/\",\"url\":\"https:\\\/\\\/aureliusjewelry.com\\\/de\\\/product\\\/dark-kite-salt-and-pepper-diamant-verlobungsring-mit-marquise-schliff-akzentdiamanten\\\/\",\"name\":\"Dark Kite Salt and Pepper Diamant-Verlobungsring mit Marquise-Schliff-Akzentdiamanten - Aurelius Jewelry\",\"isPartOf\":{\"@id\":\"https:\\\/\\\/aureliusjewelry.com\\\/de\\\/#website\"},\"primaryImageOfPage\":{\"@id\":\"https:\\\/\\\/aureliusjewelry.com\\\/de\\\/product\\\/dark-kite-salt-and-pepper-diamant-verlobungsring-mit-marquise-schliff-akzentdiamanten\\\/#primaryimage\"},\"image\":{\"@id\":\"https:\\\/\\\/aureliusjewelry.com\\\/de\\\/product\\\/dark-kite-salt-and-pepper-diamant-verlobungsring-mit-marquise-schliff-akzentdiamanten\\\/#primaryimage\"},\"thumbnailUrl\":\"https:\\\/\\\/aureliusjewelry.com\\\/wp-content\\\/uploads\\\/rosegold-drachen-diamant-verlobungsring-vorder-seitenansicht.jpg\",\"datePublished\":\"2020-12-23T16:58:00+00:00\",\"dateModified\":\"2026-05-10T05:24:25+00:00\",\"breadcrumb\":{\"@id\":\"https:\\\/\\\/aureliusjewelry.com\\\/de\\\/product\\\/dark-kite-salt-and-pepper-diamant-verlobungsring-mit-marquise-schliff-akzentdiamanten\\\/#breadcrumb\"},\"inLanguage\":\"de\",\"potentialAction\":[{\"@type\":\"ReadAction\",\"target\":[\"https:\\\/\\\/aureliusjewelry.com\\\/de\\\/product\\\/dark-kite-salt-and-pepper-diamant-verlobungsring-mit-marquise-schliff-akzentdiamanten\\\/\"]}]},{\"@type\":\"ImageObject\",\"inLanguage\":\"de\",\"@id\":\"https:\\\/\\\/aureliusjewelry.com\\\/de\\\/product\\\/dark-kite-salt-and-pepper-diamant-verlobungsring-mit-marquise-schliff-akzentdiamanten\\\/#primaryimage\",\"url\":\"https:\\\/\\\/aureliusjewelry.com\\\/wp-content\\\/uploads\\\/rosegold-drachen-diamant-verlobungsring-vorder-seitenansicht.jpg\",\"contentUrl\":\"https:\\\/\\\/aureliusjewelry.com\\\/wp-content\\\/uploads\\\/rosegold-drachen-diamant-verlobungsring-vorder-seitenansicht.jpg\",\"width\":1920,\"height\":1440,\"caption\":\"Ros\u00e9gold Drachen Diamant Verlobungsring Vorder Seitenansicht\"},{\"@type\":\"BreadcrumbList\",\"@id\":\"https:\\\/\\\/aureliusjewelry.com\\\/de\\\/product\\\/dark-kite-salt-and-pepper-diamant-verlobungsring-mit-marquise-schliff-akzentdiamanten\\\/#breadcrumb\",\"itemListElement\":[{\"@type\":\"ListItem\",\"position\":1,\"name\":\"Home\",\"item\":\"https:\\\/\\\/aureliusjewelry.com\\\/de\\\/\"},{\"@type\":\"ListItem\",\"position\":2,\"name\":\"Shop\",\"item\":\"https:\\\/\\\/aureliusjewelry.com\\\/de\\\/shop\\\/\"},{\"@type\":\"ListItem\",\"position\":3,\"name\":\"Dark Kite Salt and Pepper Diamant-Verlobungsring mit Marquise-Schliff-Akzentdiamanten\"}]},{\"@type\":\"WebSite\",\"@id\":\"https:\\\/\\\/aureliusjewelry.com\\\/de\\\/#website\",\"url\":\"https:\\\/\\\/aureliusjewelry.com\\\/de\\\/\",\"name\":\"Aurelius Jewelry\",\"description\":\"Handmade Fine Gold Jewelry\",\"publisher\":{\"@id\":\"https:\\\/\\\/aureliusjewelry.com\\\/de\\\/#organization\"},\"potentialAction\":[{\"@type\":\"SearchAction\",\"target\":{\"@type\":\"EntryPoint\",\"urlTemplate\":\"https:\\\/\\\/aureliusjewelry.com\\\/de\\\/?s={search_term_string}\"},\"query-input\":{\"@type\":\"PropertyValueSpecification\",\"valueRequired\":true,\"valueName\":\"search_term_string\"}}],\"inLanguage\":\"de\"},{\"@type\":\"Organization\",\"@id\":\"https:\\\/\\\/aureliusjewelry.com\\\/de\\\/#organization\",\"name\":\"Aurelius Jewelry\",\"url\":\"https:\\\/\\\/aureliusjewelry.com\\\/de\\\/\",\"logo\":{\"@type\":\"ImageObject\",\"inLanguage\":\"de\",\"@id\":\"https:\\\/\\\/aureliusjewelry.com\\\/de\\\/#\\\/schema\\\/logo\\\/image\\\/\",\"url\":\"https:\\\/\\\/aureliusjewelry.com\\\/wp-content\\\/uploads\\\/logo.png\",\"contentUrl\":\"https:\\\/\\\/aureliusjewelry.com\\\/wp-content\\\/uploads\\\/logo.png\",\"width\":400,\"height\":64,\"caption\":\"Aurelius Jewelry\"},\"image\":{\"@id\":\"https:\\\/\\\/aureliusjewelry.com\\\/de\\\/#\\\/schema\\\/logo\\\/image\\\/\"},\"sameAs\":[\"https:\\\/\\\/www.facebook.com\\\/AureliusJewelry\\\/\",\"https:\\\/\\\/x.com\\\/AureliusJewelry\",\"https:\\\/\\\/instagram.com\\\/aureliusjewelry\",\"https:\\\/\\\/www.pinterest.com\\\/AureliusJewelry\\\/\"],\"email\":\"info@aureliusjewelry.com\",\"foundingDate\":\"2018-10-01\",\"vatID\":\"SI10391070\",\"hasMerchantReturnPolicy\":{\"@type\":\"MerchantReturnPolicy\",\"merchantReturnLink\":\"https:\\\/\\\/aureliusjewelry.com\\\/our-policies\\\/terms-conditions\\\/\"}}]}<\/script>\n<meta property=\"og:availability\" content=\"backorder\" \/>\n<meta property=\"product:availability\" content=\"available for order\" \/>\n<meta property=\"product:retailer_item_id\" content=\"12679\" \/>\n<meta property=\"product:condition\" content=\"new\" \/>","yoast_head_json":{"title":"Dark Kite Salt and Pepper Diamant-Verlobungsring mit Marquise-Schliff-Akzentdiamanten - Aurelius Jewelry","robots":{"index":"index","follow":"follow","max-snippet":"max-snippet:-1","max-image-preview":"max-image-preview:large","max-video-preview":"max-video-preview:-1"},"canonical":"https:\/\/aureliusjewelry.com\/de\/product\/dark-kite-salt-and-pepper-diamant-verlobungsring-mit-marquise-schliff-akzentdiamanten\/","og_locale":"de_DE","og_type":"article","og_title":"Dark Kite Salt and Pepper Diamant-Verlobungsring mit Marquise-Schliff-Akzentdiamanten - Aurelius Jewelry","og_description":"%","og_url":"https:\/\/aureliusjewelry.com\/de\/product\/dark-kite-salt-and-pepper-diamant-verlobungsring-mit-marquise-schliff-akzentdiamanten\/","og_site_name":"Aurelius Jewelry","article_publisher":"https:\/\/www.facebook.com\/AureliusJewelry\/","article_modified_time":"2026-05-10T05:24:25+00:00","og_image":[{"width":1920,"height":1440,"url":"https:\/\/aureliusjewelry.com\/wp-content\/uploads\/rosegold-drachen-diamant-verlobungsring-vorder-seitenansicht.jpg","type":"image\/jpeg"}],"twitter_card":"summary_large_image","twitter_site":"@AureliusJewelry","schema":{"@context":"https:\/\/schema.org","@graph":[{"@type":"WebPage","@id":"https:\/\/aureliusjewelry.com\/de\/product\/dark-kite-salt-and-pepper-diamant-verlobungsring-mit-marquise-schliff-akzentdiamanten\/","url":"https:\/\/aureliusjewelry.com\/de\/product\/dark-kite-salt-and-pepper-diamant-verlobungsring-mit-marquise-schliff-akzentdiamanten\/","name":"Dark Kite Salt and Pepper Diamant-Verlobungsring mit Marquise-Schliff-Akzentdiamanten - Aurelius Jewelry","isPartOf":{"@id":"https:\/\/aureliusjewelry.com\/de\/#website"},"primaryImageOfPage":{"@id":"https:\/\/aureliusjewelry.com\/de\/product\/dark-kite-salt-and-pepper-diamant-verlobungsring-mit-marquise-schliff-akzentdiamanten\/#primaryimage"},"image":{"@id":"https:\/\/aureliusjewelry.com\/de\/product\/dark-kite-salt-and-pepper-diamant-verlobungsring-mit-marquise-schliff-akzentdiamanten\/#primaryimage"},"thumbnailUrl":"https:\/\/aureliusjewelry.com\/wp-content\/uploads\/rosegold-drachen-diamant-verlobungsring-vorder-seitenansicht.jpg","datePublished":"2020-12-23T16:58:00+00:00","dateModified":"2026-05-10T05:24:25+00:00","breadcrumb":{"@id":"https:\/\/aureliusjewelry.com\/de\/product\/dark-kite-salt-and-pepper-diamant-verlobungsring-mit-marquise-schliff-akzentdiamanten\/#breadcrumb"},"inLanguage":"de","potentialAction":[{"@type":"ReadAction","target":["https:\/\/aureliusjewelry.com\/de\/product\/dark-kite-salt-and-pepper-diamant-verlobungsring-mit-marquise-schliff-akzentdiamanten\/"]}]},{"@type":"ImageObject","inLanguage":"de","@id":"https:\/\/aureliusjewelry.com\/de\/product\/dark-kite-salt-and-pepper-diamant-verlobungsring-mit-marquise-schliff-akzentdiamanten\/#primaryimage","url":"https:\/\/aureliusjewelry.com\/wp-content\/uploads\/rosegold-drachen-diamant-verlobungsring-vorder-seitenansicht.jpg","contentUrl":"https:\/\/aureliusjewelry.com\/wp-content\/uploads\/rosegold-drachen-diamant-verlobungsring-vorder-seitenansicht.jpg","width":1920,"height":1440,"caption":"Ros\u00e9gold Drachen Diamant Verlobungsring Vorder Seitenansicht"},{"@type":"BreadcrumbList","@id":"https:\/\/aureliusjewelry.com\/de\/product\/dark-kite-salt-and-pepper-diamant-verlobungsring-mit-marquise-schliff-akzentdiamanten\/#breadcrumb","itemListElement":[{"@type":"ListItem","position":1,"name":"Home","item":"https:\/\/aureliusjewelry.com\/de\/"},{"@type":"ListItem","position":2,"name":"Shop","item":"https:\/\/aureliusjewelry.com\/de\/shop\/"},{"@type":"ListItem","position":3,"name":"Dark Kite Salt and Pepper Diamant-Verlobungsring mit Marquise-Schliff-Akzentdiamanten"}]},{"@type":"WebSite","@id":"https:\/\/aureliusjewelry.com\/de\/#website","url":"https:\/\/aureliusjewelry.com\/de\/","name":"Aurelius Jewelry","description":"Handmade Fine Gold Jewelry","publisher":{"@id":"https:\/\/aureliusjewelry.com\/de\/#organization"},"potentialAction":[{"@type":"SearchAction","target":{"@type":"EntryPoint","urlTemplate":"https:\/\/aureliusjewelry.com\/de\/?s={search_term_string}"},"query-input":{"@type":"PropertyValueSpecification","valueRequired":true,"valueName":"search_term_string"}}],"inLanguage":"de"},{"@type":"Organization","@id":"https:\/\/aureliusjewelry.com\/de\/#organization","name":"Aurelius Jewelry","url":"https:\/\/aureliusjewelry.com\/de\/","logo":{"@type":"ImageObject","inLanguage":"de","@id":"https:\/\/aureliusjewelry.com\/de\/#\/schema\/logo\/image\/","url":"https:\/\/aureliusjewelry.com\/wp-content\/uploads\/logo.png","contentUrl":"https:\/\/aureliusjewelry.com\/wp-content\/uploads\/logo.png","width":400,"height":64,"caption":"Aurelius Jewelry"},"image":{"@id":"https:\/\/aureliusjewelry.com\/de\/#\/schema\/logo\/image\/"},"sameAs":["https:\/\/www.facebook.com\/AureliusJewelry\/","https:\/\/x.com\/AureliusJewelry","https:\/\/instagram.com\/aureliusjewelry","https:\/\/www.pinterest.com\/AureliusJewelry\/"],"email":"info@aureliusjewelry.com","foundingDate":"2018-10-01","vatID":"SI10391070","hasMerchantReturnPolicy":{"@type":"MerchantReturnPolicy","merchantReturnLink":"https:\/\/aureliusjewelry.com\/our-policies\/terms-conditions\/"}}]},"og_availability":"backorder","product_availability":"available for order","product_retailer_item_id":"12679","product_condition":"new"},"_links":{"self":[{"href":"https:\/\/aureliusjewelry.com\/de\/wp-json\/wp\/v2\/product\/18918","targetHints":{"allow":["GET"]}}],"collection":[{"href":"https:\/\/aureliusjewelry.com\/de\/wp-json\/wp\/v2\/product"}],"about":[{"href":"https:\/\/aureliusjewelry.com\/de\/wp-json\/wp\/v2\/types\/product"}],"replies":[{"embeddable":true,"href":"https:\/\/aureliusjewelry.com\/de\/wp-json\/wp\/v2\/comments?post=18918"}],"wp:featuredmedia":[{"embeddable":true,"href":"https:\/\/aureliusjewelry.com\/de\/wp-json\/wp\/v2\/media\/12688"}],"wp:attachment":[{"href":"https:\/\/aureliusjewelry.com\/de\/wp-json\/wp\/v2\/media?parent=18918"}],"wp:term":[{"taxonomy":"product_brand","embeddable":true,"href":"https:\/\/aureliusjewelry.com\/de\/wp-json\/wp\/v2\/product_brand?post=18918"},{"taxonomy":"product_cat","embeddable":true,"href":"https:\/\/aureliusjewelry.com\/de\/wp-json\/wp\/v2\/product_cat?post=18918"},{"taxonomy":"product_tag","embeddable":true,"href":"https:\/\/aureliusjewelry.com\/de\/wp-json\/wp\/v2\/product_tag?post=18918"}],"curies":[{"name":"wp","href":"https:\/\/api.w.org\/{rel}","templated":true}]}}