{"id":18894,"date":"2020-12-21T16:01:24","date_gmt":"2020-12-21T14:01:24","guid":{"rendered":"http:\/\/127.0.0.1\/product\/langlicher-schildkroten-diamant-verlobungsring-mit-salz-und-pfeffer\/"},"modified":"2026-04-14T07:22:12","modified_gmt":"2026-04-14T05:22:12","slug":"langlicher-schildkroten-diamant-verlobungsring-mit-salz-und-pfeffer","status":"publish","type":"product","link":"https:\/\/aureliusjewelry.com\/de\/langlicher-schildkroten-diamant-verlobungsring-mit-salz-und-pfeffer\/","title":{"rendered":"L\u00e4nglicher Schildkr\u00f6ten-Diamant-Verlobungsring mit Salz und Pfeffer"},"content":{"rendered":"<p><strong>Stein<\/strong><\/p>\n<ul>\n<li>Salzund Pfefferdiamant im Schildrosenschliff<\/li>\n<li>ca. 10x7mm, 1.5-1.8ct<\/li>\n<\/ul>\n<p><strong>Bandma\u00dfe und Material<\/strong><\/p>\n<ul>\n<li>ca. 1.5mm breit, 1.6mm dick<\/li>\n<li>erh\u00e4ltlich in 14-kar\u00e4tigem\/18-kar\u00e4tigem Gelb-, Wei\u00dfoder Ros\u00e9gold und Platin<\/li>\n<li>US-Ringgr\u00f6\u00dfe 3\u20139, kleinere oder gr\u00f6\u00dfere Gr\u00f6\u00dfen auf Anfrage erh\u00e4ltlich<\/li>\n<\/ul>\n","protected":false},"excerpt":{"rendered":"<p>Dieser ist perfekt f\u00fcr diejenigen, die sich nicht zwischen einem drachen- oder schildf\u00f6rmigen Salz- und Pfeffer-Diamanten entscheiden k\u00f6nnen. Der l\u00e4ngliche Diamant im Schildschliff, gefasst in asymmetrischen Klauenzacken, ist unbehandelt und semi-opak mit nat\u00fcrlichen Einschl\u00fcssen. Jeder Diamant ist ein Unikat und um einen f\u00fcr Ihren Ring auszuw\u00e4hlen, kontaktieren Sie uns bitte!<\/p>\n","protected":false},"featured_media":12208,"comment_status":"open","ping_status":"closed","template":"","meta":[],"product_brand":[],"product_cat":[473,1507,536,1524,1526,488,490],"product_tag":[728,633,1069,1263,1269],"class_list":{"0":"post-18894","1":"product","2":"type-product","3":"status-publish","4":"has-post-thumbnail","6":"product_cat-ausergewohnlich","7":"product_cat-geometrische-verlobungsringe","8":"product_cat-ringe","9":"product_cat-schild-verlobungsring","10":"product_cat-solitar-verlobungsring","11":"product_cat-verlobungsringe","12":"product_cat-verlobungsringe-mit-salz-und-pfeffer-diamant","13":"product_tag-production_time_3_5-de","14":"product_tag-ringe-tag","15":"product_tag-ringe-de","16":"product_tag-salz-und-pfefferdiamant","17":"product_tag-schild","19":"first","20":"onbackorder","21":"sold-individually","22":"taxable","23":"shipping-taxable","24":"purchasable","25":"product-type-variable"},"yoast_head":"<title>L\u00e4nglicher Schildkr\u00f6ten-Diamant-Verlobungsring mit Salz und Pfeffer - Aurelius Jewelry<\/title>\n<meta name=\"robots\" content=\"index, follow, max-snippet:-1, max-image-preview:large, max-video-preview:-1\" \/>\n<link rel=\"canonical\" href=\"https:\/\/aureliusjewelry.com\/de\/langlicher-schildkroten-diamant-verlobungsring-mit-salz-und-pfeffer\/\" \/>\n<meta property=\"og:locale\" content=\"de_DE\" \/>\n<meta property=\"og:type\" content=\"article\" \/>\n<meta property=\"og:title\" content=\"L\u00e4nglicher Schildkr\u00f6ten-Diamant-Verlobungsring mit Salz und Pfeffer - Aurelius Jewelry\" \/>\n<meta property=\"og:description\" content=\"%\" \/>\n<meta property=\"og:url\" content=\"https:\/\/aureliusjewelry.com\/de\/langlicher-schildkroten-diamant-verlobungsring-mit-salz-und-pfeffer\/\" \/>\n<meta property=\"og:site_name\" content=\"Aurelius Jewelry\" \/>\n<meta property=\"article:publisher\" content=\"https:\/\/www.facebook.com\/AureliusJewelry\/\" \/>\n<meta property=\"article:modified_time\" content=\"2026-04-14T05:22:12+00:00\" \/>\n<meta property=\"og:image\" content=\"https:\/\/aureliusjewelry.com\/wp-content\/uploads\/verlangert-schild-salz-und-pfeffer-diamant-ring.jpg\" \/>\n\t<meta property=\"og:image:width\" content=\"1920\" \/>\n\t<meta property=\"og:image:height\" content=\"1440\" \/>\n\t<meta property=\"og:image:type\" content=\"image\/jpeg\" \/>\n<meta name=\"twitter:card\" content=\"summary_large_image\" \/>\n<meta name=\"twitter:site\" content=\"@AureliusJewelry\" \/>\n<script type=\"application\/ld+json\" class=\"yoast-schema-graph\">{\"@context\":\"https:\\\/\\\/schema.org\",\"@graph\":[{\"@type\":\"WebPage\",\"@id\":\"https:\\\/\\\/aureliusjewelry.com\\\/de\\\/langlicher-schildkroten-diamant-verlobungsring-mit-salz-und-pfeffer\\\/\",\"url\":\"https:\\\/\\\/aureliusjewelry.com\\\/de\\\/langlicher-schildkroten-diamant-verlobungsring-mit-salz-und-pfeffer\\\/\",\"name\":\"L\u00e4nglicher Schildkr\u00f6ten-Diamant-Verlobungsring mit Salz und Pfeffer - Aurelius Jewelry\",\"isPartOf\":{\"@id\":\"https:\\\/\\\/aureliusjewelry.com\\\/de\\\/#website\"},\"primaryImageOfPage\":{\"@id\":\"https:\\\/\\\/aureliusjewelry.com\\\/de\\\/langlicher-schildkroten-diamant-verlobungsring-mit-salz-und-pfeffer\\\/#primaryimage\"},\"image\":{\"@id\":\"https:\\\/\\\/aureliusjewelry.com\\\/de\\\/langlicher-schildkroten-diamant-verlobungsring-mit-salz-und-pfeffer\\\/#primaryimage\"},\"thumbnailUrl\":\"https:\\\/\\\/aureliusjewelry.com\\\/wp-content\\\/uploads\\\/verlangert-schild-salz-und-pfeffer-diamant-ring.jpg\",\"datePublished\":\"2020-12-21T14:01:24+00:00\",\"dateModified\":\"2026-04-14T05:22:12+00:00\",\"breadcrumb\":{\"@id\":\"https:\\\/\\\/aureliusjewelry.com\\\/de\\\/langlicher-schildkroten-diamant-verlobungsring-mit-salz-und-pfeffer\\\/#breadcrumb\"},\"inLanguage\":\"de\",\"potentialAction\":[{\"@type\":\"ReadAction\",\"target\":[\"https:\\\/\\\/aureliusjewelry.com\\\/de\\\/langlicher-schildkroten-diamant-verlobungsring-mit-salz-und-pfeffer\\\/\"]}]},{\"@type\":\"ImageObject\",\"inLanguage\":\"de\",\"@id\":\"https:\\\/\\\/aureliusjewelry.com\\\/de\\\/langlicher-schildkroten-diamant-verlobungsring-mit-salz-und-pfeffer\\\/#primaryimage\",\"url\":\"https:\\\/\\\/aureliusjewelry.com\\\/wp-content\\\/uploads\\\/verlangert-schild-salz-und-pfeffer-diamant-ring.jpg\",\"contentUrl\":\"https:\\\/\\\/aureliusjewelry.com\\\/wp-content\\\/uploads\\\/verlangert-schild-salz-und-pfeffer-diamant-ring.jpg\",\"width\":1920,\"height\":1440,\"caption\":\"verl\u00e4ngert Schild Salz und Pfeffer Diamant Ring\"},{\"@type\":\"BreadcrumbList\",\"@id\":\"https:\\\/\\\/aureliusjewelry.com\\\/de\\\/langlicher-schildkroten-diamant-verlobungsring-mit-salz-und-pfeffer\\\/#breadcrumb\",\"itemListElement\":[{\"@type\":\"ListItem\",\"position\":1,\"name\":\"Home\",\"item\":\"https:\\\/\\\/aureliusjewelry.com\\\/de\\\/\"},{\"@type\":\"ListItem\",\"position\":2,\"name\":\"Shop\",\"item\":\"https:\\\/\\\/aureliusjewelry.com\\\/de\\\/shop\\\/\"},{\"@type\":\"ListItem\",\"position\":3,\"name\":\"L\u00e4nglicher Schildkr\u00f6ten-Diamant-Verlobungsring mit Salz und Pfeffer\"}]},{\"@type\":\"WebSite\",\"@id\":\"https:\\\/\\\/aureliusjewelry.com\\\/de\\\/#website\",\"url\":\"https:\\\/\\\/aureliusjewelry.com\\\/de\\\/\",\"name\":\"Aurelius Jewelry\",\"description\":\"Handmade Fine Gold Jewelry\",\"publisher\":{\"@id\":\"https:\\\/\\\/aureliusjewelry.com\\\/de\\\/#organization\"},\"potentialAction\":[{\"@type\":\"SearchAction\",\"target\":{\"@type\":\"EntryPoint\",\"urlTemplate\":\"https:\\\/\\\/aureliusjewelry.com\\\/de\\\/?s={search_term_string}\"},\"query-input\":{\"@type\":\"PropertyValueSpecification\",\"valueRequired\":true,\"valueName\":\"search_term_string\"}}],\"inLanguage\":\"de\"},{\"@type\":\"Organization\",\"@id\":\"https:\\\/\\\/aureliusjewelry.com\\\/de\\\/#organization\",\"name\":\"Aurelius Jewelry\",\"url\":\"https:\\\/\\\/aureliusjewelry.com\\\/de\\\/\",\"logo\":{\"@type\":\"ImageObject\",\"inLanguage\":\"de\",\"@id\":\"https:\\\/\\\/aureliusjewelry.com\\\/de\\\/#\\\/schema\\\/logo\\\/image\\\/\",\"url\":\"https:\\\/\\\/aureliusjewelry.com\\\/wp-content\\\/uploads\\\/logo.png\",\"contentUrl\":\"https:\\\/\\\/aureliusjewelry.com\\\/wp-content\\\/uploads\\\/logo.png\",\"width\":400,\"height\":64,\"caption\":\"Aurelius Jewelry\"},\"image\":{\"@id\":\"https:\\\/\\\/aureliusjewelry.com\\\/de\\\/#\\\/schema\\\/logo\\\/image\\\/\"},\"sameAs\":[\"https:\\\/\\\/www.facebook.com\\\/AureliusJewelry\\\/\",\"https:\\\/\\\/x.com\\\/AureliusJewelry\",\"https:\\\/\\\/instagram.com\\\/aureliusjewelry\",\"https:\\\/\\\/www.pinterest.com\\\/AureliusJewelry\\\/\"],\"email\":\"info@aureliusjewelry.com\",\"foundingDate\":\"2018-10-01\",\"vatID\":\"SI10391070\",\"hasMerchantReturnPolicy\":{\"@type\":\"MerchantReturnPolicy\",\"merchantReturnLink\":\"https:\\\/\\\/aureliusjewelry.com\\\/our-policies\\\/terms-conditions\\\/\"}}]}<\/script>\n<meta property=\"og:availability\" content=\"backorder\" \/>\n<meta property=\"product:availability\" content=\"available for order\" \/>\n<meta property=\"product:retailer_item_id\" content=\"12198\" \/>\n<meta property=\"product:condition\" content=\"new\" \/>","yoast_head_json":{"title":"L\u00e4nglicher Schildkr\u00f6ten-Diamant-Verlobungsring mit Salz und Pfeffer - Aurelius Jewelry","robots":{"index":"index","follow":"follow","max-snippet":"max-snippet:-1","max-image-preview":"max-image-preview:large","max-video-preview":"max-video-preview:-1"},"canonical":"https:\/\/aureliusjewelry.com\/de\/langlicher-schildkroten-diamant-verlobungsring-mit-salz-und-pfeffer\/","og_locale":"de_DE","og_type":"article","og_title":"L\u00e4nglicher Schildkr\u00f6ten-Diamant-Verlobungsring mit Salz und Pfeffer - Aurelius Jewelry","og_description":"%","og_url":"https:\/\/aureliusjewelry.com\/de\/langlicher-schildkroten-diamant-verlobungsring-mit-salz-und-pfeffer\/","og_site_name":"Aurelius Jewelry","article_publisher":"https:\/\/www.facebook.com\/AureliusJewelry\/","article_modified_time":"2026-04-14T05:22:12+00:00","og_image":[{"width":1920,"height":1440,"url":"https:\/\/aureliusjewelry.com\/wp-content\/uploads\/verlangert-schild-salz-und-pfeffer-diamant-ring.jpg","type":"image\/jpeg"}],"twitter_card":"summary_large_image","twitter_site":"@AureliusJewelry","schema":{"@context":"https:\/\/schema.org","@graph":[{"@type":"WebPage","@id":"https:\/\/aureliusjewelry.com\/de\/langlicher-schildkroten-diamant-verlobungsring-mit-salz-und-pfeffer\/","url":"https:\/\/aureliusjewelry.com\/de\/langlicher-schildkroten-diamant-verlobungsring-mit-salz-und-pfeffer\/","name":"L\u00e4nglicher Schildkr\u00f6ten-Diamant-Verlobungsring mit Salz und Pfeffer - Aurelius Jewelry","isPartOf":{"@id":"https:\/\/aureliusjewelry.com\/de\/#website"},"primaryImageOfPage":{"@id":"https:\/\/aureliusjewelry.com\/de\/langlicher-schildkroten-diamant-verlobungsring-mit-salz-und-pfeffer\/#primaryimage"},"image":{"@id":"https:\/\/aureliusjewelry.com\/de\/langlicher-schildkroten-diamant-verlobungsring-mit-salz-und-pfeffer\/#primaryimage"},"thumbnailUrl":"https:\/\/aureliusjewelry.com\/wp-content\/uploads\/verlangert-schild-salz-und-pfeffer-diamant-ring.jpg","datePublished":"2020-12-21T14:01:24+00:00","dateModified":"2026-04-14T05:22:12+00:00","breadcrumb":{"@id":"https:\/\/aureliusjewelry.com\/de\/langlicher-schildkroten-diamant-verlobungsring-mit-salz-und-pfeffer\/#breadcrumb"},"inLanguage":"de","potentialAction":[{"@type":"ReadAction","target":["https:\/\/aureliusjewelry.com\/de\/langlicher-schildkroten-diamant-verlobungsring-mit-salz-und-pfeffer\/"]}]},{"@type":"ImageObject","inLanguage":"de","@id":"https:\/\/aureliusjewelry.com\/de\/langlicher-schildkroten-diamant-verlobungsring-mit-salz-und-pfeffer\/#primaryimage","url":"https:\/\/aureliusjewelry.com\/wp-content\/uploads\/verlangert-schild-salz-und-pfeffer-diamant-ring.jpg","contentUrl":"https:\/\/aureliusjewelry.com\/wp-content\/uploads\/verlangert-schild-salz-und-pfeffer-diamant-ring.jpg","width":1920,"height":1440,"caption":"verl\u00e4ngert Schild Salz und Pfeffer Diamant Ring"},{"@type":"BreadcrumbList","@id":"https:\/\/aureliusjewelry.com\/de\/langlicher-schildkroten-diamant-verlobungsring-mit-salz-und-pfeffer\/#breadcrumb","itemListElement":[{"@type":"ListItem","position":1,"name":"Home","item":"https:\/\/aureliusjewelry.com\/de\/"},{"@type":"ListItem","position":2,"name":"Shop","item":"https:\/\/aureliusjewelry.com\/de\/shop\/"},{"@type":"ListItem","position":3,"name":"L\u00e4nglicher Schildkr\u00f6ten-Diamant-Verlobungsring mit Salz und Pfeffer"}]},{"@type":"WebSite","@id":"https:\/\/aureliusjewelry.com\/de\/#website","url":"https:\/\/aureliusjewelry.com\/de\/","name":"Aurelius Jewelry","description":"Handmade Fine Gold Jewelry","publisher":{"@id":"https:\/\/aureliusjewelry.com\/de\/#organization"},"potentialAction":[{"@type":"SearchAction","target":{"@type":"EntryPoint","urlTemplate":"https:\/\/aureliusjewelry.com\/de\/?s={search_term_string}"},"query-input":{"@type":"PropertyValueSpecification","valueRequired":true,"valueName":"search_term_string"}}],"inLanguage":"de"},{"@type":"Organization","@id":"https:\/\/aureliusjewelry.com\/de\/#organization","name":"Aurelius Jewelry","url":"https:\/\/aureliusjewelry.com\/de\/","logo":{"@type":"ImageObject","inLanguage":"de","@id":"https:\/\/aureliusjewelry.com\/de\/#\/schema\/logo\/image\/","url":"https:\/\/aureliusjewelry.com\/wp-content\/uploads\/logo.png","contentUrl":"https:\/\/aureliusjewelry.com\/wp-content\/uploads\/logo.png","width":400,"height":64,"caption":"Aurelius Jewelry"},"image":{"@id":"https:\/\/aureliusjewelry.com\/de\/#\/schema\/logo\/image\/"},"sameAs":["https:\/\/www.facebook.com\/AureliusJewelry\/","https:\/\/x.com\/AureliusJewelry","https:\/\/instagram.com\/aureliusjewelry","https:\/\/www.pinterest.com\/AureliusJewelry\/"],"email":"info@aureliusjewelry.com","foundingDate":"2018-10-01","vatID":"SI10391070","hasMerchantReturnPolicy":{"@type":"MerchantReturnPolicy","merchantReturnLink":"https:\/\/aureliusjewelry.com\/our-policies\/terms-conditions\/"}}]},"og_availability":"backorder","product_availability":"available for order","product_retailer_item_id":"12198","product_condition":"new"},"_links":{"self":[{"href":"https:\/\/aureliusjewelry.com\/de\/wp-json\/wp\/v2\/product\/18894","targetHints":{"allow":["GET"]}}],"collection":[{"href":"https:\/\/aureliusjewelry.com\/de\/wp-json\/wp\/v2\/product"}],"about":[{"href":"https:\/\/aureliusjewelry.com\/de\/wp-json\/wp\/v2\/types\/product"}],"replies":[{"embeddable":true,"href":"https:\/\/aureliusjewelry.com\/de\/wp-json\/wp\/v2\/comments?post=18894"}],"wp:featuredmedia":[{"embeddable":true,"href":"https:\/\/aureliusjewelry.com\/de\/wp-json\/wp\/v2\/media\/12208"}],"wp:attachment":[{"href":"https:\/\/aureliusjewelry.com\/de\/wp-json\/wp\/v2\/media?parent=18894"}],"wp:term":[{"taxonomy":"product_brand","embeddable":true,"href":"https:\/\/aureliusjewelry.com\/de\/wp-json\/wp\/v2\/product_brand?post=18894"},{"taxonomy":"product_cat","embeddable":true,"href":"https:\/\/aureliusjewelry.com\/de\/wp-json\/wp\/v2\/product_cat?post=18894"},{"taxonomy":"product_tag","embeddable":true,"href":"https:\/\/aureliusjewelry.com\/de\/wp-json\/wp\/v2\/product_tag?post=18894"}],"curies":[{"name":"wp","href":"https:\/\/api.w.org\/{rel}","templated":true}]}}