{"id":13641,"date":"2020-12-27T23:51:36","date_gmt":"2020-12-27T21:51:36","guid":{"rendered":"http:\/\/127.0.0.1\/?post_type=product&#038;p=13641"},"modified":"2026-04-14T07:24:59","modified_gmt":"2026-04-14T05:24:59","slug":"sechseckiger-moosachat-und-princess-diamant-ring-mit-chevron-ehering","status":"publish","type":"product","link":"https:\/\/aureliusjewelry.com\/de\/sechseckiger-moosachat-und-princess-diamant-ring-mit-chevron-ehering\/","title":{"rendered":"Sechseckiger Moosachat- und Princess-Diamant-Ring mit Chevron-Ehering"},"content":{"rendered":"<p><strong>Hauptstein<\/strong><\/p>\n<ul>\n<li>sechseckiger Moosachat<\/li>\n<li>ca. 7mm<\/li>\n<\/ul>\n<p><strong>Seitensteine<\/strong><\/p>\n<ul>\n<li>Prinzessinnendiamanten<\/li>\n<li>ca. 2x2mm (2)<\/li>\n<li>F\/G-Farbe, VS-Klarheit, konfliktfrei<\/li>\n<\/ul>\n<p><strong>Bandma\u00dfe und Material<\/strong><\/p>\n<ul>\n<li>1.5mm breit, 1.6mm dick<\/li>\n<li>erh\u00e4ltlich in 14-kar\u00e4tigem\/18-kar\u00e4tigem Gelb-, Wei\u00dfoder Ros\u00e9gold und Platin<\/li>\n<li>US-Ringgr\u00f6\u00dfe 3\u20139, kleinere oder gr\u00f6\u00dfere Gr\u00f6\u00dfen auf Anfrage erh\u00e4ltlich<\/li>\n<\/ul>\n","protected":false},"excerpt":{"rendered":"<p>Ein wundersch\u00f6ner geometrischer Moosachat-Verlobungsring mit Diamanten im Prinzessinnenschliff. Er wird mit einem goldenen Chevron-Ehering gepaart, wodurch ein alternatives Brautringset entsteht. Das Sechseck gilt als die st\u00e4rkste Form, die wir kennen. Es ist in der ganzen Natur zu finden und symbolisiert Harmonie und Gleichgewicht. Jeder Moosachat-Stein wird individuell f\u00fcr unsere Designs geschliffen und weil sie einzigartig sind, k\u00f6nnen Sie einen f\u00fcr Ihren Ring ausw\u00e4hlen!<\/p>\n","protected":false},"featured_media":13658,"comment_status":"open","ping_status":"closed","template":"","meta":[],"product_brand":[],"product_cat":[519,479,1115,536,1528],"product_tag":[1220,728,633,1070],"class_list":{"0":"post-13641","1":"product","2":"type-product","3":"status-publish","4":"has-post-thumbnail","6":"product_cat-ehering-sets","7":"product_cat-gepaart","8":"product_cat-moosachat-ehering","9":"product_cat-ringe","10":"product_cat-zweiteiliger-ehering","11":"product_tag-moosachat","12":"product_tag-production_time_3_5-de","13":"product_tag-ringe-tag","14":"product_tag-sechseck","16":"first","17":"onbackorder","18":"sold-individually","19":"taxable","20":"shipping-taxable","21":"purchasable","22":"product-type-variable"},"yoast_head":"<title>Sechseckiger Moosachat- und Princess-Diamant-Ring mit Chevron-Ehering - Aurelius Jewelry<\/title>\n<meta name=\"robots\" content=\"index, follow, max-snippet:-1, max-image-preview:large, max-video-preview:-1\" \/>\n<link rel=\"canonical\" href=\"https:\/\/aureliusjewelry.com\/de\/sechseckiger-moosachat-und-princess-diamant-ring-mit-chevron-ehering\/\" \/>\n<meta property=\"og:locale\" content=\"de_DE\" \/>\n<meta property=\"og:type\" content=\"article\" \/>\n<meta property=\"og:title\" content=\"Sechseckiger Moosachat- und Princess-Diamant-Ring mit Chevron-Ehering - Aurelius Jewelry\" \/>\n<meta property=\"og:description\" content=\"%\" \/>\n<meta property=\"og:url\" content=\"https:\/\/aureliusjewelry.com\/de\/sechseckiger-moosachat-und-princess-diamant-ring-mit-chevron-ehering\/\" \/>\n<meta property=\"og:site_name\" content=\"Aurelius Jewelry\" \/>\n<meta property=\"article:publisher\" content=\"https:\/\/www.facebook.com\/AureliusJewelry\/\" \/>\n<meta property=\"article:modified_time\" content=\"2026-04-14T05:24:59+00:00\" \/>\n<meta property=\"og:image\" content=\"https:\/\/aureliusjewelry.com\/wp-content\/uploads\/hexagon-moosachat-prinzessin-diamant-ehering-set-vorder-seitenansicht.jpg\" \/>\n\t<meta property=\"og:image:width\" content=\"1920\" \/>\n\t<meta property=\"og:image:height\" content=\"1440\" \/>\n\t<meta property=\"og:image:type\" content=\"image\/jpeg\" \/>\n<meta name=\"twitter:card\" content=\"summary_large_image\" \/>\n<meta name=\"twitter:site\" content=\"@AureliusJewelry\" \/>\n<script type=\"application\/ld+json\" class=\"yoast-schema-graph\">{\"@context\":\"https:\\\/\\\/schema.org\",\"@graph\":[{\"@type\":\"WebPage\",\"@id\":\"https:\\\/\\\/aureliusjewelry.com\\\/de\\\/sechseckiger-moosachat-und-princess-diamant-ring-mit-chevron-ehering\\\/\",\"url\":\"https:\\\/\\\/aureliusjewelry.com\\\/de\\\/sechseckiger-moosachat-und-princess-diamant-ring-mit-chevron-ehering\\\/\",\"name\":\"Sechseckiger Moosachat- und Princess-Diamant-Ring mit Chevron-Ehering - Aurelius Jewelry\",\"isPartOf\":{\"@id\":\"https:\\\/\\\/aureliusjewelry.com\\\/de\\\/#website\"},\"primaryImageOfPage\":{\"@id\":\"https:\\\/\\\/aureliusjewelry.com\\\/de\\\/sechseckiger-moosachat-und-princess-diamant-ring-mit-chevron-ehering\\\/#primaryimage\"},\"image\":{\"@id\":\"https:\\\/\\\/aureliusjewelry.com\\\/de\\\/sechseckiger-moosachat-und-princess-diamant-ring-mit-chevron-ehering\\\/#primaryimage\"},\"thumbnailUrl\":\"https:\\\/\\\/aureliusjewelry.com\\\/wp-content\\\/uploads\\\/hexagon-moosachat-prinzessin-diamant-ehering-set-vorder-seitenansicht.jpg\",\"datePublished\":\"2020-12-27T21:51:36+00:00\",\"dateModified\":\"2026-04-14T05:24:59+00:00\",\"breadcrumb\":{\"@id\":\"https:\\\/\\\/aureliusjewelry.com\\\/de\\\/sechseckiger-moosachat-und-princess-diamant-ring-mit-chevron-ehering\\\/#breadcrumb\"},\"inLanguage\":\"de\",\"potentialAction\":[{\"@type\":\"ReadAction\",\"target\":[\"https:\\\/\\\/aureliusjewelry.com\\\/de\\\/sechseckiger-moosachat-und-princess-diamant-ring-mit-chevron-ehering\\\/\"]}]},{\"@type\":\"ImageObject\",\"inLanguage\":\"de\",\"@id\":\"https:\\\/\\\/aureliusjewelry.com\\\/de\\\/sechseckiger-moosachat-und-princess-diamant-ring-mit-chevron-ehering\\\/#primaryimage\",\"url\":\"https:\\\/\\\/aureliusjewelry.com\\\/wp-content\\\/uploads\\\/hexagon-moosachat-prinzessin-diamant-ehering-set-vorder-seitenansicht.jpg\",\"contentUrl\":\"https:\\\/\\\/aureliusjewelry.com\\\/wp-content\\\/uploads\\\/hexagon-moosachat-prinzessin-diamant-ehering-set-vorder-seitenansicht.jpg\",\"width\":1920,\"height\":1440,\"caption\":\"Hexagon Moosachat Prinzessin Diamant Ehering Set Vorder Seitenansicht\"},{\"@type\":\"BreadcrumbList\",\"@id\":\"https:\\\/\\\/aureliusjewelry.com\\\/de\\\/sechseckiger-moosachat-und-princess-diamant-ring-mit-chevron-ehering\\\/#breadcrumb\",\"itemListElement\":[{\"@type\":\"ListItem\",\"position\":1,\"name\":\"Home\",\"item\":\"https:\\\/\\\/aureliusjewelry.com\\\/de\\\/\"},{\"@type\":\"ListItem\",\"position\":2,\"name\":\"Shop\",\"item\":\"https:\\\/\\\/aureliusjewelry.com\\\/de\\\/shop\\\/\"},{\"@type\":\"ListItem\",\"position\":3,\"name\":\"Sechseckiger Moosachat- und Princess-Diamant-Ring mit Chevron-Ehering\"}]},{\"@type\":\"WebSite\",\"@id\":\"https:\\\/\\\/aureliusjewelry.com\\\/de\\\/#website\",\"url\":\"https:\\\/\\\/aureliusjewelry.com\\\/de\\\/\",\"name\":\"Aurelius Jewelry\",\"description\":\"Handmade Fine Gold Jewelry\",\"publisher\":{\"@id\":\"https:\\\/\\\/aureliusjewelry.com\\\/de\\\/#organization\"},\"potentialAction\":[{\"@type\":\"SearchAction\",\"target\":{\"@type\":\"EntryPoint\",\"urlTemplate\":\"https:\\\/\\\/aureliusjewelry.com\\\/de\\\/?s={search_term_string}\"},\"query-input\":{\"@type\":\"PropertyValueSpecification\",\"valueRequired\":true,\"valueName\":\"search_term_string\"}}],\"inLanguage\":\"de\"},{\"@type\":\"Organization\",\"@id\":\"https:\\\/\\\/aureliusjewelry.com\\\/de\\\/#organization\",\"name\":\"Aurelius Jewelry\",\"url\":\"https:\\\/\\\/aureliusjewelry.com\\\/de\\\/\",\"logo\":{\"@type\":\"ImageObject\",\"inLanguage\":\"de\",\"@id\":\"https:\\\/\\\/aureliusjewelry.com\\\/de\\\/#\\\/schema\\\/logo\\\/image\\\/\",\"url\":\"https:\\\/\\\/aureliusjewelry.com\\\/wp-content\\\/uploads\\\/logo.png\",\"contentUrl\":\"https:\\\/\\\/aureliusjewelry.com\\\/wp-content\\\/uploads\\\/logo.png\",\"width\":400,\"height\":64,\"caption\":\"Aurelius Jewelry\"},\"image\":{\"@id\":\"https:\\\/\\\/aureliusjewelry.com\\\/de\\\/#\\\/schema\\\/logo\\\/image\\\/\"},\"sameAs\":[\"https:\\\/\\\/www.facebook.com\\\/AureliusJewelry\\\/\",\"https:\\\/\\\/x.com\\\/AureliusJewelry\",\"https:\\\/\\\/instagram.com\\\/aureliusjewelry\",\"https:\\\/\\\/www.pinterest.com\\\/AureliusJewelry\\\/\"],\"email\":\"info@aureliusjewelry.com\",\"foundingDate\":\"2018-10-01\",\"vatID\":\"SI10391070\",\"hasMerchantReturnPolicy\":{\"@type\":\"MerchantReturnPolicy\",\"merchantReturnLink\":\"https:\\\/\\\/aureliusjewelry.com\\\/our-policies\\\/terms-conditions\\\/\"}}]}<\/script>\n<meta property=\"og:availability\" content=\"backorder\" \/>\n<meta property=\"product:availability\" content=\"available for order\" \/>\n<meta property=\"product:retailer_item_id\" content=\"13633\" \/>\n<meta property=\"product:condition\" content=\"new\" \/>","yoast_head_json":{"title":"Sechseckiger Moosachat- und Princess-Diamant-Ring mit Chevron-Ehering - Aurelius Jewelry","robots":{"index":"index","follow":"follow","max-snippet":"max-snippet:-1","max-image-preview":"max-image-preview:large","max-video-preview":"max-video-preview:-1"},"canonical":"https:\/\/aureliusjewelry.com\/de\/sechseckiger-moosachat-und-princess-diamant-ring-mit-chevron-ehering\/","og_locale":"de_DE","og_type":"article","og_title":"Sechseckiger Moosachat- und Princess-Diamant-Ring mit Chevron-Ehering - Aurelius Jewelry","og_description":"%","og_url":"https:\/\/aureliusjewelry.com\/de\/sechseckiger-moosachat-und-princess-diamant-ring-mit-chevron-ehering\/","og_site_name":"Aurelius Jewelry","article_publisher":"https:\/\/www.facebook.com\/AureliusJewelry\/","article_modified_time":"2026-04-14T05:24:59+00:00","og_image":[{"width":1920,"height":1440,"url":"https:\/\/aureliusjewelry.com\/wp-content\/uploads\/hexagon-moosachat-prinzessin-diamant-ehering-set-vorder-seitenansicht.jpg","type":"image\/jpeg"}],"twitter_card":"summary_large_image","twitter_site":"@AureliusJewelry","schema":{"@context":"https:\/\/schema.org","@graph":[{"@type":"WebPage","@id":"https:\/\/aureliusjewelry.com\/de\/sechseckiger-moosachat-und-princess-diamant-ring-mit-chevron-ehering\/","url":"https:\/\/aureliusjewelry.com\/de\/sechseckiger-moosachat-und-princess-diamant-ring-mit-chevron-ehering\/","name":"Sechseckiger Moosachat- und Princess-Diamant-Ring mit Chevron-Ehering - Aurelius Jewelry","isPartOf":{"@id":"https:\/\/aureliusjewelry.com\/de\/#website"},"primaryImageOfPage":{"@id":"https:\/\/aureliusjewelry.com\/de\/sechseckiger-moosachat-und-princess-diamant-ring-mit-chevron-ehering\/#primaryimage"},"image":{"@id":"https:\/\/aureliusjewelry.com\/de\/sechseckiger-moosachat-und-princess-diamant-ring-mit-chevron-ehering\/#primaryimage"},"thumbnailUrl":"https:\/\/aureliusjewelry.com\/wp-content\/uploads\/hexagon-moosachat-prinzessin-diamant-ehering-set-vorder-seitenansicht.jpg","datePublished":"2020-12-27T21:51:36+00:00","dateModified":"2026-04-14T05:24:59+00:00","breadcrumb":{"@id":"https:\/\/aureliusjewelry.com\/de\/sechseckiger-moosachat-und-princess-diamant-ring-mit-chevron-ehering\/#breadcrumb"},"inLanguage":"de","potentialAction":[{"@type":"ReadAction","target":["https:\/\/aureliusjewelry.com\/de\/sechseckiger-moosachat-und-princess-diamant-ring-mit-chevron-ehering\/"]}]},{"@type":"ImageObject","inLanguage":"de","@id":"https:\/\/aureliusjewelry.com\/de\/sechseckiger-moosachat-und-princess-diamant-ring-mit-chevron-ehering\/#primaryimage","url":"https:\/\/aureliusjewelry.com\/wp-content\/uploads\/hexagon-moosachat-prinzessin-diamant-ehering-set-vorder-seitenansicht.jpg","contentUrl":"https:\/\/aureliusjewelry.com\/wp-content\/uploads\/hexagon-moosachat-prinzessin-diamant-ehering-set-vorder-seitenansicht.jpg","width":1920,"height":1440,"caption":"Hexagon Moosachat Prinzessin Diamant Ehering Set Vorder Seitenansicht"},{"@type":"BreadcrumbList","@id":"https:\/\/aureliusjewelry.com\/de\/sechseckiger-moosachat-und-princess-diamant-ring-mit-chevron-ehering\/#breadcrumb","itemListElement":[{"@type":"ListItem","position":1,"name":"Home","item":"https:\/\/aureliusjewelry.com\/de\/"},{"@type":"ListItem","position":2,"name":"Shop","item":"https:\/\/aureliusjewelry.com\/de\/shop\/"},{"@type":"ListItem","position":3,"name":"Sechseckiger Moosachat- und Princess-Diamant-Ring mit Chevron-Ehering"}]},{"@type":"WebSite","@id":"https:\/\/aureliusjewelry.com\/de\/#website","url":"https:\/\/aureliusjewelry.com\/de\/","name":"Aurelius Jewelry","description":"Handmade Fine Gold Jewelry","publisher":{"@id":"https:\/\/aureliusjewelry.com\/de\/#organization"},"potentialAction":[{"@type":"SearchAction","target":{"@type":"EntryPoint","urlTemplate":"https:\/\/aureliusjewelry.com\/de\/?s={search_term_string}"},"query-input":{"@type":"PropertyValueSpecification","valueRequired":true,"valueName":"search_term_string"}}],"inLanguage":"de"},{"@type":"Organization","@id":"https:\/\/aureliusjewelry.com\/de\/#organization","name":"Aurelius Jewelry","url":"https:\/\/aureliusjewelry.com\/de\/","logo":{"@type":"ImageObject","inLanguage":"de","@id":"https:\/\/aureliusjewelry.com\/de\/#\/schema\/logo\/image\/","url":"https:\/\/aureliusjewelry.com\/wp-content\/uploads\/logo.png","contentUrl":"https:\/\/aureliusjewelry.com\/wp-content\/uploads\/logo.png","width":400,"height":64,"caption":"Aurelius Jewelry"},"image":{"@id":"https:\/\/aureliusjewelry.com\/de\/#\/schema\/logo\/image\/"},"sameAs":["https:\/\/www.facebook.com\/AureliusJewelry\/","https:\/\/x.com\/AureliusJewelry","https:\/\/instagram.com\/aureliusjewelry","https:\/\/www.pinterest.com\/AureliusJewelry\/"],"email":"info@aureliusjewelry.com","foundingDate":"2018-10-01","vatID":"SI10391070","hasMerchantReturnPolicy":{"@type":"MerchantReturnPolicy","merchantReturnLink":"https:\/\/aureliusjewelry.com\/our-policies\/terms-conditions\/"}}]},"og_availability":"backorder","product_availability":"available for order","product_retailer_item_id":"13633","product_condition":"new"},"_links":{"self":[{"href":"https:\/\/aureliusjewelry.com\/de\/wp-json\/wp\/v2\/product\/13641","targetHints":{"allow":["GET"]}}],"collection":[{"href":"https:\/\/aureliusjewelry.com\/de\/wp-json\/wp\/v2\/product"}],"about":[{"href":"https:\/\/aureliusjewelry.com\/de\/wp-json\/wp\/v2\/types\/product"}],"replies":[{"embeddable":true,"href":"https:\/\/aureliusjewelry.com\/de\/wp-json\/wp\/v2\/comments?post=13641"}],"wp:featuredmedia":[{"embeddable":true,"href":"https:\/\/aureliusjewelry.com\/de\/wp-json\/wp\/v2\/media\/13658"}],"wp:attachment":[{"href":"https:\/\/aureliusjewelry.com\/de\/wp-json\/wp\/v2\/media?parent=13641"}],"wp:term":[{"taxonomy":"product_brand","embeddable":true,"href":"https:\/\/aureliusjewelry.com\/de\/wp-json\/wp\/v2\/product_brand?post=13641"},{"taxonomy":"product_cat","embeddable":true,"href":"https:\/\/aureliusjewelry.com\/de\/wp-json\/wp\/v2\/product_cat?post=13641"},{"taxonomy":"product_tag","embeddable":true,"href":"https:\/\/aureliusjewelry.com\/de\/wp-json\/wp\/v2\/product_tag?post=13641"}],"curies":[{"name":"wp","href":"https:\/\/api.w.org\/{rel}","templated":true}]}}