{"id":11269,"date":"2020-04-23T09:26:30","date_gmt":"2020-04-23T09:26:30","guid":{"rendered":"http:\/\/127.0.0.1\/product\/verlobungsring-mit-einem-hellgrauen-schildformigen-salz-und-pfeffer-diamanten\/"},"modified":"2026-04-14T07:22:18","modified_gmt":"2026-04-14T05:22:18","slug":"verlobungsring-mit-einem-hellgrauen-schildformigen-salz-und-pfeffer-diamanten","status":"publish","type":"product","link":"https:\/\/aureliusjewelry.com\/de\/verlobungsring-mit-einem-hellgrauen-schildformigen-salz-und-pfeffer-diamanten\/","title":{"rendered":"Verlobungsring mit einem hellgrauen, schildf\u00f6rmigen Salz-und-Pfeffer-Diamanten"},"content":{"rendered":"<div class=\"wpb-content-wrapper\"><p>[vc_row][vc_column][vc_column_text]<strong>Stein<\/strong><br \/>\n&#8211; schildf\u00f6rmiger Salz-und-Pfeffer-Diamant mit Rosenschliff<br \/>\n&#8211; ca. 8x7mm<\/p>\n<p><strong>Ringma\u00dfe und Material<\/strong><br \/>\n&#8211; ca. 1,5mm breit, 1,6mm dick<br \/>\n&#8211; erh\u00e4ltlich in 14K\/18K Gelb-, Wei\u00df- oder Ros\u00e9gold und Platin<br \/>\n&#8211; US-Ringgr\u00f6\u00dfe 3-9, kleinere oder gr\u00f6\u00dfere Gr\u00f6\u00dfen auf Anfrage erh\u00e4ltlich[\/vc_column_text][\/vc_column][\/vc_row]<\/p>\n<\/div>","protected":false},"excerpt":{"rendered":"<p>Ein umwerfender, geometrischer Ring mit einem nat\u00fcrlichen, hellgrauen, schildf\u00f6rmigen Salz-und-Pfeffer-Diamanten, der in einem soliden Goldring mit asymmetrischer Krappenfassung gefasst ist. Wenn Sie auf der Suche nach einem einzigartigen Verlobungsring sind, dann ist das der richtige Ring f\u00fcr Sie! Jeder Diamant ist ein Unikat. Bitte kontaktieren Sie uns, um einen f\u00fcr Ihren Ring auszuw\u00e4hlen!<\/p>\n","protected":false},"featured_media":10028,"comment_status":"open","ping_status":"closed","template":"","meta":[],"product_brand":[],"product_cat":[473,1507,536,1524,1526,488,490],"product_tag":[728,633,1263,1269],"class_list":{"0":"post-11269","1":"product","2":"type-product","3":"status-publish","4":"has-post-thumbnail","6":"product_cat-ausergewohnlich","7":"product_cat-geometrische-verlobungsringe","8":"product_cat-ringe","9":"product_cat-schild-verlobungsring","10":"product_cat-solitar-verlobungsring","11":"product_cat-verlobungsringe","12":"product_cat-verlobungsringe-mit-salz-und-pfeffer-diamant","13":"product_tag-production_time_3_5-de","14":"product_tag-ringe-tag","15":"product_tag-salz-und-pfefferdiamant","16":"product_tag-schild","18":"first","19":"onbackorder","20":"sold-individually","21":"taxable","22":"shipping-taxable","23":"purchasable","24":"product-type-variable"},"yoast_head":"<title>Verlobungsring mit einem hellgrauen, schildf\u00f6rmigen Salz-und-Pfeffer-Diamanten - Aurelius Jewelry<\/title>\n<meta name=\"robots\" content=\"index, follow, max-snippet:-1, max-image-preview:large, max-video-preview:-1\" \/>\n<link rel=\"canonical\" href=\"https:\/\/aureliusjewelry.com\/de\/verlobungsring-mit-einem-hellgrauen-schildformigen-salz-und-pfeffer-diamanten\/\" \/>\n<meta property=\"og:locale\" content=\"de_DE\" \/>\n<meta property=\"og:type\" content=\"article\" \/>\n<meta property=\"og:title\" content=\"Verlobungsring mit einem hellgrauen, schildf\u00f6rmigen Salz-und-Pfeffer-Diamanten - Aurelius Jewelry\" \/>\n<meta property=\"og:description\" content=\"%\" \/>\n<meta property=\"og:url\" content=\"https:\/\/aureliusjewelry.com\/de\/verlobungsring-mit-einem-hellgrauen-schildformigen-salz-und-pfeffer-diamanten\/\" \/>\n<meta property=\"og:site_name\" content=\"Aurelius Jewelry\" \/>\n<meta property=\"article:publisher\" content=\"https:\/\/www.facebook.com\/AureliusJewelry\/\" \/>\n<meta property=\"article:modified_time\" content=\"2026-04-14T05:22:18+00:00\" \/>\n<meta property=\"og:image\" content=\"https:\/\/aureliusjewelry.com\/wp-content\/uploads\/grey-shield-engagement-ring.jpg\" \/>\n\t<meta property=\"og:image:width\" content=\"1920\" \/>\n\t<meta property=\"og:image:height\" content=\"1440\" \/>\n\t<meta property=\"og:image:type\" content=\"image\/jpeg\" \/>\n<meta name=\"twitter:card\" content=\"summary_large_image\" \/>\n<meta name=\"twitter:site\" content=\"@AureliusJewelry\" \/>\n<script type=\"application\/ld+json\" class=\"yoast-schema-graph\">{\"@context\":\"https:\\\/\\\/schema.org\",\"@graph\":[{\"@type\":\"WebPage\",\"@id\":\"https:\\\/\\\/aureliusjewelry.com\\\/de\\\/verlobungsring-mit-einem-hellgrauen-schildformigen-salz-und-pfeffer-diamanten\\\/\",\"url\":\"https:\\\/\\\/aureliusjewelry.com\\\/de\\\/verlobungsring-mit-einem-hellgrauen-schildformigen-salz-und-pfeffer-diamanten\\\/\",\"name\":\"Verlobungsring mit einem hellgrauen, schildf\u00f6rmigen Salz-und-Pfeffer-Diamanten - Aurelius Jewelry\",\"isPartOf\":{\"@id\":\"https:\\\/\\\/aureliusjewelry.com\\\/de\\\/#website\"},\"primaryImageOfPage\":{\"@id\":\"https:\\\/\\\/aureliusjewelry.com\\\/de\\\/verlobungsring-mit-einem-hellgrauen-schildformigen-salz-und-pfeffer-diamanten\\\/#primaryimage\"},\"image\":{\"@id\":\"https:\\\/\\\/aureliusjewelry.com\\\/de\\\/verlobungsring-mit-einem-hellgrauen-schildformigen-salz-und-pfeffer-diamanten\\\/#primaryimage\"},\"thumbnailUrl\":\"https:\\\/\\\/aureliusjewelry.com\\\/wp-content\\\/uploads\\\/grey-shield-engagement-ring.jpg\",\"datePublished\":\"2020-04-23T09:26:30+00:00\",\"dateModified\":\"2026-04-14T05:22:18+00:00\",\"breadcrumb\":{\"@id\":\"https:\\\/\\\/aureliusjewelry.com\\\/de\\\/verlobungsring-mit-einem-hellgrauen-schildformigen-salz-und-pfeffer-diamanten\\\/#breadcrumb\"},\"inLanguage\":\"de\",\"potentialAction\":[{\"@type\":\"ReadAction\",\"target\":[\"https:\\\/\\\/aureliusjewelry.com\\\/de\\\/verlobungsring-mit-einem-hellgrauen-schildformigen-salz-und-pfeffer-diamanten\\\/\"]}]},{\"@type\":\"ImageObject\",\"inLanguage\":\"de\",\"@id\":\"https:\\\/\\\/aureliusjewelry.com\\\/de\\\/verlobungsring-mit-einem-hellgrauen-schildformigen-salz-und-pfeffer-diamanten\\\/#primaryimage\",\"url\":\"https:\\\/\\\/aureliusjewelry.com\\\/wp-content\\\/uploads\\\/grey-shield-engagement-ring.jpg\",\"contentUrl\":\"https:\\\/\\\/aureliusjewelry.com\\\/wp-content\\\/uploads\\\/grey-shield-engagement-ring.jpg\",\"width\":1920,\"height\":1440,\"caption\":\"grau Schild Verlobungsring\"},{\"@type\":\"BreadcrumbList\",\"@id\":\"https:\\\/\\\/aureliusjewelry.com\\\/de\\\/verlobungsring-mit-einem-hellgrauen-schildformigen-salz-und-pfeffer-diamanten\\\/#breadcrumb\",\"itemListElement\":[{\"@type\":\"ListItem\",\"position\":1,\"name\":\"Home\",\"item\":\"https:\\\/\\\/aureliusjewelry.com\\\/de\\\/\"},{\"@type\":\"ListItem\",\"position\":2,\"name\":\"Shop\",\"item\":\"https:\\\/\\\/aureliusjewelry.com\\\/de\\\/shop\\\/\"},{\"@type\":\"ListItem\",\"position\":3,\"name\":\"Verlobungsring mit einem hellgrauen, schildf\u00f6rmigen Salz-und-Pfeffer-Diamanten\"}]},{\"@type\":\"WebSite\",\"@id\":\"https:\\\/\\\/aureliusjewelry.com\\\/de\\\/#website\",\"url\":\"https:\\\/\\\/aureliusjewelry.com\\\/de\\\/\",\"name\":\"Aurelius Jewelry\",\"description\":\"Handmade Fine Gold Jewelry\",\"publisher\":{\"@id\":\"https:\\\/\\\/aureliusjewelry.com\\\/de\\\/#organization\"},\"potentialAction\":[{\"@type\":\"SearchAction\",\"target\":{\"@type\":\"EntryPoint\",\"urlTemplate\":\"https:\\\/\\\/aureliusjewelry.com\\\/de\\\/?s={search_term_string}\"},\"query-input\":{\"@type\":\"PropertyValueSpecification\",\"valueRequired\":true,\"valueName\":\"search_term_string\"}}],\"inLanguage\":\"de\"},{\"@type\":\"Organization\",\"@id\":\"https:\\\/\\\/aureliusjewelry.com\\\/de\\\/#organization\",\"name\":\"Aurelius Jewelry\",\"url\":\"https:\\\/\\\/aureliusjewelry.com\\\/de\\\/\",\"logo\":{\"@type\":\"ImageObject\",\"inLanguage\":\"de\",\"@id\":\"https:\\\/\\\/aureliusjewelry.com\\\/de\\\/#\\\/schema\\\/logo\\\/image\\\/\",\"url\":\"https:\\\/\\\/aureliusjewelry.com\\\/wp-content\\\/uploads\\\/logo.png\",\"contentUrl\":\"https:\\\/\\\/aureliusjewelry.com\\\/wp-content\\\/uploads\\\/logo.png\",\"width\":400,\"height\":64,\"caption\":\"Aurelius Jewelry\"},\"image\":{\"@id\":\"https:\\\/\\\/aureliusjewelry.com\\\/de\\\/#\\\/schema\\\/logo\\\/image\\\/\"},\"sameAs\":[\"https:\\\/\\\/www.facebook.com\\\/AureliusJewelry\\\/\",\"https:\\\/\\\/x.com\\\/AureliusJewelry\",\"https:\\\/\\\/instagram.com\\\/aureliusjewelry\",\"https:\\\/\\\/www.pinterest.com\\\/AureliusJewelry\\\/\"],\"email\":\"info@aureliusjewelry.com\",\"foundingDate\":\"2018-10-01\",\"vatID\":\"SI10391070\",\"hasMerchantReturnPolicy\":{\"@type\":\"MerchantReturnPolicy\",\"merchantReturnLink\":\"https:\\\/\\\/aureliusjewelry.com\\\/our-policies\\\/terms-conditions\\\/\"}}]}<\/script>\n<meta property=\"og:availability\" content=\"backorder\" \/>\n<meta property=\"product:availability\" content=\"available for order\" \/>\n<meta property=\"product:retailer_item_id\" content=\"10019\" \/>\n<meta property=\"product:condition\" content=\"new\" \/>","yoast_head_json":{"title":"Verlobungsring mit einem hellgrauen, schildf\u00f6rmigen Salz-und-Pfeffer-Diamanten - Aurelius Jewelry","robots":{"index":"index","follow":"follow","max-snippet":"max-snippet:-1","max-image-preview":"max-image-preview:large","max-video-preview":"max-video-preview:-1"},"canonical":"https:\/\/aureliusjewelry.com\/de\/verlobungsring-mit-einem-hellgrauen-schildformigen-salz-und-pfeffer-diamanten\/","og_locale":"de_DE","og_type":"article","og_title":"Verlobungsring mit einem hellgrauen, schildf\u00f6rmigen Salz-und-Pfeffer-Diamanten - Aurelius Jewelry","og_description":"%","og_url":"https:\/\/aureliusjewelry.com\/de\/verlobungsring-mit-einem-hellgrauen-schildformigen-salz-und-pfeffer-diamanten\/","og_site_name":"Aurelius Jewelry","article_publisher":"https:\/\/www.facebook.com\/AureliusJewelry\/","article_modified_time":"2026-04-14T05:22:18+00:00","og_image":[{"width":1920,"height":1440,"url":"https:\/\/aureliusjewelry.com\/wp-content\/uploads\/grey-shield-engagement-ring.jpg","type":"image\/jpeg"}],"twitter_card":"summary_large_image","twitter_site":"@AureliusJewelry","schema":{"@context":"https:\/\/schema.org","@graph":[{"@type":"WebPage","@id":"https:\/\/aureliusjewelry.com\/de\/verlobungsring-mit-einem-hellgrauen-schildformigen-salz-und-pfeffer-diamanten\/","url":"https:\/\/aureliusjewelry.com\/de\/verlobungsring-mit-einem-hellgrauen-schildformigen-salz-und-pfeffer-diamanten\/","name":"Verlobungsring mit einem hellgrauen, schildf\u00f6rmigen Salz-und-Pfeffer-Diamanten - Aurelius Jewelry","isPartOf":{"@id":"https:\/\/aureliusjewelry.com\/de\/#website"},"primaryImageOfPage":{"@id":"https:\/\/aureliusjewelry.com\/de\/verlobungsring-mit-einem-hellgrauen-schildformigen-salz-und-pfeffer-diamanten\/#primaryimage"},"image":{"@id":"https:\/\/aureliusjewelry.com\/de\/verlobungsring-mit-einem-hellgrauen-schildformigen-salz-und-pfeffer-diamanten\/#primaryimage"},"thumbnailUrl":"https:\/\/aureliusjewelry.com\/wp-content\/uploads\/grey-shield-engagement-ring.jpg","datePublished":"2020-04-23T09:26:30+00:00","dateModified":"2026-04-14T05:22:18+00:00","breadcrumb":{"@id":"https:\/\/aureliusjewelry.com\/de\/verlobungsring-mit-einem-hellgrauen-schildformigen-salz-und-pfeffer-diamanten\/#breadcrumb"},"inLanguage":"de","potentialAction":[{"@type":"ReadAction","target":["https:\/\/aureliusjewelry.com\/de\/verlobungsring-mit-einem-hellgrauen-schildformigen-salz-und-pfeffer-diamanten\/"]}]},{"@type":"ImageObject","inLanguage":"de","@id":"https:\/\/aureliusjewelry.com\/de\/verlobungsring-mit-einem-hellgrauen-schildformigen-salz-und-pfeffer-diamanten\/#primaryimage","url":"https:\/\/aureliusjewelry.com\/wp-content\/uploads\/grey-shield-engagement-ring.jpg","contentUrl":"https:\/\/aureliusjewelry.com\/wp-content\/uploads\/grey-shield-engagement-ring.jpg","width":1920,"height":1440,"caption":"grau Schild Verlobungsring"},{"@type":"BreadcrumbList","@id":"https:\/\/aureliusjewelry.com\/de\/verlobungsring-mit-einem-hellgrauen-schildformigen-salz-und-pfeffer-diamanten\/#breadcrumb","itemListElement":[{"@type":"ListItem","position":1,"name":"Home","item":"https:\/\/aureliusjewelry.com\/de\/"},{"@type":"ListItem","position":2,"name":"Shop","item":"https:\/\/aureliusjewelry.com\/de\/shop\/"},{"@type":"ListItem","position":3,"name":"Verlobungsring mit einem hellgrauen, schildf\u00f6rmigen Salz-und-Pfeffer-Diamanten"}]},{"@type":"WebSite","@id":"https:\/\/aureliusjewelry.com\/de\/#website","url":"https:\/\/aureliusjewelry.com\/de\/","name":"Aurelius Jewelry","description":"Handmade Fine Gold Jewelry","publisher":{"@id":"https:\/\/aureliusjewelry.com\/de\/#organization"},"potentialAction":[{"@type":"SearchAction","target":{"@type":"EntryPoint","urlTemplate":"https:\/\/aureliusjewelry.com\/de\/?s={search_term_string}"},"query-input":{"@type":"PropertyValueSpecification","valueRequired":true,"valueName":"search_term_string"}}],"inLanguage":"de"},{"@type":"Organization","@id":"https:\/\/aureliusjewelry.com\/de\/#organization","name":"Aurelius Jewelry","url":"https:\/\/aureliusjewelry.com\/de\/","logo":{"@type":"ImageObject","inLanguage":"de","@id":"https:\/\/aureliusjewelry.com\/de\/#\/schema\/logo\/image\/","url":"https:\/\/aureliusjewelry.com\/wp-content\/uploads\/logo.png","contentUrl":"https:\/\/aureliusjewelry.com\/wp-content\/uploads\/logo.png","width":400,"height":64,"caption":"Aurelius Jewelry"},"image":{"@id":"https:\/\/aureliusjewelry.com\/de\/#\/schema\/logo\/image\/"},"sameAs":["https:\/\/www.facebook.com\/AureliusJewelry\/","https:\/\/x.com\/AureliusJewelry","https:\/\/instagram.com\/aureliusjewelry","https:\/\/www.pinterest.com\/AureliusJewelry\/"],"email":"info@aureliusjewelry.com","foundingDate":"2018-10-01","vatID":"SI10391070","hasMerchantReturnPolicy":{"@type":"MerchantReturnPolicy","merchantReturnLink":"https:\/\/aureliusjewelry.com\/our-policies\/terms-conditions\/"}}]},"og_availability":"backorder","product_availability":"available for order","product_retailer_item_id":"10019","product_condition":"new"},"_links":{"self":[{"href":"https:\/\/aureliusjewelry.com\/de\/wp-json\/wp\/v2\/product\/11269","targetHints":{"allow":["GET"]}}],"collection":[{"href":"https:\/\/aureliusjewelry.com\/de\/wp-json\/wp\/v2\/product"}],"about":[{"href":"https:\/\/aureliusjewelry.com\/de\/wp-json\/wp\/v2\/types\/product"}],"replies":[{"embeddable":true,"href":"https:\/\/aureliusjewelry.com\/de\/wp-json\/wp\/v2\/comments?post=11269"}],"wp:featuredmedia":[{"embeddable":true,"href":"https:\/\/aureliusjewelry.com\/de\/wp-json\/wp\/v2\/media\/10028"}],"wp:attachment":[{"href":"https:\/\/aureliusjewelry.com\/de\/wp-json\/wp\/v2\/media?parent=11269"}],"wp:term":[{"taxonomy":"product_brand","embeddable":true,"href":"https:\/\/aureliusjewelry.com\/de\/wp-json\/wp\/v2\/product_brand?post=11269"},{"taxonomy":"product_cat","embeddable":true,"href":"https:\/\/aureliusjewelry.com\/de\/wp-json\/wp\/v2\/product_cat?post=11269"},{"taxonomy":"product_tag","embeddable":true,"href":"https:\/\/aureliusjewelry.com\/de\/wp-json\/wp\/v2\/product_tag?post=11269"}],"curies":[{"name":"wp","href":"https:\/\/api.w.org\/{rel}","templated":true}]}}