{"id":10942,"date":"2019-12-07T16:52:00","date_gmt":"2019-12-07T14:52:00","guid":{"rendered":"http:\/\/127.0.0.1\/product\/drachenviereck-aquamarin-verlobungsring-icy\/"},"modified":"2026-05-03T05:31:45","modified_gmt":"2026-05-03T03:31:45","slug":"drachenviereck-aquamarin-verlobungsring-icy","status":"publish","type":"product","link":"https:\/\/aureliusjewelry.com\/de\/drachenviereck-aquamarin-verlobungsring-icy\/","title":{"rendered":"Drachenviereck-Aquamarin-Verlobungsring Icy"},"content":{"rendered":"<div class=\"wpb-content-wrapper\"><p>[vc_row][vc_column][vc_column_text]<strong>Stein<\/strong><br \/>\n\u2013 drachenviereckf\u00f6rmiger Aquamarin<br \/>\n\u2013 ca. 13x8mm<br \/>\n\u2013 SI-Klarheit<\/p>\n<p><strong>Ringma\u00dfe und Material<\/strong><br \/>\n\u2013 1,5mm breit, 1,6mm dick<br \/>\n\u2013 erh\u00e4ltlich in 14K\/18K Gelb-, Wei\u00df- oder Ros\u00e9gold und Platin<br \/>\n\u2013 US-Ringgr\u00f6\u00dfe 3-9, kleinere oder gr\u00f6\u00dfere Gr\u00f6\u00dfen auf Anfrage erh\u00e4ltlich<br \/>\n[\/vc_column_text][\/vc_column][\/vc_row]<\/p>\n<\/div>","protected":false},"excerpt":{"rendered":"<p>Icy ist unser drachenviereckf\u00f6rmiger, Aquamarin-Verlobungsring f\u00fcr eine moderne zuk\u00fcnftige Braut, die geometrische Ringe mag. Die Zargenfassung und der quadratische Ring sorgen f\u00fcr ein edles und schlichtes Aussehen und die Gr\u00f6\u00dfe des Steins wird sicherlich die Aufmerksamkeit auf sich ziehen. Seine Form wird Ihre Finger auch optisch verl\u00e4ngern und schlanker machen.<\/p>\n","protected":false},"featured_media":9779,"comment_status":"open","ping_status":"closed","template":"","meta":[],"product_brand":[],"product_cat":[1510,1507,536,1526,1491,488,501,471],"product_tag":[1160,1192,728,633],"class_list":{"0":"post-10942","1":"product","2":"type-product","3":"status-publish","4":"has-post-thumbnail","6":"product_cat-drachen-verlobungsring","7":"product_cat-geometrische-verlobungsringe","8":"product_cat-ringe","9":"product_cat-solitar-verlobungsring","10":"product_cat-verlobungsring-luenettenset","11":"product_cat-verlobungsringe","12":"product_cat-verlobungsringe-mit-aquamarin","13":"product_cat-zeitgenossisch","14":"product_tag-aquamarin","15":"product_tag-drachen","16":"product_tag-production_time_3_5-de","17":"product_tag-ringe-tag","19":"first","20":"onbackorder","21":"sold-individually","22":"taxable","23":"shipping-taxable","24":"purchasable","25":"product-type-variable"},"yoast_head":"<title>Drachenviereck-Aquamarin-Verlobungsring Icy - Aurelius Jewelry<\/title>\n<meta name=\"robots\" content=\"index, follow, max-snippet:-1, max-image-preview:large, max-video-preview:-1\" \/>\n<link rel=\"canonical\" href=\"https:\/\/aureliusjewelry.com\/de\/drachenviereck-aquamarin-verlobungsring-icy\/\" \/>\n<meta property=\"og:locale\" content=\"de_DE\" \/>\n<meta property=\"og:type\" content=\"article\" \/>\n<meta property=\"og:title\" content=\"Drachenviereck-Aquamarin-Verlobungsring Icy - Aurelius Jewelry\" \/>\n<meta property=\"og:description\" content=\"%\" \/>\n<meta property=\"og:url\" content=\"https:\/\/aureliusjewelry.com\/de\/drachenviereck-aquamarin-verlobungsring-icy\/\" \/>\n<meta property=\"og:site_name\" content=\"Aurelius Jewelry\" \/>\n<meta property=\"article:publisher\" content=\"https:\/\/www.facebook.com\/AureliusJewelry\/\" \/>\n<meta property=\"article:modified_time\" content=\"2026-05-03T03:31:45+00:00\" \/>\n<meta property=\"og:image\" content=\"https:\/\/aureliusjewelry.com\/wp-content\/uploads\/drachen-aquamarin-verlobungsring.jpg\" \/>\n\t<meta property=\"og:image:width\" content=\"1920\" \/>\n\t<meta property=\"og:image:height\" content=\"1440\" \/>\n\t<meta property=\"og:image:type\" content=\"image\/jpeg\" \/>\n<meta name=\"twitter:card\" content=\"summary_large_image\" \/>\n<meta name=\"twitter:site\" content=\"@AureliusJewelry\" \/>\n<script type=\"application\/ld+json\" class=\"yoast-schema-graph\">{\"@context\":\"https:\\\/\\\/schema.org\",\"@graph\":[{\"@type\":\"WebPage\",\"@id\":\"https:\\\/\\\/aureliusjewelry.com\\\/de\\\/drachenviereck-aquamarin-verlobungsring-icy\\\/\",\"url\":\"https:\\\/\\\/aureliusjewelry.com\\\/de\\\/drachenviereck-aquamarin-verlobungsring-icy\\\/\",\"name\":\"Drachenviereck-Aquamarin-Verlobungsring Icy - Aurelius Jewelry\",\"isPartOf\":{\"@id\":\"https:\\\/\\\/aureliusjewelry.com\\\/de\\\/#website\"},\"primaryImageOfPage\":{\"@id\":\"https:\\\/\\\/aureliusjewelry.com\\\/de\\\/drachenviereck-aquamarin-verlobungsring-icy\\\/#primaryimage\"},\"image\":{\"@id\":\"https:\\\/\\\/aureliusjewelry.com\\\/de\\\/drachenviereck-aquamarin-verlobungsring-icy\\\/#primaryimage\"},\"thumbnailUrl\":\"https:\\\/\\\/aureliusjewelry.com\\\/wp-content\\\/uploads\\\/drachen-aquamarin-verlobungsring.jpg\",\"datePublished\":\"2019-12-07T14:52:00+00:00\",\"dateModified\":\"2026-05-03T03:31:45+00:00\",\"breadcrumb\":{\"@id\":\"https:\\\/\\\/aureliusjewelry.com\\\/de\\\/drachenviereck-aquamarin-verlobungsring-icy\\\/#breadcrumb\"},\"inLanguage\":\"de\",\"potentialAction\":[{\"@type\":\"ReadAction\",\"target\":[\"https:\\\/\\\/aureliusjewelry.com\\\/de\\\/drachenviereck-aquamarin-verlobungsring-icy\\\/\"]}]},{\"@type\":\"ImageObject\",\"inLanguage\":\"de\",\"@id\":\"https:\\\/\\\/aureliusjewelry.com\\\/de\\\/drachenviereck-aquamarin-verlobungsring-icy\\\/#primaryimage\",\"url\":\"https:\\\/\\\/aureliusjewelry.com\\\/wp-content\\\/uploads\\\/drachen-aquamarin-verlobungsring.jpg\",\"contentUrl\":\"https:\\\/\\\/aureliusjewelry.com\\\/wp-content\\\/uploads\\\/drachen-aquamarin-verlobungsring.jpg\",\"width\":1920,\"height\":1440,\"caption\":\"Drachen Aquamarin Verlobungsring\"},{\"@type\":\"BreadcrumbList\",\"@id\":\"https:\\\/\\\/aureliusjewelry.com\\\/de\\\/drachenviereck-aquamarin-verlobungsring-icy\\\/#breadcrumb\",\"itemListElement\":[{\"@type\":\"ListItem\",\"position\":1,\"name\":\"Home\",\"item\":\"https:\\\/\\\/aureliusjewelry.com\\\/de\\\/\"},{\"@type\":\"ListItem\",\"position\":2,\"name\":\"Shop\",\"item\":\"https:\\\/\\\/aureliusjewelry.com\\\/de\\\/shop\\\/\"},{\"@type\":\"ListItem\",\"position\":3,\"name\":\"Drachenviereck-Aquamarin-Verlobungsring Icy\"}]},{\"@type\":\"WebSite\",\"@id\":\"https:\\\/\\\/aureliusjewelry.com\\\/de\\\/#website\",\"url\":\"https:\\\/\\\/aureliusjewelry.com\\\/de\\\/\",\"name\":\"Aurelius Jewelry\",\"description\":\"Handmade Fine Gold Jewelry\",\"publisher\":{\"@id\":\"https:\\\/\\\/aureliusjewelry.com\\\/de\\\/#organization\"},\"potentialAction\":[{\"@type\":\"SearchAction\",\"target\":{\"@type\":\"EntryPoint\",\"urlTemplate\":\"https:\\\/\\\/aureliusjewelry.com\\\/de\\\/?s={search_term_string}\"},\"query-input\":{\"@type\":\"PropertyValueSpecification\",\"valueRequired\":true,\"valueName\":\"search_term_string\"}}],\"inLanguage\":\"de\"},{\"@type\":\"Organization\",\"@id\":\"https:\\\/\\\/aureliusjewelry.com\\\/de\\\/#organization\",\"name\":\"Aurelius Jewelry\",\"url\":\"https:\\\/\\\/aureliusjewelry.com\\\/de\\\/\",\"logo\":{\"@type\":\"ImageObject\",\"inLanguage\":\"de\",\"@id\":\"https:\\\/\\\/aureliusjewelry.com\\\/de\\\/#\\\/schema\\\/logo\\\/image\\\/\",\"url\":\"https:\\\/\\\/aureliusjewelry.com\\\/wp-content\\\/uploads\\\/logo.png\",\"contentUrl\":\"https:\\\/\\\/aureliusjewelry.com\\\/wp-content\\\/uploads\\\/logo.png\",\"width\":400,\"height\":64,\"caption\":\"Aurelius Jewelry\"},\"image\":{\"@id\":\"https:\\\/\\\/aureliusjewelry.com\\\/de\\\/#\\\/schema\\\/logo\\\/image\\\/\"},\"sameAs\":[\"https:\\\/\\\/www.facebook.com\\\/AureliusJewelry\\\/\",\"https:\\\/\\\/x.com\\\/AureliusJewelry\",\"https:\\\/\\\/instagram.com\\\/aureliusjewelry\",\"https:\\\/\\\/www.pinterest.com\\\/AureliusJewelry\\\/\"],\"email\":\"info@aureliusjewelry.com\",\"foundingDate\":\"2018-10-01\",\"vatID\":\"SI10391070\",\"hasMerchantReturnPolicy\":{\"@type\":\"MerchantReturnPolicy\",\"merchantReturnLink\":\"https:\\\/\\\/aureliusjewelry.com\\\/our-policies\\\/terms-conditions\\\/\"}}]}<\/script>\n<meta property=\"og:availability\" content=\"backorder\" \/>\n<meta property=\"product:availability\" content=\"available for order\" \/>\n<meta property=\"product:retailer_item_id\" content=\"7504\" \/>\n<meta property=\"product:condition\" content=\"new\" \/>","yoast_head_json":{"title":"Drachenviereck-Aquamarin-Verlobungsring Icy - Aurelius Jewelry","robots":{"index":"index","follow":"follow","max-snippet":"max-snippet:-1","max-image-preview":"max-image-preview:large","max-video-preview":"max-video-preview:-1"},"canonical":"https:\/\/aureliusjewelry.com\/de\/drachenviereck-aquamarin-verlobungsring-icy\/","og_locale":"de_DE","og_type":"article","og_title":"Drachenviereck-Aquamarin-Verlobungsring Icy - Aurelius Jewelry","og_description":"%","og_url":"https:\/\/aureliusjewelry.com\/de\/drachenviereck-aquamarin-verlobungsring-icy\/","og_site_name":"Aurelius Jewelry","article_publisher":"https:\/\/www.facebook.com\/AureliusJewelry\/","article_modified_time":"2026-05-03T03:31:45+00:00","og_image":[{"width":1920,"height":1440,"url":"https:\/\/aureliusjewelry.com\/wp-content\/uploads\/drachen-aquamarin-verlobungsring.jpg","type":"image\/jpeg"}],"twitter_card":"summary_large_image","twitter_site":"@AureliusJewelry","schema":{"@context":"https:\/\/schema.org","@graph":[{"@type":"WebPage","@id":"https:\/\/aureliusjewelry.com\/de\/drachenviereck-aquamarin-verlobungsring-icy\/","url":"https:\/\/aureliusjewelry.com\/de\/drachenviereck-aquamarin-verlobungsring-icy\/","name":"Drachenviereck-Aquamarin-Verlobungsring Icy - Aurelius Jewelry","isPartOf":{"@id":"https:\/\/aureliusjewelry.com\/de\/#website"},"primaryImageOfPage":{"@id":"https:\/\/aureliusjewelry.com\/de\/drachenviereck-aquamarin-verlobungsring-icy\/#primaryimage"},"image":{"@id":"https:\/\/aureliusjewelry.com\/de\/drachenviereck-aquamarin-verlobungsring-icy\/#primaryimage"},"thumbnailUrl":"https:\/\/aureliusjewelry.com\/wp-content\/uploads\/drachen-aquamarin-verlobungsring.jpg","datePublished":"2019-12-07T14:52:00+00:00","dateModified":"2026-05-03T03:31:45+00:00","breadcrumb":{"@id":"https:\/\/aureliusjewelry.com\/de\/drachenviereck-aquamarin-verlobungsring-icy\/#breadcrumb"},"inLanguage":"de","potentialAction":[{"@type":"ReadAction","target":["https:\/\/aureliusjewelry.com\/de\/drachenviereck-aquamarin-verlobungsring-icy\/"]}]},{"@type":"ImageObject","inLanguage":"de","@id":"https:\/\/aureliusjewelry.com\/de\/drachenviereck-aquamarin-verlobungsring-icy\/#primaryimage","url":"https:\/\/aureliusjewelry.com\/wp-content\/uploads\/drachen-aquamarin-verlobungsring.jpg","contentUrl":"https:\/\/aureliusjewelry.com\/wp-content\/uploads\/drachen-aquamarin-verlobungsring.jpg","width":1920,"height":1440,"caption":"Drachen Aquamarin Verlobungsring"},{"@type":"BreadcrumbList","@id":"https:\/\/aureliusjewelry.com\/de\/drachenviereck-aquamarin-verlobungsring-icy\/#breadcrumb","itemListElement":[{"@type":"ListItem","position":1,"name":"Home","item":"https:\/\/aureliusjewelry.com\/de\/"},{"@type":"ListItem","position":2,"name":"Shop","item":"https:\/\/aureliusjewelry.com\/de\/shop\/"},{"@type":"ListItem","position":3,"name":"Drachenviereck-Aquamarin-Verlobungsring Icy"}]},{"@type":"WebSite","@id":"https:\/\/aureliusjewelry.com\/de\/#website","url":"https:\/\/aureliusjewelry.com\/de\/","name":"Aurelius Jewelry","description":"Handmade Fine Gold Jewelry","publisher":{"@id":"https:\/\/aureliusjewelry.com\/de\/#organization"},"potentialAction":[{"@type":"SearchAction","target":{"@type":"EntryPoint","urlTemplate":"https:\/\/aureliusjewelry.com\/de\/?s={search_term_string}"},"query-input":{"@type":"PropertyValueSpecification","valueRequired":true,"valueName":"search_term_string"}}],"inLanguage":"de"},{"@type":"Organization","@id":"https:\/\/aureliusjewelry.com\/de\/#organization","name":"Aurelius Jewelry","url":"https:\/\/aureliusjewelry.com\/de\/","logo":{"@type":"ImageObject","inLanguage":"de","@id":"https:\/\/aureliusjewelry.com\/de\/#\/schema\/logo\/image\/","url":"https:\/\/aureliusjewelry.com\/wp-content\/uploads\/logo.png","contentUrl":"https:\/\/aureliusjewelry.com\/wp-content\/uploads\/logo.png","width":400,"height":64,"caption":"Aurelius Jewelry"},"image":{"@id":"https:\/\/aureliusjewelry.com\/de\/#\/schema\/logo\/image\/"},"sameAs":["https:\/\/www.facebook.com\/AureliusJewelry\/","https:\/\/x.com\/AureliusJewelry","https:\/\/instagram.com\/aureliusjewelry","https:\/\/www.pinterest.com\/AureliusJewelry\/"],"email":"info@aureliusjewelry.com","foundingDate":"2018-10-01","vatID":"SI10391070","hasMerchantReturnPolicy":{"@type":"MerchantReturnPolicy","merchantReturnLink":"https:\/\/aureliusjewelry.com\/our-policies\/terms-conditions\/"}}]},"og_availability":"backorder","product_availability":"available for order","product_retailer_item_id":"7504","product_condition":"new"},"_links":{"self":[{"href":"https:\/\/aureliusjewelry.com\/de\/wp-json\/wp\/v2\/product\/10942","targetHints":{"allow":["GET"]}}],"collection":[{"href":"https:\/\/aureliusjewelry.com\/de\/wp-json\/wp\/v2\/product"}],"about":[{"href":"https:\/\/aureliusjewelry.com\/de\/wp-json\/wp\/v2\/types\/product"}],"replies":[{"embeddable":true,"href":"https:\/\/aureliusjewelry.com\/de\/wp-json\/wp\/v2\/comments?post=10942"}],"wp:featuredmedia":[{"embeddable":true,"href":"https:\/\/aureliusjewelry.com\/de\/wp-json\/wp\/v2\/media\/9779"}],"wp:attachment":[{"href":"https:\/\/aureliusjewelry.com\/de\/wp-json\/wp\/v2\/media?parent=10942"}],"wp:term":[{"taxonomy":"product_brand","embeddable":true,"href":"https:\/\/aureliusjewelry.com\/de\/wp-json\/wp\/v2\/product_brand?post=10942"},{"taxonomy":"product_cat","embeddable":true,"href":"https:\/\/aureliusjewelry.com\/de\/wp-json\/wp\/v2\/product_cat?post=10942"},{"taxonomy":"product_tag","embeddable":true,"href":"https:\/\/aureliusjewelry.com\/de\/wp-json\/wp\/v2\/product_tag?post=10942"}],"curies":[{"name":"wp","href":"https:\/\/api.w.org\/{rel}","templated":true}]}}