{"id":27810,"date":"2021-05-11T10:09:24","date_gmt":"2021-05-11T08:09:24","guid":{"rendered":"http:\/\/127.0.0.1\/magazine\/"},"modified":"2021-05-14T17:09:36","modified_gmt":"2021-05-14T15:09:36","slug":"magazine","status":"publish","type":"page","link":"https:\/\/aureliusjewelry.com\/de\/magazine\/","title":{"rendered":"Magazine"},"content":{"rendered":"<div class=\"wpb-content-wrapper\"><p>[vc_row content_placement=&#8220;middle&#8220; seperator_enable=&#8220;seperator_enable_value&#8220; seperator_position=&#8220;bottom_seperator&#8220;][vc_column width=&#8220;1\/3&#8243;][vc_single_image image=&#8220;16027&#8243; img_size=&#8220;full&#8220;][\/vc_column][vc_column width=&#8220;2\/3&#8243;][vc_column_text]<\/p>\n<h2 style=\"margin-top: 0px!important;\">Geburtsstein-Leitfaden nach Monat &#8211; Finden Sie Ihren Edelstein<\/h2>\n<p>Wir k\u00f6nnen jeden Edelstein anhand seiner Farbe und Energie in einen bestimmten Monat einteilen. Wir nennen sie Geburtssteine. Wenn Sie nicht wissen, welcher Sie repr\u00e4sentiert, finden Sie hier einen Leitfaden zu Geburtssteinen.[\/vc_column_text][vc_btn title=&#8220;Weiterlesen&#8220; align=&#8220;left&#8220; link=&#8220;url:https%3A%2F%2Faureliusjewelry.com%2Fde%2Fmagazine%2Feburtsstein-leitfaden-nach-monat-finden-sie-ihren-edelstein%2F|title:Geburtsstein-Leitfaden%20nach%20Monat%20-%20Finden%20Sie%20Ihren%20Edelstein&#8220; css=&#8220;.vc_custom_1621004908701{margin-top: 10px !important;}&#8220;][\/vc_column][\/vc_row][vc_row][vc_column][vc_separator css=&#8220;.vc_custom_1611491503128{padding-top: 40px !important;padding-bottom: 40px !important;}&#8220;][\/vc_column][\/vc_row][vc_row content_placement=&#8220;middle&#8220; seperator_enable=&#8220;seperator_enable_value&#8220; seperator_position=&#8220;bottom_seperator&#8220;][vc_column width=&#8220;1\/3&#8243;][vc_single_image image=&#8220;15306&#8243; img_size=&#8220;full&#8220;][\/vc_column][vc_column width=&#8220;2\/3&#8243;][vc_column_text]<\/p>\n<h2 style=\"margin-top: 0px!important;\">Saphir der Stein der K\u00f6nige &#8211; Alles \u00fcber Saphire<\/h2>\n<p>F\u00fchlen Sie und Ihr Auserw\u00e4hlter sich k\u00f6niglich? Um Ihre K\u00f6nigin mit dem Kronjuwel zu belohnen, sollten Sie Schmuck mit Saphir in Betracht ziehen. Wenn Sie sich nicht sicher sind, aus welchem Sie w\u00e4hlen sollen, haben wir einen Leitfaden f\u00fcr Sie vorbereitet.[\/vc_column_text][vc_btn title=&#8220;Weiterlesen&#8220; align=&#8220;left&#8220; link=&#8220;url:https%3A%2F%2Faureliusjewelry.com%2Fde%2Fmagazine%2Fsaphir-der-stein-der-koenige-alles-ueber-saphire%2F|title:Saphir%20der%20Stein%20der%20K%C3%B6nige&#8220; css=&#8220;.vc_custom_1621004922031{margin-top: 10px !important;}&#8220;][\/vc_column][\/vc_row][vc_row][vc_column][vc_separator css=&#8220;.vc_custom_1611491503128{padding-top: 40px !important;padding-bottom: 40px !important;}&#8220;][\/vc_column][\/vc_row][vc_row content_placement=&#8220;middle&#8220; seperator_enable=&#8220;seperator_enable_value&#8220; seperator_position=&#8220;bottom_seperator&#8220;][vc_column width=&#8220;1\/3&#8243;][vc_single_image image=&#8220;14289&#8243; img_size=&#8220;full&#8220;][\/vc_column][vc_column width=&#8220;2\/3&#8243;][vc_column_text]<\/p>\n<h2 style=\"margin-top: 0px!important;\">Moosachat Stein: Der komplette Leitfaden<\/h2>\n<p>Worum geht es bei Moosachatsteinen? Wie entstehen sie? Warum sollte man sie tragen? Dies sind nur einige der h\u00e4ufigsten Fragen zu Moosachaten, die bei unseren Produkten sehr beliebt sind.[\/vc_column_text][vc_btn title=&#8220;Weiterlesen&#8220; align=&#8220;left&#8220; link=&#8220;url:https%3A%2F%2Faureliusjewelry.com%2Fde%2Fmagazine%2Fmoosachat-stein-der-komplette-leitfaden%2F|title:Moosachat%20Stein%3A%20Der%20komplette%20Leitfaden&#8220; css=&#8220;.vc_custom_1621004936585{margin-top: 10px !important;}&#8220;][\/vc_column][\/vc_row][vc_row][vc_column][vc_separator css=&#8220;.vc_custom_1611491503128{padding-top: 40px !important;padding-bottom: 40px !important;}&#8220;][\/vc_column][\/vc_row][vc_row content_placement=&#8220;middle&#8220;][vc_column width=&#8220;1\/3&#8243;][vc_single_image image=&#8220;14309&#8243; img_size=&#8220;full&#8220;][\/vc_column][vc_column width=&#8220;2\/3&#8243;][vc_column_text]<\/p>\n<h2 style=\"margin-top: 0px!important;\">Leitfaden f\u00fcr Verlobungsringe mit Salz- und Pfefferdiamanten<\/h2>\n<p>Wenn Sie den Glanz von Diamanten schon immer mochten, aber etwas wirklich Einzigartiges wollten, dann sind Salz- und Pfefferdiamanten die Antwort. Um zu verstehen, worum es geht, haben wir einen Leitfaden vorbereitet, der Ihnen bei der Entscheidung hilft.[\/vc_column_text][vc_btn title=&#8220;Weiterlesen&#8220; align=&#8220;left&#8220; link=&#8220;url:https%3A%2F%2Faureliusjewelry.com%2Fde%2Fmagazine%2Fsalz-und-pfefferdiamant-verlobungsringe-anleitung%2F|title:Saphir%20der%20Stein%20der%20K%C3%B6nige%20-%20Alles%20%C3%BCber%20Saphire&#8220; css=&#8220;.vc_custom_1621004952983{margin-top: 10px !important;}&#8220;][\/vc_column][\/vc_row][vc_row][vc_column][vc_separator css=&#8220;.vc_custom_1611491503128{padding-top: 40px !important;padding-bottom: 40px !important;}&#8220;][\/vc_column][\/vc_row][vc_row content_placement=&#8220;middle&#8220; css=&#8220;.vc_custom_1611491236826{padding-bottom: 50px !important;}&#8220;][vc_column width=&#8220;1\/3&#8243;][vc_single_image image=&#8220;14314&#8243; img_size=&#8220;full&#8220;][\/vc_column][vc_column width=&#8220;2\/3&#8243;][vc_column_text]<\/p>\n<h2 style=\"margin-top: 0px!important;\">Leitfaden f\u00fcr Ringgr\u00f6\u00dfe<\/h2>\n<p>Versuchen Sie vorzuschlagen, kennen aber ihre Ringgr\u00f6\u00dfe nicht? Wir haben einen Leitfaden vorbereitet, wie sie ihre Ma\u00dfnahmen auf geheime und andere Weise durchf\u00fchren kann. Mit unseren Methoden und Hinweisen werden Sie dies richtig machen.[\/vc_column_text][vc_btn title=&#8220;Weiterlesen&#8220; align=&#8220;left&#8220; link=&#8220;url:https%3A%2F%2Faureliusjewelry.com%2Fde%2Fmagazine%2Fleitfaden-fuer-ringgroesse-ringgroesse-richtig-ermitteln%2F|title:Leitfaden%20f%C3%BCr%20Ringgr%C3%B6%C3%9Fe%20-%20Ringgr%C3%B6%C3%9Fe%20richtig%20ermitteln&#8220; css=&#8220;.vc_custom_1621004969351{margin-top: 10px !important;}&#8220;][\/vc_column][\/vc_row][vc_row][vc_column][vc_separator css=&#8220;.vc_custom_1611491503128{padding-top: 40px !important;padding-bottom: 40px !important;}&#8220;][\/vc_column][\/vc_row]<\/p>\n<\/div>","protected":false},"excerpt":{"rendered":"<p>[vc_row content_placement=&#8220;middle&#8220; seperator_enable=&#8220;seperator_enable_value&#8220; seperator_position=&#8220;bottom_seperator&#8220;][vc_column width=&#8220;1\/3&#8243;][vc_single_image image=&#8220;16027&#8243; img_size=&#8220;full&#8220;][\/vc_column][vc_column width=&#8220;2\/3&#8243;][vc_column_text] Geburtsstein-Leitfaden nach Monat &#8211; Finden Sie Ihren Edelstein Wir k\u00f6nnen jeden Edelstein anhand seiner Farbe und Energie in einen bestimmten Monat einteilen. Wir nennen sie Geburtssteine. Wenn Sie nicht wissen, welcher Sie repr\u00e4sentiert, finden Sie hier einen Leitfaden zu Geburtssteinen.[\/vc_column_text][vc_btn title=&#8220;Weiterlesen&#8220; align=&#8220;left&#8220; link=&#8220;url:https%3A%2F%2Faureliusjewelry.com%2Fde%2Fmagazine%2Feburtsstein-leitfaden-nach-monat-finden-sie-ihren-edelstein%2F|title:Geburtsstein-Leitfaden%20nach%20Monat%20-%20Finden%20Sie%20Ihren%20Edelstein&#8220; css=&#8220;.vc_custom_1621004908701{margin-top: 10px !important;}&#8220;][\/vc_column][\/vc_row][vc_row][vc_column][vc_separator css=&#8220;.vc_custom_1611491503128{padding-top: [&hellip;]<\/p>\n","protected":false},"author":1,"featured_media":0,"parent":0,"menu_order":40,"comment_status":"closed","ping_status":"closed","template":"template-boxed.php","meta":{"footnotes":""},"class_list":["post-27810","page","type-page","status-publish","hentry"],"yoast_head":"<title>Magazine - Aurelius Jewelry<\/title>\n<meta name=\"description\" content=\"%\" \/>\n<meta name=\"robots\" content=\"index, follow, max-snippet:-1, max-image-preview:large, max-video-preview:-1\" \/>\n<link rel=\"canonical\" href=\"https:\/\/aureliusjewelry.com\/de\/magazine\/\" \/>\n<meta property=\"og:locale\" content=\"de_DE\" \/>\n<meta property=\"og:type\" content=\"article\" \/>\n<meta property=\"og:title\" content=\"Magazine - Aurelius Jewelry\" \/>\n<meta property=\"og:description\" content=\"%\" \/>\n<meta property=\"og:url\" content=\"https:\/\/aureliusjewelry.com\/de\/magazine\/\" \/>\n<meta property=\"og:site_name\" content=\"Aurelius Jewelry\" \/>\n<meta property=\"article:publisher\" content=\"https:\/\/www.facebook.com\/AureliusJewelry\/\" \/>\n<meta property=\"article:modified_time\" content=\"2021-05-14T15:09:36+00:00\" \/>\n<meta name=\"twitter:card\" content=\"summary_large_image\" \/>\n<meta name=\"twitter:site\" content=\"@AureliusJewelry\" \/>\n<script type=\"application\/ld+json\" class=\"yoast-schema-graph\">{\"@context\":\"https:\\\/\\\/schema.org\",\"@graph\":[{\"@type\":\"Article\",\"@id\":\"https:\\\/\\\/aureliusjewelry.com\\\/de\\\/magazine\\\/#article\",\"isPartOf\":{\"@id\":\"https:\\\/\\\/aureliusjewelry.com\\\/de\\\/magazine\\\/\"},\"author\":{\"name\":\"samko\",\"@id\":\"https:\\\/\\\/aureliusjewelry.com\\\/de\\\/#\\\/schema\\\/person\\\/af7f98ef5ddb3f951e5cfca3be977be5\"},\"headline\":\"Magazine\",\"datePublished\":\"2021-05-11T08:09:24+00:00\",\"dateModified\":\"2021-05-14T15:09:36+00:00\",\"mainEntityOfPage\":{\"@id\":\"https:\\\/\\\/aureliusjewelry.com\\\/de\\\/magazine\\\/\"},\"wordCount\":673,\"publisher\":{\"@id\":\"https:\\\/\\\/aureliusjewelry.com\\\/de\\\/#organization\"},\"inLanguage\":\"de\"},{\"@type\":\"WebPage\",\"@id\":\"https:\\\/\\\/aureliusjewelry.com\\\/de\\\/magazine\\\/\",\"url\":\"https:\\\/\\\/aureliusjewelry.com\\\/de\\\/magazine\\\/\",\"name\":\"Magazine - Aurelius Jewelry\",\"isPartOf\":{\"@id\":\"https:\\\/\\\/aureliusjewelry.com\\\/de\\\/#website\"},\"datePublished\":\"2021-05-11T08:09:24+00:00\",\"dateModified\":\"2021-05-14T15:09:36+00:00\",\"description\":\"%\",\"breadcrumb\":{\"@id\":\"https:\\\/\\\/aureliusjewelry.com\\\/de\\\/magazine\\\/#breadcrumb\"},\"inLanguage\":\"de\",\"potentialAction\":[{\"@type\":\"ReadAction\",\"target\":[\"https:\\\/\\\/aureliusjewelry.com\\\/de\\\/magazine\\\/\"]}]},{\"@type\":\"BreadcrumbList\",\"@id\":\"https:\\\/\\\/aureliusjewelry.com\\\/de\\\/magazine\\\/#breadcrumb\",\"itemListElement\":[{\"@type\":\"ListItem\",\"position\":1,\"name\":\"Home\",\"item\":\"https:\\\/\\\/aureliusjewelry.com\\\/de\\\/\"},{\"@type\":\"ListItem\",\"position\":2,\"name\":\"Magazine\"}]},{\"@type\":\"WebSite\",\"@id\":\"https:\\\/\\\/aureliusjewelry.com\\\/de\\\/#website\",\"url\":\"https:\\\/\\\/aureliusjewelry.com\\\/de\\\/\",\"name\":\"Aurelius Jewelry\",\"description\":\"Handmade Fine Gold Jewelry\",\"publisher\":{\"@id\":\"https:\\\/\\\/aureliusjewelry.com\\\/de\\\/#organization\"},\"potentialAction\":[{\"@type\":\"SearchAction\",\"target\":{\"@type\":\"EntryPoint\",\"urlTemplate\":\"https:\\\/\\\/aureliusjewelry.com\\\/de\\\/?s={search_term_string}\"},\"query-input\":{\"@type\":\"PropertyValueSpecification\",\"valueRequired\":true,\"valueName\":\"search_term_string\"}}],\"inLanguage\":\"de\"},{\"@type\":\"Organization\",\"@id\":\"https:\\\/\\\/aureliusjewelry.com\\\/de\\\/#organization\",\"name\":\"Aurelius Jewelry\",\"url\":\"https:\\\/\\\/aureliusjewelry.com\\\/de\\\/\",\"logo\":{\"@type\":\"ImageObject\",\"inLanguage\":\"de\",\"@id\":\"https:\\\/\\\/aureliusjewelry.com\\\/de\\\/#\\\/schema\\\/logo\\\/image\\\/\",\"url\":\"https:\\\/\\\/aureliusjewelry.com\\\/wp-content\\\/uploads\\\/logo.png\",\"contentUrl\":\"https:\\\/\\\/aureliusjewelry.com\\\/wp-content\\\/uploads\\\/logo.png\",\"width\":400,\"height\":64,\"caption\":\"Aurelius Jewelry\"},\"image\":{\"@id\":\"https:\\\/\\\/aureliusjewelry.com\\\/de\\\/#\\\/schema\\\/logo\\\/image\\\/\"},\"sameAs\":[\"https:\\\/\\\/www.facebook.com\\\/AureliusJewelry\\\/\",\"https:\\\/\\\/x.com\\\/AureliusJewelry\",\"https:\\\/\\\/instagram.com\\\/aureliusjewelry\",\"https:\\\/\\\/www.pinterest.com\\\/AureliusJewelry\\\/\"],\"email\":\"info@aureliusjewelry.com\",\"foundingDate\":\"2018-10-01\",\"vatID\":\"SI10391070\",\"hasMerchantReturnPolicy\":{\"@type\":\"MerchantReturnPolicy\",\"merchantReturnLink\":\"https:\\\/\\\/aureliusjewelry.com\\\/our-policies\\\/terms-conditions\\\/\"}},{\"@type\":\"Person\",\"@id\":\"https:\\\/\\\/aureliusjewelry.com\\\/de\\\/#\\\/schema\\\/person\\\/af7f98ef5ddb3f951e5cfca3be977be5\",\"name\":\"samko\"}]}<\/script>","yoast_head_json":{"title":"Magazine - Aurelius Jewelry","description":"%","robots":{"index":"index","follow":"follow","max-snippet":"max-snippet:-1","max-image-preview":"max-image-preview:large","max-video-preview":"max-video-preview:-1"},"canonical":"https:\/\/aureliusjewelry.com\/de\/magazine\/","og_locale":"de_DE","og_type":"article","og_title":"Magazine - Aurelius Jewelry","og_description":"%","og_url":"https:\/\/aureliusjewelry.com\/de\/magazine\/","og_site_name":"Aurelius Jewelry","article_publisher":"https:\/\/www.facebook.com\/AureliusJewelry\/","article_modified_time":"2021-05-14T15:09:36+00:00","twitter_card":"summary_large_image","twitter_site":"@AureliusJewelry","schema":{"@context":"https:\/\/schema.org","@graph":[{"@type":"Article","@id":"https:\/\/aureliusjewelry.com\/de\/magazine\/#article","isPartOf":{"@id":"https:\/\/aureliusjewelry.com\/de\/magazine\/"},"author":{"name":"samko","@id":"https:\/\/aureliusjewelry.com\/de\/#\/schema\/person\/af7f98ef5ddb3f951e5cfca3be977be5"},"headline":"Magazine","datePublished":"2021-05-11T08:09:24+00:00","dateModified":"2021-05-14T15:09:36+00:00","mainEntityOfPage":{"@id":"https:\/\/aureliusjewelry.com\/de\/magazine\/"},"wordCount":673,"publisher":{"@id":"https:\/\/aureliusjewelry.com\/de\/#organization"},"inLanguage":"de"},{"@type":"WebPage","@id":"https:\/\/aureliusjewelry.com\/de\/magazine\/","url":"https:\/\/aureliusjewelry.com\/de\/magazine\/","name":"Magazine - Aurelius Jewelry","isPartOf":{"@id":"https:\/\/aureliusjewelry.com\/de\/#website"},"datePublished":"2021-05-11T08:09:24+00:00","dateModified":"2021-05-14T15:09:36+00:00","description":"%","breadcrumb":{"@id":"https:\/\/aureliusjewelry.com\/de\/magazine\/#breadcrumb"},"inLanguage":"de","potentialAction":[{"@type":"ReadAction","target":["https:\/\/aureliusjewelry.com\/de\/magazine\/"]}]},{"@type":"BreadcrumbList","@id":"https:\/\/aureliusjewelry.com\/de\/magazine\/#breadcrumb","itemListElement":[{"@type":"ListItem","position":1,"name":"Home","item":"https:\/\/aureliusjewelry.com\/de\/"},{"@type":"ListItem","position":2,"name":"Magazine"}]},{"@type":"WebSite","@id":"https:\/\/aureliusjewelry.com\/de\/#website","url":"https:\/\/aureliusjewelry.com\/de\/","name":"Aurelius Jewelry","description":"Handmade Fine Gold Jewelry","publisher":{"@id":"https:\/\/aureliusjewelry.com\/de\/#organization"},"potentialAction":[{"@type":"SearchAction","target":{"@type":"EntryPoint","urlTemplate":"https:\/\/aureliusjewelry.com\/de\/?s={search_term_string}"},"query-input":{"@type":"PropertyValueSpecification","valueRequired":true,"valueName":"search_term_string"}}],"inLanguage":"de"},{"@type":"Organization","@id":"https:\/\/aureliusjewelry.com\/de\/#organization","name":"Aurelius Jewelry","url":"https:\/\/aureliusjewelry.com\/de\/","logo":{"@type":"ImageObject","inLanguage":"de","@id":"https:\/\/aureliusjewelry.com\/de\/#\/schema\/logo\/image\/","url":"https:\/\/aureliusjewelry.com\/wp-content\/uploads\/logo.png","contentUrl":"https:\/\/aureliusjewelry.com\/wp-content\/uploads\/logo.png","width":400,"height":64,"caption":"Aurelius Jewelry"},"image":{"@id":"https:\/\/aureliusjewelry.com\/de\/#\/schema\/logo\/image\/"},"sameAs":["https:\/\/www.facebook.com\/AureliusJewelry\/","https:\/\/x.com\/AureliusJewelry","https:\/\/instagram.com\/aureliusjewelry","https:\/\/www.pinterest.com\/AureliusJewelry\/"],"email":"info@aureliusjewelry.com","foundingDate":"2018-10-01","vatID":"SI10391070","hasMerchantReturnPolicy":{"@type":"MerchantReturnPolicy","merchantReturnLink":"https:\/\/aureliusjewelry.com\/our-policies\/terms-conditions\/"}},{"@type":"Person","@id":"https:\/\/aureliusjewelry.com\/de\/#\/schema\/person\/af7f98ef5ddb3f951e5cfca3be977be5","name":"samko"}]}},"_links":{"self":[{"href":"https:\/\/aureliusjewelry.com\/de\/wp-json\/wp\/v2\/pages\/27810","targetHints":{"allow":["GET"]}}],"collection":[{"href":"https:\/\/aureliusjewelry.com\/de\/wp-json\/wp\/v2\/pages"}],"about":[{"href":"https:\/\/aureliusjewelry.com\/de\/wp-json\/wp\/v2\/types\/page"}],"author":[{"embeddable":true,"href":"https:\/\/aureliusjewelry.com\/de\/wp-json\/wp\/v2\/users\/1"}],"replies":[{"embeddable":true,"href":"https:\/\/aureliusjewelry.com\/de\/wp-json\/wp\/v2\/comments?post=27810"}],"version-history":[{"count":0,"href":"https:\/\/aureliusjewelry.com\/de\/wp-json\/wp\/v2\/pages\/27810\/revisions"}],"wp:attachment":[{"href":"https:\/\/aureliusjewelry.com\/de\/wp-json\/wp\/v2\/media?parent=27810"}],"curies":[{"name":"wp","href":"https:\/\/api.w.org\/{rel}","templated":true}]}}