{"id":50145,"date":"2023-10-31T00:02:33","date_gmt":"2023-10-30T22:02:33","guid":{"rendered":"http:\/\/aureliusjewelry.com\/product\/zasnubni-prsten-moissanite-ve-tvaru-draka-se-dvema-diamantovymi-prsteny-v-sade-svatebnich-prstenu\/"},"modified":"2026-03-19T22:01:03","modified_gmt":"2026-03-19T20:01:03","slug":"zasnubni-prsten-moissanite-ve-tvaru-draka-se-dvema-diamantovymi-prsteny-v-sade-svatebnich-prstenu","status":"publish","type":"product","link":"https:\/\/aureliusjewelry.com\/cs\/zasnubni-prsten-moissanite-ve-tvaru-draka-se-dvema-diamantovymi-prsteny-v-sade-svatebnich-prstenu\/","title":{"rendered":"Z\u00e1snubn\u00ed prsten Moissanite ve tvaru draka se dv\u011bma diamantov\u00fdmi prsteny v sad\u011b svatebn\u00edch prsten\u016f"},"content":{"rendered":"<p>&lt;strong&gt;Z\u00e1snubn\u00ed prsten&lt;\/strong&gt;&lt;ul&gt;<br \/>\n&lt;li&gt;drakov\u00fd moissanit&lt;\/li&gt;<br \/>\n&lt;li&gt;Cca. 10x7mm&lt;\/li&gt;<br \/>\n&lt;li&gt;mark\u00fdza a kulat\u00e9 diamanty&lt;\/li&gt;<br \/>\n&lt;li&gt;Cca. 3&#215;1.5mm (2), 1.25mm (4)&lt;\/li&gt;<br \/>\n&lt;li&gt;F\/G barva, VS jasnost, bezkonfliktn\u00ed&lt;\/li&gt;<br \/>\n&lt;strong&gt;Snubn\u00ed prsten 1&lt;\/strong&gt;&lt;ul&gt;<br \/>\n&lt;li&gt;mark\u00fdza a kulat\u00e9 diamanty&lt;\/li&gt;<br \/>\n&lt;li&gt;Cca. 3&#215;1.5mm (2), 1.25mm (4)&lt;\/li&gt;<br \/>\n&lt;li&gt;F\/G barva, VS jasnost, bezkonfliktn\u00ed&lt;\/li&gt;<br \/>\n&lt;strong&gt;Snubn\u00ed prsten 2&lt;\/strong&gt;&lt;ul&gt;<br \/>\n&lt;li&gt;kulat\u00e9 diamanty&lt;\/li&gt;<br \/>\n&lt;li&gt;Cca. 2mm, 1.75mm (2), 1.55mm (2), 1.25mm (2)&lt;\/li&gt;<br \/>\n&lt;li&gt;F\/G barva, VS jasnost, bezkonfliktn\u00ed&lt;\/li&gt;&lt;\/ul&gt;<br \/>\n&lt;strong&gt;M\u011b\u0159en\u00ed a materi\u00e1l p\u00e1sma&lt;\/strong&gt;&lt;ul&gt;<br \/>\n&lt;li&gt;1.5mm \u0161irok\u00fd, 1.6mm tlust\u00fd&lt;\/li&gt;<br \/>\n&lt;li&gt;k dispozici ve 585\/1000 (14k) nebo 750\/1000 (18k) \u017elut\u00e9, b\u00edl\u00e9 nebo r\u016f\u017eov\u011b zlat\u00e9 a platinov\u00e9 950\/1000&lt;\/li&gt;<br \/>\n&lt;li&gt;Velikost prstenu USA 3-9, men\u0161\u00ed nebo v\u011bt\u0161\u00ed velikosti dostupn\u00e9 na vy\u017e\u00e1d\u00e1n\u00ed&lt;\/li&gt;&lt;\/ul&gt;<\/p>\n","protected":false},"excerpt":{"rendered":"<p>Hromada na hrom\u00e1dku za hrom\u00e1dkou, tato 3p\u00e1smov\u00e1 sada svatebn\u00edch prsten\u016f Kite Moissanite a diamant\u016f rozhodn\u011b nen\u00ed pro slab\u00e9 povahy! Ostr\u00fd moissanit vybran\u00fd jako centr\u00e1ln\u00ed k\u00e1men je dopln\u011bn mark\u00fdzov\u00fdmi a kulat\u00fdmi diamanty, kter\u00e9 zd\u016fraz\u0148uj\u00ed jeho jedine\u010dnou kr\u00e1su. Aby byl vzhled kompletn\u00ed, p\u0159idali jsme ne jednu, ale dv\u011b odpov\u00eddaj\u00edc\u00ed p\u00e1sky \u2013 jednu pro v\u00e1\u0161 svatebn\u00ed den a jednu pro va\u0161e prvn\u00ed v\u00fdro\u010d\u00ed nebo narozen\u00ed va\u0161eho prvn\u00edho svazku radosti.<\/p>\n","protected":false},"featured_media":41451,"comment_status":"open","ping_status":"closed","template":"","meta":[],"product_brand":[],"product_cat":[1423,642,646,673,666],"product_tag":[1194,1209,709,1246,708],"class_list":{"0":"post-50145","1":"product","2":"type-product","3":"status-publish","4":"has-post-thumbnail","6":"product_cat-3dilne-sady-snubnich-prstenu","7":"product_cat-contemporary-kolekce","8":"product_cat-paired-kolekce","9":"product_cat-prsteny","10":"product_cat-sady-snubnich-prstenu","11":"product_tag-drak","12":"product_tag-moissanit","13":"product_tag-production_time_3_5-cs","14":"product_tag-prsten","15":"product_tag-rings-cs","17":"first","18":"onbackorder","19":"sold-individually","20":"taxable","21":"shipping-taxable","22":"purchasable","23":"product-type-variable"},"yoast_head":"<title>Z\u00e1snubn\u00ed prsten Moissanite ve tvaru draka se dv\u011bma diamantov\u00fdmi prsteny v sad\u011b svatebn\u00edch prsten\u016f - Aurelius Jewelry<\/title>\n<meta name=\"robots\" content=\"index, follow, max-snippet:-1, max-image-preview:large, max-video-preview:-1\" \/>\n<link rel=\"canonical\" href=\"https:\/\/aureliusjewelry.com\/cs\/zasnubni-prsten-moissanite-ve-tvaru-draka-se-dvema-diamantovymi-prsteny-v-sade-svatebnich-prstenu\/\" \/>\n<meta property=\"og:locale\" content=\"cs_CZ\" \/>\n<meta property=\"og:type\" content=\"article\" \/>\n<meta property=\"og:title\" content=\"Z\u00e1snubn\u00ed prsten Moissanite ve tvaru draka se dv\u011bma diamantov\u00fdmi prsteny v sad\u011b svatebn\u00edch prsten\u016f - Aurelius Jewelry\" \/>\n<meta property=\"og:description\" content=\"%\" \/>\n<meta property=\"og:url\" content=\"https:\/\/aureliusjewelry.com\/cs\/zasnubni-prsten-moissanite-ve-tvaru-draka-se-dvema-diamantovymi-prsteny-v-sade-svatebnich-prstenu\/\" \/>\n<meta property=\"og:site_name\" content=\"Aurelius Jewelry\" \/>\n<meta property=\"article:publisher\" content=\"https:\/\/www.facebook.com\/AureliusJewelry\/\" \/>\n<meta property=\"article:modified_time\" content=\"2026-03-19T20:01:03+00:00\" \/>\n<meta property=\"og:image\" content=\"https:\/\/aureliusjewelry.com\/wp-content\/uploads\/three-band-kite-moissanite-ring-set-marquise-diamond.jpg\" \/>\n\t<meta property=\"og:image:width\" content=\"1920\" \/>\n\t<meta property=\"og:image:height\" content=\"1440\" \/>\n\t<meta property=\"og:image:type\" content=\"image\/jpeg\" \/>\n<meta name=\"twitter:card\" content=\"summary_large_image\" \/>\n<meta name=\"twitter:site\" content=\"@AureliusJewelry\" \/>\n<script type=\"application\/ld+json\" class=\"yoast-schema-graph\">{\"@context\":\"https:\\\/\\\/schema.org\",\"@graph\":[{\"@type\":\"WebPage\",\"@id\":\"https:\\\/\\\/aureliusjewelry.com\\\/cs\\\/zasnubni-prsten-moissanite-ve-tvaru-draka-se-dvema-diamantovymi-prsteny-v-sade-svatebnich-prstenu\\\/\",\"url\":\"https:\\\/\\\/aureliusjewelry.com\\\/cs\\\/zasnubni-prsten-moissanite-ve-tvaru-draka-se-dvema-diamantovymi-prsteny-v-sade-svatebnich-prstenu\\\/\",\"name\":\"Z\u00e1snubn\u00ed prsten Moissanite ve tvaru draka se dv\u011bma diamantov\u00fdmi prsteny v sad\u011b svatebn\u00edch prsten\u016f - Aurelius Jewelry\",\"isPartOf\":{\"@id\":\"https:\\\/\\\/aureliusjewelry.com\\\/cs\\\/#website\"},\"primaryImageOfPage\":{\"@id\":\"https:\\\/\\\/aureliusjewelry.com\\\/cs\\\/zasnubni-prsten-moissanite-ve-tvaru-draka-se-dvema-diamantovymi-prsteny-v-sade-svatebnich-prstenu\\\/#primaryimage\"},\"image\":{\"@id\":\"https:\\\/\\\/aureliusjewelry.com\\\/cs\\\/zasnubni-prsten-moissanite-ve-tvaru-draka-se-dvema-diamantovymi-prsteny-v-sade-svatebnich-prstenu\\\/#primaryimage\"},\"thumbnailUrl\":\"https:\\\/\\\/aureliusjewelry.com\\\/wp-content\\\/uploads\\\/three-band-kite-moissanite-ring-set-marquise-diamond.jpg\",\"datePublished\":\"2023-10-30T22:02:33+00:00\",\"dateModified\":\"2026-03-19T20:01:03+00:00\",\"breadcrumb\":{\"@id\":\"https:\\\/\\\/aureliusjewelry.com\\\/cs\\\/zasnubni-prsten-moissanite-ve-tvaru-draka-se-dvema-diamantovymi-prsteny-v-sade-svatebnich-prstenu\\\/#breadcrumb\"},\"inLanguage\":\"cs\",\"potentialAction\":[{\"@type\":\"ReadAction\",\"target\":[\"https:\\\/\\\/aureliusjewelry.com\\\/cs\\\/zasnubni-prsten-moissanite-ve-tvaru-draka-se-dvema-diamantovymi-prsteny-v-sade-svatebnich-prstenu\\\/\"]}]},{\"@type\":\"ImageObject\",\"inLanguage\":\"cs\",\"@id\":\"https:\\\/\\\/aureliusjewelry.com\\\/cs\\\/zasnubni-prsten-moissanite-ve-tvaru-draka-se-dvema-diamantovymi-prsteny-v-sade-svatebnich-prstenu\\\/#primaryimage\",\"url\":\"https:\\\/\\\/aureliusjewelry.com\\\/wp-content\\\/uploads\\\/three-band-kite-moissanite-ring-set-marquise-diamond.jpg\",\"contentUrl\":\"https:\\\/\\\/aureliusjewelry.com\\\/wp-content\\\/uploads\\\/three-band-kite-moissanite-ring-set-marquise-diamond.jpg\",\"width\":1920,\"height\":1440},{\"@type\":\"BreadcrumbList\",\"@id\":\"https:\\\/\\\/aureliusjewelry.com\\\/cs\\\/zasnubni-prsten-moissanite-ve-tvaru-draka-se-dvema-diamantovymi-prsteny-v-sade-svatebnich-prstenu\\\/#breadcrumb\",\"itemListElement\":[{\"@type\":\"ListItem\",\"position\":1,\"name\":\"Home\",\"item\":\"https:\\\/\\\/aureliusjewelry.com\\\/cs\\\/\"},{\"@type\":\"ListItem\",\"position\":2,\"name\":\"Prodejna\",\"item\":\"https:\\\/\\\/aureliusjewelry.com\\\/cs\\\/prodejna\\\/\"},{\"@type\":\"ListItem\",\"position\":3,\"name\":\"Z\u00e1snubn\u00ed prsten Moissanite ve tvaru draka se dv\u011bma diamantov\u00fdmi prsteny v sad\u011b svatebn\u00edch prsten\u016f\"}]},{\"@type\":\"WebSite\",\"@id\":\"https:\\\/\\\/aureliusjewelry.com\\\/cs\\\/#website\",\"url\":\"https:\\\/\\\/aureliusjewelry.com\\\/cs\\\/\",\"name\":\"Aurelius Jewelry\",\"description\":\"Handmade Fine Gold Jewelry\",\"publisher\":{\"@id\":\"https:\\\/\\\/aureliusjewelry.com\\\/cs\\\/#organization\"},\"potentialAction\":[{\"@type\":\"SearchAction\",\"target\":{\"@type\":\"EntryPoint\",\"urlTemplate\":\"https:\\\/\\\/aureliusjewelry.com\\\/cs\\\/?s={search_term_string}\"},\"query-input\":{\"@type\":\"PropertyValueSpecification\",\"valueRequired\":true,\"valueName\":\"search_term_string\"}}],\"inLanguage\":\"cs\"},{\"@type\":\"Organization\",\"@id\":\"https:\\\/\\\/aureliusjewelry.com\\\/cs\\\/#organization\",\"name\":\"Aurelius Jewelry\",\"url\":\"https:\\\/\\\/aureliusjewelry.com\\\/cs\\\/\",\"logo\":{\"@type\":\"ImageObject\",\"inLanguage\":\"cs\",\"@id\":\"https:\\\/\\\/aureliusjewelry.com\\\/cs\\\/#\\\/schema\\\/logo\\\/image\\\/\",\"url\":\"https:\\\/\\\/aureliusjewelry.com\\\/wp-content\\\/uploads\\\/logo.png\",\"contentUrl\":\"https:\\\/\\\/aureliusjewelry.com\\\/wp-content\\\/uploads\\\/logo.png\",\"width\":400,\"height\":64,\"caption\":\"Aurelius Jewelry\"},\"image\":{\"@id\":\"https:\\\/\\\/aureliusjewelry.com\\\/cs\\\/#\\\/schema\\\/logo\\\/image\\\/\"},\"sameAs\":[\"https:\\\/\\\/www.facebook.com\\\/AureliusJewelry\\\/\",\"https:\\\/\\\/x.com\\\/AureliusJewelry\",\"https:\\\/\\\/instagram.com\\\/aureliusjewelry\",\"https:\\\/\\\/www.pinterest.com\\\/AureliusJewelry\\\/\"],\"email\":\"info@aureliusjewelry.com\",\"foundingDate\":\"2018-10-01\",\"vatID\":\"SI10391070\",\"hasMerchantReturnPolicy\":{\"@type\":\"MerchantReturnPolicy\",\"merchantReturnLink\":\"https:\\\/\\\/aureliusjewelry.com\\\/our-policies\\\/terms-conditions\\\/\"}}]}<\/script>\n<meta property=\"og:availability\" content=\"backorder\" \/>\n<meta property=\"product:availability\" content=\"available for order\" \/>\n<meta property=\"product:retailer_item_id\" content=\"41448\" \/>\n<meta property=\"product:condition\" content=\"new\" \/>","yoast_head_json":{"title":"Z\u00e1snubn\u00ed prsten Moissanite ve tvaru draka se dv\u011bma diamantov\u00fdmi prsteny v sad\u011b svatebn\u00edch prsten\u016f - Aurelius Jewelry","robots":{"index":"index","follow":"follow","max-snippet":"max-snippet:-1","max-image-preview":"max-image-preview:large","max-video-preview":"max-video-preview:-1"},"canonical":"https:\/\/aureliusjewelry.com\/cs\/zasnubni-prsten-moissanite-ve-tvaru-draka-se-dvema-diamantovymi-prsteny-v-sade-svatebnich-prstenu\/","og_locale":"cs_CZ","og_type":"article","og_title":"Z\u00e1snubn\u00ed prsten Moissanite ve tvaru draka se dv\u011bma diamantov\u00fdmi prsteny v sad\u011b svatebn\u00edch prsten\u016f - Aurelius Jewelry","og_description":"%","og_url":"https:\/\/aureliusjewelry.com\/cs\/zasnubni-prsten-moissanite-ve-tvaru-draka-se-dvema-diamantovymi-prsteny-v-sade-svatebnich-prstenu\/","og_site_name":"Aurelius Jewelry","article_publisher":"https:\/\/www.facebook.com\/AureliusJewelry\/","article_modified_time":"2026-03-19T20:01:03+00:00","og_image":[{"width":1920,"height":1440,"url":"https:\/\/aureliusjewelry.com\/wp-content\/uploads\/three-band-kite-moissanite-ring-set-marquise-diamond.jpg","type":"image\/jpeg"}],"twitter_card":"summary_large_image","twitter_site":"@AureliusJewelry","schema":{"@context":"https:\/\/schema.org","@graph":[{"@type":"WebPage","@id":"https:\/\/aureliusjewelry.com\/cs\/zasnubni-prsten-moissanite-ve-tvaru-draka-se-dvema-diamantovymi-prsteny-v-sade-svatebnich-prstenu\/","url":"https:\/\/aureliusjewelry.com\/cs\/zasnubni-prsten-moissanite-ve-tvaru-draka-se-dvema-diamantovymi-prsteny-v-sade-svatebnich-prstenu\/","name":"Z\u00e1snubn\u00ed prsten Moissanite ve tvaru draka se dv\u011bma diamantov\u00fdmi prsteny v sad\u011b svatebn\u00edch prsten\u016f - Aurelius Jewelry","isPartOf":{"@id":"https:\/\/aureliusjewelry.com\/cs\/#website"},"primaryImageOfPage":{"@id":"https:\/\/aureliusjewelry.com\/cs\/zasnubni-prsten-moissanite-ve-tvaru-draka-se-dvema-diamantovymi-prsteny-v-sade-svatebnich-prstenu\/#primaryimage"},"image":{"@id":"https:\/\/aureliusjewelry.com\/cs\/zasnubni-prsten-moissanite-ve-tvaru-draka-se-dvema-diamantovymi-prsteny-v-sade-svatebnich-prstenu\/#primaryimage"},"thumbnailUrl":"https:\/\/aureliusjewelry.com\/wp-content\/uploads\/three-band-kite-moissanite-ring-set-marquise-diamond.jpg","datePublished":"2023-10-30T22:02:33+00:00","dateModified":"2026-03-19T20:01:03+00:00","breadcrumb":{"@id":"https:\/\/aureliusjewelry.com\/cs\/zasnubni-prsten-moissanite-ve-tvaru-draka-se-dvema-diamantovymi-prsteny-v-sade-svatebnich-prstenu\/#breadcrumb"},"inLanguage":"cs","potentialAction":[{"@type":"ReadAction","target":["https:\/\/aureliusjewelry.com\/cs\/zasnubni-prsten-moissanite-ve-tvaru-draka-se-dvema-diamantovymi-prsteny-v-sade-svatebnich-prstenu\/"]}]},{"@type":"ImageObject","inLanguage":"cs","@id":"https:\/\/aureliusjewelry.com\/cs\/zasnubni-prsten-moissanite-ve-tvaru-draka-se-dvema-diamantovymi-prsteny-v-sade-svatebnich-prstenu\/#primaryimage","url":"https:\/\/aureliusjewelry.com\/wp-content\/uploads\/three-band-kite-moissanite-ring-set-marquise-diamond.jpg","contentUrl":"https:\/\/aureliusjewelry.com\/wp-content\/uploads\/three-band-kite-moissanite-ring-set-marquise-diamond.jpg","width":1920,"height":1440},{"@type":"BreadcrumbList","@id":"https:\/\/aureliusjewelry.com\/cs\/zasnubni-prsten-moissanite-ve-tvaru-draka-se-dvema-diamantovymi-prsteny-v-sade-svatebnich-prstenu\/#breadcrumb","itemListElement":[{"@type":"ListItem","position":1,"name":"Home","item":"https:\/\/aureliusjewelry.com\/cs\/"},{"@type":"ListItem","position":2,"name":"Prodejna","item":"https:\/\/aureliusjewelry.com\/cs\/prodejna\/"},{"@type":"ListItem","position":3,"name":"Z\u00e1snubn\u00ed prsten Moissanite ve tvaru draka se dv\u011bma diamantov\u00fdmi prsteny v sad\u011b svatebn\u00edch prsten\u016f"}]},{"@type":"WebSite","@id":"https:\/\/aureliusjewelry.com\/cs\/#website","url":"https:\/\/aureliusjewelry.com\/cs\/","name":"Aurelius Jewelry","description":"Handmade Fine Gold Jewelry","publisher":{"@id":"https:\/\/aureliusjewelry.com\/cs\/#organization"},"potentialAction":[{"@type":"SearchAction","target":{"@type":"EntryPoint","urlTemplate":"https:\/\/aureliusjewelry.com\/cs\/?s={search_term_string}"},"query-input":{"@type":"PropertyValueSpecification","valueRequired":true,"valueName":"search_term_string"}}],"inLanguage":"cs"},{"@type":"Organization","@id":"https:\/\/aureliusjewelry.com\/cs\/#organization","name":"Aurelius Jewelry","url":"https:\/\/aureliusjewelry.com\/cs\/","logo":{"@type":"ImageObject","inLanguage":"cs","@id":"https:\/\/aureliusjewelry.com\/cs\/#\/schema\/logo\/image\/","url":"https:\/\/aureliusjewelry.com\/wp-content\/uploads\/logo.png","contentUrl":"https:\/\/aureliusjewelry.com\/wp-content\/uploads\/logo.png","width":400,"height":64,"caption":"Aurelius Jewelry"},"image":{"@id":"https:\/\/aureliusjewelry.com\/cs\/#\/schema\/logo\/image\/"},"sameAs":["https:\/\/www.facebook.com\/AureliusJewelry\/","https:\/\/x.com\/AureliusJewelry","https:\/\/instagram.com\/aureliusjewelry","https:\/\/www.pinterest.com\/AureliusJewelry\/"],"email":"info@aureliusjewelry.com","foundingDate":"2018-10-01","vatID":"SI10391070","hasMerchantReturnPolicy":{"@type":"MerchantReturnPolicy","merchantReturnLink":"https:\/\/aureliusjewelry.com\/our-policies\/terms-conditions\/"}}]},"og_availability":"backorder","product_availability":"available for order","product_retailer_item_id":"41448","product_condition":"new"},"_links":{"self":[{"href":"https:\/\/aureliusjewelry.com\/cs\/wp-json\/wp\/v2\/product\/50145","targetHints":{"allow":["GET"]}}],"collection":[{"href":"https:\/\/aureliusjewelry.com\/cs\/wp-json\/wp\/v2\/product"}],"about":[{"href":"https:\/\/aureliusjewelry.com\/cs\/wp-json\/wp\/v2\/types\/product"}],"replies":[{"embeddable":true,"href":"https:\/\/aureliusjewelry.com\/cs\/wp-json\/wp\/v2\/comments?post=50145"}],"wp:featuredmedia":[{"embeddable":true,"href":"https:\/\/aureliusjewelry.com\/cs\/wp-json\/wp\/v2\/media\/41451"}],"wp:attachment":[{"href":"https:\/\/aureliusjewelry.com\/cs\/wp-json\/wp\/v2\/media?parent=50145"}],"wp:term":[{"taxonomy":"product_brand","embeddable":true,"href":"https:\/\/aureliusjewelry.com\/cs\/wp-json\/wp\/v2\/product_brand?post=50145"},{"taxonomy":"product_cat","embeddable":true,"href":"https:\/\/aureliusjewelry.com\/cs\/wp-json\/wp\/v2\/product_cat?post=50145"},{"taxonomy":"product_tag","embeddable":true,"href":"https:\/\/aureliusjewelry.com\/cs\/wp-json\/wp\/v2\/product_tag?post=50145"}],"curies":[{"name":"wp","href":"https:\/\/api.w.org\/{rel}","templated":true}]}}