{"id":49769,"date":"2023-10-12T13:34:46","date_gmt":"2023-10-12T11:34:46","guid":{"rendered":"http:\/\/aureliusjewelry.com\/product\/couples-wedding-bands-half-diamond-eternity-wedding-band-pro-ni-a-simple-mens-wedding-band\/"},"modified":"2026-03-19T23:52:27","modified_gmt":"2026-03-19T21:52:27","slug":"couples-wedding-bands-half-diamond-eternity-wedding-band-pro-ni-a-simple-mens-wedding-band","status":"publish","type":"product","link":"https:\/\/aureliusjewelry.com\/cs\/couples-wedding-bands-half-diamond-eternity-wedding-band-pro-ni-a-simple-mens-wedding-band\/","title":{"rendered":"Couple&#8217;s Wedding Bands &#8211; Half Diamond Eternity Wedding Band pro ni a Simple Men&#8217;s Wedding Band"},"content":{"rendered":"<p><strong>Kameny<\/strong><\/p>\n<ul>\n<li>kulat\u00e9 diamanty<\/li>\n<li>Cca. 1.75mm (17)<\/li>\n<li>F\/G barva, VS jasnost, bezkonfliktn\u00ed<\/li>\n<\/ul>\n<p><strong>M\u011b\u0159en\u00ed a materi\u00e1l p\u00e1sma<\/strong><\/p>\n<ul>\n<li>1.7mm \u0161irok\u00fd, 1.6mm tlust\u00fd (woman\u2019s band)<\/li>\n<li>3mm \u0161irok\u00fd, 1.5mm tlust\u00fd (man\u2019s band)<\/li>\n<li>k dispozici ve 585\/1000 (14k) nebo 750\/1000 (18k) \u017elut\u00e9, b\u00edl\u00e9 nebo r\u016f\u017eov\u011b zlat\u00e9 a platinov\u00e9 950\/1000<\/li>\n<li>Velikost prstenu USA 3-9, men\u0161\u00ed nebo v\u011bt\u0161\u00ed velikosti dostupn\u00e9 na vy\u017e\u00e1d\u00e1n\u00ed<\/li>\n<\/ul>\n","protected":false},"excerpt":{"rendered":"<p>Jeden pro ni a jeden pro n\u011bj! P\u00e1r klasick\u00fdch diamantov\u00fdch a zlat\u00fdch snubn\u00edch prsten\u016f bude symbolizovat v\u00e1\u0161 svazek po zbytek va\u0161eho \u017eivota. Naskl\u00e1dejte z\u00e1snubn\u00ed prsten se snubn\u00edm prstenem Diamond Half Eternity Wedding Band nebo jej noste samostatn\u011b. Pohodln\u00fd st\u0159ih p\u00e1nsk\u00e9ho p\u00e1sku zaji\u0161\u0165uje pohodln\u00fd a jemn\u00fd pocit kolem prstu a je k dispozici s jakoukoli povrchovou \u00fapravou podle va\u0161eho po\u017eadavku.<\/p>\n","protected":false},"featured_media":40553,"comment_status":"open","ping_status":"closed","template":"","meta":[],"product_brand":[],"product_cat":[668,673,665,645],"product_tag":[1222,1171,1253,709,1246,708],"class_list":{"0":"post-49769","1":"product","2":"type-product","3":"status-publish","4":"has-post-thumbnail","6":"product_cat-parove-snubni-prsteny","7":"product_cat-prsteny","8":"product_cat-snubni-prsteny","9":"product_cat-the-classics-kolekce","10":"product_tag-bez-kamene","11":"product_tag-diamant","12":"product_tag-kulaty","13":"product_tag-production_time_3_5-cs","14":"product_tag-prsten","15":"product_tag-rings-cs","17":"first","18":"onbackorder","19":"sold-individually","20":"taxable","21":"shipping-taxable","22":"purchasable","23":"product-type-variable"},"yoast_head":"<title>Couple&#039;s Wedding Bands - Half Diamond Eternity Wedding Band pro ni a Simple Men&#039;s Wedding Band - Aurelius Jewelry<\/title>\n<meta name=\"robots\" content=\"index, follow, max-snippet:-1, max-image-preview:large, max-video-preview:-1\" \/>\n<link rel=\"canonical\" href=\"https:\/\/aureliusjewelry.com\/cs\/couples-wedding-bands-half-diamond-eternity-wedding-band-pro-ni-a-simple-mens-wedding-band\/\" \/>\n<meta property=\"og:locale\" content=\"cs_CZ\" \/>\n<meta property=\"og:type\" content=\"article\" \/>\n<meta property=\"og:title\" content=\"Couple&#039;s Wedding Bands - Half Diamond Eternity Wedding Band pro ni a Simple Men&#039;s Wedding Band - Aurelius Jewelry\" \/>\n<meta property=\"og:description\" content=\"%\" \/>\n<meta property=\"og:url\" content=\"https:\/\/aureliusjewelry.com\/cs\/couples-wedding-bands-half-diamond-eternity-wedding-band-pro-ni-a-simple-mens-wedding-band\/\" \/>\n<meta property=\"og:site_name\" content=\"Aurelius Jewelry\" \/>\n<meta property=\"article:publisher\" content=\"https:\/\/www.facebook.com\/AureliusJewelry\/\" \/>\n<meta property=\"article:modified_time\" content=\"2026-03-19T21:52:27+00:00\" \/>\n<meta property=\"og:image\" content=\"https:\/\/aureliusjewelry.com\/wp-content\/uploads\/couples-ring-set-white-gold.jpg\" \/>\n\t<meta property=\"og:image:width\" content=\"1920\" \/>\n\t<meta property=\"og:image:height\" content=\"1440\" \/>\n\t<meta property=\"og:image:type\" content=\"image\/jpeg\" \/>\n<meta name=\"twitter:card\" content=\"summary_large_image\" \/>\n<meta name=\"twitter:site\" content=\"@AureliusJewelry\" \/>\n<script type=\"application\/ld+json\" class=\"yoast-schema-graph\">{\"@context\":\"https:\\\/\\\/schema.org\",\"@graph\":[{\"@type\":\"WebPage\",\"@id\":\"https:\\\/\\\/aureliusjewelry.com\\\/cs\\\/couples-wedding-bands-half-diamond-eternity-wedding-band-pro-ni-a-simple-mens-wedding-band\\\/\",\"url\":\"https:\\\/\\\/aureliusjewelry.com\\\/cs\\\/couples-wedding-bands-half-diamond-eternity-wedding-band-pro-ni-a-simple-mens-wedding-band\\\/\",\"name\":\"Couple's Wedding Bands - Half Diamond Eternity Wedding Band pro ni a Simple Men's Wedding Band - Aurelius Jewelry\",\"isPartOf\":{\"@id\":\"https:\\\/\\\/aureliusjewelry.com\\\/cs\\\/#website\"},\"primaryImageOfPage\":{\"@id\":\"https:\\\/\\\/aureliusjewelry.com\\\/cs\\\/couples-wedding-bands-half-diamond-eternity-wedding-band-pro-ni-a-simple-mens-wedding-band\\\/#primaryimage\"},\"image\":{\"@id\":\"https:\\\/\\\/aureliusjewelry.com\\\/cs\\\/couples-wedding-bands-half-diamond-eternity-wedding-band-pro-ni-a-simple-mens-wedding-band\\\/#primaryimage\"},\"thumbnailUrl\":\"https:\\\/\\\/aureliusjewelry.com\\\/wp-content\\\/uploads\\\/couples-ring-set-white-gold.jpg\",\"datePublished\":\"2023-10-12T11:34:46+00:00\",\"dateModified\":\"2026-03-19T21:52:27+00:00\",\"breadcrumb\":{\"@id\":\"https:\\\/\\\/aureliusjewelry.com\\\/cs\\\/couples-wedding-bands-half-diamond-eternity-wedding-band-pro-ni-a-simple-mens-wedding-band\\\/#breadcrumb\"},\"inLanguage\":\"cs\",\"potentialAction\":[{\"@type\":\"ReadAction\",\"target\":[\"https:\\\/\\\/aureliusjewelry.com\\\/cs\\\/couples-wedding-bands-half-diamond-eternity-wedding-band-pro-ni-a-simple-mens-wedding-band\\\/\"]}]},{\"@type\":\"ImageObject\",\"inLanguage\":\"cs\",\"@id\":\"https:\\\/\\\/aureliusjewelry.com\\\/cs\\\/couples-wedding-bands-half-diamond-eternity-wedding-band-pro-ni-a-simple-mens-wedding-band\\\/#primaryimage\",\"url\":\"https:\\\/\\\/aureliusjewelry.com\\\/wp-content\\\/uploads\\\/couples-ring-set-white-gold.jpg\",\"contentUrl\":\"https:\\\/\\\/aureliusjewelry.com\\\/wp-content\\\/uploads\\\/couples-ring-set-white-gold.jpg\",\"width\":1920,\"height\":1440},{\"@type\":\"BreadcrumbList\",\"@id\":\"https:\\\/\\\/aureliusjewelry.com\\\/cs\\\/couples-wedding-bands-half-diamond-eternity-wedding-band-pro-ni-a-simple-mens-wedding-band\\\/#breadcrumb\",\"itemListElement\":[{\"@type\":\"ListItem\",\"position\":1,\"name\":\"Home\",\"item\":\"https:\\\/\\\/aureliusjewelry.com\\\/cs\\\/\"},{\"@type\":\"ListItem\",\"position\":2,\"name\":\"Prodejna\",\"item\":\"https:\\\/\\\/aureliusjewelry.com\\\/cs\\\/prodejna\\\/\"},{\"@type\":\"ListItem\",\"position\":3,\"name\":\"Couple&rsquo;s Wedding Bands &#8211; Half Diamond Eternity Wedding Band pro ni a Simple Men&rsquo;s Wedding Band\"}]},{\"@type\":\"WebSite\",\"@id\":\"https:\\\/\\\/aureliusjewelry.com\\\/cs\\\/#website\",\"url\":\"https:\\\/\\\/aureliusjewelry.com\\\/cs\\\/\",\"name\":\"Aurelius Jewelry\",\"description\":\"Handmade Fine Gold Jewelry\",\"publisher\":{\"@id\":\"https:\\\/\\\/aureliusjewelry.com\\\/cs\\\/#organization\"},\"potentialAction\":[{\"@type\":\"SearchAction\",\"target\":{\"@type\":\"EntryPoint\",\"urlTemplate\":\"https:\\\/\\\/aureliusjewelry.com\\\/cs\\\/?s={search_term_string}\"},\"query-input\":{\"@type\":\"PropertyValueSpecification\",\"valueRequired\":true,\"valueName\":\"search_term_string\"}}],\"inLanguage\":\"cs\"},{\"@type\":\"Organization\",\"@id\":\"https:\\\/\\\/aureliusjewelry.com\\\/cs\\\/#organization\",\"name\":\"Aurelius Jewelry\",\"url\":\"https:\\\/\\\/aureliusjewelry.com\\\/cs\\\/\",\"logo\":{\"@type\":\"ImageObject\",\"inLanguage\":\"cs\",\"@id\":\"https:\\\/\\\/aureliusjewelry.com\\\/cs\\\/#\\\/schema\\\/logo\\\/image\\\/\",\"url\":\"https:\\\/\\\/aureliusjewelry.com\\\/wp-content\\\/uploads\\\/logo.png\",\"contentUrl\":\"https:\\\/\\\/aureliusjewelry.com\\\/wp-content\\\/uploads\\\/logo.png\",\"width\":400,\"height\":64,\"caption\":\"Aurelius Jewelry\"},\"image\":{\"@id\":\"https:\\\/\\\/aureliusjewelry.com\\\/cs\\\/#\\\/schema\\\/logo\\\/image\\\/\"},\"sameAs\":[\"https:\\\/\\\/www.facebook.com\\\/AureliusJewelry\\\/\",\"https:\\\/\\\/x.com\\\/AureliusJewelry\",\"https:\\\/\\\/instagram.com\\\/aureliusjewelry\",\"https:\\\/\\\/www.pinterest.com\\\/AureliusJewelry\\\/\"],\"email\":\"info@aureliusjewelry.com\",\"foundingDate\":\"2018-10-01\",\"vatID\":\"SI10391070\",\"hasMerchantReturnPolicy\":{\"@type\":\"MerchantReturnPolicy\",\"merchantReturnLink\":\"https:\\\/\\\/aureliusjewelry.com\\\/our-policies\\\/terms-conditions\\\/\"}}]}<\/script>\n<meta property=\"og:availability\" content=\"backorder\" \/>\n<meta property=\"product:availability\" content=\"available for order\" \/>\n<meta property=\"product:retailer_item_id\" content=\"40550\" \/>\n<meta property=\"product:condition\" content=\"new\" \/>","yoast_head_json":{"title":"Couple's Wedding Bands - Half Diamond Eternity Wedding Band pro ni a Simple Men's Wedding Band - Aurelius Jewelry","robots":{"index":"index","follow":"follow","max-snippet":"max-snippet:-1","max-image-preview":"max-image-preview:large","max-video-preview":"max-video-preview:-1"},"canonical":"https:\/\/aureliusjewelry.com\/cs\/couples-wedding-bands-half-diamond-eternity-wedding-band-pro-ni-a-simple-mens-wedding-band\/","og_locale":"cs_CZ","og_type":"article","og_title":"Couple's Wedding Bands - Half Diamond Eternity Wedding Band pro ni a Simple Men's Wedding Band - Aurelius Jewelry","og_description":"%","og_url":"https:\/\/aureliusjewelry.com\/cs\/couples-wedding-bands-half-diamond-eternity-wedding-band-pro-ni-a-simple-mens-wedding-band\/","og_site_name":"Aurelius Jewelry","article_publisher":"https:\/\/www.facebook.com\/AureliusJewelry\/","article_modified_time":"2026-03-19T21:52:27+00:00","og_image":[{"width":1920,"height":1440,"url":"https:\/\/aureliusjewelry.com\/wp-content\/uploads\/couples-ring-set-white-gold.jpg","type":"image\/jpeg"}],"twitter_card":"summary_large_image","twitter_site":"@AureliusJewelry","schema":{"@context":"https:\/\/schema.org","@graph":[{"@type":"WebPage","@id":"https:\/\/aureliusjewelry.com\/cs\/couples-wedding-bands-half-diamond-eternity-wedding-band-pro-ni-a-simple-mens-wedding-band\/","url":"https:\/\/aureliusjewelry.com\/cs\/couples-wedding-bands-half-diamond-eternity-wedding-band-pro-ni-a-simple-mens-wedding-band\/","name":"Couple's Wedding Bands - Half Diamond Eternity Wedding Band pro ni a Simple Men's Wedding Band - Aurelius Jewelry","isPartOf":{"@id":"https:\/\/aureliusjewelry.com\/cs\/#website"},"primaryImageOfPage":{"@id":"https:\/\/aureliusjewelry.com\/cs\/couples-wedding-bands-half-diamond-eternity-wedding-band-pro-ni-a-simple-mens-wedding-band\/#primaryimage"},"image":{"@id":"https:\/\/aureliusjewelry.com\/cs\/couples-wedding-bands-half-diamond-eternity-wedding-band-pro-ni-a-simple-mens-wedding-band\/#primaryimage"},"thumbnailUrl":"https:\/\/aureliusjewelry.com\/wp-content\/uploads\/couples-ring-set-white-gold.jpg","datePublished":"2023-10-12T11:34:46+00:00","dateModified":"2026-03-19T21:52:27+00:00","breadcrumb":{"@id":"https:\/\/aureliusjewelry.com\/cs\/couples-wedding-bands-half-diamond-eternity-wedding-band-pro-ni-a-simple-mens-wedding-band\/#breadcrumb"},"inLanguage":"cs","potentialAction":[{"@type":"ReadAction","target":["https:\/\/aureliusjewelry.com\/cs\/couples-wedding-bands-half-diamond-eternity-wedding-band-pro-ni-a-simple-mens-wedding-band\/"]}]},{"@type":"ImageObject","inLanguage":"cs","@id":"https:\/\/aureliusjewelry.com\/cs\/couples-wedding-bands-half-diamond-eternity-wedding-band-pro-ni-a-simple-mens-wedding-band\/#primaryimage","url":"https:\/\/aureliusjewelry.com\/wp-content\/uploads\/couples-ring-set-white-gold.jpg","contentUrl":"https:\/\/aureliusjewelry.com\/wp-content\/uploads\/couples-ring-set-white-gold.jpg","width":1920,"height":1440},{"@type":"BreadcrumbList","@id":"https:\/\/aureliusjewelry.com\/cs\/couples-wedding-bands-half-diamond-eternity-wedding-band-pro-ni-a-simple-mens-wedding-band\/#breadcrumb","itemListElement":[{"@type":"ListItem","position":1,"name":"Home","item":"https:\/\/aureliusjewelry.com\/cs\/"},{"@type":"ListItem","position":2,"name":"Prodejna","item":"https:\/\/aureliusjewelry.com\/cs\/prodejna\/"},{"@type":"ListItem","position":3,"name":"Couple&rsquo;s Wedding Bands &#8211; Half Diamond Eternity Wedding Band pro ni a Simple Men&rsquo;s Wedding Band"}]},{"@type":"WebSite","@id":"https:\/\/aureliusjewelry.com\/cs\/#website","url":"https:\/\/aureliusjewelry.com\/cs\/","name":"Aurelius Jewelry","description":"Handmade Fine Gold Jewelry","publisher":{"@id":"https:\/\/aureliusjewelry.com\/cs\/#organization"},"potentialAction":[{"@type":"SearchAction","target":{"@type":"EntryPoint","urlTemplate":"https:\/\/aureliusjewelry.com\/cs\/?s={search_term_string}"},"query-input":{"@type":"PropertyValueSpecification","valueRequired":true,"valueName":"search_term_string"}}],"inLanguage":"cs"},{"@type":"Organization","@id":"https:\/\/aureliusjewelry.com\/cs\/#organization","name":"Aurelius Jewelry","url":"https:\/\/aureliusjewelry.com\/cs\/","logo":{"@type":"ImageObject","inLanguage":"cs","@id":"https:\/\/aureliusjewelry.com\/cs\/#\/schema\/logo\/image\/","url":"https:\/\/aureliusjewelry.com\/wp-content\/uploads\/logo.png","contentUrl":"https:\/\/aureliusjewelry.com\/wp-content\/uploads\/logo.png","width":400,"height":64,"caption":"Aurelius Jewelry"},"image":{"@id":"https:\/\/aureliusjewelry.com\/cs\/#\/schema\/logo\/image\/"},"sameAs":["https:\/\/www.facebook.com\/AureliusJewelry\/","https:\/\/x.com\/AureliusJewelry","https:\/\/instagram.com\/aureliusjewelry","https:\/\/www.pinterest.com\/AureliusJewelry\/"],"email":"info@aureliusjewelry.com","foundingDate":"2018-10-01","vatID":"SI10391070","hasMerchantReturnPolicy":{"@type":"MerchantReturnPolicy","merchantReturnLink":"https:\/\/aureliusjewelry.com\/our-policies\/terms-conditions\/"}}]},"og_availability":"backorder","product_availability":"available for order","product_retailer_item_id":"40550","product_condition":"new"},"_links":{"self":[{"href":"https:\/\/aureliusjewelry.com\/cs\/wp-json\/wp\/v2\/product\/49769","targetHints":{"allow":["GET"]}}],"collection":[{"href":"https:\/\/aureliusjewelry.com\/cs\/wp-json\/wp\/v2\/product"}],"about":[{"href":"https:\/\/aureliusjewelry.com\/cs\/wp-json\/wp\/v2\/types\/product"}],"replies":[{"embeddable":true,"href":"https:\/\/aureliusjewelry.com\/cs\/wp-json\/wp\/v2\/comments?post=49769"}],"wp:featuredmedia":[{"embeddable":true,"href":"https:\/\/aureliusjewelry.com\/cs\/wp-json\/wp\/v2\/media\/40553"}],"wp:attachment":[{"href":"https:\/\/aureliusjewelry.com\/cs\/wp-json\/wp\/v2\/media?parent=49769"}],"wp:term":[{"taxonomy":"product_brand","embeddable":true,"href":"https:\/\/aureliusjewelry.com\/cs\/wp-json\/wp\/v2\/product_brand?post=49769"},{"taxonomy":"product_cat","embeddable":true,"href":"https:\/\/aureliusjewelry.com\/cs\/wp-json\/wp\/v2\/product_cat?post=49769"},{"taxonomy":"product_tag","embeddable":true,"href":"https:\/\/aureliusjewelry.com\/cs\/wp-json\/wp\/v2\/product_tag?post=49769"}],"curies":[{"name":"wp","href":"https:\/\/api.w.org\/{rel}","templated":true}]}}