{"id":49443,"date":"2023-10-29T23:45:06","date_gmt":"2023-10-29T21:45:06","guid":{"rendered":"http:\/\/aureliusjewelry.com\/product\/vodorovne-zarovnany-zasnubni-prsten-z-mechoveho-achatu-ve-tvaru-sestiuhelniku-a-diamantovy-snubni-prsten-ve-tvaru-v\/"},"modified":"2026-04-14T07:25:30","modified_gmt":"2026-04-14T05:25:30","slug":"vodorovne-zarovnany-zasnubni-prsten-z-mechoveho-achatu-ve-tvaru-sestiuhelniku-a-diamantovy-snubni-prsten-ve-tvaru-v","status":"publish","type":"product","link":"https:\/\/aureliusjewelry.com\/cs\/vodorovne-zarovnany-zasnubni-prsten-z-mechoveho-achatu-ve-tvaru-sestiuhelniku-a-diamantovy-snubni-prsten-ve-tvaru-v\/","title":{"rendered":"Vodorovn\u011b zarovnan\u00fd z\u00e1snubn\u00ed prsten z mechov\u00e9ho ach\u00e1tu ve tvaru \u0161esti\u00faheln\u00edku a diamantov\u00fd snubn\u00ed prsten ve tvaru V"},"content":{"rendered":"<p><strong>Z\u00e1snubn\u00ed prsten<\/strong><\/p>\n<ul>\n<li style=\"list-style-type: none;\">\n<ul>\n<li>\u0161estihrann\u00fd mechov\u00fd ach\u00e1t<\/li>\n<li>Cca. 8x7mm<\/li>\n<\/ul>\n<\/li>\n<\/ul>\n<p><strong>Snubn\u00ed prsten<\/strong><\/p>\n<ul>\n<li style=\"list-style-type: none;\">\n<ul>\n<li style=\"list-style-type: none;\">\n<ul>\n<li>kulat\u00e9 diamanty<\/li>\n<li>Cca. 1.75mm, 1.5mm (2), 1.25mm (2)<\/li>\n<li>F\/G barva, VS jasnost, bezkonfliktn\u00ed<\/li>\n<\/ul>\n<\/li>\n<\/ul>\n<\/li>\n<\/ul>\n<p><strong>M\u011b\u0159en\u00ed a materi\u00e1l p\u00e1sma<\/strong><\/p>\n<ul>\n<li style=\"list-style-type: none;\">\n<ul>\n<li>1.5mm \u0161irok\u00fd, 1.6mm tlust\u00fd<\/li>\n<li>k dispozici ve 585\/1000 (14k) nebo 750\/1000 (18k) \u017elut\u00e9, b\u00edl\u00e9 nebo r\u016f\u017eov\u011b zlat\u00e9 a platinov\u00e9 950\/1000<\/li>\n<li>Velikost prstenu USA 3-9, men\u0161\u00ed nebo v\u011bt\u0161\u00ed velikosti dostupn\u00e9 na vy\u017e\u00e1d\u00e1n\u00ed<\/li>\n<\/ul>\n<\/li>\n<\/ul>\n","protected":false},"excerpt":{"rendered":"<p>Na\u0161e horizont\u00e1ln\u011b sada \u0161esti\u00faheln\u00edkov\u00fd mechov\u00fd ach\u00e1t a diamantov\u00fd prsten oslavuje jednoduchost kr\u00e1sn\u00e9ho p\u00e1ru! Minim\u00e1ln\u00ed, ale jedine\u010dn\u00fd design p\u0159edstavuje Moss Agate Solitaire doprov\u00e1zen\u00fd snubn\u00edm prstenem ve tvaru \u0161ipky s p\u011bti men\u0161\u00edmi diamanty pod\u00e9l stopky. Jedine\u010dn\u011b mramorovan\u00fd zelen\u00fd mechov\u00fd ach\u00e1t, kter\u00fd vynik\u00e1 s\u00e1m o sob\u011b, je typem drahokamu, kter\u00fd se stane cenn\u00fdm rodinn\u00fdm d\u011bdictv\u00edm.<\/p>\n","protected":false},"featured_media":41391,"comment_status":"open","ping_status":"closed","template":"","meta":[],"product_brand":[],"product_cat":[1424,1113,646,673,666,643],"product_tag":[1219,709,1246,708,1186],"class_list":{"0":"post-49443","1":"product","2":"type-product","3":"status-publish","4":"has-post-thumbnail","6":"product_cat-dvoudilny-snubni-prsten","7":"product_cat-mechovy-achatovy-snubni-prsten","8":"product_cat-paired-kolekce","9":"product_cat-prsteny","10":"product_cat-sady-snubnich-prstenu","11":"product_cat-singularity-kolekce","12":"product_tag-mechovy-achat","13":"product_tag-production_time_3_5-cs","14":"product_tag-prsten","15":"product_tag-rings-cs","16":"product_tag-sestiuhelnik","18":"first","19":"onbackorder","20":"sold-individually","21":"taxable","22":"shipping-taxable","23":"purchasable","24":"product-type-variable"},"yoast_head":"<title>Vodorovn\u011b zarovnan\u00fd z\u00e1snubn\u00ed prsten z mechov\u00e9ho ach\u00e1tu ve tvaru \u0161esti\u00faheln\u00edku a diamantov\u00fd snubn\u00ed prsten ve tvaru V - Aurelius Jewelry<\/title>\n<meta name=\"robots\" content=\"index, follow, max-snippet:-1, max-image-preview:large, max-video-preview:-1\" \/>\n<link rel=\"canonical\" href=\"https:\/\/aureliusjewelry.com\/cs\/vodorovne-zarovnany-zasnubni-prsten-z-mechoveho-achatu-ve-tvaru-sestiuhelniku-a-diamantovy-snubni-prsten-ve-tvaru-v\/\" \/>\n<meta property=\"og:locale\" content=\"cs_CZ\" \/>\n<meta property=\"og:type\" content=\"article\" \/>\n<meta property=\"og:title\" content=\"Vodorovn\u011b zarovnan\u00fd z\u00e1snubn\u00ed prsten z mechov\u00e9ho ach\u00e1tu ve tvaru \u0161esti\u00faheln\u00edku a diamantov\u00fd snubn\u00ed prsten ve tvaru V - Aurelius Jewelry\" \/>\n<meta property=\"og:description\" content=\"%\" \/>\n<meta property=\"og:url\" content=\"https:\/\/aureliusjewelry.com\/cs\/vodorovne-zarovnany-zasnubni-prsten-z-mechoveho-achatu-ve-tvaru-sestiuhelniku-a-diamantovy-snubni-prsten-ve-tvaru-v\/\" \/>\n<meta property=\"og:site_name\" content=\"Aurelius Jewelry\" \/>\n<meta property=\"article:publisher\" content=\"https:\/\/www.facebook.com\/AureliusJewelry\/\" \/>\n<meta property=\"article:modified_time\" content=\"2026-04-14T05:25:30+00:00\" \/>\n<meta property=\"og:image\" content=\"https:\/\/aureliusjewelry.com\/wp-content\/uploads\/hexagon-moss-agate-solitaire-ring-set-18k-yellow.jpg\" \/>\n\t<meta property=\"og:image:width\" content=\"1920\" \/>\n\t<meta property=\"og:image:height\" content=\"1440\" \/>\n\t<meta property=\"og:image:type\" content=\"image\/jpeg\" \/>\n<meta name=\"twitter:card\" content=\"summary_large_image\" \/>\n<meta name=\"twitter:site\" content=\"@AureliusJewelry\" \/>\n<script type=\"application\/ld+json\" class=\"yoast-schema-graph\">{\"@context\":\"https:\\\/\\\/schema.org\",\"@graph\":[{\"@type\":\"WebPage\",\"@id\":\"https:\\\/\\\/aureliusjewelry.com\\\/cs\\\/vodorovne-zarovnany-zasnubni-prsten-z-mechoveho-achatu-ve-tvaru-sestiuhelniku-a-diamantovy-snubni-prsten-ve-tvaru-v\\\/\",\"url\":\"https:\\\/\\\/aureliusjewelry.com\\\/cs\\\/vodorovne-zarovnany-zasnubni-prsten-z-mechoveho-achatu-ve-tvaru-sestiuhelniku-a-diamantovy-snubni-prsten-ve-tvaru-v\\\/\",\"name\":\"Vodorovn\u011b zarovnan\u00fd z\u00e1snubn\u00ed prsten z mechov\u00e9ho ach\u00e1tu ve tvaru \u0161esti\u00faheln\u00edku a diamantov\u00fd snubn\u00ed prsten ve tvaru V - Aurelius Jewelry\",\"isPartOf\":{\"@id\":\"https:\\\/\\\/aureliusjewelry.com\\\/cs\\\/#website\"},\"primaryImageOfPage\":{\"@id\":\"https:\\\/\\\/aureliusjewelry.com\\\/cs\\\/vodorovne-zarovnany-zasnubni-prsten-z-mechoveho-achatu-ve-tvaru-sestiuhelniku-a-diamantovy-snubni-prsten-ve-tvaru-v\\\/#primaryimage\"},\"image\":{\"@id\":\"https:\\\/\\\/aureliusjewelry.com\\\/cs\\\/vodorovne-zarovnany-zasnubni-prsten-z-mechoveho-achatu-ve-tvaru-sestiuhelniku-a-diamantovy-snubni-prsten-ve-tvaru-v\\\/#primaryimage\"},\"thumbnailUrl\":\"https:\\\/\\\/aureliusjewelry.com\\\/wp-content\\\/uploads\\\/hexagon-moss-agate-solitaire-ring-set-18k-yellow.jpg\",\"datePublished\":\"2023-10-29T21:45:06+00:00\",\"dateModified\":\"2026-04-14T05:25:30+00:00\",\"breadcrumb\":{\"@id\":\"https:\\\/\\\/aureliusjewelry.com\\\/cs\\\/vodorovne-zarovnany-zasnubni-prsten-z-mechoveho-achatu-ve-tvaru-sestiuhelniku-a-diamantovy-snubni-prsten-ve-tvaru-v\\\/#breadcrumb\"},\"inLanguage\":\"cs\",\"potentialAction\":[{\"@type\":\"ReadAction\",\"target\":[\"https:\\\/\\\/aureliusjewelry.com\\\/cs\\\/vodorovne-zarovnany-zasnubni-prsten-z-mechoveho-achatu-ve-tvaru-sestiuhelniku-a-diamantovy-snubni-prsten-ve-tvaru-v\\\/\"]}]},{\"@type\":\"ImageObject\",\"inLanguage\":\"cs\",\"@id\":\"https:\\\/\\\/aureliusjewelry.com\\\/cs\\\/vodorovne-zarovnany-zasnubni-prsten-z-mechoveho-achatu-ve-tvaru-sestiuhelniku-a-diamantovy-snubni-prsten-ve-tvaru-v\\\/#primaryimage\",\"url\":\"https:\\\/\\\/aureliusjewelry.com\\\/wp-content\\\/uploads\\\/hexagon-moss-agate-solitaire-ring-set-18k-yellow.jpg\",\"contentUrl\":\"https:\\\/\\\/aureliusjewelry.com\\\/wp-content\\\/uploads\\\/hexagon-moss-agate-solitaire-ring-set-18k-yellow.jpg\",\"width\":1920,\"height\":1440},{\"@type\":\"BreadcrumbList\",\"@id\":\"https:\\\/\\\/aureliusjewelry.com\\\/cs\\\/vodorovne-zarovnany-zasnubni-prsten-z-mechoveho-achatu-ve-tvaru-sestiuhelniku-a-diamantovy-snubni-prsten-ve-tvaru-v\\\/#breadcrumb\",\"itemListElement\":[{\"@type\":\"ListItem\",\"position\":1,\"name\":\"Home\",\"item\":\"https:\\\/\\\/aureliusjewelry.com\\\/cs\\\/\"},{\"@type\":\"ListItem\",\"position\":2,\"name\":\"Prodejna\",\"item\":\"https:\\\/\\\/aureliusjewelry.com\\\/cs\\\/prodejna\\\/\"},{\"@type\":\"ListItem\",\"position\":3,\"name\":\"Vodorovn\u011b zarovnan\u00fd z\u00e1snubn\u00ed prsten z mechov\u00e9ho ach\u00e1tu ve tvaru \u0161esti\u00faheln\u00edku a diamantov\u00fd snubn\u00ed prsten ve tvaru V\"}]},{\"@type\":\"WebSite\",\"@id\":\"https:\\\/\\\/aureliusjewelry.com\\\/cs\\\/#website\",\"url\":\"https:\\\/\\\/aureliusjewelry.com\\\/cs\\\/\",\"name\":\"Aurelius Jewelry\",\"description\":\"Handmade Fine Gold Jewelry\",\"publisher\":{\"@id\":\"https:\\\/\\\/aureliusjewelry.com\\\/cs\\\/#organization\"},\"potentialAction\":[{\"@type\":\"SearchAction\",\"target\":{\"@type\":\"EntryPoint\",\"urlTemplate\":\"https:\\\/\\\/aureliusjewelry.com\\\/cs\\\/?s={search_term_string}\"},\"query-input\":{\"@type\":\"PropertyValueSpecification\",\"valueRequired\":true,\"valueName\":\"search_term_string\"}}],\"inLanguage\":\"cs\"},{\"@type\":\"Organization\",\"@id\":\"https:\\\/\\\/aureliusjewelry.com\\\/cs\\\/#organization\",\"name\":\"Aurelius Jewelry\",\"url\":\"https:\\\/\\\/aureliusjewelry.com\\\/cs\\\/\",\"logo\":{\"@type\":\"ImageObject\",\"inLanguage\":\"cs\",\"@id\":\"https:\\\/\\\/aureliusjewelry.com\\\/cs\\\/#\\\/schema\\\/logo\\\/image\\\/\",\"url\":\"https:\\\/\\\/aureliusjewelry.com\\\/wp-content\\\/uploads\\\/logo.png\",\"contentUrl\":\"https:\\\/\\\/aureliusjewelry.com\\\/wp-content\\\/uploads\\\/logo.png\",\"width\":400,\"height\":64,\"caption\":\"Aurelius Jewelry\"},\"image\":{\"@id\":\"https:\\\/\\\/aureliusjewelry.com\\\/cs\\\/#\\\/schema\\\/logo\\\/image\\\/\"},\"sameAs\":[\"https:\\\/\\\/www.facebook.com\\\/AureliusJewelry\\\/\",\"https:\\\/\\\/x.com\\\/AureliusJewelry\",\"https:\\\/\\\/instagram.com\\\/aureliusjewelry\",\"https:\\\/\\\/www.pinterest.com\\\/AureliusJewelry\\\/\"],\"email\":\"info@aureliusjewelry.com\",\"foundingDate\":\"2018-10-01\",\"vatID\":\"SI10391070\",\"hasMerchantReturnPolicy\":{\"@type\":\"MerchantReturnPolicy\",\"merchantReturnLink\":\"https:\\\/\\\/aureliusjewelry.com\\\/our-policies\\\/terms-conditions\\\/\"}}]}<\/script>\n<meta property=\"og:availability\" content=\"backorder\" \/>\n<meta property=\"product:availability\" content=\"available for order\" \/>\n<meta property=\"product:retailer_item_id\" content=\"41388\" \/>\n<meta property=\"product:condition\" content=\"new\" \/>","yoast_head_json":{"title":"Vodorovn\u011b zarovnan\u00fd z\u00e1snubn\u00ed prsten z mechov\u00e9ho ach\u00e1tu ve tvaru \u0161esti\u00faheln\u00edku a diamantov\u00fd snubn\u00ed prsten ve tvaru V - Aurelius Jewelry","robots":{"index":"index","follow":"follow","max-snippet":"max-snippet:-1","max-image-preview":"max-image-preview:large","max-video-preview":"max-video-preview:-1"},"canonical":"https:\/\/aureliusjewelry.com\/cs\/vodorovne-zarovnany-zasnubni-prsten-z-mechoveho-achatu-ve-tvaru-sestiuhelniku-a-diamantovy-snubni-prsten-ve-tvaru-v\/","og_locale":"cs_CZ","og_type":"article","og_title":"Vodorovn\u011b zarovnan\u00fd z\u00e1snubn\u00ed prsten z mechov\u00e9ho ach\u00e1tu ve tvaru \u0161esti\u00faheln\u00edku a diamantov\u00fd snubn\u00ed prsten ve tvaru V - Aurelius Jewelry","og_description":"%","og_url":"https:\/\/aureliusjewelry.com\/cs\/vodorovne-zarovnany-zasnubni-prsten-z-mechoveho-achatu-ve-tvaru-sestiuhelniku-a-diamantovy-snubni-prsten-ve-tvaru-v\/","og_site_name":"Aurelius Jewelry","article_publisher":"https:\/\/www.facebook.com\/AureliusJewelry\/","article_modified_time":"2026-04-14T05:25:30+00:00","og_image":[{"width":1920,"height":1440,"url":"https:\/\/aureliusjewelry.com\/wp-content\/uploads\/hexagon-moss-agate-solitaire-ring-set-18k-yellow.jpg","type":"image\/jpeg"}],"twitter_card":"summary_large_image","twitter_site":"@AureliusJewelry","schema":{"@context":"https:\/\/schema.org","@graph":[{"@type":"WebPage","@id":"https:\/\/aureliusjewelry.com\/cs\/vodorovne-zarovnany-zasnubni-prsten-z-mechoveho-achatu-ve-tvaru-sestiuhelniku-a-diamantovy-snubni-prsten-ve-tvaru-v\/","url":"https:\/\/aureliusjewelry.com\/cs\/vodorovne-zarovnany-zasnubni-prsten-z-mechoveho-achatu-ve-tvaru-sestiuhelniku-a-diamantovy-snubni-prsten-ve-tvaru-v\/","name":"Vodorovn\u011b zarovnan\u00fd z\u00e1snubn\u00ed prsten z mechov\u00e9ho ach\u00e1tu ve tvaru \u0161esti\u00faheln\u00edku a diamantov\u00fd snubn\u00ed prsten ve tvaru V - Aurelius Jewelry","isPartOf":{"@id":"https:\/\/aureliusjewelry.com\/cs\/#website"},"primaryImageOfPage":{"@id":"https:\/\/aureliusjewelry.com\/cs\/vodorovne-zarovnany-zasnubni-prsten-z-mechoveho-achatu-ve-tvaru-sestiuhelniku-a-diamantovy-snubni-prsten-ve-tvaru-v\/#primaryimage"},"image":{"@id":"https:\/\/aureliusjewelry.com\/cs\/vodorovne-zarovnany-zasnubni-prsten-z-mechoveho-achatu-ve-tvaru-sestiuhelniku-a-diamantovy-snubni-prsten-ve-tvaru-v\/#primaryimage"},"thumbnailUrl":"https:\/\/aureliusjewelry.com\/wp-content\/uploads\/hexagon-moss-agate-solitaire-ring-set-18k-yellow.jpg","datePublished":"2023-10-29T21:45:06+00:00","dateModified":"2026-04-14T05:25:30+00:00","breadcrumb":{"@id":"https:\/\/aureliusjewelry.com\/cs\/vodorovne-zarovnany-zasnubni-prsten-z-mechoveho-achatu-ve-tvaru-sestiuhelniku-a-diamantovy-snubni-prsten-ve-tvaru-v\/#breadcrumb"},"inLanguage":"cs","potentialAction":[{"@type":"ReadAction","target":["https:\/\/aureliusjewelry.com\/cs\/vodorovne-zarovnany-zasnubni-prsten-z-mechoveho-achatu-ve-tvaru-sestiuhelniku-a-diamantovy-snubni-prsten-ve-tvaru-v\/"]}]},{"@type":"ImageObject","inLanguage":"cs","@id":"https:\/\/aureliusjewelry.com\/cs\/vodorovne-zarovnany-zasnubni-prsten-z-mechoveho-achatu-ve-tvaru-sestiuhelniku-a-diamantovy-snubni-prsten-ve-tvaru-v\/#primaryimage","url":"https:\/\/aureliusjewelry.com\/wp-content\/uploads\/hexagon-moss-agate-solitaire-ring-set-18k-yellow.jpg","contentUrl":"https:\/\/aureliusjewelry.com\/wp-content\/uploads\/hexagon-moss-agate-solitaire-ring-set-18k-yellow.jpg","width":1920,"height":1440},{"@type":"BreadcrumbList","@id":"https:\/\/aureliusjewelry.com\/cs\/vodorovne-zarovnany-zasnubni-prsten-z-mechoveho-achatu-ve-tvaru-sestiuhelniku-a-diamantovy-snubni-prsten-ve-tvaru-v\/#breadcrumb","itemListElement":[{"@type":"ListItem","position":1,"name":"Home","item":"https:\/\/aureliusjewelry.com\/cs\/"},{"@type":"ListItem","position":2,"name":"Prodejna","item":"https:\/\/aureliusjewelry.com\/cs\/prodejna\/"},{"@type":"ListItem","position":3,"name":"Vodorovn\u011b zarovnan\u00fd z\u00e1snubn\u00ed prsten z mechov\u00e9ho ach\u00e1tu ve tvaru \u0161esti\u00faheln\u00edku a diamantov\u00fd snubn\u00ed prsten ve tvaru V"}]},{"@type":"WebSite","@id":"https:\/\/aureliusjewelry.com\/cs\/#website","url":"https:\/\/aureliusjewelry.com\/cs\/","name":"Aurelius Jewelry","description":"Handmade Fine Gold Jewelry","publisher":{"@id":"https:\/\/aureliusjewelry.com\/cs\/#organization"},"potentialAction":[{"@type":"SearchAction","target":{"@type":"EntryPoint","urlTemplate":"https:\/\/aureliusjewelry.com\/cs\/?s={search_term_string}"},"query-input":{"@type":"PropertyValueSpecification","valueRequired":true,"valueName":"search_term_string"}}],"inLanguage":"cs"},{"@type":"Organization","@id":"https:\/\/aureliusjewelry.com\/cs\/#organization","name":"Aurelius Jewelry","url":"https:\/\/aureliusjewelry.com\/cs\/","logo":{"@type":"ImageObject","inLanguage":"cs","@id":"https:\/\/aureliusjewelry.com\/cs\/#\/schema\/logo\/image\/","url":"https:\/\/aureliusjewelry.com\/wp-content\/uploads\/logo.png","contentUrl":"https:\/\/aureliusjewelry.com\/wp-content\/uploads\/logo.png","width":400,"height":64,"caption":"Aurelius Jewelry"},"image":{"@id":"https:\/\/aureliusjewelry.com\/cs\/#\/schema\/logo\/image\/"},"sameAs":["https:\/\/www.facebook.com\/AureliusJewelry\/","https:\/\/x.com\/AureliusJewelry","https:\/\/instagram.com\/aureliusjewelry","https:\/\/www.pinterest.com\/AureliusJewelry\/"],"email":"info@aureliusjewelry.com","foundingDate":"2018-10-01","vatID":"SI10391070","hasMerchantReturnPolicy":{"@type":"MerchantReturnPolicy","merchantReturnLink":"https:\/\/aureliusjewelry.com\/our-policies\/terms-conditions\/"}}]},"og_availability":"backorder","product_availability":"available for order","product_retailer_item_id":"41388","product_condition":"new"},"_links":{"self":[{"href":"https:\/\/aureliusjewelry.com\/cs\/wp-json\/wp\/v2\/product\/49443","targetHints":{"allow":["GET"]}}],"collection":[{"href":"https:\/\/aureliusjewelry.com\/cs\/wp-json\/wp\/v2\/product"}],"about":[{"href":"https:\/\/aureliusjewelry.com\/cs\/wp-json\/wp\/v2\/types\/product"}],"replies":[{"embeddable":true,"href":"https:\/\/aureliusjewelry.com\/cs\/wp-json\/wp\/v2\/comments?post=49443"}],"wp:featuredmedia":[{"embeddable":true,"href":"https:\/\/aureliusjewelry.com\/cs\/wp-json\/wp\/v2\/media\/41391"}],"wp:attachment":[{"href":"https:\/\/aureliusjewelry.com\/cs\/wp-json\/wp\/v2\/media?parent=49443"}],"wp:term":[{"taxonomy":"product_brand","embeddable":true,"href":"https:\/\/aureliusjewelry.com\/cs\/wp-json\/wp\/v2\/product_brand?post=49443"},{"taxonomy":"product_cat","embeddable":true,"href":"https:\/\/aureliusjewelry.com\/cs\/wp-json\/wp\/v2\/product_cat?post=49443"},{"taxonomy":"product_tag","embeddable":true,"href":"https:\/\/aureliusjewelry.com\/cs\/wp-json\/wp\/v2\/product_tag?post=49443"}],"curies":[{"name":"wp","href":"https:\/\/api.w.org\/{rel}","templated":true}]}}