{"id":49115,"date":"2023-10-08T03:15:26","date_gmt":"2023-10-08T01:15:26","guid":{"rendered":"http:\/\/aureliusjewelry.com\/product\/prirodou-inspirovany-zasnubni-prsten-s-mechovym-achatem-ve-tvaru-sestiuhelniku-a-diamanty\/"},"modified":"2026-04-14T07:20:29","modified_gmt":"2026-04-14T05:20:29","slug":"prirodou-inspirovany-zasnubni-prsten-s-mechovym-achatem-ve-tvaru-sestiuhelniku-a-diamanty","status":"publish","type":"product","link":"https:\/\/aureliusjewelry.com\/cs\/prirodou-inspirovany-zasnubni-prsten-s-mechovym-achatem-ve-tvaru-sestiuhelniku-a-diamanty\/","title":{"rendered":"P\u0159\u00edrodou inspirovan\u00fd z\u00e1snubn\u00ed prsten s mechov\u00fdm ach\u00e1tem ve tvaru \u0161esti\u00faheln\u00edku a diamanty"},"content":{"rendered":"<p><strong>Kameny<\/strong><\/p>\n<ul>\n<li>\u0161estihrann\u00fd mechov\u00fd ach\u00e1t<\/li>\n<li>Cca. 8x7mm<\/li>\n<li>kulat\u00e9 diamanty<\/li>\n<li>Cca. 1.25mm (6)<\/li>\n<li>F\/G barva, VS jasnost, bezkonfliktn\u00ed<\/li>\n<\/ul>\n<p><strong>M\u011b\u0159en\u00ed a materi\u00e1l p\u00e1sma<\/strong><\/p>\n<ul>\n<li>1.5mm \u0161irok\u00fd, 1.6mm tlust\u00fd<\/li>\n<li>k dispozici ve 585\/1000 (14k) nebo 750\/1000 (18k) \u017elut\u00e9, b\u00edl\u00e9 nebo r\u016f\u017eov\u011b zlat\u00e9 a platinov\u00e9 950\/1000<\/li>\n<li>Velikost prstenu USA 3-9, men\u0161\u00ed nebo v\u011bt\u0161\u00ed velikosti dostupn\u00e9 na vy\u017e\u00e1d\u00e1n\u00ed<\/li>\n<\/ul>\n","protected":false},"excerpt":{"rendered":"<p>Oko\u0159e\u0148te svou sb\u00edrku na\u0161\u00edm \u0161estic\u00edp\u00fdm mechov\u00fdm ach\u00e1tem a diamantov\u00fdm z\u00e1snubn\u00edm prstenem. Podmaniv\u00e9 mechov\u00e9 vzory souzn\u00ed s boh\u00e9mskou atmosf\u00e9rou a jsou obl\u00edben\u00e9 u ka\u017ed\u00e9 alternativn\u00ed nev\u011bsty. B\u00edl\u00e9 kulat\u00e9 diamanty p\u016fvabn\u011b osl\u0148uj\u00ed zlat\u00fd p\u00e1sek a kontrastuj\u00ed se syt\u011b zelen\u00fdm mechov\u00fdm ach\u00e1tem. Noste jej jako symbol sv\u00e9 individuality nebo sv\u00e9ho milostn\u00e9ho p\u0159\u00edb\u011bhu \u2013 stejn\u011b jedine\u010dn\u00fd jako ka\u017ed\u00fd k\u00e1men mechov\u00e9ho ach\u00e1tu.<\/p>\n","protected":false},"featured_media":40305,"comment_status":"open","ping_status":"closed","template":"","meta":[],"product_brand":[],"product_cat":[642,1403,673,1419,643,1405,651,658],"product_tag":[1219,709,1246,708,1186],"class_list":{"0":"post-49115","1":"product","2":"type-product","3":"status-publish","4":"has-post-thumbnail","6":"product_cat-contemporary-kolekce","7":"product_cat-geometricke-zasnubni-prsteny","8":"product_cat-prsteny","9":"product_cat-sedm-kamenu-zasnubni-prsten","10":"product_cat-singularity-kolekce","11":"product_cat-zasnubni-prsten-se-sestihranem","12":"product_cat-zasnubni-prsteny","13":"product_cat-zasnubni-prsteny-s-mechovym-achatem","14":"product_tag-mechovy-achat","15":"product_tag-production_time_3_5-cs","16":"product_tag-prsten","17":"product_tag-rings-cs","18":"product_tag-sestiuhelnik","20":"first","21":"onbackorder","22":"sold-individually","23":"taxable","24":"shipping-taxable","25":"purchasable","26":"product-type-variable"},"yoast_head":"<title>P\u0159\u00edrodou inspirovan\u00fd z\u00e1snubn\u00ed prsten s mechov\u00fdm ach\u00e1tem ve tvaru \u0161esti\u00faheln\u00edku a diamanty - Aurelius Jewelry<\/title>\n<meta name=\"robots\" content=\"index, follow, max-snippet:-1, max-image-preview:large, max-video-preview:-1\" \/>\n<link rel=\"canonical\" href=\"https:\/\/aureliusjewelry.com\/cs\/prirodou-inspirovany-zasnubni-prsten-s-mechovym-achatem-ve-tvaru-sestiuhelniku-a-diamanty\/\" \/>\n<meta property=\"og:locale\" content=\"cs_CZ\" \/>\n<meta property=\"og:type\" content=\"article\" \/>\n<meta property=\"og:title\" content=\"P\u0159\u00edrodou inspirovan\u00fd z\u00e1snubn\u00ed prsten s mechov\u00fdm ach\u00e1tem ve tvaru \u0161esti\u00faheln\u00edku a diamanty - Aurelius Jewelry\" \/>\n<meta property=\"og:description\" content=\"%\" \/>\n<meta property=\"og:url\" content=\"https:\/\/aureliusjewelry.com\/cs\/prirodou-inspirovany-zasnubni-prsten-s-mechovym-achatem-ve-tvaru-sestiuhelniku-a-diamanty\/\" \/>\n<meta property=\"og:site_name\" content=\"Aurelius Jewelry\" \/>\n<meta property=\"article:publisher\" content=\"https:\/\/www.facebook.com\/AureliusJewelry\/\" \/>\n<meta property=\"article:modified_time\" content=\"2026-04-14T05:20:29+00:00\" \/>\n<meta property=\"og:image\" content=\"https:\/\/aureliusjewelry.com\/wp-content\/uploads\/rose-gold-hexagon-moss-agate-engagement-ring-with-mini-pave.jpg\" \/>\n\t<meta property=\"og:image:width\" content=\"1920\" \/>\n\t<meta property=\"og:image:height\" content=\"1440\" \/>\n\t<meta property=\"og:image:type\" content=\"image\/jpeg\" \/>\n<meta name=\"twitter:card\" content=\"summary_large_image\" \/>\n<meta name=\"twitter:site\" content=\"@AureliusJewelry\" \/>\n<script type=\"application\/ld+json\" class=\"yoast-schema-graph\">{\"@context\":\"https:\\\/\\\/schema.org\",\"@graph\":[{\"@type\":\"WebPage\",\"@id\":\"https:\\\/\\\/aureliusjewelry.com\\\/cs\\\/prirodou-inspirovany-zasnubni-prsten-s-mechovym-achatem-ve-tvaru-sestiuhelniku-a-diamanty\\\/\",\"url\":\"https:\\\/\\\/aureliusjewelry.com\\\/cs\\\/prirodou-inspirovany-zasnubni-prsten-s-mechovym-achatem-ve-tvaru-sestiuhelniku-a-diamanty\\\/\",\"name\":\"P\u0159\u00edrodou inspirovan\u00fd z\u00e1snubn\u00ed prsten s mechov\u00fdm ach\u00e1tem ve tvaru \u0161esti\u00faheln\u00edku a diamanty - Aurelius Jewelry\",\"isPartOf\":{\"@id\":\"https:\\\/\\\/aureliusjewelry.com\\\/cs\\\/#website\"},\"primaryImageOfPage\":{\"@id\":\"https:\\\/\\\/aureliusjewelry.com\\\/cs\\\/prirodou-inspirovany-zasnubni-prsten-s-mechovym-achatem-ve-tvaru-sestiuhelniku-a-diamanty\\\/#primaryimage\"},\"image\":{\"@id\":\"https:\\\/\\\/aureliusjewelry.com\\\/cs\\\/prirodou-inspirovany-zasnubni-prsten-s-mechovym-achatem-ve-tvaru-sestiuhelniku-a-diamanty\\\/#primaryimage\"},\"thumbnailUrl\":\"https:\\\/\\\/aureliusjewelry.com\\\/wp-content\\\/uploads\\\/rose-gold-hexagon-moss-agate-engagement-ring-with-mini-pave.jpg\",\"datePublished\":\"2023-10-08T01:15:26+00:00\",\"dateModified\":\"2026-04-14T05:20:29+00:00\",\"breadcrumb\":{\"@id\":\"https:\\\/\\\/aureliusjewelry.com\\\/cs\\\/prirodou-inspirovany-zasnubni-prsten-s-mechovym-achatem-ve-tvaru-sestiuhelniku-a-diamanty\\\/#breadcrumb\"},\"inLanguage\":\"cs\",\"potentialAction\":[{\"@type\":\"ReadAction\",\"target\":[\"https:\\\/\\\/aureliusjewelry.com\\\/cs\\\/prirodou-inspirovany-zasnubni-prsten-s-mechovym-achatem-ve-tvaru-sestiuhelniku-a-diamanty\\\/\"]}]},{\"@type\":\"ImageObject\",\"inLanguage\":\"cs\",\"@id\":\"https:\\\/\\\/aureliusjewelry.com\\\/cs\\\/prirodou-inspirovany-zasnubni-prsten-s-mechovym-achatem-ve-tvaru-sestiuhelniku-a-diamanty\\\/#primaryimage\",\"url\":\"https:\\\/\\\/aureliusjewelry.com\\\/wp-content\\\/uploads\\\/rose-gold-hexagon-moss-agate-engagement-ring-with-mini-pave.jpg\",\"contentUrl\":\"https:\\\/\\\/aureliusjewelry.com\\\/wp-content\\\/uploads\\\/rose-gold-hexagon-moss-agate-engagement-ring-with-mini-pave.jpg\",\"width\":1920,\"height\":1440},{\"@type\":\"BreadcrumbList\",\"@id\":\"https:\\\/\\\/aureliusjewelry.com\\\/cs\\\/prirodou-inspirovany-zasnubni-prsten-s-mechovym-achatem-ve-tvaru-sestiuhelniku-a-diamanty\\\/#breadcrumb\",\"itemListElement\":[{\"@type\":\"ListItem\",\"position\":1,\"name\":\"Home\",\"item\":\"https:\\\/\\\/aureliusjewelry.com\\\/cs\\\/\"},{\"@type\":\"ListItem\",\"position\":2,\"name\":\"Prodejna\",\"item\":\"https:\\\/\\\/aureliusjewelry.com\\\/cs\\\/prodejna\\\/\"},{\"@type\":\"ListItem\",\"position\":3,\"name\":\"P\u0159\u00edrodou inspirovan\u00fd z\u00e1snubn\u00ed prsten s mechov\u00fdm ach\u00e1tem ve tvaru \u0161esti\u00faheln\u00edku a diamanty\"}]},{\"@type\":\"WebSite\",\"@id\":\"https:\\\/\\\/aureliusjewelry.com\\\/cs\\\/#website\",\"url\":\"https:\\\/\\\/aureliusjewelry.com\\\/cs\\\/\",\"name\":\"Aurelius Jewelry\",\"description\":\"Handmade Fine Gold Jewelry\",\"publisher\":{\"@id\":\"https:\\\/\\\/aureliusjewelry.com\\\/cs\\\/#organization\"},\"potentialAction\":[{\"@type\":\"SearchAction\",\"target\":{\"@type\":\"EntryPoint\",\"urlTemplate\":\"https:\\\/\\\/aureliusjewelry.com\\\/cs\\\/?s={search_term_string}\"},\"query-input\":{\"@type\":\"PropertyValueSpecification\",\"valueRequired\":true,\"valueName\":\"search_term_string\"}}],\"inLanguage\":\"cs\"},{\"@type\":\"Organization\",\"@id\":\"https:\\\/\\\/aureliusjewelry.com\\\/cs\\\/#organization\",\"name\":\"Aurelius Jewelry\",\"url\":\"https:\\\/\\\/aureliusjewelry.com\\\/cs\\\/\",\"logo\":{\"@type\":\"ImageObject\",\"inLanguage\":\"cs\",\"@id\":\"https:\\\/\\\/aureliusjewelry.com\\\/cs\\\/#\\\/schema\\\/logo\\\/image\\\/\",\"url\":\"https:\\\/\\\/aureliusjewelry.com\\\/wp-content\\\/uploads\\\/logo.png\",\"contentUrl\":\"https:\\\/\\\/aureliusjewelry.com\\\/wp-content\\\/uploads\\\/logo.png\",\"width\":400,\"height\":64,\"caption\":\"Aurelius Jewelry\"},\"image\":{\"@id\":\"https:\\\/\\\/aureliusjewelry.com\\\/cs\\\/#\\\/schema\\\/logo\\\/image\\\/\"},\"sameAs\":[\"https:\\\/\\\/www.facebook.com\\\/AureliusJewelry\\\/\",\"https:\\\/\\\/x.com\\\/AureliusJewelry\",\"https:\\\/\\\/instagram.com\\\/aureliusjewelry\",\"https:\\\/\\\/www.pinterest.com\\\/AureliusJewelry\\\/\"],\"email\":\"info@aureliusjewelry.com\",\"foundingDate\":\"2018-10-01\",\"vatID\":\"SI10391070\",\"hasMerchantReturnPolicy\":{\"@type\":\"MerchantReturnPolicy\",\"merchantReturnLink\":\"https:\\\/\\\/aureliusjewelry.com\\\/our-policies\\\/terms-conditions\\\/\"}}]}<\/script>\n<meta property=\"og:availability\" content=\"backorder\" \/>\n<meta property=\"product:availability\" content=\"available for order\" \/>\n<meta property=\"product:retailer_item_id\" content=\"40295\" \/>\n<meta property=\"product:condition\" content=\"new\" \/>","yoast_head_json":{"title":"P\u0159\u00edrodou inspirovan\u00fd z\u00e1snubn\u00ed prsten s mechov\u00fdm ach\u00e1tem ve tvaru \u0161esti\u00faheln\u00edku a diamanty - Aurelius Jewelry","robots":{"index":"index","follow":"follow","max-snippet":"max-snippet:-1","max-image-preview":"max-image-preview:large","max-video-preview":"max-video-preview:-1"},"canonical":"https:\/\/aureliusjewelry.com\/cs\/prirodou-inspirovany-zasnubni-prsten-s-mechovym-achatem-ve-tvaru-sestiuhelniku-a-diamanty\/","og_locale":"cs_CZ","og_type":"article","og_title":"P\u0159\u00edrodou inspirovan\u00fd z\u00e1snubn\u00ed prsten s mechov\u00fdm ach\u00e1tem ve tvaru \u0161esti\u00faheln\u00edku a diamanty - Aurelius Jewelry","og_description":"%","og_url":"https:\/\/aureliusjewelry.com\/cs\/prirodou-inspirovany-zasnubni-prsten-s-mechovym-achatem-ve-tvaru-sestiuhelniku-a-diamanty\/","og_site_name":"Aurelius Jewelry","article_publisher":"https:\/\/www.facebook.com\/AureliusJewelry\/","article_modified_time":"2026-04-14T05:20:29+00:00","og_image":[{"width":1920,"height":1440,"url":"https:\/\/aureliusjewelry.com\/wp-content\/uploads\/rose-gold-hexagon-moss-agate-engagement-ring-with-mini-pave.jpg","type":"image\/jpeg"}],"twitter_card":"summary_large_image","twitter_site":"@AureliusJewelry","schema":{"@context":"https:\/\/schema.org","@graph":[{"@type":"WebPage","@id":"https:\/\/aureliusjewelry.com\/cs\/prirodou-inspirovany-zasnubni-prsten-s-mechovym-achatem-ve-tvaru-sestiuhelniku-a-diamanty\/","url":"https:\/\/aureliusjewelry.com\/cs\/prirodou-inspirovany-zasnubni-prsten-s-mechovym-achatem-ve-tvaru-sestiuhelniku-a-diamanty\/","name":"P\u0159\u00edrodou inspirovan\u00fd z\u00e1snubn\u00ed prsten s mechov\u00fdm ach\u00e1tem ve tvaru \u0161esti\u00faheln\u00edku a diamanty - Aurelius Jewelry","isPartOf":{"@id":"https:\/\/aureliusjewelry.com\/cs\/#website"},"primaryImageOfPage":{"@id":"https:\/\/aureliusjewelry.com\/cs\/prirodou-inspirovany-zasnubni-prsten-s-mechovym-achatem-ve-tvaru-sestiuhelniku-a-diamanty\/#primaryimage"},"image":{"@id":"https:\/\/aureliusjewelry.com\/cs\/prirodou-inspirovany-zasnubni-prsten-s-mechovym-achatem-ve-tvaru-sestiuhelniku-a-diamanty\/#primaryimage"},"thumbnailUrl":"https:\/\/aureliusjewelry.com\/wp-content\/uploads\/rose-gold-hexagon-moss-agate-engagement-ring-with-mini-pave.jpg","datePublished":"2023-10-08T01:15:26+00:00","dateModified":"2026-04-14T05:20:29+00:00","breadcrumb":{"@id":"https:\/\/aureliusjewelry.com\/cs\/prirodou-inspirovany-zasnubni-prsten-s-mechovym-achatem-ve-tvaru-sestiuhelniku-a-diamanty\/#breadcrumb"},"inLanguage":"cs","potentialAction":[{"@type":"ReadAction","target":["https:\/\/aureliusjewelry.com\/cs\/prirodou-inspirovany-zasnubni-prsten-s-mechovym-achatem-ve-tvaru-sestiuhelniku-a-diamanty\/"]}]},{"@type":"ImageObject","inLanguage":"cs","@id":"https:\/\/aureliusjewelry.com\/cs\/prirodou-inspirovany-zasnubni-prsten-s-mechovym-achatem-ve-tvaru-sestiuhelniku-a-diamanty\/#primaryimage","url":"https:\/\/aureliusjewelry.com\/wp-content\/uploads\/rose-gold-hexagon-moss-agate-engagement-ring-with-mini-pave.jpg","contentUrl":"https:\/\/aureliusjewelry.com\/wp-content\/uploads\/rose-gold-hexagon-moss-agate-engagement-ring-with-mini-pave.jpg","width":1920,"height":1440},{"@type":"BreadcrumbList","@id":"https:\/\/aureliusjewelry.com\/cs\/prirodou-inspirovany-zasnubni-prsten-s-mechovym-achatem-ve-tvaru-sestiuhelniku-a-diamanty\/#breadcrumb","itemListElement":[{"@type":"ListItem","position":1,"name":"Home","item":"https:\/\/aureliusjewelry.com\/cs\/"},{"@type":"ListItem","position":2,"name":"Prodejna","item":"https:\/\/aureliusjewelry.com\/cs\/prodejna\/"},{"@type":"ListItem","position":3,"name":"P\u0159\u00edrodou inspirovan\u00fd z\u00e1snubn\u00ed prsten s mechov\u00fdm ach\u00e1tem ve tvaru \u0161esti\u00faheln\u00edku a diamanty"}]},{"@type":"WebSite","@id":"https:\/\/aureliusjewelry.com\/cs\/#website","url":"https:\/\/aureliusjewelry.com\/cs\/","name":"Aurelius Jewelry","description":"Handmade Fine Gold Jewelry","publisher":{"@id":"https:\/\/aureliusjewelry.com\/cs\/#organization"},"potentialAction":[{"@type":"SearchAction","target":{"@type":"EntryPoint","urlTemplate":"https:\/\/aureliusjewelry.com\/cs\/?s={search_term_string}"},"query-input":{"@type":"PropertyValueSpecification","valueRequired":true,"valueName":"search_term_string"}}],"inLanguage":"cs"},{"@type":"Organization","@id":"https:\/\/aureliusjewelry.com\/cs\/#organization","name":"Aurelius Jewelry","url":"https:\/\/aureliusjewelry.com\/cs\/","logo":{"@type":"ImageObject","inLanguage":"cs","@id":"https:\/\/aureliusjewelry.com\/cs\/#\/schema\/logo\/image\/","url":"https:\/\/aureliusjewelry.com\/wp-content\/uploads\/logo.png","contentUrl":"https:\/\/aureliusjewelry.com\/wp-content\/uploads\/logo.png","width":400,"height":64,"caption":"Aurelius Jewelry"},"image":{"@id":"https:\/\/aureliusjewelry.com\/cs\/#\/schema\/logo\/image\/"},"sameAs":["https:\/\/www.facebook.com\/AureliusJewelry\/","https:\/\/x.com\/AureliusJewelry","https:\/\/instagram.com\/aureliusjewelry","https:\/\/www.pinterest.com\/AureliusJewelry\/"],"email":"info@aureliusjewelry.com","foundingDate":"2018-10-01","vatID":"SI10391070","hasMerchantReturnPolicy":{"@type":"MerchantReturnPolicy","merchantReturnLink":"https:\/\/aureliusjewelry.com\/our-policies\/terms-conditions\/"}}]},"og_availability":"backorder","product_availability":"available for order","product_retailer_item_id":"40295","product_condition":"new"},"_links":{"self":[{"href":"https:\/\/aureliusjewelry.com\/cs\/wp-json\/wp\/v2\/product\/49115","targetHints":{"allow":["GET"]}}],"collection":[{"href":"https:\/\/aureliusjewelry.com\/cs\/wp-json\/wp\/v2\/product"}],"about":[{"href":"https:\/\/aureliusjewelry.com\/cs\/wp-json\/wp\/v2\/types\/product"}],"replies":[{"embeddable":true,"href":"https:\/\/aureliusjewelry.com\/cs\/wp-json\/wp\/v2\/comments?post=49115"}],"wp:featuredmedia":[{"embeddable":true,"href":"https:\/\/aureliusjewelry.com\/cs\/wp-json\/wp\/v2\/media\/40305"}],"wp:attachment":[{"href":"https:\/\/aureliusjewelry.com\/cs\/wp-json\/wp\/v2\/media?parent=49115"}],"wp:term":[{"taxonomy":"product_brand","embeddable":true,"href":"https:\/\/aureliusjewelry.com\/cs\/wp-json\/wp\/v2\/product_brand?post=49115"},{"taxonomy":"product_cat","embeddable":true,"href":"https:\/\/aureliusjewelry.com\/cs\/wp-json\/wp\/v2\/product_cat?post=49115"},{"taxonomy":"product_tag","embeddable":true,"href":"https:\/\/aureliusjewelry.com\/cs\/wp-json\/wp\/v2\/product_tag?post=49115"}],"curies":[{"name":"wp","href":"https:\/\/api.w.org\/{rel}","templated":true}]}}