{"id":49059,"date":"2023-10-07T11:02:39","date_gmt":"2023-10-07T09:02:39","guid":{"rendered":"http:\/\/aureliusjewelry.com\/product\/kvetinovy-zasnubni-prsten-s-mechovym-achatem-ve-tvaru-hrusky\/"},"modified":"2026-03-20T00:35:53","modified_gmt":"2026-03-19T22:35:53","slug":"kvetinovy-zasnubni-prsten-s-mechovym-achatem-ve-tvaru-hrusky","status":"publish","type":"product","link":"https:\/\/aureliusjewelry.com\/cs\/kvetinovy-zasnubni-prsten-s-mechovym-achatem-ve-tvaru-hrusky\/","title":{"rendered":"Kv\u011btinov\u00fd z\u00e1snubn\u00ed prsten s mechov\u00fdm ach\u00e1tem ve tvaru hru\u0161ky"},"content":{"rendered":"<p><strong>Kameny<\/strong><\/p>\n<ul>\n<li>hru\u0161kov\u00fd ach\u00e1t<\/li>\n<li>Cca. 9x6mm<\/li>\n<li>princeznovsk\u00e9 brou\u0161en\u00e9 diamanty<\/li>\n<li>Cca. 2x2mm (2), 1.5&#215;1.5mm (2)<\/li>\n<li>F\/G barva, VS jasnost, bezkonfliktn\u00ed<\/li>\n<\/ul>\n<p><strong>M\u011b\u0159en\u00ed a materi\u00e1l p\u00e1sma<\/strong><\/p>\n<ul>\n<li>1.5mm \u0161irok\u00fd, 1.6mm tlust\u00fd<\/li>\n<li>k dispozici ve 585\/1000 (14k) nebo 750\/1000 (18k) \u017elut\u00e9, b\u00edl\u00e9 nebo r\u016f\u017eov\u011b zlat\u00e9 a platinov\u00e9 950\/1000<\/li>\n<li>Velikost prstenu USA 3-9, men\u0161\u00ed nebo v\u011bt\u0161\u00ed velikosti dostupn\u00e9 na vy\u017e\u00e1d\u00e1n\u00ed<\/li>\n<\/ul>\n","protected":false},"excerpt":{"rendered":"<p>Oslavte svou l\u00e1sku na\u0161\u00edm kv\u011btinov\u00fdm z\u00e1snubn\u00edm prstenem z ach\u00e1tu z hru\u0161kov\u00e9ho mechu. V srdci designu le\u017e\u00ed drahokam hru\u0161ka s kouskem lesa zachycen\u00fdm v n\u011bm. Je zd\u016frazn\u011bn princeznovsk\u00fdmi diamanty a listov\u00fdmi detaily, kter\u00e9 mu dod\u00e1vaj\u00ed kv\u011btinovou atmosf\u00e9ru. Ka\u017ed\u00fd mechov\u00fd ach\u00e1t je jedine\u010dn\u00fd, tak\u017ee si vyberte sv\u016fj obl\u00edben\u00fd a spoluvytv\u00e1\u0159ejte sv\u016fj prsten.<\/p>\n","protected":false},"featured_media":40278,"comment_status":"open","ping_status":"closed","template":"","meta":[],"product_brand":[],"product_cat":[649,1609,1399,1410,673,643,1413,651,658],"product_tag":[1234,1219,709,1246,708],"class_list":{"0":"post-49059","1":"product","2":"type-product","3":"status-publish","4":"has-post-thumbnail","6":"product_cat-golden-leaf-kolekce","7":"product_cat-nejlepsi-prodejci","8":"product_cat-pet-kamenu-zasnubni-prsten","9":"product_cat-prirodou-inspirovane-zasnubni-prsteny","10":"product_cat-prsteny","11":"product_cat-singularity-kolekce","12":"product_cat-zasnubni-prsten-ve-tvaru-hrusky","13":"product_cat-zasnubni-prsteny","14":"product_cat-zasnubni-prsteny-s-mechovym-achatem","15":"product_tag-hruska","16":"product_tag-mechovy-achat","17":"product_tag-production_time_3_5-cs","18":"product_tag-prsten","19":"product_tag-rings-cs","21":"first","22":"onbackorder","23":"sold-individually","24":"taxable","25":"shipping-taxable","26":"purchasable","27":"product-type-variable"},"yoast_head":"<title>Kv\u011btinov\u00fd z\u00e1snubn\u00ed prsten s mechov\u00fdm ach\u00e1tem ve tvaru hru\u0161ky - Aurelius Jewelry<\/title>\n<meta name=\"robots\" content=\"index, follow, max-snippet:-1, max-image-preview:large, max-video-preview:-1\" \/>\n<link rel=\"canonical\" href=\"https:\/\/aureliusjewelry.com\/cs\/kvetinovy-zasnubni-prsten-s-mechovym-achatem-ve-tvaru-hrusky\/\" \/>\n<meta property=\"og:locale\" content=\"cs_CZ\" \/>\n<meta property=\"og:type\" content=\"article\" \/>\n<meta property=\"og:title\" content=\"Kv\u011btinov\u00fd z\u00e1snubn\u00ed prsten s mechov\u00fdm ach\u00e1tem ve tvaru hru\u0161ky - Aurelius Jewelry\" \/>\n<meta property=\"og:description\" content=\"%\" \/>\n<meta property=\"og:url\" content=\"https:\/\/aureliusjewelry.com\/cs\/kvetinovy-zasnubni-prsten-s-mechovym-achatem-ve-tvaru-hrusky\/\" \/>\n<meta property=\"og:site_name\" content=\"Aurelius Jewelry\" \/>\n<meta property=\"article:publisher\" content=\"https:\/\/www.facebook.com\/AureliusJewelry\/\" \/>\n<meta property=\"article:modified_time\" content=\"2026-03-19T22:35:53+00:00\" \/>\n<meta property=\"og:image\" content=\"https:\/\/aureliusjewelry.com\/wp-content\/uploads\/pear-moss-agate-floral-engagement-ring-14k.jpg\" \/>\n\t<meta property=\"og:image:width\" content=\"1920\" \/>\n\t<meta property=\"og:image:height\" content=\"1440\" \/>\n\t<meta property=\"og:image:type\" content=\"image\/jpeg\" \/>\n<meta name=\"twitter:card\" content=\"summary_large_image\" \/>\n<meta name=\"twitter:site\" content=\"@AureliusJewelry\" \/>\n<script type=\"application\/ld+json\" class=\"yoast-schema-graph\">{\"@context\":\"https:\\\/\\\/schema.org\",\"@graph\":[{\"@type\":\"WebPage\",\"@id\":\"https:\\\/\\\/aureliusjewelry.com\\\/cs\\\/kvetinovy-zasnubni-prsten-s-mechovym-achatem-ve-tvaru-hrusky\\\/\",\"url\":\"https:\\\/\\\/aureliusjewelry.com\\\/cs\\\/kvetinovy-zasnubni-prsten-s-mechovym-achatem-ve-tvaru-hrusky\\\/\",\"name\":\"Kv\u011btinov\u00fd z\u00e1snubn\u00ed prsten s mechov\u00fdm ach\u00e1tem ve tvaru hru\u0161ky - Aurelius Jewelry\",\"isPartOf\":{\"@id\":\"https:\\\/\\\/aureliusjewelry.com\\\/cs\\\/#website\"},\"primaryImageOfPage\":{\"@id\":\"https:\\\/\\\/aureliusjewelry.com\\\/cs\\\/kvetinovy-zasnubni-prsten-s-mechovym-achatem-ve-tvaru-hrusky\\\/#primaryimage\"},\"image\":{\"@id\":\"https:\\\/\\\/aureliusjewelry.com\\\/cs\\\/kvetinovy-zasnubni-prsten-s-mechovym-achatem-ve-tvaru-hrusky\\\/#primaryimage\"},\"thumbnailUrl\":\"https:\\\/\\\/aureliusjewelry.com\\\/wp-content\\\/uploads\\\/pear-moss-agate-floral-engagement-ring-14k.jpg\",\"datePublished\":\"2023-10-07T09:02:39+00:00\",\"dateModified\":\"2026-03-19T22:35:53+00:00\",\"breadcrumb\":{\"@id\":\"https:\\\/\\\/aureliusjewelry.com\\\/cs\\\/kvetinovy-zasnubni-prsten-s-mechovym-achatem-ve-tvaru-hrusky\\\/#breadcrumb\"},\"inLanguage\":\"cs\",\"potentialAction\":[{\"@type\":\"ReadAction\",\"target\":[\"https:\\\/\\\/aureliusjewelry.com\\\/cs\\\/kvetinovy-zasnubni-prsten-s-mechovym-achatem-ve-tvaru-hrusky\\\/\"]}]},{\"@type\":\"ImageObject\",\"inLanguage\":\"cs\",\"@id\":\"https:\\\/\\\/aureliusjewelry.com\\\/cs\\\/kvetinovy-zasnubni-prsten-s-mechovym-achatem-ve-tvaru-hrusky\\\/#primaryimage\",\"url\":\"https:\\\/\\\/aureliusjewelry.com\\\/wp-content\\\/uploads\\\/pear-moss-agate-floral-engagement-ring-14k.jpg\",\"contentUrl\":\"https:\\\/\\\/aureliusjewelry.com\\\/wp-content\\\/uploads\\\/pear-moss-agate-floral-engagement-ring-14k.jpg\",\"width\":1920,\"height\":1440},{\"@type\":\"BreadcrumbList\",\"@id\":\"https:\\\/\\\/aureliusjewelry.com\\\/cs\\\/kvetinovy-zasnubni-prsten-s-mechovym-achatem-ve-tvaru-hrusky\\\/#breadcrumb\",\"itemListElement\":[{\"@type\":\"ListItem\",\"position\":1,\"name\":\"Home\",\"item\":\"https:\\\/\\\/aureliusjewelry.com\\\/cs\\\/\"},{\"@type\":\"ListItem\",\"position\":2,\"name\":\"Prodejna\",\"item\":\"https:\\\/\\\/aureliusjewelry.com\\\/cs\\\/prodejna\\\/\"},{\"@type\":\"ListItem\",\"position\":3,\"name\":\"Kv\u011btinov\u00fd z\u00e1snubn\u00ed prsten s mechov\u00fdm ach\u00e1tem ve tvaru hru\u0161ky\"}]},{\"@type\":\"WebSite\",\"@id\":\"https:\\\/\\\/aureliusjewelry.com\\\/cs\\\/#website\",\"url\":\"https:\\\/\\\/aureliusjewelry.com\\\/cs\\\/\",\"name\":\"Aurelius Jewelry\",\"description\":\"Handmade Fine Gold Jewelry\",\"publisher\":{\"@id\":\"https:\\\/\\\/aureliusjewelry.com\\\/cs\\\/#organization\"},\"potentialAction\":[{\"@type\":\"SearchAction\",\"target\":{\"@type\":\"EntryPoint\",\"urlTemplate\":\"https:\\\/\\\/aureliusjewelry.com\\\/cs\\\/?s={search_term_string}\"},\"query-input\":{\"@type\":\"PropertyValueSpecification\",\"valueRequired\":true,\"valueName\":\"search_term_string\"}}],\"inLanguage\":\"cs\"},{\"@type\":\"Organization\",\"@id\":\"https:\\\/\\\/aureliusjewelry.com\\\/cs\\\/#organization\",\"name\":\"Aurelius Jewelry\",\"url\":\"https:\\\/\\\/aureliusjewelry.com\\\/cs\\\/\",\"logo\":{\"@type\":\"ImageObject\",\"inLanguage\":\"cs\",\"@id\":\"https:\\\/\\\/aureliusjewelry.com\\\/cs\\\/#\\\/schema\\\/logo\\\/image\\\/\",\"url\":\"https:\\\/\\\/aureliusjewelry.com\\\/wp-content\\\/uploads\\\/logo.png\",\"contentUrl\":\"https:\\\/\\\/aureliusjewelry.com\\\/wp-content\\\/uploads\\\/logo.png\",\"width\":400,\"height\":64,\"caption\":\"Aurelius Jewelry\"},\"image\":{\"@id\":\"https:\\\/\\\/aureliusjewelry.com\\\/cs\\\/#\\\/schema\\\/logo\\\/image\\\/\"},\"sameAs\":[\"https:\\\/\\\/www.facebook.com\\\/AureliusJewelry\\\/\",\"https:\\\/\\\/x.com\\\/AureliusJewelry\",\"https:\\\/\\\/instagram.com\\\/aureliusjewelry\",\"https:\\\/\\\/www.pinterest.com\\\/AureliusJewelry\\\/\"],\"email\":\"info@aureliusjewelry.com\",\"foundingDate\":\"2018-10-01\",\"vatID\":\"SI10391070\",\"hasMerchantReturnPolicy\":{\"@type\":\"MerchantReturnPolicy\",\"merchantReturnLink\":\"https:\\\/\\\/aureliusjewelry.com\\\/our-policies\\\/terms-conditions\\\/\"}}]}<\/script>\n<meta property=\"og:availability\" content=\"backorder\" \/>\n<meta property=\"product:availability\" content=\"available for order\" \/>\n<meta property=\"product:retailer_item_id\" content=\"40268\" \/>\n<meta property=\"product:condition\" content=\"new\" \/>","yoast_head_json":{"title":"Kv\u011btinov\u00fd z\u00e1snubn\u00ed prsten s mechov\u00fdm ach\u00e1tem ve tvaru hru\u0161ky - Aurelius Jewelry","robots":{"index":"index","follow":"follow","max-snippet":"max-snippet:-1","max-image-preview":"max-image-preview:large","max-video-preview":"max-video-preview:-1"},"canonical":"https:\/\/aureliusjewelry.com\/cs\/kvetinovy-zasnubni-prsten-s-mechovym-achatem-ve-tvaru-hrusky\/","og_locale":"cs_CZ","og_type":"article","og_title":"Kv\u011btinov\u00fd z\u00e1snubn\u00ed prsten s mechov\u00fdm ach\u00e1tem ve tvaru hru\u0161ky - Aurelius Jewelry","og_description":"%","og_url":"https:\/\/aureliusjewelry.com\/cs\/kvetinovy-zasnubni-prsten-s-mechovym-achatem-ve-tvaru-hrusky\/","og_site_name":"Aurelius Jewelry","article_publisher":"https:\/\/www.facebook.com\/AureliusJewelry\/","article_modified_time":"2026-03-19T22:35:53+00:00","og_image":[{"width":1920,"height":1440,"url":"https:\/\/aureliusjewelry.com\/wp-content\/uploads\/pear-moss-agate-floral-engagement-ring-14k.jpg","type":"image\/jpeg"}],"twitter_card":"summary_large_image","twitter_site":"@AureliusJewelry","schema":{"@context":"https:\/\/schema.org","@graph":[{"@type":"WebPage","@id":"https:\/\/aureliusjewelry.com\/cs\/kvetinovy-zasnubni-prsten-s-mechovym-achatem-ve-tvaru-hrusky\/","url":"https:\/\/aureliusjewelry.com\/cs\/kvetinovy-zasnubni-prsten-s-mechovym-achatem-ve-tvaru-hrusky\/","name":"Kv\u011btinov\u00fd z\u00e1snubn\u00ed prsten s mechov\u00fdm ach\u00e1tem ve tvaru hru\u0161ky - Aurelius Jewelry","isPartOf":{"@id":"https:\/\/aureliusjewelry.com\/cs\/#website"},"primaryImageOfPage":{"@id":"https:\/\/aureliusjewelry.com\/cs\/kvetinovy-zasnubni-prsten-s-mechovym-achatem-ve-tvaru-hrusky\/#primaryimage"},"image":{"@id":"https:\/\/aureliusjewelry.com\/cs\/kvetinovy-zasnubni-prsten-s-mechovym-achatem-ve-tvaru-hrusky\/#primaryimage"},"thumbnailUrl":"https:\/\/aureliusjewelry.com\/wp-content\/uploads\/pear-moss-agate-floral-engagement-ring-14k.jpg","datePublished":"2023-10-07T09:02:39+00:00","dateModified":"2026-03-19T22:35:53+00:00","breadcrumb":{"@id":"https:\/\/aureliusjewelry.com\/cs\/kvetinovy-zasnubni-prsten-s-mechovym-achatem-ve-tvaru-hrusky\/#breadcrumb"},"inLanguage":"cs","potentialAction":[{"@type":"ReadAction","target":["https:\/\/aureliusjewelry.com\/cs\/kvetinovy-zasnubni-prsten-s-mechovym-achatem-ve-tvaru-hrusky\/"]}]},{"@type":"ImageObject","inLanguage":"cs","@id":"https:\/\/aureliusjewelry.com\/cs\/kvetinovy-zasnubni-prsten-s-mechovym-achatem-ve-tvaru-hrusky\/#primaryimage","url":"https:\/\/aureliusjewelry.com\/wp-content\/uploads\/pear-moss-agate-floral-engagement-ring-14k.jpg","contentUrl":"https:\/\/aureliusjewelry.com\/wp-content\/uploads\/pear-moss-agate-floral-engagement-ring-14k.jpg","width":1920,"height":1440},{"@type":"BreadcrumbList","@id":"https:\/\/aureliusjewelry.com\/cs\/kvetinovy-zasnubni-prsten-s-mechovym-achatem-ve-tvaru-hrusky\/#breadcrumb","itemListElement":[{"@type":"ListItem","position":1,"name":"Home","item":"https:\/\/aureliusjewelry.com\/cs\/"},{"@type":"ListItem","position":2,"name":"Prodejna","item":"https:\/\/aureliusjewelry.com\/cs\/prodejna\/"},{"@type":"ListItem","position":3,"name":"Kv\u011btinov\u00fd z\u00e1snubn\u00ed prsten s mechov\u00fdm ach\u00e1tem ve tvaru hru\u0161ky"}]},{"@type":"WebSite","@id":"https:\/\/aureliusjewelry.com\/cs\/#website","url":"https:\/\/aureliusjewelry.com\/cs\/","name":"Aurelius Jewelry","description":"Handmade Fine Gold Jewelry","publisher":{"@id":"https:\/\/aureliusjewelry.com\/cs\/#organization"},"potentialAction":[{"@type":"SearchAction","target":{"@type":"EntryPoint","urlTemplate":"https:\/\/aureliusjewelry.com\/cs\/?s={search_term_string}"},"query-input":{"@type":"PropertyValueSpecification","valueRequired":true,"valueName":"search_term_string"}}],"inLanguage":"cs"},{"@type":"Organization","@id":"https:\/\/aureliusjewelry.com\/cs\/#organization","name":"Aurelius Jewelry","url":"https:\/\/aureliusjewelry.com\/cs\/","logo":{"@type":"ImageObject","inLanguage":"cs","@id":"https:\/\/aureliusjewelry.com\/cs\/#\/schema\/logo\/image\/","url":"https:\/\/aureliusjewelry.com\/wp-content\/uploads\/logo.png","contentUrl":"https:\/\/aureliusjewelry.com\/wp-content\/uploads\/logo.png","width":400,"height":64,"caption":"Aurelius Jewelry"},"image":{"@id":"https:\/\/aureliusjewelry.com\/cs\/#\/schema\/logo\/image\/"},"sameAs":["https:\/\/www.facebook.com\/AureliusJewelry\/","https:\/\/x.com\/AureliusJewelry","https:\/\/instagram.com\/aureliusjewelry","https:\/\/www.pinterest.com\/AureliusJewelry\/"],"email":"info@aureliusjewelry.com","foundingDate":"2018-10-01","vatID":"SI10391070","hasMerchantReturnPolicy":{"@type":"MerchantReturnPolicy","merchantReturnLink":"https:\/\/aureliusjewelry.com\/our-policies\/terms-conditions\/"}}]},"og_availability":"backorder","product_availability":"available for order","product_retailer_item_id":"40268","product_condition":"new"},"_links":{"self":[{"href":"https:\/\/aureliusjewelry.com\/cs\/wp-json\/wp\/v2\/product\/49059","targetHints":{"allow":["GET"]}}],"collection":[{"href":"https:\/\/aureliusjewelry.com\/cs\/wp-json\/wp\/v2\/product"}],"about":[{"href":"https:\/\/aureliusjewelry.com\/cs\/wp-json\/wp\/v2\/types\/product"}],"replies":[{"embeddable":true,"href":"https:\/\/aureliusjewelry.com\/cs\/wp-json\/wp\/v2\/comments?post=49059"}],"wp:featuredmedia":[{"embeddable":true,"href":"https:\/\/aureliusjewelry.com\/cs\/wp-json\/wp\/v2\/media\/40278"}],"wp:attachment":[{"href":"https:\/\/aureliusjewelry.com\/cs\/wp-json\/wp\/v2\/media?parent=49059"}],"wp:term":[{"taxonomy":"product_brand","embeddable":true,"href":"https:\/\/aureliusjewelry.com\/cs\/wp-json\/wp\/v2\/product_brand?post=49059"},{"taxonomy":"product_cat","embeddable":true,"href":"https:\/\/aureliusjewelry.com\/cs\/wp-json\/wp\/v2\/product_cat?post=49059"},{"taxonomy":"product_tag","embeddable":true,"href":"https:\/\/aureliusjewelry.com\/cs\/wp-json\/wp\/v2\/product_tag?post=49059"}],"curies":[{"name":"wp","href":"https:\/\/api.w.org\/{rel}","templated":true}]}}