{"id":48995,"date":"2023-10-06T14:16:54","date_gmt":"2023-10-06T12:16:54","guid":{"rendered":"http:\/\/aureliusjewelry.com\/product\/mini-verona-sestiuhelnikovy-mechovy-achat-a-diamantovy-prsten\/"},"modified":"2026-04-14T07:20:35","modified_gmt":"2026-04-14T05:20:35","slug":"mini-verona-sestiuhelnikovy-mechovy-achat-a-diamantovy-prsten","status":"publish","type":"product","link":"https:\/\/aureliusjewelry.com\/cs\/mini-verona-sestiuhelnikovy-mechovy-achat-a-diamantovy-prsten\/","title":{"rendered":"Mini Verona &#8211; \u0161esti\u00faheln\u00edkov\u00fd mechov\u00fd ach\u00e1t a diamantov\u00fd prsten"},"content":{"rendered":"<p><strong>Kameny<\/strong><\/p>\n<ul>\n<li>\u0161estihrann\u00fd mechov\u00fd ach\u00e1t<\/li>\n<li>Cca. 6x5mm<\/li>\n<li>kulat\u00e9 diamanty<\/li>\n<li>Cca. 1.75mm (2)<\/li>\n<li>F\/G barva, VS jasnost, bezkonfliktn\u00ed<\/li>\n<\/ul>\n<p><strong>M\u011b\u0159en\u00ed a materi\u00e1l p\u00e1sma<\/strong><\/p>\n<ul>\n<li>1.5mm \u0161irok\u00fd, 1.6mm tlust\u00fd<\/li>\n<li>k dispozici ve 585\/1000 (14k) nebo 750\/1000 (18k) \u017elut\u00e9, b\u00edl\u00e9 nebo r\u016f\u017eov\u011b zlat\u00e9 a platinov\u00e9 950\/1000<\/li>\n<li>Velikost prstenu USA 3-9, men\u0161\u00ed nebo v\u011bt\u0161\u00ed velikosti dostupn\u00e9 na vy\u017e\u00e1d\u00e1n\u00ed<\/li>\n<\/ul>\n","protected":false},"excerpt":{"rendered":"<p>Vytvo\u0159ili jsme mini verzi na\u0161eho Verona Hexagon Moss Achate and Diamond Ring pro ty, kte\u0159\u00ed miluj\u00ed design, ale d\u00e1vaj\u00ed p\u0159ednost men\u0161\u00edm drahokam\u016fm. Pro extra jiskru jsme p\u0159idali dva diamanty zv\u00fdraz\u0148uj\u00edc\u00ed kr\u00e1su p\u0159irozen\u00fdch mechov\u00fdch vzor\u016f v \u0161esti\u00faheln\u00edku. Tato verze vypad\u00e1 obzvl\u00e1\u0161t\u011b rozko\u0161n\u011b na elegantn\u00edch prstech s velikost\u00ed prstenu 5 US a men\u0161\u00ed.<\/p>\n","protected":false},"featured_media":40218,"comment_status":"open","ping_status":"closed","template":"","meta":[],"product_brand":[],"product_cat":[642,1403,673,643,1427,1405,651,658],"product_tag":[1219,709,1246,708,1186],"class_list":{"0":"post-48995","1":"product","2":"type-product","3":"status-publish","4":"has-post-thumbnail","6":"product_cat-contemporary-kolekce","7":"product_cat-geometricke-zasnubni-prsteny","8":"product_cat-prsteny","9":"product_cat-singularity-kolekce","10":"product_cat-tri-kameny-zasnubni-prsten","11":"product_cat-zasnubni-prsten-se-sestihranem","12":"product_cat-zasnubni-prsteny","13":"product_cat-zasnubni-prsteny-s-mechovym-achatem","14":"product_tag-mechovy-achat","15":"product_tag-production_time_3_5-cs","16":"product_tag-prsten","17":"product_tag-rings-cs","18":"product_tag-sestiuhelnik","20":"first","21":"onbackorder","22":"sold-individually","23":"taxable","24":"shipping-taxable","25":"purchasable","26":"product-type-variable"},"yoast_head":"<title>Mini Verona - \u0161esti\u00faheln\u00edkov\u00fd mechov\u00fd ach\u00e1t a diamantov\u00fd prsten - Aurelius Jewelry<\/title>\n<meta name=\"robots\" content=\"index, follow, max-snippet:-1, max-image-preview:large, max-video-preview:-1\" \/>\n<link rel=\"canonical\" href=\"https:\/\/aureliusjewelry.com\/cs\/mini-verona-sestiuhelnikovy-mechovy-achat-a-diamantovy-prsten\/\" \/>\n<meta property=\"og:locale\" content=\"cs_CZ\" \/>\n<meta property=\"og:type\" content=\"article\" \/>\n<meta property=\"og:title\" content=\"Mini Verona - \u0161esti\u00faheln\u00edkov\u00fd mechov\u00fd ach\u00e1t a diamantov\u00fd prsten - Aurelius Jewelry\" \/>\n<meta property=\"og:description\" content=\"%\" \/>\n<meta property=\"og:url\" content=\"https:\/\/aureliusjewelry.com\/cs\/mini-verona-sestiuhelnikovy-mechovy-achat-a-diamantovy-prsten\/\" \/>\n<meta property=\"og:site_name\" content=\"Aurelius Jewelry\" \/>\n<meta property=\"article:publisher\" content=\"https:\/\/www.facebook.com\/AureliusJewelry\/\" \/>\n<meta property=\"article:modified_time\" content=\"2026-04-14T05:20:35+00:00\" \/>\n<meta property=\"og:image\" content=\"https:\/\/aureliusjewelry.com\/wp-content\/uploads\/mini-hexagon-moss-agate-and-diamond-ring.jpg\" \/>\n\t<meta property=\"og:image:width\" content=\"1920\" \/>\n\t<meta property=\"og:image:height\" content=\"1440\" \/>\n\t<meta property=\"og:image:type\" content=\"image\/jpeg\" \/>\n<meta name=\"twitter:card\" content=\"summary_large_image\" \/>\n<meta name=\"twitter:site\" content=\"@AureliusJewelry\" \/>\n<script type=\"application\/ld+json\" class=\"yoast-schema-graph\">{\"@context\":\"https:\\\/\\\/schema.org\",\"@graph\":[{\"@type\":\"WebPage\",\"@id\":\"https:\\\/\\\/aureliusjewelry.com\\\/cs\\\/mini-verona-sestiuhelnikovy-mechovy-achat-a-diamantovy-prsten\\\/\",\"url\":\"https:\\\/\\\/aureliusjewelry.com\\\/cs\\\/mini-verona-sestiuhelnikovy-mechovy-achat-a-diamantovy-prsten\\\/\",\"name\":\"Mini Verona - \u0161esti\u00faheln\u00edkov\u00fd mechov\u00fd ach\u00e1t a diamantov\u00fd prsten - Aurelius Jewelry\",\"isPartOf\":{\"@id\":\"https:\\\/\\\/aureliusjewelry.com\\\/cs\\\/#website\"},\"primaryImageOfPage\":{\"@id\":\"https:\\\/\\\/aureliusjewelry.com\\\/cs\\\/mini-verona-sestiuhelnikovy-mechovy-achat-a-diamantovy-prsten\\\/#primaryimage\"},\"image\":{\"@id\":\"https:\\\/\\\/aureliusjewelry.com\\\/cs\\\/mini-verona-sestiuhelnikovy-mechovy-achat-a-diamantovy-prsten\\\/#primaryimage\"},\"thumbnailUrl\":\"https:\\\/\\\/aureliusjewelry.com\\\/wp-content\\\/uploads\\\/mini-hexagon-moss-agate-and-diamond-ring.jpg\",\"datePublished\":\"2023-10-06T12:16:54+00:00\",\"dateModified\":\"2026-04-14T05:20:35+00:00\",\"breadcrumb\":{\"@id\":\"https:\\\/\\\/aureliusjewelry.com\\\/cs\\\/mini-verona-sestiuhelnikovy-mechovy-achat-a-diamantovy-prsten\\\/#breadcrumb\"},\"inLanguage\":\"cs\",\"potentialAction\":[{\"@type\":\"ReadAction\",\"target\":[\"https:\\\/\\\/aureliusjewelry.com\\\/cs\\\/mini-verona-sestiuhelnikovy-mechovy-achat-a-diamantovy-prsten\\\/\"]}]},{\"@type\":\"ImageObject\",\"inLanguage\":\"cs\",\"@id\":\"https:\\\/\\\/aureliusjewelry.com\\\/cs\\\/mini-verona-sestiuhelnikovy-mechovy-achat-a-diamantovy-prsten\\\/#primaryimage\",\"url\":\"https:\\\/\\\/aureliusjewelry.com\\\/wp-content\\\/uploads\\\/mini-hexagon-moss-agate-and-diamond-ring.jpg\",\"contentUrl\":\"https:\\\/\\\/aureliusjewelry.com\\\/wp-content\\\/uploads\\\/mini-hexagon-moss-agate-and-diamond-ring.jpg\",\"width\":1920,\"height\":1440},{\"@type\":\"BreadcrumbList\",\"@id\":\"https:\\\/\\\/aureliusjewelry.com\\\/cs\\\/mini-verona-sestiuhelnikovy-mechovy-achat-a-diamantovy-prsten\\\/#breadcrumb\",\"itemListElement\":[{\"@type\":\"ListItem\",\"position\":1,\"name\":\"Home\",\"item\":\"https:\\\/\\\/aureliusjewelry.com\\\/cs\\\/\"},{\"@type\":\"ListItem\",\"position\":2,\"name\":\"Prodejna\",\"item\":\"https:\\\/\\\/aureliusjewelry.com\\\/cs\\\/prodejna\\\/\"},{\"@type\":\"ListItem\",\"position\":3,\"name\":\"Mini Verona &#8211; \u0161esti\u00faheln\u00edkov\u00fd mechov\u00fd ach\u00e1t a diamantov\u00fd prsten\"}]},{\"@type\":\"WebSite\",\"@id\":\"https:\\\/\\\/aureliusjewelry.com\\\/cs\\\/#website\",\"url\":\"https:\\\/\\\/aureliusjewelry.com\\\/cs\\\/\",\"name\":\"Aurelius Jewelry\",\"description\":\"Handmade Fine Gold Jewelry\",\"publisher\":{\"@id\":\"https:\\\/\\\/aureliusjewelry.com\\\/cs\\\/#organization\"},\"potentialAction\":[{\"@type\":\"SearchAction\",\"target\":{\"@type\":\"EntryPoint\",\"urlTemplate\":\"https:\\\/\\\/aureliusjewelry.com\\\/cs\\\/?s={search_term_string}\"},\"query-input\":{\"@type\":\"PropertyValueSpecification\",\"valueRequired\":true,\"valueName\":\"search_term_string\"}}],\"inLanguage\":\"cs\"},{\"@type\":\"Organization\",\"@id\":\"https:\\\/\\\/aureliusjewelry.com\\\/cs\\\/#organization\",\"name\":\"Aurelius Jewelry\",\"url\":\"https:\\\/\\\/aureliusjewelry.com\\\/cs\\\/\",\"logo\":{\"@type\":\"ImageObject\",\"inLanguage\":\"cs\",\"@id\":\"https:\\\/\\\/aureliusjewelry.com\\\/cs\\\/#\\\/schema\\\/logo\\\/image\\\/\",\"url\":\"https:\\\/\\\/aureliusjewelry.com\\\/wp-content\\\/uploads\\\/logo.png\",\"contentUrl\":\"https:\\\/\\\/aureliusjewelry.com\\\/wp-content\\\/uploads\\\/logo.png\",\"width\":400,\"height\":64,\"caption\":\"Aurelius Jewelry\"},\"image\":{\"@id\":\"https:\\\/\\\/aureliusjewelry.com\\\/cs\\\/#\\\/schema\\\/logo\\\/image\\\/\"},\"sameAs\":[\"https:\\\/\\\/www.facebook.com\\\/AureliusJewelry\\\/\",\"https:\\\/\\\/x.com\\\/AureliusJewelry\",\"https:\\\/\\\/instagram.com\\\/aureliusjewelry\",\"https:\\\/\\\/www.pinterest.com\\\/AureliusJewelry\\\/\"],\"email\":\"info@aureliusjewelry.com\",\"foundingDate\":\"2018-10-01\",\"vatID\":\"SI10391070\",\"hasMerchantReturnPolicy\":{\"@type\":\"MerchantReturnPolicy\",\"merchantReturnLink\":\"https:\\\/\\\/aureliusjewelry.com\\\/our-policies\\\/terms-conditions\\\/\"}}]}<\/script>\n<meta property=\"og:availability\" content=\"backorder\" \/>\n<meta property=\"product:availability\" content=\"available for order\" \/>\n<meta property=\"product:retailer_item_id\" content=\"40208\" \/>\n<meta property=\"product:condition\" content=\"new\" \/>","yoast_head_json":{"title":"Mini Verona - \u0161esti\u00faheln\u00edkov\u00fd mechov\u00fd ach\u00e1t a diamantov\u00fd prsten - Aurelius Jewelry","robots":{"index":"index","follow":"follow","max-snippet":"max-snippet:-1","max-image-preview":"max-image-preview:large","max-video-preview":"max-video-preview:-1"},"canonical":"https:\/\/aureliusjewelry.com\/cs\/mini-verona-sestiuhelnikovy-mechovy-achat-a-diamantovy-prsten\/","og_locale":"cs_CZ","og_type":"article","og_title":"Mini Verona - \u0161esti\u00faheln\u00edkov\u00fd mechov\u00fd ach\u00e1t a diamantov\u00fd prsten - Aurelius Jewelry","og_description":"%","og_url":"https:\/\/aureliusjewelry.com\/cs\/mini-verona-sestiuhelnikovy-mechovy-achat-a-diamantovy-prsten\/","og_site_name":"Aurelius Jewelry","article_publisher":"https:\/\/www.facebook.com\/AureliusJewelry\/","article_modified_time":"2026-04-14T05:20:35+00:00","og_image":[{"width":1920,"height":1440,"url":"https:\/\/aureliusjewelry.com\/wp-content\/uploads\/mini-hexagon-moss-agate-and-diamond-ring.jpg","type":"image\/jpeg"}],"twitter_card":"summary_large_image","twitter_site":"@AureliusJewelry","schema":{"@context":"https:\/\/schema.org","@graph":[{"@type":"WebPage","@id":"https:\/\/aureliusjewelry.com\/cs\/mini-verona-sestiuhelnikovy-mechovy-achat-a-diamantovy-prsten\/","url":"https:\/\/aureliusjewelry.com\/cs\/mini-verona-sestiuhelnikovy-mechovy-achat-a-diamantovy-prsten\/","name":"Mini Verona - \u0161esti\u00faheln\u00edkov\u00fd mechov\u00fd ach\u00e1t a diamantov\u00fd prsten - Aurelius Jewelry","isPartOf":{"@id":"https:\/\/aureliusjewelry.com\/cs\/#website"},"primaryImageOfPage":{"@id":"https:\/\/aureliusjewelry.com\/cs\/mini-verona-sestiuhelnikovy-mechovy-achat-a-diamantovy-prsten\/#primaryimage"},"image":{"@id":"https:\/\/aureliusjewelry.com\/cs\/mini-verona-sestiuhelnikovy-mechovy-achat-a-diamantovy-prsten\/#primaryimage"},"thumbnailUrl":"https:\/\/aureliusjewelry.com\/wp-content\/uploads\/mini-hexagon-moss-agate-and-diamond-ring.jpg","datePublished":"2023-10-06T12:16:54+00:00","dateModified":"2026-04-14T05:20:35+00:00","breadcrumb":{"@id":"https:\/\/aureliusjewelry.com\/cs\/mini-verona-sestiuhelnikovy-mechovy-achat-a-diamantovy-prsten\/#breadcrumb"},"inLanguage":"cs","potentialAction":[{"@type":"ReadAction","target":["https:\/\/aureliusjewelry.com\/cs\/mini-verona-sestiuhelnikovy-mechovy-achat-a-diamantovy-prsten\/"]}]},{"@type":"ImageObject","inLanguage":"cs","@id":"https:\/\/aureliusjewelry.com\/cs\/mini-verona-sestiuhelnikovy-mechovy-achat-a-diamantovy-prsten\/#primaryimage","url":"https:\/\/aureliusjewelry.com\/wp-content\/uploads\/mini-hexagon-moss-agate-and-diamond-ring.jpg","contentUrl":"https:\/\/aureliusjewelry.com\/wp-content\/uploads\/mini-hexagon-moss-agate-and-diamond-ring.jpg","width":1920,"height":1440},{"@type":"BreadcrumbList","@id":"https:\/\/aureliusjewelry.com\/cs\/mini-verona-sestiuhelnikovy-mechovy-achat-a-diamantovy-prsten\/#breadcrumb","itemListElement":[{"@type":"ListItem","position":1,"name":"Home","item":"https:\/\/aureliusjewelry.com\/cs\/"},{"@type":"ListItem","position":2,"name":"Prodejna","item":"https:\/\/aureliusjewelry.com\/cs\/prodejna\/"},{"@type":"ListItem","position":3,"name":"Mini Verona &#8211; \u0161esti\u00faheln\u00edkov\u00fd mechov\u00fd ach\u00e1t a diamantov\u00fd prsten"}]},{"@type":"WebSite","@id":"https:\/\/aureliusjewelry.com\/cs\/#website","url":"https:\/\/aureliusjewelry.com\/cs\/","name":"Aurelius Jewelry","description":"Handmade Fine Gold Jewelry","publisher":{"@id":"https:\/\/aureliusjewelry.com\/cs\/#organization"},"potentialAction":[{"@type":"SearchAction","target":{"@type":"EntryPoint","urlTemplate":"https:\/\/aureliusjewelry.com\/cs\/?s={search_term_string}"},"query-input":{"@type":"PropertyValueSpecification","valueRequired":true,"valueName":"search_term_string"}}],"inLanguage":"cs"},{"@type":"Organization","@id":"https:\/\/aureliusjewelry.com\/cs\/#organization","name":"Aurelius Jewelry","url":"https:\/\/aureliusjewelry.com\/cs\/","logo":{"@type":"ImageObject","inLanguage":"cs","@id":"https:\/\/aureliusjewelry.com\/cs\/#\/schema\/logo\/image\/","url":"https:\/\/aureliusjewelry.com\/wp-content\/uploads\/logo.png","contentUrl":"https:\/\/aureliusjewelry.com\/wp-content\/uploads\/logo.png","width":400,"height":64,"caption":"Aurelius Jewelry"},"image":{"@id":"https:\/\/aureliusjewelry.com\/cs\/#\/schema\/logo\/image\/"},"sameAs":["https:\/\/www.facebook.com\/AureliusJewelry\/","https:\/\/x.com\/AureliusJewelry","https:\/\/instagram.com\/aureliusjewelry","https:\/\/www.pinterest.com\/AureliusJewelry\/"],"email":"info@aureliusjewelry.com","foundingDate":"2018-10-01","vatID":"SI10391070","hasMerchantReturnPolicy":{"@type":"MerchantReturnPolicy","merchantReturnLink":"https:\/\/aureliusjewelry.com\/our-policies\/terms-conditions\/"}}]},"og_availability":"backorder","product_availability":"available for order","product_retailer_item_id":"40208","product_condition":"new"},"_links":{"self":[{"href":"https:\/\/aureliusjewelry.com\/cs\/wp-json\/wp\/v2\/product\/48995","targetHints":{"allow":["GET"]}}],"collection":[{"href":"https:\/\/aureliusjewelry.com\/cs\/wp-json\/wp\/v2\/product"}],"about":[{"href":"https:\/\/aureliusjewelry.com\/cs\/wp-json\/wp\/v2\/types\/product"}],"replies":[{"embeddable":true,"href":"https:\/\/aureliusjewelry.com\/cs\/wp-json\/wp\/v2\/comments?post=48995"}],"wp:featuredmedia":[{"embeddable":true,"href":"https:\/\/aureliusjewelry.com\/cs\/wp-json\/wp\/v2\/media\/40218"}],"wp:attachment":[{"href":"https:\/\/aureliusjewelry.com\/cs\/wp-json\/wp\/v2\/media?parent=48995"}],"wp:term":[{"taxonomy":"product_brand","embeddable":true,"href":"https:\/\/aureliusjewelry.com\/cs\/wp-json\/wp\/v2\/product_brand?post=48995"},{"taxonomy":"product_cat","embeddable":true,"href":"https:\/\/aureliusjewelry.com\/cs\/wp-json\/wp\/v2\/product_cat?post=48995"},{"taxonomy":"product_tag","embeddable":true,"href":"https:\/\/aureliusjewelry.com\/cs\/wp-json\/wp\/v2\/product_tag?post=48995"}],"curies":[{"name":"wp","href":"https:\/\/api.w.org\/{rel}","templated":true}]}}