{"id":48913,"date":"2023-09-28T22:05:09","date_gmt":"2023-09-28T20:05:09","guid":{"rendered":"http:\/\/aureliusjewelry.com\/product\/nausnice-z-mechoveho-achatu-ve-tvaru-hrusky\/"},"modified":"2026-04-02T20:30:45","modified_gmt":"2026-04-02T18:30:45","slug":"nausnice-z-mechoveho-achatu-ve-tvaru-hrusky","status":"publish","type":"product","link":"https:\/\/aureliusjewelry.com\/cs\/nausnice-z-mechoveho-achatu-ve-tvaru-hrusky\/","title":{"rendered":"N\u00e1u\u0161nice z mechov\u00e9ho ach\u00e1tu ve tvaru hru\u0161ky"},"content":{"rendered":"<p><strong>Kameny<\/strong><\/p>\n<ul>\n<li>hru\u0161kov\u00fd ach\u00e1t<\/li>\n<li>Cca. 8x6mm (2)<\/li>\n<\/ul>\n<p><strong>Rozm\u011bry a materi\u00e1l n\u00e1u\u0161nic<\/strong><\/p>\n<ul>\n<li>Cca. 8mm<\/li>\n<li>k dispozici ve 14k \u017elut\u00e9m, b\u00edl\u00e9m nebo r\u016f\u017eov\u00e9m zlat\u011b<\/li>\n<\/ul>\n","protected":false},"excerpt":{"rendered":"<p>Na\u0161e n\u00e1u\u0161nice s ach\u00e1tem z hru\u0161kov\u00e9ho mechu se vyzna\u010duj\u00ed p\u00e1rem ach\u00e1t\u016f z mechu s r\u016f\u017ei\u010dkov\u00fdm vzorem. Kr\u00e1sa p\u0159\u00edrody zachycen\u00e1 v drahokamu a zapouzd\u0159en\u00e1 v jemn\u00e9m r\u00e1me\u010dku. Design m\u016f\u017ee b\u00fdt jednoduch\u00fd a klasick\u00fd, ale je tak\u00e9 \u017eensk\u00fd a v\u0161estrann\u00fd, d\u00edky \u010demu\u017e se hod\u00ed pro ka\u017edou p\u0159\u00edle\u017eitost.<\/p>\n","protected":false},"featured_media":39568,"comment_status":"open","ping_status":"closed","template":"","meta":[],"product_brand":[],"product_cat":[669,1121,671],"product_tag":[1234,1219,709],"class_list":{"0":"post-48913","1":"product","2":"type-product","3":"status-publish","4":"has-post-thumbnail","6":"product_cat-jemne-sperky","7":"product_cat-mechove-achatove-nausnice","8":"product_cat-nausnice","9":"product_tag-hruska","10":"product_tag-mechovy-achat","11":"product_tag-production_time_3_5-cs","13":"first","14":"onbackorder","15":"sold-individually","16":"taxable","17":"shipping-taxable","18":"purchasable","19":"product-type-variable"},"yoast_head":"<title>N\u00e1u\u0161nice z mechov\u00e9ho ach\u00e1tu ve tvaru hru\u0161ky - Aurelius Jewelry<\/title>\n<meta name=\"robots\" content=\"index, follow, max-snippet:-1, max-image-preview:large, max-video-preview:-1\" \/>\n<link rel=\"canonical\" href=\"https:\/\/aureliusjewelry.com\/cs\/nausnice-z-mechoveho-achatu-ve-tvaru-hrusky\/\" \/>\n<meta property=\"og:locale\" content=\"cs_CZ\" \/>\n<meta property=\"og:type\" content=\"article\" \/>\n<meta property=\"og:title\" content=\"N\u00e1u\u0161nice z mechov\u00e9ho ach\u00e1tu ve tvaru hru\u0161ky - Aurelius Jewelry\" \/>\n<meta property=\"og:description\" content=\"%\" \/>\n<meta property=\"og:url\" content=\"https:\/\/aureliusjewelry.com\/cs\/nausnice-z-mechoveho-achatu-ve-tvaru-hrusky\/\" \/>\n<meta property=\"og:site_name\" content=\"Aurelius Jewelry\" \/>\n<meta property=\"article:publisher\" content=\"https:\/\/www.facebook.com\/AureliusJewelry\/\" \/>\n<meta property=\"article:modified_time\" content=\"2026-04-02T18:30:45+00:00\" \/>\n<meta property=\"og:image\" content=\"https:\/\/aureliusjewelry.com\/wp-content\/uploads\/pear-moss-agate-stud-earrings-white-gold.jpg\" \/>\n\t<meta property=\"og:image:width\" content=\"1920\" \/>\n\t<meta property=\"og:image:height\" content=\"1440\" \/>\n\t<meta property=\"og:image:type\" content=\"image\/jpeg\" \/>\n<meta name=\"twitter:card\" content=\"summary_large_image\" \/>\n<meta name=\"twitter:site\" content=\"@AureliusJewelry\" \/>\n<script type=\"application\/ld+json\" class=\"yoast-schema-graph\">{\"@context\":\"https:\\\/\\\/schema.org\",\"@graph\":[{\"@type\":\"WebPage\",\"@id\":\"https:\\\/\\\/aureliusjewelry.com\\\/cs\\\/nausnice-z-mechoveho-achatu-ve-tvaru-hrusky\\\/\",\"url\":\"https:\\\/\\\/aureliusjewelry.com\\\/cs\\\/nausnice-z-mechoveho-achatu-ve-tvaru-hrusky\\\/\",\"name\":\"N\u00e1u\u0161nice z mechov\u00e9ho ach\u00e1tu ve tvaru hru\u0161ky - Aurelius Jewelry\",\"isPartOf\":{\"@id\":\"https:\\\/\\\/aureliusjewelry.com\\\/cs\\\/#website\"},\"primaryImageOfPage\":{\"@id\":\"https:\\\/\\\/aureliusjewelry.com\\\/cs\\\/nausnice-z-mechoveho-achatu-ve-tvaru-hrusky\\\/#primaryimage\"},\"image\":{\"@id\":\"https:\\\/\\\/aureliusjewelry.com\\\/cs\\\/nausnice-z-mechoveho-achatu-ve-tvaru-hrusky\\\/#primaryimage\"},\"thumbnailUrl\":\"https:\\\/\\\/aureliusjewelry.com\\\/wp-content\\\/uploads\\\/pear-moss-agate-stud-earrings-white-gold.jpg\",\"datePublished\":\"2023-09-28T20:05:09+00:00\",\"dateModified\":\"2026-04-02T18:30:45+00:00\",\"breadcrumb\":{\"@id\":\"https:\\\/\\\/aureliusjewelry.com\\\/cs\\\/nausnice-z-mechoveho-achatu-ve-tvaru-hrusky\\\/#breadcrumb\"},\"inLanguage\":\"cs\",\"potentialAction\":[{\"@type\":\"ReadAction\",\"target\":[\"https:\\\/\\\/aureliusjewelry.com\\\/cs\\\/nausnice-z-mechoveho-achatu-ve-tvaru-hrusky\\\/\"]}]},{\"@type\":\"ImageObject\",\"inLanguage\":\"cs\",\"@id\":\"https:\\\/\\\/aureliusjewelry.com\\\/cs\\\/nausnice-z-mechoveho-achatu-ve-tvaru-hrusky\\\/#primaryimage\",\"url\":\"https:\\\/\\\/aureliusjewelry.com\\\/wp-content\\\/uploads\\\/pear-moss-agate-stud-earrings-white-gold.jpg\",\"contentUrl\":\"https:\\\/\\\/aureliusjewelry.com\\\/wp-content\\\/uploads\\\/pear-moss-agate-stud-earrings-white-gold.jpg\",\"width\":1920,\"height\":1440},{\"@type\":\"BreadcrumbList\",\"@id\":\"https:\\\/\\\/aureliusjewelry.com\\\/cs\\\/nausnice-z-mechoveho-achatu-ve-tvaru-hrusky\\\/#breadcrumb\",\"itemListElement\":[{\"@type\":\"ListItem\",\"position\":1,\"name\":\"Home\",\"item\":\"https:\\\/\\\/aureliusjewelry.com\\\/cs\\\/\"},{\"@type\":\"ListItem\",\"position\":2,\"name\":\"Prodejna\",\"item\":\"https:\\\/\\\/aureliusjewelry.com\\\/cs\\\/prodejna\\\/\"},{\"@type\":\"ListItem\",\"position\":3,\"name\":\"N\u00e1u\u0161nice z mechov\u00e9ho ach\u00e1tu ve tvaru hru\u0161ky\"}]},{\"@type\":\"WebSite\",\"@id\":\"https:\\\/\\\/aureliusjewelry.com\\\/cs\\\/#website\",\"url\":\"https:\\\/\\\/aureliusjewelry.com\\\/cs\\\/\",\"name\":\"Aurelius Jewelry\",\"description\":\"Handmade Fine Gold Jewelry\",\"publisher\":{\"@id\":\"https:\\\/\\\/aureliusjewelry.com\\\/cs\\\/#organization\"},\"potentialAction\":[{\"@type\":\"SearchAction\",\"target\":{\"@type\":\"EntryPoint\",\"urlTemplate\":\"https:\\\/\\\/aureliusjewelry.com\\\/cs\\\/?s={search_term_string}\"},\"query-input\":{\"@type\":\"PropertyValueSpecification\",\"valueRequired\":true,\"valueName\":\"search_term_string\"}}],\"inLanguage\":\"cs\"},{\"@type\":\"Organization\",\"@id\":\"https:\\\/\\\/aureliusjewelry.com\\\/cs\\\/#organization\",\"name\":\"Aurelius Jewelry\",\"url\":\"https:\\\/\\\/aureliusjewelry.com\\\/cs\\\/\",\"logo\":{\"@type\":\"ImageObject\",\"inLanguage\":\"cs\",\"@id\":\"https:\\\/\\\/aureliusjewelry.com\\\/cs\\\/#\\\/schema\\\/logo\\\/image\\\/\",\"url\":\"https:\\\/\\\/aureliusjewelry.com\\\/wp-content\\\/uploads\\\/logo.png\",\"contentUrl\":\"https:\\\/\\\/aureliusjewelry.com\\\/wp-content\\\/uploads\\\/logo.png\",\"width\":400,\"height\":64,\"caption\":\"Aurelius Jewelry\"},\"image\":{\"@id\":\"https:\\\/\\\/aureliusjewelry.com\\\/cs\\\/#\\\/schema\\\/logo\\\/image\\\/\"},\"sameAs\":[\"https:\\\/\\\/www.facebook.com\\\/AureliusJewelry\\\/\",\"https:\\\/\\\/x.com\\\/AureliusJewelry\",\"https:\\\/\\\/instagram.com\\\/aureliusjewelry\",\"https:\\\/\\\/www.pinterest.com\\\/AureliusJewelry\\\/\"],\"email\":\"info@aureliusjewelry.com\",\"foundingDate\":\"2018-10-01\",\"vatID\":\"SI10391070\",\"hasMerchantReturnPolicy\":{\"@type\":\"MerchantReturnPolicy\",\"merchantReturnLink\":\"https:\\\/\\\/aureliusjewelry.com\\\/our-policies\\\/terms-conditions\\\/\"}}]}<\/script>\n<meta property=\"og:availability\" content=\"backorder\" \/>\n<meta property=\"product:availability\" content=\"available for order\" \/>\n<meta property=\"product:retailer_item_id\" content=\"39562\" \/>\n<meta property=\"product:condition\" content=\"new\" \/>","yoast_head_json":{"title":"N\u00e1u\u0161nice z mechov\u00e9ho ach\u00e1tu ve tvaru hru\u0161ky - Aurelius Jewelry","robots":{"index":"index","follow":"follow","max-snippet":"max-snippet:-1","max-image-preview":"max-image-preview:large","max-video-preview":"max-video-preview:-1"},"canonical":"https:\/\/aureliusjewelry.com\/cs\/nausnice-z-mechoveho-achatu-ve-tvaru-hrusky\/","og_locale":"cs_CZ","og_type":"article","og_title":"N\u00e1u\u0161nice z mechov\u00e9ho ach\u00e1tu ve tvaru hru\u0161ky - Aurelius Jewelry","og_description":"%","og_url":"https:\/\/aureliusjewelry.com\/cs\/nausnice-z-mechoveho-achatu-ve-tvaru-hrusky\/","og_site_name":"Aurelius Jewelry","article_publisher":"https:\/\/www.facebook.com\/AureliusJewelry\/","article_modified_time":"2026-04-02T18:30:45+00:00","og_image":[{"width":1920,"height":1440,"url":"https:\/\/aureliusjewelry.com\/wp-content\/uploads\/pear-moss-agate-stud-earrings-white-gold.jpg","type":"image\/jpeg"}],"twitter_card":"summary_large_image","twitter_site":"@AureliusJewelry","schema":{"@context":"https:\/\/schema.org","@graph":[{"@type":"WebPage","@id":"https:\/\/aureliusjewelry.com\/cs\/nausnice-z-mechoveho-achatu-ve-tvaru-hrusky\/","url":"https:\/\/aureliusjewelry.com\/cs\/nausnice-z-mechoveho-achatu-ve-tvaru-hrusky\/","name":"N\u00e1u\u0161nice z mechov\u00e9ho ach\u00e1tu ve tvaru hru\u0161ky - Aurelius Jewelry","isPartOf":{"@id":"https:\/\/aureliusjewelry.com\/cs\/#website"},"primaryImageOfPage":{"@id":"https:\/\/aureliusjewelry.com\/cs\/nausnice-z-mechoveho-achatu-ve-tvaru-hrusky\/#primaryimage"},"image":{"@id":"https:\/\/aureliusjewelry.com\/cs\/nausnice-z-mechoveho-achatu-ve-tvaru-hrusky\/#primaryimage"},"thumbnailUrl":"https:\/\/aureliusjewelry.com\/wp-content\/uploads\/pear-moss-agate-stud-earrings-white-gold.jpg","datePublished":"2023-09-28T20:05:09+00:00","dateModified":"2026-04-02T18:30:45+00:00","breadcrumb":{"@id":"https:\/\/aureliusjewelry.com\/cs\/nausnice-z-mechoveho-achatu-ve-tvaru-hrusky\/#breadcrumb"},"inLanguage":"cs","potentialAction":[{"@type":"ReadAction","target":["https:\/\/aureliusjewelry.com\/cs\/nausnice-z-mechoveho-achatu-ve-tvaru-hrusky\/"]}]},{"@type":"ImageObject","inLanguage":"cs","@id":"https:\/\/aureliusjewelry.com\/cs\/nausnice-z-mechoveho-achatu-ve-tvaru-hrusky\/#primaryimage","url":"https:\/\/aureliusjewelry.com\/wp-content\/uploads\/pear-moss-agate-stud-earrings-white-gold.jpg","contentUrl":"https:\/\/aureliusjewelry.com\/wp-content\/uploads\/pear-moss-agate-stud-earrings-white-gold.jpg","width":1920,"height":1440},{"@type":"BreadcrumbList","@id":"https:\/\/aureliusjewelry.com\/cs\/nausnice-z-mechoveho-achatu-ve-tvaru-hrusky\/#breadcrumb","itemListElement":[{"@type":"ListItem","position":1,"name":"Home","item":"https:\/\/aureliusjewelry.com\/cs\/"},{"@type":"ListItem","position":2,"name":"Prodejna","item":"https:\/\/aureliusjewelry.com\/cs\/prodejna\/"},{"@type":"ListItem","position":3,"name":"N\u00e1u\u0161nice z mechov\u00e9ho ach\u00e1tu ve tvaru hru\u0161ky"}]},{"@type":"WebSite","@id":"https:\/\/aureliusjewelry.com\/cs\/#website","url":"https:\/\/aureliusjewelry.com\/cs\/","name":"Aurelius Jewelry","description":"Handmade Fine Gold Jewelry","publisher":{"@id":"https:\/\/aureliusjewelry.com\/cs\/#organization"},"potentialAction":[{"@type":"SearchAction","target":{"@type":"EntryPoint","urlTemplate":"https:\/\/aureliusjewelry.com\/cs\/?s={search_term_string}"},"query-input":{"@type":"PropertyValueSpecification","valueRequired":true,"valueName":"search_term_string"}}],"inLanguage":"cs"},{"@type":"Organization","@id":"https:\/\/aureliusjewelry.com\/cs\/#organization","name":"Aurelius Jewelry","url":"https:\/\/aureliusjewelry.com\/cs\/","logo":{"@type":"ImageObject","inLanguage":"cs","@id":"https:\/\/aureliusjewelry.com\/cs\/#\/schema\/logo\/image\/","url":"https:\/\/aureliusjewelry.com\/wp-content\/uploads\/logo.png","contentUrl":"https:\/\/aureliusjewelry.com\/wp-content\/uploads\/logo.png","width":400,"height":64,"caption":"Aurelius Jewelry"},"image":{"@id":"https:\/\/aureliusjewelry.com\/cs\/#\/schema\/logo\/image\/"},"sameAs":["https:\/\/www.facebook.com\/AureliusJewelry\/","https:\/\/x.com\/AureliusJewelry","https:\/\/instagram.com\/aureliusjewelry","https:\/\/www.pinterest.com\/AureliusJewelry\/"],"email":"info@aureliusjewelry.com","foundingDate":"2018-10-01","vatID":"SI10391070","hasMerchantReturnPolicy":{"@type":"MerchantReturnPolicy","merchantReturnLink":"https:\/\/aureliusjewelry.com\/our-policies\/terms-conditions\/"}}]},"og_availability":"backorder","product_availability":"available for order","product_retailer_item_id":"39562","product_condition":"new"},"_links":{"self":[{"href":"https:\/\/aureliusjewelry.com\/cs\/wp-json\/wp\/v2\/product\/48913","targetHints":{"allow":["GET"]}}],"collection":[{"href":"https:\/\/aureliusjewelry.com\/cs\/wp-json\/wp\/v2\/product"}],"about":[{"href":"https:\/\/aureliusjewelry.com\/cs\/wp-json\/wp\/v2\/types\/product"}],"replies":[{"embeddable":true,"href":"https:\/\/aureliusjewelry.com\/cs\/wp-json\/wp\/v2\/comments?post=48913"}],"wp:featuredmedia":[{"embeddable":true,"href":"https:\/\/aureliusjewelry.com\/cs\/wp-json\/wp\/v2\/media\/39568"}],"wp:attachment":[{"href":"https:\/\/aureliusjewelry.com\/cs\/wp-json\/wp\/v2\/media?parent=48913"}],"wp:term":[{"taxonomy":"product_brand","embeddable":true,"href":"https:\/\/aureliusjewelry.com\/cs\/wp-json\/wp\/v2\/product_brand?post=48913"},{"taxonomy":"product_cat","embeddable":true,"href":"https:\/\/aureliusjewelry.com\/cs\/wp-json\/wp\/v2\/product_cat?post=48913"},{"taxonomy":"product_tag","embeddable":true,"href":"https:\/\/aureliusjewelry.com\/cs\/wp-json\/wp\/v2\/product_tag?post=48913"}],"curies":[{"name":"wp","href":"https:\/\/api.w.org\/{rel}","templated":true}]}}