{"id":48833,"date":"2023-12-06T15:57:19","date_gmt":"2023-12-06T13:57:19","guid":{"rendered":"http:\/\/aureliusjewelry.com\/product\/naramek-s-rutilovanym-kremenem-v-bagetovem-tvaru\/"},"modified":"2026-03-19T18:28:27","modified_gmt":"2026-03-19T16:28:27","slug":"naramek-s-rutilovanym-kremenem-v-bagetovem-tvaru","status":"publish","type":"product","link":"https:\/\/aureliusjewelry.com\/cs\/naramek-s-rutilovanym-kremenem-v-bagetovem-tvaru\/","title":{"rendered":"N\u00e1ramek s rutilovan\u00fdm k\u0159emenem v bagetov\u00e9m tvaru"},"content":{"rendered":"<p><strong>K\u00e1men<\/strong><\/p>\n<ul>\n<li>baguette rutilated quartz<\/li>\n<li>Cca. 10x5mm<\/li>\n<\/ul>\n<p><strong>Typ a materi\u00e1l \u0159et\u011bzu<\/strong><\/p>\n<ul>\n<li>ploch\u00fd diamantov\u00fd \u0159et\u00edzek rolo<\/li>\n<li>k dispozici ve 14k \u017elut\u00e9m, b\u00edl\u00e9m nebo r\u016f\u017eov\u00e9m zlat\u011b<\/li>\n<li>5-8 palc\u016f, krat\u0161\u00ed nebo del\u0161\u00ed \u0159et\u011bz k dispozici na vy\u017e\u00e1d\u00e1n\u00ed<\/li>\n<\/ul>\n","protected":false},"excerpt":{"rendered":"<p>N\u00e1\u0161 n\u00e1ramek Baguette Rutilated Quartz n\u00e1ramek je jedine\u010dn\u00fd d\u00edky nikdy podobn\u00fdm \u010dern\u00fdm rutilov\u00fdm pruh\u016fm v k\u0159emenn\u00e9m drahokamu. Rafinovan\u00fd n\u00e1ramek, kter\u00fd m\u016f\u017eete nosit s dal\u0161\u00edmi obl\u00edben\u00fdmi dopl\u0148ky nebo jej nechat z\u00e1\u0159it samostatn\u011b. N\u00e1ramek se stylov\u00fdm bagetov\u00fdm kamenem dod\u00e1 va\u0161emu vzhledu kone\u010dnou podobu a p\u0159ipomene v\u00e1m, jak cenn\u00e1 je jedine\u010dnost p\u0159\u00edrodn\u00edch drahokam\u016f.<\/p>\n","protected":false},"featured_media":45804,"comment_status":"open","ping_status":"closed","template":"","meta":[],"product_brand":[],"product_cat":[669,672,1104],"product_tag":[1162,709,1259],"class_list":{"0":"post-48833","1":"product","2":"type-product","3":"status-publish","4":"has-post-thumbnail","6":"product_cat-jemne-sperky","7":"product_cat-naramky","8":"product_cat-rutilated-quartz-naramek","9":"product_tag-bageta","10":"product_tag-production_time_3_5-cs","11":"product_tag-rutilizovany-kremen","13":"first","14":"onbackorder","15":"sold-individually","16":"taxable","17":"shipping-taxable","18":"purchasable","19":"product-type-variable"},"yoast_head":"<title>N\u00e1ramek s rutilovan\u00fdm k\u0159emenem v bagetov\u00e9m tvaru - Aurelius Jewelry<\/title>\n<meta name=\"robots\" content=\"index, follow, max-snippet:-1, max-image-preview:large, max-video-preview:-1\" \/>\n<link rel=\"canonical\" href=\"https:\/\/aureliusjewelry.com\/cs\/naramek-s-rutilovanym-kremenem-v-bagetovem-tvaru\/\" \/>\n<meta property=\"og:locale\" content=\"cs_CZ\" \/>\n<meta property=\"og:type\" content=\"article\" \/>\n<meta property=\"og:title\" content=\"N\u00e1ramek s rutilovan\u00fdm k\u0159emenem v bagetov\u00e9m tvaru - Aurelius Jewelry\" \/>\n<meta property=\"og:description\" content=\"%\" \/>\n<meta property=\"og:url\" content=\"https:\/\/aureliusjewelry.com\/cs\/naramek-s-rutilovanym-kremenem-v-bagetovem-tvaru\/\" \/>\n<meta property=\"og:site_name\" content=\"Aurelius Jewelry\" \/>\n<meta property=\"article:publisher\" content=\"https:\/\/www.facebook.com\/AureliusJewelry\/\" \/>\n<meta property=\"article:modified_time\" content=\"2026-03-19T16:28:27+00:00\" \/>\n<meta property=\"og:image\" content=\"https:\/\/aureliusjewelry.com\/wp-content\/uploads\/yellow-gold-baguette-rutilated-quartz-bracelet.jpg\" \/>\n\t<meta property=\"og:image:width\" content=\"1920\" \/>\n\t<meta property=\"og:image:height\" content=\"1440\" \/>\n\t<meta property=\"og:image:type\" content=\"image\/jpeg\" \/>\n<meta name=\"twitter:card\" content=\"summary_large_image\" \/>\n<meta name=\"twitter:site\" content=\"@AureliusJewelry\" \/>\n<script type=\"application\/ld+json\" class=\"yoast-schema-graph\">{\"@context\":\"https:\\\/\\\/schema.org\",\"@graph\":[{\"@type\":\"WebPage\",\"@id\":\"https:\\\/\\\/aureliusjewelry.com\\\/cs\\\/naramek-s-rutilovanym-kremenem-v-bagetovem-tvaru\\\/\",\"url\":\"https:\\\/\\\/aureliusjewelry.com\\\/cs\\\/naramek-s-rutilovanym-kremenem-v-bagetovem-tvaru\\\/\",\"name\":\"N\u00e1ramek s rutilovan\u00fdm k\u0159emenem v bagetov\u00e9m tvaru - Aurelius Jewelry\",\"isPartOf\":{\"@id\":\"https:\\\/\\\/aureliusjewelry.com\\\/cs\\\/#website\"},\"primaryImageOfPage\":{\"@id\":\"https:\\\/\\\/aureliusjewelry.com\\\/cs\\\/naramek-s-rutilovanym-kremenem-v-bagetovem-tvaru\\\/#primaryimage\"},\"image\":{\"@id\":\"https:\\\/\\\/aureliusjewelry.com\\\/cs\\\/naramek-s-rutilovanym-kremenem-v-bagetovem-tvaru\\\/#primaryimage\"},\"thumbnailUrl\":\"https:\\\/\\\/aureliusjewelry.com\\\/wp-content\\\/uploads\\\/yellow-gold-baguette-rutilated-quartz-bracelet.jpg\",\"datePublished\":\"2023-12-06T13:57:19+00:00\",\"dateModified\":\"2026-03-19T16:28:27+00:00\",\"breadcrumb\":{\"@id\":\"https:\\\/\\\/aureliusjewelry.com\\\/cs\\\/naramek-s-rutilovanym-kremenem-v-bagetovem-tvaru\\\/#breadcrumb\"},\"inLanguage\":\"cs\",\"potentialAction\":[{\"@type\":\"ReadAction\",\"target\":[\"https:\\\/\\\/aureliusjewelry.com\\\/cs\\\/naramek-s-rutilovanym-kremenem-v-bagetovem-tvaru\\\/\"]}]},{\"@type\":\"ImageObject\",\"inLanguage\":\"cs\",\"@id\":\"https:\\\/\\\/aureliusjewelry.com\\\/cs\\\/naramek-s-rutilovanym-kremenem-v-bagetovem-tvaru\\\/#primaryimage\",\"url\":\"https:\\\/\\\/aureliusjewelry.com\\\/wp-content\\\/uploads\\\/yellow-gold-baguette-rutilated-quartz-bracelet.jpg\",\"contentUrl\":\"https:\\\/\\\/aureliusjewelry.com\\\/wp-content\\\/uploads\\\/yellow-gold-baguette-rutilated-quartz-bracelet.jpg\",\"width\":1920,\"height\":1440},{\"@type\":\"BreadcrumbList\",\"@id\":\"https:\\\/\\\/aureliusjewelry.com\\\/cs\\\/naramek-s-rutilovanym-kremenem-v-bagetovem-tvaru\\\/#breadcrumb\",\"itemListElement\":[{\"@type\":\"ListItem\",\"position\":1,\"name\":\"Home\",\"item\":\"https:\\\/\\\/aureliusjewelry.com\\\/cs\\\/\"},{\"@type\":\"ListItem\",\"position\":2,\"name\":\"Prodejna\",\"item\":\"https:\\\/\\\/aureliusjewelry.com\\\/cs\\\/prodejna\\\/\"},{\"@type\":\"ListItem\",\"position\":3,\"name\":\"N\u00e1ramek s rutilovan\u00fdm k\u0159emenem v bagetov\u00e9m tvaru\"}]},{\"@type\":\"WebSite\",\"@id\":\"https:\\\/\\\/aureliusjewelry.com\\\/cs\\\/#website\",\"url\":\"https:\\\/\\\/aureliusjewelry.com\\\/cs\\\/\",\"name\":\"Aurelius Jewelry\",\"description\":\"Handmade Fine Gold Jewelry\",\"publisher\":{\"@id\":\"https:\\\/\\\/aureliusjewelry.com\\\/cs\\\/#organization\"},\"potentialAction\":[{\"@type\":\"SearchAction\",\"target\":{\"@type\":\"EntryPoint\",\"urlTemplate\":\"https:\\\/\\\/aureliusjewelry.com\\\/cs\\\/?s={search_term_string}\"},\"query-input\":{\"@type\":\"PropertyValueSpecification\",\"valueRequired\":true,\"valueName\":\"search_term_string\"}}],\"inLanguage\":\"cs\"},{\"@type\":\"Organization\",\"@id\":\"https:\\\/\\\/aureliusjewelry.com\\\/cs\\\/#organization\",\"name\":\"Aurelius Jewelry\",\"url\":\"https:\\\/\\\/aureliusjewelry.com\\\/cs\\\/\",\"logo\":{\"@type\":\"ImageObject\",\"inLanguage\":\"cs\",\"@id\":\"https:\\\/\\\/aureliusjewelry.com\\\/cs\\\/#\\\/schema\\\/logo\\\/image\\\/\",\"url\":\"https:\\\/\\\/aureliusjewelry.com\\\/wp-content\\\/uploads\\\/logo.png\",\"contentUrl\":\"https:\\\/\\\/aureliusjewelry.com\\\/wp-content\\\/uploads\\\/logo.png\",\"width\":400,\"height\":64,\"caption\":\"Aurelius Jewelry\"},\"image\":{\"@id\":\"https:\\\/\\\/aureliusjewelry.com\\\/cs\\\/#\\\/schema\\\/logo\\\/image\\\/\"},\"sameAs\":[\"https:\\\/\\\/www.facebook.com\\\/AureliusJewelry\\\/\",\"https:\\\/\\\/x.com\\\/AureliusJewelry\",\"https:\\\/\\\/instagram.com\\\/aureliusjewelry\",\"https:\\\/\\\/www.pinterest.com\\\/AureliusJewelry\\\/\"],\"email\":\"info@aureliusjewelry.com\",\"foundingDate\":\"2018-10-01\",\"vatID\":\"SI10391070\",\"hasMerchantReturnPolicy\":{\"@type\":\"MerchantReturnPolicy\",\"merchantReturnLink\":\"https:\\\/\\\/aureliusjewelry.com\\\/our-policies\\\/terms-conditions\\\/\"}}]}<\/script>\n<meta property=\"og:availability\" content=\"backorder\" \/>\n<meta property=\"product:availability\" content=\"available for order\" \/>\n<meta property=\"product:retailer_item_id\" content=\"45801\" \/>\n<meta property=\"product:condition\" content=\"new\" \/>","yoast_head_json":{"title":"N\u00e1ramek s rutilovan\u00fdm k\u0159emenem v bagetov\u00e9m tvaru - Aurelius Jewelry","robots":{"index":"index","follow":"follow","max-snippet":"max-snippet:-1","max-image-preview":"max-image-preview:large","max-video-preview":"max-video-preview:-1"},"canonical":"https:\/\/aureliusjewelry.com\/cs\/naramek-s-rutilovanym-kremenem-v-bagetovem-tvaru\/","og_locale":"cs_CZ","og_type":"article","og_title":"N\u00e1ramek s rutilovan\u00fdm k\u0159emenem v bagetov\u00e9m tvaru - Aurelius Jewelry","og_description":"%","og_url":"https:\/\/aureliusjewelry.com\/cs\/naramek-s-rutilovanym-kremenem-v-bagetovem-tvaru\/","og_site_name":"Aurelius Jewelry","article_publisher":"https:\/\/www.facebook.com\/AureliusJewelry\/","article_modified_time":"2026-03-19T16:28:27+00:00","og_image":[{"width":1920,"height":1440,"url":"https:\/\/aureliusjewelry.com\/wp-content\/uploads\/yellow-gold-baguette-rutilated-quartz-bracelet.jpg","type":"image\/jpeg"}],"twitter_card":"summary_large_image","twitter_site":"@AureliusJewelry","schema":{"@context":"https:\/\/schema.org","@graph":[{"@type":"WebPage","@id":"https:\/\/aureliusjewelry.com\/cs\/naramek-s-rutilovanym-kremenem-v-bagetovem-tvaru\/","url":"https:\/\/aureliusjewelry.com\/cs\/naramek-s-rutilovanym-kremenem-v-bagetovem-tvaru\/","name":"N\u00e1ramek s rutilovan\u00fdm k\u0159emenem v bagetov\u00e9m tvaru - Aurelius Jewelry","isPartOf":{"@id":"https:\/\/aureliusjewelry.com\/cs\/#website"},"primaryImageOfPage":{"@id":"https:\/\/aureliusjewelry.com\/cs\/naramek-s-rutilovanym-kremenem-v-bagetovem-tvaru\/#primaryimage"},"image":{"@id":"https:\/\/aureliusjewelry.com\/cs\/naramek-s-rutilovanym-kremenem-v-bagetovem-tvaru\/#primaryimage"},"thumbnailUrl":"https:\/\/aureliusjewelry.com\/wp-content\/uploads\/yellow-gold-baguette-rutilated-quartz-bracelet.jpg","datePublished":"2023-12-06T13:57:19+00:00","dateModified":"2026-03-19T16:28:27+00:00","breadcrumb":{"@id":"https:\/\/aureliusjewelry.com\/cs\/naramek-s-rutilovanym-kremenem-v-bagetovem-tvaru\/#breadcrumb"},"inLanguage":"cs","potentialAction":[{"@type":"ReadAction","target":["https:\/\/aureliusjewelry.com\/cs\/naramek-s-rutilovanym-kremenem-v-bagetovem-tvaru\/"]}]},{"@type":"ImageObject","inLanguage":"cs","@id":"https:\/\/aureliusjewelry.com\/cs\/naramek-s-rutilovanym-kremenem-v-bagetovem-tvaru\/#primaryimage","url":"https:\/\/aureliusjewelry.com\/wp-content\/uploads\/yellow-gold-baguette-rutilated-quartz-bracelet.jpg","contentUrl":"https:\/\/aureliusjewelry.com\/wp-content\/uploads\/yellow-gold-baguette-rutilated-quartz-bracelet.jpg","width":1920,"height":1440},{"@type":"BreadcrumbList","@id":"https:\/\/aureliusjewelry.com\/cs\/naramek-s-rutilovanym-kremenem-v-bagetovem-tvaru\/#breadcrumb","itemListElement":[{"@type":"ListItem","position":1,"name":"Home","item":"https:\/\/aureliusjewelry.com\/cs\/"},{"@type":"ListItem","position":2,"name":"Prodejna","item":"https:\/\/aureliusjewelry.com\/cs\/prodejna\/"},{"@type":"ListItem","position":3,"name":"N\u00e1ramek s rutilovan\u00fdm k\u0159emenem v bagetov\u00e9m tvaru"}]},{"@type":"WebSite","@id":"https:\/\/aureliusjewelry.com\/cs\/#website","url":"https:\/\/aureliusjewelry.com\/cs\/","name":"Aurelius Jewelry","description":"Handmade Fine Gold Jewelry","publisher":{"@id":"https:\/\/aureliusjewelry.com\/cs\/#organization"},"potentialAction":[{"@type":"SearchAction","target":{"@type":"EntryPoint","urlTemplate":"https:\/\/aureliusjewelry.com\/cs\/?s={search_term_string}"},"query-input":{"@type":"PropertyValueSpecification","valueRequired":true,"valueName":"search_term_string"}}],"inLanguage":"cs"},{"@type":"Organization","@id":"https:\/\/aureliusjewelry.com\/cs\/#organization","name":"Aurelius Jewelry","url":"https:\/\/aureliusjewelry.com\/cs\/","logo":{"@type":"ImageObject","inLanguage":"cs","@id":"https:\/\/aureliusjewelry.com\/cs\/#\/schema\/logo\/image\/","url":"https:\/\/aureliusjewelry.com\/wp-content\/uploads\/logo.png","contentUrl":"https:\/\/aureliusjewelry.com\/wp-content\/uploads\/logo.png","width":400,"height":64,"caption":"Aurelius Jewelry"},"image":{"@id":"https:\/\/aureliusjewelry.com\/cs\/#\/schema\/logo\/image\/"},"sameAs":["https:\/\/www.facebook.com\/AureliusJewelry\/","https:\/\/x.com\/AureliusJewelry","https:\/\/instagram.com\/aureliusjewelry","https:\/\/www.pinterest.com\/AureliusJewelry\/"],"email":"info@aureliusjewelry.com","foundingDate":"2018-10-01","vatID":"SI10391070","hasMerchantReturnPolicy":{"@type":"MerchantReturnPolicy","merchantReturnLink":"https:\/\/aureliusjewelry.com\/our-policies\/terms-conditions\/"}}]},"og_availability":"backorder","product_availability":"available for order","product_retailer_item_id":"45801","product_condition":"new"},"_links":{"self":[{"href":"https:\/\/aureliusjewelry.com\/cs\/wp-json\/wp\/v2\/product\/48833","targetHints":{"allow":["GET"]}}],"collection":[{"href":"https:\/\/aureliusjewelry.com\/cs\/wp-json\/wp\/v2\/product"}],"about":[{"href":"https:\/\/aureliusjewelry.com\/cs\/wp-json\/wp\/v2\/types\/product"}],"replies":[{"embeddable":true,"href":"https:\/\/aureliusjewelry.com\/cs\/wp-json\/wp\/v2\/comments?post=48833"}],"wp:featuredmedia":[{"embeddable":true,"href":"https:\/\/aureliusjewelry.com\/cs\/wp-json\/wp\/v2\/media\/45804"}],"wp:attachment":[{"href":"https:\/\/aureliusjewelry.com\/cs\/wp-json\/wp\/v2\/media?parent=48833"}],"wp:term":[{"taxonomy":"product_brand","embeddable":true,"href":"https:\/\/aureliusjewelry.com\/cs\/wp-json\/wp\/v2\/product_brand?post=48833"},{"taxonomy":"product_cat","embeddable":true,"href":"https:\/\/aureliusjewelry.com\/cs\/wp-json\/wp\/v2\/product_cat?post=48833"},{"taxonomy":"product_tag","embeddable":true,"href":"https:\/\/aureliusjewelry.com\/cs\/wp-json\/wp\/v2\/product_tag?post=48833"}],"curies":[{"name":"wp","href":"https:\/\/api.w.org\/{rel}","templated":true}]}}