{"id":48704,"date":"2023-10-01T22:50:24","date_gmt":"2023-10-01T20:50:24","guid":{"rendered":"http:\/\/aureliusjewelry.com\/product\/naramek-s-princeznovskym-brousenym-mechovym-achatem\/"},"modified":"2026-04-02T20:30:36","modified_gmt":"2026-04-02T18:30:36","slug":"naramek-s-princeznovskym-brousenym-mechovym-achatem","status":"publish","type":"product","link":"https:\/\/aureliusjewelry.com\/cs\/naramek-s-princeznovskym-brousenym-mechovym-achatem\/","title":{"rendered":"N\u00e1ramek s princeznovsk\u00fdm brou\u0161en\u00fdm mechov\u00fdm ach\u00e1tem"},"content":{"rendered":"<p>&lt;strong&gt;K\u00e1men&lt;\/strong&gt;&lt;ul&gt;<br \/>\n&lt;li&gt;princezna \u0159ezan\u00fd mechov\u00fd ach\u00e1t&lt;\/li&gt;<br \/>\n&lt;li&gt;Cca. 7x7mm&lt;\/li&gt;&lt;\/ul&gt;<br \/>\n&lt;strong&gt;Typ a materi\u00e1l \u0159et\u011bzu&lt;\/strong&gt;&lt;ul&gt;<br \/>\n&lt;li&gt;ploch\u00fd diamantov\u00fd \u0159et\u00edzek rolo&lt;\/li&gt;<br \/>\n&lt;li&gt;k dispozici ve 14k \u017elut\u00e9m, b\u00edl\u00e9m nebo r\u016f\u017eov\u00e9m zlat\u011b&lt;\/li&gt;<br \/>\n&lt;li&gt;5-8 palc\u016f, krat\u0161\u00ed nebo del\u0161\u00ed \u0159et\u011bz k dispozici na vy\u017e\u00e1d\u00e1n\u00ed&lt;\/li&gt;&lt;\/ul&gt;<\/p>\n","protected":false},"excerpt":{"rendered":"<p>Dodejte sv\u00e9 sb\u00edrce \u0161perk\u016f dotek p\u0159\u00edrody s na\u0161\u00edm n\u00e1ramkem Princess Moss Achate s kouzlem zasazen\u00fdm do polovi\u010dn\u00ed obruby. Jedine\u010dn\u00e9 vzory v ka\u017ed\u00e9m drahokamu p\u0159ipom\u00ednaj\u00ed mech nebo li\u0161ejn\u00edk a \u017e\u00e1dn\u00e9 dva kameny nejsou stejn\u00e9. Propracovan\u00fd tvar princeznovsk\u00e9ho st\u0159ihu v kombinaci se zemit\u00fdmi t\u00f3ny je kombinac\u00ed, kterou hled\u00e1me p\u0159i v\u00fdb\u011bru dopl\u0148ku pro ka\u017edodenn\u00ed no\u0161en\u00ed.<\/p>\n","protected":false},"featured_media":39678,"comment_status":"open","ping_status":"closed","template":"","meta":[],"product_brand":[],"product_cat":[669,1125,672],"product_tag":[1219,1243,709],"class_list":{"0":"post-48704","1":"product","2":"type-product","3":"status-publish","4":"has-post-thumbnail","6":"product_cat-jemne-sperky","7":"product_cat-mechovy-achatovy-naramek","8":"product_cat-naramky","9":"product_tag-mechovy-achat","10":"product_tag-princezna","11":"product_tag-production_time_3_5-cs","13":"first","14":"onbackorder","15":"sold-individually","16":"taxable","17":"shipping-taxable","18":"purchasable","19":"product-type-variable"},"yoast_head":"<title>N\u00e1ramek s princeznovsk\u00fdm brou\u0161en\u00fdm mechov\u00fdm ach\u00e1tem - Aurelius Jewelry<\/title>\n<meta name=\"robots\" content=\"index, follow, max-snippet:-1, max-image-preview:large, max-video-preview:-1\" \/>\n<link rel=\"canonical\" href=\"https:\/\/aureliusjewelry.com\/cs\/naramek-s-princeznovskym-brousenym-mechovym-achatem\/\" \/>\n<meta property=\"og:locale\" content=\"cs_CZ\" \/>\n<meta property=\"og:type\" content=\"article\" \/>\n<meta property=\"og:title\" content=\"N\u00e1ramek s princeznovsk\u00fdm brou\u0161en\u00fdm mechov\u00fdm ach\u00e1tem - Aurelius Jewelry\" \/>\n<meta property=\"og:description\" content=\"%\" \/>\n<meta property=\"og:url\" content=\"https:\/\/aureliusjewelry.com\/cs\/naramek-s-princeznovskym-brousenym-mechovym-achatem\/\" \/>\n<meta property=\"og:site_name\" content=\"Aurelius Jewelry\" \/>\n<meta property=\"article:publisher\" content=\"https:\/\/www.facebook.com\/AureliusJewelry\/\" \/>\n<meta property=\"article:modified_time\" content=\"2026-04-02T18:30:36+00:00\" \/>\n<meta property=\"og:image\" content=\"https:\/\/aureliusjewelry.com\/wp-content\/uploads\/princess-moss-agate-bracelet-14k.jpg\" \/>\n\t<meta property=\"og:image:width\" content=\"1920\" \/>\n\t<meta property=\"og:image:height\" content=\"1440\" \/>\n\t<meta property=\"og:image:type\" content=\"image\/jpeg\" \/>\n<meta name=\"twitter:card\" content=\"summary_large_image\" \/>\n<meta name=\"twitter:site\" content=\"@AureliusJewelry\" \/>\n<script type=\"application\/ld+json\" class=\"yoast-schema-graph\">{\"@context\":\"https:\\\/\\\/schema.org\",\"@graph\":[{\"@type\":\"WebPage\",\"@id\":\"https:\\\/\\\/aureliusjewelry.com\\\/cs\\\/naramek-s-princeznovskym-brousenym-mechovym-achatem\\\/\",\"url\":\"https:\\\/\\\/aureliusjewelry.com\\\/cs\\\/naramek-s-princeznovskym-brousenym-mechovym-achatem\\\/\",\"name\":\"N\u00e1ramek s princeznovsk\u00fdm brou\u0161en\u00fdm mechov\u00fdm ach\u00e1tem - Aurelius Jewelry\",\"isPartOf\":{\"@id\":\"https:\\\/\\\/aureliusjewelry.com\\\/cs\\\/#website\"},\"primaryImageOfPage\":{\"@id\":\"https:\\\/\\\/aureliusjewelry.com\\\/cs\\\/naramek-s-princeznovskym-brousenym-mechovym-achatem\\\/#primaryimage\"},\"image\":{\"@id\":\"https:\\\/\\\/aureliusjewelry.com\\\/cs\\\/naramek-s-princeznovskym-brousenym-mechovym-achatem\\\/#primaryimage\"},\"thumbnailUrl\":\"https:\\\/\\\/aureliusjewelry.com\\\/wp-content\\\/uploads\\\/princess-moss-agate-bracelet-14k.jpg\",\"datePublished\":\"2023-10-01T20:50:24+00:00\",\"dateModified\":\"2026-04-02T18:30:36+00:00\",\"breadcrumb\":{\"@id\":\"https:\\\/\\\/aureliusjewelry.com\\\/cs\\\/naramek-s-princeznovskym-brousenym-mechovym-achatem\\\/#breadcrumb\"},\"inLanguage\":\"cs\",\"potentialAction\":[{\"@type\":\"ReadAction\",\"target\":[\"https:\\\/\\\/aureliusjewelry.com\\\/cs\\\/naramek-s-princeznovskym-brousenym-mechovym-achatem\\\/\"]}]},{\"@type\":\"ImageObject\",\"inLanguage\":\"cs\",\"@id\":\"https:\\\/\\\/aureliusjewelry.com\\\/cs\\\/naramek-s-princeznovskym-brousenym-mechovym-achatem\\\/#primaryimage\",\"url\":\"https:\\\/\\\/aureliusjewelry.com\\\/wp-content\\\/uploads\\\/princess-moss-agate-bracelet-14k.jpg\",\"contentUrl\":\"https:\\\/\\\/aureliusjewelry.com\\\/wp-content\\\/uploads\\\/princess-moss-agate-bracelet-14k.jpg\",\"width\":1920,\"height\":1440},{\"@type\":\"BreadcrumbList\",\"@id\":\"https:\\\/\\\/aureliusjewelry.com\\\/cs\\\/naramek-s-princeznovskym-brousenym-mechovym-achatem\\\/#breadcrumb\",\"itemListElement\":[{\"@type\":\"ListItem\",\"position\":1,\"name\":\"Home\",\"item\":\"https:\\\/\\\/aureliusjewelry.com\\\/cs\\\/\"},{\"@type\":\"ListItem\",\"position\":2,\"name\":\"Prodejna\",\"item\":\"https:\\\/\\\/aureliusjewelry.com\\\/cs\\\/prodejna\\\/\"},{\"@type\":\"ListItem\",\"position\":3,\"name\":\"N\u00e1ramek s princeznovsk\u00fdm brou\u0161en\u00fdm mechov\u00fdm ach\u00e1tem\"}]},{\"@type\":\"WebSite\",\"@id\":\"https:\\\/\\\/aureliusjewelry.com\\\/cs\\\/#website\",\"url\":\"https:\\\/\\\/aureliusjewelry.com\\\/cs\\\/\",\"name\":\"Aurelius Jewelry\",\"description\":\"Handmade Fine Gold Jewelry\",\"publisher\":{\"@id\":\"https:\\\/\\\/aureliusjewelry.com\\\/cs\\\/#organization\"},\"potentialAction\":[{\"@type\":\"SearchAction\",\"target\":{\"@type\":\"EntryPoint\",\"urlTemplate\":\"https:\\\/\\\/aureliusjewelry.com\\\/cs\\\/?s={search_term_string}\"},\"query-input\":{\"@type\":\"PropertyValueSpecification\",\"valueRequired\":true,\"valueName\":\"search_term_string\"}}],\"inLanguage\":\"cs\"},{\"@type\":\"Organization\",\"@id\":\"https:\\\/\\\/aureliusjewelry.com\\\/cs\\\/#organization\",\"name\":\"Aurelius Jewelry\",\"url\":\"https:\\\/\\\/aureliusjewelry.com\\\/cs\\\/\",\"logo\":{\"@type\":\"ImageObject\",\"inLanguage\":\"cs\",\"@id\":\"https:\\\/\\\/aureliusjewelry.com\\\/cs\\\/#\\\/schema\\\/logo\\\/image\\\/\",\"url\":\"https:\\\/\\\/aureliusjewelry.com\\\/wp-content\\\/uploads\\\/logo.png\",\"contentUrl\":\"https:\\\/\\\/aureliusjewelry.com\\\/wp-content\\\/uploads\\\/logo.png\",\"width\":400,\"height\":64,\"caption\":\"Aurelius Jewelry\"},\"image\":{\"@id\":\"https:\\\/\\\/aureliusjewelry.com\\\/cs\\\/#\\\/schema\\\/logo\\\/image\\\/\"},\"sameAs\":[\"https:\\\/\\\/www.facebook.com\\\/AureliusJewelry\\\/\",\"https:\\\/\\\/x.com\\\/AureliusJewelry\",\"https:\\\/\\\/instagram.com\\\/aureliusjewelry\",\"https:\\\/\\\/www.pinterest.com\\\/AureliusJewelry\\\/\"],\"email\":\"info@aureliusjewelry.com\",\"foundingDate\":\"2018-10-01\",\"vatID\":\"SI10391070\",\"hasMerchantReturnPolicy\":{\"@type\":\"MerchantReturnPolicy\",\"merchantReturnLink\":\"https:\\\/\\\/aureliusjewelry.com\\\/our-policies\\\/terms-conditions\\\/\"}}]}<\/script>\n<meta property=\"og:availability\" content=\"backorder\" \/>\n<meta property=\"product:availability\" content=\"available for order\" \/>\n<meta property=\"product:retailer_item_id\" content=\"39672\" \/>\n<meta property=\"product:condition\" content=\"new\" \/>","yoast_head_json":{"title":"N\u00e1ramek s princeznovsk\u00fdm brou\u0161en\u00fdm mechov\u00fdm ach\u00e1tem - Aurelius Jewelry","robots":{"index":"index","follow":"follow","max-snippet":"max-snippet:-1","max-image-preview":"max-image-preview:large","max-video-preview":"max-video-preview:-1"},"canonical":"https:\/\/aureliusjewelry.com\/cs\/naramek-s-princeznovskym-brousenym-mechovym-achatem\/","og_locale":"cs_CZ","og_type":"article","og_title":"N\u00e1ramek s princeznovsk\u00fdm brou\u0161en\u00fdm mechov\u00fdm ach\u00e1tem - Aurelius Jewelry","og_description":"%","og_url":"https:\/\/aureliusjewelry.com\/cs\/naramek-s-princeznovskym-brousenym-mechovym-achatem\/","og_site_name":"Aurelius Jewelry","article_publisher":"https:\/\/www.facebook.com\/AureliusJewelry\/","article_modified_time":"2026-04-02T18:30:36+00:00","og_image":[{"width":1920,"height":1440,"url":"https:\/\/aureliusjewelry.com\/wp-content\/uploads\/princess-moss-agate-bracelet-14k.jpg","type":"image\/jpeg"}],"twitter_card":"summary_large_image","twitter_site":"@AureliusJewelry","schema":{"@context":"https:\/\/schema.org","@graph":[{"@type":"WebPage","@id":"https:\/\/aureliusjewelry.com\/cs\/naramek-s-princeznovskym-brousenym-mechovym-achatem\/","url":"https:\/\/aureliusjewelry.com\/cs\/naramek-s-princeznovskym-brousenym-mechovym-achatem\/","name":"N\u00e1ramek s princeznovsk\u00fdm brou\u0161en\u00fdm mechov\u00fdm ach\u00e1tem - Aurelius Jewelry","isPartOf":{"@id":"https:\/\/aureliusjewelry.com\/cs\/#website"},"primaryImageOfPage":{"@id":"https:\/\/aureliusjewelry.com\/cs\/naramek-s-princeznovskym-brousenym-mechovym-achatem\/#primaryimage"},"image":{"@id":"https:\/\/aureliusjewelry.com\/cs\/naramek-s-princeznovskym-brousenym-mechovym-achatem\/#primaryimage"},"thumbnailUrl":"https:\/\/aureliusjewelry.com\/wp-content\/uploads\/princess-moss-agate-bracelet-14k.jpg","datePublished":"2023-10-01T20:50:24+00:00","dateModified":"2026-04-02T18:30:36+00:00","breadcrumb":{"@id":"https:\/\/aureliusjewelry.com\/cs\/naramek-s-princeznovskym-brousenym-mechovym-achatem\/#breadcrumb"},"inLanguage":"cs","potentialAction":[{"@type":"ReadAction","target":["https:\/\/aureliusjewelry.com\/cs\/naramek-s-princeznovskym-brousenym-mechovym-achatem\/"]}]},{"@type":"ImageObject","inLanguage":"cs","@id":"https:\/\/aureliusjewelry.com\/cs\/naramek-s-princeznovskym-brousenym-mechovym-achatem\/#primaryimage","url":"https:\/\/aureliusjewelry.com\/wp-content\/uploads\/princess-moss-agate-bracelet-14k.jpg","contentUrl":"https:\/\/aureliusjewelry.com\/wp-content\/uploads\/princess-moss-agate-bracelet-14k.jpg","width":1920,"height":1440},{"@type":"BreadcrumbList","@id":"https:\/\/aureliusjewelry.com\/cs\/naramek-s-princeznovskym-brousenym-mechovym-achatem\/#breadcrumb","itemListElement":[{"@type":"ListItem","position":1,"name":"Home","item":"https:\/\/aureliusjewelry.com\/cs\/"},{"@type":"ListItem","position":2,"name":"Prodejna","item":"https:\/\/aureliusjewelry.com\/cs\/prodejna\/"},{"@type":"ListItem","position":3,"name":"N\u00e1ramek s princeznovsk\u00fdm brou\u0161en\u00fdm mechov\u00fdm ach\u00e1tem"}]},{"@type":"WebSite","@id":"https:\/\/aureliusjewelry.com\/cs\/#website","url":"https:\/\/aureliusjewelry.com\/cs\/","name":"Aurelius Jewelry","description":"Handmade Fine Gold Jewelry","publisher":{"@id":"https:\/\/aureliusjewelry.com\/cs\/#organization"},"potentialAction":[{"@type":"SearchAction","target":{"@type":"EntryPoint","urlTemplate":"https:\/\/aureliusjewelry.com\/cs\/?s={search_term_string}"},"query-input":{"@type":"PropertyValueSpecification","valueRequired":true,"valueName":"search_term_string"}}],"inLanguage":"cs"},{"@type":"Organization","@id":"https:\/\/aureliusjewelry.com\/cs\/#organization","name":"Aurelius Jewelry","url":"https:\/\/aureliusjewelry.com\/cs\/","logo":{"@type":"ImageObject","inLanguage":"cs","@id":"https:\/\/aureliusjewelry.com\/cs\/#\/schema\/logo\/image\/","url":"https:\/\/aureliusjewelry.com\/wp-content\/uploads\/logo.png","contentUrl":"https:\/\/aureliusjewelry.com\/wp-content\/uploads\/logo.png","width":400,"height":64,"caption":"Aurelius Jewelry"},"image":{"@id":"https:\/\/aureliusjewelry.com\/cs\/#\/schema\/logo\/image\/"},"sameAs":["https:\/\/www.facebook.com\/AureliusJewelry\/","https:\/\/x.com\/AureliusJewelry","https:\/\/instagram.com\/aureliusjewelry","https:\/\/www.pinterest.com\/AureliusJewelry\/"],"email":"info@aureliusjewelry.com","foundingDate":"2018-10-01","vatID":"SI10391070","hasMerchantReturnPolicy":{"@type":"MerchantReturnPolicy","merchantReturnLink":"https:\/\/aureliusjewelry.com\/our-policies\/terms-conditions\/"}}]},"og_availability":"backorder","product_availability":"available for order","product_retailer_item_id":"39672","product_condition":"new"},"_links":{"self":[{"href":"https:\/\/aureliusjewelry.com\/cs\/wp-json\/wp\/v2\/product\/48704","targetHints":{"allow":["GET"]}}],"collection":[{"href":"https:\/\/aureliusjewelry.com\/cs\/wp-json\/wp\/v2\/product"}],"about":[{"href":"https:\/\/aureliusjewelry.com\/cs\/wp-json\/wp\/v2\/types\/product"}],"replies":[{"embeddable":true,"href":"https:\/\/aureliusjewelry.com\/cs\/wp-json\/wp\/v2\/comments?post=48704"}],"wp:featuredmedia":[{"embeddable":true,"href":"https:\/\/aureliusjewelry.com\/cs\/wp-json\/wp\/v2\/media\/39678"}],"wp:attachment":[{"href":"https:\/\/aureliusjewelry.com\/cs\/wp-json\/wp\/v2\/media?parent=48704"}],"wp:term":[{"taxonomy":"product_brand","embeddable":true,"href":"https:\/\/aureliusjewelry.com\/cs\/wp-json\/wp\/v2\/product_brand?post=48704"},{"taxonomy":"product_cat","embeddable":true,"href":"https:\/\/aureliusjewelry.com\/cs\/wp-json\/wp\/v2\/product_cat?post=48704"},{"taxonomy":"product_tag","embeddable":true,"href":"https:\/\/aureliusjewelry.com\/cs\/wp-json\/wp\/v2\/product_tag?post=48704"}],"curies":[{"name":"wp","href":"https:\/\/api.w.org\/{rel}","templated":true}]}}