{"id":48592,"date":"2023-10-13T18:16:59","date_gmt":"2023-10-13T16:16:59","guid":{"rendered":"http:\/\/aureliusjewelry.com\/product\/sada-diamantu-ze-soli-a-pepre-draka-se-6-hroty-na-zasnubnim-prstenu-solitaire\/"},"modified":"2026-03-28T15:06:13","modified_gmt":"2026-03-28T13:06:13","slug":"sada-diamantu-ze-soli-a-pepre-draka-se-6-hroty-na-zasnubnim-prstenu-solitaire","status":"publish","type":"product","link":"https:\/\/aureliusjewelry.com\/cs\/sada-diamantu-ze-soli-a-pepre-draka-se-6-hroty-na-zasnubnim-prstenu-solitaire\/","title":{"rendered":"Sada diamant\u016f ze soli a pep\u0159e draka se 6 hroty na z\u00e1snubn\u00edm prstenu Solitaire"},"content":{"rendered":"<p><strong>K\u00e1men<\/strong><\/p>\n<ul>\n<li>dra\u010d\u00ed s\u016fl a pep\u0159 diamant<\/li>\n<li>Cca. 12x7mm<\/li>\n<\/ul>\n<p><strong>M\u011b\u0159en\u00ed a materi\u00e1l p\u00e1sma<\/strong><\/p>\n<ul>\n<li>1.5mm \u0161irok\u00fd, 1.6mm tlust\u00fd<\/li>\n<li>k dispozici ve 585\/1000 (14k) nebo 750\/1000 (18k) \u017elut\u00e9, b\u00edl\u00e9 nebo r\u016f\u017eov\u011b zlat\u00e9 a platinov\u00e9 950\/1000<\/li>\n<li>Velikost prstenu USA 3-9, men\u0161\u00ed nebo v\u011bt\u0161\u00ed velikosti dostupn\u00e9 na vy\u017e\u00e1d\u00e1n\u00ed<\/li>\n<\/ul>\n","protected":false},"excerpt":{"rendered":"<p>Ten, kdo \u0159\u00edkal, \u017ee v\u011bt\u0161\u00ed nen\u00ed v\u017edy lep\u0161\u00ed, nevid\u011bl n\u00e1\u0161 z\u00e1snubn\u00ed prsten solitaire s diamantem se 6 hroty. S diamantem t\u00e9to velikosti v\u00e1\u0161 prsten jist\u011b p\u0159it\u00e1hne pozornost a komplimenty. Design solitaire se dob\u0159e hod\u00ed ke stohovac\u00edm prsten\u016fm ve tvaru V z \u010dist\u00e9ho zlata nebo zdoben\u00fdm mal\u00fdmi b\u00edl\u00fdmi diamanty. Ka\u017ed\u00fd kite s\u016fl a pep\u0159 diamant je jedine\u010dn\u00fd; m\u016f\u017eete si vybrat ten, kter\u00fd se v\u00e1m nejv\u00edce l\u00edb\u00ed pro v\u00e1\u0161 prsten!<\/p>\n","protected":false},"featured_media":40658,"comment_status":"open","ping_status":"closed","template":"","meta":[],"product_brand":[],"product_cat":[642,1403,673,643,1406,1422,651,652],"product_tag":[1262,1194,709,1246,708],"class_list":{"0":"post-48592","1":"product","2":"type-product","3":"status-publish","4":"has-post-thumbnail","6":"product_cat-contemporary-kolekce","7":"product_cat-geometricke-zasnubni-prsteny","8":"product_cat-prsteny","9":"product_cat-singularity-kolekce","10":"product_cat-zasnubni-prsten-kite","11":"product_cat-zasnubni-prsten-solitaire","12":"product_cat-zasnubni-prsteny","13":"product_cat-zasnubni-prsteny-s-diamanty-salt-and-pepper","14":"product_tag-diamant-se-soli-a-peprem","15":"product_tag-drak","16":"product_tag-production_time_3_5-cs","17":"product_tag-prsten","18":"product_tag-rings-cs","20":"first","21":"onbackorder","22":"sold-individually","23":"taxable","24":"shipping-taxable","25":"purchasable","26":"product-type-variable"},"yoast_head":"<title>Sada diamant\u016f ze soli a pep\u0159e draka se 6 hroty na z\u00e1snubn\u00edm prstenu Solitaire - Aurelius Jewelry<\/title>\n<meta name=\"robots\" content=\"index, follow, max-snippet:-1, max-image-preview:large, max-video-preview:-1\" \/>\n<link rel=\"canonical\" href=\"https:\/\/aureliusjewelry.com\/cs\/sada-diamantu-ze-soli-a-pepre-draka-se-6-hroty-na-zasnubnim-prstenu-solitaire\/\" \/>\n<meta property=\"og:locale\" content=\"cs_CZ\" \/>\n<meta property=\"og:type\" content=\"article\" \/>\n<meta property=\"og:title\" content=\"Sada diamant\u016f ze soli a pep\u0159e draka se 6 hroty na z\u00e1snubn\u00edm prstenu Solitaire - Aurelius Jewelry\" \/>\n<meta property=\"og:description\" content=\"%\" \/>\n<meta property=\"og:url\" content=\"https:\/\/aureliusjewelry.com\/cs\/sada-diamantu-ze-soli-a-pepre-draka-se-6-hroty-na-zasnubnim-prstenu-solitaire\/\" \/>\n<meta property=\"og:site_name\" content=\"Aurelius Jewelry\" \/>\n<meta property=\"article:publisher\" content=\"https:\/\/www.facebook.com\/AureliusJewelry\/\" \/>\n<meta property=\"article:modified_time\" content=\"2026-03-28T13:06:13+00:00\" \/>\n<meta property=\"og:image\" content=\"https:\/\/aureliusjewelry.com\/wp-content\/uploads\/large-kite-salt-and-pepper-diamond-ring-in-prongs.jpg\" \/>\n\t<meta property=\"og:image:width\" content=\"1920\" \/>\n\t<meta property=\"og:image:height\" content=\"1440\" \/>\n\t<meta property=\"og:image:type\" content=\"image\/jpeg\" \/>\n<meta name=\"twitter:card\" content=\"summary_large_image\" \/>\n<meta name=\"twitter:site\" content=\"@AureliusJewelry\" \/>\n<script type=\"application\/ld+json\" class=\"yoast-schema-graph\">{\"@context\":\"https:\\\/\\\/schema.org\",\"@graph\":[{\"@type\":\"WebPage\",\"@id\":\"https:\\\/\\\/aureliusjewelry.com\\\/cs\\\/sada-diamantu-ze-soli-a-pepre-draka-se-6-hroty-na-zasnubnim-prstenu-solitaire\\\/\",\"url\":\"https:\\\/\\\/aureliusjewelry.com\\\/cs\\\/sada-diamantu-ze-soli-a-pepre-draka-se-6-hroty-na-zasnubnim-prstenu-solitaire\\\/\",\"name\":\"Sada diamant\u016f ze soli a pep\u0159e draka se 6 hroty na z\u00e1snubn\u00edm prstenu Solitaire - Aurelius Jewelry\",\"isPartOf\":{\"@id\":\"https:\\\/\\\/aureliusjewelry.com\\\/cs\\\/#website\"},\"primaryImageOfPage\":{\"@id\":\"https:\\\/\\\/aureliusjewelry.com\\\/cs\\\/sada-diamantu-ze-soli-a-pepre-draka-se-6-hroty-na-zasnubnim-prstenu-solitaire\\\/#primaryimage\"},\"image\":{\"@id\":\"https:\\\/\\\/aureliusjewelry.com\\\/cs\\\/sada-diamantu-ze-soli-a-pepre-draka-se-6-hroty-na-zasnubnim-prstenu-solitaire\\\/#primaryimage\"},\"thumbnailUrl\":\"https:\\\/\\\/aureliusjewelry.com\\\/wp-content\\\/uploads\\\/large-kite-salt-and-pepper-diamond-ring-in-prongs.jpg\",\"datePublished\":\"2023-10-13T16:16:59+00:00\",\"dateModified\":\"2026-03-28T13:06:13+00:00\",\"breadcrumb\":{\"@id\":\"https:\\\/\\\/aureliusjewelry.com\\\/cs\\\/sada-diamantu-ze-soli-a-pepre-draka-se-6-hroty-na-zasnubnim-prstenu-solitaire\\\/#breadcrumb\"},\"inLanguage\":\"cs\",\"potentialAction\":[{\"@type\":\"ReadAction\",\"target\":[\"https:\\\/\\\/aureliusjewelry.com\\\/cs\\\/sada-diamantu-ze-soli-a-pepre-draka-se-6-hroty-na-zasnubnim-prstenu-solitaire\\\/\"]}]},{\"@type\":\"ImageObject\",\"inLanguage\":\"cs\",\"@id\":\"https:\\\/\\\/aureliusjewelry.com\\\/cs\\\/sada-diamantu-ze-soli-a-pepre-draka-se-6-hroty-na-zasnubnim-prstenu-solitaire\\\/#primaryimage\",\"url\":\"https:\\\/\\\/aureliusjewelry.com\\\/wp-content\\\/uploads\\\/large-kite-salt-and-pepper-diamond-ring-in-prongs.jpg\",\"contentUrl\":\"https:\\\/\\\/aureliusjewelry.com\\\/wp-content\\\/uploads\\\/large-kite-salt-and-pepper-diamond-ring-in-prongs.jpg\",\"width\":1920,\"height\":1440},{\"@type\":\"BreadcrumbList\",\"@id\":\"https:\\\/\\\/aureliusjewelry.com\\\/cs\\\/sada-diamantu-ze-soli-a-pepre-draka-se-6-hroty-na-zasnubnim-prstenu-solitaire\\\/#breadcrumb\",\"itemListElement\":[{\"@type\":\"ListItem\",\"position\":1,\"name\":\"Home\",\"item\":\"https:\\\/\\\/aureliusjewelry.com\\\/cs\\\/\"},{\"@type\":\"ListItem\",\"position\":2,\"name\":\"Prodejna\",\"item\":\"https:\\\/\\\/aureliusjewelry.com\\\/cs\\\/prodejna\\\/\"},{\"@type\":\"ListItem\",\"position\":3,\"name\":\"Sada diamant\u016f ze soli a pep\u0159e draka se 6 hroty na z\u00e1snubn\u00edm prstenu Solitaire\"}]},{\"@type\":\"WebSite\",\"@id\":\"https:\\\/\\\/aureliusjewelry.com\\\/cs\\\/#website\",\"url\":\"https:\\\/\\\/aureliusjewelry.com\\\/cs\\\/\",\"name\":\"Aurelius Jewelry\",\"description\":\"Handmade Fine Gold Jewelry\",\"publisher\":{\"@id\":\"https:\\\/\\\/aureliusjewelry.com\\\/cs\\\/#organization\"},\"potentialAction\":[{\"@type\":\"SearchAction\",\"target\":{\"@type\":\"EntryPoint\",\"urlTemplate\":\"https:\\\/\\\/aureliusjewelry.com\\\/cs\\\/?s={search_term_string}\"},\"query-input\":{\"@type\":\"PropertyValueSpecification\",\"valueRequired\":true,\"valueName\":\"search_term_string\"}}],\"inLanguage\":\"cs\"},{\"@type\":\"Organization\",\"@id\":\"https:\\\/\\\/aureliusjewelry.com\\\/cs\\\/#organization\",\"name\":\"Aurelius Jewelry\",\"url\":\"https:\\\/\\\/aureliusjewelry.com\\\/cs\\\/\",\"logo\":{\"@type\":\"ImageObject\",\"inLanguage\":\"cs\",\"@id\":\"https:\\\/\\\/aureliusjewelry.com\\\/cs\\\/#\\\/schema\\\/logo\\\/image\\\/\",\"url\":\"https:\\\/\\\/aureliusjewelry.com\\\/wp-content\\\/uploads\\\/logo.png\",\"contentUrl\":\"https:\\\/\\\/aureliusjewelry.com\\\/wp-content\\\/uploads\\\/logo.png\",\"width\":400,\"height\":64,\"caption\":\"Aurelius Jewelry\"},\"image\":{\"@id\":\"https:\\\/\\\/aureliusjewelry.com\\\/cs\\\/#\\\/schema\\\/logo\\\/image\\\/\"},\"sameAs\":[\"https:\\\/\\\/www.facebook.com\\\/AureliusJewelry\\\/\",\"https:\\\/\\\/x.com\\\/AureliusJewelry\",\"https:\\\/\\\/instagram.com\\\/aureliusjewelry\",\"https:\\\/\\\/www.pinterest.com\\\/AureliusJewelry\\\/\"],\"email\":\"info@aureliusjewelry.com\",\"foundingDate\":\"2018-10-01\",\"vatID\":\"SI10391070\",\"hasMerchantReturnPolicy\":{\"@type\":\"MerchantReturnPolicy\",\"merchantReturnLink\":\"https:\\\/\\\/aureliusjewelry.com\\\/our-policies\\\/terms-conditions\\\/\"}}]}<\/script>\n<meta property=\"og:availability\" content=\"backorder\" \/>\n<meta property=\"product:availability\" content=\"available for order\" \/>\n<meta property=\"product:retailer_item_id\" content=\"40655\" \/>\n<meta property=\"product:condition\" content=\"new\" \/>","yoast_head_json":{"title":"Sada diamant\u016f ze soli a pep\u0159e draka se 6 hroty na z\u00e1snubn\u00edm prstenu Solitaire - Aurelius Jewelry","robots":{"index":"index","follow":"follow","max-snippet":"max-snippet:-1","max-image-preview":"max-image-preview:large","max-video-preview":"max-video-preview:-1"},"canonical":"https:\/\/aureliusjewelry.com\/cs\/sada-diamantu-ze-soli-a-pepre-draka-se-6-hroty-na-zasnubnim-prstenu-solitaire\/","og_locale":"cs_CZ","og_type":"article","og_title":"Sada diamant\u016f ze soli a pep\u0159e draka se 6 hroty na z\u00e1snubn\u00edm prstenu Solitaire - Aurelius Jewelry","og_description":"%","og_url":"https:\/\/aureliusjewelry.com\/cs\/sada-diamantu-ze-soli-a-pepre-draka-se-6-hroty-na-zasnubnim-prstenu-solitaire\/","og_site_name":"Aurelius Jewelry","article_publisher":"https:\/\/www.facebook.com\/AureliusJewelry\/","article_modified_time":"2026-03-28T13:06:13+00:00","og_image":[{"width":1920,"height":1440,"url":"https:\/\/aureliusjewelry.com\/wp-content\/uploads\/large-kite-salt-and-pepper-diamond-ring-in-prongs.jpg","type":"image\/jpeg"}],"twitter_card":"summary_large_image","twitter_site":"@AureliusJewelry","schema":{"@context":"https:\/\/schema.org","@graph":[{"@type":"WebPage","@id":"https:\/\/aureliusjewelry.com\/cs\/sada-diamantu-ze-soli-a-pepre-draka-se-6-hroty-na-zasnubnim-prstenu-solitaire\/","url":"https:\/\/aureliusjewelry.com\/cs\/sada-diamantu-ze-soli-a-pepre-draka-se-6-hroty-na-zasnubnim-prstenu-solitaire\/","name":"Sada diamant\u016f ze soli a pep\u0159e draka se 6 hroty na z\u00e1snubn\u00edm prstenu Solitaire - Aurelius Jewelry","isPartOf":{"@id":"https:\/\/aureliusjewelry.com\/cs\/#website"},"primaryImageOfPage":{"@id":"https:\/\/aureliusjewelry.com\/cs\/sada-diamantu-ze-soli-a-pepre-draka-se-6-hroty-na-zasnubnim-prstenu-solitaire\/#primaryimage"},"image":{"@id":"https:\/\/aureliusjewelry.com\/cs\/sada-diamantu-ze-soli-a-pepre-draka-se-6-hroty-na-zasnubnim-prstenu-solitaire\/#primaryimage"},"thumbnailUrl":"https:\/\/aureliusjewelry.com\/wp-content\/uploads\/large-kite-salt-and-pepper-diamond-ring-in-prongs.jpg","datePublished":"2023-10-13T16:16:59+00:00","dateModified":"2026-03-28T13:06:13+00:00","breadcrumb":{"@id":"https:\/\/aureliusjewelry.com\/cs\/sada-diamantu-ze-soli-a-pepre-draka-se-6-hroty-na-zasnubnim-prstenu-solitaire\/#breadcrumb"},"inLanguage":"cs","potentialAction":[{"@type":"ReadAction","target":["https:\/\/aureliusjewelry.com\/cs\/sada-diamantu-ze-soli-a-pepre-draka-se-6-hroty-na-zasnubnim-prstenu-solitaire\/"]}]},{"@type":"ImageObject","inLanguage":"cs","@id":"https:\/\/aureliusjewelry.com\/cs\/sada-diamantu-ze-soli-a-pepre-draka-se-6-hroty-na-zasnubnim-prstenu-solitaire\/#primaryimage","url":"https:\/\/aureliusjewelry.com\/wp-content\/uploads\/large-kite-salt-and-pepper-diamond-ring-in-prongs.jpg","contentUrl":"https:\/\/aureliusjewelry.com\/wp-content\/uploads\/large-kite-salt-and-pepper-diamond-ring-in-prongs.jpg","width":1920,"height":1440},{"@type":"BreadcrumbList","@id":"https:\/\/aureliusjewelry.com\/cs\/sada-diamantu-ze-soli-a-pepre-draka-se-6-hroty-na-zasnubnim-prstenu-solitaire\/#breadcrumb","itemListElement":[{"@type":"ListItem","position":1,"name":"Home","item":"https:\/\/aureliusjewelry.com\/cs\/"},{"@type":"ListItem","position":2,"name":"Prodejna","item":"https:\/\/aureliusjewelry.com\/cs\/prodejna\/"},{"@type":"ListItem","position":3,"name":"Sada diamant\u016f ze soli a pep\u0159e draka se 6 hroty na z\u00e1snubn\u00edm prstenu Solitaire"}]},{"@type":"WebSite","@id":"https:\/\/aureliusjewelry.com\/cs\/#website","url":"https:\/\/aureliusjewelry.com\/cs\/","name":"Aurelius Jewelry","description":"Handmade Fine Gold Jewelry","publisher":{"@id":"https:\/\/aureliusjewelry.com\/cs\/#organization"},"potentialAction":[{"@type":"SearchAction","target":{"@type":"EntryPoint","urlTemplate":"https:\/\/aureliusjewelry.com\/cs\/?s={search_term_string}"},"query-input":{"@type":"PropertyValueSpecification","valueRequired":true,"valueName":"search_term_string"}}],"inLanguage":"cs"},{"@type":"Organization","@id":"https:\/\/aureliusjewelry.com\/cs\/#organization","name":"Aurelius Jewelry","url":"https:\/\/aureliusjewelry.com\/cs\/","logo":{"@type":"ImageObject","inLanguage":"cs","@id":"https:\/\/aureliusjewelry.com\/cs\/#\/schema\/logo\/image\/","url":"https:\/\/aureliusjewelry.com\/wp-content\/uploads\/logo.png","contentUrl":"https:\/\/aureliusjewelry.com\/wp-content\/uploads\/logo.png","width":400,"height":64,"caption":"Aurelius Jewelry"},"image":{"@id":"https:\/\/aureliusjewelry.com\/cs\/#\/schema\/logo\/image\/"},"sameAs":["https:\/\/www.facebook.com\/AureliusJewelry\/","https:\/\/x.com\/AureliusJewelry","https:\/\/instagram.com\/aureliusjewelry","https:\/\/www.pinterest.com\/AureliusJewelry\/"],"email":"info@aureliusjewelry.com","foundingDate":"2018-10-01","vatID":"SI10391070","hasMerchantReturnPolicy":{"@type":"MerchantReturnPolicy","merchantReturnLink":"https:\/\/aureliusjewelry.com\/our-policies\/terms-conditions\/"}}]},"og_availability":"backorder","product_availability":"available for order","product_retailer_item_id":"40655","product_condition":"new"},"_links":{"self":[{"href":"https:\/\/aureliusjewelry.com\/cs\/wp-json\/wp\/v2\/product\/48592","targetHints":{"allow":["GET"]}}],"collection":[{"href":"https:\/\/aureliusjewelry.com\/cs\/wp-json\/wp\/v2\/product"}],"about":[{"href":"https:\/\/aureliusjewelry.com\/cs\/wp-json\/wp\/v2\/types\/product"}],"replies":[{"embeddable":true,"href":"https:\/\/aureliusjewelry.com\/cs\/wp-json\/wp\/v2\/comments?post=48592"}],"wp:featuredmedia":[{"embeddable":true,"href":"https:\/\/aureliusjewelry.com\/cs\/wp-json\/wp\/v2\/media\/40658"}],"wp:attachment":[{"href":"https:\/\/aureliusjewelry.com\/cs\/wp-json\/wp\/v2\/media?parent=48592"}],"wp:term":[{"taxonomy":"product_brand","embeddable":true,"href":"https:\/\/aureliusjewelry.com\/cs\/wp-json\/wp\/v2\/product_brand?post=48592"},{"taxonomy":"product_cat","embeddable":true,"href":"https:\/\/aureliusjewelry.com\/cs\/wp-json\/wp\/v2\/product_cat?post=48592"},{"taxonomy":"product_tag","embeddable":true,"href":"https:\/\/aureliusjewelry.com\/cs\/wp-json\/wp\/v2\/product_tag?post=48592"}],"curies":[{"name":"wp","href":"https:\/\/api.w.org\/{rel}","templated":true}]}}