{"id":48428,"date":"2023-10-15T10:54:36","date_gmt":"2023-10-15T08:54:36","guid":{"rendered":"http:\/\/aureliusjewelry.com\/product\/drahokam-moss-achat-ve-tvaru-princezny-na-spercich-na-kotniku\/"},"modified":"2026-03-19T23:31:46","modified_gmt":"2026-03-19T21:31:46","slug":"drahokam-moss-achat-ve-tvaru-princezny-na-spercich-na-kotniku","status":"publish","type":"product","link":"https:\/\/aureliusjewelry.com\/cs\/drahokam-moss-achat-ve-tvaru-princezny-na-spercich-na-kotniku\/","title":{"rendered":"Drahokam Moss Ach\u00e1t ve tvaru princezny na \u0161perc\u00edch na kotn\u00edku"},"content":{"rendered":"<p><strong>K\u00e1men<\/strong><\/p>\n<ul>\n<li>princezna \u0159ezan\u00fd mechov\u00fd ach\u00e1t<\/li>\n<li>Cca. 7x7mm<\/li>\n<\/ul>\n<p><strong>Typ a materi\u00e1l \u0159et\u011bzu<\/strong><\/p>\n<ul>\n<li>ploch\u00fd diamantov\u00fd \u0159et\u00edzek rolo<\/li>\n<li>k dispozici ve 14k \u017elut\u00e9m, b\u00edl\u00e9m nebo r\u016f\u017eov\u00e9m zlat\u011b<\/li>\n<li>7-11 palc\u016f, krat\u0161\u00ed nebo del\u0161\u00ed \u0159et\u011bz k dispozici na vy\u017e\u00e1d\u00e1n\u00ed<\/li>\n<\/ul>\n","protected":false},"excerpt":{"rendered":"<p>Dopl\u0148te ka\u017ed\u00fd sv\u016fj krok o n\u00e1ramek Princess Moss Agate Anklet. Nastaven\u00ed s polovi\u010dn\u00edm r\u00e1me\u010dkem dod\u00e1v\u00e1 kouzlu, kter\u00fd za\u010dlen\u00ed zemit\u00e9 t\u00f3ny mechov\u00fdch ach\u00e1t\u016f do va\u0161eho ka\u017edodenn\u00edho outfitu, dal\u0161\u00ed vrstvu jedine\u010dnosti. Po\u0159i\u010fte si tento jedine\u010dn\u00fd n\u00e1no\u017en\u00edk pro n\u011bkoho, kdo oce\u0148uje p\u0159\u00edrodn\u00ed vzory, nebo pro o\u017eiven\u00ed va\u0161\u00ed sb\u00edrky \u0161perk\u016f.<\/p>\n","protected":false},"featured_media":40783,"comment_status":"open","ping_status":"closed","template":"","meta":[],"product_brand":[],"product_cat":[669,1286,1129],"product_tag":[1219,1243,709],"class_list":{"0":"post-48428","1":"product","2":"type-product","3":"status-publish","4":"has-post-thumbnail","6":"product_cat-jemne-sperky","7":"product_cat-kotniky","8":"product_cat-naramek-z-mechoveho-achatu","9":"product_tag-mechovy-achat","10":"product_tag-princezna","11":"product_tag-production_time_3_5-cs","13":"first","14":"onbackorder","15":"sold-individually","16":"taxable","17":"shipping-taxable","18":"purchasable","19":"product-type-variable"},"yoast_head":"<title>Drahokam Moss Ach\u00e1t ve tvaru princezny na \u0161perc\u00edch na kotn\u00edku - Aurelius Jewelry<\/title>\n<meta name=\"robots\" content=\"index, follow, max-snippet:-1, max-image-preview:large, max-video-preview:-1\" \/>\n<link rel=\"canonical\" href=\"https:\/\/aureliusjewelry.com\/cs\/drahokam-moss-achat-ve-tvaru-princezny-na-spercich-na-kotniku\/\" \/>\n<meta property=\"og:locale\" content=\"cs_CZ\" \/>\n<meta property=\"og:type\" content=\"article\" \/>\n<meta property=\"og:title\" content=\"Drahokam Moss Ach\u00e1t ve tvaru princezny na \u0161perc\u00edch na kotn\u00edku - Aurelius Jewelry\" \/>\n<meta property=\"og:description\" content=\"%\" \/>\n<meta property=\"og:url\" content=\"https:\/\/aureliusjewelry.com\/cs\/drahokam-moss-achat-ve-tvaru-princezny-na-spercich-na-kotniku\/\" \/>\n<meta property=\"og:site_name\" content=\"Aurelius Jewelry\" \/>\n<meta property=\"article:publisher\" content=\"https:\/\/www.facebook.com\/AureliusJewelry\/\" \/>\n<meta property=\"article:modified_time\" content=\"2026-03-19T21:31:46+00:00\" \/>\n<meta property=\"og:image\" content=\"https:\/\/aureliusjewelry.com\/wp-content\/uploads\/princess-moss-agate-anklet-14k.jpg\" \/>\n\t<meta property=\"og:image:width\" content=\"1920\" \/>\n\t<meta property=\"og:image:height\" content=\"1440\" \/>\n\t<meta property=\"og:image:type\" content=\"image\/jpeg\" \/>\n<meta name=\"twitter:card\" content=\"summary_large_image\" \/>\n<meta name=\"twitter:site\" content=\"@AureliusJewelry\" \/>\n<script type=\"application\/ld+json\" class=\"yoast-schema-graph\">{\"@context\":\"https:\\\/\\\/schema.org\",\"@graph\":[{\"@type\":\"WebPage\",\"@id\":\"https:\\\/\\\/aureliusjewelry.com\\\/cs\\\/drahokam-moss-achat-ve-tvaru-princezny-na-spercich-na-kotniku\\\/\",\"url\":\"https:\\\/\\\/aureliusjewelry.com\\\/cs\\\/drahokam-moss-achat-ve-tvaru-princezny-na-spercich-na-kotniku\\\/\",\"name\":\"Drahokam Moss Ach\u00e1t ve tvaru princezny na \u0161perc\u00edch na kotn\u00edku - Aurelius Jewelry\",\"isPartOf\":{\"@id\":\"https:\\\/\\\/aureliusjewelry.com\\\/cs\\\/#website\"},\"primaryImageOfPage\":{\"@id\":\"https:\\\/\\\/aureliusjewelry.com\\\/cs\\\/drahokam-moss-achat-ve-tvaru-princezny-na-spercich-na-kotniku\\\/#primaryimage\"},\"image\":{\"@id\":\"https:\\\/\\\/aureliusjewelry.com\\\/cs\\\/drahokam-moss-achat-ve-tvaru-princezny-na-spercich-na-kotniku\\\/#primaryimage\"},\"thumbnailUrl\":\"https:\\\/\\\/aureliusjewelry.com\\\/wp-content\\\/uploads\\\/princess-moss-agate-anklet-14k.jpg\",\"datePublished\":\"2023-10-15T08:54:36+00:00\",\"dateModified\":\"2026-03-19T21:31:46+00:00\",\"breadcrumb\":{\"@id\":\"https:\\\/\\\/aureliusjewelry.com\\\/cs\\\/drahokam-moss-achat-ve-tvaru-princezny-na-spercich-na-kotniku\\\/#breadcrumb\"},\"inLanguage\":\"cs\",\"potentialAction\":[{\"@type\":\"ReadAction\",\"target\":[\"https:\\\/\\\/aureliusjewelry.com\\\/cs\\\/drahokam-moss-achat-ve-tvaru-princezny-na-spercich-na-kotniku\\\/\"]}]},{\"@type\":\"ImageObject\",\"inLanguage\":\"cs\",\"@id\":\"https:\\\/\\\/aureliusjewelry.com\\\/cs\\\/drahokam-moss-achat-ve-tvaru-princezny-na-spercich-na-kotniku\\\/#primaryimage\",\"url\":\"https:\\\/\\\/aureliusjewelry.com\\\/wp-content\\\/uploads\\\/princess-moss-agate-anklet-14k.jpg\",\"contentUrl\":\"https:\\\/\\\/aureliusjewelry.com\\\/wp-content\\\/uploads\\\/princess-moss-agate-anklet-14k.jpg\",\"width\":1920,\"height\":1440},{\"@type\":\"BreadcrumbList\",\"@id\":\"https:\\\/\\\/aureliusjewelry.com\\\/cs\\\/drahokam-moss-achat-ve-tvaru-princezny-na-spercich-na-kotniku\\\/#breadcrumb\",\"itemListElement\":[{\"@type\":\"ListItem\",\"position\":1,\"name\":\"Home\",\"item\":\"https:\\\/\\\/aureliusjewelry.com\\\/cs\\\/\"},{\"@type\":\"ListItem\",\"position\":2,\"name\":\"Prodejna\",\"item\":\"https:\\\/\\\/aureliusjewelry.com\\\/cs\\\/prodejna\\\/\"},{\"@type\":\"ListItem\",\"position\":3,\"name\":\"Drahokam Moss Ach\u00e1t ve tvaru princezny na \u0161perc\u00edch na kotn\u00edku\"}]},{\"@type\":\"WebSite\",\"@id\":\"https:\\\/\\\/aureliusjewelry.com\\\/cs\\\/#website\",\"url\":\"https:\\\/\\\/aureliusjewelry.com\\\/cs\\\/\",\"name\":\"Aurelius Jewelry\",\"description\":\"Handmade Fine Gold Jewelry\",\"publisher\":{\"@id\":\"https:\\\/\\\/aureliusjewelry.com\\\/cs\\\/#organization\"},\"potentialAction\":[{\"@type\":\"SearchAction\",\"target\":{\"@type\":\"EntryPoint\",\"urlTemplate\":\"https:\\\/\\\/aureliusjewelry.com\\\/cs\\\/?s={search_term_string}\"},\"query-input\":{\"@type\":\"PropertyValueSpecification\",\"valueRequired\":true,\"valueName\":\"search_term_string\"}}],\"inLanguage\":\"cs\"},{\"@type\":\"Organization\",\"@id\":\"https:\\\/\\\/aureliusjewelry.com\\\/cs\\\/#organization\",\"name\":\"Aurelius Jewelry\",\"url\":\"https:\\\/\\\/aureliusjewelry.com\\\/cs\\\/\",\"logo\":{\"@type\":\"ImageObject\",\"inLanguage\":\"cs\",\"@id\":\"https:\\\/\\\/aureliusjewelry.com\\\/cs\\\/#\\\/schema\\\/logo\\\/image\\\/\",\"url\":\"https:\\\/\\\/aureliusjewelry.com\\\/wp-content\\\/uploads\\\/logo.png\",\"contentUrl\":\"https:\\\/\\\/aureliusjewelry.com\\\/wp-content\\\/uploads\\\/logo.png\",\"width\":400,\"height\":64,\"caption\":\"Aurelius Jewelry\"},\"image\":{\"@id\":\"https:\\\/\\\/aureliusjewelry.com\\\/cs\\\/#\\\/schema\\\/logo\\\/image\\\/\"},\"sameAs\":[\"https:\\\/\\\/www.facebook.com\\\/AureliusJewelry\\\/\",\"https:\\\/\\\/x.com\\\/AureliusJewelry\",\"https:\\\/\\\/instagram.com\\\/aureliusjewelry\",\"https:\\\/\\\/www.pinterest.com\\\/AureliusJewelry\\\/\"],\"email\":\"info@aureliusjewelry.com\",\"foundingDate\":\"2018-10-01\",\"vatID\":\"SI10391070\",\"hasMerchantReturnPolicy\":{\"@type\":\"MerchantReturnPolicy\",\"merchantReturnLink\":\"https:\\\/\\\/aureliusjewelry.com\\\/our-policies\\\/terms-conditions\\\/\"}}]}<\/script>\n<meta property=\"og:availability\" content=\"backorder\" \/>\n<meta property=\"product:availability\" content=\"available for order\" \/>\n<meta property=\"product:retailer_item_id\" content=\"40777\" \/>\n<meta property=\"product:condition\" content=\"new\" \/>","yoast_head_json":{"title":"Drahokam Moss Ach\u00e1t ve tvaru princezny na \u0161perc\u00edch na kotn\u00edku - Aurelius Jewelry","robots":{"index":"index","follow":"follow","max-snippet":"max-snippet:-1","max-image-preview":"max-image-preview:large","max-video-preview":"max-video-preview:-1"},"canonical":"https:\/\/aureliusjewelry.com\/cs\/drahokam-moss-achat-ve-tvaru-princezny-na-spercich-na-kotniku\/","og_locale":"cs_CZ","og_type":"article","og_title":"Drahokam Moss Ach\u00e1t ve tvaru princezny na \u0161perc\u00edch na kotn\u00edku - Aurelius Jewelry","og_description":"%","og_url":"https:\/\/aureliusjewelry.com\/cs\/drahokam-moss-achat-ve-tvaru-princezny-na-spercich-na-kotniku\/","og_site_name":"Aurelius Jewelry","article_publisher":"https:\/\/www.facebook.com\/AureliusJewelry\/","article_modified_time":"2026-03-19T21:31:46+00:00","og_image":[{"width":1920,"height":1440,"url":"https:\/\/aureliusjewelry.com\/wp-content\/uploads\/princess-moss-agate-anklet-14k.jpg","type":"image\/jpeg"}],"twitter_card":"summary_large_image","twitter_site":"@AureliusJewelry","schema":{"@context":"https:\/\/schema.org","@graph":[{"@type":"WebPage","@id":"https:\/\/aureliusjewelry.com\/cs\/drahokam-moss-achat-ve-tvaru-princezny-na-spercich-na-kotniku\/","url":"https:\/\/aureliusjewelry.com\/cs\/drahokam-moss-achat-ve-tvaru-princezny-na-spercich-na-kotniku\/","name":"Drahokam Moss Ach\u00e1t ve tvaru princezny na \u0161perc\u00edch na kotn\u00edku - Aurelius Jewelry","isPartOf":{"@id":"https:\/\/aureliusjewelry.com\/cs\/#website"},"primaryImageOfPage":{"@id":"https:\/\/aureliusjewelry.com\/cs\/drahokam-moss-achat-ve-tvaru-princezny-na-spercich-na-kotniku\/#primaryimage"},"image":{"@id":"https:\/\/aureliusjewelry.com\/cs\/drahokam-moss-achat-ve-tvaru-princezny-na-spercich-na-kotniku\/#primaryimage"},"thumbnailUrl":"https:\/\/aureliusjewelry.com\/wp-content\/uploads\/princess-moss-agate-anklet-14k.jpg","datePublished":"2023-10-15T08:54:36+00:00","dateModified":"2026-03-19T21:31:46+00:00","breadcrumb":{"@id":"https:\/\/aureliusjewelry.com\/cs\/drahokam-moss-achat-ve-tvaru-princezny-na-spercich-na-kotniku\/#breadcrumb"},"inLanguage":"cs","potentialAction":[{"@type":"ReadAction","target":["https:\/\/aureliusjewelry.com\/cs\/drahokam-moss-achat-ve-tvaru-princezny-na-spercich-na-kotniku\/"]}]},{"@type":"ImageObject","inLanguage":"cs","@id":"https:\/\/aureliusjewelry.com\/cs\/drahokam-moss-achat-ve-tvaru-princezny-na-spercich-na-kotniku\/#primaryimage","url":"https:\/\/aureliusjewelry.com\/wp-content\/uploads\/princess-moss-agate-anklet-14k.jpg","contentUrl":"https:\/\/aureliusjewelry.com\/wp-content\/uploads\/princess-moss-agate-anklet-14k.jpg","width":1920,"height":1440},{"@type":"BreadcrumbList","@id":"https:\/\/aureliusjewelry.com\/cs\/drahokam-moss-achat-ve-tvaru-princezny-na-spercich-na-kotniku\/#breadcrumb","itemListElement":[{"@type":"ListItem","position":1,"name":"Home","item":"https:\/\/aureliusjewelry.com\/cs\/"},{"@type":"ListItem","position":2,"name":"Prodejna","item":"https:\/\/aureliusjewelry.com\/cs\/prodejna\/"},{"@type":"ListItem","position":3,"name":"Drahokam Moss Ach\u00e1t ve tvaru princezny na \u0161perc\u00edch na kotn\u00edku"}]},{"@type":"WebSite","@id":"https:\/\/aureliusjewelry.com\/cs\/#website","url":"https:\/\/aureliusjewelry.com\/cs\/","name":"Aurelius Jewelry","description":"Handmade Fine Gold Jewelry","publisher":{"@id":"https:\/\/aureliusjewelry.com\/cs\/#organization"},"potentialAction":[{"@type":"SearchAction","target":{"@type":"EntryPoint","urlTemplate":"https:\/\/aureliusjewelry.com\/cs\/?s={search_term_string}"},"query-input":{"@type":"PropertyValueSpecification","valueRequired":true,"valueName":"search_term_string"}}],"inLanguage":"cs"},{"@type":"Organization","@id":"https:\/\/aureliusjewelry.com\/cs\/#organization","name":"Aurelius Jewelry","url":"https:\/\/aureliusjewelry.com\/cs\/","logo":{"@type":"ImageObject","inLanguage":"cs","@id":"https:\/\/aureliusjewelry.com\/cs\/#\/schema\/logo\/image\/","url":"https:\/\/aureliusjewelry.com\/wp-content\/uploads\/logo.png","contentUrl":"https:\/\/aureliusjewelry.com\/wp-content\/uploads\/logo.png","width":400,"height":64,"caption":"Aurelius Jewelry"},"image":{"@id":"https:\/\/aureliusjewelry.com\/cs\/#\/schema\/logo\/image\/"},"sameAs":["https:\/\/www.facebook.com\/AureliusJewelry\/","https:\/\/x.com\/AureliusJewelry","https:\/\/instagram.com\/aureliusjewelry","https:\/\/www.pinterest.com\/AureliusJewelry\/"],"email":"info@aureliusjewelry.com","foundingDate":"2018-10-01","vatID":"SI10391070","hasMerchantReturnPolicy":{"@type":"MerchantReturnPolicy","merchantReturnLink":"https:\/\/aureliusjewelry.com\/our-policies\/terms-conditions\/"}}]},"og_availability":"backorder","product_availability":"available for order","product_retailer_item_id":"40777","product_condition":"new"},"_links":{"self":[{"href":"https:\/\/aureliusjewelry.com\/cs\/wp-json\/wp\/v2\/product\/48428","targetHints":{"allow":["GET"]}}],"collection":[{"href":"https:\/\/aureliusjewelry.com\/cs\/wp-json\/wp\/v2\/product"}],"about":[{"href":"https:\/\/aureliusjewelry.com\/cs\/wp-json\/wp\/v2\/types\/product"}],"replies":[{"embeddable":true,"href":"https:\/\/aureliusjewelry.com\/cs\/wp-json\/wp\/v2\/comments?post=48428"}],"wp:featuredmedia":[{"embeddable":true,"href":"https:\/\/aureliusjewelry.com\/cs\/wp-json\/wp\/v2\/media\/40783"}],"wp:attachment":[{"href":"https:\/\/aureliusjewelry.com\/cs\/wp-json\/wp\/v2\/media?parent=48428"}],"wp:term":[{"taxonomy":"product_brand","embeddable":true,"href":"https:\/\/aureliusjewelry.com\/cs\/wp-json\/wp\/v2\/product_brand?post=48428"},{"taxonomy":"product_cat","embeddable":true,"href":"https:\/\/aureliusjewelry.com\/cs\/wp-json\/wp\/v2\/product_cat?post=48428"},{"taxonomy":"product_tag","embeddable":true,"href":"https:\/\/aureliusjewelry.com\/cs\/wp-json\/wp\/v2\/product_tag?post=48428"}],"curies":[{"name":"wp","href":"https:\/\/api.w.org\/{rel}","templated":true}]}}