{"id":48128,"date":"2023-10-04T16:52:42","date_gmt":"2023-10-04T14:52:42","guid":{"rendered":"http:\/\/aureliusjewelry.com\/product\/nausnice-z-drahokamu-lapis-lazuli-ve-tvaru-sestiuhelniku\/"},"modified":"2026-04-02T22:29:11","modified_gmt":"2026-04-02T20:29:11","slug":"nausnice-z-drahokamu-lapis-lazuli-ve-tvaru-sestiuhelniku","status":"publish","type":"product","link":"https:\/\/aureliusjewelry.com\/cs\/nausnice-z-drahokamu-lapis-lazuli-ve-tvaru-sestiuhelniku\/","title":{"rendered":"N\u00e1u\u0161nice z drahokam\u016f Lapis Lazuli ve tvaru \u0161esti\u00faheln\u00edku"},"content":{"rendered":"<p><strong>Kameny<\/strong><\/p>\n<ul>\n<li>\u0161estihrann\u00fd lapis lazuli<\/li>\n<li>Cca. 8x7mm (2)<\/li>\n<\/ul>\n<p><strong>Rozm\u011bry a materi\u00e1l n\u00e1u\u0161nic<\/strong><\/p>\n<ul>\n<li>Cca. 8mm<\/li>\n<li>k dispozici ve 14k \u017elut\u00e9m, b\u00edl\u00e9m nebo r\u016f\u017eov\u00e9m zlat\u011b<\/li>\n<\/ul>\n","protected":false},"excerpt":{"rendered":"<p>N\u00e1\u0161 dechberouc\u00ed p\u00e1r napichovac\u00edch n\u00e1u\u0161nic Hexagon Lapis Lazuli dod\u00e1 va\u0161emu stylu sv\u011b\u017e\u00ed v\u00edtr. Lapis byl uct\u00edv\u00e1n starov\u011bk\u00fdmi Egyp\u0165any, Mezopot\u00e1mci a pozd\u011bji \u0158eky a \u0158\u00edmany pro brilantn\u00ed barvu a st\u00e1le je obl\u00edbenou volbou i v modern\u00edch \u0161perc\u00edch. Lapisov\u00e9 cvo\u010dky budou skv\u011bl\u00fdm d\u00e1rkem k v\u00fdro\u010d\u00ed nebo narozenin\u00e1m pro v\u00e1s nebo va\u0161e bl\u00edzk\u00e9, kte\u0159\u00ed ocen\u00ed jedine\u010dn\u00e9 \u0161perky.<\/p>\n","protected":false},"featured_media":39828,"comment_status":"open","ping_status":"closed","template":"","meta":[],"product_brand":[],"product_cat":[669,671,1141],"product_tag":[1198,709,1186],"class_list":{"0":"post-48128","1":"product","2":"type-product","3":"status-publish","4":"has-post-thumbnail","6":"product_cat-jemne-sperky","7":"product_cat-nausnice","8":"product_cat-nausnice-lapis-lazuli","9":"product_tag-lazurit","10":"product_tag-production_time_3_5-cs","11":"product_tag-sestiuhelnik","13":"first","14":"onbackorder","15":"sold-individually","16":"taxable","17":"shipping-taxable","18":"purchasable","19":"product-type-variable"},"yoast_head":"<title>N\u00e1u\u0161nice z drahokam\u016f Lapis Lazuli ve tvaru \u0161esti\u00faheln\u00edku - Aurelius Jewelry<\/title>\n<meta name=\"robots\" content=\"index, follow, max-snippet:-1, max-image-preview:large, max-video-preview:-1\" \/>\n<link rel=\"canonical\" href=\"https:\/\/aureliusjewelry.com\/cs\/nausnice-z-drahokamu-lapis-lazuli-ve-tvaru-sestiuhelniku\/\" \/>\n<meta property=\"og:locale\" content=\"cs_CZ\" \/>\n<meta property=\"og:type\" content=\"article\" \/>\n<meta property=\"og:title\" content=\"N\u00e1u\u0161nice z drahokam\u016f Lapis Lazuli ve tvaru \u0161esti\u00faheln\u00edku - Aurelius Jewelry\" \/>\n<meta property=\"og:description\" content=\"%\" \/>\n<meta property=\"og:url\" content=\"https:\/\/aureliusjewelry.com\/cs\/nausnice-z-drahokamu-lapis-lazuli-ve-tvaru-sestiuhelniku\/\" \/>\n<meta property=\"og:site_name\" content=\"Aurelius Jewelry\" \/>\n<meta property=\"article:publisher\" content=\"https:\/\/www.facebook.com\/AureliusJewelry\/\" \/>\n<meta property=\"article:modified_time\" content=\"2026-04-02T20:29:11+00:00\" \/>\n<meta property=\"og:image\" content=\"https:\/\/aureliusjewelry.com\/wp-content\/uploads\/hexagon-lapis-lazuli-earrings-14k-gold.jpg\" \/>\n\t<meta property=\"og:image:width\" content=\"1920\" \/>\n\t<meta property=\"og:image:height\" content=\"1440\" \/>\n\t<meta property=\"og:image:type\" content=\"image\/jpeg\" \/>\n<meta name=\"twitter:card\" content=\"summary_large_image\" \/>\n<meta name=\"twitter:site\" content=\"@AureliusJewelry\" \/>\n<script type=\"application\/ld+json\" class=\"yoast-schema-graph\">{\"@context\":\"https:\\\/\\\/schema.org\",\"@graph\":[{\"@type\":\"WebPage\",\"@id\":\"https:\\\/\\\/aureliusjewelry.com\\\/cs\\\/nausnice-z-drahokamu-lapis-lazuli-ve-tvaru-sestiuhelniku\\\/\",\"url\":\"https:\\\/\\\/aureliusjewelry.com\\\/cs\\\/nausnice-z-drahokamu-lapis-lazuli-ve-tvaru-sestiuhelniku\\\/\",\"name\":\"N\u00e1u\u0161nice z drahokam\u016f Lapis Lazuli ve tvaru \u0161esti\u00faheln\u00edku - Aurelius Jewelry\",\"isPartOf\":{\"@id\":\"https:\\\/\\\/aureliusjewelry.com\\\/cs\\\/#website\"},\"primaryImageOfPage\":{\"@id\":\"https:\\\/\\\/aureliusjewelry.com\\\/cs\\\/nausnice-z-drahokamu-lapis-lazuli-ve-tvaru-sestiuhelniku\\\/#primaryimage\"},\"image\":{\"@id\":\"https:\\\/\\\/aureliusjewelry.com\\\/cs\\\/nausnice-z-drahokamu-lapis-lazuli-ve-tvaru-sestiuhelniku\\\/#primaryimage\"},\"thumbnailUrl\":\"https:\\\/\\\/aureliusjewelry.com\\\/wp-content\\\/uploads\\\/hexagon-lapis-lazuli-earrings-14k-gold.jpg\",\"datePublished\":\"2023-10-04T14:52:42+00:00\",\"dateModified\":\"2026-04-02T20:29:11+00:00\",\"breadcrumb\":{\"@id\":\"https:\\\/\\\/aureliusjewelry.com\\\/cs\\\/nausnice-z-drahokamu-lapis-lazuli-ve-tvaru-sestiuhelniku\\\/#breadcrumb\"},\"inLanguage\":\"cs\",\"potentialAction\":[{\"@type\":\"ReadAction\",\"target\":[\"https:\\\/\\\/aureliusjewelry.com\\\/cs\\\/nausnice-z-drahokamu-lapis-lazuli-ve-tvaru-sestiuhelniku\\\/\"]}]},{\"@type\":\"ImageObject\",\"inLanguage\":\"cs\",\"@id\":\"https:\\\/\\\/aureliusjewelry.com\\\/cs\\\/nausnice-z-drahokamu-lapis-lazuli-ve-tvaru-sestiuhelniku\\\/#primaryimage\",\"url\":\"https:\\\/\\\/aureliusjewelry.com\\\/wp-content\\\/uploads\\\/hexagon-lapis-lazuli-earrings-14k-gold.jpg\",\"contentUrl\":\"https:\\\/\\\/aureliusjewelry.com\\\/wp-content\\\/uploads\\\/hexagon-lapis-lazuli-earrings-14k-gold.jpg\",\"width\":1920,\"height\":1440},{\"@type\":\"BreadcrumbList\",\"@id\":\"https:\\\/\\\/aureliusjewelry.com\\\/cs\\\/nausnice-z-drahokamu-lapis-lazuli-ve-tvaru-sestiuhelniku\\\/#breadcrumb\",\"itemListElement\":[{\"@type\":\"ListItem\",\"position\":1,\"name\":\"Home\",\"item\":\"https:\\\/\\\/aureliusjewelry.com\\\/cs\\\/\"},{\"@type\":\"ListItem\",\"position\":2,\"name\":\"Prodejna\",\"item\":\"https:\\\/\\\/aureliusjewelry.com\\\/cs\\\/prodejna\\\/\"},{\"@type\":\"ListItem\",\"position\":3,\"name\":\"N\u00e1u\u0161nice z drahokam\u016f Lapis Lazuli ve tvaru \u0161esti\u00faheln\u00edku\"}]},{\"@type\":\"WebSite\",\"@id\":\"https:\\\/\\\/aureliusjewelry.com\\\/cs\\\/#website\",\"url\":\"https:\\\/\\\/aureliusjewelry.com\\\/cs\\\/\",\"name\":\"Aurelius Jewelry\",\"description\":\"Handmade Fine Gold Jewelry\",\"publisher\":{\"@id\":\"https:\\\/\\\/aureliusjewelry.com\\\/cs\\\/#organization\"},\"potentialAction\":[{\"@type\":\"SearchAction\",\"target\":{\"@type\":\"EntryPoint\",\"urlTemplate\":\"https:\\\/\\\/aureliusjewelry.com\\\/cs\\\/?s={search_term_string}\"},\"query-input\":{\"@type\":\"PropertyValueSpecification\",\"valueRequired\":true,\"valueName\":\"search_term_string\"}}],\"inLanguage\":\"cs\"},{\"@type\":\"Organization\",\"@id\":\"https:\\\/\\\/aureliusjewelry.com\\\/cs\\\/#organization\",\"name\":\"Aurelius Jewelry\",\"url\":\"https:\\\/\\\/aureliusjewelry.com\\\/cs\\\/\",\"logo\":{\"@type\":\"ImageObject\",\"inLanguage\":\"cs\",\"@id\":\"https:\\\/\\\/aureliusjewelry.com\\\/cs\\\/#\\\/schema\\\/logo\\\/image\\\/\",\"url\":\"https:\\\/\\\/aureliusjewelry.com\\\/wp-content\\\/uploads\\\/logo.png\",\"contentUrl\":\"https:\\\/\\\/aureliusjewelry.com\\\/wp-content\\\/uploads\\\/logo.png\",\"width\":400,\"height\":64,\"caption\":\"Aurelius Jewelry\"},\"image\":{\"@id\":\"https:\\\/\\\/aureliusjewelry.com\\\/cs\\\/#\\\/schema\\\/logo\\\/image\\\/\"},\"sameAs\":[\"https:\\\/\\\/www.facebook.com\\\/AureliusJewelry\\\/\",\"https:\\\/\\\/x.com\\\/AureliusJewelry\",\"https:\\\/\\\/instagram.com\\\/aureliusjewelry\",\"https:\\\/\\\/www.pinterest.com\\\/AureliusJewelry\\\/\"],\"email\":\"info@aureliusjewelry.com\",\"foundingDate\":\"2018-10-01\",\"vatID\":\"SI10391070\",\"hasMerchantReturnPolicy\":{\"@type\":\"MerchantReturnPolicy\",\"merchantReturnLink\":\"https:\\\/\\\/aureliusjewelry.com\\\/our-policies\\\/terms-conditions\\\/\"}}]}<\/script>\n<meta property=\"og:availability\" content=\"backorder\" \/>\n<meta property=\"product:availability\" content=\"available for order\" \/>\n<meta property=\"product:retailer_item_id\" content=\"39822\" \/>\n<meta property=\"product:condition\" content=\"new\" \/>","yoast_head_json":{"title":"N\u00e1u\u0161nice z drahokam\u016f Lapis Lazuli ve tvaru \u0161esti\u00faheln\u00edku - Aurelius Jewelry","robots":{"index":"index","follow":"follow","max-snippet":"max-snippet:-1","max-image-preview":"max-image-preview:large","max-video-preview":"max-video-preview:-1"},"canonical":"https:\/\/aureliusjewelry.com\/cs\/nausnice-z-drahokamu-lapis-lazuli-ve-tvaru-sestiuhelniku\/","og_locale":"cs_CZ","og_type":"article","og_title":"N\u00e1u\u0161nice z drahokam\u016f Lapis Lazuli ve tvaru \u0161esti\u00faheln\u00edku - Aurelius Jewelry","og_description":"%","og_url":"https:\/\/aureliusjewelry.com\/cs\/nausnice-z-drahokamu-lapis-lazuli-ve-tvaru-sestiuhelniku\/","og_site_name":"Aurelius Jewelry","article_publisher":"https:\/\/www.facebook.com\/AureliusJewelry\/","article_modified_time":"2026-04-02T20:29:11+00:00","og_image":[{"width":1920,"height":1440,"url":"https:\/\/aureliusjewelry.com\/wp-content\/uploads\/hexagon-lapis-lazuli-earrings-14k-gold.jpg","type":"image\/jpeg"}],"twitter_card":"summary_large_image","twitter_site":"@AureliusJewelry","schema":{"@context":"https:\/\/schema.org","@graph":[{"@type":"WebPage","@id":"https:\/\/aureliusjewelry.com\/cs\/nausnice-z-drahokamu-lapis-lazuli-ve-tvaru-sestiuhelniku\/","url":"https:\/\/aureliusjewelry.com\/cs\/nausnice-z-drahokamu-lapis-lazuli-ve-tvaru-sestiuhelniku\/","name":"N\u00e1u\u0161nice z drahokam\u016f Lapis Lazuli ve tvaru \u0161esti\u00faheln\u00edku - Aurelius Jewelry","isPartOf":{"@id":"https:\/\/aureliusjewelry.com\/cs\/#website"},"primaryImageOfPage":{"@id":"https:\/\/aureliusjewelry.com\/cs\/nausnice-z-drahokamu-lapis-lazuli-ve-tvaru-sestiuhelniku\/#primaryimage"},"image":{"@id":"https:\/\/aureliusjewelry.com\/cs\/nausnice-z-drahokamu-lapis-lazuli-ve-tvaru-sestiuhelniku\/#primaryimage"},"thumbnailUrl":"https:\/\/aureliusjewelry.com\/wp-content\/uploads\/hexagon-lapis-lazuli-earrings-14k-gold.jpg","datePublished":"2023-10-04T14:52:42+00:00","dateModified":"2026-04-02T20:29:11+00:00","breadcrumb":{"@id":"https:\/\/aureliusjewelry.com\/cs\/nausnice-z-drahokamu-lapis-lazuli-ve-tvaru-sestiuhelniku\/#breadcrumb"},"inLanguage":"cs","potentialAction":[{"@type":"ReadAction","target":["https:\/\/aureliusjewelry.com\/cs\/nausnice-z-drahokamu-lapis-lazuli-ve-tvaru-sestiuhelniku\/"]}]},{"@type":"ImageObject","inLanguage":"cs","@id":"https:\/\/aureliusjewelry.com\/cs\/nausnice-z-drahokamu-lapis-lazuli-ve-tvaru-sestiuhelniku\/#primaryimage","url":"https:\/\/aureliusjewelry.com\/wp-content\/uploads\/hexagon-lapis-lazuli-earrings-14k-gold.jpg","contentUrl":"https:\/\/aureliusjewelry.com\/wp-content\/uploads\/hexagon-lapis-lazuli-earrings-14k-gold.jpg","width":1920,"height":1440},{"@type":"BreadcrumbList","@id":"https:\/\/aureliusjewelry.com\/cs\/nausnice-z-drahokamu-lapis-lazuli-ve-tvaru-sestiuhelniku\/#breadcrumb","itemListElement":[{"@type":"ListItem","position":1,"name":"Home","item":"https:\/\/aureliusjewelry.com\/cs\/"},{"@type":"ListItem","position":2,"name":"Prodejna","item":"https:\/\/aureliusjewelry.com\/cs\/prodejna\/"},{"@type":"ListItem","position":3,"name":"N\u00e1u\u0161nice z drahokam\u016f Lapis Lazuli ve tvaru \u0161esti\u00faheln\u00edku"}]},{"@type":"WebSite","@id":"https:\/\/aureliusjewelry.com\/cs\/#website","url":"https:\/\/aureliusjewelry.com\/cs\/","name":"Aurelius Jewelry","description":"Handmade Fine Gold Jewelry","publisher":{"@id":"https:\/\/aureliusjewelry.com\/cs\/#organization"},"potentialAction":[{"@type":"SearchAction","target":{"@type":"EntryPoint","urlTemplate":"https:\/\/aureliusjewelry.com\/cs\/?s={search_term_string}"},"query-input":{"@type":"PropertyValueSpecification","valueRequired":true,"valueName":"search_term_string"}}],"inLanguage":"cs"},{"@type":"Organization","@id":"https:\/\/aureliusjewelry.com\/cs\/#organization","name":"Aurelius Jewelry","url":"https:\/\/aureliusjewelry.com\/cs\/","logo":{"@type":"ImageObject","inLanguage":"cs","@id":"https:\/\/aureliusjewelry.com\/cs\/#\/schema\/logo\/image\/","url":"https:\/\/aureliusjewelry.com\/wp-content\/uploads\/logo.png","contentUrl":"https:\/\/aureliusjewelry.com\/wp-content\/uploads\/logo.png","width":400,"height":64,"caption":"Aurelius Jewelry"},"image":{"@id":"https:\/\/aureliusjewelry.com\/cs\/#\/schema\/logo\/image\/"},"sameAs":["https:\/\/www.facebook.com\/AureliusJewelry\/","https:\/\/x.com\/AureliusJewelry","https:\/\/instagram.com\/aureliusjewelry","https:\/\/www.pinterest.com\/AureliusJewelry\/"],"email":"info@aureliusjewelry.com","foundingDate":"2018-10-01","vatID":"SI10391070","hasMerchantReturnPolicy":{"@type":"MerchantReturnPolicy","merchantReturnLink":"https:\/\/aureliusjewelry.com\/our-policies\/terms-conditions\/"}}]},"og_availability":"backorder","product_availability":"available for order","product_retailer_item_id":"39822","product_condition":"new"},"_links":{"self":[{"href":"https:\/\/aureliusjewelry.com\/cs\/wp-json\/wp\/v2\/product\/48128","targetHints":{"allow":["GET"]}}],"collection":[{"href":"https:\/\/aureliusjewelry.com\/cs\/wp-json\/wp\/v2\/product"}],"about":[{"href":"https:\/\/aureliusjewelry.com\/cs\/wp-json\/wp\/v2\/types\/product"}],"replies":[{"embeddable":true,"href":"https:\/\/aureliusjewelry.com\/cs\/wp-json\/wp\/v2\/comments?post=48128"}],"wp:featuredmedia":[{"embeddable":true,"href":"https:\/\/aureliusjewelry.com\/cs\/wp-json\/wp\/v2\/media\/39828"}],"wp:attachment":[{"href":"https:\/\/aureliusjewelry.com\/cs\/wp-json\/wp\/v2\/media?parent=48128"}],"wp:term":[{"taxonomy":"product_brand","embeddable":true,"href":"https:\/\/aureliusjewelry.com\/cs\/wp-json\/wp\/v2\/product_brand?post=48128"},{"taxonomy":"product_cat","embeddable":true,"href":"https:\/\/aureliusjewelry.com\/cs\/wp-json\/wp\/v2\/product_cat?post=48128"},{"taxonomy":"product_tag","embeddable":true,"href":"https:\/\/aureliusjewelry.com\/cs\/wp-json\/wp\/v2\/product_tag?post=48128"}],"curies":[{"name":"wp","href":"https:\/\/api.w.org\/{rel}","templated":true}]}}